{"id":117809,"date":"2022-01-21T11:28:04","date_gmt":"2022-01-21T10:47:35","guid":{"rendered":"https:\/\/tourtravelandmore.com\/?post_type=product&#038;p=117809"},"modified":"2025-09-18T17:12:06","modified_gmt":"2025-09-18T15:12:06","slug":"visita-privada-a-abu-dabi-con-louvre-y-qasr-al-watan-desde-dubai","status":"publish","type":"product","link":"https:\/\/tourtravelandmore.com\/es\/tours\/emiratos-arabes-unidos-es\/dubai-es\/dubai-excursiones-privadas-cruceros-es\/visita-privada-a-abu-dabi-con-louvre-y-qasr-al-watan-desde-dubai\/","title":{"rendered":"Tour Privado por Abu Dhabi desde Dub\u00e1i con visita al Louvre y al Qasr Al Watan"},"content":{"rendered":"<h2>Tour Privado por Abu Dhabi desde Dub\u00e1i con visita al Louvre y al Qasr Al Watan<\/h2>\n<p>\u00danase a nuestro <b>tour privado por la ciudad de Abu Dabi desde Dub\u00e1i con visita al Louvre y al Qasr Al Watan<\/b> y descubra el coraz\u00f3n cultural de los Emiratos \u00c1rabes Unidos. Esta experiencia exclusiva combina arte, historia y arquitectura moderna, todo en una visita de un d\u00eda completo desde Dub\u00e1i. Viaje c\u00f3modamente en un veh\u00edculo privado con un gu\u00eda profesional que adaptar\u00e1 el itinerario a sus intereses.<\/p>\n<p>El tour comienza con un recorrido panor\u00e1mico por la costa hasta llegar a Abu Dabi, la capital del pa\u00eds. La primera parada es la <b>Gran Mezquita Sheikh Zayed<\/b>, una obra maestra de la arquitectura isl\u00e1mica. En su interior, podr\u00e1 admirar sus enormes c\u00fapulas blancas, sus candelabros de cristal y sus intrincados detalles. Desde aqu\u00ed, el viaje contin\u00faa hacia la <b>Corniche<\/b>, el elegante paseo mar\u00edtimo de la ciudad con impresionantes vistas del horizonte.<\/p>\n<h2>Puntos destacados<\/h2>\n<ul>\n<li><b>Gran Mezquita Sheikh Zayed<\/b>: uno de los lugares religiosos m\u00e1s impresionantes del mundo.<\/li>\n<li><b>El Louvre Abu Dhabi<\/b>: un museo que combina el arte mundial con la cultura \u00e1rabe.<\/li>\n<li><b>Qasr Al Watan<\/b>: el Palacio Presidencial, s\u00edmbolo del patrimonio de los EAU.<\/li>\n<li><b>Corniche<\/b>: hermosas vistas al mar de la moderna Abu Dhabi.<\/li>\n<li><b>Emirates Palace (parada para hacer fotos)<\/b>: emblem\u00e1tico edificio de lujo de la capital.<\/li>\n<\/ul>\n<p>Despu\u00e9s de descubrir la mezquita y la Corniche, se dirigir\u00e1 al <b>Louvre Abu Dhabi<\/b>, que alberga una colecci\u00f3n de arte e historia de talla mundial bajo su impresionante c\u00fapula. La experiencia contin\u00faa en <b>Qasr Al Watan<\/b>, el Palacio Presidencial, donde los salones, jardines y exposiciones revelan las tradiciones y el gobierno de los EAU.<\/p>\n<p>Para obtener m\u00e1s informaci\u00f3n, puede <a href=\"https:\/\/visitabudhabi.ae\/\">visitar la p\u00e1gina web oficial de turismo de Abu Dabi<\/a>. Para explorar m\u00e1s tours privados a medida por los Emiratos, descubra <a href=\"https:\/\/tourtravelandmore.com\/\">Tour Travel &amp; More<\/a>.<\/p>\n<p>La <b>visita privada a la ciudad de Abu Dabi desde Dub\u00e1i con el Louvre y Qasr Al Watan<\/b> ofrece un d\u00eda enriquecedor e inolvidable, que combina arte, historia y modernidad en un solo viaje.<\/p>\n<p>Si nuestra visita privada a la ciudad de Abu Dabi desde Dub\u00e1i con el Louvre y Qasr Al Watan le hace querer saber m\u00e1s sobre este lugar \u00fanico, <a href=\"https:\/\/tourtravelandmore.com\/es\/ciudad\/emiratos-arabes-unidos-es\/#shop\/\"><b>\u00a1no se pierda nuestras otras visitas privadas en los Emiratos \u00c1rabes Unidos aqu\u00ed!<\/b><\/a><\/p>\n","protected":false},"excerpt":{"rendered":"<p>Visite la <strong>capital de Emiratos \u00c1rabes Unidos<\/strong> en una <strong>excursi\u00f3n privada de un d\u00eda desde Dub\u00e1i<\/strong> que le permitir\u00e1 conocer lugares como el <strong>Louvre y el Qasr Al Watan.<\/strong> Admire su modernidad y conozca la historia del lugar con su <strong>gu\u00eda oficial privado<\/strong> y un c\u00f3modo <strong>veh\u00edculo privado con ch\u00f3fer<\/strong>.<\/p>\n","protected":false},"featured_media":117791,"comment_status":"open","ping_status":"closed","template":"","meta":{"_acf_changed":false},"product_brand":[],"product_cat":[1905,1964,4038,1969,1966,1968],"product_tag":[],"class_list":{"0":"post-117809","1":"product","2":"type-product","3":"status-publish","4":"has-post-thumbnail","6":"product_cat-emiratos-arabes-unidos-es","7":"product_cat-dubai-es","8":"product_cat-private-city-tours-es","9":"product_cat-dubai-actividades-es","10":"product_cat-dubai-excursiones-privadas-cruceros-es","11":"product_cat-dubai-rutas-turisticas-privadas-es","13":"first","14":"instock","15":"shipping-taxable","16":"purchasable","17":"product-type-simple"},"acf":[],"yoast_head":"<!-- This site is optimized with the Yoast SEO Premium plugin v25.3.1 (Yoast SEO v25.3.1) - https:\/\/yoast.com\/wordpress\/plugins\/seo\/ -->\n<title>Visita privada a Abu Dabi con Louvre y Qasr Al Watan desde Dubai | TTM<\/title>\n<meta name=\"description\" content=\"Visita privada a la ciudad de Abu Dabi desde Dubai. Sus maravillosos lugares, su arquitectura moderna, su patrimonio, el Louvre, el Qasr Al Watan.\" \/>\n<meta name=\"robots\" content=\"index, follow, max-snippet:-1, max-image-preview:large, max-video-preview:-1\" \/>\n<link rel=\"canonical\" href=\"https:\/\/tourtravelandmore.com\/es\/tours\/emiratos-arabes-unidos-es\/dubai-es\/dubai-excursiones-privadas-cruceros-es\/visita-privada-a-abu-dabi-con-louvre-y-qasr-al-watan-desde-dubai\/\" \/>\n<meta property=\"og:locale\" content=\"es_ES\" \/>\n<meta property=\"og:type\" content=\"article\" \/>\n<meta property=\"og:title\" content=\"Tour Privado por Abu Dhabi desde Dub\u00e1i con visita al Louvre y al Qasr Al Watan\" \/>\n<meta property=\"og:description\" content=\"Visita privada a la ciudad de Abu Dabi desde Dubai. Sus maravillosos lugares, su arquitectura moderna, su patrimonio, el Louvre, el Qasr Al Watan.\" \/>\n<meta property=\"og:url\" content=\"https:\/\/tourtravelandmore.com\/es\/tours\/emiratos-arabes-unidos-es\/dubai-es\/dubai-excursiones-privadas-cruceros-es\/visita-privada-a-abu-dabi-con-louvre-y-qasr-al-watan-desde-dubai\/\" \/>\n<meta property=\"og:site_name\" content=\"Tour Travel And More\" \/>\n<meta property=\"article:publisher\" content=\"https:\/\/www.facebook.com\/tourtravelandmore\/\" \/>\n<meta property=\"article:modified_time\" content=\"2025-09-18T15:12:06+00:00\" \/>\n<meta property=\"og:image\" content=\"https:\/\/tourtravelandmore.com\/wp-content\/uploads\/2022\/01\/katerina-kerdi-w_DXQ-W8jJc-unsplash.jpg\" \/>\n\t<meta property=\"og:image:width\" content=\"1920\" \/>\n\t<meta property=\"og:image:height\" content=\"1440\" \/>\n\t<meta property=\"og:image:type\" content=\"image\/jpeg\" \/>\n<meta name=\"twitter:card\" content=\"summary_large_image\" \/>\n<meta name=\"twitter:site\" content=\"@TourTravel_More\" \/>\n<meta name=\"twitter:label1\" content=\"Tiempo de lectura\" \/>\n\t<meta name=\"twitter:data1\" content=\"2 minutos\" \/>\n<script type=\"application\/ld+json\" class=\"yoast-schema-graph\">{\"@context\":\"https:\/\/schema.org\",\"@graph\":[{\"@type\":\"WebPage\",\"@id\":\"https:\/\/tourtravelandmore.com\/es\/tours\/emiratos-arabes-unidos-es\/dubai-es\/dubai-excursiones-privadas-cruceros-es\/visita-privada-a-abu-dabi-con-louvre-y-qasr-al-watan-desde-dubai\/\",\"url\":\"https:\/\/tourtravelandmore.com\/es\/tours\/emiratos-arabes-unidos-es\/dubai-es\/dubai-excursiones-privadas-cruceros-es\/visita-privada-a-abu-dabi-con-louvre-y-qasr-al-watan-desde-dubai\/\",\"name\":\"Visita privada a Abu Dabi con Louvre y Qasr Al Watan desde Dubai | TTM\",\"isPartOf\":{\"@id\":\"https:\/\/tourtravelandmore.com\/es\/#website\"},\"primaryImageOfPage\":{\"@id\":\"https:\/\/tourtravelandmore.com\/es\/tours\/emiratos-arabes-unidos-es\/dubai-es\/dubai-excursiones-privadas-cruceros-es\/visita-privada-a-abu-dabi-con-louvre-y-qasr-al-watan-desde-dubai\/#primaryimage\"},\"image\":{\"@id\":\"https:\/\/tourtravelandmore.com\/es\/tours\/emiratos-arabes-unidos-es\/dubai-es\/dubai-excursiones-privadas-cruceros-es\/visita-privada-a-abu-dabi-con-louvre-y-qasr-al-watan-desde-dubai\/#primaryimage\"},\"thumbnailUrl\":\"https:\/\/tourtravelandmore.com\/wp-content\/uploads\/2022\/01\/katerina-kerdi-w_DXQ-W8jJc-unsplash.jpg\",\"datePublished\":\"2022-01-21T10:47:35+00:00\",\"dateModified\":\"2025-09-18T15:12:06+00:00\",\"description\":\"Visita privada a la ciudad de Abu Dabi desde Dubai. Sus maravillosos lugares, su arquitectura moderna, su patrimonio, el Louvre, el Qasr Al Watan.\",\"breadcrumb\":{\"@id\":\"https:\/\/tourtravelandmore.com\/es\/tours\/emiratos-arabes-unidos-es\/dubai-es\/dubai-excursiones-privadas-cruceros-es\/visita-privada-a-abu-dabi-con-louvre-y-qasr-al-watan-desde-dubai\/#breadcrumb\"},\"inLanguage\":\"es\",\"potentialAction\":[{\"@type\":\"ReadAction\",\"target\":[\"https:\/\/tourtravelandmore.com\/es\/tours\/emiratos-arabes-unidos-es\/dubai-es\/dubai-excursiones-privadas-cruceros-es\/visita-privada-a-abu-dabi-con-louvre-y-qasr-al-watan-desde-dubai\/\"]}]},{\"@type\":\"ImageObject\",\"inLanguage\":\"es\",\"@id\":\"https:\/\/tourtravelandmore.com\/es\/tours\/emiratos-arabes-unidos-es\/dubai-es\/dubai-excursiones-privadas-cruceros-es\/visita-privada-a-abu-dabi-con-louvre-y-qasr-al-watan-desde-dubai\/#primaryimage\",\"url\":\"https:\/\/tourtravelandmore.com\/wp-content\/uploads\/2022\/01\/katerina-kerdi-w_DXQ-W8jJc-unsplash.jpg\",\"contentUrl\":\"https:\/\/tourtravelandmore.com\/wp-content\/uploads\/2022\/01\/katerina-kerdi-w_DXQ-W8jJc-unsplash.jpg\",\"width\":1920,\"height\":1440},{\"@type\":\"BreadcrumbList\",\"@id\":\"https:\/\/tourtravelandmore.com\/es\/tours\/emiratos-arabes-unidos-es\/dubai-es\/dubai-excursiones-privadas-cruceros-es\/visita-privada-a-abu-dabi-con-louvre-y-qasr-al-watan-desde-dubai\/#breadcrumb\",\"itemListElement\":[{\"@type\":\"ListItem\",\"position\":1,\"name\":\"Home\",\"item\":\"https:\/\/tourtravelandmore.com\/es\/\"},{\"@type\":\"ListItem\",\"position\":2,\"name\":\"Tours\",\"item\":\"https:\/\/tourtravelandmore.com\/es\/tours\/\"},{\"@type\":\"ListItem\",\"position\":3,\"name\":\"Tour Privado por Abu Dhabi desde Dub\u00e1i con visita al Louvre y al Qasr Al Watan\"}]},{\"@type\":\"WebSite\",\"@id\":\"https:\/\/tourtravelandmore.com\/es\/#website\",\"url\":\"https:\/\/tourtravelandmore.com\/es\/\",\"name\":\"Tour Travel And More\",\"description\":\"Private sightseeing tours and luxury transfers in Spain\",\"publisher\":{\"@id\":\"https:\/\/tourtravelandmore.com\/es\/#organization\"},\"potentialAction\":[{\"@type\":\"SearchAction\",\"target\":{\"@type\":\"EntryPoint\",\"urlTemplate\":\"https:\/\/tourtravelandmore.com\/es\/?s={search_term_string}\"},\"query-input\":{\"@type\":\"PropertyValueSpecification\",\"valueRequired\":true,\"valueName\":\"search_term_string\"}}],\"inLanguage\":\"es\"},{\"@type\":\"Organization\",\"@id\":\"https:\/\/tourtravelandmore.com\/es\/#organization\",\"name\":\"Tour Travel And More\",\"url\":\"https:\/\/tourtravelandmore.com\/es\/\",\"logo\":{\"@type\":\"ImageObject\",\"inLanguage\":\"es\",\"@id\":\"https:\/\/tourtravelandmore.com\/es\/#\/schema\/logo\/image\/\",\"url\":\"https:\/\/tourtravelandmore.com\/wp-content\/uploads\/2022\/12\/cropped-logo-cabecera-new.png\",\"contentUrl\":\"https:\/\/tourtravelandmore.com\/wp-content\/uploads\/2022\/12\/cropped-logo-cabecera-new.png\",\"width\":430,\"height\":61,\"caption\":\"Tour Travel And More\"},\"image\":{\"@id\":\"https:\/\/tourtravelandmore.com\/es\/#\/schema\/logo\/image\/\"},\"sameAs\":[\"https:\/\/www.facebook.com\/tourtravelandmore\/\",\"https:\/\/x.com\/TourTravel_More\"]}]}<\/script>\n<!-- \/ Yoast SEO Premium plugin. -->","yoast_head_json":{"title":"Visita privada a Abu Dabi con Louvre y Qasr Al Watan desde Dubai | TTM","description":"Visita privada a la ciudad de Abu Dabi desde Dubai. Sus maravillosos lugares, su arquitectura moderna, su patrimonio, el Louvre, el Qasr Al Watan.","robots":{"index":"index","follow":"follow","max-snippet":"max-snippet:-1","max-image-preview":"max-image-preview:large","max-video-preview":"max-video-preview:-1"},"canonical":"https:\/\/tourtravelandmore.com\/es\/tours\/emiratos-arabes-unidos-es\/dubai-es\/dubai-excursiones-privadas-cruceros-es\/visita-privada-a-abu-dabi-con-louvre-y-qasr-al-watan-desde-dubai\/","og_locale":"es_ES","og_type":"article","og_title":"Tour Privado por Abu Dhabi desde Dub\u00e1i con visita al Louvre y al Qasr Al Watan","og_description":"Visita privada a la ciudad de Abu Dabi desde Dubai. Sus maravillosos lugares, su arquitectura moderna, su patrimonio, el Louvre, el Qasr Al Watan.","og_url":"https:\/\/tourtravelandmore.com\/es\/tours\/emiratos-arabes-unidos-es\/dubai-es\/dubai-excursiones-privadas-cruceros-es\/visita-privada-a-abu-dabi-con-louvre-y-qasr-al-watan-desde-dubai\/","og_site_name":"Tour Travel And More","article_publisher":"https:\/\/www.facebook.com\/tourtravelandmore\/","article_modified_time":"2025-09-18T15:12:06+00:00","og_image":[{"width":1920,"height":1440,"url":"https:\/\/tourtravelandmore.com\/wp-content\/uploads\/2022\/01\/katerina-kerdi-w_DXQ-W8jJc-unsplash.jpg","type":"image\/jpeg"}],"twitter_card":"summary_large_image","twitter_site":"@TourTravel_More","twitter_misc":{"Tiempo de lectura":"2 minutos"},"schema":{"@context":"https:\/\/schema.org","@graph":[{"@type":"WebPage","@id":"https:\/\/tourtravelandmore.com\/es\/tours\/emiratos-arabes-unidos-es\/dubai-es\/dubai-excursiones-privadas-cruceros-es\/visita-privada-a-abu-dabi-con-louvre-y-qasr-al-watan-desde-dubai\/","url":"https:\/\/tourtravelandmore.com\/es\/tours\/emiratos-arabes-unidos-es\/dubai-es\/dubai-excursiones-privadas-cruceros-es\/visita-privada-a-abu-dabi-con-louvre-y-qasr-al-watan-desde-dubai\/","name":"Visita privada a Abu Dabi con Louvre y Qasr Al Watan desde Dubai | TTM","isPartOf":{"@id":"https:\/\/tourtravelandmore.com\/es\/#website"},"primaryImageOfPage":{"@id":"https:\/\/tourtravelandmore.com\/es\/tours\/emiratos-arabes-unidos-es\/dubai-es\/dubai-excursiones-privadas-cruceros-es\/visita-privada-a-abu-dabi-con-louvre-y-qasr-al-watan-desde-dubai\/#primaryimage"},"image":{"@id":"https:\/\/tourtravelandmore.com\/es\/tours\/emiratos-arabes-unidos-es\/dubai-es\/dubai-excursiones-privadas-cruceros-es\/visita-privada-a-abu-dabi-con-louvre-y-qasr-al-watan-desde-dubai\/#primaryimage"},"thumbnailUrl":"https:\/\/tourtravelandmore.com\/wp-content\/uploads\/2022\/01\/katerina-kerdi-w_DXQ-W8jJc-unsplash.jpg","datePublished":"2022-01-21T10:47:35+00:00","dateModified":"2025-09-18T15:12:06+00:00","description":"Visita privada a la ciudad de Abu Dabi desde Dubai. Sus maravillosos lugares, su arquitectura moderna, su patrimonio, el Louvre, el Qasr Al Watan.","breadcrumb":{"@id":"https:\/\/tourtravelandmore.com\/es\/tours\/emiratos-arabes-unidos-es\/dubai-es\/dubai-excursiones-privadas-cruceros-es\/visita-privada-a-abu-dabi-con-louvre-y-qasr-al-watan-desde-dubai\/#breadcrumb"},"inLanguage":"es","potentialAction":[{"@type":"ReadAction","target":["https:\/\/tourtravelandmore.com\/es\/tours\/emiratos-arabes-unidos-es\/dubai-es\/dubai-excursiones-privadas-cruceros-es\/visita-privada-a-abu-dabi-con-louvre-y-qasr-al-watan-desde-dubai\/"]}]},{"@type":"ImageObject","inLanguage":"es","@id":"https:\/\/tourtravelandmore.com\/es\/tours\/emiratos-arabes-unidos-es\/dubai-es\/dubai-excursiones-privadas-cruceros-es\/visita-privada-a-abu-dabi-con-louvre-y-qasr-al-watan-desde-dubai\/#primaryimage","url":"https:\/\/tourtravelandmore.com\/wp-content\/uploads\/2022\/01\/katerina-kerdi-w_DXQ-W8jJc-unsplash.jpg","contentUrl":"https:\/\/tourtravelandmore.com\/wp-content\/uploads\/2022\/01\/katerina-kerdi-w_DXQ-W8jJc-unsplash.jpg","width":1920,"height":1440},{"@type":"BreadcrumbList","@id":"https:\/\/tourtravelandmore.com\/es\/tours\/emiratos-arabes-unidos-es\/dubai-es\/dubai-excursiones-privadas-cruceros-es\/visita-privada-a-abu-dabi-con-louvre-y-qasr-al-watan-desde-dubai\/#breadcrumb","itemListElement":[{"@type":"ListItem","position":1,"name":"Home","item":"https:\/\/tourtravelandmore.com\/es\/"},{"@type":"ListItem","position":2,"name":"Tours","item":"https:\/\/tourtravelandmore.com\/es\/tours\/"},{"@type":"ListItem","position":3,"name":"Tour Privado por Abu Dhabi desde Dub\u00e1i con visita al Louvre y al Qasr Al Watan"}]},{"@type":"WebSite","@id":"https:\/\/tourtravelandmore.com\/es\/#website","url":"https:\/\/tourtravelandmore.com\/es\/","name":"Tour Travel And More","description":"Private sightseeing tours and luxury transfers in Spain","publisher":{"@id":"https:\/\/tourtravelandmore.com\/es\/#organization"},"potentialAction":[{"@type":"SearchAction","target":{"@type":"EntryPoint","urlTemplate":"https:\/\/tourtravelandmore.com\/es\/?s={search_term_string}"},"query-input":{"@type":"PropertyValueSpecification","valueRequired":true,"valueName":"search_term_string"}}],"inLanguage":"es"},{"@type":"Organization","@id":"https:\/\/tourtravelandmore.com\/es\/#organization","name":"Tour Travel And More","url":"https:\/\/tourtravelandmore.com\/es\/","logo":{"@type":"ImageObject","inLanguage":"es","@id":"https:\/\/tourtravelandmore.com\/es\/#\/schema\/logo\/image\/","url":"https:\/\/tourtravelandmore.com\/wp-content\/uploads\/2022\/12\/cropped-logo-cabecera-new.png","contentUrl":"https:\/\/tourtravelandmore.com\/wp-content\/uploads\/2022\/12\/cropped-logo-cabecera-new.png","width":430,"height":61,"caption":"Tour Travel And More"},"image":{"@id":"https:\/\/tourtravelandmore.com\/es\/#\/schema\/logo\/image\/"},"sameAs":["https:\/\/www.facebook.com\/tourtravelandmore\/","https:\/\/x.com\/TourTravel_More"]}]}},"_links":{"self":[{"href":"https:\/\/tourtravelandmore.com\/es\/wp-json\/wp\/v2\/product\/117809","targetHints":{"allow":["GET"]}}],"collection":[{"href":"https:\/\/tourtravelandmore.com\/es\/wp-json\/wp\/v2\/product"}],"about":[{"href":"https:\/\/tourtravelandmore.com\/es\/wp-json\/wp\/v2\/types\/product"}],"replies":[{"embeddable":true,"href":"https:\/\/tourtravelandmore.com\/es\/wp-json\/wp\/v2\/comments?post=117809"}],"wp:featuredmedia":[{"embeddable":true,"href":"https:\/\/tourtravelandmore.com\/es\/wp-json\/wp\/v2\/media\/117791"}],"wp:attachment":[{"href":"https:\/\/tourtravelandmore.com\/es\/wp-json\/wp\/v2\/media?parent=117809"}],"wp:term":[{"taxonomy":"product_brand","embeddable":true,"href":"https:\/\/tourtravelandmore.com\/es\/wp-json\/wp\/v2\/product_brand?post=117809"},{"taxonomy":"product_cat","embeddable":true,"href":"https:\/\/tourtravelandmore.com\/es\/wp-json\/wp\/v2\/product_cat?post=117809"},{"taxonomy":"product_tag","embeddable":true,"href":"https:\/\/tourtravelandmore.com\/es\/wp-json\/wp\/v2\/product_tag?post=117809"}],"curies":[{"name":"wp","href":"https:\/\/api.w.org\/{rel}","templated":true}]}}