{"id":117727,"date":"2022-01-20T15:38:55","date_gmt":"2022-01-20T14:38:58","guid":{"rendered":"https:\/\/tourtravelandmore.com\/?post_type=product&#038;p=117727"},"modified":"2022-10-11T17:20:44","modified_gmt":"2022-10-11T15:20:44","slug":"tour-privado-a-pie-de-reims","status":"publish","type":"product","link":"https:\/\/tourtravelandmore.com\/es\/tours\/francia\/reims-sp\/todos-los-tours-privados-y-actividades-reims-sp-francia\/tour-privado-a-pie-de-reims\/","title":{"rendered":"Tour Privado a Pie de Reims"},"content":{"rendered":"<h2><b>Descripci\u00f3n del Tour privado a pie de Reims\u00a0<\/b><\/h2>\n<p><span style=\"font-weight: 400;\">Francia es un pa\u00eds repleto de innumerables bellezas. Una de ellas es la ciudad de Reims, la cual est\u00e1 ubicada en la regi\u00f3n de la Champa\u00f1a o Gran Este y es una de las localidades m\u00e1s pobladas del departamento de Marne.\u00a0<\/span><\/p>\n<p><span style=\"font-weight: 400;\">Esta ciudad tiene m\u00e1s de 2.000 a\u00f1os de historia, y en ella se encuentran varios monumentos que han sido declarados como patrimonio de la humanidad por parte de la Unesco.\u00a0<\/span><\/p>\n<p><span style=\"font-weight: 400;\">En nuestro <\/span><b>tour privado a pie de Reims<\/b><span style=\"font-weight: 400;\"> conocer\u00e1s muy de cerca los <\/span><b>distintos puntos de inter\u00e9s que tienen fama mundial<\/b><span style=\"font-weight: 400;\">, como la Catedral de Notre Dame, la cual es la edificaci\u00f3n que sirvi\u00f3 de escenario para las coronaciones de los reyes de Francia por casi unos 1.000 a\u00f1os.\u00a0<\/span><\/p>\n<p><span style=\"font-weight: 400;\">Tambi\u00e9n, descubrir\u00e1s el Palacio de Tau, un emblem\u00e1tico complejo real que albergaba a los reyes y nobles en la edad medieval.\u00a0<\/span><\/p>\n<p><span style=\"font-weight: 400;\">Igualmente, ser\u00e1 un paseo perfecto para que admires de cerca las laderas, las bodegas y casas de vino con m\u00e1s renombre en el mundo.\u00a0<\/span><\/p>\n<p><span style=\"font-weight: 400;\">Todo <\/span><b>el recorrido ser\u00e1 de forma exclusiva y personalizada con la compa\u00f1\u00eda de un gu\u00eda privado<\/b><span style=\"font-weight: 400;\">, que ser\u00e1 el encargado de darte a conocer los datos y la informaci\u00f3n m\u00e1s importante de cada uno de los sitios m\u00e1s atractivos.\u00a0<\/span><\/p>\n<p><span style=\"font-weight: 400;\">El punto de encuentro con el gu\u00eda ser\u00e1 en un lugar c\u00e9ntrico de la ciudad para que no pierdas ni un minuto de tiempo en tu paseo.\u00a0<\/span><\/p>\n<p><span style=\"font-weight: 400;\">Asimismo, el gu\u00eda te llevar\u00e1 hasta las joyas ocultas de Reims. De esta manera aprovechar\u00e1s al m\u00e1ximo la visita guiada.\u00a0<\/span><\/p>\n<h2><b>Puntos de inter\u00e9s del <\/b><b>Tour privado a pie de Reims\u00a0<\/b><\/h2>\n<p><span style=\"font-weight: 400;\">En la regi\u00f3n de Champa\u00f1a existen m\u00e1s de <\/span><b>4.000 viticultores<\/b><span style=\"font-weight: 400;\"> que se encargan de elaborar el champ\u00e1n, el cual es el vino espumoso m\u00e1s famoso del mundo. Adem\u00e1s, se pueden contar m\u00e1s de 352 millones de botellas de esta bebida almacenadas en las bodegas y casas de vino.\u00a0<\/span><\/p>\n<p><span style=\"font-weight: 400;\">Por otra parte, la <\/span><b>arquitectura medieval con un toque g\u00f3tico<\/b><span style=\"font-weight: 400;\"> de la ciudad es simplemente impresionante.\u00a0<\/span><\/p>\n<p><span style=\"font-weight: 400;\">Conoce esta espl\u00e9ndida ciudad a tu ritmo, en este tour privado a pie por Reims (2 horas) para que conozcas puntos de inter\u00e9s como:\u00a0<\/span><\/p>\n<h3><span style=\"color: #d3af37;\"><b>La Catedral de Reims<\/b><\/span><\/h3>\n<p><span style=\"font-weight: 400;\">Esta magn\u00edfica <\/span><b>catedral de estilo g\u00f3tico<\/b><span style=\"font-weight: 400;\"> fue una de las primeras que se construyeron en Francia durante el medioevo. Adem\u00e1s, ha sido la sede de las coronaciones de los reyes franceses por casi un milenio.\u00a0<\/span><\/p>\n<p><span style=\"font-weight: 400;\">Tambi\u00e9n, en ese recinto ocurri\u00f3 la coronaci\u00f3n de Carlos VII, en cuyo acto estaba la hero\u00edna Juana de Arco.\u00a0<\/span><\/p>\n<p><span style=\"font-weight: 400;\">En la catedral podr\u00e1s admirar sus vidrieras y algunas estatuas ubicadas en el exterior. Adem\u00e1s, ver\u00e1s la famosa escultura \u201cel \u00c1ngel de la sonrisa\u201d creada por Marc Chagall. Pero lo m\u00e1s imponente es su fachada g\u00f3tica, la cual es digna de muchas fotograf\u00edas para postales.\u00a0<\/span><\/p>\n<h3><span style=\"color: #d3af37;\"><b>El Palacio de Tau\u00a0<\/b><\/span><\/h3>\n<p><span style=\"font-weight: 400;\">La Catedral de Notre Dame de Reims y el Palacio de Tau se encuentran ligados por la historia, puesto que en ese palacio los reyes que iban a ser coronados se alojaban para prepararse antes del acto solemne.\u00a0<\/span><\/p>\n<p><span style=\"font-weight: 400;\">En la actualidad es un museo que alberga distintas colecciones de la realeza. Por eso, es un lugar fascinante que debes conocer.\u00a0<\/span><\/p>\n<h3><span style=\"color: #d3af37;\"><b>Le Place du Forum<\/b><\/span><\/h3>\n<p><span style=\"font-weight: 400;\">En la plaza del f\u00f3rum te vas a encontrar con algunos restos de la arquitectura romana, que recuerda la influencia que tuvo esa civilizaci\u00f3n en Francia.\u00a0<\/span><\/p>\n<p><span style=\"font-weight: 400;\">En esa zona tambi\u00e9n ver\u00e1s muchas galer\u00edas, edificios de Art d\u00e9co y otras construcciones que destacan por su singular belleza.\u00a0<\/span><\/p>\n<h3><span style=\"color: #d3af37;\"><b>Villa Demoiselle<\/b><\/span><\/h3>\n<p><span style=\"font-weight: 400;\">Este imponente edificio hecho en la Belle \u00c9poque se mezcla muy bien con el estilo g\u00f3tico de Reims.\u00a0<\/span><\/p>\n<p><span style=\"font-weight: 400;\">Pertenece a los propietarios de los champanes de Pommery, y es un lugar que impresiona por cada uno de los detalles en su estructura.\u00a0<\/span><\/p>\n<h3><span style=\"color: #d3af37;\"><b>Famosas casas de champ\u00e1n<\/b><\/span><\/h3>\n<p><span style=\"font-weight: 400;\">Si eres de los amantes del champ\u00e1n, esta excursi\u00f3n te permitir\u00e1 conocer las famosas casas de champ\u00e1n de Reims.\u00a0\u00a0<\/span><\/p>\n<p><span style=\"font-weight: 400;\">Lo m\u00e1s llamativo de este paseo es que sus galer\u00edas est\u00e1n bajo la ciudad y se extienden por m\u00e1s de 250 kil\u00f3metros. Estas bodegas albergan la campa\u00f1a m\u00e1s burbujeante del mundo.\u00a0<\/span><\/p>\n<p><span style=\"font-weight: 400;\">En las casas de champ\u00e1n explorar\u00e1s las herramientas y t\u00e9cnicas que se utilizan para la producci\u00f3n de esta bebida, as\u00ed como las marcas m\u00e1s famosas de champa\u00f1a a nivel internacional. Obviamente, no pod\u00eda faltar el espacio para la degustaci\u00f3n.\u00a0<\/span><\/p>\n<p><span style=\"font-weight: 400;\">Pero eso no es todo, ya que en este tour a pie podr\u00e1s disfrutar de otros puntos de inter\u00e9s como:\u00a0<\/span><\/p>\n<ul>\n<li><b>Las ruinas de Porte de Mars.<\/b><\/li>\n<li><b>La Bas\u00edlica de Saint Remi.\u00a0<\/b><\/li>\n<li><b>Biblioteca Carnegie.<\/b><\/li>\n<li><b>Fort de la Pompelle, entre otros.<\/b><\/li>\n<\/ul>\n<p><span style=\"font-weight: 400;\">Durante las 2 horas de recorrido te maravillar\u00e1s con todo lo que hay que ver en Reims. Y si eres amante del vino burbujeante, puedes tomar\u00a0 un <\/span><b><a href=\"https:\/\/tourtravelandmore.com\/es\/tours\/francia\/reims-sp\/todos-los-tours-privados-y-actividades-reims-sp-francia\/tour-privado-a-las-mejores-bodegas-de-champan-desde-reims\/\">tour privado a las mejores Bodegas de champ\u00e1n desde Reims<\/a> <\/b><span style=\"font-weight: 400;\">para que pases un d\u00eda diferente y muy relajado.\u00a0<\/span><\/p>\n","protected":false},"excerpt":{"rendered":"<p><span style=\"font-weight: 400;\">Si est\u00e1s de paseo por Francia, debes ir a conocer la majestuosa ciudad de Reims, mejor conocida como \u201cla ciudad de las consagraciones\u201d. Descubre de forma exclusiva los tesoros excepcionales que esconde la regi\u00f3n de Champa\u00f1a, como la Catedral de Notre Dame, el Palacio de Tau, as\u00ed como tambi\u00e9n muchos otros edificios y monumentos que han sido declarados como Patrimonios culturales e hist\u00f3ricos de la humanidad. Lo mejor de todo es que ser\u00e1 en compa\u00f1\u00eda de un gu\u00eda privado experto en la historia local.<\/span><\/p>\n","protected":false},"featured_media":118506,"comment_status":"open","ping_status":"closed","template":"","meta":{"_acf_changed":false},"product_brand":[],"product_cat":[1592,3617,4047,4046,4070],"product_tag":[],"class_list":{"0":"post-117727","1":"product","2":"type-product","3":"status-publish","4":"has-post-thumbnail","6":"product_cat-francia","7":"product_cat-reims-sp","8":"product_cat-excursiones-privadas-reims-sp-francia","9":"product_cat-todos-los-tours-privados-y-actividades-reims-sp-francia","10":"product_cat-tours-privados-a-pie-reims-sp-francia","12":"first","13":"instock","14":"shipping-taxable","15":"purchasable","16":"product-type-simple"},"acf":[],"yoast_head":"<!-- This site is optimized with the Yoast SEO Premium plugin v25.3.1 (Yoast SEO v25.3.1) - https:\/\/yoast.com\/wordpress\/plugins\/seo\/ -->\n<title>\u27a1\ufe0f Tour privado a pie de Reims con gu\u00eda privado experto en la historia de la regi\u00f3n | Tour Travel &amp; More<\/title>\n<meta name=\"description\" content=\"Explora en un tour privado a pie la ciudad de Reims para descubrir sus pintorescos paisajes \u2705\" \/>\n<meta name=\"robots\" content=\"index, follow, max-snippet:-1, max-image-preview:large, max-video-preview:-1\" \/>\n<link rel=\"canonical\" href=\"https:\/\/tourtravelandmore.com\/es\/tours\/francia\/reims-sp\/todos-los-tours-privados-y-actividades-reims-sp-francia\/tour-privado-a-pie-de-reims\/\" \/>\n<meta property=\"og:locale\" content=\"es_ES\" \/>\n<meta property=\"og:type\" content=\"article\" \/>\n<meta property=\"og:title\" content=\"Tour Privado a Pie de Reims\" \/>\n<meta property=\"og:description\" content=\"Explora en un tour privado a pie la ciudad de Reims para descubrir sus pintorescos paisajes \u2705\" \/>\n<meta property=\"og:url\" content=\"https:\/\/tourtravelandmore.com\/es\/tours\/francia\/reims-sp\/todos-los-tours-privados-y-actividades-reims-sp-francia\/tour-privado-a-pie-de-reims\/\" \/>\n<meta property=\"og:site_name\" content=\"Tour Travel And More\" \/>\n<meta property=\"article:publisher\" content=\"https:\/\/www.facebook.com\/tourtravelandmore\/\" \/>\n<meta property=\"article:modified_time\" content=\"2022-10-11T15:20:44+00:00\" \/>\n<meta property=\"og:image\" content=\"https:\/\/tourtravelandmore.com\/wp-content\/uploads\/2022\/01\/reno-laithienne-_xAUCK4KtHo-unsplash.jpg\" \/>\n\t<meta property=\"og:image:width\" content=\"2400\" \/>\n\t<meta property=\"og:image:height\" content=\"1600\" \/>\n\t<meta property=\"og:image:type\" content=\"image\/jpeg\" \/>\n<meta name=\"twitter:card\" content=\"summary_large_image\" \/>\n<meta name=\"twitter:site\" content=\"@TourTravel_More\" \/>\n<meta name=\"twitter:label1\" content=\"Tiempo de lectura\" \/>\n\t<meta name=\"twitter:data1\" content=\"2 minutos\" \/>\n<script type=\"application\/ld+json\" class=\"yoast-schema-graph\">{\"@context\":\"https:\/\/schema.org\",\"@graph\":[{\"@type\":\"WebPage\",\"@id\":\"https:\/\/tourtravelandmore.com\/es\/tours\/francia\/reims-sp\/todos-los-tours-privados-y-actividades-reims-sp-francia\/tour-privado-a-pie-de-reims\/\",\"url\":\"https:\/\/tourtravelandmore.com\/es\/tours\/francia\/reims-sp\/todos-los-tours-privados-y-actividades-reims-sp-francia\/tour-privado-a-pie-de-reims\/\",\"name\":\"\u27a1\ufe0f Tour privado a pie de Reims con gu\u00eda privado experto en la historia de la regi\u00f3n | Tour Travel & More\",\"isPartOf\":{\"@id\":\"https:\/\/tourtravelandmore.com\/es\/#website\"},\"primaryImageOfPage\":{\"@id\":\"https:\/\/tourtravelandmore.com\/es\/tours\/francia\/reims-sp\/todos-los-tours-privados-y-actividades-reims-sp-francia\/tour-privado-a-pie-de-reims\/#primaryimage\"},\"image\":{\"@id\":\"https:\/\/tourtravelandmore.com\/es\/tours\/francia\/reims-sp\/todos-los-tours-privados-y-actividades-reims-sp-francia\/tour-privado-a-pie-de-reims\/#primaryimage\"},\"thumbnailUrl\":\"https:\/\/tourtravelandmore.com\/wp-content\/uploads\/2022\/01\/reno-laithienne-_xAUCK4KtHo-unsplash.jpg\",\"datePublished\":\"2022-01-20T14:38:58+00:00\",\"dateModified\":\"2022-10-11T15:20:44+00:00\",\"description\":\"Explora en un tour privado a pie la ciudad de Reims para descubrir sus pintorescos paisajes \u2705\",\"breadcrumb\":{\"@id\":\"https:\/\/tourtravelandmore.com\/es\/tours\/francia\/reims-sp\/todos-los-tours-privados-y-actividades-reims-sp-francia\/tour-privado-a-pie-de-reims\/#breadcrumb\"},\"inLanguage\":\"es\",\"potentialAction\":[{\"@type\":\"ReadAction\",\"target\":[\"https:\/\/tourtravelandmore.com\/es\/tours\/francia\/reims-sp\/todos-los-tours-privados-y-actividades-reims-sp-francia\/tour-privado-a-pie-de-reims\/\"]}]},{\"@type\":\"ImageObject\",\"inLanguage\":\"es\",\"@id\":\"https:\/\/tourtravelandmore.com\/es\/tours\/francia\/reims-sp\/todos-los-tours-privados-y-actividades-reims-sp-francia\/tour-privado-a-pie-de-reims\/#primaryimage\",\"url\":\"https:\/\/tourtravelandmore.com\/wp-content\/uploads\/2022\/01\/reno-laithienne-_xAUCK4KtHo-unsplash.jpg\",\"contentUrl\":\"https:\/\/tourtravelandmore.com\/wp-content\/uploads\/2022\/01\/reno-laithienne-_xAUCK4KtHo-unsplash.jpg\",\"width\":2400,\"height\":1600},{\"@type\":\"BreadcrumbList\",\"@id\":\"https:\/\/tourtravelandmore.com\/es\/tours\/francia\/reims-sp\/todos-los-tours-privados-y-actividades-reims-sp-francia\/tour-privado-a-pie-de-reims\/#breadcrumb\",\"itemListElement\":[{\"@type\":\"ListItem\",\"position\":1,\"name\":\"Home\",\"item\":\"https:\/\/tourtravelandmore.com\/es\/\"},{\"@type\":\"ListItem\",\"position\":2,\"name\":\"Tours\",\"item\":\"https:\/\/tourtravelandmore.com\/es\/tours\/\"},{\"@type\":\"ListItem\",\"position\":3,\"name\":\"Tour Privado a Pie de Reims\"}]},{\"@type\":\"WebSite\",\"@id\":\"https:\/\/tourtravelandmore.com\/es\/#website\",\"url\":\"https:\/\/tourtravelandmore.com\/es\/\",\"name\":\"Tour Travel And More\",\"description\":\"Private sightseeing tours and luxury transfers in Spain\",\"publisher\":{\"@id\":\"https:\/\/tourtravelandmore.com\/es\/#organization\"},\"potentialAction\":[{\"@type\":\"SearchAction\",\"target\":{\"@type\":\"EntryPoint\",\"urlTemplate\":\"https:\/\/tourtravelandmore.com\/es\/?s={search_term_string}\"},\"query-input\":{\"@type\":\"PropertyValueSpecification\",\"valueRequired\":true,\"valueName\":\"search_term_string\"}}],\"inLanguage\":\"es\"},{\"@type\":\"Organization\",\"@id\":\"https:\/\/tourtravelandmore.com\/es\/#organization\",\"name\":\"Tour Travel And More\",\"url\":\"https:\/\/tourtravelandmore.com\/es\/\",\"logo\":{\"@type\":\"ImageObject\",\"inLanguage\":\"es\",\"@id\":\"https:\/\/tourtravelandmore.com\/es\/#\/schema\/logo\/image\/\",\"url\":\"https:\/\/tourtravelandmore.com\/wp-content\/uploads\/2022\/12\/cropped-logo-cabecera-new.png\",\"contentUrl\":\"https:\/\/tourtravelandmore.com\/wp-content\/uploads\/2022\/12\/cropped-logo-cabecera-new.png\",\"width\":430,\"height\":61,\"caption\":\"Tour Travel And More\"},\"image\":{\"@id\":\"https:\/\/tourtravelandmore.com\/es\/#\/schema\/logo\/image\/\"},\"sameAs\":[\"https:\/\/www.facebook.com\/tourtravelandmore\/\",\"https:\/\/x.com\/TourTravel_More\"]}]}<\/script>\n<!-- \/ Yoast SEO Premium plugin. -->","yoast_head_json":{"title":"\u27a1\ufe0f Tour privado a pie de Reims con gu\u00eda privado experto en la historia de la regi\u00f3n | Tour Travel & More","description":"Explora en un tour privado a pie la ciudad de Reims para descubrir sus pintorescos paisajes \u2705","robots":{"index":"index","follow":"follow","max-snippet":"max-snippet:-1","max-image-preview":"max-image-preview:large","max-video-preview":"max-video-preview:-1"},"canonical":"https:\/\/tourtravelandmore.com\/es\/tours\/francia\/reims-sp\/todos-los-tours-privados-y-actividades-reims-sp-francia\/tour-privado-a-pie-de-reims\/","og_locale":"es_ES","og_type":"article","og_title":"Tour Privado a Pie de Reims","og_description":"Explora en un tour privado a pie la ciudad de Reims para descubrir sus pintorescos paisajes \u2705","og_url":"https:\/\/tourtravelandmore.com\/es\/tours\/francia\/reims-sp\/todos-los-tours-privados-y-actividades-reims-sp-francia\/tour-privado-a-pie-de-reims\/","og_site_name":"Tour Travel And More","article_publisher":"https:\/\/www.facebook.com\/tourtravelandmore\/","article_modified_time":"2022-10-11T15:20:44+00:00","og_image":[{"width":2400,"height":1600,"url":"https:\/\/tourtravelandmore.com\/wp-content\/uploads\/2022\/01\/reno-laithienne-_xAUCK4KtHo-unsplash.jpg","type":"image\/jpeg"}],"twitter_card":"summary_large_image","twitter_site":"@TourTravel_More","twitter_misc":{"Tiempo de lectura":"2 minutos"},"schema":{"@context":"https:\/\/schema.org","@graph":[{"@type":"WebPage","@id":"https:\/\/tourtravelandmore.com\/es\/tours\/francia\/reims-sp\/todos-los-tours-privados-y-actividades-reims-sp-francia\/tour-privado-a-pie-de-reims\/","url":"https:\/\/tourtravelandmore.com\/es\/tours\/francia\/reims-sp\/todos-los-tours-privados-y-actividades-reims-sp-francia\/tour-privado-a-pie-de-reims\/","name":"\u27a1\ufe0f Tour privado a pie de Reims con gu\u00eda privado experto en la historia de la regi\u00f3n | Tour Travel & More","isPartOf":{"@id":"https:\/\/tourtravelandmore.com\/es\/#website"},"primaryImageOfPage":{"@id":"https:\/\/tourtravelandmore.com\/es\/tours\/francia\/reims-sp\/todos-los-tours-privados-y-actividades-reims-sp-francia\/tour-privado-a-pie-de-reims\/#primaryimage"},"image":{"@id":"https:\/\/tourtravelandmore.com\/es\/tours\/francia\/reims-sp\/todos-los-tours-privados-y-actividades-reims-sp-francia\/tour-privado-a-pie-de-reims\/#primaryimage"},"thumbnailUrl":"https:\/\/tourtravelandmore.com\/wp-content\/uploads\/2022\/01\/reno-laithienne-_xAUCK4KtHo-unsplash.jpg","datePublished":"2022-01-20T14:38:58+00:00","dateModified":"2022-10-11T15:20:44+00:00","description":"Explora en un tour privado a pie la ciudad de Reims para descubrir sus pintorescos paisajes \u2705","breadcrumb":{"@id":"https:\/\/tourtravelandmore.com\/es\/tours\/francia\/reims-sp\/todos-los-tours-privados-y-actividades-reims-sp-francia\/tour-privado-a-pie-de-reims\/#breadcrumb"},"inLanguage":"es","potentialAction":[{"@type":"ReadAction","target":["https:\/\/tourtravelandmore.com\/es\/tours\/francia\/reims-sp\/todos-los-tours-privados-y-actividades-reims-sp-francia\/tour-privado-a-pie-de-reims\/"]}]},{"@type":"ImageObject","inLanguage":"es","@id":"https:\/\/tourtravelandmore.com\/es\/tours\/francia\/reims-sp\/todos-los-tours-privados-y-actividades-reims-sp-francia\/tour-privado-a-pie-de-reims\/#primaryimage","url":"https:\/\/tourtravelandmore.com\/wp-content\/uploads\/2022\/01\/reno-laithienne-_xAUCK4KtHo-unsplash.jpg","contentUrl":"https:\/\/tourtravelandmore.com\/wp-content\/uploads\/2022\/01\/reno-laithienne-_xAUCK4KtHo-unsplash.jpg","width":2400,"height":1600},{"@type":"BreadcrumbList","@id":"https:\/\/tourtravelandmore.com\/es\/tours\/francia\/reims-sp\/todos-los-tours-privados-y-actividades-reims-sp-francia\/tour-privado-a-pie-de-reims\/#breadcrumb","itemListElement":[{"@type":"ListItem","position":1,"name":"Home","item":"https:\/\/tourtravelandmore.com\/es\/"},{"@type":"ListItem","position":2,"name":"Tours","item":"https:\/\/tourtravelandmore.com\/es\/tours\/"},{"@type":"ListItem","position":3,"name":"Tour Privado a Pie de Reims"}]},{"@type":"WebSite","@id":"https:\/\/tourtravelandmore.com\/es\/#website","url":"https:\/\/tourtravelandmore.com\/es\/","name":"Tour Travel And More","description":"Private sightseeing tours and luxury transfers in Spain","publisher":{"@id":"https:\/\/tourtravelandmore.com\/es\/#organization"},"potentialAction":[{"@type":"SearchAction","target":{"@type":"EntryPoint","urlTemplate":"https:\/\/tourtravelandmore.com\/es\/?s={search_term_string}"},"query-input":{"@type":"PropertyValueSpecification","valueRequired":true,"valueName":"search_term_string"}}],"inLanguage":"es"},{"@type":"Organization","@id":"https:\/\/tourtravelandmore.com\/es\/#organization","name":"Tour Travel And More","url":"https:\/\/tourtravelandmore.com\/es\/","logo":{"@type":"ImageObject","inLanguage":"es","@id":"https:\/\/tourtravelandmore.com\/es\/#\/schema\/logo\/image\/","url":"https:\/\/tourtravelandmore.com\/wp-content\/uploads\/2022\/12\/cropped-logo-cabecera-new.png","contentUrl":"https:\/\/tourtravelandmore.com\/wp-content\/uploads\/2022\/12\/cropped-logo-cabecera-new.png","width":430,"height":61,"caption":"Tour Travel And More"},"image":{"@id":"https:\/\/tourtravelandmore.com\/es\/#\/schema\/logo\/image\/"},"sameAs":["https:\/\/www.facebook.com\/tourtravelandmore\/","https:\/\/x.com\/TourTravel_More"]}]}},"_links":{"self":[{"href":"https:\/\/tourtravelandmore.com\/es\/wp-json\/wp\/v2\/product\/117727","targetHints":{"allow":["GET"]}}],"collection":[{"href":"https:\/\/tourtravelandmore.com\/es\/wp-json\/wp\/v2\/product"}],"about":[{"href":"https:\/\/tourtravelandmore.com\/es\/wp-json\/wp\/v2\/types\/product"}],"replies":[{"embeddable":true,"href":"https:\/\/tourtravelandmore.com\/es\/wp-json\/wp\/v2\/comments?post=117727"}],"wp:featuredmedia":[{"embeddable":true,"href":"https:\/\/tourtravelandmore.com\/es\/wp-json\/wp\/v2\/media\/118506"}],"wp:attachment":[{"href":"https:\/\/tourtravelandmore.com\/es\/wp-json\/wp\/v2\/media?parent=117727"}],"wp:term":[{"taxonomy":"product_brand","embeddable":true,"href":"https:\/\/tourtravelandmore.com\/es\/wp-json\/wp\/v2\/product_brand?post=117727"},{"taxonomy":"product_cat","embeddable":true,"href":"https:\/\/tourtravelandmore.com\/es\/wp-json\/wp\/v2\/product_cat?post=117727"},{"taxonomy":"product_tag","embeddable":true,"href":"https:\/\/tourtravelandmore.com\/es\/wp-json\/wp\/v2\/product_tag?post=117727"}],"curies":[{"name":"wp","href":"https:\/\/api.w.org\/{rel}","templated":true}]}}