{"id":11749,"date":"2017-04-05T12:17:01","date_gmt":"2017-04-05T11:18:15","guid":{"rendered":"http:\/\/tourtravelandmore.com\/es\/?post_type=product&#038;p=11749"},"modified":"2025-07-14T14:58:35","modified_gmt":"2025-07-14T12:58:35","slug":"tour-privado-a-pie-por-munich","status":"publish","type":"product","link":"https:\/\/tourtravelandmore.com\/es\/tours\/alemania-es\/munich-es\/tour-privado-a-pie-por-munich\/","title":{"rendered":"Tour privado a pie por M\u00fanich"},"content":{"rendered":"<h2><strong>Descripci\u00f3n del Tour privado a pie por M\u00fanich<\/strong><\/h2>\n<p>Disfrute de la gran arquitectura y los maravillosos lugares de inter\u00e9s hist\u00f3rico de <strong>M\u00fanich<\/strong> durante este tour privado a pie por M\u00fanich. Tendr\u00e1 un <strong>gu\u00eda tur\u00edstico oficial privado<\/strong> disponible solo para usted y su grupo durante todo el recorrido.<\/p>\n<p><strong>M\u00fanich<\/strong> es uno de los estados federales m\u00e1s grandes de Alemania. La ciudad est\u00e1 ubicada en el sur de Alemania. Es la tercera ciudad m\u00e1s grande en habitantes de Alemania despu\u00e9s de Berl\u00edn y Hamburgo. Puede encontrar el r\u00edo Isar en el norte de los Alpes b\u00e1varos. Los juegos ol\u00edmpicos que se celebraron en M\u00fanich fue en 1972.<\/p>\n<p>El recorrido comenzar\u00e1 en un lugar c\u00e9ntrico en M\u00fanich. Disfrutar\u00e1s de una visita guiada de 2 horas por esta incre\u00edble ciudad alemana. La duraci\u00f3n exacta del recorrido es completamente flexible. A continuaci\u00f3n se muestra nuestro recorrido privado a pie por M\u00fanich durante 2 horas, pero podemos organizar la duraci\u00f3n del recorrido exactamente como lo desee.<\/p>\n<p>Si est\u00e1 buscando una experiencia m\u00e1s completa, eche un vistazo a nuestro tour privado de M\u00fanich con conductor privado.<\/p>\n<h2><strong>Puntos de inter\u00e9s en el Tour privado a pie por M\u00fanich<\/strong><\/h2>\n<p>En primer lugar, su gu\u00eda tur\u00edstico oficial privado lo recoger\u00e1 en su hotel ubicado en el centro a la hora deseada por usted. Disfrutar\u00e1 de este tour privado a pie por M\u00fanich junto a un profesional con gran conocimiento.<\/p>\n<p>Podemos agregar o eliminar cualquier monumento o sitio que quiz\u00e1s no desee ver o que ya haya visto. Entre otros lugares podr\u00e1s conocer:<\/p>\n<ul>\n<li><strong>Marienplatz<\/strong><\/li>\n<li><strong>Ayuntamiento Antiguo<\/strong><\/li>\n<li><strong>Munich Frauenkirche<\/strong><\/li>\n<li><a href=\"https:\/\/alterpeter.de\">Iglesia San Pedro<\/a><\/li>\n<li><strong>Mercado de Viktualienmarkt<\/strong><\/li>\n<li><strong>Hofbr\u00e4uhaus<\/strong><\/li>\n<li><strong>Residencia M\u00fanich<\/strong><\/li>\n<li><strong>Odeonsplatz<\/strong><\/li>\n<li><strong>Alter Hof<\/strong><\/li>\n<li>\u00a1Mucho m\u00e1s!<\/li>\n<\/ul>\n<p>En caso de que lo prefieras, tambi\u00e9n podemos incluir entradas a cualquier monumento o museo que desees visitar. Tambi\u00e9n te ofrecemos la posibilidad de incluir m\u00e1s horas a su recorrido a pie privado.<\/p>\n<p>Este es un tour privado y personalizado solo para usted y su grupo. Si desea incluir alguna parada durante el recorrido, \u00fanicamente tiene que informarnos y lo arreglaremos todo por usted.<\/p>\n<p>Finalmente, su gu\u00eda tur\u00edstico oficial privado lo dejar\u00e1 en un lugar c\u00e9ntrico en M\u00fanich.<\/p>\n","protected":false},"excerpt":{"rendered":"<p>Disfrute de este <strong>tour a pie privado completamente personalizado por M\u00fanich<\/strong> y conozca sus monumentos y lugares de inter\u00e9s m\u00e1s importantes, as\u00ed como de sus sitios hist\u00f3ricos. No pierda la oportunidad de conocer M\u00fanich y todo lo que tiene para ofrecer junto a su gu\u00eda tur\u00edstico oficial privado durante este recorrido a pie privado. Visite lugares como <strong>Marienplatz<\/strong>, el <strong>antiguo ayuntamiento<\/strong> y mucho m\u00e1s.<\/p>\n","protected":false},"featured_media":11655,"comment_status":"open","ping_status":"closed","template":"","meta":{"_acf_changed":false},"product_brand":[],"product_cat":[456,457,460],"product_tag":[],"class_list":{"0":"post-11749","1":"product","2":"type-product","3":"status-publish","4":"has-post-thumbnail","6":"product_cat-munich-es","7":"product_cat-munich-actividades-es","8":"product_cat-munich-tours-privados-pie-es","10":"first","11":"instock","12":"shipping-taxable","13":"purchasable","14":"product-type-simple"},"acf":[],"yoast_head":"<!-- This site is optimized with the Yoast SEO Premium plugin v25.3.1 (Yoast SEO v25.3.1) - https:\/\/yoast.com\/wordpress\/plugins\/seo\/ -->\n<title>Tour Privado a pie por M\u00fanich con gu\u00eda oficial local privado | TTM<\/title>\n<meta name=\"description\" content=\"Disfrute este Tour Privado a pie por M\u00fanich. Conozca los lugares m\u00e1s emblem\u00e1ticos de M\u00fanich: Marienplatz, Old City Hall, Munich Frauenkirche, Hofbr\u00e4uhaus \u2705\" \/>\n<meta name=\"robots\" content=\"index, follow, max-snippet:-1, max-image-preview:large, max-video-preview:-1\" \/>\n<link rel=\"canonical\" href=\"https:\/\/tourtravelandmore.com\/es\/tours\/alemania-es\/munich-es\/tour-privado-a-pie-por-munich\/\" \/>\n<meta property=\"og:locale\" content=\"es_ES\" \/>\n<meta property=\"og:type\" content=\"article\" \/>\n<meta property=\"og:title\" content=\"Tour privado a pie por M\u00fanich\" \/>\n<meta property=\"og:description\" content=\"Disfrute este Tour Privado a pie por M\u00fanich. Conozca los lugares m\u00e1s emblem\u00e1ticos de M\u00fanich: Marienplatz, Old City Hall, Munich Frauenkirche, Hofbr\u00e4uhaus \u2705\" \/>\n<meta property=\"og:url\" content=\"https:\/\/tourtravelandmore.com\/es\/tours\/alemania-es\/munich-es\/tour-privado-a-pie-por-munich\/\" \/>\n<meta property=\"og:site_name\" content=\"Tour Travel And More\" \/>\n<meta property=\"article:publisher\" content=\"https:\/\/www.facebook.com\/tourtravelandmore\/\" \/>\n<meta property=\"article:modified_time\" content=\"2025-07-14T12:58:35+00:00\" \/>\n<meta property=\"og:image\" content=\"https:\/\/tourtravelandmore.com\/wp-content\/uploads\/2017\/04\/Munich-2.jpg\" \/>\n\t<meta property=\"og:image:width\" content=\"1200\" \/>\n\t<meta property=\"og:image:height\" content=\"800\" \/>\n\t<meta property=\"og:image:type\" content=\"image\/jpeg\" \/>\n<meta name=\"twitter:card\" content=\"summary_large_image\" \/>\n<meta name=\"twitter:site\" content=\"@TourTravel_More\" \/>\n<meta name=\"twitter:label1\" content=\"Tiempo de lectura\" \/>\n\t<meta name=\"twitter:data1\" content=\"2 minutos\" \/>\n<script type=\"application\/ld+json\" class=\"yoast-schema-graph\">{\"@context\":\"https:\/\/schema.org\",\"@graph\":[{\"@type\":\"WebPage\",\"@id\":\"https:\/\/tourtravelandmore.com\/es\/tours\/alemania-es\/munich-es\/tour-privado-a-pie-por-munich\/\",\"url\":\"https:\/\/tourtravelandmore.com\/es\/tours\/alemania-es\/munich-es\/tour-privado-a-pie-por-munich\/\",\"name\":\"Tour Privado a pie por M\u00fanich con gu\u00eda oficial local privado | TTM\",\"isPartOf\":{\"@id\":\"https:\/\/tourtravelandmore.com\/es\/#website\"},\"primaryImageOfPage\":{\"@id\":\"https:\/\/tourtravelandmore.com\/es\/tours\/alemania-es\/munich-es\/tour-privado-a-pie-por-munich\/#primaryimage\"},\"image\":{\"@id\":\"https:\/\/tourtravelandmore.com\/es\/tours\/alemania-es\/munich-es\/tour-privado-a-pie-por-munich\/#primaryimage\"},\"thumbnailUrl\":\"https:\/\/tourtravelandmore.com\/wp-content\/uploads\/2017\/04\/Munich-2.jpg\",\"datePublished\":\"2017-04-05T11:18:15+00:00\",\"dateModified\":\"2025-07-14T12:58:35+00:00\",\"description\":\"Disfrute este Tour Privado a pie por M\u00fanich. Conozca los lugares m\u00e1s emblem\u00e1ticos de M\u00fanich: Marienplatz, Old City Hall, Munich Frauenkirche, Hofbr\u00e4uhaus \u2705\",\"breadcrumb\":{\"@id\":\"https:\/\/tourtravelandmore.com\/es\/tours\/alemania-es\/munich-es\/tour-privado-a-pie-por-munich\/#breadcrumb\"},\"inLanguage\":\"es\",\"potentialAction\":[{\"@type\":\"ReadAction\",\"target\":[\"https:\/\/tourtravelandmore.com\/es\/tours\/alemania-es\/munich-es\/tour-privado-a-pie-por-munich\/\"]}]},{\"@type\":\"ImageObject\",\"inLanguage\":\"es\",\"@id\":\"https:\/\/tourtravelandmore.com\/es\/tours\/alemania-es\/munich-es\/tour-privado-a-pie-por-munich\/#primaryimage\",\"url\":\"https:\/\/tourtravelandmore.com\/wp-content\/uploads\/2017\/04\/Munich-2.jpg\",\"contentUrl\":\"https:\/\/tourtravelandmore.com\/wp-content\/uploads\/2017\/04\/Munich-2.jpg\",\"width\":1200,\"height\":800,\"caption\":\"Monument of King Maximilan I. Joseph of Bavaria, in front of the Munich Opera House, Germany\"},{\"@type\":\"BreadcrumbList\",\"@id\":\"https:\/\/tourtravelandmore.com\/es\/tours\/alemania-es\/munich-es\/tour-privado-a-pie-por-munich\/#breadcrumb\",\"itemListElement\":[{\"@type\":\"ListItem\",\"position\":1,\"name\":\"Home\",\"item\":\"https:\/\/tourtravelandmore.com\/es\/\"},{\"@type\":\"ListItem\",\"position\":2,\"name\":\"Tours\",\"item\":\"https:\/\/tourtravelandmore.com\/es\/tours\/\"},{\"@type\":\"ListItem\",\"position\":3,\"name\":\"Tour privado a pie por M\u00fanich\"}]},{\"@type\":\"WebSite\",\"@id\":\"https:\/\/tourtravelandmore.com\/es\/#website\",\"url\":\"https:\/\/tourtravelandmore.com\/es\/\",\"name\":\"Tour Travel And More\",\"description\":\"Private sightseeing tours and luxury transfers in Spain\",\"publisher\":{\"@id\":\"https:\/\/tourtravelandmore.com\/es\/#organization\"},\"potentialAction\":[{\"@type\":\"SearchAction\",\"target\":{\"@type\":\"EntryPoint\",\"urlTemplate\":\"https:\/\/tourtravelandmore.com\/es\/?s={search_term_string}\"},\"query-input\":{\"@type\":\"PropertyValueSpecification\",\"valueRequired\":true,\"valueName\":\"search_term_string\"}}],\"inLanguage\":\"es\"},{\"@type\":\"Organization\",\"@id\":\"https:\/\/tourtravelandmore.com\/es\/#organization\",\"name\":\"Tour Travel And More\",\"url\":\"https:\/\/tourtravelandmore.com\/es\/\",\"logo\":{\"@type\":\"ImageObject\",\"inLanguage\":\"es\",\"@id\":\"https:\/\/tourtravelandmore.com\/es\/#\/schema\/logo\/image\/\",\"url\":\"https:\/\/tourtravelandmore.com\/wp-content\/uploads\/2022\/12\/cropped-logo-cabecera-new.png\",\"contentUrl\":\"https:\/\/tourtravelandmore.com\/wp-content\/uploads\/2022\/12\/cropped-logo-cabecera-new.png\",\"width\":430,\"height\":61,\"caption\":\"Tour Travel And More\"},\"image\":{\"@id\":\"https:\/\/tourtravelandmore.com\/es\/#\/schema\/logo\/image\/\"},\"sameAs\":[\"https:\/\/www.facebook.com\/tourtravelandmore\/\",\"https:\/\/x.com\/TourTravel_More\"]}]}<\/script>\n<!-- \/ Yoast SEO Premium plugin. -->","yoast_head_json":{"title":"Tour Privado a pie por M\u00fanich con gu\u00eda oficial local privado | TTM","description":"Disfrute este Tour Privado a pie por M\u00fanich. Conozca los lugares m\u00e1s emblem\u00e1ticos de M\u00fanich: Marienplatz, Old City Hall, Munich Frauenkirche, Hofbr\u00e4uhaus \u2705","robots":{"index":"index","follow":"follow","max-snippet":"max-snippet:-1","max-image-preview":"max-image-preview:large","max-video-preview":"max-video-preview:-1"},"canonical":"https:\/\/tourtravelandmore.com\/es\/tours\/alemania-es\/munich-es\/tour-privado-a-pie-por-munich\/","og_locale":"es_ES","og_type":"article","og_title":"Tour privado a pie por M\u00fanich","og_description":"Disfrute este Tour Privado a pie por M\u00fanich. Conozca los lugares m\u00e1s emblem\u00e1ticos de M\u00fanich: Marienplatz, Old City Hall, Munich Frauenkirche, Hofbr\u00e4uhaus \u2705","og_url":"https:\/\/tourtravelandmore.com\/es\/tours\/alemania-es\/munich-es\/tour-privado-a-pie-por-munich\/","og_site_name":"Tour Travel And More","article_publisher":"https:\/\/www.facebook.com\/tourtravelandmore\/","article_modified_time":"2025-07-14T12:58:35+00:00","og_image":[{"width":1200,"height":800,"url":"https:\/\/tourtravelandmore.com\/wp-content\/uploads\/2017\/04\/Munich-2.jpg","type":"image\/jpeg"}],"twitter_card":"summary_large_image","twitter_site":"@TourTravel_More","twitter_misc":{"Tiempo de lectura":"2 minutos"},"schema":{"@context":"https:\/\/schema.org","@graph":[{"@type":"WebPage","@id":"https:\/\/tourtravelandmore.com\/es\/tours\/alemania-es\/munich-es\/tour-privado-a-pie-por-munich\/","url":"https:\/\/tourtravelandmore.com\/es\/tours\/alemania-es\/munich-es\/tour-privado-a-pie-por-munich\/","name":"Tour Privado a pie por M\u00fanich con gu\u00eda oficial local privado | TTM","isPartOf":{"@id":"https:\/\/tourtravelandmore.com\/es\/#website"},"primaryImageOfPage":{"@id":"https:\/\/tourtravelandmore.com\/es\/tours\/alemania-es\/munich-es\/tour-privado-a-pie-por-munich\/#primaryimage"},"image":{"@id":"https:\/\/tourtravelandmore.com\/es\/tours\/alemania-es\/munich-es\/tour-privado-a-pie-por-munich\/#primaryimage"},"thumbnailUrl":"https:\/\/tourtravelandmore.com\/wp-content\/uploads\/2017\/04\/Munich-2.jpg","datePublished":"2017-04-05T11:18:15+00:00","dateModified":"2025-07-14T12:58:35+00:00","description":"Disfrute este Tour Privado a pie por M\u00fanich. Conozca los lugares m\u00e1s emblem\u00e1ticos de M\u00fanich: Marienplatz, Old City Hall, Munich Frauenkirche, Hofbr\u00e4uhaus \u2705","breadcrumb":{"@id":"https:\/\/tourtravelandmore.com\/es\/tours\/alemania-es\/munich-es\/tour-privado-a-pie-por-munich\/#breadcrumb"},"inLanguage":"es","potentialAction":[{"@type":"ReadAction","target":["https:\/\/tourtravelandmore.com\/es\/tours\/alemania-es\/munich-es\/tour-privado-a-pie-por-munich\/"]}]},{"@type":"ImageObject","inLanguage":"es","@id":"https:\/\/tourtravelandmore.com\/es\/tours\/alemania-es\/munich-es\/tour-privado-a-pie-por-munich\/#primaryimage","url":"https:\/\/tourtravelandmore.com\/wp-content\/uploads\/2017\/04\/Munich-2.jpg","contentUrl":"https:\/\/tourtravelandmore.com\/wp-content\/uploads\/2017\/04\/Munich-2.jpg","width":1200,"height":800,"caption":"Monument of King Maximilan I. Joseph of Bavaria, in front of the Munich Opera House, Germany"},{"@type":"BreadcrumbList","@id":"https:\/\/tourtravelandmore.com\/es\/tours\/alemania-es\/munich-es\/tour-privado-a-pie-por-munich\/#breadcrumb","itemListElement":[{"@type":"ListItem","position":1,"name":"Home","item":"https:\/\/tourtravelandmore.com\/es\/"},{"@type":"ListItem","position":2,"name":"Tours","item":"https:\/\/tourtravelandmore.com\/es\/tours\/"},{"@type":"ListItem","position":3,"name":"Tour privado a pie por M\u00fanich"}]},{"@type":"WebSite","@id":"https:\/\/tourtravelandmore.com\/es\/#website","url":"https:\/\/tourtravelandmore.com\/es\/","name":"Tour Travel And More","description":"Private sightseeing tours and luxury transfers in Spain","publisher":{"@id":"https:\/\/tourtravelandmore.com\/es\/#organization"},"potentialAction":[{"@type":"SearchAction","target":{"@type":"EntryPoint","urlTemplate":"https:\/\/tourtravelandmore.com\/es\/?s={search_term_string}"},"query-input":{"@type":"PropertyValueSpecification","valueRequired":true,"valueName":"search_term_string"}}],"inLanguage":"es"},{"@type":"Organization","@id":"https:\/\/tourtravelandmore.com\/es\/#organization","name":"Tour Travel And More","url":"https:\/\/tourtravelandmore.com\/es\/","logo":{"@type":"ImageObject","inLanguage":"es","@id":"https:\/\/tourtravelandmore.com\/es\/#\/schema\/logo\/image\/","url":"https:\/\/tourtravelandmore.com\/wp-content\/uploads\/2022\/12\/cropped-logo-cabecera-new.png","contentUrl":"https:\/\/tourtravelandmore.com\/wp-content\/uploads\/2022\/12\/cropped-logo-cabecera-new.png","width":430,"height":61,"caption":"Tour Travel And More"},"image":{"@id":"https:\/\/tourtravelandmore.com\/es\/#\/schema\/logo\/image\/"},"sameAs":["https:\/\/www.facebook.com\/tourtravelandmore\/","https:\/\/x.com\/TourTravel_More"]}]}},"_links":{"self":[{"href":"https:\/\/tourtravelandmore.com\/es\/wp-json\/wp\/v2\/product\/11749","targetHints":{"allow":["GET"]}}],"collection":[{"href":"https:\/\/tourtravelandmore.com\/es\/wp-json\/wp\/v2\/product"}],"about":[{"href":"https:\/\/tourtravelandmore.com\/es\/wp-json\/wp\/v2\/types\/product"}],"replies":[{"embeddable":true,"href":"https:\/\/tourtravelandmore.com\/es\/wp-json\/wp\/v2\/comments?post=11749"}],"wp:featuredmedia":[{"embeddable":true,"href":"https:\/\/tourtravelandmore.com\/es\/wp-json\/wp\/v2\/media\/11655"}],"wp:attachment":[{"href":"https:\/\/tourtravelandmore.com\/es\/wp-json\/wp\/v2\/media?parent=11749"}],"wp:term":[{"taxonomy":"product_brand","embeddable":true,"href":"https:\/\/tourtravelandmore.com\/es\/wp-json\/wp\/v2\/product_brand?post=11749"},{"taxonomy":"product_cat","embeddable":true,"href":"https:\/\/tourtravelandmore.com\/es\/wp-json\/wp\/v2\/product_cat?post=11749"},{"taxonomy":"product_tag","embeddable":true,"href":"https:\/\/tourtravelandmore.com\/es\/wp-json\/wp\/v2\/product_tag?post=11749"}],"curies":[{"name":"wp","href":"https:\/\/api.w.org\/{rel}","templated":true}]}}