{"id":11739,"date":"2017-04-05T12:05:16","date_gmt":"2017-04-05T11:07:57","guid":{"rendered":"http:\/\/tourtravelandmore.com\/es\/?post_type=product&#038;p=11739"},"modified":"2025-07-14T14:56:37","modified_gmt":"2025-07-14T12:56:37","slug":"tour-privado-al-castillo-neuschwanstein-desde-munich","status":"publish","type":"product","link":"https:\/\/tourtravelandmore.com\/es\/tours\/alemania-es\/munich-es\/tour-privado-al-castillo-neuschwanstein-desde-munich\/","title":{"rendered":"Tour Privado al Castillo Neuschwanstein"},"content":{"rendered":"<h2><strong>Descripci\u00f3n del Tour Privado al Castillo Neuschwanstein<\/strong><\/h2>\n<p>Al\u00e9jese de la agitada ciudad de <strong>M\u00fanich<\/strong> y disfrute de este<strong> tour privado al castillo Neuschwanstein<\/strong>. Podr\u00e1s admirar su asombrosa y \u00fanica arquitectura.<\/p>\n<p>Para rematar su experiencia, nos reuniremos con usted en su hotel o lugar de elecci\u00f3n en M\u00fanich y no tendr\u00e1 que preocuparse por el punto de partida. Su <strong>gu\u00eda tur\u00edstico oficial privado<\/strong> y su <strong>conductor<\/strong> lo estar\u00e1n esperando en el lobby de su hotel o en el lugar de su elecci\u00f3n. El servicio se realizar\u00e1 en un<strong> veh\u00edculo privado de lujo<\/strong> para hacer m\u00e1s f\u00e1cil y c\u00f3moda esta experiencia.<\/p>\n<p>El <a href=\"https:\/\/www.neuschwanstein.de\">castillo Neuschwanstein<\/a> est\u00e1 ubicado en una colina escarpada sobre el pueblo de Hohenschwangau, cerca de F\u00fcssen, en el suroeste de Baviera. El castillo fue construido para ser la casa del rey, pero despu\u00e9s de su muerte, se decidi\u00f3 abrir al p\u00fablico. Es uno de los lugares m\u00e1s visitados de Alemania.<\/p>\n<p>Disponemos de m\u00faltiples opciones de tours de medio d\u00eda desde M\u00fanich, eche un vistazo a nuestro <a href=\"https:\/\/tourtravelandmore.com\/es\/tours\/alemania-es\/munich-es\/tour-privado-campo-concentracion-dachau-memorial-munich\/\">tour privado al campo de concentraci\u00f3n de Dachau<\/a>.<\/p>\n<h2><strong>Puntos de inter\u00e9s en el Tour Privado al Castillo Neuschwanstein<\/strong><\/h2>\n<p>En primer lugar, su conductor privado y su gu\u00eda tur\u00edstico oficial lo recoger\u00e1n en su hotel o lugar de elecci\u00f3n en M\u00fanich. Como se trata de un tour privado, la hora de inicio la determinar\u00e1 usted.<\/p>\n<p>El viaje desde M\u00fanich hasta el castillo es de aproximadamente una hora y cincuenta minutos y lo mismo para regresar. La entrada al Castillo est\u00e1 incluida en el precio del tour.<\/p>\n<p>Disfrute del <strong>castillo Neuschwanstein<\/strong>, que fue la inspiraci\u00f3n para la pel\u00edcula La bella durmiente de Disney. Esta es una oportunidad \u00fanica para conocer el castillo de cuento de hadas. Es uno de los castillos m\u00e1s populares de Alemania. M\u00e1s de 1,4 millones de personas visitan este castillo \u00fanico al a\u00f1o.<\/p>\n<p>Durante este tour privado al Castillo Neuschwanstein podr\u00e1s conocer la historia y arquitectura de este m\u00e1gico lugar. Su gu\u00eda tur\u00edstico oficial privado es un profesional con un gran conocimiento sobre la ciudad y el lugar.<\/p>\n<p>Finalmente, su gu\u00eda tur\u00edstico oficial privado y chofer lo llevar\u00e1 de regreso a su hotel o lugar de elecci\u00f3n en Munich.<\/p>\n<p>Tour Travel &amp; More ofrece tours privados personalizados para familias, grupos de amigos o incluso de trabajo. Adaptamos nuestros tours para satisfacer sus propias necesidades personales. Tambi\u00e9n entendemos las necesidades de cada cliente durante sus vacaciones y hacemos todo lo posible para que su estancia y experiencia sea inolvidable.<\/p>\n","protected":false},"excerpt":{"rendered":"<p>Disfrute de este <strong>tour privado completamente personalizado<\/strong> por los hermosos y \u00fanicos palacios del <strong>Castillo de Neuschwanstein<\/strong> y\u00a0conozca de sus monumentos y lugares de inter\u00e9s m\u00e1s importantes. No pierda la oportunidad de conocer las afueras de M\u00fanich y todo lo que tiene para ofrecer junto a su gu\u00eda tur\u00edstico oficial privado y c\u00f3modamente en su veh\u00edculo privado de lujo con ch\u00f3fer independiente.<\/p>\n","protected":false},"featured_media":11697,"comment_status":"open","ping_status":"closed","template":"","meta":{"_acf_changed":false},"product_brand":[],"product_cat":[456,457,459,458],"product_tag":[],"class_list":{"0":"post-11739","1":"product","2":"type-product","3":"status-publish","4":"has-post-thumbnail","6":"product_cat-munich-es","7":"product_cat-munich-actividades-es","8":"product_cat-munich-rutas-turisticas-privadas-es","9":"product_cat-munich-excursiones-es","11":"first","12":"instock","13":"shipping-taxable","14":"purchasable","15":"product-type-simple"},"acf":[],"yoast_head":"<!-- This site is optimized with the Yoast SEO Premium plugin v25.3.1 (Yoast SEO v25.3.1) - https:\/\/yoast.com\/wordpress\/plugins\/seo\/ -->\n<title>Tour Privado al Castillo Neuschwanstein desde Munich | TTM<\/title>\n<meta name=\"description\" content=\"Tour Privado al Castillo Neuschwanstein desde Munich. No pierda la oportunidad de disfrutar de lo mejor que tiene que ofrecer las afueras de Munich \u2705\" \/>\n<meta name=\"robots\" content=\"index, follow, max-snippet:-1, max-image-preview:large, max-video-preview:-1\" \/>\n<link rel=\"canonical\" href=\"https:\/\/tourtravelandmore.com\/es\/tours\/alemania-es\/munich-es\/tour-privado-al-castillo-neuschwanstein-desde-munich\/\" \/>\n<meta property=\"og:locale\" content=\"es_ES\" \/>\n<meta property=\"og:type\" content=\"article\" \/>\n<meta property=\"og:title\" content=\"Tour Privado al Castillo Neuschwanstein\" \/>\n<meta property=\"og:description\" content=\"Tour Privado al Castillo Neuschwanstein desde Munich. No pierda la oportunidad de disfrutar de lo mejor que tiene que ofrecer las afueras de Munich \u2705\" \/>\n<meta property=\"og:url\" content=\"https:\/\/tourtravelandmore.com\/es\/tours\/alemania-es\/munich-es\/tour-privado-al-castillo-neuschwanstein-desde-munich\/\" \/>\n<meta property=\"og:site_name\" content=\"Tour Travel And More\" \/>\n<meta property=\"article:publisher\" content=\"https:\/\/www.facebook.com\/tourtravelandmore\/\" \/>\n<meta property=\"article:modified_time\" content=\"2025-07-14T12:56:37+00:00\" \/>\n<meta property=\"og:image\" content=\"https:\/\/tourtravelandmore.com\/wp-content\/uploads\/2017\/04\/Schloss-Neuschwanstein-erleuchtet-im-Herbst.jpg\" \/>\n\t<meta property=\"og:image:width\" content=\"1000\" \/>\n\t<meta property=\"og:image:height\" content=\"667\" \/>\n\t<meta property=\"og:image:type\" content=\"image\/jpeg\" \/>\n<meta name=\"twitter:card\" content=\"summary_large_image\" \/>\n<meta name=\"twitter:site\" content=\"@TourTravel_More\" \/>\n<meta name=\"twitter:label1\" content=\"Tiempo de lectura\" \/>\n\t<meta name=\"twitter:data1\" content=\"2 minutos\" \/>\n<script type=\"application\/ld+json\" class=\"yoast-schema-graph\">{\"@context\":\"https:\/\/schema.org\",\"@graph\":[{\"@type\":\"WebPage\",\"@id\":\"https:\/\/tourtravelandmore.com\/es\/tours\/alemania-es\/munich-es\/tour-privado-al-castillo-neuschwanstein-desde-munich\/\",\"url\":\"https:\/\/tourtravelandmore.com\/es\/tours\/alemania-es\/munich-es\/tour-privado-al-castillo-neuschwanstein-desde-munich\/\",\"name\":\"Tour Privado al Castillo Neuschwanstein desde Munich | TTM\",\"isPartOf\":{\"@id\":\"https:\/\/tourtravelandmore.com\/es\/#website\"},\"primaryImageOfPage\":{\"@id\":\"https:\/\/tourtravelandmore.com\/es\/tours\/alemania-es\/munich-es\/tour-privado-al-castillo-neuschwanstein-desde-munich\/#primaryimage\"},\"image\":{\"@id\":\"https:\/\/tourtravelandmore.com\/es\/tours\/alemania-es\/munich-es\/tour-privado-al-castillo-neuschwanstein-desde-munich\/#primaryimage\"},\"thumbnailUrl\":\"https:\/\/tourtravelandmore.com\/wp-content\/uploads\/2017\/04\/Schloss-Neuschwanstein-erleuchtet-im-Herbst.jpg\",\"datePublished\":\"2017-04-05T11:07:57+00:00\",\"dateModified\":\"2025-07-14T12:56:37+00:00\",\"description\":\"Tour Privado al Castillo Neuschwanstein desde Munich. No pierda la oportunidad de disfrutar de lo mejor que tiene que ofrecer las afueras de Munich \u2705\",\"breadcrumb\":{\"@id\":\"https:\/\/tourtravelandmore.com\/es\/tours\/alemania-es\/munich-es\/tour-privado-al-castillo-neuschwanstein-desde-munich\/#breadcrumb\"},\"inLanguage\":\"es\",\"potentialAction\":[{\"@type\":\"ReadAction\",\"target\":[\"https:\/\/tourtravelandmore.com\/es\/tours\/alemania-es\/munich-es\/tour-privado-al-castillo-neuschwanstein-desde-munich\/\"]}]},{\"@type\":\"ImageObject\",\"inLanguage\":\"es\",\"@id\":\"https:\/\/tourtravelandmore.com\/es\/tours\/alemania-es\/munich-es\/tour-privado-al-castillo-neuschwanstein-desde-munich\/#primaryimage\",\"url\":\"https:\/\/tourtravelandmore.com\/wp-content\/uploads\/2017\/04\/Schloss-Neuschwanstein-erleuchtet-im-Herbst.jpg\",\"contentUrl\":\"https:\/\/tourtravelandmore.com\/wp-content\/uploads\/2017\/04\/Schloss-Neuschwanstein-erleuchtet-im-Herbst.jpg\",\"width\":1000,\"height\":667},{\"@type\":\"BreadcrumbList\",\"@id\":\"https:\/\/tourtravelandmore.com\/es\/tours\/alemania-es\/munich-es\/tour-privado-al-castillo-neuschwanstein-desde-munich\/#breadcrumb\",\"itemListElement\":[{\"@type\":\"ListItem\",\"position\":1,\"name\":\"Home\",\"item\":\"https:\/\/tourtravelandmore.com\/es\/\"},{\"@type\":\"ListItem\",\"position\":2,\"name\":\"Tours\",\"item\":\"https:\/\/tourtravelandmore.com\/es\/tours\/\"},{\"@type\":\"ListItem\",\"position\":3,\"name\":\"Tour Privado al Castillo Neuschwanstein\"}]},{\"@type\":\"WebSite\",\"@id\":\"https:\/\/tourtravelandmore.com\/es\/#website\",\"url\":\"https:\/\/tourtravelandmore.com\/es\/\",\"name\":\"Tour Travel And More\",\"description\":\"Private sightseeing tours and luxury transfers in Spain\",\"publisher\":{\"@id\":\"https:\/\/tourtravelandmore.com\/es\/#organization\"},\"potentialAction\":[{\"@type\":\"SearchAction\",\"target\":{\"@type\":\"EntryPoint\",\"urlTemplate\":\"https:\/\/tourtravelandmore.com\/es\/?s={search_term_string}\"},\"query-input\":{\"@type\":\"PropertyValueSpecification\",\"valueRequired\":true,\"valueName\":\"search_term_string\"}}],\"inLanguage\":\"es\"},{\"@type\":\"Organization\",\"@id\":\"https:\/\/tourtravelandmore.com\/es\/#organization\",\"name\":\"Tour Travel And More\",\"url\":\"https:\/\/tourtravelandmore.com\/es\/\",\"logo\":{\"@type\":\"ImageObject\",\"inLanguage\":\"es\",\"@id\":\"https:\/\/tourtravelandmore.com\/es\/#\/schema\/logo\/image\/\",\"url\":\"https:\/\/tourtravelandmore.com\/wp-content\/uploads\/2022\/12\/cropped-logo-cabecera-new.png\",\"contentUrl\":\"https:\/\/tourtravelandmore.com\/wp-content\/uploads\/2022\/12\/cropped-logo-cabecera-new.png\",\"width\":430,\"height\":61,\"caption\":\"Tour Travel And More\"},\"image\":{\"@id\":\"https:\/\/tourtravelandmore.com\/es\/#\/schema\/logo\/image\/\"},\"sameAs\":[\"https:\/\/www.facebook.com\/tourtravelandmore\/\",\"https:\/\/x.com\/TourTravel_More\"]}]}<\/script>\n<!-- \/ Yoast SEO Premium plugin. -->","yoast_head_json":{"title":"Tour Privado al Castillo Neuschwanstein desde Munich | TTM","description":"Tour Privado al Castillo Neuschwanstein desde Munich. No pierda la oportunidad de disfrutar de lo mejor que tiene que ofrecer las afueras de Munich \u2705","robots":{"index":"index","follow":"follow","max-snippet":"max-snippet:-1","max-image-preview":"max-image-preview:large","max-video-preview":"max-video-preview:-1"},"canonical":"https:\/\/tourtravelandmore.com\/es\/tours\/alemania-es\/munich-es\/tour-privado-al-castillo-neuschwanstein-desde-munich\/","og_locale":"es_ES","og_type":"article","og_title":"Tour Privado al Castillo Neuschwanstein","og_description":"Tour Privado al Castillo Neuschwanstein desde Munich. No pierda la oportunidad de disfrutar de lo mejor que tiene que ofrecer las afueras de Munich \u2705","og_url":"https:\/\/tourtravelandmore.com\/es\/tours\/alemania-es\/munich-es\/tour-privado-al-castillo-neuschwanstein-desde-munich\/","og_site_name":"Tour Travel And More","article_publisher":"https:\/\/www.facebook.com\/tourtravelandmore\/","article_modified_time":"2025-07-14T12:56:37+00:00","og_image":[{"width":1000,"height":667,"url":"https:\/\/tourtravelandmore.com\/wp-content\/uploads\/2017\/04\/Schloss-Neuschwanstein-erleuchtet-im-Herbst.jpg","type":"image\/jpeg"}],"twitter_card":"summary_large_image","twitter_site":"@TourTravel_More","twitter_misc":{"Tiempo de lectura":"2 minutos"},"schema":{"@context":"https:\/\/schema.org","@graph":[{"@type":"WebPage","@id":"https:\/\/tourtravelandmore.com\/es\/tours\/alemania-es\/munich-es\/tour-privado-al-castillo-neuschwanstein-desde-munich\/","url":"https:\/\/tourtravelandmore.com\/es\/tours\/alemania-es\/munich-es\/tour-privado-al-castillo-neuschwanstein-desde-munich\/","name":"Tour Privado al Castillo Neuschwanstein desde Munich | TTM","isPartOf":{"@id":"https:\/\/tourtravelandmore.com\/es\/#website"},"primaryImageOfPage":{"@id":"https:\/\/tourtravelandmore.com\/es\/tours\/alemania-es\/munich-es\/tour-privado-al-castillo-neuschwanstein-desde-munich\/#primaryimage"},"image":{"@id":"https:\/\/tourtravelandmore.com\/es\/tours\/alemania-es\/munich-es\/tour-privado-al-castillo-neuschwanstein-desde-munich\/#primaryimage"},"thumbnailUrl":"https:\/\/tourtravelandmore.com\/wp-content\/uploads\/2017\/04\/Schloss-Neuschwanstein-erleuchtet-im-Herbst.jpg","datePublished":"2017-04-05T11:07:57+00:00","dateModified":"2025-07-14T12:56:37+00:00","description":"Tour Privado al Castillo Neuschwanstein desde Munich. No pierda la oportunidad de disfrutar de lo mejor que tiene que ofrecer las afueras de Munich \u2705","breadcrumb":{"@id":"https:\/\/tourtravelandmore.com\/es\/tours\/alemania-es\/munich-es\/tour-privado-al-castillo-neuschwanstein-desde-munich\/#breadcrumb"},"inLanguage":"es","potentialAction":[{"@type":"ReadAction","target":["https:\/\/tourtravelandmore.com\/es\/tours\/alemania-es\/munich-es\/tour-privado-al-castillo-neuschwanstein-desde-munich\/"]}]},{"@type":"ImageObject","inLanguage":"es","@id":"https:\/\/tourtravelandmore.com\/es\/tours\/alemania-es\/munich-es\/tour-privado-al-castillo-neuschwanstein-desde-munich\/#primaryimage","url":"https:\/\/tourtravelandmore.com\/wp-content\/uploads\/2017\/04\/Schloss-Neuschwanstein-erleuchtet-im-Herbst.jpg","contentUrl":"https:\/\/tourtravelandmore.com\/wp-content\/uploads\/2017\/04\/Schloss-Neuschwanstein-erleuchtet-im-Herbst.jpg","width":1000,"height":667},{"@type":"BreadcrumbList","@id":"https:\/\/tourtravelandmore.com\/es\/tours\/alemania-es\/munich-es\/tour-privado-al-castillo-neuschwanstein-desde-munich\/#breadcrumb","itemListElement":[{"@type":"ListItem","position":1,"name":"Home","item":"https:\/\/tourtravelandmore.com\/es\/"},{"@type":"ListItem","position":2,"name":"Tours","item":"https:\/\/tourtravelandmore.com\/es\/tours\/"},{"@type":"ListItem","position":3,"name":"Tour Privado al Castillo Neuschwanstein"}]},{"@type":"WebSite","@id":"https:\/\/tourtravelandmore.com\/es\/#website","url":"https:\/\/tourtravelandmore.com\/es\/","name":"Tour Travel And More","description":"Private sightseeing tours and luxury transfers in Spain","publisher":{"@id":"https:\/\/tourtravelandmore.com\/es\/#organization"},"potentialAction":[{"@type":"SearchAction","target":{"@type":"EntryPoint","urlTemplate":"https:\/\/tourtravelandmore.com\/es\/?s={search_term_string}"},"query-input":{"@type":"PropertyValueSpecification","valueRequired":true,"valueName":"search_term_string"}}],"inLanguage":"es"},{"@type":"Organization","@id":"https:\/\/tourtravelandmore.com\/es\/#organization","name":"Tour Travel And More","url":"https:\/\/tourtravelandmore.com\/es\/","logo":{"@type":"ImageObject","inLanguage":"es","@id":"https:\/\/tourtravelandmore.com\/es\/#\/schema\/logo\/image\/","url":"https:\/\/tourtravelandmore.com\/wp-content\/uploads\/2022\/12\/cropped-logo-cabecera-new.png","contentUrl":"https:\/\/tourtravelandmore.com\/wp-content\/uploads\/2022\/12\/cropped-logo-cabecera-new.png","width":430,"height":61,"caption":"Tour Travel And More"},"image":{"@id":"https:\/\/tourtravelandmore.com\/es\/#\/schema\/logo\/image\/"},"sameAs":["https:\/\/www.facebook.com\/tourtravelandmore\/","https:\/\/x.com\/TourTravel_More"]}]}},"_links":{"self":[{"href":"https:\/\/tourtravelandmore.com\/es\/wp-json\/wp\/v2\/product\/11739","targetHints":{"allow":["GET"]}}],"collection":[{"href":"https:\/\/tourtravelandmore.com\/es\/wp-json\/wp\/v2\/product"}],"about":[{"href":"https:\/\/tourtravelandmore.com\/es\/wp-json\/wp\/v2\/types\/product"}],"replies":[{"embeddable":true,"href":"https:\/\/tourtravelandmore.com\/es\/wp-json\/wp\/v2\/comments?post=11739"}],"wp:featuredmedia":[{"embeddable":true,"href":"https:\/\/tourtravelandmore.com\/es\/wp-json\/wp\/v2\/media\/11697"}],"wp:attachment":[{"href":"https:\/\/tourtravelandmore.com\/es\/wp-json\/wp\/v2\/media?parent=11739"}],"wp:term":[{"taxonomy":"product_brand","embeddable":true,"href":"https:\/\/tourtravelandmore.com\/es\/wp-json\/wp\/v2\/product_brand?post=11739"},{"taxonomy":"product_cat","embeddable":true,"href":"https:\/\/tourtravelandmore.com\/es\/wp-json\/wp\/v2\/product_cat?post=11739"},{"taxonomy":"product_tag","embeddable":true,"href":"https:\/\/tourtravelandmore.com\/es\/wp-json\/wp\/v2\/product_tag?post=11739"}],"curies":[{"name":"wp","href":"https:\/\/api.w.org\/{rel}","templated":true}]}}