{"id":117368,"date":"2022-01-12T17:15:47","date_gmt":"2022-01-12T16:15:48","guid":{"rendered":"https:\/\/tourtravelandmore.com\/?post_type=product&#038;p=117368"},"modified":"2022-09-20T04:23:20","modified_gmt":"2022-09-20T02:23:20","slug":"tour-privado-de-reims-desde-paris","status":"publish","type":"product","link":"https:\/\/tourtravelandmore.com\/es\/tours\/francia\/reims-sp\/todos-los-tours-privados-y-actividades-reims-sp-francia\/tour-privado-de-reims-desde-paris\/","title":{"rendered":"Tour privado de Reims desde Par\u00eds"},"content":{"rendered":"<h2><b>Descripci\u00f3n del Tour privado de Reims desde Par\u00eds<\/b><\/h2>\n<p><span style=\"font-weight: 400;\">Reims se ubica en la regi\u00f3n Gran Este (antigua Champa\u00f1a), y es reconocida en todo el mundo por ser la cuna del mejor champ\u00e1n del mundo.\u00a0<\/span><\/p>\n<p><span style=\"font-weight: 400;\">Adem\u00e1s, fue una de las ciudades m\u00e1s importantes durante el imperio romano y en la cual los reyes de Francia vivieron distintos acontecimientos hist\u00f3ricos.\u00a0<\/span><\/p>\n<p><span style=\"font-weight: 400;\">En nuestro <\/span><b>tour privado de Reims desde Par\u00eds<\/b><span style=\"font-weight: 400;\"> descubrir\u00e1s esta ciudad situada en el coraz\u00f3n de Mamem, la cual es una de las regiones m\u00e1s pintorescas de toda Francia.\u00a0<\/span><\/p>\n<p><span style=\"font-weight: 400;\">Te buscaremos por un sitio c\u00e9ntrico de Par\u00eds que nos indiques. La finalidad es que todo sea de acuerdo a tu tiempo e itinerario.\u00a0<\/span><\/p>\n<p><span style=\"font-weight: 400;\">Desde all\u00ed, saldremos en un <\/span><b>lujoso coche privado<\/b><span style=\"font-weight: 400;\"> que te llevar\u00e1s a trav\u00e9s de la impresionante campi\u00f1a francesa hasta la regi\u00f3n de Champa\u00f1a, ubicada a solo unas 2 horas de Par\u00eds.\u00a0<\/span><\/p>\n<p><span style=\"font-weight: 400;\">Es una excursi\u00f3n de 8 horas, en las cuales ver\u00e1s los majestuosos vi\u00f1edos, conocer\u00e1s la plaza Drouet-d&#8217;Erlon, la plaza Royale, la catedral Notre-Dame de Reims, entre muchos otros sitios de imponente belleza.\u00a0<\/span><\/p>\n<p><span style=\"font-weight: 400;\">En este tour privado podr\u00e1s admirar los distintos monumentos arquitect\u00f3nicos de Reims, su Art Dec\u00f3 y sus lugares m\u00e1s emblem\u00e1ticos.\u00a0<\/span><\/p>\n<p><span style=\"font-weight: 400;\">Asimismo, una vez en la ciudad, <\/span><b>un gu\u00eda oficial local te acompa\u00f1ar\u00e1 durante 2 horas<\/b><span style=\"font-weight: 400;\"> para llevarte hasta los sitios m\u00e1s atractivos e interesantes de la ciudad vin\u00edcola m\u00e1s importante de toda Francia.\u00a0<\/span><\/p>\n<h2><b>Puntos de inter\u00e9s del <\/b><b>Tour privado de Reims desde Par\u00eds<\/b><\/h2>\n<p><span style=\"font-weight: 400;\">Este recorrido privado est\u00e1 planificado para que lo disfrutes con total comodidad. Por eso, te buscaremos en tu hotel o en un punto c\u00e9ntrico de Par\u00eds, el cual sea m\u00e1s conveniente para ti.\u00a0<\/span><\/p>\n<p><span style=\"font-weight: 400;\">Desde all\u00ed, iremos en un coche exclusivo hasta el departamento de Marne. El camino en s\u00ed ya es todo un espect\u00e1culo porque est\u00e1 lleno de vi\u00f1edos y peque\u00f1os pueblos repletos de encanto.\u00a0<\/span><\/p>\n<p><span style=\"font-weight: 400;\">Al llegar a Reims, explorar\u00e1s los sitios m\u00e1s atractivos, como por ejemplo:\u00a0<\/span><\/p>\n<h3><span style=\"color: #d3af37;\"><b>La catedral de Notre Dame de Reims<\/b><\/span><\/h3>\n<p><span style=\"font-weight: 400;\">Conocer la emblem\u00e1tica catedral de Notre Dame de Reims, es una parada obligatoria que debes hacer en Reims. En este sitio han ocurrido todas las coronaciones de los reyes franceses durante casi mil a\u00f1os.\u00a0<\/span><\/p>\n<p><span style=\"font-weight: 400;\">Adem\u00e1s, este edificio de estilo g\u00f3tico fue declarado por la Unesco como un patrimonio hist\u00f3rico mundial, debido a su imponente arquitectura y por ser la sede de tantos hechos hist\u00f3ricos a lo largo de los a\u00f1os.\u00a0\u00a0<\/span><\/p>\n<h3><span style=\"color: #d3af37;\"><b>El Palacio de tau<\/b><\/span><\/h3>\n<p><span style=\"font-weight: 400;\">Este palacio arzobispal est\u00e1 lleno de mucha historia de la nobleza francesa, puesto que en \u00e9l se alojaban y se preparaban los futuros reyes antes de ser coronados en Notre Dame.\u00a0<\/span><\/p>\n<p><span style=\"font-weight: 400;\">En la actualidad, se encuentra restaurado tras la Segunda Guerra Mundial, pero a\u00fan se conservan muchas estancias originales como la capilla del a\u00f1o 1207.\u00a0<\/span><\/p>\n<p><span style=\"font-weight: 400;\">Adem\u00e1s, en el palacio est\u00e1 un museo, en el cual est\u00e1 gran parte de las joyas originales de la corona francesa. Este es todo un espect\u00e1culo digno de admiraci\u00f3n.\u00a0<\/span><\/p>\n<h3><span style=\"color: #d3af37;\"><b>Famosas casas de champ\u00e1n<\/b><\/span><\/h3>\n<p><span style=\"font-weight: 400;\">Si eres de los amantes del champ\u00e1n, esta excursi\u00f3n te permitir\u00e1 conocer las famosas casas de champ\u00e1n de Reims.\u00a0\u00a0<\/span><\/p>\n<p><span style=\"font-weight: 400;\">Lo m\u00e1s llamativo de este paseo es que sus galer\u00edas est\u00e1n bajo la ciudad y se extienden por m\u00e1s de 250 kil\u00f3metros. Estas bodegas albergan la campa\u00f1a m\u00e1s burbujeante del mundo.\u00a0<\/span><\/p>\n<p><span style=\"font-weight: 400;\">En las casas de champ\u00e1n explorar\u00e1s las herramientas y t\u00e9cnicas que se utilizan para la producci\u00f3n de esta bebida, as\u00ed como las marcas m\u00e1s famosas de champa\u00f1a a nivel internacional. Obviamente, no pod\u00eda faltar el espacio para la degustaci\u00f3n.\u00a0<\/span><\/p>\n<h3><span style=\"color: #d3af37;\"><b>El centro hist\u00f3rico de Reims<\/b><\/span><\/h3>\n<p><span style=\"font-weight: 400;\">Las calles de Reims son simplemente encantadoras. En ellas existen muchos <\/span><b>edificios Art Dec\u00f3<\/b><span style=\"font-weight: 400;\"> del siglo XX, mezclados con los monumentos y la arquitectura dejada por los romanos en la ciudad.\u00a0<\/span><\/p>\n<p><span style=\"font-weight: 400;\">Una de sus construcciones m\u00e1s llamativas es la Porte de Mars, aunque hay muchas otras cosas que admirar en este recorrido.\u00a0<\/span><\/p>\n<h3><span style=\"color: #d3af37;\"><b>Villa Demoiselle<\/b><\/span><\/h3>\n<p><span style=\"font-weight: 400;\">Este imponente edificio hecho en la Belle \u00c9poque se mezcla muy bien con el estilo g\u00f3tico de Reims.\u00a0<\/span><\/p>\n<p><span style=\"font-weight: 400;\">Pertenece a los propietarios de los champanes de Pommery, y es un lugar que impresiona por cada uno de los detalles en su estructura.\u00a0<\/span><\/p>\n<h3><span style=\"color: #d3af37;\"><b>Le Place du Forum<\/b><\/span><\/h3>\n<p><span style=\"font-weight: 400;\">En la plaza del f\u00f3rum te vas a encontrar con algunos restos de la arquitectura romana, que recuerda la influencia que tuvo esa civilizaci\u00f3n en Francia.\u00a0<\/span><\/p>\n<p><span style=\"font-weight: 400;\">En esa zona tambi\u00e9n ver\u00e1s muchas galer\u00edas, edificios de Art d\u00e9co y otras construcciones que destacan por su singular belleza.\u00a0<\/span><\/p>\n<p><span style=\"font-weight: 400;\">Junto a estos puntos de inter\u00e9s, en este tour privado a Reims tambi\u00e9n\u00a0 podr\u00e1s conocer:\u00a0<\/span><\/p>\n<ul>\n<li><b>Vista del museo de bellas artes.<\/b><\/li>\n<li><b>Fort de la Pompelle.<\/b><\/li>\n<li><b>Vista de la biblioteca Carnegie, entre muchos otros.<\/b><\/li>\n<\/ul>\n<p><span style=\"font-weight: 400;\">No te pierdas este inolvidable paseo por la \u201cciudad de los reyes\u201d, la cual alberga muchos de los patrimonios de la humanidad.\u00a0<\/span><\/p>\n<p><span style=\"font-weight: 400;\">Si quieres conocer con mayor profundidad la ciudad, te recomendamos que optes por el <\/span><b>tour a pie de Reims<\/b><span style=\"font-weight: 400;\">, con el que conocer\u00e1s por completo cada rinc\u00f3n tur\u00edstico y las joyas ocultas de la capital del champ\u00e1n. <\/span><\/p>\n","protected":false},"excerpt":{"rendered":"<p><span style=\"font-weight: 400;\">Descubre todos los rincones de la magn\u00edfica ciudad de Reims en un tour privado desde Par\u00eds en compa\u00f1\u00eda de un gu\u00eda privado y en un coche exclusivo de lujo. Explora cada lugar de inter\u00e9s de la capital mundial del champ\u00e1n, como el Palacio de tau, la Villa Demoiselle, la Bas\u00edlica de Saint-Remi, la Place du Forum, entre muchos otros lugares de gran atractivo tur\u00edstico e hist\u00f3rico.\u00a0 <\/span><\/p>\n","protected":false},"featured_media":118512,"comment_status":"open","ping_status":"closed","template":"","meta":{"_acf_changed":false},"product_brand":[],"product_cat":[1592,3617,4047,4046],"product_tag":[],"class_list":{"0":"post-117368","1":"product","2":"type-product","3":"status-publish","4":"has-post-thumbnail","6":"product_cat-francia","7":"product_cat-reims-sp","8":"product_cat-excursiones-privadas-reims-sp-francia","9":"product_cat-todos-los-tours-privados-y-actividades-reims-sp-francia","11":"first","12":"instock","13":"shipping-taxable","14":"purchasable","15":"product-type-simple"},"acf":[],"yoast_head":"<!-- This site is optimized with the Yoast SEO Premium plugin v25.3.1 (Yoast SEO v25.3.1) - https:\/\/yoast.com\/wordpress\/plugins\/seo\/ -->\n<title>\u27a1\ufe0f Tour privado a Reims saliendo desde Par\u00eds en un coche privado | Tour Travel &amp; More<\/title>\n<meta name=\"description\" content=\"Visita la capital mundial del champ\u00e1n en un tour privado a Reims desde Par\u00eds, viajando en un c\u00f3modo coche de lujo y con la compa\u00f1\u00eda de un gu\u00eda oficial local.\u2705\" \/>\n<meta name=\"robots\" content=\"index, follow, max-snippet:-1, max-image-preview:large, max-video-preview:-1\" \/>\n<link rel=\"canonical\" href=\"https:\/\/tourtravelandmore.com\/es\/tours\/francia\/reims-sp\/todos-los-tours-privados-y-actividades-reims-sp-francia\/tour-privado-de-reims-desde-paris\/\" \/>\n<meta property=\"og:locale\" content=\"es_ES\" \/>\n<meta property=\"og:type\" content=\"article\" \/>\n<meta property=\"og:title\" content=\"Tour privado de Reims desde Par\u00eds\" \/>\n<meta property=\"og:description\" content=\"Visita la capital mundial del champ\u00e1n en un tour privado a Reims desde Par\u00eds, viajando en un c\u00f3modo coche de lujo y con la compa\u00f1\u00eda de un gu\u00eda oficial local.\u2705\" \/>\n<meta property=\"og:url\" content=\"https:\/\/tourtravelandmore.com\/es\/tours\/francia\/reims-sp\/todos-los-tours-privados-y-actividades-reims-sp-francia\/tour-privado-de-reims-desde-paris\/\" \/>\n<meta property=\"og:site_name\" content=\"Tour Travel And More\" \/>\n<meta property=\"article:publisher\" content=\"https:\/\/www.facebook.com\/tourtravelandmore\/\" \/>\n<meta property=\"article:modified_time\" content=\"2022-09-20T02:23:20+00:00\" \/>\n<meta property=\"og:image\" content=\"https:\/\/tourtravelandmore.com\/wp-content\/uploads\/2022\/01\/adlan-pO_l4aoVYjY-unsplash.jpg\" \/>\n\t<meta property=\"og:image:width\" content=\"1920\" \/>\n\t<meta property=\"og:image:height\" content=\"1463\" \/>\n\t<meta property=\"og:image:type\" content=\"image\/jpeg\" \/>\n<meta name=\"twitter:card\" content=\"summary_large_image\" \/>\n<meta name=\"twitter:site\" content=\"@TourTravel_More\" \/>\n<meta name=\"twitter:label1\" content=\"Tiempo de lectura\" \/>\n\t<meta name=\"twitter:data1\" content=\"2 minutos\" \/>\n<script type=\"application\/ld+json\" class=\"yoast-schema-graph\">{\"@context\":\"https:\/\/schema.org\",\"@graph\":[{\"@type\":\"WebPage\",\"@id\":\"https:\/\/tourtravelandmore.com\/es\/tours\/francia\/reims-sp\/todos-los-tours-privados-y-actividades-reims-sp-francia\/tour-privado-de-reims-desde-paris\/\",\"url\":\"https:\/\/tourtravelandmore.com\/es\/tours\/francia\/reims-sp\/todos-los-tours-privados-y-actividades-reims-sp-francia\/tour-privado-de-reims-desde-paris\/\",\"name\":\"\u27a1\ufe0f Tour privado a Reims saliendo desde Par\u00eds en un coche privado | Tour Travel & More\",\"isPartOf\":{\"@id\":\"https:\/\/tourtravelandmore.com\/es\/#website\"},\"primaryImageOfPage\":{\"@id\":\"https:\/\/tourtravelandmore.com\/es\/tours\/francia\/reims-sp\/todos-los-tours-privados-y-actividades-reims-sp-francia\/tour-privado-de-reims-desde-paris\/#primaryimage\"},\"image\":{\"@id\":\"https:\/\/tourtravelandmore.com\/es\/tours\/francia\/reims-sp\/todos-los-tours-privados-y-actividades-reims-sp-francia\/tour-privado-de-reims-desde-paris\/#primaryimage\"},\"thumbnailUrl\":\"https:\/\/tourtravelandmore.com\/wp-content\/uploads\/2022\/01\/adlan-pO_l4aoVYjY-unsplash.jpg\",\"datePublished\":\"2022-01-12T16:15:48+00:00\",\"dateModified\":\"2022-09-20T02:23:20+00:00\",\"description\":\"Visita la capital mundial del champ\u00e1n en un tour privado a Reims desde Par\u00eds, viajando en un c\u00f3modo coche de lujo y con la compa\u00f1\u00eda de un gu\u00eda oficial local.\u2705\",\"breadcrumb\":{\"@id\":\"https:\/\/tourtravelandmore.com\/es\/tours\/francia\/reims-sp\/todos-los-tours-privados-y-actividades-reims-sp-francia\/tour-privado-de-reims-desde-paris\/#breadcrumb\"},\"inLanguage\":\"es\",\"potentialAction\":[{\"@type\":\"ReadAction\",\"target\":[\"https:\/\/tourtravelandmore.com\/es\/tours\/francia\/reims-sp\/todos-los-tours-privados-y-actividades-reims-sp-francia\/tour-privado-de-reims-desde-paris\/\"]}]},{\"@type\":\"ImageObject\",\"inLanguage\":\"es\",\"@id\":\"https:\/\/tourtravelandmore.com\/es\/tours\/francia\/reims-sp\/todos-los-tours-privados-y-actividades-reims-sp-francia\/tour-privado-de-reims-desde-paris\/#primaryimage\",\"url\":\"https:\/\/tourtravelandmore.com\/wp-content\/uploads\/2022\/01\/adlan-pO_l4aoVYjY-unsplash.jpg\",\"contentUrl\":\"https:\/\/tourtravelandmore.com\/wp-content\/uploads\/2022\/01\/adlan-pO_l4aoVYjY-unsplash.jpg\",\"width\":1920,\"height\":1463},{\"@type\":\"BreadcrumbList\",\"@id\":\"https:\/\/tourtravelandmore.com\/es\/tours\/francia\/reims-sp\/todos-los-tours-privados-y-actividades-reims-sp-francia\/tour-privado-de-reims-desde-paris\/#breadcrumb\",\"itemListElement\":[{\"@type\":\"ListItem\",\"position\":1,\"name\":\"Home\",\"item\":\"https:\/\/tourtravelandmore.com\/es\/\"},{\"@type\":\"ListItem\",\"position\":2,\"name\":\"Tours\",\"item\":\"https:\/\/tourtravelandmore.com\/es\/tours\/\"},{\"@type\":\"ListItem\",\"position\":3,\"name\":\"Tour privado de Reims desde Par\u00eds\"}]},{\"@type\":\"WebSite\",\"@id\":\"https:\/\/tourtravelandmore.com\/es\/#website\",\"url\":\"https:\/\/tourtravelandmore.com\/es\/\",\"name\":\"Tour Travel And More\",\"description\":\"Private sightseeing tours and luxury transfers in Spain\",\"publisher\":{\"@id\":\"https:\/\/tourtravelandmore.com\/es\/#organization\"},\"potentialAction\":[{\"@type\":\"SearchAction\",\"target\":{\"@type\":\"EntryPoint\",\"urlTemplate\":\"https:\/\/tourtravelandmore.com\/es\/?s={search_term_string}\"},\"query-input\":{\"@type\":\"PropertyValueSpecification\",\"valueRequired\":true,\"valueName\":\"search_term_string\"}}],\"inLanguage\":\"es\"},{\"@type\":\"Organization\",\"@id\":\"https:\/\/tourtravelandmore.com\/es\/#organization\",\"name\":\"Tour Travel And More\",\"url\":\"https:\/\/tourtravelandmore.com\/es\/\",\"logo\":{\"@type\":\"ImageObject\",\"inLanguage\":\"es\",\"@id\":\"https:\/\/tourtravelandmore.com\/es\/#\/schema\/logo\/image\/\",\"url\":\"https:\/\/tourtravelandmore.com\/wp-content\/uploads\/2022\/12\/cropped-logo-cabecera-new.png\",\"contentUrl\":\"https:\/\/tourtravelandmore.com\/wp-content\/uploads\/2022\/12\/cropped-logo-cabecera-new.png\",\"width\":430,\"height\":61,\"caption\":\"Tour Travel And More\"},\"image\":{\"@id\":\"https:\/\/tourtravelandmore.com\/es\/#\/schema\/logo\/image\/\"},\"sameAs\":[\"https:\/\/www.facebook.com\/tourtravelandmore\/\",\"https:\/\/x.com\/TourTravel_More\"]}]}<\/script>\n<!-- \/ Yoast SEO Premium plugin. -->","yoast_head_json":{"title":"\u27a1\ufe0f Tour privado a Reims saliendo desde Par\u00eds en un coche privado | Tour Travel & More","description":"Visita la capital mundial del champ\u00e1n en un tour privado a Reims desde Par\u00eds, viajando en un c\u00f3modo coche de lujo y con la compa\u00f1\u00eda de un gu\u00eda oficial local.\u2705","robots":{"index":"index","follow":"follow","max-snippet":"max-snippet:-1","max-image-preview":"max-image-preview:large","max-video-preview":"max-video-preview:-1"},"canonical":"https:\/\/tourtravelandmore.com\/es\/tours\/francia\/reims-sp\/todos-los-tours-privados-y-actividades-reims-sp-francia\/tour-privado-de-reims-desde-paris\/","og_locale":"es_ES","og_type":"article","og_title":"Tour privado de Reims desde Par\u00eds","og_description":"Visita la capital mundial del champ\u00e1n en un tour privado a Reims desde Par\u00eds, viajando en un c\u00f3modo coche de lujo y con la compa\u00f1\u00eda de un gu\u00eda oficial local.\u2705","og_url":"https:\/\/tourtravelandmore.com\/es\/tours\/francia\/reims-sp\/todos-los-tours-privados-y-actividades-reims-sp-francia\/tour-privado-de-reims-desde-paris\/","og_site_name":"Tour Travel And More","article_publisher":"https:\/\/www.facebook.com\/tourtravelandmore\/","article_modified_time":"2022-09-20T02:23:20+00:00","og_image":[{"width":1920,"height":1463,"url":"https:\/\/tourtravelandmore.com\/wp-content\/uploads\/2022\/01\/adlan-pO_l4aoVYjY-unsplash.jpg","type":"image\/jpeg"}],"twitter_card":"summary_large_image","twitter_site":"@TourTravel_More","twitter_misc":{"Tiempo de lectura":"2 minutos"},"schema":{"@context":"https:\/\/schema.org","@graph":[{"@type":"WebPage","@id":"https:\/\/tourtravelandmore.com\/es\/tours\/francia\/reims-sp\/todos-los-tours-privados-y-actividades-reims-sp-francia\/tour-privado-de-reims-desde-paris\/","url":"https:\/\/tourtravelandmore.com\/es\/tours\/francia\/reims-sp\/todos-los-tours-privados-y-actividades-reims-sp-francia\/tour-privado-de-reims-desde-paris\/","name":"\u27a1\ufe0f Tour privado a Reims saliendo desde Par\u00eds en un coche privado | Tour Travel & More","isPartOf":{"@id":"https:\/\/tourtravelandmore.com\/es\/#website"},"primaryImageOfPage":{"@id":"https:\/\/tourtravelandmore.com\/es\/tours\/francia\/reims-sp\/todos-los-tours-privados-y-actividades-reims-sp-francia\/tour-privado-de-reims-desde-paris\/#primaryimage"},"image":{"@id":"https:\/\/tourtravelandmore.com\/es\/tours\/francia\/reims-sp\/todos-los-tours-privados-y-actividades-reims-sp-francia\/tour-privado-de-reims-desde-paris\/#primaryimage"},"thumbnailUrl":"https:\/\/tourtravelandmore.com\/wp-content\/uploads\/2022\/01\/adlan-pO_l4aoVYjY-unsplash.jpg","datePublished":"2022-01-12T16:15:48+00:00","dateModified":"2022-09-20T02:23:20+00:00","description":"Visita la capital mundial del champ\u00e1n en un tour privado a Reims desde Par\u00eds, viajando en un c\u00f3modo coche de lujo y con la compa\u00f1\u00eda de un gu\u00eda oficial local.\u2705","breadcrumb":{"@id":"https:\/\/tourtravelandmore.com\/es\/tours\/francia\/reims-sp\/todos-los-tours-privados-y-actividades-reims-sp-francia\/tour-privado-de-reims-desde-paris\/#breadcrumb"},"inLanguage":"es","potentialAction":[{"@type":"ReadAction","target":["https:\/\/tourtravelandmore.com\/es\/tours\/francia\/reims-sp\/todos-los-tours-privados-y-actividades-reims-sp-francia\/tour-privado-de-reims-desde-paris\/"]}]},{"@type":"ImageObject","inLanguage":"es","@id":"https:\/\/tourtravelandmore.com\/es\/tours\/francia\/reims-sp\/todos-los-tours-privados-y-actividades-reims-sp-francia\/tour-privado-de-reims-desde-paris\/#primaryimage","url":"https:\/\/tourtravelandmore.com\/wp-content\/uploads\/2022\/01\/adlan-pO_l4aoVYjY-unsplash.jpg","contentUrl":"https:\/\/tourtravelandmore.com\/wp-content\/uploads\/2022\/01\/adlan-pO_l4aoVYjY-unsplash.jpg","width":1920,"height":1463},{"@type":"BreadcrumbList","@id":"https:\/\/tourtravelandmore.com\/es\/tours\/francia\/reims-sp\/todos-los-tours-privados-y-actividades-reims-sp-francia\/tour-privado-de-reims-desde-paris\/#breadcrumb","itemListElement":[{"@type":"ListItem","position":1,"name":"Home","item":"https:\/\/tourtravelandmore.com\/es\/"},{"@type":"ListItem","position":2,"name":"Tours","item":"https:\/\/tourtravelandmore.com\/es\/tours\/"},{"@type":"ListItem","position":3,"name":"Tour privado de Reims desde Par\u00eds"}]},{"@type":"WebSite","@id":"https:\/\/tourtravelandmore.com\/es\/#website","url":"https:\/\/tourtravelandmore.com\/es\/","name":"Tour Travel And More","description":"Private sightseeing tours and luxury transfers in Spain","publisher":{"@id":"https:\/\/tourtravelandmore.com\/es\/#organization"},"potentialAction":[{"@type":"SearchAction","target":{"@type":"EntryPoint","urlTemplate":"https:\/\/tourtravelandmore.com\/es\/?s={search_term_string}"},"query-input":{"@type":"PropertyValueSpecification","valueRequired":true,"valueName":"search_term_string"}}],"inLanguage":"es"},{"@type":"Organization","@id":"https:\/\/tourtravelandmore.com\/es\/#organization","name":"Tour Travel And More","url":"https:\/\/tourtravelandmore.com\/es\/","logo":{"@type":"ImageObject","inLanguage":"es","@id":"https:\/\/tourtravelandmore.com\/es\/#\/schema\/logo\/image\/","url":"https:\/\/tourtravelandmore.com\/wp-content\/uploads\/2022\/12\/cropped-logo-cabecera-new.png","contentUrl":"https:\/\/tourtravelandmore.com\/wp-content\/uploads\/2022\/12\/cropped-logo-cabecera-new.png","width":430,"height":61,"caption":"Tour Travel And More"},"image":{"@id":"https:\/\/tourtravelandmore.com\/es\/#\/schema\/logo\/image\/"},"sameAs":["https:\/\/www.facebook.com\/tourtravelandmore\/","https:\/\/x.com\/TourTravel_More"]}]}},"_links":{"self":[{"href":"https:\/\/tourtravelandmore.com\/es\/wp-json\/wp\/v2\/product\/117368","targetHints":{"allow":["GET"]}}],"collection":[{"href":"https:\/\/tourtravelandmore.com\/es\/wp-json\/wp\/v2\/product"}],"about":[{"href":"https:\/\/tourtravelandmore.com\/es\/wp-json\/wp\/v2\/types\/product"}],"replies":[{"embeddable":true,"href":"https:\/\/tourtravelandmore.com\/es\/wp-json\/wp\/v2\/comments?post=117368"}],"wp:featuredmedia":[{"embeddable":true,"href":"https:\/\/tourtravelandmore.com\/es\/wp-json\/wp\/v2\/media\/118512"}],"wp:attachment":[{"href":"https:\/\/tourtravelandmore.com\/es\/wp-json\/wp\/v2\/media?parent=117368"}],"wp:term":[{"taxonomy":"product_brand","embeddable":true,"href":"https:\/\/tourtravelandmore.com\/es\/wp-json\/wp\/v2\/product_brand?post=117368"},{"taxonomy":"product_cat","embeddable":true,"href":"https:\/\/tourtravelandmore.com\/es\/wp-json\/wp\/v2\/product_cat?post=117368"},{"taxonomy":"product_tag","embeddable":true,"href":"https:\/\/tourtravelandmore.com\/es\/wp-json\/wp\/v2\/product_tag?post=117368"}],"curies":[{"name":"wp","href":"https:\/\/api.w.org\/{rel}","templated":true}]}}