{"id":11729,"date":"2017-04-05T11:47:35","date_gmt":"2017-04-05T10:47:30","guid":{"rendered":"http:\/\/tourtravelandmore.com\/es\/?post_type=product&#038;p=11729"},"modified":"2022-11-16T09:25:54","modified_gmt":"2022-11-16T08:25:54","slug":"tour-privado-munich","status":"publish","type":"product","link":"https:\/\/tourtravelandmore.com\/es\/tours\/alemania-es\/munich-es\/tour-privado-munich\/","title":{"rendered":"Tour privado por la Ciudad de M\u00fanich"},"content":{"rendered":"<h2><strong>Descripci\u00f3n del Tour privado por la Ciudad de M\u00fanich<\/strong><\/h2>\n<p>Descubre la magn\u00edfica M\u00fanich durante un tour privado en espa\u00f1ol con gu\u00eda oficial. Una de las ciudades m\u00e1s visitadas del norte de Europa, M\u00fanich ofrece una especial combinaci\u00f3n entre su historia y modernidad. Explora M\u00fanich durante un tour privado en espa\u00f1ol.<\/p>\n<p>Para comenzar su tour su gu\u00eda privado y chofer le recoger\u00e1n en su hotel o sitio deseado. A continuaci\u00f3n comenzar\u00e1 su tour privado por los sitios m\u00e1s emblem\u00e1ticos de la ciudad. El itinerario final es absolutamente adaptable a su deseo personal.<\/p>\n<p>Todos nuestros tours son privados y organizados a medida. Duraci\u00f3n, itinerario y horario de comienzo son ajustables a su inter\u00e9s.<\/p>\n<h2><strong>Puntos de inter\u00e9s en el <\/strong><strong>Tour privado por la Ciudad de M\u00fanich<\/strong><\/h2>\n<p>M\u00fanich es la capital de Bavaria y la tercera ciudad m\u00e1s poblada de Alemania (despu\u00e9s de Hamburgo y Berl\u00edn). M\u00fanich, o M\u00fcnchen (\u201chogar de los monjes\u201d), fue originada en el monasterio Benedictino en Tegernsee, el cual fue aproximadamente fundado en el 750 <span class=\"text-smallcaps\">CE<\/span>. La ciudad alberga una arquitectura fascinante, combinando a su vez historia y tradici\u00f3n con modernidad. Durante su tour privado explorar\u00e1 la ciudad y sus sitios m\u00e1s emblem\u00e1ticos con un gu\u00eda local, experto en historia de M\u00fanich. Algunos de los sitios que visitar\u00e1 durante su tour privado en M\u00fanich en espa\u00f1ol son:<\/p>\n<ul>\n<li><strong>Marienplatz: Centro neur\u00e1lgico de la ciudad y del centro hist\u00f3rico<\/strong><\/li>\n<li><strong>Nuevo ayuntamiento: Uno de las edificaciones m\u00e1s bonitas de la ciudad<\/strong><\/li>\n<li><strong>Viktualienmarkt: Mercado al aire libre en el centro de la ciudad<\/strong><\/li>\n<li><strong>Frauenkirche: La catedral de la ciudad es una de las edificaciones m\u00e1s antiguas de Munich<\/strong><\/li>\n<li><strong>Olympia Park<\/strong><\/li>\n<li><strong>Jard\u00edn Ingl\u00e9s de Munich: Uno de los parques urbanos m\u00e1s grandes del mundo<\/strong><\/li>\n<li><strong>Palacio de Nymphenburg: Residencia de verano de la familia real<\/strong><\/li>\n<li><strong>Hofbr\u00e4uhaus am Platzl: Uno de los \u00a8bier garten\u00a8 m\u00e1s famosos de Alemania<\/strong><\/li>\n<li><strong>Eisbachwelle: Ola de surfers en el r\u00edo Eisbach<\/strong><\/li>\n<li><strong>\u00a1Mucho m\u00e1s!<\/strong><\/li>\n<\/ul>\n<p>Podr\u00e9is disfrutar de la magn\u00edfica ciudad de M\u00fanich en todo su esplendor y conocer\u00e9is lo m\u00e1s emblem\u00e1tico de la ciudad. En caso de que deseen visitar alg\u00fan museo o monumento podemos coordinar entradas sin fila.<br \/>\n\u00a1Al finalizar el tour vuestro chofer os devolver\u00e1 a vuestro hotel para que pod\u00e1is ir a descansar y recuperar fuerzas!<\/p>\n<h2>Tour M\u00fanich en espa\u00f1ol<\/h2>\n<p><span style=\"font-weight: 400;\">Como detallado anteriormente, este tour es absolutamente privado y adaptable a medida. Nuestros expertos de viaje le ayudar\u00e1n a planificar la experiencia ideal en M\u00fanich.<\/span><\/p>\n<p>Ofrecemos tambi\u00e9n <a href=\"https:\/\/tourtravelandmore.com\/es\/ciudad\/alemania-es\/munich-es\/munich-tours-privados-pie-es\/\">tours privados a pie<\/a>, <a href=\"https:\/\/tourtravelandmore.com\/es\/ciudad\/alemania-es\/munich-es\/munich-excursiones-es\/\">excursiones fuera de la ciudad<\/a> y <a href=\"https:\/\/tourtravelandmore.com\/es\/ciudad\/alemania-es\/munich-es\/munich-traslados-es\/\">traslados privados<\/a> en caso de que desee.<\/p>\n<p>Itinerario, duraci\u00f3n y horario de comienzo son totalmente ajustables a su deseo personal. Cont\u00e1ctenos y le ayudaremos a coordinar su experiencia a medida en M\u00fanich.<\/p>\n","protected":false},"excerpt":{"rendered":"<p>Disfrute de una experiencia totalmente personalizada y descubra <strong>la maravillosa ciudad de M\u00fanich<\/strong> con su gu\u00eda tur\u00edstico oficial y su conductor privado. Perm\u00edtanos ayudarlo a descubrir esta ciudad llena de historia, maravillosa arquitectura y su toque moderno. <strong>Realizar\u00e1s este tour c\u00f3modamente en un veh\u00edculo privado de lujo. Experiencia de medio d\u00eda solo para ti y tu grupo.<\/strong><\/p>\n","protected":false},"featured_media":81634,"comment_status":"open","ping_status":"closed","template":"","meta":{"_acf_changed":false},"product_brand":[],"product_cat":[456,457,459],"product_tag":[],"class_list":{"0":"post-11729","1":"product","2":"type-product","3":"status-publish","4":"has-post-thumbnail","6":"product_cat-munich-es","7":"product_cat-munich-actividades-es","8":"product_cat-munich-rutas-turisticas-privadas-es","10":"first","11":"instock","12":"shipping-taxable","13":"purchasable","14":"product-type-simple"},"acf":[],"yoast_head":"<!-- This site is optimized with the Yoast SEO Premium plugin v25.3.1 (Yoast SEO v25.3.1) - https:\/\/yoast.com\/wordpress\/plugins\/seo\/ -->\n<title>Tour privado de Munich en espa\u00f1ol con chofer y gu\u00eda oficial | TTM<\/title>\n<meta name=\"description\" content=\"Descubra Munich durante un tour privado junto a un gu\u00eda oficial en espa\u00f1ol. Visite los sitios m\u00e1s emblem\u00e1ticos de Munich y aprenda su historia \u2705\" \/>\n<meta name=\"robots\" content=\"index, follow, max-snippet:-1, max-image-preview:large, max-video-preview:-1\" \/>\n<link rel=\"canonical\" href=\"https:\/\/tourtravelandmore.com\/es\/tours\/alemania-es\/munich-es\/tour-privado-munich\/\" \/>\n<meta property=\"og:locale\" content=\"es_ES\" \/>\n<meta property=\"og:type\" content=\"article\" \/>\n<meta property=\"og:title\" content=\"Tour privado por la Ciudad de M\u00fanich\" \/>\n<meta property=\"og:description\" content=\"Descubra Munich durante un tour privado junto a un gu\u00eda oficial en espa\u00f1ol. Visite los sitios m\u00e1s emblem\u00e1ticos de Munich y aprenda su historia \u2705\" \/>\n<meta property=\"og:url\" content=\"https:\/\/tourtravelandmore.com\/es\/tours\/alemania-es\/munich-es\/tour-privado-munich\/\" \/>\n<meta property=\"og:site_name\" content=\"Tour Travel And More\" \/>\n<meta property=\"article:publisher\" content=\"https:\/\/www.facebook.com\/tourtravelandmore\/\" \/>\n<meta property=\"article:modified_time\" content=\"2022-11-16T08:25:54+00:00\" \/>\n<meta property=\"og:image\" content=\"https:\/\/tourtravelandmore.com\/wp-content\/uploads\/2017\/04\/marienplatz-min.jpg\" \/>\n\t<meta property=\"og:image:width\" content=\"1024\" \/>\n\t<meta property=\"og:image:height\" content=\"768\" \/>\n\t<meta property=\"og:image:type\" content=\"image\/jpeg\" \/>\n<meta name=\"twitter:card\" content=\"summary_large_image\" \/>\n<meta name=\"twitter:site\" content=\"@TourTravel_More\" \/>\n<meta name=\"twitter:label1\" content=\"Tiempo de lectura\" \/>\n\t<meta name=\"twitter:data1\" content=\"2 minutos\" \/>\n<script type=\"application\/ld+json\" class=\"yoast-schema-graph\">{\"@context\":\"https:\/\/schema.org\",\"@graph\":[{\"@type\":\"WebPage\",\"@id\":\"https:\/\/tourtravelandmore.com\/es\/tours\/alemania-es\/munich-es\/tour-privado-munich\/\",\"url\":\"https:\/\/tourtravelandmore.com\/es\/tours\/alemania-es\/munich-es\/tour-privado-munich\/\",\"name\":\"Tour privado de Munich en espa\u00f1ol con chofer y gu\u00eda oficial | TTM\",\"isPartOf\":{\"@id\":\"https:\/\/tourtravelandmore.com\/es\/#website\"},\"primaryImageOfPage\":{\"@id\":\"https:\/\/tourtravelandmore.com\/es\/tours\/alemania-es\/munich-es\/tour-privado-munich\/#primaryimage\"},\"image\":{\"@id\":\"https:\/\/tourtravelandmore.com\/es\/tours\/alemania-es\/munich-es\/tour-privado-munich\/#primaryimage\"},\"thumbnailUrl\":\"https:\/\/tourtravelandmore.com\/wp-content\/uploads\/2017\/04\/marienplatz-min.jpg\",\"datePublished\":\"2017-04-05T10:47:30+00:00\",\"dateModified\":\"2022-11-16T08:25:54+00:00\",\"description\":\"Descubra Munich durante un tour privado junto a un gu\u00eda oficial en espa\u00f1ol. Visite los sitios m\u00e1s emblem\u00e1ticos de Munich y aprenda su historia \u2705\",\"breadcrumb\":{\"@id\":\"https:\/\/tourtravelandmore.com\/es\/tours\/alemania-es\/munich-es\/tour-privado-munich\/#breadcrumb\"},\"inLanguage\":\"es\",\"potentialAction\":[{\"@type\":\"ReadAction\",\"target\":[\"https:\/\/tourtravelandmore.com\/es\/tours\/alemania-es\/munich-es\/tour-privado-munich\/\"]}]},{\"@type\":\"ImageObject\",\"inLanguage\":\"es\",\"@id\":\"https:\/\/tourtravelandmore.com\/es\/tours\/alemania-es\/munich-es\/tour-privado-munich\/#primaryimage\",\"url\":\"https:\/\/tourtravelandmore.com\/wp-content\/uploads\/2017\/04\/marienplatz-min.jpg\",\"contentUrl\":\"https:\/\/tourtravelandmore.com\/wp-content\/uploads\/2017\/04\/marienplatz-min.jpg\",\"width\":1024,\"height\":768,\"caption\":\"Marienplatz\"},{\"@type\":\"BreadcrumbList\",\"@id\":\"https:\/\/tourtravelandmore.com\/es\/tours\/alemania-es\/munich-es\/tour-privado-munich\/#breadcrumb\",\"itemListElement\":[{\"@type\":\"ListItem\",\"position\":1,\"name\":\"Home\",\"item\":\"https:\/\/tourtravelandmore.com\/es\/\"},{\"@type\":\"ListItem\",\"position\":2,\"name\":\"Tours\",\"item\":\"https:\/\/tourtravelandmore.com\/es\/tours\/\"},{\"@type\":\"ListItem\",\"position\":3,\"name\":\"Tour privado por la Ciudad de M\u00fanich\"}]},{\"@type\":\"WebSite\",\"@id\":\"https:\/\/tourtravelandmore.com\/es\/#website\",\"url\":\"https:\/\/tourtravelandmore.com\/es\/\",\"name\":\"Tour Travel And More\",\"description\":\"Private sightseeing tours and luxury transfers in Spain\",\"publisher\":{\"@id\":\"https:\/\/tourtravelandmore.com\/es\/#organization\"},\"potentialAction\":[{\"@type\":\"SearchAction\",\"target\":{\"@type\":\"EntryPoint\",\"urlTemplate\":\"https:\/\/tourtravelandmore.com\/es\/?s={search_term_string}\"},\"query-input\":{\"@type\":\"PropertyValueSpecification\",\"valueRequired\":true,\"valueName\":\"search_term_string\"}}],\"inLanguage\":\"es\"},{\"@type\":\"Organization\",\"@id\":\"https:\/\/tourtravelandmore.com\/es\/#organization\",\"name\":\"Tour Travel And More\",\"url\":\"https:\/\/tourtravelandmore.com\/es\/\",\"logo\":{\"@type\":\"ImageObject\",\"inLanguage\":\"es\",\"@id\":\"https:\/\/tourtravelandmore.com\/es\/#\/schema\/logo\/image\/\",\"url\":\"https:\/\/tourtravelandmore.com\/wp-content\/uploads\/2022\/12\/cropped-logo-cabecera-new.png\",\"contentUrl\":\"https:\/\/tourtravelandmore.com\/wp-content\/uploads\/2022\/12\/cropped-logo-cabecera-new.png\",\"width\":430,\"height\":61,\"caption\":\"Tour Travel And More\"},\"image\":{\"@id\":\"https:\/\/tourtravelandmore.com\/es\/#\/schema\/logo\/image\/\"},\"sameAs\":[\"https:\/\/www.facebook.com\/tourtravelandmore\/\",\"https:\/\/x.com\/TourTravel_More\"]}]}<\/script>\n<!-- \/ Yoast SEO Premium plugin. -->","yoast_head_json":{"title":"Tour privado de Munich en espa\u00f1ol con chofer y gu\u00eda oficial | TTM","description":"Descubra Munich durante un tour privado junto a un gu\u00eda oficial en espa\u00f1ol. Visite los sitios m\u00e1s emblem\u00e1ticos de Munich y aprenda su historia \u2705","robots":{"index":"index","follow":"follow","max-snippet":"max-snippet:-1","max-image-preview":"max-image-preview:large","max-video-preview":"max-video-preview:-1"},"canonical":"https:\/\/tourtravelandmore.com\/es\/tours\/alemania-es\/munich-es\/tour-privado-munich\/","og_locale":"es_ES","og_type":"article","og_title":"Tour privado por la Ciudad de M\u00fanich","og_description":"Descubra Munich durante un tour privado junto a un gu\u00eda oficial en espa\u00f1ol. Visite los sitios m\u00e1s emblem\u00e1ticos de Munich y aprenda su historia \u2705","og_url":"https:\/\/tourtravelandmore.com\/es\/tours\/alemania-es\/munich-es\/tour-privado-munich\/","og_site_name":"Tour Travel And More","article_publisher":"https:\/\/www.facebook.com\/tourtravelandmore\/","article_modified_time":"2022-11-16T08:25:54+00:00","og_image":[{"width":1024,"height":768,"url":"https:\/\/tourtravelandmore.com\/wp-content\/uploads\/2017\/04\/marienplatz-min.jpg","type":"image\/jpeg"}],"twitter_card":"summary_large_image","twitter_site":"@TourTravel_More","twitter_misc":{"Tiempo de lectura":"2 minutos"},"schema":{"@context":"https:\/\/schema.org","@graph":[{"@type":"WebPage","@id":"https:\/\/tourtravelandmore.com\/es\/tours\/alemania-es\/munich-es\/tour-privado-munich\/","url":"https:\/\/tourtravelandmore.com\/es\/tours\/alemania-es\/munich-es\/tour-privado-munich\/","name":"Tour privado de Munich en espa\u00f1ol con chofer y gu\u00eda oficial | TTM","isPartOf":{"@id":"https:\/\/tourtravelandmore.com\/es\/#website"},"primaryImageOfPage":{"@id":"https:\/\/tourtravelandmore.com\/es\/tours\/alemania-es\/munich-es\/tour-privado-munich\/#primaryimage"},"image":{"@id":"https:\/\/tourtravelandmore.com\/es\/tours\/alemania-es\/munich-es\/tour-privado-munich\/#primaryimage"},"thumbnailUrl":"https:\/\/tourtravelandmore.com\/wp-content\/uploads\/2017\/04\/marienplatz-min.jpg","datePublished":"2017-04-05T10:47:30+00:00","dateModified":"2022-11-16T08:25:54+00:00","description":"Descubra Munich durante un tour privado junto a un gu\u00eda oficial en espa\u00f1ol. Visite los sitios m\u00e1s emblem\u00e1ticos de Munich y aprenda su historia \u2705","breadcrumb":{"@id":"https:\/\/tourtravelandmore.com\/es\/tours\/alemania-es\/munich-es\/tour-privado-munich\/#breadcrumb"},"inLanguage":"es","potentialAction":[{"@type":"ReadAction","target":["https:\/\/tourtravelandmore.com\/es\/tours\/alemania-es\/munich-es\/tour-privado-munich\/"]}]},{"@type":"ImageObject","inLanguage":"es","@id":"https:\/\/tourtravelandmore.com\/es\/tours\/alemania-es\/munich-es\/tour-privado-munich\/#primaryimage","url":"https:\/\/tourtravelandmore.com\/wp-content\/uploads\/2017\/04\/marienplatz-min.jpg","contentUrl":"https:\/\/tourtravelandmore.com\/wp-content\/uploads\/2017\/04\/marienplatz-min.jpg","width":1024,"height":768,"caption":"Marienplatz"},{"@type":"BreadcrumbList","@id":"https:\/\/tourtravelandmore.com\/es\/tours\/alemania-es\/munich-es\/tour-privado-munich\/#breadcrumb","itemListElement":[{"@type":"ListItem","position":1,"name":"Home","item":"https:\/\/tourtravelandmore.com\/es\/"},{"@type":"ListItem","position":2,"name":"Tours","item":"https:\/\/tourtravelandmore.com\/es\/tours\/"},{"@type":"ListItem","position":3,"name":"Tour privado por la Ciudad de M\u00fanich"}]},{"@type":"WebSite","@id":"https:\/\/tourtravelandmore.com\/es\/#website","url":"https:\/\/tourtravelandmore.com\/es\/","name":"Tour Travel And More","description":"Private sightseeing tours and luxury transfers in Spain","publisher":{"@id":"https:\/\/tourtravelandmore.com\/es\/#organization"},"potentialAction":[{"@type":"SearchAction","target":{"@type":"EntryPoint","urlTemplate":"https:\/\/tourtravelandmore.com\/es\/?s={search_term_string}"},"query-input":{"@type":"PropertyValueSpecification","valueRequired":true,"valueName":"search_term_string"}}],"inLanguage":"es"},{"@type":"Organization","@id":"https:\/\/tourtravelandmore.com\/es\/#organization","name":"Tour Travel And More","url":"https:\/\/tourtravelandmore.com\/es\/","logo":{"@type":"ImageObject","inLanguage":"es","@id":"https:\/\/tourtravelandmore.com\/es\/#\/schema\/logo\/image\/","url":"https:\/\/tourtravelandmore.com\/wp-content\/uploads\/2022\/12\/cropped-logo-cabecera-new.png","contentUrl":"https:\/\/tourtravelandmore.com\/wp-content\/uploads\/2022\/12\/cropped-logo-cabecera-new.png","width":430,"height":61,"caption":"Tour Travel And More"},"image":{"@id":"https:\/\/tourtravelandmore.com\/es\/#\/schema\/logo\/image\/"},"sameAs":["https:\/\/www.facebook.com\/tourtravelandmore\/","https:\/\/x.com\/TourTravel_More"]}]}},"_links":{"self":[{"href":"https:\/\/tourtravelandmore.com\/es\/wp-json\/wp\/v2\/product\/11729","targetHints":{"allow":["GET"]}}],"collection":[{"href":"https:\/\/tourtravelandmore.com\/es\/wp-json\/wp\/v2\/product"}],"about":[{"href":"https:\/\/tourtravelandmore.com\/es\/wp-json\/wp\/v2\/types\/product"}],"replies":[{"embeddable":true,"href":"https:\/\/tourtravelandmore.com\/es\/wp-json\/wp\/v2\/comments?post=11729"}],"wp:featuredmedia":[{"embeddable":true,"href":"https:\/\/tourtravelandmore.com\/es\/wp-json\/wp\/v2\/media\/81634"}],"wp:attachment":[{"href":"https:\/\/tourtravelandmore.com\/es\/wp-json\/wp\/v2\/media?parent=11729"}],"wp:term":[{"taxonomy":"product_brand","embeddable":true,"href":"https:\/\/tourtravelandmore.com\/es\/wp-json\/wp\/v2\/product_brand?post=11729"},{"taxonomy":"product_cat","embeddable":true,"href":"https:\/\/tourtravelandmore.com\/es\/wp-json\/wp\/v2\/product_cat?post=11729"},{"taxonomy":"product_tag","embeddable":true,"href":"https:\/\/tourtravelandmore.com\/es\/wp-json\/wp\/v2\/product_tag?post=11729"}],"curies":[{"name":"wp","href":"https:\/\/api.w.org\/{rel}","templated":true}]}}