{"id":117179,"date":"2022-01-04T15:50:38","date_gmt":"2022-01-05T11:03:17","guid":{"rendered":"https:\/\/tourtravelandmore.com\/?post_type=product&#038;p=117179"},"modified":"2025-09-17T17:47:37","modified_gmt":"2025-09-17T15:47:37","slug":"tour-privado-nocturno-de-dubai-con-cena","status":"publish","type":"product","link":"https:\/\/tourtravelandmore.com\/es\/tours\/emiratos-arabes-unidos-es\/dubai-es\/dubai-excursiones-privadas-cruceros-es\/tour-privado-nocturno-de-dubai-con-cena\/","title":{"rendered":"Tour Privado nocturno por Dub\u00e1i con cena"},"content":{"rendered":"<h2><b>Descripci\u00f3n | Tour Privado nocturno por Dub\u00e1i con cena<\/b><\/h2>\n<p>Descubra la magia de los Emiratos con nuestro <b>tour privado nocturno por la ciudad de Dub\u00e1i con cena<\/b>. Esta exclusiva experiencia nocturna combina monumentos iluminados, ambientes vibrantes y una cena tradicional para sumergirle en el encanto \u00fanico de la ciudad. Con su conductor y gu\u00eda privados, disfrutar\u00e1 de comodidad y de un itinerario personalizado que le permitir\u00e1 descubrir la vida de Dub\u00e1i despu\u00e9s del atardecer.<\/p>\n<p>El tour comienza con un recorrido panor\u00e1mico por la emblem\u00e1tica Marina de Dub\u00e1i, donde los deslumbrantes rascacielos se reflejan en el agua. Contin\u00fae hacia <b>Palm Jumeirah<\/b>, que ofrece unas vistas impresionantes de la costa. Su gu\u00eda le llevar\u00e1 a admirar el iluminado <b>Burj Al Arab<\/b>, uno de los hoteles m\u00e1s lujosos del mundo. Paseando por Madinat Jumeirah, descubrir\u00e1 un elegante complejo inspirado en los zocos tradicionales, perfecto para hacer fotos y compras.<\/p>\n<h2>Puntos destacados<\/h2>\n<ul>\n<li><b>Dubai Marina<\/b>: horizonte resplandeciente con arquitectura moderna.<\/li>\n<li><b>Palm Jumeirah<\/b>: vistas panor\u00e1micas de la famosa isla de Dub\u00e1i.<\/li>\n<li><b>Burj Al Arab<\/b>: parada para hacer fotos en el emblem\u00e1tico hotel con forma de vela.<\/li>\n<li><b>Madinat Jumeirah<\/b>: encanto \u00e1rabe en un animado entorno nocturno.<\/li>\n<li><b>Cena tradicional<\/b>: disfrute de sabores aut\u00e9nticos en un restaurante local seleccionado.<\/li>\n<\/ul>\n<p>Despu\u00e9s de explorar la ciudad, su gu\u00eda le llevar\u00e1 a un restaurante donde podr\u00e1 saborear una deliciosa cena degustaci\u00f3n, que destaca los sabores aut\u00e9nticos de la regi\u00f3n. Este momento culinario complementa a la perfecci\u00f3n el esplendor visual del horizonte iluminado de Dub\u00e1i.<\/p>\n<p>Para obtener m\u00e1s detalles sobre las atracciones oficiales de la ciudad, visite Dubai Tourism. Tambi\u00e9n puede explorar otros tours privados en los Emiratos \u00c1rabes Unidos en <a href=\"https:\/\/tourtravelandmore.com\/\">Tour Travel &amp; More<\/a>.<\/p>\n<p>Elegir el <b>tour privado por la ciudad de Dub\u00e1i por la noche con cena<\/b> le garantiza una velada inolvidable. En solo cuatro horas, combinar\u00e1 visitas tur\u00edsticas, oportunidades para hacer fotos y cocina aut\u00e9ntica, creando una experiencia memorable en una de las ciudades m\u00e1s espectaculares del mundo.<\/p>\n<p>Si nuestro <b>tour privado por la ciudad de Dub\u00e1i por la noche con cena<\/b> le hace querer saber m\u00e1s sobre este lugar \u00fanico, <a href=\"https:\/\/www.deepl.com\/?product_cat=uae-en#shop\"><b>\u00a1no se pierda nuestros otros tours privados en los Emiratos \u00c1rabes Unidos aqu\u00ed!<\/b><\/a><\/p>\n<p>&nbsp;<\/p>\n","protected":false},"excerpt":{"rendered":"<p><span style=\"font-weight: 400;\">Disfrute de esta experiencia completamente <\/span><b>privada <\/b><span style=\"font-weight: 400;\">y explore la brillante <\/span><b>Dub\u00e1i de noche<\/b><span style=\"font-weight: 400;\">, una ciudad donde la tradici\u00f3n isl\u00e1mica se encuentra con el estilo de vida moderno, en su <\/span><b>veh\u00edculo privado<\/b><span style=\"font-weight: 400;\"> junto con su propio <\/span><b>conductor privado<\/b><span style=\"font-weight: 400;\"> y <\/span><b>gu\u00eda tur\u00edstico oficial<\/b><span style=\"font-weight: 400;\"> durante 5 horas. Aproveche esta oportunidad para visitar <\/span><b>Palm Island, la playa de Jumeirah<\/b><span style=\"font-weight: 400;\">, <\/span><b>Madinat Jumeirah,<\/b><span style=\"font-weight: 400;\"> admirar el <\/span><b>Hotel Burj Al Arab<\/b><span style=\"font-weight: 400;\">, conocer el <\/span><b>Marina de Dub\u00e1i,<\/b><span style=\"font-weight: 400;\"> maravillarse con el singular <\/span><b>Burj Khalifa, el edificio m\u00e1s alto del mundo<\/b><span style=\"font-weight: 400;\">, y disfrutar de una <\/span><b>cena y espect\u00e1culo en un crucero en dhow <\/b><span style=\"font-weight: 400;\">. P\u00f3ngase en contacto con nosotros para una propuesta personalizada.<\/span><\/p>\n","protected":false},"featured_media":117130,"comment_status":"open","ping_status":"closed","template":"","meta":{"_acf_changed":false},"product_brand":[],"product_cat":[1905,1964,4038,1969,1966,1968],"product_tag":[],"class_list":{"0":"post-117179","1":"product","2":"type-product","3":"status-publish","4":"has-post-thumbnail","6":"product_cat-emiratos-arabes-unidos-es","7":"product_cat-dubai-es","8":"product_cat-private-city-tours-es","9":"product_cat-dubai-actividades-es","10":"product_cat-dubai-excursiones-privadas-cruceros-es","11":"product_cat-dubai-rutas-turisticas-privadas-es","13":"first","14":"instock","15":"shipping-taxable","16":"purchasable","17":"product-type-simple"},"acf":[],"yoast_head":"<!-- This site is optimized with the Yoast SEO Premium plugin v25.3.1 (Yoast SEO v25.3.1) - https:\/\/yoast.com\/wordpress\/plugins\/seo\/ -->\n<title>Tour Privado nocturno por Dub\u00e1i con cena | Tour Travel and More<\/title>\n<meta name=\"description\" content=\"Tour privado nocturno de Dub\u00e1i con cena; arquitectura moderna, lujo, paisajes \u00fanicos, edificios abrumadores, islas artificiales deslumbrantes y mucho m\u00e1s \u2705\" \/>\n<meta name=\"robots\" content=\"index, follow, max-snippet:-1, max-image-preview:large, max-video-preview:-1\" \/>\n<link rel=\"canonical\" href=\"https:\/\/tourtravelandmore.com\/es\/tours\/emiratos-arabes-unidos-es\/dubai-es\/dubai-excursiones-privadas-cruceros-es\/tour-privado-nocturno-de-dubai-con-cena\/\" \/>\n<meta property=\"og:locale\" content=\"es_ES\" \/>\n<meta property=\"og:type\" content=\"article\" \/>\n<meta property=\"og:title\" content=\"Tour Privado nocturno por Dub\u00e1i con cena\" \/>\n<meta property=\"og:description\" content=\"Tour privado nocturno de Dub\u00e1i con cena; arquitectura moderna, lujo, paisajes \u00fanicos, edificios abrumadores, islas artificiales deslumbrantes y mucho m\u00e1s \u2705\" \/>\n<meta property=\"og:url\" content=\"https:\/\/tourtravelandmore.com\/es\/tours\/emiratos-arabes-unidos-es\/dubai-es\/dubai-excursiones-privadas-cruceros-es\/tour-privado-nocturno-de-dubai-con-cena\/\" \/>\n<meta property=\"og:site_name\" content=\"Tour Travel And More\" \/>\n<meta property=\"article:publisher\" content=\"https:\/\/www.facebook.com\/tourtravelandmore\/\" \/>\n<meta property=\"article:modified_time\" content=\"2025-09-17T15:47:37+00:00\" \/>\n<meta property=\"og:image\" content=\"https:\/\/tourtravelandmore.com\/wp-content\/uploads\/2022\/01\/zq-lee-DcyL0IoCY0A-unsplash.jpg\" \/>\n\t<meta property=\"og:image:width\" content=\"1920\" \/>\n\t<meta property=\"og:image:height\" content=\"1280\" \/>\n\t<meta property=\"og:image:type\" content=\"image\/jpeg\" \/>\n<meta name=\"twitter:card\" content=\"summary_large_image\" \/>\n<meta name=\"twitter:site\" content=\"@TourTravel_More\" \/>\n<meta name=\"twitter:label1\" content=\"Tiempo de lectura\" \/>\n\t<meta name=\"twitter:data1\" content=\"2 minutos\" \/>\n<script type=\"application\/ld+json\" class=\"yoast-schema-graph\">{\"@context\":\"https:\/\/schema.org\",\"@graph\":[{\"@type\":\"WebPage\",\"@id\":\"https:\/\/tourtravelandmore.com\/es\/tours\/emiratos-arabes-unidos-es\/dubai-es\/dubai-excursiones-privadas-cruceros-es\/tour-privado-nocturno-de-dubai-con-cena\/\",\"url\":\"https:\/\/tourtravelandmore.com\/es\/tours\/emiratos-arabes-unidos-es\/dubai-es\/dubai-excursiones-privadas-cruceros-es\/tour-privado-nocturno-de-dubai-con-cena\/\",\"name\":\"Tour Privado nocturno por Dub\u00e1i con cena | Tour Travel and More\",\"isPartOf\":{\"@id\":\"https:\/\/tourtravelandmore.com\/es\/#website\"},\"primaryImageOfPage\":{\"@id\":\"https:\/\/tourtravelandmore.com\/es\/tours\/emiratos-arabes-unidos-es\/dubai-es\/dubai-excursiones-privadas-cruceros-es\/tour-privado-nocturno-de-dubai-con-cena\/#primaryimage\"},\"image\":{\"@id\":\"https:\/\/tourtravelandmore.com\/es\/tours\/emiratos-arabes-unidos-es\/dubai-es\/dubai-excursiones-privadas-cruceros-es\/tour-privado-nocturno-de-dubai-con-cena\/#primaryimage\"},\"thumbnailUrl\":\"https:\/\/tourtravelandmore.com\/wp-content\/uploads\/2022\/01\/zq-lee-DcyL0IoCY0A-unsplash.jpg\",\"datePublished\":\"2022-01-05T11:03:17+00:00\",\"dateModified\":\"2025-09-17T15:47:37+00:00\",\"description\":\"Tour privado nocturno de Dub\u00e1i con cena; arquitectura moderna, lujo, paisajes \u00fanicos, edificios abrumadores, islas artificiales deslumbrantes y mucho m\u00e1s \u2705\",\"breadcrumb\":{\"@id\":\"https:\/\/tourtravelandmore.com\/es\/tours\/emiratos-arabes-unidos-es\/dubai-es\/dubai-excursiones-privadas-cruceros-es\/tour-privado-nocturno-de-dubai-con-cena\/#breadcrumb\"},\"inLanguage\":\"es\",\"potentialAction\":[{\"@type\":\"ReadAction\",\"target\":[\"https:\/\/tourtravelandmore.com\/es\/tours\/emiratos-arabes-unidos-es\/dubai-es\/dubai-excursiones-privadas-cruceros-es\/tour-privado-nocturno-de-dubai-con-cena\/\"]}]},{\"@type\":\"ImageObject\",\"inLanguage\":\"es\",\"@id\":\"https:\/\/tourtravelandmore.com\/es\/tours\/emiratos-arabes-unidos-es\/dubai-es\/dubai-excursiones-privadas-cruceros-es\/tour-privado-nocturno-de-dubai-con-cena\/#primaryimage\",\"url\":\"https:\/\/tourtravelandmore.com\/wp-content\/uploads\/2022\/01\/zq-lee-DcyL0IoCY0A-unsplash.jpg\",\"contentUrl\":\"https:\/\/tourtravelandmore.com\/wp-content\/uploads\/2022\/01\/zq-lee-DcyL0IoCY0A-unsplash.jpg\",\"width\":1920,\"height\":1280},{\"@type\":\"BreadcrumbList\",\"@id\":\"https:\/\/tourtravelandmore.com\/es\/tours\/emiratos-arabes-unidos-es\/dubai-es\/dubai-excursiones-privadas-cruceros-es\/tour-privado-nocturno-de-dubai-con-cena\/#breadcrumb\",\"itemListElement\":[{\"@type\":\"ListItem\",\"position\":1,\"name\":\"Home\",\"item\":\"https:\/\/tourtravelandmore.com\/es\/\"},{\"@type\":\"ListItem\",\"position\":2,\"name\":\"Tours\",\"item\":\"https:\/\/tourtravelandmore.com\/es\/tours\/\"},{\"@type\":\"ListItem\",\"position\":3,\"name\":\"Tour Privado nocturno por Dub\u00e1i con cena\"}]},{\"@type\":\"WebSite\",\"@id\":\"https:\/\/tourtravelandmore.com\/es\/#website\",\"url\":\"https:\/\/tourtravelandmore.com\/es\/\",\"name\":\"Tour Travel And More\",\"description\":\"Private sightseeing tours and luxury transfers in Spain\",\"publisher\":{\"@id\":\"https:\/\/tourtravelandmore.com\/es\/#organization\"},\"potentialAction\":[{\"@type\":\"SearchAction\",\"target\":{\"@type\":\"EntryPoint\",\"urlTemplate\":\"https:\/\/tourtravelandmore.com\/es\/?s={search_term_string}\"},\"query-input\":{\"@type\":\"PropertyValueSpecification\",\"valueRequired\":true,\"valueName\":\"search_term_string\"}}],\"inLanguage\":\"es\"},{\"@type\":\"Organization\",\"@id\":\"https:\/\/tourtravelandmore.com\/es\/#organization\",\"name\":\"Tour Travel And More\",\"url\":\"https:\/\/tourtravelandmore.com\/es\/\",\"logo\":{\"@type\":\"ImageObject\",\"inLanguage\":\"es\",\"@id\":\"https:\/\/tourtravelandmore.com\/es\/#\/schema\/logo\/image\/\",\"url\":\"https:\/\/tourtravelandmore.com\/wp-content\/uploads\/2022\/12\/cropped-logo-cabecera-new.png\",\"contentUrl\":\"https:\/\/tourtravelandmore.com\/wp-content\/uploads\/2022\/12\/cropped-logo-cabecera-new.png\",\"width\":430,\"height\":61,\"caption\":\"Tour Travel And More\"},\"image\":{\"@id\":\"https:\/\/tourtravelandmore.com\/es\/#\/schema\/logo\/image\/\"},\"sameAs\":[\"https:\/\/www.facebook.com\/tourtravelandmore\/\",\"https:\/\/x.com\/TourTravel_More\"]}]}<\/script>\n<!-- \/ Yoast SEO Premium plugin. -->","yoast_head_json":{"title":"Tour Privado nocturno por Dub\u00e1i con cena | Tour Travel and More","description":"Tour privado nocturno de Dub\u00e1i con cena; arquitectura moderna, lujo, paisajes \u00fanicos, edificios abrumadores, islas artificiales deslumbrantes y mucho m\u00e1s \u2705","robots":{"index":"index","follow":"follow","max-snippet":"max-snippet:-1","max-image-preview":"max-image-preview:large","max-video-preview":"max-video-preview:-1"},"canonical":"https:\/\/tourtravelandmore.com\/es\/tours\/emiratos-arabes-unidos-es\/dubai-es\/dubai-excursiones-privadas-cruceros-es\/tour-privado-nocturno-de-dubai-con-cena\/","og_locale":"es_ES","og_type":"article","og_title":"Tour Privado nocturno por Dub\u00e1i con cena","og_description":"Tour privado nocturno de Dub\u00e1i con cena; arquitectura moderna, lujo, paisajes \u00fanicos, edificios abrumadores, islas artificiales deslumbrantes y mucho m\u00e1s \u2705","og_url":"https:\/\/tourtravelandmore.com\/es\/tours\/emiratos-arabes-unidos-es\/dubai-es\/dubai-excursiones-privadas-cruceros-es\/tour-privado-nocturno-de-dubai-con-cena\/","og_site_name":"Tour Travel And More","article_publisher":"https:\/\/www.facebook.com\/tourtravelandmore\/","article_modified_time":"2025-09-17T15:47:37+00:00","og_image":[{"width":1920,"height":1280,"url":"https:\/\/tourtravelandmore.com\/wp-content\/uploads\/2022\/01\/zq-lee-DcyL0IoCY0A-unsplash.jpg","type":"image\/jpeg"}],"twitter_card":"summary_large_image","twitter_site":"@TourTravel_More","twitter_misc":{"Tiempo de lectura":"2 minutos"},"schema":{"@context":"https:\/\/schema.org","@graph":[{"@type":"WebPage","@id":"https:\/\/tourtravelandmore.com\/es\/tours\/emiratos-arabes-unidos-es\/dubai-es\/dubai-excursiones-privadas-cruceros-es\/tour-privado-nocturno-de-dubai-con-cena\/","url":"https:\/\/tourtravelandmore.com\/es\/tours\/emiratos-arabes-unidos-es\/dubai-es\/dubai-excursiones-privadas-cruceros-es\/tour-privado-nocturno-de-dubai-con-cena\/","name":"Tour Privado nocturno por Dub\u00e1i con cena | Tour Travel and More","isPartOf":{"@id":"https:\/\/tourtravelandmore.com\/es\/#website"},"primaryImageOfPage":{"@id":"https:\/\/tourtravelandmore.com\/es\/tours\/emiratos-arabes-unidos-es\/dubai-es\/dubai-excursiones-privadas-cruceros-es\/tour-privado-nocturno-de-dubai-con-cena\/#primaryimage"},"image":{"@id":"https:\/\/tourtravelandmore.com\/es\/tours\/emiratos-arabes-unidos-es\/dubai-es\/dubai-excursiones-privadas-cruceros-es\/tour-privado-nocturno-de-dubai-con-cena\/#primaryimage"},"thumbnailUrl":"https:\/\/tourtravelandmore.com\/wp-content\/uploads\/2022\/01\/zq-lee-DcyL0IoCY0A-unsplash.jpg","datePublished":"2022-01-05T11:03:17+00:00","dateModified":"2025-09-17T15:47:37+00:00","description":"Tour privado nocturno de Dub\u00e1i con cena; arquitectura moderna, lujo, paisajes \u00fanicos, edificios abrumadores, islas artificiales deslumbrantes y mucho m\u00e1s \u2705","breadcrumb":{"@id":"https:\/\/tourtravelandmore.com\/es\/tours\/emiratos-arabes-unidos-es\/dubai-es\/dubai-excursiones-privadas-cruceros-es\/tour-privado-nocturno-de-dubai-con-cena\/#breadcrumb"},"inLanguage":"es","potentialAction":[{"@type":"ReadAction","target":["https:\/\/tourtravelandmore.com\/es\/tours\/emiratos-arabes-unidos-es\/dubai-es\/dubai-excursiones-privadas-cruceros-es\/tour-privado-nocturno-de-dubai-con-cena\/"]}]},{"@type":"ImageObject","inLanguage":"es","@id":"https:\/\/tourtravelandmore.com\/es\/tours\/emiratos-arabes-unidos-es\/dubai-es\/dubai-excursiones-privadas-cruceros-es\/tour-privado-nocturno-de-dubai-con-cena\/#primaryimage","url":"https:\/\/tourtravelandmore.com\/wp-content\/uploads\/2022\/01\/zq-lee-DcyL0IoCY0A-unsplash.jpg","contentUrl":"https:\/\/tourtravelandmore.com\/wp-content\/uploads\/2022\/01\/zq-lee-DcyL0IoCY0A-unsplash.jpg","width":1920,"height":1280},{"@type":"BreadcrumbList","@id":"https:\/\/tourtravelandmore.com\/es\/tours\/emiratos-arabes-unidos-es\/dubai-es\/dubai-excursiones-privadas-cruceros-es\/tour-privado-nocturno-de-dubai-con-cena\/#breadcrumb","itemListElement":[{"@type":"ListItem","position":1,"name":"Home","item":"https:\/\/tourtravelandmore.com\/es\/"},{"@type":"ListItem","position":2,"name":"Tours","item":"https:\/\/tourtravelandmore.com\/es\/tours\/"},{"@type":"ListItem","position":3,"name":"Tour Privado nocturno por Dub\u00e1i con cena"}]},{"@type":"WebSite","@id":"https:\/\/tourtravelandmore.com\/es\/#website","url":"https:\/\/tourtravelandmore.com\/es\/","name":"Tour Travel And More","description":"Private sightseeing tours and luxury transfers in Spain","publisher":{"@id":"https:\/\/tourtravelandmore.com\/es\/#organization"},"potentialAction":[{"@type":"SearchAction","target":{"@type":"EntryPoint","urlTemplate":"https:\/\/tourtravelandmore.com\/es\/?s={search_term_string}"},"query-input":{"@type":"PropertyValueSpecification","valueRequired":true,"valueName":"search_term_string"}}],"inLanguage":"es"},{"@type":"Organization","@id":"https:\/\/tourtravelandmore.com\/es\/#organization","name":"Tour Travel And More","url":"https:\/\/tourtravelandmore.com\/es\/","logo":{"@type":"ImageObject","inLanguage":"es","@id":"https:\/\/tourtravelandmore.com\/es\/#\/schema\/logo\/image\/","url":"https:\/\/tourtravelandmore.com\/wp-content\/uploads\/2022\/12\/cropped-logo-cabecera-new.png","contentUrl":"https:\/\/tourtravelandmore.com\/wp-content\/uploads\/2022\/12\/cropped-logo-cabecera-new.png","width":430,"height":61,"caption":"Tour Travel And More"},"image":{"@id":"https:\/\/tourtravelandmore.com\/es\/#\/schema\/logo\/image\/"},"sameAs":["https:\/\/www.facebook.com\/tourtravelandmore\/","https:\/\/x.com\/TourTravel_More"]}]}},"_links":{"self":[{"href":"https:\/\/tourtravelandmore.com\/es\/wp-json\/wp\/v2\/product\/117179","targetHints":{"allow":["GET"]}}],"collection":[{"href":"https:\/\/tourtravelandmore.com\/es\/wp-json\/wp\/v2\/product"}],"about":[{"href":"https:\/\/tourtravelandmore.com\/es\/wp-json\/wp\/v2\/types\/product"}],"replies":[{"embeddable":true,"href":"https:\/\/tourtravelandmore.com\/es\/wp-json\/wp\/v2\/comments?post=117179"}],"wp:featuredmedia":[{"embeddable":true,"href":"https:\/\/tourtravelandmore.com\/es\/wp-json\/wp\/v2\/media\/117130"}],"wp:attachment":[{"href":"https:\/\/tourtravelandmore.com\/es\/wp-json\/wp\/v2\/media?parent=117179"}],"wp:term":[{"taxonomy":"product_brand","embeddable":true,"href":"https:\/\/tourtravelandmore.com\/es\/wp-json\/wp\/v2\/product_brand?post=117179"},{"taxonomy":"product_cat","embeddable":true,"href":"https:\/\/tourtravelandmore.com\/es\/wp-json\/wp\/v2\/product_cat?post=117179"},{"taxonomy":"product_tag","embeddable":true,"href":"https:\/\/tourtravelandmore.com\/es\/wp-json\/wp\/v2\/product_tag?post=117179"}],"curies":[{"name":"wp","href":"https:\/\/api.w.org\/{rel}","templated":true}]}}