{"id":116980,"date":"2021-12-31T13:28:49","date_gmt":"2021-12-31T13:02:05","guid":{"rendered":"https:\/\/tourtravelandmore.com\/?post_type=product&#038;p=116980"},"modified":"2022-01-26T13:51:57","modified_gmt":"2022-01-26T12:51:57","slug":"safari-en-el-desierto-por-la-tarde-y-campamento-con-cena-desde-dubai","status":"publish","type":"product","link":"https:\/\/tourtravelandmore.com\/es\/tours\/emiratos-arabes-unidos-es\/dubai-es\/dubai-rutas-turisticas-privadas-es\/safari-en-el-desierto-por-la-tarde-y-campamento-con-cena-desde-dubai\/","title":{"rendered":"Safari en el desierto por la tarde y campamento con cena desde Dub\u00e1i"},"content":{"rendered":"<h2>Safari en el desierto por la tarde y campamento con cena desde Dub\u00e1i<\/h2>\n<p><span style=\"font-weight: 400;\">Experimenten este viaje al desierto lleno de adrenalina con una deliciosa cena y espect\u00e1culos.<\/span><\/p>\n<p><span style=\"font-weight: 400;\">Su safari vespertino por el desierto comienza por la tarde, cuando su <strong>gu\u00eda\/conductor privado<\/strong> les recoge en su hotel o lugar de su elecci\u00f3n en Dub\u00e1i en un <strong>coche 4&#215;4 privado<\/strong>. A continuaci\u00f3n, ir\u00e1n a descubrir los impresionantes <strong>paisajes del desierto de Arabia<\/strong><\/span>.<\/p>\n<p><span style=\"font-weight: 400;\">Llegar\u00e1n al desierto de dunas tras una hora desde la salida, y entonces descubrir\u00e1n <strong>un desierto lleno de sorpresas<\/strong> como el <em>dune bashing <\/em>(cabalgar las dunas con el coche), el <em>sandboarding <\/em>(deslizarse duna abajo en tabla), plantas aut\u00f3ctonas y animales, incluyendo camellos. <strong>Una puesta de sol sobre las dunas rojas<\/strong> es un espect\u00e1culo digno de contemplar y recordar.<\/span><\/p>\n<p><span style=\"font-weight: 400;\">Despu\u00e9s de descubrir este paisaje \u00fanico, llegar\u00e1n al <strong>campamento en el desierto<\/strong>, donde disfrutar\u00e1n de <strong>espect\u00e1culos hipn\u00f3ticos y una deliciosa cena<\/strong> junto con otros hu\u00e9spedes. Al final de su recorrido, su conductor les devolver\u00e1 a su punto de origen en Dub\u00e1i en su coche privado con recuerdos duraderos de una tarde bien pasada bajo el salvaje cielo abierto del desierto.<\/span><\/p>\n<h2>Puntos de inter\u00e9s<\/h2>\n<p><em><strong><span style=\"color: #d3af37;\">Dune bashing<\/span><\/strong><\/em><\/p>\n<p><span style=\"font-weight: 400;\">A su llegada, tendr\u00e1n unos minutos para relajarse en el entorno \u00fanico del desierto mientras su conductor prepara el coche para la acci\u00f3n. A continuaci\u00f3n, si\u00e9ntense bien, abr\u00f3chense los cinturones y prep\u00e1rense para la <strong>adrenalina<\/strong> de cabalgar las dunas. Las subidas y bajadas por pendientes casi verticales y curvas cerradas en enormes dunas de arena suave les har\u00e1n pensar que est\u00e1n en una monta\u00f1a rusa. Es una sensaci\u00f3n que les acompa\u00f1ar\u00e1 durante mucho tiempo. Tambi\u00e9n pueden probar el ahora popular deporte del <em><strong>sandboard<\/strong><\/em>.<\/span><\/p>\n<p><strong><span style=\"color: #d3af37;\">Naturaleza des\u00e9rtica<\/span><\/strong><\/p>\n<p><span style=\"font-weight: 400;\">El conductor les ofrecer\u00e1 m\u00faltiples opciones para una <strong>parada fotogr\u00e1fica<\/strong> y para vivir el desierto de cerca. Conocer\u00e1n la vegetaci\u00f3n del desierto y su <strong>vida salvaje,<\/strong> como serpientes, mapaches, escorpiones y lagartos. El desierto es el hogar de los camellos y pueden llegar a ver algunos camellos o campamentos de camellos durante el safari.<\/span><\/p>\n<p><strong><span style=\"color: #d3af37;\">Campamento en el desierto<\/span><\/strong><\/p>\n<p><span style=\"font-weight: 400;\">M\u00e1s tarde les llevaremos al campamento. Est\u00e1 instalado en el desierto, no muy lejos de las carreteras, pero <strong>se siente como un oasis<\/strong>, y les dar\u00e1 la bienvenida con t\u00e9 o caf\u00e9 caliente y d\u00e1tiles. Aprender\u00e1n las costumbres de un aut\u00e9ntico campamento del desierto. Tambi\u00e9n hay <strong>un bar<\/strong> en el que podr\u00e1n tomar refrescos, y la posibilidad de utilizar una <strong>sheeshah (pipa de agua)<\/strong> o de hacerse un <strong>tatuaje de henna<\/strong> con las talentosas mujeres del desierto.<\/span><\/p>\n<p><strong><span style=\"color: #d3af37;\">Paseo en camello<\/span><\/strong><\/p>\n<p>Su safari por el desierto estar\u00e1 incompleto si no tienen un encuentro cercano con el animal que es <strong>el icono del desierto<\/strong>. Tendr\u00e1n una experiencia \u00fanica de conocer a los camellos de cerca, y la oportunidad de montar en un camello por un corto tiempo.<\/p>\n<p><strong><span style=\"color: #d3af37;\">Espect\u00e1culo nocturno<\/span><\/strong><\/p>\n<p><span style=\"font-weight: 400;\">El <strong>tanoura<\/strong> es una danza tradicional llena de talento y de trajes multicolores que ofrece a los visitantes un espect\u00e1culo visual. Les sorprender\u00e1 ver c\u00f3mo el bailar\u00edn se balancea y gira, y se mueve en c\u00edrculos r\u00e1pidamente, con trajes llamativos que parecen un borr\u00f3n de colores. A continuaci\u00f3n, comienza la <strong>danza del fuego<\/strong>, que les dejar\u00e1 asombrado con el control del fuego por parte del bailar\u00edn. La <strong>danza del vientre<\/strong> sigue a continuaci\u00f3n y se convierte en la guinda del pastel.<\/span><\/p>\n<p><strong><span style=\"color: #d3af37;\">Comida<\/span><\/strong><\/p>\n<p><span style=\"font-weight: 400;\">Ustedes y el resto de los hu\u00e9spedes del campamento podr\u00e1n degustar no s\u00f3lo la <strong>cocina \u00e1rabe local<\/strong>, sino que tambi\u00e9n encontrar\u00e1n un <strong>toque internacional<\/strong> en la mezcla, como <strong>hummus, kebabs, <\/strong>y <strong>pollo tikka<\/strong>. La <strong>barbacoa<\/strong> tendr\u00e1 pollo, ternera y cordero como carnes, y tambi\u00e9n pescado, arroz y pan con diferentes <strong>curry<\/strong> y una buena variedad de <strong>ensaladas<\/strong> para los que prefieran una opci\u00f3n vegetariana.<\/span><\/p>\n<p>Si nuestro <strong>Safari en el desierto por la tarde y campamento con cena desde Dub\u00e1i<\/strong>\u00a0les hace querer saber m\u00e1s sobre este lugar \u00fanico,<strong> <a href=\"https:\/\/tourtravelandmore.com\/es\/ciudad\/emiratos-arabes-unidos-es\/\" rel=\"noopener noreferrer\">no se pierda nuestros otros tours privados en los Emiratos \u00c1rabes Unidos.<\/a><\/strong><\/p>\n","protected":false},"excerpt":{"rendered":"<p>Un <strong>viaje lleno de adrenalina al desierto de Dub\u00e1i con una deliciosa cena y espect\u00e1culos de entretenimiento.<\/strong> Su conductor privado les recoger\u00e1 en Dub\u00e1i en un <strong>veh\u00edculo 4&#215;4 privado<\/strong>. A continuaci\u00f3n, descubrir\u00e1n los <strong>impresionantes paisajes<\/strong> del desierto de Arabia y que est\u00e1 lleno de sorpresas como el <em>dune bashing<\/em>, el <em>sandboarding<\/em>, plantas y animales aut\u00f3ctonos, incluyendo <strong>camellos<\/strong>. En el campamento del desierto disfrutar\u00e1n de <strong>espect\u00e1culos hipn\u00f3ticos<\/strong> y de una <strong>deliciosa cena<\/strong> junto con otros hu\u00e9spedes. P\u00f3ngase en contacto con nosotros para una propuesta personalizada.<\/p>\n","protected":false},"featured_media":116971,"comment_status":"open","ping_status":"closed","template":"","meta":{"_acf_changed":false},"product_brand":[],"product_cat":[1905,1964,3314,1968,1602],"product_tag":[],"class_list":{"0":"post-116980","1":"product","2":"type-product","3":"status-publish","4":"has-post-thumbnail","6":"product_cat-emiratos-arabes-unidos-es","7":"product_cat-dubai-es","8":"product_cat-dubai-tours-al-desierto-es","9":"product_cat-dubai-rutas-turisticas-privadas-es","10":"product_cat-eeuu-es","12":"first","13":"instock","14":"shipping-taxable","15":"purchasable","16":"product-type-simple"},"acf":[],"yoast_head":"<!-- This site is optimized with the Yoast SEO Premium plugin v25.3.1 (Yoast SEO v25.3.1) - https:\/\/yoast.com\/wordpress\/plugins\/seo\/ -->\n<title>Safari en el desierto y campamento con cena desde Dub\u00e1i |TTM<\/title>\n<meta name=\"description\" content=\"Un viaje lleno de adrenalina al desierto de Dubai con una deliciosa cena, impresionantes paisajes, camellos y espect\u00e1culos de entretenimiento.\" \/>\n<meta name=\"robots\" content=\"index, follow, max-snippet:-1, max-image-preview:large, max-video-preview:-1\" \/>\n<link rel=\"canonical\" href=\"https:\/\/tourtravelandmore.com\/es\/tours\/emiratos-arabes-unidos-es\/dubai-es\/dubai-rutas-turisticas-privadas-es\/safari-en-el-desierto-por-la-tarde-y-campamento-con-cena-desde-dubai\/\" \/>\n<meta property=\"og:locale\" content=\"es_ES\" \/>\n<meta property=\"og:type\" content=\"article\" \/>\n<meta property=\"og:title\" content=\"Safari en el desierto por la tarde y campamento con cena desde Dub\u00e1i\" \/>\n<meta property=\"og:description\" content=\"Un viaje lleno de adrenalina al desierto de Dubai con una deliciosa cena, impresionantes paisajes, camellos y espect\u00e1culos de entretenimiento.\" \/>\n<meta property=\"og:url\" content=\"https:\/\/tourtravelandmore.com\/es\/tours\/emiratos-arabes-unidos-es\/dubai-es\/dubai-rutas-turisticas-privadas-es\/safari-en-el-desierto-por-la-tarde-y-campamento-con-cena-desde-dubai\/\" \/>\n<meta property=\"og:site_name\" content=\"Tour Travel And More\" \/>\n<meta property=\"article:publisher\" content=\"https:\/\/www.facebook.com\/tourtravelandmore\/\" \/>\n<meta property=\"article:modified_time\" content=\"2022-01-26T12:51:57+00:00\" \/>\n<meta property=\"og:image\" content=\"https:\/\/tourtravelandmore.com\/wp-content\/uploads\/2021\/12\/WhatsApp-Image-2021-12-23-at-13.42.53.jpeg\" \/>\n\t<meta property=\"og:image:width\" content=\"1280\" \/>\n\t<meta property=\"og:image:height\" content=\"853\" \/>\n\t<meta property=\"og:image:type\" content=\"image\/jpeg\" \/>\n<meta name=\"twitter:card\" content=\"summary_large_image\" \/>\n<meta name=\"twitter:site\" content=\"@TourTravel_More\" \/>\n<meta name=\"twitter:label1\" content=\"Tiempo de lectura\" \/>\n\t<meta name=\"twitter:data1\" content=\"4 minutos\" \/>\n<script type=\"application\/ld+json\" class=\"yoast-schema-graph\">{\"@context\":\"https:\/\/schema.org\",\"@graph\":[{\"@type\":\"WebPage\",\"@id\":\"https:\/\/tourtravelandmore.com\/es\/tours\/emiratos-arabes-unidos-es\/dubai-es\/dubai-rutas-turisticas-privadas-es\/safari-en-el-desierto-por-la-tarde-y-campamento-con-cena-desde-dubai\/\",\"url\":\"https:\/\/tourtravelandmore.com\/es\/tours\/emiratos-arabes-unidos-es\/dubai-es\/dubai-rutas-turisticas-privadas-es\/safari-en-el-desierto-por-la-tarde-y-campamento-con-cena-desde-dubai\/\",\"name\":\"Safari en el desierto y campamento con cena desde Dub\u00e1i |TTM\",\"isPartOf\":{\"@id\":\"https:\/\/tourtravelandmore.com\/es\/#website\"},\"primaryImageOfPage\":{\"@id\":\"https:\/\/tourtravelandmore.com\/es\/tours\/emiratos-arabes-unidos-es\/dubai-es\/dubai-rutas-turisticas-privadas-es\/safari-en-el-desierto-por-la-tarde-y-campamento-con-cena-desde-dubai\/#primaryimage\"},\"image\":{\"@id\":\"https:\/\/tourtravelandmore.com\/es\/tours\/emiratos-arabes-unidos-es\/dubai-es\/dubai-rutas-turisticas-privadas-es\/safari-en-el-desierto-por-la-tarde-y-campamento-con-cena-desde-dubai\/#primaryimage\"},\"thumbnailUrl\":\"https:\/\/tourtravelandmore.com\/wp-content\/uploads\/2021\/12\/WhatsApp-Image-2021-12-23-at-13.42.53.jpeg\",\"datePublished\":\"2021-12-31T13:02:05+00:00\",\"dateModified\":\"2022-01-26T12:51:57+00:00\",\"description\":\"Un viaje lleno de adrenalina al desierto de Dubai con una deliciosa cena, impresionantes paisajes, camellos y espect\u00e1culos de entretenimiento.\",\"breadcrumb\":{\"@id\":\"https:\/\/tourtravelandmore.com\/es\/tours\/emiratos-arabes-unidos-es\/dubai-es\/dubai-rutas-turisticas-privadas-es\/safari-en-el-desierto-por-la-tarde-y-campamento-con-cena-desde-dubai\/#breadcrumb\"},\"inLanguage\":\"es\",\"potentialAction\":[{\"@type\":\"ReadAction\",\"target\":[\"https:\/\/tourtravelandmore.com\/es\/tours\/emiratos-arabes-unidos-es\/dubai-es\/dubai-rutas-turisticas-privadas-es\/safari-en-el-desierto-por-la-tarde-y-campamento-con-cena-desde-dubai\/\"]}]},{\"@type\":\"ImageObject\",\"inLanguage\":\"es\",\"@id\":\"https:\/\/tourtravelandmore.com\/es\/tours\/emiratos-arabes-unidos-es\/dubai-es\/dubai-rutas-turisticas-privadas-es\/safari-en-el-desierto-por-la-tarde-y-campamento-con-cena-desde-dubai\/#primaryimage\",\"url\":\"https:\/\/tourtravelandmore.com\/wp-content\/uploads\/2021\/12\/WhatsApp-Image-2021-12-23-at-13.42.53.jpeg\",\"contentUrl\":\"https:\/\/tourtravelandmore.com\/wp-content\/uploads\/2021\/12\/WhatsApp-Image-2021-12-23-at-13.42.53.jpeg\",\"width\":1280,\"height\":853},{\"@type\":\"BreadcrumbList\",\"@id\":\"https:\/\/tourtravelandmore.com\/es\/tours\/emiratos-arabes-unidos-es\/dubai-es\/dubai-rutas-turisticas-privadas-es\/safari-en-el-desierto-por-la-tarde-y-campamento-con-cena-desde-dubai\/#breadcrumb\",\"itemListElement\":[{\"@type\":\"ListItem\",\"position\":1,\"name\":\"Home\",\"item\":\"https:\/\/tourtravelandmore.com\/es\/\"},{\"@type\":\"ListItem\",\"position\":2,\"name\":\"Tours\",\"item\":\"https:\/\/tourtravelandmore.com\/es\/tours\/\"},{\"@type\":\"ListItem\",\"position\":3,\"name\":\"Safari en el desierto por la tarde y campamento con cena desde Dub\u00e1i\"}]},{\"@type\":\"WebSite\",\"@id\":\"https:\/\/tourtravelandmore.com\/es\/#website\",\"url\":\"https:\/\/tourtravelandmore.com\/es\/\",\"name\":\"Tour Travel And More\",\"description\":\"Private sightseeing tours and luxury transfers in Spain\",\"publisher\":{\"@id\":\"https:\/\/tourtravelandmore.com\/es\/#organization\"},\"potentialAction\":[{\"@type\":\"SearchAction\",\"target\":{\"@type\":\"EntryPoint\",\"urlTemplate\":\"https:\/\/tourtravelandmore.com\/es\/?s={search_term_string}\"},\"query-input\":{\"@type\":\"PropertyValueSpecification\",\"valueRequired\":true,\"valueName\":\"search_term_string\"}}],\"inLanguage\":\"es\"},{\"@type\":\"Organization\",\"@id\":\"https:\/\/tourtravelandmore.com\/es\/#organization\",\"name\":\"Tour Travel And More\",\"url\":\"https:\/\/tourtravelandmore.com\/es\/\",\"logo\":{\"@type\":\"ImageObject\",\"inLanguage\":\"es\",\"@id\":\"https:\/\/tourtravelandmore.com\/es\/#\/schema\/logo\/image\/\",\"url\":\"https:\/\/tourtravelandmore.com\/wp-content\/uploads\/2022\/12\/cropped-logo-cabecera-new.png\",\"contentUrl\":\"https:\/\/tourtravelandmore.com\/wp-content\/uploads\/2022\/12\/cropped-logo-cabecera-new.png\",\"width\":430,\"height\":61,\"caption\":\"Tour Travel And More\"},\"image\":{\"@id\":\"https:\/\/tourtravelandmore.com\/es\/#\/schema\/logo\/image\/\"},\"sameAs\":[\"https:\/\/www.facebook.com\/tourtravelandmore\/\",\"https:\/\/x.com\/TourTravel_More\"]}]}<\/script>\n<!-- \/ Yoast SEO Premium plugin. -->","yoast_head_json":{"title":"Safari en el desierto y campamento con cena desde Dub\u00e1i |TTM","description":"Un viaje lleno de adrenalina al desierto de Dubai con una deliciosa cena, impresionantes paisajes, camellos y espect\u00e1culos de entretenimiento.","robots":{"index":"index","follow":"follow","max-snippet":"max-snippet:-1","max-image-preview":"max-image-preview:large","max-video-preview":"max-video-preview:-1"},"canonical":"https:\/\/tourtravelandmore.com\/es\/tours\/emiratos-arabes-unidos-es\/dubai-es\/dubai-rutas-turisticas-privadas-es\/safari-en-el-desierto-por-la-tarde-y-campamento-con-cena-desde-dubai\/","og_locale":"es_ES","og_type":"article","og_title":"Safari en el desierto por la tarde y campamento con cena desde Dub\u00e1i","og_description":"Un viaje lleno de adrenalina al desierto de Dubai con una deliciosa cena, impresionantes paisajes, camellos y espect\u00e1culos de entretenimiento.","og_url":"https:\/\/tourtravelandmore.com\/es\/tours\/emiratos-arabes-unidos-es\/dubai-es\/dubai-rutas-turisticas-privadas-es\/safari-en-el-desierto-por-la-tarde-y-campamento-con-cena-desde-dubai\/","og_site_name":"Tour Travel And More","article_publisher":"https:\/\/www.facebook.com\/tourtravelandmore\/","article_modified_time":"2022-01-26T12:51:57+00:00","og_image":[{"width":1280,"height":853,"url":"https:\/\/tourtravelandmore.com\/wp-content\/uploads\/2021\/12\/WhatsApp-Image-2021-12-23-at-13.42.53.jpeg","type":"image\/jpeg"}],"twitter_card":"summary_large_image","twitter_site":"@TourTravel_More","twitter_misc":{"Tiempo de lectura":"4 minutos"},"schema":{"@context":"https:\/\/schema.org","@graph":[{"@type":"WebPage","@id":"https:\/\/tourtravelandmore.com\/es\/tours\/emiratos-arabes-unidos-es\/dubai-es\/dubai-rutas-turisticas-privadas-es\/safari-en-el-desierto-por-la-tarde-y-campamento-con-cena-desde-dubai\/","url":"https:\/\/tourtravelandmore.com\/es\/tours\/emiratos-arabes-unidos-es\/dubai-es\/dubai-rutas-turisticas-privadas-es\/safari-en-el-desierto-por-la-tarde-y-campamento-con-cena-desde-dubai\/","name":"Safari en el desierto y campamento con cena desde Dub\u00e1i |TTM","isPartOf":{"@id":"https:\/\/tourtravelandmore.com\/es\/#website"},"primaryImageOfPage":{"@id":"https:\/\/tourtravelandmore.com\/es\/tours\/emiratos-arabes-unidos-es\/dubai-es\/dubai-rutas-turisticas-privadas-es\/safari-en-el-desierto-por-la-tarde-y-campamento-con-cena-desde-dubai\/#primaryimage"},"image":{"@id":"https:\/\/tourtravelandmore.com\/es\/tours\/emiratos-arabes-unidos-es\/dubai-es\/dubai-rutas-turisticas-privadas-es\/safari-en-el-desierto-por-la-tarde-y-campamento-con-cena-desde-dubai\/#primaryimage"},"thumbnailUrl":"https:\/\/tourtravelandmore.com\/wp-content\/uploads\/2021\/12\/WhatsApp-Image-2021-12-23-at-13.42.53.jpeg","datePublished":"2021-12-31T13:02:05+00:00","dateModified":"2022-01-26T12:51:57+00:00","description":"Un viaje lleno de adrenalina al desierto de Dubai con una deliciosa cena, impresionantes paisajes, camellos y espect\u00e1culos de entretenimiento.","breadcrumb":{"@id":"https:\/\/tourtravelandmore.com\/es\/tours\/emiratos-arabes-unidos-es\/dubai-es\/dubai-rutas-turisticas-privadas-es\/safari-en-el-desierto-por-la-tarde-y-campamento-con-cena-desde-dubai\/#breadcrumb"},"inLanguage":"es","potentialAction":[{"@type":"ReadAction","target":["https:\/\/tourtravelandmore.com\/es\/tours\/emiratos-arabes-unidos-es\/dubai-es\/dubai-rutas-turisticas-privadas-es\/safari-en-el-desierto-por-la-tarde-y-campamento-con-cena-desde-dubai\/"]}]},{"@type":"ImageObject","inLanguage":"es","@id":"https:\/\/tourtravelandmore.com\/es\/tours\/emiratos-arabes-unidos-es\/dubai-es\/dubai-rutas-turisticas-privadas-es\/safari-en-el-desierto-por-la-tarde-y-campamento-con-cena-desde-dubai\/#primaryimage","url":"https:\/\/tourtravelandmore.com\/wp-content\/uploads\/2021\/12\/WhatsApp-Image-2021-12-23-at-13.42.53.jpeg","contentUrl":"https:\/\/tourtravelandmore.com\/wp-content\/uploads\/2021\/12\/WhatsApp-Image-2021-12-23-at-13.42.53.jpeg","width":1280,"height":853},{"@type":"BreadcrumbList","@id":"https:\/\/tourtravelandmore.com\/es\/tours\/emiratos-arabes-unidos-es\/dubai-es\/dubai-rutas-turisticas-privadas-es\/safari-en-el-desierto-por-la-tarde-y-campamento-con-cena-desde-dubai\/#breadcrumb","itemListElement":[{"@type":"ListItem","position":1,"name":"Home","item":"https:\/\/tourtravelandmore.com\/es\/"},{"@type":"ListItem","position":2,"name":"Tours","item":"https:\/\/tourtravelandmore.com\/es\/tours\/"},{"@type":"ListItem","position":3,"name":"Safari en el desierto por la tarde y campamento con cena desde Dub\u00e1i"}]},{"@type":"WebSite","@id":"https:\/\/tourtravelandmore.com\/es\/#website","url":"https:\/\/tourtravelandmore.com\/es\/","name":"Tour Travel And More","description":"Private sightseeing tours and luxury transfers in Spain","publisher":{"@id":"https:\/\/tourtravelandmore.com\/es\/#organization"},"potentialAction":[{"@type":"SearchAction","target":{"@type":"EntryPoint","urlTemplate":"https:\/\/tourtravelandmore.com\/es\/?s={search_term_string}"},"query-input":{"@type":"PropertyValueSpecification","valueRequired":true,"valueName":"search_term_string"}}],"inLanguage":"es"},{"@type":"Organization","@id":"https:\/\/tourtravelandmore.com\/es\/#organization","name":"Tour Travel And More","url":"https:\/\/tourtravelandmore.com\/es\/","logo":{"@type":"ImageObject","inLanguage":"es","@id":"https:\/\/tourtravelandmore.com\/es\/#\/schema\/logo\/image\/","url":"https:\/\/tourtravelandmore.com\/wp-content\/uploads\/2022\/12\/cropped-logo-cabecera-new.png","contentUrl":"https:\/\/tourtravelandmore.com\/wp-content\/uploads\/2022\/12\/cropped-logo-cabecera-new.png","width":430,"height":61,"caption":"Tour Travel And More"},"image":{"@id":"https:\/\/tourtravelandmore.com\/es\/#\/schema\/logo\/image\/"},"sameAs":["https:\/\/www.facebook.com\/tourtravelandmore\/","https:\/\/x.com\/TourTravel_More"]}]}},"_links":{"self":[{"href":"https:\/\/tourtravelandmore.com\/es\/wp-json\/wp\/v2\/product\/116980","targetHints":{"allow":["GET"]}}],"collection":[{"href":"https:\/\/tourtravelandmore.com\/es\/wp-json\/wp\/v2\/product"}],"about":[{"href":"https:\/\/tourtravelandmore.com\/es\/wp-json\/wp\/v2\/types\/product"}],"replies":[{"embeddable":true,"href":"https:\/\/tourtravelandmore.com\/es\/wp-json\/wp\/v2\/comments?post=116980"}],"wp:featuredmedia":[{"embeddable":true,"href":"https:\/\/tourtravelandmore.com\/es\/wp-json\/wp\/v2\/media\/116971"}],"wp:attachment":[{"href":"https:\/\/tourtravelandmore.com\/es\/wp-json\/wp\/v2\/media?parent=116980"}],"wp:term":[{"taxonomy":"product_brand","embeddable":true,"href":"https:\/\/tourtravelandmore.com\/es\/wp-json\/wp\/v2\/product_brand?post=116980"},{"taxonomy":"product_cat","embeddable":true,"href":"https:\/\/tourtravelandmore.com\/es\/wp-json\/wp\/v2\/product_cat?post=116980"},{"taxonomy":"product_tag","embeddable":true,"href":"https:\/\/tourtravelandmore.com\/es\/wp-json\/wp\/v2\/product_tag?post=116980"}],"curies":[{"name":"wp","href":"https:\/\/api.w.org\/{rel}","templated":true}]}}