{"id":116827,"date":"2021-12-28T14:45:32","date_gmt":"2021-12-29T13:28:19","guid":{"rendered":"https:\/\/tourtravelandmore.com\/?post_type=product&#038;p=116827"},"modified":"2022-01-21T09:41:53","modified_gmt":"2022-01-21T08:41:53","slug":"tour-de-medio-dia-al-dubai-moderno","status":"publish","type":"product","link":"https:\/\/tourtravelandmore.com\/es\/tours\/emiratos-arabes-unidos-es\/dubai-es\/dubai-excursiones-privadas-cruceros-es\/tour-de-medio-dia-al-dubai-moderno\/","title":{"rendered":"Tour privado de medio d\u00eda al Dub\u00e1i moderno"},"content":{"rendered":"<h2>Descripci\u00f3n del Tour privado de medio d\u00eda al Dubai moderno<\/h2>\n<p><span style=\"font-weight: 400;\"><strong>Un tour por la ciudad de Dubai<\/strong> para conocer lo que antes era un peque\u00f1o pueblo de pescadores y ahora es una de las ciudades modernas m\u00e1s emblem\u00e1ticas y elegantes <strong>del mundo<\/strong>. Con\u00f3zcala con nuestro tour de medio d\u00eda al Dubai moderno de 4 horas, con la compa\u00f1\u00eda de un <strong>gu\u00eda privado experto<\/strong> y la comodidad de un <strong>veh\u00edculo de lujo<\/strong>.<\/span><\/p>\n<p><span style=\"font-weight: 400;\">Su gu\u00eda oficial privado se reunir\u00e1 con usted en su hotel o en el lugar que elija en Dubai, y le recoger\u00e1 con un veh\u00edculo privado con <strong>ch\u00f3fer<\/strong>. A continuaci\u00f3n, iniciar\u00e1 un recorrido que condensa algunos de los sitios m\u00e1s emblem\u00e1ticos, modernos, lujosos y sobrecogedores del mundo.<\/span><\/p>\n<h2><strong>Puntos de inter\u00e9s del Tour Privado<\/strong><\/h2>\n<h3><b><span style=\"color: #d3af37;\">Dubai Marina<\/span>\u00a0<\/b><\/h3>\n<p><span style=\"font-weight: 400;\"><strong>El mayor puerto deportivo artificial del mundo<\/strong> y el nuevo centro de reuniones de Dubai. Esta impresionante zona est\u00e1 repleta de <strong>rascacielos<\/strong>, m\u00e1s de 300 comercios, restaurantes, grandes almacenes, cafeter\u00edas y gimnasios. <strong>Marina Walk<\/strong> es el sitio donde se pueden tomar las fotos m\u00e1s vistosas.<\/span><\/p>\n<h3><b><span style=\"color: #d3af37;\">Bluewaters<\/span>\u00a0<\/b><\/h3>\n<p><span style=\"font-weight: 400;\">El lugar para las tendencias m\u00e1s modernas de Dubai y sede de <strong>Ain Dubai, la mayor noria del mundo.<\/strong> En Bluewater se pueden encontrar 200 tiendas y lugares para comer, rodeados de agua y alejados del bullicio de la ciudad. Es un <strong>lugar de encuentro perfecto para familias<\/strong> y ni\u00f1os.<\/span><\/p>\n<h3><b><span style=\"color: #d3af37;\">Playa de Jumeirah<\/span><\/b><\/h3>\n<p><span style=\"font-weight: 400;\">Su gu\u00eda le acompa\u00f1ar\u00e1 a la playa de Jumeirah, donde tendr\u00e1 la mejor vista del <strong>emblem\u00e1tico hotel Burj Al Arab. El hotel m\u00e1s lujoso del mundo<\/strong> es un ejemplo de la excelencia arquitect\u00f3nica de Dub\u00e1i con su forma de vela.<\/span><\/p>\n<h3><b><span style=\"color: #d3af37;\">Madinat Jumeirah<\/span><\/b><\/h3>\n<p><span style=\"font-weight: 400;\">Construida para recrear la <strong>encantadora belleza de la antigua Arabia<\/strong>, situada directamente en el Golfo P\u00e9rsico y haciendo gala de su costa privada, Madinat Jumeirah es una ciudad dentro de la ciudad y la atracci\u00f3n m\u00e1s nueva de Dubai. <strong>Souk Al Madinat<\/strong> es una recreaci\u00f3n de la cultura comercial tradicional de Oriente Medio. Con una combinaci\u00f3n de marcas de boutiques, tiendas de regalos, tiendas de recuerdos, moda de lujo, joyas y m\u00e1s de 25 restaurantes que ofrecen cocinas de todo el mundo.<\/span><\/p>\n<h3><b><span style=\"color: #d3af37;\">Palm Jumeirah<\/span><\/b><\/h3>\n<p><span style=\"font-weight: 400;\">Palm Jumeirah island es un <strong>archipi\u00e9lago artificial<\/strong> con forma de palmera en el que se encuentran los complejos residenciales m\u00e1s codiciados y los hoteles ic\u00f3nicos. Le daremos un vistazo a la isla y nos detendremos en el <strong>hotel Atlantis The Palm<\/strong>, de tem\u00e1tica oce\u00e1nica, que cost\u00f3 m\u00e1s de 1.500 millones de d\u00f3lares y se ha convertido en uno de los hoteles m\u00e1s famosos del mundo.<\/span><\/p>\n<h3><b><span style=\"color: #d3af37;\">The Pointe<\/span><\/b><\/h3>\n<p><span style=\"font-weight: 400;\">Aqu\u00ed tendr\u00e1 una mejor vista de Atlantis The Palm. The Pointe es su mejor opci\u00f3n para ir de <strong>compras en Palm Jumeirah<\/strong>, y un lugar donde podr\u00e1 comprar las mejores marcas al mejor precio.<\/span><\/p>\n<h3><b><span style=\"color: #d3af37;\">Burj Khalifa<\/span><\/b><\/h3>\n<p><span style=\"font-weight: 400;\">Nuestra siguiente parada no es solo <strong>el edificio m\u00e1s alto del mundo<\/strong>, sino tambi\u00e9n la atracci\u00f3n tur\u00edstica m\u00e1s popular de Dubai, que visitan 2 millones de personas cada a\u00f1o.<\/span><\/p>\n<p>&nbsp;<\/p>\n<p><span style=\"font-weight: 400;\">Despu\u00e9s de la parada en el Burj Khalifa, podemos dejarle en el lugar de su preferencia en la ciudad de Dubai.<\/span><\/p>\n<p><span style=\"font-weight: 400;\">Si nuestro <strong>tour de medio d\u00eda por el Dub\u00e1i moderno<\/strong>\u00a0les hace querer saber m\u00e1s sobre este lugar \u00fanico,<strong> <a href=\"https:\/\/tourtravelandmore.com\/es\/ciudad\/emiratos-arabes-unidos-es\/\" rel=\"noopener noreferrer\">no se pierda nuestros otros tours privados en los Emiratos \u00c1rabes Unidos.<\/a><\/strong><\/span><\/p>\n","protected":false},"excerpt":{"rendered":"<p>Disfrute de esta <strong>experiencia completamente privada<\/strong> y explore Dub\u00e1i, una ciudad en la que la tradici\u00f3n isl\u00e1mica se une al estilo de vida moderno, en su <strong>veh\u00edculo privado<\/strong> junto con su propio <strong>conductor privado<\/strong> y su <strong>gu\u00eda tur\u00edstico oficial<\/strong> durante 4 horas. Aproveche esta oportunidad para visitar el <strong>puerto deportivo de Dubai, Bluewaters, la playa de Jumeira<\/strong>, admirar el <strong>hotel Burj Al Arab<\/strong>, conocer la <strong>Madinat Jumeirah<\/strong> y <strong>The Pointe<\/strong>, y maravillarse con el incomparable <strong>Burj Khalifa, el edificio m\u00e1s alto del mundo<\/strong>. P\u00f3ngase en contacto con nosotros para una propuesta personalizada.<\/p>\n","protected":false},"featured_media":116162,"comment_status":"open","ping_status":"closed","template":"","meta":{"_acf_changed":false},"product_brand":[],"product_cat":[1905,1964,4038,1969,1966,1968],"product_tag":[],"class_list":{"0":"post-116827","1":"product","2":"type-product","3":"status-publish","4":"has-post-thumbnail","6":"product_cat-emiratos-arabes-unidos-es","7":"product_cat-dubai-es","8":"product_cat-private-city-tours-es","9":"product_cat-dubai-actividades-es","10":"product_cat-dubai-excursiones-privadas-cruceros-es","11":"product_cat-dubai-rutas-turisticas-privadas-es","13":"first","14":"instock","15":"shipping-taxable","16":"purchasable","17":"product-type-simple"},"acf":[],"yoast_head":"<!-- This site is optimized with the Yoast SEO Premium plugin v25.3.1 (Yoast SEO v25.3.1) - https:\/\/yoast.com\/wordpress\/plugins\/seo\/ -->\n<title>Tour de medio d\u00eda al Dub\u00e1i moderno | Tour Travel and More<\/title>\n<meta name=\"description\" content=\"Tour de medio d\u00eda al Dub\u00e1i moderno; arquitectura moderna, lujo, paisajes incomparables, edificios apabullantes, deslumbrantes islas artificiales, y mucho m\u00e1s. Tour privado \u2705\" \/>\n<meta name=\"robots\" content=\"index, follow, max-snippet:-1, max-image-preview:large, max-video-preview:-1\" \/>\n<link rel=\"canonical\" href=\"https:\/\/tourtravelandmore.com\/es\/tours\/emiratos-arabes-unidos-es\/dubai-es\/dubai-excursiones-privadas-cruceros-es\/tour-de-medio-dia-al-dubai-moderno\/\" \/>\n<meta property=\"og:locale\" content=\"es_ES\" \/>\n<meta property=\"og:type\" content=\"article\" \/>\n<meta property=\"og:title\" content=\"Tour privado de medio d\u00eda al Dub\u00e1i moderno\" \/>\n<meta property=\"og:description\" content=\"Tour de medio d\u00eda al Dub\u00e1i moderno; arquitectura moderna, lujo, paisajes incomparables, edificios apabullantes, deslumbrantes islas artificiales, y mucho m\u00e1s. Tour privado \u2705\" \/>\n<meta property=\"og:url\" content=\"https:\/\/tourtravelandmore.com\/es\/tours\/emiratos-arabes-unidos-es\/dubai-es\/dubai-excursiones-privadas-cruceros-es\/tour-de-medio-dia-al-dubai-moderno\/\" \/>\n<meta property=\"og:site_name\" content=\"Tour Travel And More\" \/>\n<meta property=\"article:publisher\" content=\"https:\/\/www.facebook.com\/tourtravelandmore\/\" \/>\n<meta property=\"article:modified_time\" content=\"2022-01-21T08:41:53+00:00\" \/>\n<meta property=\"og:image\" content=\"https:\/\/tourtravelandmore.com\/wp-content\/uploads\/2021\/12\/pexels-stephane-hurbe-4083973_resultado.jpg\" \/>\n\t<meta property=\"og:image:width\" content=\"1920\" \/>\n\t<meta property=\"og:image:height\" content=\"1440\" \/>\n\t<meta property=\"og:image:type\" content=\"image\/jpeg\" \/>\n<meta name=\"twitter:card\" content=\"summary_large_image\" \/>\n<meta name=\"twitter:site\" content=\"@TourTravel_More\" \/>\n<meta name=\"twitter:label1\" content=\"Tiempo de lectura\" \/>\n\t<meta name=\"twitter:data1\" content=\"3 minutos\" \/>\n<script type=\"application\/ld+json\" class=\"yoast-schema-graph\">{\"@context\":\"https:\/\/schema.org\",\"@graph\":[{\"@type\":\"WebPage\",\"@id\":\"https:\/\/tourtravelandmore.com\/es\/tours\/emiratos-arabes-unidos-es\/dubai-es\/dubai-excursiones-privadas-cruceros-es\/tour-de-medio-dia-al-dubai-moderno\/\",\"url\":\"https:\/\/tourtravelandmore.com\/es\/tours\/emiratos-arabes-unidos-es\/dubai-es\/dubai-excursiones-privadas-cruceros-es\/tour-de-medio-dia-al-dubai-moderno\/\",\"name\":\"Tour de medio d\u00eda al Dub\u00e1i moderno | Tour Travel and More\",\"isPartOf\":{\"@id\":\"https:\/\/tourtravelandmore.com\/es\/#website\"},\"primaryImageOfPage\":{\"@id\":\"https:\/\/tourtravelandmore.com\/es\/tours\/emiratos-arabes-unidos-es\/dubai-es\/dubai-excursiones-privadas-cruceros-es\/tour-de-medio-dia-al-dubai-moderno\/#primaryimage\"},\"image\":{\"@id\":\"https:\/\/tourtravelandmore.com\/es\/tours\/emiratos-arabes-unidos-es\/dubai-es\/dubai-excursiones-privadas-cruceros-es\/tour-de-medio-dia-al-dubai-moderno\/#primaryimage\"},\"thumbnailUrl\":\"https:\/\/tourtravelandmore.com\/wp-content\/uploads\/2021\/12\/pexels-stephane-hurbe-4083973_resultado.jpg\",\"datePublished\":\"2021-12-29T13:28:19+00:00\",\"dateModified\":\"2022-01-21T08:41:53+00:00\",\"description\":\"Tour de medio d\u00eda al Dub\u00e1i moderno; arquitectura moderna, lujo, paisajes incomparables, edificios apabullantes, deslumbrantes islas artificiales, y mucho m\u00e1s. Tour privado \u2705\",\"breadcrumb\":{\"@id\":\"https:\/\/tourtravelandmore.com\/es\/tours\/emiratos-arabes-unidos-es\/dubai-es\/dubai-excursiones-privadas-cruceros-es\/tour-de-medio-dia-al-dubai-moderno\/#breadcrumb\"},\"inLanguage\":\"es\",\"potentialAction\":[{\"@type\":\"ReadAction\",\"target\":[\"https:\/\/tourtravelandmore.com\/es\/tours\/emiratos-arabes-unidos-es\/dubai-es\/dubai-excursiones-privadas-cruceros-es\/tour-de-medio-dia-al-dubai-moderno\/\"]}]},{\"@type\":\"ImageObject\",\"inLanguage\":\"es\",\"@id\":\"https:\/\/tourtravelandmore.com\/es\/tours\/emiratos-arabes-unidos-es\/dubai-es\/dubai-excursiones-privadas-cruceros-es\/tour-de-medio-dia-al-dubai-moderno\/#primaryimage\",\"url\":\"https:\/\/tourtravelandmore.com\/wp-content\/uploads\/2021\/12\/pexels-stephane-hurbe-4083973_resultado.jpg\",\"contentUrl\":\"https:\/\/tourtravelandmore.com\/wp-content\/uploads\/2021\/12\/pexels-stephane-hurbe-4083973_resultado.jpg\",\"width\":1920,\"height\":1440},{\"@type\":\"BreadcrumbList\",\"@id\":\"https:\/\/tourtravelandmore.com\/es\/tours\/emiratos-arabes-unidos-es\/dubai-es\/dubai-excursiones-privadas-cruceros-es\/tour-de-medio-dia-al-dubai-moderno\/#breadcrumb\",\"itemListElement\":[{\"@type\":\"ListItem\",\"position\":1,\"name\":\"Home\",\"item\":\"https:\/\/tourtravelandmore.com\/es\/\"},{\"@type\":\"ListItem\",\"position\":2,\"name\":\"Tours\",\"item\":\"https:\/\/tourtravelandmore.com\/es\/tours\/\"},{\"@type\":\"ListItem\",\"position\":3,\"name\":\"Tour privado de medio d\u00eda al Dub\u00e1i moderno\"}]},{\"@type\":\"WebSite\",\"@id\":\"https:\/\/tourtravelandmore.com\/es\/#website\",\"url\":\"https:\/\/tourtravelandmore.com\/es\/\",\"name\":\"Tour Travel And More\",\"description\":\"Private sightseeing tours and luxury transfers in Spain\",\"publisher\":{\"@id\":\"https:\/\/tourtravelandmore.com\/es\/#organization\"},\"potentialAction\":[{\"@type\":\"SearchAction\",\"target\":{\"@type\":\"EntryPoint\",\"urlTemplate\":\"https:\/\/tourtravelandmore.com\/es\/?s={search_term_string}\"},\"query-input\":{\"@type\":\"PropertyValueSpecification\",\"valueRequired\":true,\"valueName\":\"search_term_string\"}}],\"inLanguage\":\"es\"},{\"@type\":\"Organization\",\"@id\":\"https:\/\/tourtravelandmore.com\/es\/#organization\",\"name\":\"Tour Travel And More\",\"url\":\"https:\/\/tourtravelandmore.com\/es\/\",\"logo\":{\"@type\":\"ImageObject\",\"inLanguage\":\"es\",\"@id\":\"https:\/\/tourtravelandmore.com\/es\/#\/schema\/logo\/image\/\",\"url\":\"https:\/\/tourtravelandmore.com\/wp-content\/uploads\/2022\/12\/cropped-logo-cabecera-new.png\",\"contentUrl\":\"https:\/\/tourtravelandmore.com\/wp-content\/uploads\/2022\/12\/cropped-logo-cabecera-new.png\",\"width\":430,\"height\":61,\"caption\":\"Tour Travel And More\"},\"image\":{\"@id\":\"https:\/\/tourtravelandmore.com\/es\/#\/schema\/logo\/image\/\"},\"sameAs\":[\"https:\/\/www.facebook.com\/tourtravelandmore\/\",\"https:\/\/x.com\/TourTravel_More\"]}]}<\/script>\n<!-- \/ Yoast SEO Premium plugin. -->","yoast_head_json":{"title":"Tour de medio d\u00eda al Dub\u00e1i moderno | Tour Travel and More","description":"Tour de medio d\u00eda al Dub\u00e1i moderno; arquitectura moderna, lujo, paisajes incomparables, edificios apabullantes, deslumbrantes islas artificiales, y mucho m\u00e1s. Tour privado \u2705","robots":{"index":"index","follow":"follow","max-snippet":"max-snippet:-1","max-image-preview":"max-image-preview:large","max-video-preview":"max-video-preview:-1"},"canonical":"https:\/\/tourtravelandmore.com\/es\/tours\/emiratos-arabes-unidos-es\/dubai-es\/dubai-excursiones-privadas-cruceros-es\/tour-de-medio-dia-al-dubai-moderno\/","og_locale":"es_ES","og_type":"article","og_title":"Tour privado de medio d\u00eda al Dub\u00e1i moderno","og_description":"Tour de medio d\u00eda al Dub\u00e1i moderno; arquitectura moderna, lujo, paisajes incomparables, edificios apabullantes, deslumbrantes islas artificiales, y mucho m\u00e1s. Tour privado \u2705","og_url":"https:\/\/tourtravelandmore.com\/es\/tours\/emiratos-arabes-unidos-es\/dubai-es\/dubai-excursiones-privadas-cruceros-es\/tour-de-medio-dia-al-dubai-moderno\/","og_site_name":"Tour Travel And More","article_publisher":"https:\/\/www.facebook.com\/tourtravelandmore\/","article_modified_time":"2022-01-21T08:41:53+00:00","og_image":[{"width":1920,"height":1440,"url":"https:\/\/tourtravelandmore.com\/wp-content\/uploads\/2021\/12\/pexels-stephane-hurbe-4083973_resultado.jpg","type":"image\/jpeg"}],"twitter_card":"summary_large_image","twitter_site":"@TourTravel_More","twitter_misc":{"Tiempo de lectura":"3 minutos"},"schema":{"@context":"https:\/\/schema.org","@graph":[{"@type":"WebPage","@id":"https:\/\/tourtravelandmore.com\/es\/tours\/emiratos-arabes-unidos-es\/dubai-es\/dubai-excursiones-privadas-cruceros-es\/tour-de-medio-dia-al-dubai-moderno\/","url":"https:\/\/tourtravelandmore.com\/es\/tours\/emiratos-arabes-unidos-es\/dubai-es\/dubai-excursiones-privadas-cruceros-es\/tour-de-medio-dia-al-dubai-moderno\/","name":"Tour de medio d\u00eda al Dub\u00e1i moderno | Tour Travel and More","isPartOf":{"@id":"https:\/\/tourtravelandmore.com\/es\/#website"},"primaryImageOfPage":{"@id":"https:\/\/tourtravelandmore.com\/es\/tours\/emiratos-arabes-unidos-es\/dubai-es\/dubai-excursiones-privadas-cruceros-es\/tour-de-medio-dia-al-dubai-moderno\/#primaryimage"},"image":{"@id":"https:\/\/tourtravelandmore.com\/es\/tours\/emiratos-arabes-unidos-es\/dubai-es\/dubai-excursiones-privadas-cruceros-es\/tour-de-medio-dia-al-dubai-moderno\/#primaryimage"},"thumbnailUrl":"https:\/\/tourtravelandmore.com\/wp-content\/uploads\/2021\/12\/pexels-stephane-hurbe-4083973_resultado.jpg","datePublished":"2021-12-29T13:28:19+00:00","dateModified":"2022-01-21T08:41:53+00:00","description":"Tour de medio d\u00eda al Dub\u00e1i moderno; arquitectura moderna, lujo, paisajes incomparables, edificios apabullantes, deslumbrantes islas artificiales, y mucho m\u00e1s. Tour privado \u2705","breadcrumb":{"@id":"https:\/\/tourtravelandmore.com\/es\/tours\/emiratos-arabes-unidos-es\/dubai-es\/dubai-excursiones-privadas-cruceros-es\/tour-de-medio-dia-al-dubai-moderno\/#breadcrumb"},"inLanguage":"es","potentialAction":[{"@type":"ReadAction","target":["https:\/\/tourtravelandmore.com\/es\/tours\/emiratos-arabes-unidos-es\/dubai-es\/dubai-excursiones-privadas-cruceros-es\/tour-de-medio-dia-al-dubai-moderno\/"]}]},{"@type":"ImageObject","inLanguage":"es","@id":"https:\/\/tourtravelandmore.com\/es\/tours\/emiratos-arabes-unidos-es\/dubai-es\/dubai-excursiones-privadas-cruceros-es\/tour-de-medio-dia-al-dubai-moderno\/#primaryimage","url":"https:\/\/tourtravelandmore.com\/wp-content\/uploads\/2021\/12\/pexels-stephane-hurbe-4083973_resultado.jpg","contentUrl":"https:\/\/tourtravelandmore.com\/wp-content\/uploads\/2021\/12\/pexels-stephane-hurbe-4083973_resultado.jpg","width":1920,"height":1440},{"@type":"BreadcrumbList","@id":"https:\/\/tourtravelandmore.com\/es\/tours\/emiratos-arabes-unidos-es\/dubai-es\/dubai-excursiones-privadas-cruceros-es\/tour-de-medio-dia-al-dubai-moderno\/#breadcrumb","itemListElement":[{"@type":"ListItem","position":1,"name":"Home","item":"https:\/\/tourtravelandmore.com\/es\/"},{"@type":"ListItem","position":2,"name":"Tours","item":"https:\/\/tourtravelandmore.com\/es\/tours\/"},{"@type":"ListItem","position":3,"name":"Tour privado de medio d\u00eda al Dub\u00e1i moderno"}]},{"@type":"WebSite","@id":"https:\/\/tourtravelandmore.com\/es\/#website","url":"https:\/\/tourtravelandmore.com\/es\/","name":"Tour Travel And More","description":"Private sightseeing tours and luxury transfers in Spain","publisher":{"@id":"https:\/\/tourtravelandmore.com\/es\/#organization"},"potentialAction":[{"@type":"SearchAction","target":{"@type":"EntryPoint","urlTemplate":"https:\/\/tourtravelandmore.com\/es\/?s={search_term_string}"},"query-input":{"@type":"PropertyValueSpecification","valueRequired":true,"valueName":"search_term_string"}}],"inLanguage":"es"},{"@type":"Organization","@id":"https:\/\/tourtravelandmore.com\/es\/#organization","name":"Tour Travel And More","url":"https:\/\/tourtravelandmore.com\/es\/","logo":{"@type":"ImageObject","inLanguage":"es","@id":"https:\/\/tourtravelandmore.com\/es\/#\/schema\/logo\/image\/","url":"https:\/\/tourtravelandmore.com\/wp-content\/uploads\/2022\/12\/cropped-logo-cabecera-new.png","contentUrl":"https:\/\/tourtravelandmore.com\/wp-content\/uploads\/2022\/12\/cropped-logo-cabecera-new.png","width":430,"height":61,"caption":"Tour Travel And More"},"image":{"@id":"https:\/\/tourtravelandmore.com\/es\/#\/schema\/logo\/image\/"},"sameAs":["https:\/\/www.facebook.com\/tourtravelandmore\/","https:\/\/x.com\/TourTravel_More"]}]}},"_links":{"self":[{"href":"https:\/\/tourtravelandmore.com\/es\/wp-json\/wp\/v2\/product\/116827","targetHints":{"allow":["GET"]}}],"collection":[{"href":"https:\/\/tourtravelandmore.com\/es\/wp-json\/wp\/v2\/product"}],"about":[{"href":"https:\/\/tourtravelandmore.com\/es\/wp-json\/wp\/v2\/types\/product"}],"replies":[{"embeddable":true,"href":"https:\/\/tourtravelandmore.com\/es\/wp-json\/wp\/v2\/comments?post=116827"}],"wp:featuredmedia":[{"embeddable":true,"href":"https:\/\/tourtravelandmore.com\/es\/wp-json\/wp\/v2\/media\/116162"}],"wp:attachment":[{"href":"https:\/\/tourtravelandmore.com\/es\/wp-json\/wp\/v2\/media?parent=116827"}],"wp:term":[{"taxonomy":"product_brand","embeddable":true,"href":"https:\/\/tourtravelandmore.com\/es\/wp-json\/wp\/v2\/product_brand?post=116827"},{"taxonomy":"product_cat","embeddable":true,"href":"https:\/\/tourtravelandmore.com\/es\/wp-json\/wp\/v2\/product_cat?post=116827"},{"taxonomy":"product_tag","embeddable":true,"href":"https:\/\/tourtravelandmore.com\/es\/wp-json\/wp\/v2\/product_tag?post=116827"}],"curies":[{"name":"wp","href":"https:\/\/api.w.org\/{rel}","templated":true}]}}