{"id":116811,"date":"2021-12-28T16:46:19","date_gmt":"2021-12-29T12:19:45","guid":{"rendered":"https:\/\/tourtravelandmore.com\/?post_type=product&#038;p=116811"},"modified":"2025-09-17T16:00:45","modified_gmt":"2025-09-17T14:00:45","slug":"tour-privado-de-dia-completo-por-dubai-con-visita-al-burj-khalifa","status":"publish","type":"product","link":"https:\/\/tourtravelandmore.com\/es\/tours\/emiratos-arabes-unidos-es\/dubai-es\/dubai-excursiones-privadas-cruceros-es\/tour-privado-de-dia-completo-por-dubai-con-visita-al-burj-khalifa\/","title":{"rendered":"Tour Privado por Dub\u00e1i con visita al Burj Khalifa"},"content":{"rendered":"<h2>Tour Privado por Dub\u00e1i con visita al Burj Khalifa | Descripci\u00f3n<\/h2>\n<p>Descubra lo mejor de los Emiratos \u00c1rabes Unidos con nuestro <b>tour privado de d\u00eda completo por Dub\u00e1i con visita al Burj Khalifa<\/b>. Este viaje inmersivo combina las maravillas modernas de la ciudad con su patrimonio cultural, ofreci\u00e9ndole una visi\u00f3n completa de una de las ciudades m\u00e1s din\u00e1micas del mundo. Con su conductor y gu\u00eda privados, disfrute de comodidad, flexibilidad y acceso exclusivo a las principales atracciones.<\/p>\n<p>La excursi\u00f3n comienza con un recorrido panor\u00e1mico por la marina de Dub\u00e1i y Palm Jumeirah, donde podr\u00e1 admirar unas vistas espectaculares y emblem\u00e1ticos edificios. A continuaci\u00f3n, haremos una parada en el <b>Burj Al Arab<\/b>, el emblem\u00e1tico hotel con forma de vela, para que pueda tomar unas fotos inolvidables. Continuaremos nuestra exploraci\u00f3n con un paseo guiado por Madinat Jumeirah, un encantador complejo inspirado en los zocos tradicionales.<\/p>\n<h2>Puntos destacados<\/h2>\n<ul>\n<li><b>Marina de Dub\u00e1i<\/b>: un barrio de rascacielos futuristas y yates de lujo.<\/li>\n<li><b>Palm Jumeirah<\/b>: isla artificial de fama mundial con unas vistas impresionantes.<\/li>\n<li><b>Burj Al Arab<\/b>: parada para hacer fotos del exterior del icono de lujo de la ciudad.<\/li>\n<li><b>Madinat Jumeirah<\/b>: descubra el encanto \u00e1rabe en un zoco moderno.<\/li>\n<li><b>Burj Khalifa<\/b>: entrada incluida a la plataforma de observaci\u00f3n para disfrutar de unas vistas panor\u00e1micas impresionantes.<\/li>\n<\/ul>\n<p>Durante el recorrido, tambi\u00e9n explorar\u00e1 el animado <b>centro de Dub\u00e1i<\/b>, donde se encuentra el centro comercial m\u00e1s grande del mundo. Aqu\u00ed, el Dubai Mall ofrece innumerables atracciones para los visitantes. Para obtener m\u00e1s informaci\u00f3n oficial sobre la ciudad, <a href=\"https:\/\/www.visitdubai.com\/\">visite Dubai Tourism.<\/a><\/p>\n<p>Esta <b>excursi\u00f3n privada de d\u00eda completo por Dub\u00e1i con visita al Burj Khalifa<\/b> es perfecta para los viajeros que desean experimentar tanto la innovaci\u00f3n como la tradici\u00f3n que definen a Dub\u00e1i. En solo seis horas, ver\u00e1 los lugares m\u00e1s emblem\u00e1ticos de la ciudad, acompa\u00f1ado por su gu\u00eda experto.<\/p>\n<p>Haga que su viaje a Dub\u00e1i sea inolvidable con esta experiencia privada exclusiva.<\/p>\n<p>Si nuestro <b>tour privado de d\u00eda completo por Dub\u00e1i con visita al Burj Khalifa<\/b> le hace querer saber m\u00e1s sobre este lugar \u00fanico, <a href=\"https:\/\/www.deepl.com\/?product_cat=uae-en#shop\"><b>\u00a1no se pierda nuestros otros tours privados en los Emiratos \u00c1rabes Unidos aqu\u00ed!<\/b><\/a><\/p>\n<p>&nbsp;<\/p>\n","protected":false},"excerpt":{"rendered":"<p>Descubra lo mejor de los Emiratos \u00c1rabes Unidos con nuestro <b>tour privado de d\u00eda completo por Dub\u00e1i con visita al Burj Khalifa<\/b>. Este viaje inmersivo combina las maravillas modernas de la ciudad con su patrimonio cultural, ofreci\u00e9ndole una visi\u00f3n completa de una de las ciudades m\u00e1s din\u00e1micas del mundo. Con su conductor y gu\u00eda privados, disfrute de comodidad, flexibilidad y acceso exclusivo a las principales atracciones.<\/p>\n","protected":false},"featured_media":116875,"comment_status":"open","ping_status":"closed","template":"","meta":{"_acf_changed":false},"product_brand":[],"product_cat":[1964,4038,1969,1966,1968,1602],"product_tag":[],"class_list":{"0":"post-116811","1":"product","2":"type-product","3":"status-publish","4":"has-post-thumbnail","6":"product_cat-dubai-es","7":"product_cat-private-city-tours-es","8":"product_cat-dubai-actividades-es","9":"product_cat-dubai-excursiones-privadas-cruceros-es","10":"product_cat-dubai-rutas-turisticas-privadas-es","11":"product_cat-eeuu-es","13":"first","14":"instock","15":"shipping-taxable","16":"purchasable","17":"product-type-simple"},"acf":[],"yoast_head":"<!-- This site is optimized with the Yoast SEO Premium plugin v25.3.1 (Yoast SEO v25.3.1) - https:\/\/yoast.com\/wordpress\/plugins\/seo\/ -->\n<title>Tour privada de d\u00eda completo por Dubai con visita al Burj Khalifa | TTM<\/title>\n<meta name=\"description\" content=\"Tour privado de Dubai; su arquitectura futurista, sus maravillosas mezquitas, sus deslumbrantes islas artificiales y mucho m\u00e1s. \u2705\" \/>\n<meta name=\"robots\" content=\"index, follow, max-snippet:-1, max-image-preview:large, max-video-preview:-1\" \/>\n<link rel=\"canonical\" href=\"https:\/\/tourtravelandmore.com\/es\/tours\/emiratos-arabes-unidos-es\/dubai-es\/dubai-excursiones-privadas-cruceros-es\/tour-privado-de-dia-completo-por-dubai-con-visita-al-burj-khalifa\/\" \/>\n<meta property=\"og:locale\" content=\"es_ES\" \/>\n<meta property=\"og:type\" content=\"article\" \/>\n<meta property=\"og:title\" content=\"Tour Privado por Dub\u00e1i con visita al Burj Khalifa\" \/>\n<meta property=\"og:description\" content=\"Tour privado de Dubai; su arquitectura futurista, sus maravillosas mezquitas, sus deslumbrantes islas artificiales y mucho m\u00e1s. \u2705\" \/>\n<meta property=\"og:url\" content=\"https:\/\/tourtravelandmore.com\/es\/tours\/emiratos-arabes-unidos-es\/dubai-es\/dubai-excursiones-privadas-cruceros-es\/tour-privado-de-dia-completo-por-dubai-con-visita-al-burj-khalifa\/\" \/>\n<meta property=\"og:site_name\" content=\"Tour Travel And More\" \/>\n<meta property=\"article:publisher\" content=\"https:\/\/www.facebook.com\/tourtravelandmore\/\" \/>\n<meta property=\"article:modified_time\" content=\"2025-09-17T14:00:45+00:00\" \/>\n<meta property=\"og:image\" content=\"https:\/\/tourtravelandmore.com\/wp-content\/uploads\/2021\/12\/nick-fewings-4PDWwUD6g_4-unsplash.jpg\" \/>\n\t<meta property=\"og:image:width\" content=\"1920\" \/>\n\t<meta property=\"og:image:height\" content=\"1280\" \/>\n\t<meta property=\"og:image:type\" content=\"image\/jpeg\" \/>\n<meta name=\"twitter:card\" content=\"summary_large_image\" \/>\n<meta name=\"twitter:site\" content=\"@TourTravel_More\" \/>\n<meta name=\"twitter:label1\" content=\"Tiempo de lectura\" \/>\n\t<meta name=\"twitter:data1\" content=\"2 minutos\" \/>\n<script type=\"application\/ld+json\" class=\"yoast-schema-graph\">{\"@context\":\"https:\/\/schema.org\",\"@graph\":[{\"@type\":\"WebPage\",\"@id\":\"https:\/\/tourtravelandmore.com\/es\/tours\/emiratos-arabes-unidos-es\/dubai-es\/dubai-excursiones-privadas-cruceros-es\/tour-privado-de-dia-completo-por-dubai-con-visita-al-burj-khalifa\/\",\"url\":\"https:\/\/tourtravelandmore.com\/es\/tours\/emiratos-arabes-unidos-es\/dubai-es\/dubai-excursiones-privadas-cruceros-es\/tour-privado-de-dia-completo-por-dubai-con-visita-al-burj-khalifa\/\",\"name\":\"Tour privada de d\u00eda completo por Dubai con visita al Burj Khalifa | TTM\",\"isPartOf\":{\"@id\":\"https:\/\/tourtravelandmore.com\/es\/#website\"},\"primaryImageOfPage\":{\"@id\":\"https:\/\/tourtravelandmore.com\/es\/tours\/emiratos-arabes-unidos-es\/dubai-es\/dubai-excursiones-privadas-cruceros-es\/tour-privado-de-dia-completo-por-dubai-con-visita-al-burj-khalifa\/#primaryimage\"},\"image\":{\"@id\":\"https:\/\/tourtravelandmore.com\/es\/tours\/emiratos-arabes-unidos-es\/dubai-es\/dubai-excursiones-privadas-cruceros-es\/tour-privado-de-dia-completo-por-dubai-con-visita-al-burj-khalifa\/#primaryimage\"},\"thumbnailUrl\":\"https:\/\/tourtravelandmore.com\/wp-content\/uploads\/2021\/12\/nick-fewings-4PDWwUD6g_4-unsplash.jpg\",\"datePublished\":\"2021-12-29T12:19:45+00:00\",\"dateModified\":\"2025-09-17T14:00:45+00:00\",\"description\":\"Tour privado de Dubai; su arquitectura futurista, sus maravillosas mezquitas, sus deslumbrantes islas artificiales y mucho m\u00e1s. \u2705\",\"breadcrumb\":{\"@id\":\"https:\/\/tourtravelandmore.com\/es\/tours\/emiratos-arabes-unidos-es\/dubai-es\/dubai-excursiones-privadas-cruceros-es\/tour-privado-de-dia-completo-por-dubai-con-visita-al-burj-khalifa\/#breadcrumb\"},\"inLanguage\":\"es\",\"potentialAction\":[{\"@type\":\"ReadAction\",\"target\":[\"https:\/\/tourtravelandmore.com\/es\/tours\/emiratos-arabes-unidos-es\/dubai-es\/dubai-excursiones-privadas-cruceros-es\/tour-privado-de-dia-completo-por-dubai-con-visita-al-burj-khalifa\/\"]}]},{\"@type\":\"ImageObject\",\"inLanguage\":\"es\",\"@id\":\"https:\/\/tourtravelandmore.com\/es\/tours\/emiratos-arabes-unidos-es\/dubai-es\/dubai-excursiones-privadas-cruceros-es\/tour-privado-de-dia-completo-por-dubai-con-visita-al-burj-khalifa\/#primaryimage\",\"url\":\"https:\/\/tourtravelandmore.com\/wp-content\/uploads\/2021\/12\/nick-fewings-4PDWwUD6g_4-unsplash.jpg\",\"contentUrl\":\"https:\/\/tourtravelandmore.com\/wp-content\/uploads\/2021\/12\/nick-fewings-4PDWwUD6g_4-unsplash.jpg\",\"width\":1920,\"height\":1280},{\"@type\":\"BreadcrumbList\",\"@id\":\"https:\/\/tourtravelandmore.com\/es\/tours\/emiratos-arabes-unidos-es\/dubai-es\/dubai-excursiones-privadas-cruceros-es\/tour-privado-de-dia-completo-por-dubai-con-visita-al-burj-khalifa\/#breadcrumb\",\"itemListElement\":[{\"@type\":\"ListItem\",\"position\":1,\"name\":\"Home\",\"item\":\"https:\/\/tourtravelandmore.com\/es\/\"},{\"@type\":\"ListItem\",\"position\":2,\"name\":\"Tours\",\"item\":\"https:\/\/tourtravelandmore.com\/es\/tours\/\"},{\"@type\":\"ListItem\",\"position\":3,\"name\":\"Tour Privado por Dub\u00e1i con visita al Burj Khalifa\"}]},{\"@type\":\"WebSite\",\"@id\":\"https:\/\/tourtravelandmore.com\/es\/#website\",\"url\":\"https:\/\/tourtravelandmore.com\/es\/\",\"name\":\"Tour Travel And More\",\"description\":\"Private sightseeing tours and luxury transfers in Spain\",\"publisher\":{\"@id\":\"https:\/\/tourtravelandmore.com\/es\/#organization\"},\"potentialAction\":[{\"@type\":\"SearchAction\",\"target\":{\"@type\":\"EntryPoint\",\"urlTemplate\":\"https:\/\/tourtravelandmore.com\/es\/?s={search_term_string}\"},\"query-input\":{\"@type\":\"PropertyValueSpecification\",\"valueRequired\":true,\"valueName\":\"search_term_string\"}}],\"inLanguage\":\"es\"},{\"@type\":\"Organization\",\"@id\":\"https:\/\/tourtravelandmore.com\/es\/#organization\",\"name\":\"Tour Travel And More\",\"url\":\"https:\/\/tourtravelandmore.com\/es\/\",\"logo\":{\"@type\":\"ImageObject\",\"inLanguage\":\"es\",\"@id\":\"https:\/\/tourtravelandmore.com\/es\/#\/schema\/logo\/image\/\",\"url\":\"https:\/\/tourtravelandmore.com\/wp-content\/uploads\/2022\/12\/cropped-logo-cabecera-new.png\",\"contentUrl\":\"https:\/\/tourtravelandmore.com\/wp-content\/uploads\/2022\/12\/cropped-logo-cabecera-new.png\",\"width\":430,\"height\":61,\"caption\":\"Tour Travel And More\"},\"image\":{\"@id\":\"https:\/\/tourtravelandmore.com\/es\/#\/schema\/logo\/image\/\"},\"sameAs\":[\"https:\/\/www.facebook.com\/tourtravelandmore\/\",\"https:\/\/x.com\/TourTravel_More\"]}]}<\/script>\n<!-- \/ Yoast SEO Premium plugin. -->","yoast_head_json":{"title":"Tour privada de d\u00eda completo por Dubai con visita al Burj Khalifa | TTM","description":"Tour privado de Dubai; su arquitectura futurista, sus maravillosas mezquitas, sus deslumbrantes islas artificiales y mucho m\u00e1s. \u2705","robots":{"index":"index","follow":"follow","max-snippet":"max-snippet:-1","max-image-preview":"max-image-preview:large","max-video-preview":"max-video-preview:-1"},"canonical":"https:\/\/tourtravelandmore.com\/es\/tours\/emiratos-arabes-unidos-es\/dubai-es\/dubai-excursiones-privadas-cruceros-es\/tour-privado-de-dia-completo-por-dubai-con-visita-al-burj-khalifa\/","og_locale":"es_ES","og_type":"article","og_title":"Tour Privado por Dub\u00e1i con visita al Burj Khalifa","og_description":"Tour privado de Dubai; su arquitectura futurista, sus maravillosas mezquitas, sus deslumbrantes islas artificiales y mucho m\u00e1s. \u2705","og_url":"https:\/\/tourtravelandmore.com\/es\/tours\/emiratos-arabes-unidos-es\/dubai-es\/dubai-excursiones-privadas-cruceros-es\/tour-privado-de-dia-completo-por-dubai-con-visita-al-burj-khalifa\/","og_site_name":"Tour Travel And More","article_publisher":"https:\/\/www.facebook.com\/tourtravelandmore\/","article_modified_time":"2025-09-17T14:00:45+00:00","og_image":[{"width":1920,"height":1280,"url":"https:\/\/tourtravelandmore.com\/wp-content\/uploads\/2021\/12\/nick-fewings-4PDWwUD6g_4-unsplash.jpg","type":"image\/jpeg"}],"twitter_card":"summary_large_image","twitter_site":"@TourTravel_More","twitter_misc":{"Tiempo de lectura":"2 minutos"},"schema":{"@context":"https:\/\/schema.org","@graph":[{"@type":"WebPage","@id":"https:\/\/tourtravelandmore.com\/es\/tours\/emiratos-arabes-unidos-es\/dubai-es\/dubai-excursiones-privadas-cruceros-es\/tour-privado-de-dia-completo-por-dubai-con-visita-al-burj-khalifa\/","url":"https:\/\/tourtravelandmore.com\/es\/tours\/emiratos-arabes-unidos-es\/dubai-es\/dubai-excursiones-privadas-cruceros-es\/tour-privado-de-dia-completo-por-dubai-con-visita-al-burj-khalifa\/","name":"Tour privada de d\u00eda completo por Dubai con visita al Burj Khalifa | TTM","isPartOf":{"@id":"https:\/\/tourtravelandmore.com\/es\/#website"},"primaryImageOfPage":{"@id":"https:\/\/tourtravelandmore.com\/es\/tours\/emiratos-arabes-unidos-es\/dubai-es\/dubai-excursiones-privadas-cruceros-es\/tour-privado-de-dia-completo-por-dubai-con-visita-al-burj-khalifa\/#primaryimage"},"image":{"@id":"https:\/\/tourtravelandmore.com\/es\/tours\/emiratos-arabes-unidos-es\/dubai-es\/dubai-excursiones-privadas-cruceros-es\/tour-privado-de-dia-completo-por-dubai-con-visita-al-burj-khalifa\/#primaryimage"},"thumbnailUrl":"https:\/\/tourtravelandmore.com\/wp-content\/uploads\/2021\/12\/nick-fewings-4PDWwUD6g_4-unsplash.jpg","datePublished":"2021-12-29T12:19:45+00:00","dateModified":"2025-09-17T14:00:45+00:00","description":"Tour privado de Dubai; su arquitectura futurista, sus maravillosas mezquitas, sus deslumbrantes islas artificiales y mucho m\u00e1s. \u2705","breadcrumb":{"@id":"https:\/\/tourtravelandmore.com\/es\/tours\/emiratos-arabes-unidos-es\/dubai-es\/dubai-excursiones-privadas-cruceros-es\/tour-privado-de-dia-completo-por-dubai-con-visita-al-burj-khalifa\/#breadcrumb"},"inLanguage":"es","potentialAction":[{"@type":"ReadAction","target":["https:\/\/tourtravelandmore.com\/es\/tours\/emiratos-arabes-unidos-es\/dubai-es\/dubai-excursiones-privadas-cruceros-es\/tour-privado-de-dia-completo-por-dubai-con-visita-al-burj-khalifa\/"]}]},{"@type":"ImageObject","inLanguage":"es","@id":"https:\/\/tourtravelandmore.com\/es\/tours\/emiratos-arabes-unidos-es\/dubai-es\/dubai-excursiones-privadas-cruceros-es\/tour-privado-de-dia-completo-por-dubai-con-visita-al-burj-khalifa\/#primaryimage","url":"https:\/\/tourtravelandmore.com\/wp-content\/uploads\/2021\/12\/nick-fewings-4PDWwUD6g_4-unsplash.jpg","contentUrl":"https:\/\/tourtravelandmore.com\/wp-content\/uploads\/2021\/12\/nick-fewings-4PDWwUD6g_4-unsplash.jpg","width":1920,"height":1280},{"@type":"BreadcrumbList","@id":"https:\/\/tourtravelandmore.com\/es\/tours\/emiratos-arabes-unidos-es\/dubai-es\/dubai-excursiones-privadas-cruceros-es\/tour-privado-de-dia-completo-por-dubai-con-visita-al-burj-khalifa\/#breadcrumb","itemListElement":[{"@type":"ListItem","position":1,"name":"Home","item":"https:\/\/tourtravelandmore.com\/es\/"},{"@type":"ListItem","position":2,"name":"Tours","item":"https:\/\/tourtravelandmore.com\/es\/tours\/"},{"@type":"ListItem","position":3,"name":"Tour Privado por Dub\u00e1i con visita al Burj Khalifa"}]},{"@type":"WebSite","@id":"https:\/\/tourtravelandmore.com\/es\/#website","url":"https:\/\/tourtravelandmore.com\/es\/","name":"Tour Travel And More","description":"Private sightseeing tours and luxury transfers in Spain","publisher":{"@id":"https:\/\/tourtravelandmore.com\/es\/#organization"},"potentialAction":[{"@type":"SearchAction","target":{"@type":"EntryPoint","urlTemplate":"https:\/\/tourtravelandmore.com\/es\/?s={search_term_string}"},"query-input":{"@type":"PropertyValueSpecification","valueRequired":true,"valueName":"search_term_string"}}],"inLanguage":"es"},{"@type":"Organization","@id":"https:\/\/tourtravelandmore.com\/es\/#organization","name":"Tour Travel And More","url":"https:\/\/tourtravelandmore.com\/es\/","logo":{"@type":"ImageObject","inLanguage":"es","@id":"https:\/\/tourtravelandmore.com\/es\/#\/schema\/logo\/image\/","url":"https:\/\/tourtravelandmore.com\/wp-content\/uploads\/2022\/12\/cropped-logo-cabecera-new.png","contentUrl":"https:\/\/tourtravelandmore.com\/wp-content\/uploads\/2022\/12\/cropped-logo-cabecera-new.png","width":430,"height":61,"caption":"Tour Travel And More"},"image":{"@id":"https:\/\/tourtravelandmore.com\/es\/#\/schema\/logo\/image\/"},"sameAs":["https:\/\/www.facebook.com\/tourtravelandmore\/","https:\/\/x.com\/TourTravel_More"]}]}},"_links":{"self":[{"href":"https:\/\/tourtravelandmore.com\/es\/wp-json\/wp\/v2\/product\/116811","targetHints":{"allow":["GET"]}}],"collection":[{"href":"https:\/\/tourtravelandmore.com\/es\/wp-json\/wp\/v2\/product"}],"about":[{"href":"https:\/\/tourtravelandmore.com\/es\/wp-json\/wp\/v2\/types\/product"}],"replies":[{"embeddable":true,"href":"https:\/\/tourtravelandmore.com\/es\/wp-json\/wp\/v2\/comments?post=116811"}],"wp:featuredmedia":[{"embeddable":true,"href":"https:\/\/tourtravelandmore.com\/es\/wp-json\/wp\/v2\/media\/116875"}],"wp:attachment":[{"href":"https:\/\/tourtravelandmore.com\/es\/wp-json\/wp\/v2\/media?parent=116811"}],"wp:term":[{"taxonomy":"product_brand","embeddable":true,"href":"https:\/\/tourtravelandmore.com\/es\/wp-json\/wp\/v2\/product_brand?post=116811"},{"taxonomy":"product_cat","embeddable":true,"href":"https:\/\/tourtravelandmore.com\/es\/wp-json\/wp\/v2\/product_cat?post=116811"},{"taxonomy":"product_tag","embeddable":true,"href":"https:\/\/tourtravelandmore.com\/es\/wp-json\/wp\/v2\/product_tag?post=116811"}],"curies":[{"name":"wp","href":"https:\/\/api.w.org\/{rel}","templated":true}]}}