{"id":116789,"date":"2021-12-28T17:01:50","date_gmt":"2021-12-28T16:40:26","guid":{"rendered":"https:\/\/tourtravelandmore.com\/?post_type=product&#038;p=116789"},"modified":"2022-01-21T09:49:39","modified_gmt":"2022-01-21T08:49:39","slug":"safari-4x4-privado-de-medio-dia-en-el-desierto-de-dubai","status":"publish","type":"product","link":"https:\/\/tourtravelandmore.com\/es\/tours\/emiratos-arabes-unidos-es\/dubai-es\/dubai-actividades-es\/safari-4x4-privado-de-medio-dia-en-el-desierto-de-dubai\/","title":{"rendered":"Safari 4&#215;4 privado de medio d\u00eda en el desierto de Dub\u00e1i"},"content":{"rendered":"<h2>Descripci\u00f3n del Safari 4&#215;4 privado de medio d\u00eda en el desierto de Dubai<\/h2>\n<p>Su safari matutino por el desierto comienza temprano por la ma\u00f1ana, cuando su <strong>conductor\/gu\u00eda privado<\/strong> le recoge en su hotel de Dubai en un <strong>Land Cruiser 4&#215;4<\/strong>. A continuaci\u00f3n, ir\u00e1 a descubrir los impresionantes <strong>paisajes del desierto de Arabia<\/strong>.<\/p>\n<p>Llegar\u00e1n al <strong>desierto de dunas rojas de Lahbab<\/strong>, a solo una hora de la ciudad. Al llegar, tendr\u00e1 unos minutos para relajarse en el entorno \u00fanico del desierto mientras su conductor prepara el coche para la acci\u00f3n.<\/p>\n<p>A continuaci\u00f3n, si\u00e9ntese, abr\u00f3chese los cinturones y prep\u00e1rese para la <strong>adrenalina<\/strong> de su <strong>viaje por el desierto<\/strong>. Las subidas y bajadas de las pendientes casi verticales y las curvas cerradas en las enormes y suaves dunas de arena le har\u00e1n pensar que est\u00e1 en una monta\u00f1a rusa. Es una sensaci\u00f3n que le acompa\u00f1ar\u00e1 durante mucho tiempo. Tambi\u00e9n puede probar el ahora popular deporte del <em><strong>sandboard<\/strong><\/em>.<\/p>\n<p>Despu\u00e9s tendr\u00e1 mucho tiempo para explorar el desierto y tomar <strong>fotos memorables de las dunas<\/strong> antes de regresar a su hotel en Dubai.<\/p>\n<p>Si nuestro <strong>Safari 4&#215;4 privado de medio d\u00eda en el desierto de Dubai<\/strong>\u00a0les hace querer saber m\u00e1s sobre este lugar \u00fanico,<strong> <a href=\"https:\/\/tourtravelandmore.com\/es\/ciudad\/emiratos-arabes-unidos-es\/\" rel=\"noopener noreferrer\">no se pierda nuestros otros tours privados en los Emiratos \u00c1rabes Unidos.<\/a><\/strong><\/p>\n","protected":false},"excerpt":{"rendered":"<p>Disfrute de esta <strong>experiencia completamente privada<\/strong> y conozca el desierto de <strong>Dub\u00e1i<\/strong> en su veh\u00edculo privado junto con su propio <strong>conductor privado<\/strong> durante 4 horas. Aproveche esta oportunidad para visitar las maravillosas dunas rojas, obtener fotos del paisaje \u00fanico y experimentar la adrenalina de cabalgar las dunas en su coche o del <em>sandboarding<\/em>.<\/p>\n","protected":false},"featured_media":116189,"comment_status":"open","ping_status":"closed","template":"","meta":{"_acf_changed":false},"product_brand":[],"product_cat":[1905,1964,1969,3314,1602],"product_tag":[],"class_list":{"0":"post-116789","1":"product","2":"type-product","3":"status-publish","4":"has-post-thumbnail","6":"product_cat-emiratos-arabes-unidos-es","7":"product_cat-dubai-es","8":"product_cat-dubai-actividades-es","9":"product_cat-dubai-tours-al-desierto-es","10":"product_cat-eeuu-es","12":"first","13":"instock","14":"shipping-taxable","15":"purchasable","16":"product-type-simple"},"acf":[],"yoast_head":"<!-- This site is optimized with the Yoast SEO Premium plugin v25.3.1 (Yoast SEO v25.3.1) - https:\/\/yoast.com\/wordpress\/plugins\/seo\/ -->\n<title>Safari 4x4 privado de medio d\u00eda en el desierto de Dubai | TTM<\/title>\n<meta name=\"description\" content=\"Safari privado en el desierto de Dubai. Dune bashing, paisajes des\u00e9rticos, sandboarding, adrenalina y m\u00e1s. \u2705\" \/>\n<meta name=\"robots\" content=\"index, follow, max-snippet:-1, max-image-preview:large, max-video-preview:-1\" \/>\n<link rel=\"canonical\" href=\"https:\/\/tourtravelandmore.com\/es\/tours\/emiratos-arabes-unidos-es\/dubai-es\/dubai-actividades-es\/safari-4x4-privado-de-medio-dia-en-el-desierto-de-dubai\/\" \/>\n<meta property=\"og:locale\" content=\"es_ES\" \/>\n<meta property=\"og:type\" content=\"article\" \/>\n<meta property=\"og:title\" content=\"Safari 4x4 privado de medio d\u00eda en el desierto de Dub\u00e1i\" \/>\n<meta property=\"og:description\" content=\"Safari privado en el desierto de Dubai. Dune bashing, paisajes des\u00e9rticos, sandboarding, adrenalina y m\u00e1s. \u2705\" \/>\n<meta property=\"og:url\" content=\"https:\/\/tourtravelandmore.com\/es\/tours\/emiratos-arabes-unidos-es\/dubai-es\/dubai-actividades-es\/safari-4x4-privado-de-medio-dia-en-el-desierto-de-dubai\/\" \/>\n<meta property=\"og:site_name\" content=\"Tour Travel And More\" \/>\n<meta property=\"article:publisher\" content=\"https:\/\/www.facebook.com\/tourtravelandmore\/\" \/>\n<meta property=\"article:modified_time\" content=\"2022-01-21T08:49:39+00:00\" \/>\n<meta property=\"og:image\" content=\"https:\/\/tourtravelandmore.com\/wp-content\/uploads\/2021\/12\/pexels-denys-gromov-4781951.jpg\" \/>\n\t<meta property=\"og:image:width\" content=\"1920\" \/>\n\t<meta property=\"og:image:height\" content=\"1280\" \/>\n\t<meta property=\"og:image:type\" content=\"image\/jpeg\" \/>\n<meta name=\"twitter:card\" content=\"summary_large_image\" \/>\n<meta name=\"twitter:site\" content=\"@TourTravel_More\" \/>\n<meta name=\"twitter:label1\" content=\"Tiempo de lectura\" \/>\n\t<meta name=\"twitter:data1\" content=\"1 minuto\" \/>\n<script type=\"application\/ld+json\" class=\"yoast-schema-graph\">{\"@context\":\"https:\/\/schema.org\",\"@graph\":[{\"@type\":\"WebPage\",\"@id\":\"https:\/\/tourtravelandmore.com\/es\/tours\/emiratos-arabes-unidos-es\/dubai-es\/dubai-actividades-es\/safari-4x4-privado-de-medio-dia-en-el-desierto-de-dubai\/\",\"url\":\"https:\/\/tourtravelandmore.com\/es\/tours\/emiratos-arabes-unidos-es\/dubai-es\/dubai-actividades-es\/safari-4x4-privado-de-medio-dia-en-el-desierto-de-dubai\/\",\"name\":\"Safari 4x4 privado de medio d\u00eda en el desierto de Dubai | TTM\",\"isPartOf\":{\"@id\":\"https:\/\/tourtravelandmore.com\/es\/#website\"},\"primaryImageOfPage\":{\"@id\":\"https:\/\/tourtravelandmore.com\/es\/tours\/emiratos-arabes-unidos-es\/dubai-es\/dubai-actividades-es\/safari-4x4-privado-de-medio-dia-en-el-desierto-de-dubai\/#primaryimage\"},\"image\":{\"@id\":\"https:\/\/tourtravelandmore.com\/es\/tours\/emiratos-arabes-unidos-es\/dubai-es\/dubai-actividades-es\/safari-4x4-privado-de-medio-dia-en-el-desierto-de-dubai\/#primaryimage\"},\"thumbnailUrl\":\"https:\/\/tourtravelandmore.com\/wp-content\/uploads\/2021\/12\/pexels-denys-gromov-4781951.jpg\",\"datePublished\":\"2021-12-28T16:40:26+00:00\",\"dateModified\":\"2022-01-21T08:49:39+00:00\",\"description\":\"Safari privado en el desierto de Dubai. Dune bashing, paisajes des\u00e9rticos, sandboarding, adrenalina y m\u00e1s. \u2705\",\"breadcrumb\":{\"@id\":\"https:\/\/tourtravelandmore.com\/es\/tours\/emiratos-arabes-unidos-es\/dubai-es\/dubai-actividades-es\/safari-4x4-privado-de-medio-dia-en-el-desierto-de-dubai\/#breadcrumb\"},\"inLanguage\":\"es\",\"potentialAction\":[{\"@type\":\"ReadAction\",\"target\":[\"https:\/\/tourtravelandmore.com\/es\/tours\/emiratos-arabes-unidos-es\/dubai-es\/dubai-actividades-es\/safari-4x4-privado-de-medio-dia-en-el-desierto-de-dubai\/\"]}]},{\"@type\":\"ImageObject\",\"inLanguage\":\"es\",\"@id\":\"https:\/\/tourtravelandmore.com\/es\/tours\/emiratos-arabes-unidos-es\/dubai-es\/dubai-actividades-es\/safari-4x4-privado-de-medio-dia-en-el-desierto-de-dubai\/#primaryimage\",\"url\":\"https:\/\/tourtravelandmore.com\/wp-content\/uploads\/2021\/12\/pexels-denys-gromov-4781951.jpg\",\"contentUrl\":\"https:\/\/tourtravelandmore.com\/wp-content\/uploads\/2021\/12\/pexels-denys-gromov-4781951.jpg\",\"width\":1920,\"height\":1280},{\"@type\":\"BreadcrumbList\",\"@id\":\"https:\/\/tourtravelandmore.com\/es\/tours\/emiratos-arabes-unidos-es\/dubai-es\/dubai-actividades-es\/safari-4x4-privado-de-medio-dia-en-el-desierto-de-dubai\/#breadcrumb\",\"itemListElement\":[{\"@type\":\"ListItem\",\"position\":1,\"name\":\"Home\",\"item\":\"https:\/\/tourtravelandmore.com\/es\/\"},{\"@type\":\"ListItem\",\"position\":2,\"name\":\"Tours\",\"item\":\"https:\/\/tourtravelandmore.com\/es\/tours\/\"},{\"@type\":\"ListItem\",\"position\":3,\"name\":\"Safari 4&#215;4 privado de medio d\u00eda en el desierto de Dub\u00e1i\"}]},{\"@type\":\"WebSite\",\"@id\":\"https:\/\/tourtravelandmore.com\/es\/#website\",\"url\":\"https:\/\/tourtravelandmore.com\/es\/\",\"name\":\"Tour Travel And More\",\"description\":\"Private sightseeing tours and luxury transfers in Spain\",\"publisher\":{\"@id\":\"https:\/\/tourtravelandmore.com\/es\/#organization\"},\"potentialAction\":[{\"@type\":\"SearchAction\",\"target\":{\"@type\":\"EntryPoint\",\"urlTemplate\":\"https:\/\/tourtravelandmore.com\/es\/?s={search_term_string}\"},\"query-input\":{\"@type\":\"PropertyValueSpecification\",\"valueRequired\":true,\"valueName\":\"search_term_string\"}}],\"inLanguage\":\"es\"},{\"@type\":\"Organization\",\"@id\":\"https:\/\/tourtravelandmore.com\/es\/#organization\",\"name\":\"Tour Travel And More\",\"url\":\"https:\/\/tourtravelandmore.com\/es\/\",\"logo\":{\"@type\":\"ImageObject\",\"inLanguage\":\"es\",\"@id\":\"https:\/\/tourtravelandmore.com\/es\/#\/schema\/logo\/image\/\",\"url\":\"https:\/\/tourtravelandmore.com\/wp-content\/uploads\/2022\/12\/cropped-logo-cabecera-new.png\",\"contentUrl\":\"https:\/\/tourtravelandmore.com\/wp-content\/uploads\/2022\/12\/cropped-logo-cabecera-new.png\",\"width\":430,\"height\":61,\"caption\":\"Tour Travel And More\"},\"image\":{\"@id\":\"https:\/\/tourtravelandmore.com\/es\/#\/schema\/logo\/image\/\"},\"sameAs\":[\"https:\/\/www.facebook.com\/tourtravelandmore\/\",\"https:\/\/x.com\/TourTravel_More\"]}]}<\/script>\n<!-- \/ Yoast SEO Premium plugin. -->","yoast_head_json":{"title":"Safari 4x4 privado de medio d\u00eda en el desierto de Dubai | TTM","description":"Safari privado en el desierto de Dubai. Dune bashing, paisajes des\u00e9rticos, sandboarding, adrenalina y m\u00e1s. \u2705","robots":{"index":"index","follow":"follow","max-snippet":"max-snippet:-1","max-image-preview":"max-image-preview:large","max-video-preview":"max-video-preview:-1"},"canonical":"https:\/\/tourtravelandmore.com\/es\/tours\/emiratos-arabes-unidos-es\/dubai-es\/dubai-actividades-es\/safari-4x4-privado-de-medio-dia-en-el-desierto-de-dubai\/","og_locale":"es_ES","og_type":"article","og_title":"Safari 4x4 privado de medio d\u00eda en el desierto de Dub\u00e1i","og_description":"Safari privado en el desierto de Dubai. Dune bashing, paisajes des\u00e9rticos, sandboarding, adrenalina y m\u00e1s. \u2705","og_url":"https:\/\/tourtravelandmore.com\/es\/tours\/emiratos-arabes-unidos-es\/dubai-es\/dubai-actividades-es\/safari-4x4-privado-de-medio-dia-en-el-desierto-de-dubai\/","og_site_name":"Tour Travel And More","article_publisher":"https:\/\/www.facebook.com\/tourtravelandmore\/","article_modified_time":"2022-01-21T08:49:39+00:00","og_image":[{"width":1920,"height":1280,"url":"https:\/\/tourtravelandmore.com\/wp-content\/uploads\/2021\/12\/pexels-denys-gromov-4781951.jpg","type":"image\/jpeg"}],"twitter_card":"summary_large_image","twitter_site":"@TourTravel_More","twitter_misc":{"Tiempo de lectura":"1 minuto"},"schema":{"@context":"https:\/\/schema.org","@graph":[{"@type":"WebPage","@id":"https:\/\/tourtravelandmore.com\/es\/tours\/emiratos-arabes-unidos-es\/dubai-es\/dubai-actividades-es\/safari-4x4-privado-de-medio-dia-en-el-desierto-de-dubai\/","url":"https:\/\/tourtravelandmore.com\/es\/tours\/emiratos-arabes-unidos-es\/dubai-es\/dubai-actividades-es\/safari-4x4-privado-de-medio-dia-en-el-desierto-de-dubai\/","name":"Safari 4x4 privado de medio d\u00eda en el desierto de Dubai | TTM","isPartOf":{"@id":"https:\/\/tourtravelandmore.com\/es\/#website"},"primaryImageOfPage":{"@id":"https:\/\/tourtravelandmore.com\/es\/tours\/emiratos-arabes-unidos-es\/dubai-es\/dubai-actividades-es\/safari-4x4-privado-de-medio-dia-en-el-desierto-de-dubai\/#primaryimage"},"image":{"@id":"https:\/\/tourtravelandmore.com\/es\/tours\/emiratos-arabes-unidos-es\/dubai-es\/dubai-actividades-es\/safari-4x4-privado-de-medio-dia-en-el-desierto-de-dubai\/#primaryimage"},"thumbnailUrl":"https:\/\/tourtravelandmore.com\/wp-content\/uploads\/2021\/12\/pexels-denys-gromov-4781951.jpg","datePublished":"2021-12-28T16:40:26+00:00","dateModified":"2022-01-21T08:49:39+00:00","description":"Safari privado en el desierto de Dubai. Dune bashing, paisajes des\u00e9rticos, sandboarding, adrenalina y m\u00e1s. \u2705","breadcrumb":{"@id":"https:\/\/tourtravelandmore.com\/es\/tours\/emiratos-arabes-unidos-es\/dubai-es\/dubai-actividades-es\/safari-4x4-privado-de-medio-dia-en-el-desierto-de-dubai\/#breadcrumb"},"inLanguage":"es","potentialAction":[{"@type":"ReadAction","target":["https:\/\/tourtravelandmore.com\/es\/tours\/emiratos-arabes-unidos-es\/dubai-es\/dubai-actividades-es\/safari-4x4-privado-de-medio-dia-en-el-desierto-de-dubai\/"]}]},{"@type":"ImageObject","inLanguage":"es","@id":"https:\/\/tourtravelandmore.com\/es\/tours\/emiratos-arabes-unidos-es\/dubai-es\/dubai-actividades-es\/safari-4x4-privado-de-medio-dia-en-el-desierto-de-dubai\/#primaryimage","url":"https:\/\/tourtravelandmore.com\/wp-content\/uploads\/2021\/12\/pexels-denys-gromov-4781951.jpg","contentUrl":"https:\/\/tourtravelandmore.com\/wp-content\/uploads\/2021\/12\/pexels-denys-gromov-4781951.jpg","width":1920,"height":1280},{"@type":"BreadcrumbList","@id":"https:\/\/tourtravelandmore.com\/es\/tours\/emiratos-arabes-unidos-es\/dubai-es\/dubai-actividades-es\/safari-4x4-privado-de-medio-dia-en-el-desierto-de-dubai\/#breadcrumb","itemListElement":[{"@type":"ListItem","position":1,"name":"Home","item":"https:\/\/tourtravelandmore.com\/es\/"},{"@type":"ListItem","position":2,"name":"Tours","item":"https:\/\/tourtravelandmore.com\/es\/tours\/"},{"@type":"ListItem","position":3,"name":"Safari 4&#215;4 privado de medio d\u00eda en el desierto de Dub\u00e1i"}]},{"@type":"WebSite","@id":"https:\/\/tourtravelandmore.com\/es\/#website","url":"https:\/\/tourtravelandmore.com\/es\/","name":"Tour Travel And More","description":"Private sightseeing tours and luxury transfers in Spain","publisher":{"@id":"https:\/\/tourtravelandmore.com\/es\/#organization"},"potentialAction":[{"@type":"SearchAction","target":{"@type":"EntryPoint","urlTemplate":"https:\/\/tourtravelandmore.com\/es\/?s={search_term_string}"},"query-input":{"@type":"PropertyValueSpecification","valueRequired":true,"valueName":"search_term_string"}}],"inLanguage":"es"},{"@type":"Organization","@id":"https:\/\/tourtravelandmore.com\/es\/#organization","name":"Tour Travel And More","url":"https:\/\/tourtravelandmore.com\/es\/","logo":{"@type":"ImageObject","inLanguage":"es","@id":"https:\/\/tourtravelandmore.com\/es\/#\/schema\/logo\/image\/","url":"https:\/\/tourtravelandmore.com\/wp-content\/uploads\/2022\/12\/cropped-logo-cabecera-new.png","contentUrl":"https:\/\/tourtravelandmore.com\/wp-content\/uploads\/2022\/12\/cropped-logo-cabecera-new.png","width":430,"height":61,"caption":"Tour Travel And More"},"image":{"@id":"https:\/\/tourtravelandmore.com\/es\/#\/schema\/logo\/image\/"},"sameAs":["https:\/\/www.facebook.com\/tourtravelandmore\/","https:\/\/x.com\/TourTravel_More"]}]}},"_links":{"self":[{"href":"https:\/\/tourtravelandmore.com\/es\/wp-json\/wp\/v2\/product\/116789","targetHints":{"allow":["GET"]}}],"collection":[{"href":"https:\/\/tourtravelandmore.com\/es\/wp-json\/wp\/v2\/product"}],"about":[{"href":"https:\/\/tourtravelandmore.com\/es\/wp-json\/wp\/v2\/types\/product"}],"replies":[{"embeddable":true,"href":"https:\/\/tourtravelandmore.com\/es\/wp-json\/wp\/v2\/comments?post=116789"}],"wp:featuredmedia":[{"embeddable":true,"href":"https:\/\/tourtravelandmore.com\/es\/wp-json\/wp\/v2\/media\/116189"}],"wp:attachment":[{"href":"https:\/\/tourtravelandmore.com\/es\/wp-json\/wp\/v2\/media?parent=116789"}],"wp:term":[{"taxonomy":"product_brand","embeddable":true,"href":"https:\/\/tourtravelandmore.com\/es\/wp-json\/wp\/v2\/product_brand?post=116789"},{"taxonomy":"product_cat","embeddable":true,"href":"https:\/\/tourtravelandmore.com\/es\/wp-json\/wp\/v2\/product_cat?post=116789"},{"taxonomy":"product_tag","embeddable":true,"href":"https:\/\/tourtravelandmore.com\/es\/wp-json\/wp\/v2\/product_tag?post=116789"}],"curies":[{"name":"wp","href":"https:\/\/api.w.org\/{rel}","templated":true}]}}