{"id":116415,"date":"2021-12-23T15:16:59","date_gmt":"2021-12-23T14:16:59","guid":{"rendered":"https:\/\/tourtravelandmore.com\/?post_type=product&#038;p=116415"},"modified":"2023-11-03T11:00:55","modified_gmt":"2023-11-03T10:00:55","slug":"tour-privado-a-pie-a-mdina-y-rabat","status":"publish","type":"product","link":"https:\/\/tourtravelandmore.com\/es\/tours\/malta-es\/valleta-mdina-es\/tour-privado-a-pie-a-mdina-y-rabat\/","title":{"rendered":"Tour Privado a Pie a Mdina y Rabat"},"content":{"rendered":"<h2><b>Descripci\u00f3n del Tour privado a pie a Mdina y Rabat durante 4 horas<\/b><\/h2>\n<p><span style=\"font-weight: 400;\">No importa las veces que visites Malta, siempre hay algo nuevo por descubrir -y conocer- en esta enigm\u00e1tica regi\u00f3n.\u00a0<\/span><\/p>\n<p><span style=\"font-weight: 400;\">Sus <\/span><b>calles medievales<\/b><span style=\"font-weight: 400;\"> rodeadas de historia son el sitio perfecto para hacer una excursi\u00f3n personalizada que te logre conectar directamente con el pasado malt\u00e9s.\u00a0\u00a0<\/span><\/p>\n<p><span style=\"font-weight: 400;\">En este <\/span><b>tour a pie a Mdina y Rabat <\/b><span style=\"font-weight: 400;\">vas a explorar rincones llenos de encanto, <\/span><b>lugares de gran valor hist\u00f3rico<\/b><span style=\"font-weight: 400;\"> y callejuelas medievales que parecen inspiradas en una pel\u00edcula.\u00a0<\/span><\/p>\n<p><span style=\"font-weight: 400;\">El paseo empieza en el punto de encuentro de tu preferencia para que recorras -en compa\u00f1\u00eda de un gu\u00eda privado- los puntos m\u00e1s atractivos de cada una de estas ciudades tan llamativas.\u00a0<\/span><\/p>\n<p><span style=\"font-weight: 400;\">Pasear\u00e1s por estrechas y sinuosas calles que tienen gran influencia arquitect\u00f3nica \u00e1rabe y romana, las cuales se han mantenido a lo largo del tiempo.\u00a0<\/span><\/p>\n<p><span style=\"font-weight: 400;\">Ver\u00e1s iglesias con estilo barroco, palacios que pertenec\u00edan a los antiguos nobles, museos imponentes y hasta las catacumbas en las cuales San Pablo empez\u00f3 a predicar el cristianismo en la isla.\u00a0<\/span><\/p>\n<p><span style=\"font-weight: 400;\">Todo el <\/span><b>paseo a pie<\/b><span style=\"font-weight: 400;\"> ser\u00e1 exclusivo y personalizado, puesto que el <\/span><b>gu\u00eda privado<\/b><span style=\"font-weight: 400;\"> estar\u00e1 atento para que conozcas la informaci\u00f3n de mayor valor y los lugares m\u00e1s importantes; pero tambi\u00e9n te llevar\u00e1 hasta los tesoros ocultos de cada ciudad.\u00a0\u00a0<\/span><\/p>\n<p><span style=\"font-weight: 400;\">Sin duda, este tour a pie por Mdina y Rabat ser\u00e1 completamente adaptado a tus expectativas y te dejar\u00e1 recuerdos inolvidables.\u00a0<\/span><\/p>\n<h2><b>Puntos de inter\u00e9s en el Tour Privado a Pie a Mdina y Rabat<\/b><\/h2>\n<p><span style=\"font-weight: 400;\">Nuestro tour de 4 horas por Rabat y Mdina es ideal para conocer de cerca las calles medievales y las antiguas murallas, las cuales son parte fundamental del pasado malt\u00e9s.\u00a0<\/span><\/p>\n<p><span style=\"font-weight: 400;\">Cada una de estas ciudades cuenta con un pasado hist\u00f3rico y cultural muy llamativo, y que merece la pena conocer.\u00a0\u00a0<\/span><\/p>\n<h3><span style=\"color: #d3af37;\"><b>Mdina\u00a0<\/b><\/span><\/h3>\n<p><span style=\"font-weight: 400;\">Una de las principales cosas que te llamar\u00e1 la atenci\u00f3n de Mdina, tambi\u00e9n conocida como \u201cla ciudad silenciosa\u201d, es su laberinto de <\/span><b>calles color crema<\/b><span style=\"font-weight: 400;\">, que reflejan los rayos del sol de una forma majestuosa e impresionante.\u00a0<\/span><\/p>\n<p><span style=\"font-weight: 400;\">De hecho, ninguna otra ciudad describe mejor el pasado de la isla.\u00a0<\/span><\/p>\n<p><span style=\"font-weight: 400;\">Esta ciudad cuenta con miles de a\u00f1os de historia, pero <\/span><b>su arquitectura se conserva casi inalterada<\/b><span style=\"font-weight: 400;\">, lo cual causa gran atractivo a los visitantes.\u00a0<\/span><\/p>\n<p><span style=\"font-weight: 400;\">Mdina, cuya fundaci\u00f3n fue por parte de los fenicios en el a\u00f1o 700 a.C, era la capital de Malta, ya que su ubicaci\u00f3n favorec\u00eda mejor la defensa de la ciudad.\u00a0<\/span><\/p>\n<p><span style=\"font-weight: 400;\">Adem\u00e1s, sus murallas construidas entre los siglos XVI a XVII son unas de las que mejor se conservan en todo el mundo.\u00a0<\/span><\/p>\n<p><span style=\"font-weight: 400;\">En nuestra visita a pie por Mdina, ver\u00e1s distintos sitios de inter\u00e9s, como por ejemplo:\u00a0<\/span><\/p>\n<ul>\n<li><b>El Palazzo Falson de Mdina.\u00a0<\/b><\/li>\n<li><b>La Catedral de Mdina.\u00a0<\/b><\/li>\n<li><b>El Palacio Vilhena.\u00a0<\/b><\/li>\n<li><b>El Museo de la Catedral, y muchos otros lugares de espectacular belleza.\u00a0<\/b><\/li>\n<\/ul>\n<p><span style=\"font-weight: 400;\">De igual forma, la vista que se obtiene desde las murallas es espectacular, por lo cual sabemos que desde all\u00ed te vas a animar a tomar muchas fotograf\u00edas que servir\u00e1n como recuerdo de tu viaje.\u00a0<\/span><\/p>\n<h3><b><span style=\"color: #d3af37;\">Rabat<\/span>\u00a0\u00a0<\/b><\/h3>\n<p><span style=\"font-weight: 400;\">En la antig\u00fcedad, Malta fue asediada por los \u00e1rabes, quienes tambi\u00e9n construyeron varias ciudades en su intento por quedarse con la isla.\u00a0<\/span><\/p>\n<p><span style=\"font-weight: 400;\">Este es el caso de Rabat, un pueblo construido cercano a Mdina, cuya traducci\u00f3n de su nombre es \u201clos suburbios\u201d.\u00a0<\/span><\/p>\n<p><span style=\"font-weight: 400;\">Esta es una ciudad m\u00e1s peque\u00f1a que Mdina, pero que incluso alberga muchos sitios atractivos e interesantes.\u00a0<\/span><\/p>\n<p><span style=\"font-weight: 400;\">Una visita recomendada en Rabat es conocer las Catacumbas de San Pablo; puesto que es una forma de conocer m\u00e1s sobre los inicios del cristianismo.\u00a0<\/span><\/p>\n<p><span style=\"font-weight: 400;\">Asimismo, en este tour a pie tambi\u00e9n descubrir\u00e1s otros lugares, como:\u00a0<\/span><\/p>\n<ul>\n<li><b>Catacumbas de Santa Agatha.<\/b><\/li>\n<li><b>La Domus Romana.\u00a0<\/b><\/li>\n<li><b>Los refugios de la Segunda Guerra Mundial.<\/b><\/li>\n<li><b>La Casa Bernard.<\/b><\/li>\n<li><b>La iglesia de St. Paul, y muchos puntos de inter\u00e9s m\u00e1s<\/b><\/li>\n<\/ul>\n<p><span style=\"font-weight: 400;\">En todo el recorrido, el gu\u00eda ir\u00e1 a tu ritmo para que explores todos los rincones con mayor comodidad.\u00a0<\/span><\/p>\n<p><span style=\"font-weight: 400;\">Si dispones de m\u00e1s tiempo en Malta, ser\u00eda una interesante opci\u00f3n que escojas tambi\u00e9n un <\/span><a href=\"https:\/\/tourtravelandmore.com\/es\/tours\/malta-es\/valleta-mdina-es\/tour-privado-a-gozo-desde-malta\/\"><b>tour a Gozo desde Malta<\/b><\/a><span style=\"font-weight: 400;\">. De esta manera, vas a descubrir las bellezas naturales de ese peque\u00f1o para\u00edso y comprender\u00e1s la raz\u00f3n por la que se considera una de las islas m\u00e1s bonitas de Europa.\u00a0 <\/span><\/p>\n","protected":false},"excerpt":{"rendered":"<p><span style=\"font-weight: 400;\">Explora de forma exclusiva dos de las ciudades m\u00e1s importantes del archipi\u00e9lago malt\u00e9s. En este tour a pie de 4 horas por Mdina y Rabat, visitar\u00e1s los edificios y monumentos m\u00e1s atractivos y destacados, como la Catedral de Mdina, el Museo de la Catedral, el Palazzo Vilhena, las catacumbas de San Pablo, entre muchos otros lugares de gran inter\u00e9s hist\u00f3rico y cultural<\/span><\/p>\n","protected":false},"featured_media":116447,"comment_status":"open","ping_status":"closed","template":"","meta":{"_acf_changed":false},"product_brand":[],"product_cat":[1609,1010,1011,1012,1014],"product_tag":[],"class_list":{"0":"post-116415","1":"product","2":"type-product","3":"status-publish","4":"has-post-thumbnail","6":"product_cat-malta-es","7":"product_cat-valleta-mdina-es","8":"product_cat-valleta-mdina-actividades-es","9":"product_cat-valleta-mdina-rutas-turisticas-privadas-es","10":"product_cat-valleta-mdina-tours-privados-pie-es","12":"first","13":"instock","14":"shipping-taxable","15":"purchasable","16":"product-type-simple"},"acf":[],"yoast_head":"<!-- This site is optimized with the Yoast SEO Premium plugin v25.3.1 (Yoast SEO v25.3.1) - https:\/\/yoast.com\/wordpress\/plugins\/seo\/ -->\n<title>Tour privado a pie por Mdina y Rabat (4 horas) | Tour Travel &amp; More<\/title>\n<meta name=\"description\" content=\"Descubre los sitios m\u00e1s emblem\u00e1ticos de Mdina y Rabat en esta visita a pie dise\u00f1ada para conocer algunos de los patrimonios hist\u00f3ricos de la humanidad \u2705\" \/>\n<meta name=\"robots\" content=\"index, follow, max-snippet:-1, max-image-preview:large, max-video-preview:-1\" \/>\n<link rel=\"canonical\" href=\"https:\/\/tourtravelandmore.com\/es\/tours\/malta-es\/valleta-mdina-es\/tour-privado-a-pie-a-mdina-y-rabat\/\" \/>\n<meta property=\"og:locale\" content=\"es_ES\" \/>\n<meta property=\"og:type\" content=\"article\" \/>\n<meta property=\"og:title\" content=\"Tour Privado a Pie a Mdina y Rabat\" \/>\n<meta property=\"og:description\" content=\"Descubre los sitios m\u00e1s emblem\u00e1ticos de Mdina y Rabat en esta visita a pie dise\u00f1ada para conocer algunos de los patrimonios hist\u00f3ricos de la humanidad \u2705\" \/>\n<meta property=\"og:url\" content=\"https:\/\/tourtravelandmore.com\/es\/tours\/malta-es\/valleta-mdina-es\/tour-privado-a-pie-a-mdina-y-rabat\/\" \/>\n<meta property=\"og:site_name\" content=\"Tour Travel And More\" \/>\n<meta property=\"article:publisher\" content=\"https:\/\/www.facebook.com\/tourtravelandmore\/\" \/>\n<meta property=\"article:modified_time\" content=\"2023-11-03T10:00:55+00:00\" \/>\n<meta property=\"og:image\" content=\"https:\/\/tourtravelandmore.com\/wp-content\/uploads\/2021\/12\/image10-2.jpg\" \/>\n\t<meta property=\"og:image:width\" content=\"910\" \/>\n\t<meta property=\"og:image:height\" content=\"683\" \/>\n\t<meta property=\"og:image:type\" content=\"image\/jpeg\" \/>\n<meta name=\"twitter:card\" content=\"summary_large_image\" \/>\n<meta name=\"twitter:site\" content=\"@TourTravel_More\" \/>\n<meta name=\"twitter:label1\" content=\"Tiempo de lectura\" \/>\n\t<meta name=\"twitter:data1\" content=\"4 minutos\" \/>\n<script type=\"application\/ld+json\" class=\"yoast-schema-graph\">{\"@context\":\"https:\/\/schema.org\",\"@graph\":[{\"@type\":\"WebPage\",\"@id\":\"https:\/\/tourtravelandmore.com\/es\/tours\/malta-es\/valleta-mdina-es\/tour-privado-a-pie-a-mdina-y-rabat\/\",\"url\":\"https:\/\/tourtravelandmore.com\/es\/tours\/malta-es\/valleta-mdina-es\/tour-privado-a-pie-a-mdina-y-rabat\/\",\"name\":\"Tour privado a pie por Mdina y Rabat (4 horas) | Tour Travel & More\",\"isPartOf\":{\"@id\":\"https:\/\/tourtravelandmore.com\/es\/#website\"},\"primaryImageOfPage\":{\"@id\":\"https:\/\/tourtravelandmore.com\/es\/tours\/malta-es\/valleta-mdina-es\/tour-privado-a-pie-a-mdina-y-rabat\/#primaryimage\"},\"image\":{\"@id\":\"https:\/\/tourtravelandmore.com\/es\/tours\/malta-es\/valleta-mdina-es\/tour-privado-a-pie-a-mdina-y-rabat\/#primaryimage\"},\"thumbnailUrl\":\"https:\/\/tourtravelandmore.com\/wp-content\/uploads\/2021\/12\/image10-2.jpg\",\"datePublished\":\"2021-12-23T14:16:59+00:00\",\"dateModified\":\"2023-11-03T10:00:55+00:00\",\"description\":\"Descubre los sitios m\u00e1s emblem\u00e1ticos de Mdina y Rabat en esta visita a pie dise\u00f1ada para conocer algunos de los patrimonios hist\u00f3ricos de la humanidad \u2705\",\"breadcrumb\":{\"@id\":\"https:\/\/tourtravelandmore.com\/es\/tours\/malta-es\/valleta-mdina-es\/tour-privado-a-pie-a-mdina-y-rabat\/#breadcrumb\"},\"inLanguage\":\"es\",\"potentialAction\":[{\"@type\":\"ReadAction\",\"target\":[\"https:\/\/tourtravelandmore.com\/es\/tours\/malta-es\/valleta-mdina-es\/tour-privado-a-pie-a-mdina-y-rabat\/\"]}]},{\"@type\":\"ImageObject\",\"inLanguage\":\"es\",\"@id\":\"https:\/\/tourtravelandmore.com\/es\/tours\/malta-es\/valleta-mdina-es\/tour-privado-a-pie-a-mdina-y-rabat\/#primaryimage\",\"url\":\"https:\/\/tourtravelandmore.com\/wp-content\/uploads\/2021\/12\/image10-2.jpg\",\"contentUrl\":\"https:\/\/tourtravelandmore.com\/wp-content\/uploads\/2021\/12\/image10-2.jpg\",\"width\":910,\"height\":683},{\"@type\":\"BreadcrumbList\",\"@id\":\"https:\/\/tourtravelandmore.com\/es\/tours\/malta-es\/valleta-mdina-es\/tour-privado-a-pie-a-mdina-y-rabat\/#breadcrumb\",\"itemListElement\":[{\"@type\":\"ListItem\",\"position\":1,\"name\":\"Home\",\"item\":\"https:\/\/tourtravelandmore.com\/es\/\"},{\"@type\":\"ListItem\",\"position\":2,\"name\":\"Tours\",\"item\":\"https:\/\/tourtravelandmore.com\/es\/tours\/\"},{\"@type\":\"ListItem\",\"position\":3,\"name\":\"Tour Privado a Pie a Mdina y Rabat\"}]},{\"@type\":\"WebSite\",\"@id\":\"https:\/\/tourtravelandmore.com\/es\/#website\",\"url\":\"https:\/\/tourtravelandmore.com\/es\/\",\"name\":\"Tour Travel And More\",\"description\":\"Private sightseeing tours and luxury transfers in Spain\",\"publisher\":{\"@id\":\"https:\/\/tourtravelandmore.com\/es\/#organization\"},\"potentialAction\":[{\"@type\":\"SearchAction\",\"target\":{\"@type\":\"EntryPoint\",\"urlTemplate\":\"https:\/\/tourtravelandmore.com\/es\/?s={search_term_string}\"},\"query-input\":{\"@type\":\"PropertyValueSpecification\",\"valueRequired\":true,\"valueName\":\"search_term_string\"}}],\"inLanguage\":\"es\"},{\"@type\":\"Organization\",\"@id\":\"https:\/\/tourtravelandmore.com\/es\/#organization\",\"name\":\"Tour Travel And More\",\"url\":\"https:\/\/tourtravelandmore.com\/es\/\",\"logo\":{\"@type\":\"ImageObject\",\"inLanguage\":\"es\",\"@id\":\"https:\/\/tourtravelandmore.com\/es\/#\/schema\/logo\/image\/\",\"url\":\"https:\/\/tourtravelandmore.com\/wp-content\/uploads\/2022\/12\/cropped-logo-cabecera-new.png\",\"contentUrl\":\"https:\/\/tourtravelandmore.com\/wp-content\/uploads\/2022\/12\/cropped-logo-cabecera-new.png\",\"width\":430,\"height\":61,\"caption\":\"Tour Travel And More\"},\"image\":{\"@id\":\"https:\/\/tourtravelandmore.com\/es\/#\/schema\/logo\/image\/\"},\"sameAs\":[\"https:\/\/www.facebook.com\/tourtravelandmore\/\",\"https:\/\/x.com\/TourTravel_More\"]}]}<\/script>\n<!-- \/ Yoast SEO Premium plugin. -->","yoast_head_json":{"title":"Tour privado a pie por Mdina y Rabat (4 horas) | Tour Travel & More","description":"Descubre los sitios m\u00e1s emblem\u00e1ticos de Mdina y Rabat en esta visita a pie dise\u00f1ada para conocer algunos de los patrimonios hist\u00f3ricos de la humanidad \u2705","robots":{"index":"index","follow":"follow","max-snippet":"max-snippet:-1","max-image-preview":"max-image-preview:large","max-video-preview":"max-video-preview:-1"},"canonical":"https:\/\/tourtravelandmore.com\/es\/tours\/malta-es\/valleta-mdina-es\/tour-privado-a-pie-a-mdina-y-rabat\/","og_locale":"es_ES","og_type":"article","og_title":"Tour Privado a Pie a Mdina y Rabat","og_description":"Descubre los sitios m\u00e1s emblem\u00e1ticos de Mdina y Rabat en esta visita a pie dise\u00f1ada para conocer algunos de los patrimonios hist\u00f3ricos de la humanidad \u2705","og_url":"https:\/\/tourtravelandmore.com\/es\/tours\/malta-es\/valleta-mdina-es\/tour-privado-a-pie-a-mdina-y-rabat\/","og_site_name":"Tour Travel And More","article_publisher":"https:\/\/www.facebook.com\/tourtravelandmore\/","article_modified_time":"2023-11-03T10:00:55+00:00","og_image":[{"width":910,"height":683,"url":"https:\/\/tourtravelandmore.com\/wp-content\/uploads\/2021\/12\/image10-2.jpg","type":"image\/jpeg"}],"twitter_card":"summary_large_image","twitter_site":"@TourTravel_More","twitter_misc":{"Tiempo de lectura":"4 minutos"},"schema":{"@context":"https:\/\/schema.org","@graph":[{"@type":"WebPage","@id":"https:\/\/tourtravelandmore.com\/es\/tours\/malta-es\/valleta-mdina-es\/tour-privado-a-pie-a-mdina-y-rabat\/","url":"https:\/\/tourtravelandmore.com\/es\/tours\/malta-es\/valleta-mdina-es\/tour-privado-a-pie-a-mdina-y-rabat\/","name":"Tour privado a pie por Mdina y Rabat (4 horas) | Tour Travel & More","isPartOf":{"@id":"https:\/\/tourtravelandmore.com\/es\/#website"},"primaryImageOfPage":{"@id":"https:\/\/tourtravelandmore.com\/es\/tours\/malta-es\/valleta-mdina-es\/tour-privado-a-pie-a-mdina-y-rabat\/#primaryimage"},"image":{"@id":"https:\/\/tourtravelandmore.com\/es\/tours\/malta-es\/valleta-mdina-es\/tour-privado-a-pie-a-mdina-y-rabat\/#primaryimage"},"thumbnailUrl":"https:\/\/tourtravelandmore.com\/wp-content\/uploads\/2021\/12\/image10-2.jpg","datePublished":"2021-12-23T14:16:59+00:00","dateModified":"2023-11-03T10:00:55+00:00","description":"Descubre los sitios m\u00e1s emblem\u00e1ticos de Mdina y Rabat en esta visita a pie dise\u00f1ada para conocer algunos de los patrimonios hist\u00f3ricos de la humanidad \u2705","breadcrumb":{"@id":"https:\/\/tourtravelandmore.com\/es\/tours\/malta-es\/valleta-mdina-es\/tour-privado-a-pie-a-mdina-y-rabat\/#breadcrumb"},"inLanguage":"es","potentialAction":[{"@type":"ReadAction","target":["https:\/\/tourtravelandmore.com\/es\/tours\/malta-es\/valleta-mdina-es\/tour-privado-a-pie-a-mdina-y-rabat\/"]}]},{"@type":"ImageObject","inLanguage":"es","@id":"https:\/\/tourtravelandmore.com\/es\/tours\/malta-es\/valleta-mdina-es\/tour-privado-a-pie-a-mdina-y-rabat\/#primaryimage","url":"https:\/\/tourtravelandmore.com\/wp-content\/uploads\/2021\/12\/image10-2.jpg","contentUrl":"https:\/\/tourtravelandmore.com\/wp-content\/uploads\/2021\/12\/image10-2.jpg","width":910,"height":683},{"@type":"BreadcrumbList","@id":"https:\/\/tourtravelandmore.com\/es\/tours\/malta-es\/valleta-mdina-es\/tour-privado-a-pie-a-mdina-y-rabat\/#breadcrumb","itemListElement":[{"@type":"ListItem","position":1,"name":"Home","item":"https:\/\/tourtravelandmore.com\/es\/"},{"@type":"ListItem","position":2,"name":"Tours","item":"https:\/\/tourtravelandmore.com\/es\/tours\/"},{"@type":"ListItem","position":3,"name":"Tour Privado a Pie a Mdina y Rabat"}]},{"@type":"WebSite","@id":"https:\/\/tourtravelandmore.com\/es\/#website","url":"https:\/\/tourtravelandmore.com\/es\/","name":"Tour Travel And More","description":"Private sightseeing tours and luxury transfers in Spain","publisher":{"@id":"https:\/\/tourtravelandmore.com\/es\/#organization"},"potentialAction":[{"@type":"SearchAction","target":{"@type":"EntryPoint","urlTemplate":"https:\/\/tourtravelandmore.com\/es\/?s={search_term_string}"},"query-input":{"@type":"PropertyValueSpecification","valueRequired":true,"valueName":"search_term_string"}}],"inLanguage":"es"},{"@type":"Organization","@id":"https:\/\/tourtravelandmore.com\/es\/#organization","name":"Tour Travel And More","url":"https:\/\/tourtravelandmore.com\/es\/","logo":{"@type":"ImageObject","inLanguage":"es","@id":"https:\/\/tourtravelandmore.com\/es\/#\/schema\/logo\/image\/","url":"https:\/\/tourtravelandmore.com\/wp-content\/uploads\/2022\/12\/cropped-logo-cabecera-new.png","contentUrl":"https:\/\/tourtravelandmore.com\/wp-content\/uploads\/2022\/12\/cropped-logo-cabecera-new.png","width":430,"height":61,"caption":"Tour Travel And More"},"image":{"@id":"https:\/\/tourtravelandmore.com\/es\/#\/schema\/logo\/image\/"},"sameAs":["https:\/\/www.facebook.com\/tourtravelandmore\/","https:\/\/x.com\/TourTravel_More"]}]}},"_links":{"self":[{"href":"https:\/\/tourtravelandmore.com\/es\/wp-json\/wp\/v2\/product\/116415","targetHints":{"allow":["GET"]}}],"collection":[{"href":"https:\/\/tourtravelandmore.com\/es\/wp-json\/wp\/v2\/product"}],"about":[{"href":"https:\/\/tourtravelandmore.com\/es\/wp-json\/wp\/v2\/types\/product"}],"replies":[{"embeddable":true,"href":"https:\/\/tourtravelandmore.com\/es\/wp-json\/wp\/v2\/comments?post=116415"}],"wp:featuredmedia":[{"embeddable":true,"href":"https:\/\/tourtravelandmore.com\/es\/wp-json\/wp\/v2\/media\/116447"}],"wp:attachment":[{"href":"https:\/\/tourtravelandmore.com\/es\/wp-json\/wp\/v2\/media?parent=116415"}],"wp:term":[{"taxonomy":"product_brand","embeddable":true,"href":"https:\/\/tourtravelandmore.com\/es\/wp-json\/wp\/v2\/product_brand?post=116415"},{"taxonomy":"product_cat","embeddable":true,"href":"https:\/\/tourtravelandmore.com\/es\/wp-json\/wp\/v2\/product_cat?post=116415"},{"taxonomy":"product_tag","embeddable":true,"href":"https:\/\/tourtravelandmore.com\/es\/wp-json\/wp\/v2\/product_tag?post=116415"}],"curies":[{"name":"wp","href":"https:\/\/api.w.org\/{rel}","templated":true}]}}