{"id":116372,"date":"2021-12-23T14:43:55","date_gmt":"2021-12-23T13:43:57","guid":{"rendered":"https:\/\/tourtravelandmore.com\/?post_type=product&#038;p=116372"},"modified":"2023-11-03T11:16:24","modified_gmt":"2023-11-03T10:16:24","slug":"tour-privado-los-pasos-de-san-pablo-desde-cualquier-ciudad","status":"publish","type":"product","link":"https:\/\/tourtravelandmore.com\/es\/tours\/malta-es\/valleta-mdina-es\/tour-privado-los-pasos-de-san-pablo-desde-cualquier-ciudad\/","title":{"rendered":"Tour privado los pasos de San Pablo desde cualquier ciudad"},"content":{"rendered":"<h2><b>Descripci\u00f3n del Tour privado los pasos de San Pablo (4 horas) desde cualquier ciudad<\/b><\/h2>\n<p><span style=\"font-weight: 400;\">El archipi\u00e9lago malt\u00e9s ofrece mucho para ver y conocer. Sus islas est\u00e1n llenas de innumerables bellezas naturales y arquitect\u00f3nicas, las cuales son de incalculable valor. De hecho, muchos de sus monumentos y edificios han sido declarados patrimonio de la humanidad por la Unesco.\u00a0<\/span><\/p>\n<p><span style=\"font-weight: 400;\">El <\/span><b>tour los pasos de San Pablo<\/b><span style=\"font-weight: 400;\"> es la excursi\u00f3n perfecta para conectar con una parte fundamental del cristianismo, ya que te llevaremos hasta los sitios en los cuales el Ap\u00f3stol Pablo de Tarso realiz\u00f3 algunos de sus grandes milagros y empez\u00f3 a predicar el cristianismo en Malta.\u00a0<\/span><\/p>\n<p><span style=\"font-weight: 400;\">Tambi\u00e9n, conocer\u00e1s el sitio en el cual naufrag\u00f3 el ap\u00f3stol en el a\u00f1o 60 d.C.\u00a0<\/span><\/p>\n<p><span style=\"font-weight: 400;\">Ser\u00e1 un paseo de 4 horas, personalizado y a tu medida, en el cual te trasladar\u00e1s en un coche exclusivo y con un gu\u00eda oficial privado, quien se encargar\u00e1 de relatar cada dato importante de los lugares de inter\u00e9s que visites.\u00a0<\/span><\/p>\n<p><span style=\"font-weight: 400;\">Vas a explorar el sitio en el cual, seg\u00fan los relatos, San Pablo naufrag\u00f3 y empez\u00f3 a predicar la palabra de Cristo. Adem\u00e1s, esta gruta se convirti\u00f3 en un lugar de peregrinaci\u00f3n en el siglo XVII, puesto que fue muy patrocinada en la antig\u00fcedad por la orden de los caballeros de San Juan.\u00a0<\/span><\/p>\n<p><span style=\"font-weight: 400;\">El tour de 4 horas est\u00e1 planificado para descubrir y explorar <\/span><b>una de las rutas de peregrinaci\u00f3n m\u00e1s utilizadas por los cristianos a nivel mundial<\/b><span style=\"font-weight: 400;\">.\u00a0<\/span><\/p>\n<p><span style=\"font-weight: 400;\">Este tour privado por los pasos de San Pablo es el paseo perfecto para conectar con el pasado del cristianismo en Malta.\u00a0<\/span><\/p>\n<p><span style=\"font-weight: 400;\">Seg\u00fan la historia, la fe cristiana fue introducida por Pablo de Tarso en el a\u00f1o 60 de nuestra era, quien naufrag\u00f3 en un barco cuando iba a ser llevado ante el tribunal romano para ser juzgado como un rebelde.\u00a0<\/span><\/p>\n<p><span style=\"font-weight: 400;\">Este acontecimiento se relata en la biblia, espec\u00edficamente en el libro \u201cHechos de los Ap\u00f3stoles (XXVII) de San Lucas\u201d.<\/span><\/p>\n<h2><b>Puntos de Inter\u00e9s en el Tour privado, los pasos de San Pablo desde cualquier ciudad<\/b><\/h2>\n<p><span style=\"font-weight: 400;\">En las costas maltesas ver\u00e1s el sitio en el que naufrag\u00f3 y lleg\u00f3 a nado hasta la isla. Asimismo, el tour incluye otros sitios de inter\u00e9s, como por ejemplo:\u00a0<\/span><\/p>\n<h3><span style=\"color: #d3af37;\"><b>La gruta de San Pablo<\/b><\/span><\/h3>\n<p><span style=\"font-weight: 400;\">Esta gruta se encuentra justo debajo de la iglesia de San Pablo. Hay muchas leyendas alrededor de ella. Por ejemplo, se dice que al llegar a la isla, San Pablo en esta gruta fue picado por una serpiente y no le caus\u00f3 da\u00f1o.\u00a0<\/span><\/p>\n<p><span style=\"font-weight: 400;\">Por eso, la gruta de San Pablo se considera un lugar sagrado, el cual puede curar las mordeduras de serpientes y algunas enfermedades.\u00a0<\/span><\/p>\n<p><span style=\"font-weight: 400;\">Tambi\u00e9n, se dice que en las capillas de la gruta fue bautizado y consagrado Publio, quien fue el primer obispo de Malta.\u00a0<\/span><\/p>\n<p><span style=\"font-weight: 400;\">Adem\u00e1s, antes de construir las capillas,\u00a0 esa zona era utilizada como una c\u00e1rcel por los romanos, por lo cual a\u00fan se observan en sus techos las cadenas que utilizaban para amarrar a los condenados.\u00a0<\/span><\/p>\n<p><span style=\"font-weight: 400;\">Es una excursi\u00f3n que va a llenar por completo tus expectativas y, adem\u00e1s, te revelar\u00e1 las huellas que dej\u00f3 San Pablo por Malta.<\/span><\/p>\n<h3><span style=\"color: #d3af37;\"><b>Las catacumbas de San Pablo<\/b><\/span><\/h3>\n<p><span style=\"font-weight: 400;\">Este t\u00edpico complejo subterr\u00e1neo que se utilizaba como un cementerio romano, sirvi\u00f3 como sitio de encuentro de los primeros cristianos en la isla.\u00a0<\/span><\/p>\n<p><span style=\"font-weight: 400;\">Las catatumbas est\u00e1n situadas en las afueras de Mdina y son una de las representaciones arqueol\u00f3gicas m\u00e1s importantes del cristianismo en Malta.\u00a0<\/span><\/p>\n<h3><span style=\"color: #d3af37;\"><b>La <\/b><b>catedral de San Pablo de Malta<\/b><\/span><\/h3>\n<p><span style=\"font-weight: 400;\">En la antigua capital de Malta (Mdina) tambi\u00e9n ver\u00e1s la iglesia de San Pablo. El edificio est\u00e1 sobre la gruta de San Pablo y justo en el exterior de las murallas medievales de la ciudad.\u00a0<\/span><\/p>\n<p><span style=\"font-weight: 400;\">El lugar se encuentra donde se dice lleg\u00f3 San Pablo a la isla y se encontr\u00f3 con Publio.\u00a0<\/span><\/p>\n<p><span style=\"font-weight: 400;\">Es un edificio de una imponente belleza arquitect\u00f3nica y que alberga el Museo de la Catedral, en el cual est\u00e1 una valiosa colecci\u00f3n de arte eclesi\u00e1stico y secular.\u00a0<\/span><\/p>\n<p><span style=\"font-weight: 400;\">Adem\u00e1s, ver\u00e1s otros sitios de inter\u00e9s que son clave para entender la historia de San Pablo en Malta y comprender por qu\u00e9 la isla se consider\u00f3 un faro de luz para el cristianismo primitivo.\u00a0<\/span><\/p>\n<p><span style=\"font-weight: 400;\">Te recomendamos que tambi\u00e9n apartes unas horas de tu itinerario para que disfrutes <\/span><a href=\"https:\/\/tourtravelandmore.com\/es\/tours\/malta-es\/valleta-mdina-es\/tour-privado-a-pie-por-mdina\/\"><b>del tour privado a pie por Mdina<\/b><\/a><span style=\"font-weight: 400;\">, ya que ser\u00e1 una forma personalizada para terminar de descubrir todas las joyas que ofrece esta espl\u00e9ndida ciudad. <\/span><\/p>\n","protected":false},"excerpt":{"rendered":"<p><span style=\"font-weight: 400;\">\u00bfQuieres conocer la historia del cristianismo primitivo en Malta? Aprovecha tu visita por el archipi\u00e9lago malt\u00e9s para conocer los sitios m\u00e1s emblem\u00e1ticos que recorri\u00f3 San Pablo en Malta en este tour privado de 4 horas. Ser\u00e1 un encuentro cercano con la historia de los primeros cristianos y con gran parte de los relatos que aparecen en el Nuevo Testamento b\u00edblico<\/span><\/p>\n","protected":false},"featured_media":116391,"comment_status":"open","ping_status":"closed","template":"","meta":{"_acf_changed":false},"product_brand":[],"product_cat":[1609,1010,1011,1012],"product_tag":[],"class_list":{"0":"post-116372","1":"product","2":"type-product","3":"status-publish","4":"has-post-thumbnail","6":"product_cat-malta-es","7":"product_cat-valleta-mdina-es","8":"product_cat-valleta-mdina-actividades-es","9":"product_cat-valleta-mdina-rutas-turisticas-privadas-es","11":"first","12":"instock","13":"shipping-taxable","14":"purchasable","15":"product-type-simple"},"acf":[],"yoast_head":"<!-- This site is optimized with the Yoast SEO Premium plugin v25.3.1 (Yoast SEO v25.3.1) - https:\/\/yoast.com\/wordpress\/plugins\/seo\/ -->\n<title>\u27a1\ufe0f Tour privado los pasos de San Pablo | Tour Travel &amp; More<\/title>\n<meta name=\"description\" content=\"Visita la Gruta de San Pablo en esta excursi\u00f3n guiada por los pasos de San Pablo. Aprender\u00e1s todo sobre la historia de los primeros cristianos en Malta y mas \u2705\" \/>\n<meta name=\"robots\" content=\"index, follow, max-snippet:-1, max-image-preview:large, max-video-preview:-1\" \/>\n<link rel=\"canonical\" href=\"https:\/\/tourtravelandmore.com\/es\/tours\/malta-es\/valleta-mdina-es\/tour-privado-los-pasos-de-san-pablo-desde-cualquier-ciudad\/\" \/>\n<meta property=\"og:locale\" content=\"es_ES\" \/>\n<meta property=\"og:type\" content=\"article\" \/>\n<meta property=\"og:title\" content=\"Tour privado los pasos de San Pablo desde cualquier ciudad\" \/>\n<meta property=\"og:description\" content=\"Visita la Gruta de San Pablo en esta excursi\u00f3n guiada por los pasos de San Pablo. Aprender\u00e1s todo sobre la historia de los primeros cristianos en Malta y mas \u2705\" \/>\n<meta property=\"og:url\" content=\"https:\/\/tourtravelandmore.com\/es\/tours\/malta-es\/valleta-mdina-es\/tour-privado-los-pasos-de-san-pablo-desde-cualquier-ciudad\/\" \/>\n<meta property=\"og:site_name\" content=\"Tour Travel And More\" \/>\n<meta property=\"article:publisher\" content=\"https:\/\/www.facebook.com\/tourtravelandmore\/\" \/>\n<meta property=\"article:modified_time\" content=\"2023-11-03T10:16:24+00:00\" \/>\n<meta property=\"og:image\" content=\"https:\/\/tourtravelandmore.com\/wp-content\/uploads\/2021\/12\/image1-12.jpg\" \/>\n\t<meta property=\"og:image:width\" content=\"631\" \/>\n\t<meta property=\"og:image:height\" content=\"480\" \/>\n\t<meta property=\"og:image:type\" content=\"image\/jpeg\" \/>\n<meta name=\"twitter:card\" content=\"summary_large_image\" \/>\n<meta name=\"twitter:site\" content=\"@TourTravel_More\" \/>\n<meta name=\"twitter:label1\" content=\"Tiempo de lectura\" \/>\n\t<meta name=\"twitter:data1\" content=\"4 minutos\" \/>\n<script type=\"application\/ld+json\" class=\"yoast-schema-graph\">{\"@context\":\"https:\/\/schema.org\",\"@graph\":[{\"@type\":\"WebPage\",\"@id\":\"https:\/\/tourtravelandmore.com\/es\/tours\/malta-es\/valleta-mdina-es\/tour-privado-los-pasos-de-san-pablo-desde-cualquier-ciudad\/\",\"url\":\"https:\/\/tourtravelandmore.com\/es\/tours\/malta-es\/valleta-mdina-es\/tour-privado-los-pasos-de-san-pablo-desde-cualquier-ciudad\/\",\"name\":\"\u27a1\ufe0f Tour privado los pasos de San Pablo | Tour Travel & More\",\"isPartOf\":{\"@id\":\"https:\/\/tourtravelandmore.com\/es\/#website\"},\"primaryImageOfPage\":{\"@id\":\"https:\/\/tourtravelandmore.com\/es\/tours\/malta-es\/valleta-mdina-es\/tour-privado-los-pasos-de-san-pablo-desde-cualquier-ciudad\/#primaryimage\"},\"image\":{\"@id\":\"https:\/\/tourtravelandmore.com\/es\/tours\/malta-es\/valleta-mdina-es\/tour-privado-los-pasos-de-san-pablo-desde-cualquier-ciudad\/#primaryimage\"},\"thumbnailUrl\":\"https:\/\/tourtravelandmore.com\/wp-content\/uploads\/2021\/12\/image1-12.jpg\",\"datePublished\":\"2021-12-23T13:43:57+00:00\",\"dateModified\":\"2023-11-03T10:16:24+00:00\",\"description\":\"Visita la Gruta de San Pablo en esta excursi\u00f3n guiada por los pasos de San Pablo. Aprender\u00e1s todo sobre la historia de los primeros cristianos en Malta y mas \u2705\",\"breadcrumb\":{\"@id\":\"https:\/\/tourtravelandmore.com\/es\/tours\/malta-es\/valleta-mdina-es\/tour-privado-los-pasos-de-san-pablo-desde-cualquier-ciudad\/#breadcrumb\"},\"inLanguage\":\"es\",\"potentialAction\":[{\"@type\":\"ReadAction\",\"target\":[\"https:\/\/tourtravelandmore.com\/es\/tours\/malta-es\/valleta-mdina-es\/tour-privado-los-pasos-de-san-pablo-desde-cualquier-ciudad\/\"]}]},{\"@type\":\"ImageObject\",\"inLanguage\":\"es\",\"@id\":\"https:\/\/tourtravelandmore.com\/es\/tours\/malta-es\/valleta-mdina-es\/tour-privado-los-pasos-de-san-pablo-desde-cualquier-ciudad\/#primaryimage\",\"url\":\"https:\/\/tourtravelandmore.com\/wp-content\/uploads\/2021\/12\/image1-12.jpg\",\"contentUrl\":\"https:\/\/tourtravelandmore.com\/wp-content\/uploads\/2021\/12\/image1-12.jpg\",\"width\":631,\"height\":480},{\"@type\":\"BreadcrumbList\",\"@id\":\"https:\/\/tourtravelandmore.com\/es\/tours\/malta-es\/valleta-mdina-es\/tour-privado-los-pasos-de-san-pablo-desde-cualquier-ciudad\/#breadcrumb\",\"itemListElement\":[{\"@type\":\"ListItem\",\"position\":1,\"name\":\"Home\",\"item\":\"https:\/\/tourtravelandmore.com\/es\/\"},{\"@type\":\"ListItem\",\"position\":2,\"name\":\"Tours\",\"item\":\"https:\/\/tourtravelandmore.com\/es\/tours\/\"},{\"@type\":\"ListItem\",\"position\":3,\"name\":\"Tour privado los pasos de San Pablo desde cualquier ciudad\"}]},{\"@type\":\"WebSite\",\"@id\":\"https:\/\/tourtravelandmore.com\/es\/#website\",\"url\":\"https:\/\/tourtravelandmore.com\/es\/\",\"name\":\"Tour Travel And More\",\"description\":\"Private sightseeing tours and luxury transfers in Spain\",\"publisher\":{\"@id\":\"https:\/\/tourtravelandmore.com\/es\/#organization\"},\"potentialAction\":[{\"@type\":\"SearchAction\",\"target\":{\"@type\":\"EntryPoint\",\"urlTemplate\":\"https:\/\/tourtravelandmore.com\/es\/?s={search_term_string}\"},\"query-input\":{\"@type\":\"PropertyValueSpecification\",\"valueRequired\":true,\"valueName\":\"search_term_string\"}}],\"inLanguage\":\"es\"},{\"@type\":\"Organization\",\"@id\":\"https:\/\/tourtravelandmore.com\/es\/#organization\",\"name\":\"Tour Travel And More\",\"url\":\"https:\/\/tourtravelandmore.com\/es\/\",\"logo\":{\"@type\":\"ImageObject\",\"inLanguage\":\"es\",\"@id\":\"https:\/\/tourtravelandmore.com\/es\/#\/schema\/logo\/image\/\",\"url\":\"https:\/\/tourtravelandmore.com\/wp-content\/uploads\/2022\/12\/cropped-logo-cabecera-new.png\",\"contentUrl\":\"https:\/\/tourtravelandmore.com\/wp-content\/uploads\/2022\/12\/cropped-logo-cabecera-new.png\",\"width\":430,\"height\":61,\"caption\":\"Tour Travel And More\"},\"image\":{\"@id\":\"https:\/\/tourtravelandmore.com\/es\/#\/schema\/logo\/image\/\"},\"sameAs\":[\"https:\/\/www.facebook.com\/tourtravelandmore\/\",\"https:\/\/x.com\/TourTravel_More\"]}]}<\/script>\n<!-- \/ Yoast SEO Premium plugin. -->","yoast_head_json":{"title":"\u27a1\ufe0f Tour privado los pasos de San Pablo | Tour Travel & More","description":"Visita la Gruta de San Pablo en esta excursi\u00f3n guiada por los pasos de San Pablo. Aprender\u00e1s todo sobre la historia de los primeros cristianos en Malta y mas \u2705","robots":{"index":"index","follow":"follow","max-snippet":"max-snippet:-1","max-image-preview":"max-image-preview:large","max-video-preview":"max-video-preview:-1"},"canonical":"https:\/\/tourtravelandmore.com\/es\/tours\/malta-es\/valleta-mdina-es\/tour-privado-los-pasos-de-san-pablo-desde-cualquier-ciudad\/","og_locale":"es_ES","og_type":"article","og_title":"Tour privado los pasos de San Pablo desde cualquier ciudad","og_description":"Visita la Gruta de San Pablo en esta excursi\u00f3n guiada por los pasos de San Pablo. Aprender\u00e1s todo sobre la historia de los primeros cristianos en Malta y mas \u2705","og_url":"https:\/\/tourtravelandmore.com\/es\/tours\/malta-es\/valleta-mdina-es\/tour-privado-los-pasos-de-san-pablo-desde-cualquier-ciudad\/","og_site_name":"Tour Travel And More","article_publisher":"https:\/\/www.facebook.com\/tourtravelandmore\/","article_modified_time":"2023-11-03T10:16:24+00:00","og_image":[{"width":631,"height":480,"url":"https:\/\/tourtravelandmore.com\/wp-content\/uploads\/2021\/12\/image1-12.jpg","type":"image\/jpeg"}],"twitter_card":"summary_large_image","twitter_site":"@TourTravel_More","twitter_misc":{"Tiempo de lectura":"4 minutos"},"schema":{"@context":"https:\/\/schema.org","@graph":[{"@type":"WebPage","@id":"https:\/\/tourtravelandmore.com\/es\/tours\/malta-es\/valleta-mdina-es\/tour-privado-los-pasos-de-san-pablo-desde-cualquier-ciudad\/","url":"https:\/\/tourtravelandmore.com\/es\/tours\/malta-es\/valleta-mdina-es\/tour-privado-los-pasos-de-san-pablo-desde-cualquier-ciudad\/","name":"\u27a1\ufe0f Tour privado los pasos de San Pablo | Tour Travel & More","isPartOf":{"@id":"https:\/\/tourtravelandmore.com\/es\/#website"},"primaryImageOfPage":{"@id":"https:\/\/tourtravelandmore.com\/es\/tours\/malta-es\/valleta-mdina-es\/tour-privado-los-pasos-de-san-pablo-desde-cualquier-ciudad\/#primaryimage"},"image":{"@id":"https:\/\/tourtravelandmore.com\/es\/tours\/malta-es\/valleta-mdina-es\/tour-privado-los-pasos-de-san-pablo-desde-cualquier-ciudad\/#primaryimage"},"thumbnailUrl":"https:\/\/tourtravelandmore.com\/wp-content\/uploads\/2021\/12\/image1-12.jpg","datePublished":"2021-12-23T13:43:57+00:00","dateModified":"2023-11-03T10:16:24+00:00","description":"Visita la Gruta de San Pablo en esta excursi\u00f3n guiada por los pasos de San Pablo. Aprender\u00e1s todo sobre la historia de los primeros cristianos en Malta y mas \u2705","breadcrumb":{"@id":"https:\/\/tourtravelandmore.com\/es\/tours\/malta-es\/valleta-mdina-es\/tour-privado-los-pasos-de-san-pablo-desde-cualquier-ciudad\/#breadcrumb"},"inLanguage":"es","potentialAction":[{"@type":"ReadAction","target":["https:\/\/tourtravelandmore.com\/es\/tours\/malta-es\/valleta-mdina-es\/tour-privado-los-pasos-de-san-pablo-desde-cualquier-ciudad\/"]}]},{"@type":"ImageObject","inLanguage":"es","@id":"https:\/\/tourtravelandmore.com\/es\/tours\/malta-es\/valleta-mdina-es\/tour-privado-los-pasos-de-san-pablo-desde-cualquier-ciudad\/#primaryimage","url":"https:\/\/tourtravelandmore.com\/wp-content\/uploads\/2021\/12\/image1-12.jpg","contentUrl":"https:\/\/tourtravelandmore.com\/wp-content\/uploads\/2021\/12\/image1-12.jpg","width":631,"height":480},{"@type":"BreadcrumbList","@id":"https:\/\/tourtravelandmore.com\/es\/tours\/malta-es\/valleta-mdina-es\/tour-privado-los-pasos-de-san-pablo-desde-cualquier-ciudad\/#breadcrumb","itemListElement":[{"@type":"ListItem","position":1,"name":"Home","item":"https:\/\/tourtravelandmore.com\/es\/"},{"@type":"ListItem","position":2,"name":"Tours","item":"https:\/\/tourtravelandmore.com\/es\/tours\/"},{"@type":"ListItem","position":3,"name":"Tour privado los pasos de San Pablo desde cualquier ciudad"}]},{"@type":"WebSite","@id":"https:\/\/tourtravelandmore.com\/es\/#website","url":"https:\/\/tourtravelandmore.com\/es\/","name":"Tour Travel And More","description":"Private sightseeing tours and luxury transfers in Spain","publisher":{"@id":"https:\/\/tourtravelandmore.com\/es\/#organization"},"potentialAction":[{"@type":"SearchAction","target":{"@type":"EntryPoint","urlTemplate":"https:\/\/tourtravelandmore.com\/es\/?s={search_term_string}"},"query-input":{"@type":"PropertyValueSpecification","valueRequired":true,"valueName":"search_term_string"}}],"inLanguage":"es"},{"@type":"Organization","@id":"https:\/\/tourtravelandmore.com\/es\/#organization","name":"Tour Travel And More","url":"https:\/\/tourtravelandmore.com\/es\/","logo":{"@type":"ImageObject","inLanguage":"es","@id":"https:\/\/tourtravelandmore.com\/es\/#\/schema\/logo\/image\/","url":"https:\/\/tourtravelandmore.com\/wp-content\/uploads\/2022\/12\/cropped-logo-cabecera-new.png","contentUrl":"https:\/\/tourtravelandmore.com\/wp-content\/uploads\/2022\/12\/cropped-logo-cabecera-new.png","width":430,"height":61,"caption":"Tour Travel And More"},"image":{"@id":"https:\/\/tourtravelandmore.com\/es\/#\/schema\/logo\/image\/"},"sameAs":["https:\/\/www.facebook.com\/tourtravelandmore\/","https:\/\/x.com\/TourTravel_More"]}]}},"_links":{"self":[{"href":"https:\/\/tourtravelandmore.com\/es\/wp-json\/wp\/v2\/product\/116372","targetHints":{"allow":["GET"]}}],"collection":[{"href":"https:\/\/tourtravelandmore.com\/es\/wp-json\/wp\/v2\/product"}],"about":[{"href":"https:\/\/tourtravelandmore.com\/es\/wp-json\/wp\/v2\/types\/product"}],"replies":[{"embeddable":true,"href":"https:\/\/tourtravelandmore.com\/es\/wp-json\/wp\/v2\/comments?post=116372"}],"wp:featuredmedia":[{"embeddable":true,"href":"https:\/\/tourtravelandmore.com\/es\/wp-json\/wp\/v2\/media\/116391"}],"wp:attachment":[{"href":"https:\/\/tourtravelandmore.com\/es\/wp-json\/wp\/v2\/media?parent=116372"}],"wp:term":[{"taxonomy":"product_brand","embeddable":true,"href":"https:\/\/tourtravelandmore.com\/es\/wp-json\/wp\/v2\/product_brand?post=116372"},{"taxonomy":"product_cat","embeddable":true,"href":"https:\/\/tourtravelandmore.com\/es\/wp-json\/wp\/v2\/product_cat?post=116372"},{"taxonomy":"product_tag","embeddable":true,"href":"https:\/\/tourtravelandmore.com\/es\/wp-json\/wp\/v2\/product_tag?post=116372"}],"curies":[{"name":"wp","href":"https:\/\/api.w.org\/{rel}","templated":true}]}}