{"id":11611,"date":"2017-04-04T12:25:38","date_gmt":"2017-04-04T12:06:47","guid":{"rendered":"http:\/\/tourtravelandmore.com\/es\/?post_type=product&#038;p=11611"},"modified":"2022-04-01T10:36:46","modified_gmt":"2022-04-01T08:36:46","slug":"tour-privado-pie-de-berlin","status":"publish","type":"product","link":"https:\/\/tourtravelandmore.com\/es\/tours\/alemania-es\/berlin-es\/tour-privado-pie-de-berlin\/","title":{"rendered":"Tour Privado a pie de Berl\u00edn"},"content":{"rendered":"<h2><strong>Descripci\u00f3n del Tour Privado a pie de Berl\u00edn<\/strong><\/h2>\n<p>Disfrute de este <strong>tour privado a pie de Berl\u00edn<\/strong> junto a un gu\u00eda oficial y descubre los lugares m\u00e1s emblem\u00e1ticos de la ciudad. El itinerario del tour y los sitios a visitar son absolutamente ajustables a su deseo personal. Puede personalizar vuestro tour contactando con nosotros.<\/p>\n<p>Para comenzar su tour, su gu\u00eda oficial le recoger\u00e1 en su hotel c\u00e9ntrico. Dependiendo del itinerario del tour ser\u00e1 conveniente comenzar en un punto diverso en la ciudad.<br \/>\nLa duraci\u00f3n del tour es tambi\u00e9n adaptable a su inter\u00e9s. Nuestro tour privado a pie de Berl\u00edn puede durar de 2 a 8 horas, dependiendo el itinerario y los sitios a visitar. En caso de que lo desee podemos tambi\u00e9n coordinar la disposici\u00f3n de un veh\u00edculo privado para su tour.<\/p>\n<h2><strong>Puntos de inter\u00e9s en el Tour Privado a pie de Berl\u00edn<\/strong><\/h2>\n<p>Recomendamos 3 itinerarios diversos para descubrir los sitios m\u00e1s emblem\u00e1ticos de Berl\u00edn. Dependiendo de su inter\u00e9s personal, su tour podr\u00e1 estar basado en un \u00e1rea y tema puntual de Berl\u00edn. Durante su tour privado a pie de Berl\u00edn podr\u00e1 usted descubrir y explorar la ciudad junto a un gu\u00eda local, licenciado en historia y cultura de la ciudad. Es posible hacer solo 1 de los 3 itinerarios, o bien combinar 2 o 3 para disfrutar un tour m\u00e1s extenso y completo de la ciudad.<\/p>\n<p><strong>Centro Hist\u00f3rico &amp; Brandeburg Gate<\/strong><br \/>\nEste tour a pie les llevar\u00e1 por la parte antigua de Berl\u00edn (Berl\u00edn-Este):<\/p>\n<ul>\n<li><strong>Plaza Par\u00eds<\/strong><\/li>\n<li><strong>Reichstag<\/strong><\/li>\n<li><strong>Friedrichstrasse<\/strong><\/li>\n<li><strong>Gendarmermarkt: Plaza m\u00e1s emblem\u00e1tica de Berl\u00edn, all\u00ed se ubica el Konzerthaus<\/strong><\/li>\n<li><strong>Plaza del Palacio<\/strong><\/li>\n<li><strong>Plaza Alexander<\/strong><\/li>\n<li><strong>Catedral de Berl\u00edn<\/strong><\/li>\n<li><strong><a href=\"https:\/\/whc.unesco.org\/en\/list\/896\/\">Isla de los Museos<\/a>: Patrimonio de la UNESCO<\/strong><\/li>\n<li><strong>Unter den Linden<\/strong><\/li>\n<li><strong>States Opera House<\/strong><\/li>\n<li><strong>Mucho m\u00e1s<\/strong><\/li>\n<\/ul>\n<p>Siempre podemos a\u00f1adir o quitar monumentos para encajar el tour en exactamente lo que quiere visitar. En caso de que lo deseen podemos tambi\u00e9n coordinar la disposici\u00f3n de un veh\u00edculo privado para su tour.<\/p>\n<p><strong>Monumentos Jud\u00edos<\/strong><br \/>\nDurante este tour descubrir\u00e1 y explorar\u00e1 dos barrios de Berl\u00edn; distrito Barn y Spandauer Vorsdadt.<\/p>\n<ul>\n<li><strong>Memorial a la protesta de las mujeres<\/strong><\/li>\n<li><strong>Antiguo barrio jud\u00edo y calles jud\u00edas<\/strong><\/li>\n<li><strong>Hackesche Ho\u0308fe<\/strong><\/li>\n<li><strong>Cementerio antiguo jud\u00edo con tumba de Moses Mendelssohn<\/strong><\/li>\n<li><strong>Antiguo Colegio de ni\u00f1os judi\u00f3s<\/strong><\/li>\n<li><strong>Broom &amp; Brush factory de Otto Weidt (Admisi\u00f3n gratuita)<\/strong><\/li>\n<li><strong>Memorial de November Pogrom<\/strong><\/li>\n<li><strong>Nueva Synagogue de la calle Oranienburger (1866)<\/strong><\/li>\n<\/ul>\n<p>Siempre podemos a\u00f1adir o quitar monumentos para encajar el tour en exactamente lo que quiere visitar. En caso que lo deseen podemos tambi\u00e9n coordinar la disposici\u00f3n de un veh\u00edculo privado para su tour.<\/p>\n<h2><strong>El muro y monumentos del III Reich &amp; Guerra Fr\u00eda<\/strong><\/h2>\n<p>Este itinerario comienza en la famosa puerta de Brandenburgo, un emblema de Berl\u00edn, y desde all\u00ed podr\u00e1 luego disfrutar, junto a su gu\u00eda, una visita al Reichstag (parlamento). Podr\u00e1 pasear por el memorial del holocausto y visitar un monumento al bunker de Hitler. Descubrir\u00e1 la historia de la ciudad, desde donde estaban los SS Nazis, la Gestapo, Checkpoint Charlie y el antiguo muro de Berl\u00edn.<\/p>\n","protected":false},"excerpt":{"rendered":"<p>Disfruta de este <strong>tour privado a pie de la ciudad de Berl\u00edn<\/strong>. Aprovecha la oportunidad de descubrir <strong>Berl\u00edn<\/strong> junto un gu\u00eda oficial privado experto en la historia de la ciudad. Disfruta de los monumentos y zonas m\u00e1s emblem\u00e1ticas de Berl\u00edn. Disfruta uno o m\u00e1s de nuestros itinerarios: <strong>Centro hist\u00f3rico &amp; Brandenburg Gate, Monumentos Jud\u00edos y El muro y monumentos del III Reich y Guerra Fr\u00eda<\/strong>.<\/p>\n","protected":false},"featured_media":11519,"comment_status":"open","ping_status":"closed","template":"","meta":{"_acf_changed":false},"product_brand":[],"product_cat":[443,444,447],"product_tag":[],"class_list":{"0":"post-11611","1":"product","2":"type-product","3":"status-publish","4":"has-post-thumbnail","6":"product_cat-berlin-es","7":"product_cat-berlin-actividades-es","8":"product_cat-berlin-tours-privados-pie-es","10":"first","11":"instock","12":"shipping-taxable","13":"purchasable","14":"product-type-simple"},"acf":[],"yoast_head":"<!-- This site is optimized with the Yoast SEO Premium plugin v25.3.1 (Yoast SEO v25.3.1) - https:\/\/yoast.com\/wordpress\/plugins\/seo\/ -->\n<title>Tour Privado a pie de Berlin con gu\u00eda oficial - Tour Travel and More<\/title>\n<meta name=\"description\" content=\"Disfrute de este tour privado a pie de Berlin junto a un gu\u00eda oficial privado y conoce los lugares m\u00e1s emblem\u00e1ticos de la ciudad \u2705\" \/>\n<meta name=\"robots\" content=\"index, follow, max-snippet:-1, max-image-preview:large, max-video-preview:-1\" \/>\n<link rel=\"canonical\" href=\"https:\/\/tourtravelandmore.com\/es\/tours\/alemania-es\/berlin-es\/tour-privado-pie-de-berlin\/\" \/>\n<meta property=\"og:locale\" content=\"es_ES\" \/>\n<meta property=\"og:type\" content=\"article\" \/>\n<meta property=\"og:title\" content=\"Tour Privado a pie de Berl\u00edn\" \/>\n<meta property=\"og:description\" content=\"Disfrute de este tour privado a pie de Berlin junto a un gu\u00eda oficial privado y conoce los lugares m\u00e1s emblem\u00e1ticos de la ciudad \u2705\" \/>\n<meta property=\"og:url\" content=\"https:\/\/tourtravelandmore.com\/es\/tours\/alemania-es\/berlin-es\/tour-privado-pie-de-berlin\/\" \/>\n<meta property=\"og:site_name\" content=\"Tour Travel And More\" \/>\n<meta property=\"article:publisher\" content=\"https:\/\/www.facebook.com\/tourtravelandmore\/\" \/>\n<meta property=\"article:modified_time\" content=\"2022-04-01T08:36:46+00:00\" \/>\n<meta property=\"og:image\" content=\"https:\/\/tourtravelandmore.com\/wp-content\/uploads\/2017\/04\/berlin-1800301_960_720.jpg\" \/>\n\t<meta property=\"og:image:width\" content=\"960\" \/>\n\t<meta property=\"og:image:height\" content=\"638\" \/>\n\t<meta property=\"og:image:type\" content=\"image\/jpeg\" \/>\n<meta name=\"twitter:card\" content=\"summary_large_image\" \/>\n<meta name=\"twitter:site\" content=\"@TourTravel_More\" \/>\n<meta name=\"twitter:label1\" content=\"Tiempo de lectura\" \/>\n\t<meta name=\"twitter:data1\" content=\"3 minutos\" \/>\n<script type=\"application\/ld+json\" class=\"yoast-schema-graph\">{\"@context\":\"https:\/\/schema.org\",\"@graph\":[{\"@type\":\"WebPage\",\"@id\":\"https:\/\/tourtravelandmore.com\/es\/tours\/alemania-es\/berlin-es\/tour-privado-pie-de-berlin\/\",\"url\":\"https:\/\/tourtravelandmore.com\/es\/tours\/alemania-es\/berlin-es\/tour-privado-pie-de-berlin\/\",\"name\":\"Tour Privado a pie de Berlin con gu\u00eda oficial - Tour Travel and More\",\"isPartOf\":{\"@id\":\"https:\/\/tourtravelandmore.com\/es\/#website\"},\"primaryImageOfPage\":{\"@id\":\"https:\/\/tourtravelandmore.com\/es\/tours\/alemania-es\/berlin-es\/tour-privado-pie-de-berlin\/#primaryimage\"},\"image\":{\"@id\":\"https:\/\/tourtravelandmore.com\/es\/tours\/alemania-es\/berlin-es\/tour-privado-pie-de-berlin\/#primaryimage\"},\"thumbnailUrl\":\"https:\/\/tourtravelandmore.com\/wp-content\/uploads\/2017\/04\/berlin-1800301_960_720.jpg\",\"datePublished\":\"2017-04-04T12:06:47+00:00\",\"dateModified\":\"2022-04-01T08:36:46+00:00\",\"description\":\"Disfrute de este tour privado a pie de Berlin junto a un gu\u00eda oficial privado y conoce los lugares m\u00e1s emblem\u00e1ticos de la ciudad \u2705\",\"breadcrumb\":{\"@id\":\"https:\/\/tourtravelandmore.com\/es\/tours\/alemania-es\/berlin-es\/tour-privado-pie-de-berlin\/#breadcrumb\"},\"inLanguage\":\"es\",\"potentialAction\":[{\"@type\":\"ReadAction\",\"target\":[\"https:\/\/tourtravelandmore.com\/es\/tours\/alemania-es\/berlin-es\/tour-privado-pie-de-berlin\/\"]}]},{\"@type\":\"ImageObject\",\"inLanguage\":\"es\",\"@id\":\"https:\/\/tourtravelandmore.com\/es\/tours\/alemania-es\/berlin-es\/tour-privado-pie-de-berlin\/#primaryimage\",\"url\":\"https:\/\/tourtravelandmore.com\/wp-content\/uploads\/2017\/04\/berlin-1800301_960_720.jpg\",\"contentUrl\":\"https:\/\/tourtravelandmore.com\/wp-content\/uploads\/2017\/04\/berlin-1800301_960_720.jpg\",\"width\":960,\"height\":638},{\"@type\":\"BreadcrumbList\",\"@id\":\"https:\/\/tourtravelandmore.com\/es\/tours\/alemania-es\/berlin-es\/tour-privado-pie-de-berlin\/#breadcrumb\",\"itemListElement\":[{\"@type\":\"ListItem\",\"position\":1,\"name\":\"Home\",\"item\":\"https:\/\/tourtravelandmore.com\/es\/\"},{\"@type\":\"ListItem\",\"position\":2,\"name\":\"Tours\",\"item\":\"https:\/\/tourtravelandmore.com\/es\/tours\/\"},{\"@type\":\"ListItem\",\"position\":3,\"name\":\"Tour Privado a pie de Berl\u00edn\"}]},{\"@type\":\"WebSite\",\"@id\":\"https:\/\/tourtravelandmore.com\/es\/#website\",\"url\":\"https:\/\/tourtravelandmore.com\/es\/\",\"name\":\"Tour Travel And More\",\"description\":\"Private sightseeing tours and luxury transfers in Spain\",\"publisher\":{\"@id\":\"https:\/\/tourtravelandmore.com\/es\/#organization\"},\"potentialAction\":[{\"@type\":\"SearchAction\",\"target\":{\"@type\":\"EntryPoint\",\"urlTemplate\":\"https:\/\/tourtravelandmore.com\/es\/?s={search_term_string}\"},\"query-input\":{\"@type\":\"PropertyValueSpecification\",\"valueRequired\":true,\"valueName\":\"search_term_string\"}}],\"inLanguage\":\"es\"},{\"@type\":\"Organization\",\"@id\":\"https:\/\/tourtravelandmore.com\/es\/#organization\",\"name\":\"Tour Travel And More\",\"url\":\"https:\/\/tourtravelandmore.com\/es\/\",\"logo\":{\"@type\":\"ImageObject\",\"inLanguage\":\"es\",\"@id\":\"https:\/\/tourtravelandmore.com\/es\/#\/schema\/logo\/image\/\",\"url\":\"https:\/\/tourtravelandmore.com\/wp-content\/uploads\/2022\/12\/cropped-logo-cabecera-new.png\",\"contentUrl\":\"https:\/\/tourtravelandmore.com\/wp-content\/uploads\/2022\/12\/cropped-logo-cabecera-new.png\",\"width\":430,\"height\":61,\"caption\":\"Tour Travel And More\"},\"image\":{\"@id\":\"https:\/\/tourtravelandmore.com\/es\/#\/schema\/logo\/image\/\"},\"sameAs\":[\"https:\/\/www.facebook.com\/tourtravelandmore\/\",\"https:\/\/x.com\/TourTravel_More\"]}]}<\/script>\n<!-- \/ Yoast SEO Premium plugin. -->","yoast_head_json":{"title":"Tour Privado a pie de Berlin con gu\u00eda oficial - Tour Travel and More","description":"Disfrute de este tour privado a pie de Berlin junto a un gu\u00eda oficial privado y conoce los lugares m\u00e1s emblem\u00e1ticos de la ciudad \u2705","robots":{"index":"index","follow":"follow","max-snippet":"max-snippet:-1","max-image-preview":"max-image-preview:large","max-video-preview":"max-video-preview:-1"},"canonical":"https:\/\/tourtravelandmore.com\/es\/tours\/alemania-es\/berlin-es\/tour-privado-pie-de-berlin\/","og_locale":"es_ES","og_type":"article","og_title":"Tour Privado a pie de Berl\u00edn","og_description":"Disfrute de este tour privado a pie de Berlin junto a un gu\u00eda oficial privado y conoce los lugares m\u00e1s emblem\u00e1ticos de la ciudad \u2705","og_url":"https:\/\/tourtravelandmore.com\/es\/tours\/alemania-es\/berlin-es\/tour-privado-pie-de-berlin\/","og_site_name":"Tour Travel And More","article_publisher":"https:\/\/www.facebook.com\/tourtravelandmore\/","article_modified_time":"2022-04-01T08:36:46+00:00","og_image":[{"width":960,"height":638,"url":"https:\/\/tourtravelandmore.com\/wp-content\/uploads\/2017\/04\/berlin-1800301_960_720.jpg","type":"image\/jpeg"}],"twitter_card":"summary_large_image","twitter_site":"@TourTravel_More","twitter_misc":{"Tiempo de lectura":"3 minutos"},"schema":{"@context":"https:\/\/schema.org","@graph":[{"@type":"WebPage","@id":"https:\/\/tourtravelandmore.com\/es\/tours\/alemania-es\/berlin-es\/tour-privado-pie-de-berlin\/","url":"https:\/\/tourtravelandmore.com\/es\/tours\/alemania-es\/berlin-es\/tour-privado-pie-de-berlin\/","name":"Tour Privado a pie de Berlin con gu\u00eda oficial - Tour Travel and More","isPartOf":{"@id":"https:\/\/tourtravelandmore.com\/es\/#website"},"primaryImageOfPage":{"@id":"https:\/\/tourtravelandmore.com\/es\/tours\/alemania-es\/berlin-es\/tour-privado-pie-de-berlin\/#primaryimage"},"image":{"@id":"https:\/\/tourtravelandmore.com\/es\/tours\/alemania-es\/berlin-es\/tour-privado-pie-de-berlin\/#primaryimage"},"thumbnailUrl":"https:\/\/tourtravelandmore.com\/wp-content\/uploads\/2017\/04\/berlin-1800301_960_720.jpg","datePublished":"2017-04-04T12:06:47+00:00","dateModified":"2022-04-01T08:36:46+00:00","description":"Disfrute de este tour privado a pie de Berlin junto a un gu\u00eda oficial privado y conoce los lugares m\u00e1s emblem\u00e1ticos de la ciudad \u2705","breadcrumb":{"@id":"https:\/\/tourtravelandmore.com\/es\/tours\/alemania-es\/berlin-es\/tour-privado-pie-de-berlin\/#breadcrumb"},"inLanguage":"es","potentialAction":[{"@type":"ReadAction","target":["https:\/\/tourtravelandmore.com\/es\/tours\/alemania-es\/berlin-es\/tour-privado-pie-de-berlin\/"]}]},{"@type":"ImageObject","inLanguage":"es","@id":"https:\/\/tourtravelandmore.com\/es\/tours\/alemania-es\/berlin-es\/tour-privado-pie-de-berlin\/#primaryimage","url":"https:\/\/tourtravelandmore.com\/wp-content\/uploads\/2017\/04\/berlin-1800301_960_720.jpg","contentUrl":"https:\/\/tourtravelandmore.com\/wp-content\/uploads\/2017\/04\/berlin-1800301_960_720.jpg","width":960,"height":638},{"@type":"BreadcrumbList","@id":"https:\/\/tourtravelandmore.com\/es\/tours\/alemania-es\/berlin-es\/tour-privado-pie-de-berlin\/#breadcrumb","itemListElement":[{"@type":"ListItem","position":1,"name":"Home","item":"https:\/\/tourtravelandmore.com\/es\/"},{"@type":"ListItem","position":2,"name":"Tours","item":"https:\/\/tourtravelandmore.com\/es\/tours\/"},{"@type":"ListItem","position":3,"name":"Tour Privado a pie de Berl\u00edn"}]},{"@type":"WebSite","@id":"https:\/\/tourtravelandmore.com\/es\/#website","url":"https:\/\/tourtravelandmore.com\/es\/","name":"Tour Travel And More","description":"Private sightseeing tours and luxury transfers in Spain","publisher":{"@id":"https:\/\/tourtravelandmore.com\/es\/#organization"},"potentialAction":[{"@type":"SearchAction","target":{"@type":"EntryPoint","urlTemplate":"https:\/\/tourtravelandmore.com\/es\/?s={search_term_string}"},"query-input":{"@type":"PropertyValueSpecification","valueRequired":true,"valueName":"search_term_string"}}],"inLanguage":"es"},{"@type":"Organization","@id":"https:\/\/tourtravelandmore.com\/es\/#organization","name":"Tour Travel And More","url":"https:\/\/tourtravelandmore.com\/es\/","logo":{"@type":"ImageObject","inLanguage":"es","@id":"https:\/\/tourtravelandmore.com\/es\/#\/schema\/logo\/image\/","url":"https:\/\/tourtravelandmore.com\/wp-content\/uploads\/2022\/12\/cropped-logo-cabecera-new.png","contentUrl":"https:\/\/tourtravelandmore.com\/wp-content\/uploads\/2022\/12\/cropped-logo-cabecera-new.png","width":430,"height":61,"caption":"Tour Travel And More"},"image":{"@id":"https:\/\/tourtravelandmore.com\/es\/#\/schema\/logo\/image\/"},"sameAs":["https:\/\/www.facebook.com\/tourtravelandmore\/","https:\/\/x.com\/TourTravel_More"]}]}},"_links":{"self":[{"href":"https:\/\/tourtravelandmore.com\/es\/wp-json\/wp\/v2\/product\/11611","targetHints":{"allow":["GET"]}}],"collection":[{"href":"https:\/\/tourtravelandmore.com\/es\/wp-json\/wp\/v2\/product"}],"about":[{"href":"https:\/\/tourtravelandmore.com\/es\/wp-json\/wp\/v2\/types\/product"}],"replies":[{"embeddable":true,"href":"https:\/\/tourtravelandmore.com\/es\/wp-json\/wp\/v2\/comments?post=11611"}],"wp:featuredmedia":[{"embeddable":true,"href":"https:\/\/tourtravelandmore.com\/es\/wp-json\/wp\/v2\/media\/11519"}],"wp:attachment":[{"href":"https:\/\/tourtravelandmore.com\/es\/wp-json\/wp\/v2\/media?parent=11611"}],"wp:term":[{"taxonomy":"product_brand","embeddable":true,"href":"https:\/\/tourtravelandmore.com\/es\/wp-json\/wp\/v2\/product_brand?post=11611"},{"taxonomy":"product_cat","embeddable":true,"href":"https:\/\/tourtravelandmore.com\/es\/wp-json\/wp\/v2\/product_cat?post=11611"},{"taxonomy":"product_tag","embeddable":true,"href":"https:\/\/tourtravelandmore.com\/es\/wp-json\/wp\/v2\/product_tag?post=11611"}],"curies":[{"name":"wp","href":"https:\/\/api.w.org\/{rel}","templated":true}]}}