{"id":11606,"date":"2017-04-04T12:19:30","date_gmt":"2017-04-04T12:00:33","guid":{"rendered":"http:\/\/tourtravelandmore.com\/es\/?post_type=product&#038;p=11606"},"modified":"2022-04-01T10:46:21","modified_gmt":"2022-04-01T08:46:21","slug":"tour-privado-a-potsdam-desde-berlin","status":"publish","type":"product","link":"https:\/\/tourtravelandmore.com\/es\/tours\/alemania-es\/berlin-es\/tour-privado-a-potsdam-desde-berlin\/","title":{"rendered":"Excursi\u00f3n privada a Potsdam"},"content":{"rendered":"<h2><strong>Descripci\u00f3n de la Excursi\u00f3n\u00a0privada a Potsdam<\/strong><\/h2>\n<p>Potsdam es uno de los sitios m\u00e1s bonitos en toda Alemania. Ubicado a tan solo 45 minutos del centro de Berl\u00edn, la maravillosa ciudad de Potsdam alberga diversos sitios declarados por la UNESCO como patrimonio de la humanidad. Descubre esta magn\u00edfica regi\u00f3n con un tour privado a Potsdam desde Berlin junto a un gu\u00eda oficial privado. Hay muchos motivos para visitar la ciudad, los dos m\u00e1s emblem\u00e1ticos son los parques y palacio Sanssouci y Cecilienhof.<\/p>\n<p>Para comenzar su tour, su chofer y gu\u00eda oficial privado le recoger\u00e1n en su sitio deseado en Berl\u00edn. Luego comenzar\u00e1 su viaje hacia Potsdam. Una vez all\u00ed disfrutar\u00e1n de visitar la ciudad, sus palacios y maravillosos parques junto a su gu\u00eda privado.<br \/>\nComo todos nuestros tours, esta propuesta es ajustable a su deseo e inter\u00e9s personal. El itinerario final y los sitios a visitar durante su excursi\u00f3n son adaptables a su solicitud e inter\u00e9s.<\/p>\n<p>Cont\u00e1ctenos para una propuesta privada personalizada. Nuestro equipo de expertos le ayudar\u00e1 a planificar una experiencia a medida.<\/p>\n<h2><strong>Puntos de inter\u00e9s en la Excursi\u00f3n privada a Potsdam<\/strong><\/h2>\n<p>Potsdam es la ciudad capital del estado alem\u00e1n de Brandenburg. Es la regi\u00f3n con mayor cantidad de palacios por habitante en Alemania. Alberga 16 palacios y 3 parques hist\u00f3ricos. Esto hace a Potsdam uno de los sitios m\u00e1s interesantes de Alemania para los amantes de los jardines y parques. Potsdam alberga 500 ha de parques y 150 edificios edificados entre 1730 y 1916. Gran parte de estos sitios forman parte del ensamble declarado por la UNESCO como Patrimonio de la humanidad en el a\u00f1o 1990. La ciudad es reconocida por haber sido elegida como residencia favorita por los reyes de Prusia entre los siglos 18 y 19.<\/p>\n<p>Durante su tour privado a Potsdam desde Berl\u00edn podr\u00e1 usted visitar los sitios que deseen en Potsdam. Su gu\u00eda oficial le ense\u00f1ar\u00e1 la historia de sus parques y palacios. Algunos de los sitios que podr\u00e1 visitar son:<\/p>\n<ul>\n<li><a href=\"https:\/\/www.spsg.de\/schloesser-gaerten\/objekt\/park-sanssouci\/\"><strong>Palacio y parque de Sanssouci<\/strong><\/a><strong>: El patrimonio m\u00e1s grande de toda Alemania<\/strong><\/li>\n<li><strong>Cecilienhof: Aqu\u00ed fue llevada a cabo la emblem\u00e1tica conferencia de Potsdam en 1945.<\/strong><\/li>\n<li><strong>Palacio de Marmol: Su edificaci\u00f3n comenz\u00f3 en 1787 por Frederick William II de acuerdo a los planes de Carl de Gontard<\/strong><\/li>\n<li><strong>Barrio holandes: Su edificaci\u00f3n comenz\u00f3 entre 1734 y 1742. El barrio fue edificado por una colonia de holandeses.<\/strong><\/li>\n<li><strong>Centro hist\u00f3rico de Potsdam<\/strong><\/li>\n<li><strong>Mucho m\u00e1s!<\/strong><\/li>\n<\/ul>\n<p>Su chofer privado y gu\u00eda oficial estar\u00e1n a su entera disposici\u00f3n durante la total duraci\u00f3n del tour. Aprovecha la oportunidad de descubrir y explorar Potsdam junto a un gu\u00eda local experimentado en arte, historia y cultura de Alemania.<\/p>\n","protected":false},"excerpt":{"rendered":"<p>Si eres un amante de los parques, jardines y palacios no puedes dejar pasar la oportunidad de visitar Potsdam! Ubicada a tan solo <strong>45 minutos del centro de Berl\u00edn, Potsdam es el sitio de Alemania<\/strong> que alberga m\u00e1s parques y palacios en comparaci\u00f3n a su cantidad de habitantes. Disfruta de visitar y explorar esta magn\u00edfica ciudad junto a un gu\u00eda oficial especializado en historia y arte de Alemania.<\/p>\n","protected":false},"featured_media":84236,"comment_status":"open","ping_status":"closed","template":"","meta":{"_acf_changed":false},"product_brand":[],"product_cat":[443,444,445],"product_tag":[],"class_list":{"0":"post-11606","1":"product","2":"type-product","3":"status-publish","4":"has-post-thumbnail","6":"product_cat-berlin-es","7":"product_cat-berlin-actividades-es","8":"product_cat-berlin-excursiones-es","10":"first","11":"instock","12":"shipping-taxable","13":"purchasable","14":"product-type-simple"},"acf":[],"yoast_head":"<!-- This site is optimized with the Yoast SEO Premium plugin v25.3.1 (Yoast SEO v25.3.1) - https:\/\/yoast.com\/wordpress\/plugins\/seo\/ -->\n<title>Tour privado a Potsdam desde Berlin con chofer y gu\u00eda oficial<\/title>\n<meta name=\"description\" content=\"Disfruta este tour privado a Potsdam desde Berlin con gu\u00eda oficial y explora este maravillosa ciudad y sus emblem\u00e1ticos parques y palacios junto a un gu\u00eda \u2705\" \/>\n<meta name=\"robots\" content=\"index, follow, max-snippet:-1, max-image-preview:large, max-video-preview:-1\" \/>\n<link rel=\"canonical\" href=\"https:\/\/tourtravelandmore.com\/es\/tours\/alemania-es\/berlin-es\/tour-privado-a-potsdam-desde-berlin\/\" \/>\n<meta property=\"og:locale\" content=\"es_ES\" \/>\n<meta property=\"og:type\" content=\"article\" \/>\n<meta property=\"og:title\" content=\"Excursi\u00f3n privada a Potsdam\" \/>\n<meta property=\"og:description\" content=\"Disfruta este tour privado a Potsdam desde Berlin con gu\u00eda oficial y explora este maravillosa ciudad y sus emblem\u00e1ticos parques y palacios junto a un gu\u00eda \u2705\" \/>\n<meta property=\"og:url\" content=\"https:\/\/tourtravelandmore.com\/es\/tours\/alemania-es\/berlin-es\/tour-privado-a-potsdam-desde-berlin\/\" \/>\n<meta property=\"og:site_name\" content=\"Tour Travel And More\" \/>\n<meta property=\"article:publisher\" content=\"https:\/\/www.facebook.com\/tourtravelandmore\/\" \/>\n<meta property=\"article:modified_time\" content=\"2022-04-01T08:46:21+00:00\" \/>\n<meta property=\"og:image\" content=\"https:\/\/tourtravelandmore.com\/wp-content\/uploads\/2017\/04\/potsdam-1706496_1280-min.jpg\" \/>\n\t<meta property=\"og:image:width\" content=\"1280\" \/>\n\t<meta property=\"og:image:height\" content=\"831\" \/>\n\t<meta property=\"og:image:type\" content=\"image\/jpeg\" \/>\n<meta name=\"twitter:card\" content=\"summary_large_image\" \/>\n<meta name=\"twitter:site\" content=\"@TourTravel_More\" \/>\n<meta name=\"twitter:label1\" content=\"Tiempo de lectura\" \/>\n\t<meta name=\"twitter:data1\" content=\"2 minutos\" \/>\n<script type=\"application\/ld+json\" class=\"yoast-schema-graph\">{\"@context\":\"https:\/\/schema.org\",\"@graph\":[{\"@type\":\"WebPage\",\"@id\":\"https:\/\/tourtravelandmore.com\/es\/tours\/alemania-es\/berlin-es\/tour-privado-a-potsdam-desde-berlin\/\",\"url\":\"https:\/\/tourtravelandmore.com\/es\/tours\/alemania-es\/berlin-es\/tour-privado-a-potsdam-desde-berlin\/\",\"name\":\"Tour privado a Potsdam desde Berlin con chofer y gu\u00eda oficial\",\"isPartOf\":{\"@id\":\"https:\/\/tourtravelandmore.com\/es\/#website\"},\"primaryImageOfPage\":{\"@id\":\"https:\/\/tourtravelandmore.com\/es\/tours\/alemania-es\/berlin-es\/tour-privado-a-potsdam-desde-berlin\/#primaryimage\"},\"image\":{\"@id\":\"https:\/\/tourtravelandmore.com\/es\/tours\/alemania-es\/berlin-es\/tour-privado-a-potsdam-desde-berlin\/#primaryimage\"},\"thumbnailUrl\":\"https:\/\/tourtravelandmore.com\/wp-content\/uploads\/2017\/04\/potsdam-1706496_1280-min.jpg\",\"datePublished\":\"2017-04-04T12:00:33+00:00\",\"dateModified\":\"2022-04-01T08:46:21+00:00\",\"description\":\"Disfruta este tour privado a Potsdam desde Berlin con gu\u00eda oficial y explora este maravillosa ciudad y sus emblem\u00e1ticos parques y palacios junto a un gu\u00eda \u2705\",\"breadcrumb\":{\"@id\":\"https:\/\/tourtravelandmore.com\/es\/tours\/alemania-es\/berlin-es\/tour-privado-a-potsdam-desde-berlin\/#breadcrumb\"},\"inLanguage\":\"es\",\"potentialAction\":[{\"@type\":\"ReadAction\",\"target\":[\"https:\/\/tourtravelandmore.com\/es\/tours\/alemania-es\/berlin-es\/tour-privado-a-potsdam-desde-berlin\/\"]}]},{\"@type\":\"ImageObject\",\"inLanguage\":\"es\",\"@id\":\"https:\/\/tourtravelandmore.com\/es\/tours\/alemania-es\/berlin-es\/tour-privado-a-potsdam-desde-berlin\/#primaryimage\",\"url\":\"https:\/\/tourtravelandmore.com\/wp-content\/uploads\/2017\/04\/potsdam-1706496_1280-min.jpg\",\"contentUrl\":\"https:\/\/tourtravelandmore.com\/wp-content\/uploads\/2017\/04\/potsdam-1706496_1280-min.jpg\",\"width\":1280,\"height\":831,\"caption\":\"Potsdam palace\"},{\"@type\":\"BreadcrumbList\",\"@id\":\"https:\/\/tourtravelandmore.com\/es\/tours\/alemania-es\/berlin-es\/tour-privado-a-potsdam-desde-berlin\/#breadcrumb\",\"itemListElement\":[{\"@type\":\"ListItem\",\"position\":1,\"name\":\"Home\",\"item\":\"https:\/\/tourtravelandmore.com\/es\/\"},{\"@type\":\"ListItem\",\"position\":2,\"name\":\"Tours\",\"item\":\"https:\/\/tourtravelandmore.com\/es\/tours\/\"},{\"@type\":\"ListItem\",\"position\":3,\"name\":\"Excursi\u00f3n privada a Potsdam\"}]},{\"@type\":\"WebSite\",\"@id\":\"https:\/\/tourtravelandmore.com\/es\/#website\",\"url\":\"https:\/\/tourtravelandmore.com\/es\/\",\"name\":\"Tour Travel And More\",\"description\":\"Private sightseeing tours and luxury transfers in Spain\",\"publisher\":{\"@id\":\"https:\/\/tourtravelandmore.com\/es\/#organization\"},\"potentialAction\":[{\"@type\":\"SearchAction\",\"target\":{\"@type\":\"EntryPoint\",\"urlTemplate\":\"https:\/\/tourtravelandmore.com\/es\/?s={search_term_string}\"},\"query-input\":{\"@type\":\"PropertyValueSpecification\",\"valueRequired\":true,\"valueName\":\"search_term_string\"}}],\"inLanguage\":\"es\"},{\"@type\":\"Organization\",\"@id\":\"https:\/\/tourtravelandmore.com\/es\/#organization\",\"name\":\"Tour Travel And More\",\"url\":\"https:\/\/tourtravelandmore.com\/es\/\",\"logo\":{\"@type\":\"ImageObject\",\"inLanguage\":\"es\",\"@id\":\"https:\/\/tourtravelandmore.com\/es\/#\/schema\/logo\/image\/\",\"url\":\"https:\/\/tourtravelandmore.com\/wp-content\/uploads\/2022\/12\/cropped-logo-cabecera-new.png\",\"contentUrl\":\"https:\/\/tourtravelandmore.com\/wp-content\/uploads\/2022\/12\/cropped-logo-cabecera-new.png\",\"width\":430,\"height\":61,\"caption\":\"Tour Travel And More\"},\"image\":{\"@id\":\"https:\/\/tourtravelandmore.com\/es\/#\/schema\/logo\/image\/\"},\"sameAs\":[\"https:\/\/www.facebook.com\/tourtravelandmore\/\",\"https:\/\/x.com\/TourTravel_More\"]}]}<\/script>\n<!-- \/ Yoast SEO Premium plugin. -->","yoast_head_json":{"title":"Tour privado a Potsdam desde Berlin con chofer y gu\u00eda oficial","description":"Disfruta este tour privado a Potsdam desde Berlin con gu\u00eda oficial y explora este maravillosa ciudad y sus emblem\u00e1ticos parques y palacios junto a un gu\u00eda \u2705","robots":{"index":"index","follow":"follow","max-snippet":"max-snippet:-1","max-image-preview":"max-image-preview:large","max-video-preview":"max-video-preview:-1"},"canonical":"https:\/\/tourtravelandmore.com\/es\/tours\/alemania-es\/berlin-es\/tour-privado-a-potsdam-desde-berlin\/","og_locale":"es_ES","og_type":"article","og_title":"Excursi\u00f3n privada a Potsdam","og_description":"Disfruta este tour privado a Potsdam desde Berlin con gu\u00eda oficial y explora este maravillosa ciudad y sus emblem\u00e1ticos parques y palacios junto a un gu\u00eda \u2705","og_url":"https:\/\/tourtravelandmore.com\/es\/tours\/alemania-es\/berlin-es\/tour-privado-a-potsdam-desde-berlin\/","og_site_name":"Tour Travel And More","article_publisher":"https:\/\/www.facebook.com\/tourtravelandmore\/","article_modified_time":"2022-04-01T08:46:21+00:00","og_image":[{"width":1280,"height":831,"url":"https:\/\/tourtravelandmore.com\/wp-content\/uploads\/2017\/04\/potsdam-1706496_1280-min.jpg","type":"image\/jpeg"}],"twitter_card":"summary_large_image","twitter_site":"@TourTravel_More","twitter_misc":{"Tiempo de lectura":"2 minutos"},"schema":{"@context":"https:\/\/schema.org","@graph":[{"@type":"WebPage","@id":"https:\/\/tourtravelandmore.com\/es\/tours\/alemania-es\/berlin-es\/tour-privado-a-potsdam-desde-berlin\/","url":"https:\/\/tourtravelandmore.com\/es\/tours\/alemania-es\/berlin-es\/tour-privado-a-potsdam-desde-berlin\/","name":"Tour privado a Potsdam desde Berlin con chofer y gu\u00eda oficial","isPartOf":{"@id":"https:\/\/tourtravelandmore.com\/es\/#website"},"primaryImageOfPage":{"@id":"https:\/\/tourtravelandmore.com\/es\/tours\/alemania-es\/berlin-es\/tour-privado-a-potsdam-desde-berlin\/#primaryimage"},"image":{"@id":"https:\/\/tourtravelandmore.com\/es\/tours\/alemania-es\/berlin-es\/tour-privado-a-potsdam-desde-berlin\/#primaryimage"},"thumbnailUrl":"https:\/\/tourtravelandmore.com\/wp-content\/uploads\/2017\/04\/potsdam-1706496_1280-min.jpg","datePublished":"2017-04-04T12:00:33+00:00","dateModified":"2022-04-01T08:46:21+00:00","description":"Disfruta este tour privado a Potsdam desde Berlin con gu\u00eda oficial y explora este maravillosa ciudad y sus emblem\u00e1ticos parques y palacios junto a un gu\u00eda \u2705","breadcrumb":{"@id":"https:\/\/tourtravelandmore.com\/es\/tours\/alemania-es\/berlin-es\/tour-privado-a-potsdam-desde-berlin\/#breadcrumb"},"inLanguage":"es","potentialAction":[{"@type":"ReadAction","target":["https:\/\/tourtravelandmore.com\/es\/tours\/alemania-es\/berlin-es\/tour-privado-a-potsdam-desde-berlin\/"]}]},{"@type":"ImageObject","inLanguage":"es","@id":"https:\/\/tourtravelandmore.com\/es\/tours\/alemania-es\/berlin-es\/tour-privado-a-potsdam-desde-berlin\/#primaryimage","url":"https:\/\/tourtravelandmore.com\/wp-content\/uploads\/2017\/04\/potsdam-1706496_1280-min.jpg","contentUrl":"https:\/\/tourtravelandmore.com\/wp-content\/uploads\/2017\/04\/potsdam-1706496_1280-min.jpg","width":1280,"height":831,"caption":"Potsdam palace"},{"@type":"BreadcrumbList","@id":"https:\/\/tourtravelandmore.com\/es\/tours\/alemania-es\/berlin-es\/tour-privado-a-potsdam-desde-berlin\/#breadcrumb","itemListElement":[{"@type":"ListItem","position":1,"name":"Home","item":"https:\/\/tourtravelandmore.com\/es\/"},{"@type":"ListItem","position":2,"name":"Tours","item":"https:\/\/tourtravelandmore.com\/es\/tours\/"},{"@type":"ListItem","position":3,"name":"Excursi\u00f3n privada a Potsdam"}]},{"@type":"WebSite","@id":"https:\/\/tourtravelandmore.com\/es\/#website","url":"https:\/\/tourtravelandmore.com\/es\/","name":"Tour Travel And More","description":"Private sightseeing tours and luxury transfers in Spain","publisher":{"@id":"https:\/\/tourtravelandmore.com\/es\/#organization"},"potentialAction":[{"@type":"SearchAction","target":{"@type":"EntryPoint","urlTemplate":"https:\/\/tourtravelandmore.com\/es\/?s={search_term_string}"},"query-input":{"@type":"PropertyValueSpecification","valueRequired":true,"valueName":"search_term_string"}}],"inLanguage":"es"},{"@type":"Organization","@id":"https:\/\/tourtravelandmore.com\/es\/#organization","name":"Tour Travel And More","url":"https:\/\/tourtravelandmore.com\/es\/","logo":{"@type":"ImageObject","inLanguage":"es","@id":"https:\/\/tourtravelandmore.com\/es\/#\/schema\/logo\/image\/","url":"https:\/\/tourtravelandmore.com\/wp-content\/uploads\/2022\/12\/cropped-logo-cabecera-new.png","contentUrl":"https:\/\/tourtravelandmore.com\/wp-content\/uploads\/2022\/12\/cropped-logo-cabecera-new.png","width":430,"height":61,"caption":"Tour Travel And More"},"image":{"@id":"https:\/\/tourtravelandmore.com\/es\/#\/schema\/logo\/image\/"},"sameAs":["https:\/\/www.facebook.com\/tourtravelandmore\/","https:\/\/x.com\/TourTravel_More"]}]}},"_links":{"self":[{"href":"https:\/\/tourtravelandmore.com\/es\/wp-json\/wp\/v2\/product\/11606","targetHints":{"allow":["GET"]}}],"collection":[{"href":"https:\/\/tourtravelandmore.com\/es\/wp-json\/wp\/v2\/product"}],"about":[{"href":"https:\/\/tourtravelandmore.com\/es\/wp-json\/wp\/v2\/types\/product"}],"replies":[{"embeddable":true,"href":"https:\/\/tourtravelandmore.com\/es\/wp-json\/wp\/v2\/comments?post=11606"}],"wp:featuredmedia":[{"embeddable":true,"href":"https:\/\/tourtravelandmore.com\/es\/wp-json\/wp\/v2\/media\/84236"}],"wp:attachment":[{"href":"https:\/\/tourtravelandmore.com\/es\/wp-json\/wp\/v2\/media?parent=11606"}],"wp:term":[{"taxonomy":"product_brand","embeddable":true,"href":"https:\/\/tourtravelandmore.com\/es\/wp-json\/wp\/v2\/product_brand?post=11606"},{"taxonomy":"product_cat","embeddable":true,"href":"https:\/\/tourtravelandmore.com\/es\/wp-json\/wp\/v2\/product_cat?post=11606"},{"taxonomy":"product_tag","embeddable":true,"href":"https:\/\/tourtravelandmore.com\/es\/wp-json\/wp\/v2\/product_tag?post=11606"}],"curies":[{"name":"wp","href":"https:\/\/api.w.org\/{rel}","templated":true}]}}