{"id":116039,"date":"2021-12-21T15:28:07","date_gmt":"2021-12-21T14:28:07","guid":{"rendered":"https:\/\/tourtravelandmore.com\/?post_type=product&#038;p=116039"},"modified":"2023-11-03T11:24:54","modified_gmt":"2023-11-03T10:24:54","slug":"tour-privado-al-hipogeo-y-a-los-templos-de-tarxien-3-4-horas-desde-cualquier-ciudad","status":"publish","type":"product","link":"https:\/\/tourtravelandmore.com\/es\/tours\/malta-es\/valleta-mdina-es\/tour-privado-al-hipogeo-y-a-los-templos-de-tarxien-3-4-horas-desde-cualquier-ciudad\/","title":{"rendered":"Tour Privado al Hipogeo y a los Templos de Tarxien (3-4 horas) desde cualquier ciudad"},"content":{"rendered":"<h2><b>Descripci\u00f3n del Tour Privado al Hipogeo y a los Templos de Tarxien (3-4 horas) desde cualquier ciudad<\/b><\/h2>\n<p><span style=\"font-weight: 400;\">En Malta siempre hay algo interesante por descubrir. Por eso, visitar el archipi\u00e9lago malt\u00e9s es una experiencia muy entretenida y con una gran variedad de alternativas.\u00a0<\/span><\/p>\n<p><span style=\"font-weight: 400;\">Si quieres tener un encuentro cercano con la historia prehist\u00f3rica de la isla, el <\/span><b>tour al Hipogeo y a los Templos de Tarxien desde cualquier ciudad<\/b><span style=\"font-weight: 400;\"> es la excursi\u00f3n perfecta para que descubras los vestigios de las primeras civilizaciones humanas.\u00a0<\/span><\/p>\n<p><span style=\"font-weight: 400;\">Es un paseo de aproximadamente <\/span><b>4 horas <\/b><span style=\"font-weight: 400;\">para conocer el <\/span><b>\u00fanico templo subterr\u00e1neo <\/b><span style=\"font-weight: 400;\">construido durante la <\/span><b>prehistoria<\/b><span style=\"font-weight: 400;\"> que existe en el mundo.\u00a0<\/span><\/p>\n<p><span style=\"font-weight: 400;\">El Hipogeo de Hal Saflieni se utilizaba entre los a\u00f1os 4000 y 2500 a. C., por los primeros habitantes de la isla para honrar a sus difuntos. Adem\u00e1s, es un santuario que est\u00e1 maravillosamente bien conservado.\u00a0<\/span><\/p>\n<p><span style=\"font-weight: 400;\">Tambi\u00e9n, en la ciudad de Paola tendr\u00e1s la oportunidad de visitar los templos de Tarxien, unas construcciones de la era del neol\u00edtico que a\u00fan se mantienen en pie.\u00a0<\/span><\/p>\n<p><span style=\"font-weight: 400;\">Si eres amante de las edificaciones prehist\u00f3ricas, vas a disfrutar al m\u00e1ximo estas maravillas arquitect\u00f3nicas, que han sido declaradas <\/span><b>patrimonio hist\u00f3rico de la humanidad por la Unesco.<\/b><span style=\"font-weight: 400;\">\u00a0\u00a0<\/span><\/p>\n<p><span style=\"font-weight: 400;\">Durante el paseo <\/span><b>ir\u00e1s a bordo de un c\u00f3modo coche y en compa\u00f1\u00eda de un gu\u00eda privado<\/b><span style=\"font-weight: 400;\">, el cual estar\u00e1 atento para brindarte todos los datos relevantes de estos extraordinarios monumentos. Asimismo, tendr\u00e1s asegurado el retorno para que el paseo sea personalizado y con mucha comodidad.\u00a0<\/span><\/p>\n<p><span style=\"font-weight: 400;\">Mant\u00e9n tu c\u00e1mara cerca para tomar muchas fotograf\u00edas, ya que los detalles de este tour son sencillamente indescriptibles.\u00a0<\/span><\/p>\n<h2><b>Puntos de Inter\u00e9s en el Tour Privado al Hipogeo y a los Templos de Tarxien (3-4 horas) desde cualquier ciudad<\/b><\/h2>\n<p><span style=\"font-weight: 400;\">Aprovecha esta gran aventura para explorar dos lugares que son importantes a nivel mundial, en este tour al Hipogeo y a los Templos de Tarxien.\u00a0<\/span><\/p>\n<p><span style=\"font-weight: 400;\">Nos encargaremos de que descubras por completo los principales atractivos de cada una de estas <\/span><b>joyas arqueol\u00f3gicas<\/b><span style=\"font-weight: 400;\">:\u00a0<\/span><\/p>\n<h3><span style=\"color: #d3af37;\"><b>El Hipogeo de Hal Saflieni\u00a0<\/b><\/span><\/h3>\n<p><span style=\"font-weight: 400;\">Descubierto por accidente en el a\u00f1o 1902, el Hipogeo de Hal Saflieni es una pieza arquitect\u00f3nica de incalculable valor a nivel mundial.\u00a0<\/span><\/p>\n<p><span style=\"font-weight: 400;\">Muchos investigadores creen que era un antiguo santuario de adoraci\u00f3n y rituales, que posteriormente se convirti\u00f3 en una necr\u00f3polis o cementerio.\u00a0<\/span><\/p>\n<p><span style=\"font-weight: 400;\">Se trata de una estructura de 3 niveles que consta de distintas salas, pasajes y cuevas, en las que se encontraron una variedad de esculturas que hoy en d\u00eda reposan en el museo de Valeta.\u00a0<\/span><\/p>\n<p><span style=\"font-weight: 400;\">Al entrar, vas a observar distintas c\u00e1maras, pasillos y salas con una antig\u00fcedad que ronda entre el a\u00f1o 4000 y el 2500 a. C.\u00a0<\/span><\/p>\n<p><span style=\"font-weight: 400;\">En el segundo nivel, los trabajos que se hicieron en la piedra son m\u00e1s elaborados y sorprendentes. Dentro de ese nivel se encuentran la Sala del Or\u00e1culo y el Pozo de la Serpiente, entre otras salas que se utilizaban para distintas actividades.\u00a0\u00a0<\/span><\/p>\n<p><span style=\"font-weight: 400;\">Por otra parte, los historiadores calculan que miles de personas fueron enterradas en el Hipogeo de Hal Saflieni, ya que durante las primeras excavaciones se encontraron millares de restos \u00f3seos humanos en el sitio.\u00a0<\/span><\/p>\n<p><span style=\"font-weight: 400;\">Es una visita muy exclusiva, puesto que solo se admiten 10 personas por hora para entrar al recinto, y nosotros te llevaremos c\u00f3modamente hasta esos lugares.\u00a0<\/span><\/p>\n<h3><span style=\"color: #d3af37;\"><b>Tarxien\u00a0<\/b><\/span><\/h3>\n<p><span style=\"font-weight: 400;\">Esta es otra de las grandes obras descubierta por los arque\u00f3logos en Malta. Tarxien es un complejo de 4 templos, de los cuales el primero data del periodo Ggantija, por lo que se observa con algunos da\u00f1os en su estructura.\u00a0<\/span><\/p>\n<p><span style=\"font-weight: 400;\">Los dem\u00e1s templos que componen Tarxien pertenecen al a\u00f1o 3000 y 2500 a. C. Por eso, est\u00e1n mejor conservados.\u00a0<\/span><\/p>\n<p><span style=\"font-weight: 400;\">Adem\u00e1s, las 4 estructuras est\u00e1n conectadas una con otra de una forma muy singular y casi imperceptible.\u00a0<\/span><\/p>\n<p><span style=\"font-weight: 400;\">Dentro de los templos se encuentra un cementerio que se usaba para la cremaci\u00f3n, as\u00ed como un edificio central que tiene unos \u00e1bsides dobles. Adem\u00e1s, en sus paredes se observan algunos <\/span><b>bajorrelieves y frisos con dibujos de animales.\u00a0<\/b><\/p>\n<p><span style=\"font-weight: 400;\">Sabemos que este ser\u00e1 un tour inolvidable, ya que vas a apreciar de cerca unas verdaderas fortalezas construidas por la humanidad hace m\u00e1s de 5000 a\u00f1os.\u00a0<\/span><\/p>\n<p><span style=\"font-weight: 400;\">Aprovecha tu paso por Malta y planifica una <\/span><a href=\"https:\/\/tourtravelandmore.com\/es\/tours\/malta-es\/valleta-mdina-es\/tour-privado-a-pie-a-mdina-y-rabat\/\"><b>visita a pie a Mdina y Rabat 4 horas <\/b><\/a><span style=\"font-weight: 400;\">para que conozcas dos de las ciudades m\u00e1s atractivas del archipi\u00e9lago. <\/span><\/p>\n","protected":false},"excerpt":{"rendered":"<p><span style=\"font-weight: 400;\">Explora dos de los templos m\u00e1s antiguos de la humanidad en este tour al Hipogeo y a los Templos de Tarxien desde cualquier ciudad. Toda la excursi\u00f3n ser\u00e1 de una manera exclusiva y personalizada, porque ir\u00e1s en un confortable coche privado y en compa\u00f1\u00eda de un gu\u00eda experto en historia. De esta forma, descubrir\u00e1s los datos m\u00e1s importantes de estos impresionantes templos megal\u00edticos<\/span><\/p>\n","protected":false},"featured_media":116070,"comment_status":"open","ping_status":"closed","template":"","meta":{"_acf_changed":false},"product_brand":[],"product_cat":[1609,1010,1011,1012],"product_tag":[],"class_list":{"0":"post-116039","1":"product","2":"type-product","3":"status-publish","4":"has-post-thumbnail","6":"product_cat-malta-es","7":"product_cat-valleta-mdina-es","8":"product_cat-valleta-mdina-actividades-es","9":"product_cat-valleta-mdina-rutas-turisticas-privadas-es","11":"first","12":"instock","13":"shipping-taxable","14":"purchasable","15":"product-type-simple"},"acf":[],"yoast_head":"<!-- This site is optimized with the Yoast SEO Premium plugin v25.3.1 (Yoast SEO v25.3.1) - https:\/\/yoast.com\/wordpress\/plugins\/seo\/ -->\n<title>\u27a1\ufe0f Tour privado al Hipogeo de Hal Saflieni y a los Templos de Tarxien<\/title>\n<meta name=\"description\" content=\"\u00bfQuieres conocer dos de los templos megal\u00edticos m\u00e1s antiguos del mundo? En el tour privado al Hipogeo de Hal Saflieni y a los Templos de Tarxien \u2705\" \/>\n<meta name=\"robots\" content=\"index, follow, max-snippet:-1, max-image-preview:large, max-video-preview:-1\" \/>\n<link rel=\"canonical\" href=\"https:\/\/tourtravelandmore.com\/es\/tours\/malta-es\/valleta-mdina-es\/tour-privado-al-hipogeo-y-a-los-templos-de-tarxien-3-4-horas-desde-cualquier-ciudad\/\" \/>\n<meta property=\"og:locale\" content=\"es_ES\" \/>\n<meta property=\"og:type\" content=\"article\" \/>\n<meta property=\"og:title\" content=\"Tour Privado al Hipogeo y a los Templos de Tarxien (3-4 horas) desde cualquier ciudad\" \/>\n<meta property=\"og:description\" content=\"\u00bfQuieres conocer dos de los templos megal\u00edticos m\u00e1s antiguos del mundo? En el tour privado al Hipogeo de Hal Saflieni y a los Templos de Tarxien \u2705\" \/>\n<meta property=\"og:url\" content=\"https:\/\/tourtravelandmore.com\/es\/tours\/malta-es\/valleta-mdina-es\/tour-privado-al-hipogeo-y-a-los-templos-de-tarxien-3-4-horas-desde-cualquier-ciudad\/\" \/>\n<meta property=\"og:site_name\" content=\"Tour Travel And More\" \/>\n<meta property=\"article:publisher\" content=\"https:\/\/www.facebook.com\/tourtravelandmore\/\" \/>\n<meta property=\"article:modified_time\" content=\"2023-11-03T10:24:54+00:00\" \/>\n<meta property=\"og:image\" content=\"https:\/\/tourtravelandmore.com\/wp-content\/uploads\/2021\/12\/image9-3.jpg\" \/>\n\t<meta property=\"og:image:width\" content=\"1000\" \/>\n\t<meta property=\"og:image:height\" content=\"800\" \/>\n\t<meta property=\"og:image:type\" content=\"image\/jpeg\" \/>\n<meta name=\"twitter:card\" content=\"summary_large_image\" \/>\n<meta name=\"twitter:site\" content=\"@TourTravel_More\" \/>\n<meta name=\"twitter:label1\" content=\"Tiempo de lectura\" \/>\n\t<meta name=\"twitter:data1\" content=\"4 minutos\" \/>\n<script type=\"application\/ld+json\" class=\"yoast-schema-graph\">{\"@context\":\"https:\/\/schema.org\",\"@graph\":[{\"@type\":\"WebPage\",\"@id\":\"https:\/\/tourtravelandmore.com\/es\/tours\/malta-es\/valleta-mdina-es\/tour-privado-al-hipogeo-y-a-los-templos-de-tarxien-3-4-horas-desde-cualquier-ciudad\/\",\"url\":\"https:\/\/tourtravelandmore.com\/es\/tours\/malta-es\/valleta-mdina-es\/tour-privado-al-hipogeo-y-a-los-templos-de-tarxien-3-4-horas-desde-cualquier-ciudad\/\",\"name\":\"\u27a1\ufe0f Tour privado al Hipogeo de Hal Saflieni y a los Templos de Tarxien\",\"isPartOf\":{\"@id\":\"https:\/\/tourtravelandmore.com\/es\/#website\"},\"primaryImageOfPage\":{\"@id\":\"https:\/\/tourtravelandmore.com\/es\/tours\/malta-es\/valleta-mdina-es\/tour-privado-al-hipogeo-y-a-los-templos-de-tarxien-3-4-horas-desde-cualquier-ciudad\/#primaryimage\"},\"image\":{\"@id\":\"https:\/\/tourtravelandmore.com\/es\/tours\/malta-es\/valleta-mdina-es\/tour-privado-al-hipogeo-y-a-los-templos-de-tarxien-3-4-horas-desde-cualquier-ciudad\/#primaryimage\"},\"thumbnailUrl\":\"https:\/\/tourtravelandmore.com\/wp-content\/uploads\/2021\/12\/image9-3.jpg\",\"datePublished\":\"2021-12-21T14:28:07+00:00\",\"dateModified\":\"2023-11-03T10:24:54+00:00\",\"description\":\"\u00bfQuieres conocer dos de los templos megal\u00edticos m\u00e1s antiguos del mundo? En el tour privado al Hipogeo de Hal Saflieni y a los Templos de Tarxien \u2705\",\"breadcrumb\":{\"@id\":\"https:\/\/tourtravelandmore.com\/es\/tours\/malta-es\/valleta-mdina-es\/tour-privado-al-hipogeo-y-a-los-templos-de-tarxien-3-4-horas-desde-cualquier-ciudad\/#breadcrumb\"},\"inLanguage\":\"es\",\"potentialAction\":[{\"@type\":\"ReadAction\",\"target\":[\"https:\/\/tourtravelandmore.com\/es\/tours\/malta-es\/valleta-mdina-es\/tour-privado-al-hipogeo-y-a-los-templos-de-tarxien-3-4-horas-desde-cualquier-ciudad\/\"]}]},{\"@type\":\"ImageObject\",\"inLanguage\":\"es\",\"@id\":\"https:\/\/tourtravelandmore.com\/es\/tours\/malta-es\/valleta-mdina-es\/tour-privado-al-hipogeo-y-a-los-templos-de-tarxien-3-4-horas-desde-cualquier-ciudad\/#primaryimage\",\"url\":\"https:\/\/tourtravelandmore.com\/wp-content\/uploads\/2021\/12\/image9-3.jpg\",\"contentUrl\":\"https:\/\/tourtravelandmore.com\/wp-content\/uploads\/2021\/12\/image9-3.jpg\",\"width\":1000,\"height\":800},{\"@type\":\"BreadcrumbList\",\"@id\":\"https:\/\/tourtravelandmore.com\/es\/tours\/malta-es\/valleta-mdina-es\/tour-privado-al-hipogeo-y-a-los-templos-de-tarxien-3-4-horas-desde-cualquier-ciudad\/#breadcrumb\",\"itemListElement\":[{\"@type\":\"ListItem\",\"position\":1,\"name\":\"Home\",\"item\":\"https:\/\/tourtravelandmore.com\/es\/\"},{\"@type\":\"ListItem\",\"position\":2,\"name\":\"Tours\",\"item\":\"https:\/\/tourtravelandmore.com\/es\/tours\/\"},{\"@type\":\"ListItem\",\"position\":3,\"name\":\"Tour Privado al Hipogeo y a los Templos de Tarxien (3-4 horas) desde cualquier ciudad\"}]},{\"@type\":\"WebSite\",\"@id\":\"https:\/\/tourtravelandmore.com\/es\/#website\",\"url\":\"https:\/\/tourtravelandmore.com\/es\/\",\"name\":\"Tour Travel And More\",\"description\":\"Private sightseeing tours and luxury transfers in Spain\",\"publisher\":{\"@id\":\"https:\/\/tourtravelandmore.com\/es\/#organization\"},\"potentialAction\":[{\"@type\":\"SearchAction\",\"target\":{\"@type\":\"EntryPoint\",\"urlTemplate\":\"https:\/\/tourtravelandmore.com\/es\/?s={search_term_string}\"},\"query-input\":{\"@type\":\"PropertyValueSpecification\",\"valueRequired\":true,\"valueName\":\"search_term_string\"}}],\"inLanguage\":\"es\"},{\"@type\":\"Organization\",\"@id\":\"https:\/\/tourtravelandmore.com\/es\/#organization\",\"name\":\"Tour Travel And More\",\"url\":\"https:\/\/tourtravelandmore.com\/es\/\",\"logo\":{\"@type\":\"ImageObject\",\"inLanguage\":\"es\",\"@id\":\"https:\/\/tourtravelandmore.com\/es\/#\/schema\/logo\/image\/\",\"url\":\"https:\/\/tourtravelandmore.com\/wp-content\/uploads\/2022\/12\/cropped-logo-cabecera-new.png\",\"contentUrl\":\"https:\/\/tourtravelandmore.com\/wp-content\/uploads\/2022\/12\/cropped-logo-cabecera-new.png\",\"width\":430,\"height\":61,\"caption\":\"Tour Travel And More\"},\"image\":{\"@id\":\"https:\/\/tourtravelandmore.com\/es\/#\/schema\/logo\/image\/\"},\"sameAs\":[\"https:\/\/www.facebook.com\/tourtravelandmore\/\",\"https:\/\/x.com\/TourTravel_More\"]}]}<\/script>\n<!-- \/ Yoast SEO Premium plugin. -->","yoast_head_json":{"title":"\u27a1\ufe0f Tour privado al Hipogeo de Hal Saflieni y a los Templos de Tarxien","description":"\u00bfQuieres conocer dos de los templos megal\u00edticos m\u00e1s antiguos del mundo? En el tour privado al Hipogeo de Hal Saflieni y a los Templos de Tarxien \u2705","robots":{"index":"index","follow":"follow","max-snippet":"max-snippet:-1","max-image-preview":"max-image-preview:large","max-video-preview":"max-video-preview:-1"},"canonical":"https:\/\/tourtravelandmore.com\/es\/tours\/malta-es\/valleta-mdina-es\/tour-privado-al-hipogeo-y-a-los-templos-de-tarxien-3-4-horas-desde-cualquier-ciudad\/","og_locale":"es_ES","og_type":"article","og_title":"Tour Privado al Hipogeo y a los Templos de Tarxien (3-4 horas) desde cualquier ciudad","og_description":"\u00bfQuieres conocer dos de los templos megal\u00edticos m\u00e1s antiguos del mundo? En el tour privado al Hipogeo de Hal Saflieni y a los Templos de Tarxien \u2705","og_url":"https:\/\/tourtravelandmore.com\/es\/tours\/malta-es\/valleta-mdina-es\/tour-privado-al-hipogeo-y-a-los-templos-de-tarxien-3-4-horas-desde-cualquier-ciudad\/","og_site_name":"Tour Travel And More","article_publisher":"https:\/\/www.facebook.com\/tourtravelandmore\/","article_modified_time":"2023-11-03T10:24:54+00:00","og_image":[{"width":1000,"height":800,"url":"https:\/\/tourtravelandmore.com\/wp-content\/uploads\/2021\/12\/image9-3.jpg","type":"image\/jpeg"}],"twitter_card":"summary_large_image","twitter_site":"@TourTravel_More","twitter_misc":{"Tiempo de lectura":"4 minutos"},"schema":{"@context":"https:\/\/schema.org","@graph":[{"@type":"WebPage","@id":"https:\/\/tourtravelandmore.com\/es\/tours\/malta-es\/valleta-mdina-es\/tour-privado-al-hipogeo-y-a-los-templos-de-tarxien-3-4-horas-desde-cualquier-ciudad\/","url":"https:\/\/tourtravelandmore.com\/es\/tours\/malta-es\/valleta-mdina-es\/tour-privado-al-hipogeo-y-a-los-templos-de-tarxien-3-4-horas-desde-cualquier-ciudad\/","name":"\u27a1\ufe0f Tour privado al Hipogeo de Hal Saflieni y a los Templos de Tarxien","isPartOf":{"@id":"https:\/\/tourtravelandmore.com\/es\/#website"},"primaryImageOfPage":{"@id":"https:\/\/tourtravelandmore.com\/es\/tours\/malta-es\/valleta-mdina-es\/tour-privado-al-hipogeo-y-a-los-templos-de-tarxien-3-4-horas-desde-cualquier-ciudad\/#primaryimage"},"image":{"@id":"https:\/\/tourtravelandmore.com\/es\/tours\/malta-es\/valleta-mdina-es\/tour-privado-al-hipogeo-y-a-los-templos-de-tarxien-3-4-horas-desde-cualquier-ciudad\/#primaryimage"},"thumbnailUrl":"https:\/\/tourtravelandmore.com\/wp-content\/uploads\/2021\/12\/image9-3.jpg","datePublished":"2021-12-21T14:28:07+00:00","dateModified":"2023-11-03T10:24:54+00:00","description":"\u00bfQuieres conocer dos de los templos megal\u00edticos m\u00e1s antiguos del mundo? En el tour privado al Hipogeo de Hal Saflieni y a los Templos de Tarxien \u2705","breadcrumb":{"@id":"https:\/\/tourtravelandmore.com\/es\/tours\/malta-es\/valleta-mdina-es\/tour-privado-al-hipogeo-y-a-los-templos-de-tarxien-3-4-horas-desde-cualquier-ciudad\/#breadcrumb"},"inLanguage":"es","potentialAction":[{"@type":"ReadAction","target":["https:\/\/tourtravelandmore.com\/es\/tours\/malta-es\/valleta-mdina-es\/tour-privado-al-hipogeo-y-a-los-templos-de-tarxien-3-4-horas-desde-cualquier-ciudad\/"]}]},{"@type":"ImageObject","inLanguage":"es","@id":"https:\/\/tourtravelandmore.com\/es\/tours\/malta-es\/valleta-mdina-es\/tour-privado-al-hipogeo-y-a-los-templos-de-tarxien-3-4-horas-desde-cualquier-ciudad\/#primaryimage","url":"https:\/\/tourtravelandmore.com\/wp-content\/uploads\/2021\/12\/image9-3.jpg","contentUrl":"https:\/\/tourtravelandmore.com\/wp-content\/uploads\/2021\/12\/image9-3.jpg","width":1000,"height":800},{"@type":"BreadcrumbList","@id":"https:\/\/tourtravelandmore.com\/es\/tours\/malta-es\/valleta-mdina-es\/tour-privado-al-hipogeo-y-a-los-templos-de-tarxien-3-4-horas-desde-cualquier-ciudad\/#breadcrumb","itemListElement":[{"@type":"ListItem","position":1,"name":"Home","item":"https:\/\/tourtravelandmore.com\/es\/"},{"@type":"ListItem","position":2,"name":"Tours","item":"https:\/\/tourtravelandmore.com\/es\/tours\/"},{"@type":"ListItem","position":3,"name":"Tour Privado al Hipogeo y a los Templos de Tarxien (3-4 horas) desde cualquier ciudad"}]},{"@type":"WebSite","@id":"https:\/\/tourtravelandmore.com\/es\/#website","url":"https:\/\/tourtravelandmore.com\/es\/","name":"Tour Travel And More","description":"Private sightseeing tours and luxury transfers in Spain","publisher":{"@id":"https:\/\/tourtravelandmore.com\/es\/#organization"},"potentialAction":[{"@type":"SearchAction","target":{"@type":"EntryPoint","urlTemplate":"https:\/\/tourtravelandmore.com\/es\/?s={search_term_string}"},"query-input":{"@type":"PropertyValueSpecification","valueRequired":true,"valueName":"search_term_string"}}],"inLanguage":"es"},{"@type":"Organization","@id":"https:\/\/tourtravelandmore.com\/es\/#organization","name":"Tour Travel And More","url":"https:\/\/tourtravelandmore.com\/es\/","logo":{"@type":"ImageObject","inLanguage":"es","@id":"https:\/\/tourtravelandmore.com\/es\/#\/schema\/logo\/image\/","url":"https:\/\/tourtravelandmore.com\/wp-content\/uploads\/2022\/12\/cropped-logo-cabecera-new.png","contentUrl":"https:\/\/tourtravelandmore.com\/wp-content\/uploads\/2022\/12\/cropped-logo-cabecera-new.png","width":430,"height":61,"caption":"Tour Travel And More"},"image":{"@id":"https:\/\/tourtravelandmore.com\/es\/#\/schema\/logo\/image\/"},"sameAs":["https:\/\/www.facebook.com\/tourtravelandmore\/","https:\/\/x.com\/TourTravel_More"]}]}},"_links":{"self":[{"href":"https:\/\/tourtravelandmore.com\/es\/wp-json\/wp\/v2\/product\/116039","targetHints":{"allow":["GET"]}}],"collection":[{"href":"https:\/\/tourtravelandmore.com\/es\/wp-json\/wp\/v2\/product"}],"about":[{"href":"https:\/\/tourtravelandmore.com\/es\/wp-json\/wp\/v2\/types\/product"}],"replies":[{"embeddable":true,"href":"https:\/\/tourtravelandmore.com\/es\/wp-json\/wp\/v2\/comments?post=116039"}],"wp:featuredmedia":[{"embeddable":true,"href":"https:\/\/tourtravelandmore.com\/es\/wp-json\/wp\/v2\/media\/116070"}],"wp:attachment":[{"href":"https:\/\/tourtravelandmore.com\/es\/wp-json\/wp\/v2\/media?parent=116039"}],"wp:term":[{"taxonomy":"product_brand","embeddable":true,"href":"https:\/\/tourtravelandmore.com\/es\/wp-json\/wp\/v2\/product_brand?post=116039"},{"taxonomy":"product_cat","embeddable":true,"href":"https:\/\/tourtravelandmore.com\/es\/wp-json\/wp\/v2\/product_cat?post=116039"},{"taxonomy":"product_tag","embeddable":true,"href":"https:\/\/tourtravelandmore.com\/es\/wp-json\/wp\/v2\/product_tag?post=116039"}],"curies":[{"name":"wp","href":"https:\/\/api.w.org\/{rel}","templated":true}]}}