{"id":11601,"date":"2017-04-04T12:01:19","date_gmt":"2017-04-04T11:55:46","guid":{"rendered":"http:\/\/tourtravelandmore.com\/es\/?post_type=product&#038;p=11601"},"modified":"2022-04-01T10:51:15","modified_gmt":"2022-04-01T08:51:15","slug":"tour-privado-a-sachsenhausen-desde-berlin","status":"publish","type":"product","link":"https:\/\/tourtravelandmore.com\/es\/tours\/alemania-es\/berlin-es\/tour-privado-a-sachsenhausen-desde-berlin\/","title":{"rendered":"Tour Privado al Campo de Concentraci\u00f3n Sachsenhausen"},"content":{"rendered":"<h2><strong>Descripci\u00f3n del Tour Privado al Campo de Concentraci\u00f3n Sachsenhausen<\/strong><\/h2>\n<p>Visita el ex campo de concentraci\u00f3n de Sachsenhausen con gu\u00eda privado desde Berl\u00edn. Su gu\u00eda oficial le ense\u00f1ar\u00e1 la historia de este sitio hist\u00f3rico. Durante su tour privado a Sachsenhausen desde Berl\u00edn, usted aprender\u00e1 no solo la historia nazi en el campo, sino tambi\u00e9n el uso del espacio por los sovi\u00e9ticos despu\u00e9s de la guerra.<\/p>\n<p>Para comenzar su tour, su chofer y gu\u00eda le recoger\u00e1n en su hotel o sitio deseado en Berl\u00edn. A continuaci\u00f3n emprender\u00e1n viaje hacia Oranienburg. Su chofer y gu\u00eda oficial le estar\u00e1n esperando al horario acordado frente a su hotel o apartamento para hacer la experiencia a\u00fan m\u00e1s confortable. Una vez en Sachsenhausen disfrutar\u00e1n una visita del sitio hist\u00f3rico junto a su gu\u00eda privado.<\/p>\n<p>Al igual que todos nuestros tours, este tour privado es completamente ajustable a los deseos e intereses que usted pueda tener. La duraci\u00f3n del tour es tambi\u00e9n ajustable a su deseo personal. No dude en contactarnos para una experiencia privada a medida.<\/p>\n<h2><strong>Puntos de inter\u00e9s del Tour Privado al Campo de Concentraci\u00f3n Sachsenhausen<\/strong><\/h2>\n<p>El <a href=\"https:\/\/www.sachsenhausen-sbg.de\/\"><strong><em>Campo de concentraci\u00f3n de Sachsenhausen<\/em><\/strong><\/a> fue originalmente edificado en 1936 por la SS. Desde all\u00ed hasta 1945 m\u00e1s de 200,000 de diversos sitios de Europa fueron encarcelados all\u00ed. Desde 1945 a 1950, el campo especial sovi\u00e9tico No. 7\/No. 1 se ubic\u00f3 all\u00ed. Luego, en 1961, la Rep\u00fablica Democratica Alemana fund\u00f3 el \u00a8Sachsenhausen National Memorial\u00a8. El actual Memorial y el museo de Sachsenhausen han sido parte de la Fundaci\u00f3n de Brandenburg Memorials desde 1993. El memorial y museo de Sachsenhausen son espacios de conmemoraci\u00f3n y aprendizaje, as\u00ed como tambi\u00e9n un museo de historia contempor\u00e1nea.<\/p>\n<p>Durante su tour privado a Sachsenhausen desde Berlin aprender\u00e1 la historia de este sitio hist\u00f3rico junto a un gu\u00eda oficial. Todos nuestros gu\u00edas poseen la licencia necesaria para guiar en Sachsenhausen. Su gu\u00eda privado solo podr\u00e1 acompa\u00f1arlo en partes del recorrido. En aquellas partes donde usted no pueda acceder junto a su gu\u00eda tendr\u00e1 una pista de audio gu\u00eda que le contar\u00e1 lo sucedido.<\/p>\n<p>Su chofer y gu\u00eda privado estar\u00e1 a su entera disposici\u00f3n durante la total duraci\u00f3n del tour.<\/p>\n","protected":false},"excerpt":{"rendered":"<p>Disfrute de una experiencia personalizada y, visite el <strong>ex campo de concentraci\u00f3n de Sachsenhausen<\/strong> junto a un chofer\/gu\u00eda privado desde Berl\u00edn. Visita este sitio hist\u00f3rico, establecido hoy como un espacio de conmemoraci\u00f3n y aprendizaje, as\u00ed como tambi\u00e9n un museo de historia contempor\u00e1nea.<\/p>\n","protected":false},"featured_media":11553,"comment_status":"open","ping_status":"closed","template":"","meta":{"_acf_changed":false},"product_brand":[],"product_cat":[443,444,445],"product_tag":[],"class_list":{"0":"post-11601","1":"product","2":"type-product","3":"status-publish","4":"has-post-thumbnail","6":"product_cat-berlin-es","7":"product_cat-berlin-actividades-es","8":"product_cat-berlin-excursiones-es","10":"first","11":"instock","12":"shipping-taxable","13":"purchasable","14":"product-type-simple"},"acf":[],"yoast_head":"<!-- This site is optimized with the Yoast SEO Premium plugin v25.3.1 (Yoast SEO v25.3.1) - https:\/\/yoast.com\/wordpress\/plugins\/seo\/ -->\n<title>Tour privado a Sachsenhausen desde Berlin con chofer\/gu\u00eda oficial<\/title>\n<meta name=\"description\" content=\"Visite el antiguo campo de concentraci\u00f3n de Sachsenhausen con este tour privado a Sachsenhausen desde Berlin junto a un chofer\/gu\u00eda oficial \u2705\" \/>\n<meta name=\"robots\" content=\"index, follow, max-snippet:-1, max-image-preview:large, max-video-preview:-1\" \/>\n<link rel=\"canonical\" href=\"https:\/\/tourtravelandmore.com\/es\/tours\/alemania-es\/berlin-es\/tour-privado-a-sachsenhausen-desde-berlin\/\" \/>\n<meta property=\"og:locale\" content=\"es_ES\" \/>\n<meta property=\"og:type\" content=\"article\" \/>\n<meta property=\"og:title\" content=\"Tour Privado al Campo de Concentraci\u00f3n Sachsenhausen\" \/>\n<meta property=\"og:description\" content=\"Visite el antiguo campo de concentraci\u00f3n de Sachsenhausen con este tour privado a Sachsenhausen desde Berlin junto a un chofer\/gu\u00eda oficial \u2705\" \/>\n<meta property=\"og:url\" content=\"https:\/\/tourtravelandmore.com\/es\/tours\/alemania-es\/berlin-es\/tour-privado-a-sachsenhausen-desde-berlin\/\" \/>\n<meta property=\"og:site_name\" content=\"Tour Travel And More\" \/>\n<meta property=\"article:publisher\" content=\"https:\/\/www.facebook.com\/tourtravelandmore\/\" \/>\n<meta property=\"article:modified_time\" content=\"2022-04-01T08:51:15+00:00\" \/>\n<meta property=\"og:image\" content=\"https:\/\/tourtravelandmore.com\/wp-content\/uploads\/2017\/04\/Sachsenhausen.jpg\" \/>\n\t<meta property=\"og:image:width\" content=\"700\" \/>\n\t<meta property=\"og:image:height\" content=\"525\" \/>\n\t<meta property=\"og:image:type\" content=\"image\/jpeg\" \/>\n<meta name=\"twitter:card\" content=\"summary_large_image\" \/>\n<meta name=\"twitter:site\" content=\"@TourTravel_More\" \/>\n<meta name=\"twitter:label1\" content=\"Tiempo de lectura\" \/>\n\t<meta name=\"twitter:data1\" content=\"2 minutos\" \/>\n<script type=\"application\/ld+json\" class=\"yoast-schema-graph\">{\"@context\":\"https:\/\/schema.org\",\"@graph\":[{\"@type\":\"WebPage\",\"@id\":\"https:\/\/tourtravelandmore.com\/es\/tours\/alemania-es\/berlin-es\/tour-privado-a-sachsenhausen-desde-berlin\/\",\"url\":\"https:\/\/tourtravelandmore.com\/es\/tours\/alemania-es\/berlin-es\/tour-privado-a-sachsenhausen-desde-berlin\/\",\"name\":\"Tour privado a Sachsenhausen desde Berlin con chofer\/gu\u00eda oficial\",\"isPartOf\":{\"@id\":\"https:\/\/tourtravelandmore.com\/es\/#website\"},\"primaryImageOfPage\":{\"@id\":\"https:\/\/tourtravelandmore.com\/es\/tours\/alemania-es\/berlin-es\/tour-privado-a-sachsenhausen-desde-berlin\/#primaryimage\"},\"image\":{\"@id\":\"https:\/\/tourtravelandmore.com\/es\/tours\/alemania-es\/berlin-es\/tour-privado-a-sachsenhausen-desde-berlin\/#primaryimage\"},\"thumbnailUrl\":\"https:\/\/tourtravelandmore.com\/wp-content\/uploads\/2017\/04\/Sachsenhausen.jpg\",\"datePublished\":\"2017-04-04T11:55:46+00:00\",\"dateModified\":\"2022-04-01T08:51:15+00:00\",\"description\":\"Visite el antiguo campo de concentraci\u00f3n de Sachsenhausen con este tour privado a Sachsenhausen desde Berlin junto a un chofer\/gu\u00eda oficial \u2705\",\"breadcrumb\":{\"@id\":\"https:\/\/tourtravelandmore.com\/es\/tours\/alemania-es\/berlin-es\/tour-privado-a-sachsenhausen-desde-berlin\/#breadcrumb\"},\"inLanguage\":\"es\",\"potentialAction\":[{\"@type\":\"ReadAction\",\"target\":[\"https:\/\/tourtravelandmore.com\/es\/tours\/alemania-es\/berlin-es\/tour-privado-a-sachsenhausen-desde-berlin\/\"]}]},{\"@type\":\"ImageObject\",\"inLanguage\":\"es\",\"@id\":\"https:\/\/tourtravelandmore.com\/es\/tours\/alemania-es\/berlin-es\/tour-privado-a-sachsenhausen-desde-berlin\/#primaryimage\",\"url\":\"https:\/\/tourtravelandmore.com\/wp-content\/uploads\/2017\/04\/Sachsenhausen.jpg\",\"contentUrl\":\"https:\/\/tourtravelandmore.com\/wp-content\/uploads\/2017\/04\/Sachsenhausen.jpg\",\"width\":700,\"height\":525},{\"@type\":\"BreadcrumbList\",\"@id\":\"https:\/\/tourtravelandmore.com\/es\/tours\/alemania-es\/berlin-es\/tour-privado-a-sachsenhausen-desde-berlin\/#breadcrumb\",\"itemListElement\":[{\"@type\":\"ListItem\",\"position\":1,\"name\":\"Home\",\"item\":\"https:\/\/tourtravelandmore.com\/es\/\"},{\"@type\":\"ListItem\",\"position\":2,\"name\":\"Tours\",\"item\":\"https:\/\/tourtravelandmore.com\/es\/tours\/\"},{\"@type\":\"ListItem\",\"position\":3,\"name\":\"Tour Privado al Campo de Concentraci\u00f3n Sachsenhausen\"}]},{\"@type\":\"WebSite\",\"@id\":\"https:\/\/tourtravelandmore.com\/es\/#website\",\"url\":\"https:\/\/tourtravelandmore.com\/es\/\",\"name\":\"Tour Travel And More\",\"description\":\"Private sightseeing tours and luxury transfers in Spain\",\"publisher\":{\"@id\":\"https:\/\/tourtravelandmore.com\/es\/#organization\"},\"potentialAction\":[{\"@type\":\"SearchAction\",\"target\":{\"@type\":\"EntryPoint\",\"urlTemplate\":\"https:\/\/tourtravelandmore.com\/es\/?s={search_term_string}\"},\"query-input\":{\"@type\":\"PropertyValueSpecification\",\"valueRequired\":true,\"valueName\":\"search_term_string\"}}],\"inLanguage\":\"es\"},{\"@type\":\"Organization\",\"@id\":\"https:\/\/tourtravelandmore.com\/es\/#organization\",\"name\":\"Tour Travel And More\",\"url\":\"https:\/\/tourtravelandmore.com\/es\/\",\"logo\":{\"@type\":\"ImageObject\",\"inLanguage\":\"es\",\"@id\":\"https:\/\/tourtravelandmore.com\/es\/#\/schema\/logo\/image\/\",\"url\":\"https:\/\/tourtravelandmore.com\/wp-content\/uploads\/2022\/12\/cropped-logo-cabecera-new.png\",\"contentUrl\":\"https:\/\/tourtravelandmore.com\/wp-content\/uploads\/2022\/12\/cropped-logo-cabecera-new.png\",\"width\":430,\"height\":61,\"caption\":\"Tour Travel And More\"},\"image\":{\"@id\":\"https:\/\/tourtravelandmore.com\/es\/#\/schema\/logo\/image\/\"},\"sameAs\":[\"https:\/\/www.facebook.com\/tourtravelandmore\/\",\"https:\/\/x.com\/TourTravel_More\"]}]}<\/script>\n<!-- \/ Yoast SEO Premium plugin. -->","yoast_head_json":{"title":"Tour privado a Sachsenhausen desde Berlin con chofer\/gu\u00eda oficial","description":"Visite el antiguo campo de concentraci\u00f3n de Sachsenhausen con este tour privado a Sachsenhausen desde Berlin junto a un chofer\/gu\u00eda oficial \u2705","robots":{"index":"index","follow":"follow","max-snippet":"max-snippet:-1","max-image-preview":"max-image-preview:large","max-video-preview":"max-video-preview:-1"},"canonical":"https:\/\/tourtravelandmore.com\/es\/tours\/alemania-es\/berlin-es\/tour-privado-a-sachsenhausen-desde-berlin\/","og_locale":"es_ES","og_type":"article","og_title":"Tour Privado al Campo de Concentraci\u00f3n Sachsenhausen","og_description":"Visite el antiguo campo de concentraci\u00f3n de Sachsenhausen con este tour privado a Sachsenhausen desde Berlin junto a un chofer\/gu\u00eda oficial \u2705","og_url":"https:\/\/tourtravelandmore.com\/es\/tours\/alemania-es\/berlin-es\/tour-privado-a-sachsenhausen-desde-berlin\/","og_site_name":"Tour Travel And More","article_publisher":"https:\/\/www.facebook.com\/tourtravelandmore\/","article_modified_time":"2022-04-01T08:51:15+00:00","og_image":[{"width":700,"height":525,"url":"https:\/\/tourtravelandmore.com\/wp-content\/uploads\/2017\/04\/Sachsenhausen.jpg","type":"image\/jpeg"}],"twitter_card":"summary_large_image","twitter_site":"@TourTravel_More","twitter_misc":{"Tiempo de lectura":"2 minutos"},"schema":{"@context":"https:\/\/schema.org","@graph":[{"@type":"WebPage","@id":"https:\/\/tourtravelandmore.com\/es\/tours\/alemania-es\/berlin-es\/tour-privado-a-sachsenhausen-desde-berlin\/","url":"https:\/\/tourtravelandmore.com\/es\/tours\/alemania-es\/berlin-es\/tour-privado-a-sachsenhausen-desde-berlin\/","name":"Tour privado a Sachsenhausen desde Berlin con chofer\/gu\u00eda oficial","isPartOf":{"@id":"https:\/\/tourtravelandmore.com\/es\/#website"},"primaryImageOfPage":{"@id":"https:\/\/tourtravelandmore.com\/es\/tours\/alemania-es\/berlin-es\/tour-privado-a-sachsenhausen-desde-berlin\/#primaryimage"},"image":{"@id":"https:\/\/tourtravelandmore.com\/es\/tours\/alemania-es\/berlin-es\/tour-privado-a-sachsenhausen-desde-berlin\/#primaryimage"},"thumbnailUrl":"https:\/\/tourtravelandmore.com\/wp-content\/uploads\/2017\/04\/Sachsenhausen.jpg","datePublished":"2017-04-04T11:55:46+00:00","dateModified":"2022-04-01T08:51:15+00:00","description":"Visite el antiguo campo de concentraci\u00f3n de Sachsenhausen con este tour privado a Sachsenhausen desde Berlin junto a un chofer\/gu\u00eda oficial \u2705","breadcrumb":{"@id":"https:\/\/tourtravelandmore.com\/es\/tours\/alemania-es\/berlin-es\/tour-privado-a-sachsenhausen-desde-berlin\/#breadcrumb"},"inLanguage":"es","potentialAction":[{"@type":"ReadAction","target":["https:\/\/tourtravelandmore.com\/es\/tours\/alemania-es\/berlin-es\/tour-privado-a-sachsenhausen-desde-berlin\/"]}]},{"@type":"ImageObject","inLanguage":"es","@id":"https:\/\/tourtravelandmore.com\/es\/tours\/alemania-es\/berlin-es\/tour-privado-a-sachsenhausen-desde-berlin\/#primaryimage","url":"https:\/\/tourtravelandmore.com\/wp-content\/uploads\/2017\/04\/Sachsenhausen.jpg","contentUrl":"https:\/\/tourtravelandmore.com\/wp-content\/uploads\/2017\/04\/Sachsenhausen.jpg","width":700,"height":525},{"@type":"BreadcrumbList","@id":"https:\/\/tourtravelandmore.com\/es\/tours\/alemania-es\/berlin-es\/tour-privado-a-sachsenhausen-desde-berlin\/#breadcrumb","itemListElement":[{"@type":"ListItem","position":1,"name":"Home","item":"https:\/\/tourtravelandmore.com\/es\/"},{"@type":"ListItem","position":2,"name":"Tours","item":"https:\/\/tourtravelandmore.com\/es\/tours\/"},{"@type":"ListItem","position":3,"name":"Tour Privado al Campo de Concentraci\u00f3n Sachsenhausen"}]},{"@type":"WebSite","@id":"https:\/\/tourtravelandmore.com\/es\/#website","url":"https:\/\/tourtravelandmore.com\/es\/","name":"Tour Travel And More","description":"Private sightseeing tours and luxury transfers in Spain","publisher":{"@id":"https:\/\/tourtravelandmore.com\/es\/#organization"},"potentialAction":[{"@type":"SearchAction","target":{"@type":"EntryPoint","urlTemplate":"https:\/\/tourtravelandmore.com\/es\/?s={search_term_string}"},"query-input":{"@type":"PropertyValueSpecification","valueRequired":true,"valueName":"search_term_string"}}],"inLanguage":"es"},{"@type":"Organization","@id":"https:\/\/tourtravelandmore.com\/es\/#organization","name":"Tour Travel And More","url":"https:\/\/tourtravelandmore.com\/es\/","logo":{"@type":"ImageObject","inLanguage":"es","@id":"https:\/\/tourtravelandmore.com\/es\/#\/schema\/logo\/image\/","url":"https:\/\/tourtravelandmore.com\/wp-content\/uploads\/2022\/12\/cropped-logo-cabecera-new.png","contentUrl":"https:\/\/tourtravelandmore.com\/wp-content\/uploads\/2022\/12\/cropped-logo-cabecera-new.png","width":430,"height":61,"caption":"Tour Travel And More"},"image":{"@id":"https:\/\/tourtravelandmore.com\/es\/#\/schema\/logo\/image\/"},"sameAs":["https:\/\/www.facebook.com\/tourtravelandmore\/","https:\/\/x.com\/TourTravel_More"]}]}},"_links":{"self":[{"href":"https:\/\/tourtravelandmore.com\/es\/wp-json\/wp\/v2\/product\/11601","targetHints":{"allow":["GET"]}}],"collection":[{"href":"https:\/\/tourtravelandmore.com\/es\/wp-json\/wp\/v2\/product"}],"about":[{"href":"https:\/\/tourtravelandmore.com\/es\/wp-json\/wp\/v2\/types\/product"}],"replies":[{"embeddable":true,"href":"https:\/\/tourtravelandmore.com\/es\/wp-json\/wp\/v2\/comments?post=11601"}],"wp:featuredmedia":[{"embeddable":true,"href":"https:\/\/tourtravelandmore.com\/es\/wp-json\/wp\/v2\/media\/11553"}],"wp:attachment":[{"href":"https:\/\/tourtravelandmore.com\/es\/wp-json\/wp\/v2\/media?parent=11601"}],"wp:term":[{"taxonomy":"product_brand","embeddable":true,"href":"https:\/\/tourtravelandmore.com\/es\/wp-json\/wp\/v2\/product_brand?post=11601"},{"taxonomy":"product_cat","embeddable":true,"href":"https:\/\/tourtravelandmore.com\/es\/wp-json\/wp\/v2\/product_cat?post=11601"},{"taxonomy":"product_tag","embeddable":true,"href":"https:\/\/tourtravelandmore.com\/es\/wp-json\/wp\/v2\/product_tag?post=11601"}],"curies":[{"name":"wp","href":"https:\/\/api.w.org\/{rel}","templated":true}]}}