{"id":115996,"date":"2021-12-21T15:04:24","date_gmt":"2021-12-21T14:04:25","guid":{"rendered":"https:\/\/tourtravelandmore.com\/?post_type=product&#038;p=115996"},"modified":"2023-11-03T11:20:07","modified_gmt":"2023-11-03T10:20:07","slug":"disposicion-privada-para-ir-a-popeye-village-y-golden-bay-desde-cualquier-ciudad","status":"publish","type":"product","link":"https:\/\/tourtravelandmore.com\/es\/tours\/malta-es\/valleta-mdina-es\/disposicion-privada-para-ir-a-popeye-village-y-golden-bay-desde-cualquier-ciudad\/","title":{"rendered":"Tour privado para ir a Popeye Village y Golden Bay desde cualquier ciudad"},"content":{"rendered":"<h2><b>Descripci\u00f3n de la Disposici\u00f3n privada para ir a Popeye Village y Golden Bay desde cualquier ciudad\u00a0<\/b><\/h2>\n<p><span style=\"font-weight: 400;\">El archipi\u00e9lago de Malta nunca deja de sorprender, ya que es un lugar lleno de monumentos y edificios hist\u00f3ricos que son patrimonio de la humanidad, as\u00ed como de paisajes de imponente belleza natural.\u00a0<\/span><\/p>\n<p><span style=\"font-weight: 400;\">Si est\u00e1s de paso por la isla y quieres darte una escapada memorable, la <\/span><b>disposici\u00f3n privada para ir a Popeye Village y Golden Bay <\/b><span style=\"font-weight: 400;\">es el paseo ideal para ti, tu familia y tus amigos.\u00a0<\/span><\/p>\n<p><span style=\"font-weight: 400;\">Es una excursi\u00f3n que incluye una visita al encantador Popeye Village, un pueblo construido en 1979 para rodar la pel\u00edcula de la caricatura Popeye, la cual fue protagonizada por Robins Williams.\u00a0<\/span><\/p>\n<p><span style=\"font-weight: 400;\">Despu\u00e9s, tienes la opci\u00f3n de relajarte en una de las playas m\u00e1s hermosas y extensas de Malta: la Golden Bay. Sus arenas doradas y sus aguas cristalinas ser\u00e1n m\u00e1s que suficiente para que pases un d\u00eda de ensue\u00f1o.\u00a0<\/span><\/p>\n<p><span style=\"font-weight: 400;\">La disposici\u00f3n privada para ir a Popeye Village y Golden Bay es la escapada perfecta para crear recuerdos distintos y muy especiales.\u00a0<\/span><\/p>\n<p><span style=\"font-weight: 400;\">Dispondr\u00e1s de <\/span><b>un coche privado durante 12 horas<\/b><span style=\"font-weight: 400;\"> para que disfrutes con calma cada uno de estos encantadores lugares.\u00a0<\/span><\/p>\n<p><span style=\"font-weight: 400;\">Adem\u00e1s, puedes acordar el sitio de encuentro para que tu paseo sea a\u00fan m\u00e1s personalizado. Prepara tu c\u00e1mara fotogr\u00e1fica y tu bronceador, ya que este ser\u00e1 uno de los mejores viajes de tu vida.\u00a0 Y al terminar el tour, te llevaremos de vuelta hasta el sitio acordado.<\/span><\/p>\n<h2><b>Puntos de Inter\u00e9s en el Tour privado para ir a Popeye Village y Golden Bay desde cualquier ciudad<\/b><\/h2>\n<p><span style=\"font-weight: 400;\">Relajaci\u00f3n, diversi\u00f3n, historia y belleza natural\u2026 Estas son las palabras que mejor definen a Malta. As\u00ed que aparta un d\u00eda de tu itinerario y sum\u00e9rgete en este maravilloso paseo a Popeye Village y Golden Bay desde cualquier ciudad.\u00a0<\/span><\/p>\n<h3><span style=\"color: #d3af37;\"><b>Popeye Village<\/b><\/span><\/h3>\n<p><span style=\"font-weight: 400;\">Ubicado en Anchor Bay cerca de Mellieha se encuentra el pintoresco Popeye Village. Se trata de un set de filmaci\u00f3n utilizado en 1980 por Walt Disney para grabar el film de Popeye, y as\u00ed recrear la famosa caricatura que tantas sonrisas evoc\u00f3 en toda una generaci\u00f3n.\u00a0<\/span><\/p>\n<p><span style=\"font-weight: 400;\">Este sitio es un pueblo que contiene 19 edificios que parecen literalmente de juguete. Al ser de ese estilo, crea un entorno diferente para pasar un rato divertido; bien sea solo, con los amigos o la familia.\u00a0<\/span><\/p>\n<p><span style=\"font-weight: 400;\">Adem\u00e1s, es un lugar con muchos datos llamativos, como el hecho de que los tablones y los tejados que se usaron para la construcci\u00f3n de las casas fueron importados desde los Pa\u00edses Bajos y Canad\u00e1; ya que en Malta no hay bosques.\u00a0\u00a0<\/span><\/p>\n<p><span style=\"font-weight: 400;\">En Popeye Village tambi\u00e9n se encuentran otras actividades atractivas, como ir a piscinas, visitar museos y disfrutar parques infantiles. As\u00ed que sin duda este ser\u00e1 un paseo entretenido y fuera de lo com\u00fan.\u00a0<\/span><\/p>\n<h3><span style=\"color: #d3af37;\"><b>Golden Bay<\/b><\/span><\/h3>\n<p><span style=\"font-weight: 400;\">Seguiremos el viaje hacia Golden Bay, una playa paradis\u00edaca cuyas arenas parecen una alfombra dorada.\u00a0<\/span><\/p>\n<p><span style=\"font-weight: 400;\">Esta es una de las playas m\u00e1s grandes de Malta y sus costas invitan a pasar un d\u00eda diferente. Puedes animarte a tomar el sol, divertirte a lo grande en sus atracciones acu\u00e1ticas o hasta practicar snorkel.\u00a0<\/span><\/p>\n<p><span style=\"font-weight: 400;\">En este lugar puedes recrearte en un d\u00eda especial, lleno de diversi\u00f3n y relax, para alejarte del estr\u00e9s y la rutina diaria.\u00a0\u00a0\u00a0<\/span><\/p>\n<p><span style=\"font-weight: 400;\">Te recomendamos que durante tus d\u00edas por Malta incluyas <\/span><a href=\"https:\/\/tourtravelandmore.com\/es\/tours\/malta-es\/valleta-mdina-es\/tour-privado-los-pasos-de-san-pablo-desde-cualquier-ciudad\/\"><b>el tour de los pasos de San Pablo desde cualquier ciudad<\/b><\/a><span style=\"font-weight: 400;\">. De esta manera, tendr\u00e1s un encuentro con la historia de uno de los ap\u00f3stoles creadores del Nuevo Testamento cristiano.\u00a0 <\/span><\/p>\n","protected":false},"excerpt":{"rendered":"<p><span style=\"font-weight: 400;\">Descubre en esta disposici\u00f3n privada el set original de filmaci\u00f3n que se utiliz\u00f3 para la pel\u00edcula \u201cPopeye\u201d y las doradas arenas de la Golden Bay. Ser\u00e1 una experiencia personalizada, ideal para grandes y peque\u00f1os, en la que conocer\u00e1s a tu propio ritmo estos dos espl\u00e9ndidos destinos tur\u00edsticos<\/span><\/p>\n","protected":false},"featured_media":116018,"comment_status":"open","ping_status":"closed","template":"","meta":{"_acf_changed":false},"product_brand":[],"product_cat":[1609,1010,1011,1012],"product_tag":[],"class_list":{"0":"post-115996","1":"product","2":"type-product","3":"status-publish","4":"has-post-thumbnail","6":"product_cat-malta-es","7":"product_cat-valleta-mdina-es","8":"product_cat-valleta-mdina-actividades-es","9":"product_cat-valleta-mdina-rutas-turisticas-privadas-es","11":"first","12":"instock","13":"shipping-taxable","14":"purchasable","15":"product-type-simple"},"acf":[],"yoast_head":"<!-- This site is optimized with the Yoast SEO Premium plugin v25.3.1 (Yoast SEO v25.3.1) - https:\/\/yoast.com\/wordpress\/plugins\/seo\/ -->\n<title>\u27a1\ufe0f Disposici\u00f3n privada para ir a Popeye Village y Golden Bay | Tour Travel &amp; More<\/title>\n<meta name=\"description\" content=\"En esta disposici\u00f3n privada por Popeye Village y Golden Bay desde cualquier ciudad, explorar\u00e1s a tu ritmo estas dos joyas ocultas de Malta \u2705\" \/>\n<meta name=\"robots\" content=\"index, follow, max-snippet:-1, max-image-preview:large, max-video-preview:-1\" \/>\n<link rel=\"canonical\" href=\"https:\/\/tourtravelandmore.com\/es\/tours\/malta-es\/valleta-mdina-es\/disposicion-privada-para-ir-a-popeye-village-y-golden-bay-desde-cualquier-ciudad\/\" \/>\n<meta property=\"og:locale\" content=\"es_ES\" \/>\n<meta property=\"og:type\" content=\"article\" \/>\n<meta property=\"og:title\" content=\"Tour privado para ir a Popeye Village y Golden Bay desde cualquier ciudad\" \/>\n<meta property=\"og:description\" content=\"En esta disposici\u00f3n privada por Popeye Village y Golden Bay desde cualquier ciudad, explorar\u00e1s a tu ritmo estas dos joyas ocultas de Malta \u2705\" \/>\n<meta property=\"og:url\" content=\"https:\/\/tourtravelandmore.com\/es\/tours\/malta-es\/valleta-mdina-es\/disposicion-privada-para-ir-a-popeye-village-y-golden-bay-desde-cualquier-ciudad\/\" \/>\n<meta property=\"og:site_name\" content=\"Tour Travel And More\" \/>\n<meta property=\"article:publisher\" content=\"https:\/\/www.facebook.com\/tourtravelandmore\/\" \/>\n<meta property=\"article:modified_time\" content=\"2023-11-03T10:20:07+00:00\" \/>\n<meta property=\"og:image\" content=\"https:\/\/tourtravelandmore.com\/wp-content\/uploads\/2021\/12\/image2-11.jpg\" \/>\n\t<meta property=\"og:image:width\" content=\"960\" \/>\n\t<meta property=\"og:image:height\" content=\"640\" \/>\n\t<meta property=\"og:image:type\" content=\"image\/jpeg\" \/>\n<meta name=\"twitter:card\" content=\"summary_large_image\" \/>\n<meta name=\"twitter:site\" content=\"@TourTravel_More\" \/>\n<meta name=\"twitter:label1\" content=\"Tiempo de lectura\" \/>\n\t<meta name=\"twitter:data1\" content=\"3 minutos\" \/>\n<script type=\"application\/ld+json\" class=\"yoast-schema-graph\">{\"@context\":\"https:\/\/schema.org\",\"@graph\":[{\"@type\":\"WebPage\",\"@id\":\"https:\/\/tourtravelandmore.com\/es\/tours\/malta-es\/valleta-mdina-es\/disposicion-privada-para-ir-a-popeye-village-y-golden-bay-desde-cualquier-ciudad\/\",\"url\":\"https:\/\/tourtravelandmore.com\/es\/tours\/malta-es\/valleta-mdina-es\/disposicion-privada-para-ir-a-popeye-village-y-golden-bay-desde-cualquier-ciudad\/\",\"name\":\"\u27a1\ufe0f Disposici\u00f3n privada para ir a Popeye Village y Golden Bay | Tour Travel & More\",\"isPartOf\":{\"@id\":\"https:\/\/tourtravelandmore.com\/es\/#website\"},\"primaryImageOfPage\":{\"@id\":\"https:\/\/tourtravelandmore.com\/es\/tours\/malta-es\/valleta-mdina-es\/disposicion-privada-para-ir-a-popeye-village-y-golden-bay-desde-cualquier-ciudad\/#primaryimage\"},\"image\":{\"@id\":\"https:\/\/tourtravelandmore.com\/es\/tours\/malta-es\/valleta-mdina-es\/disposicion-privada-para-ir-a-popeye-village-y-golden-bay-desde-cualquier-ciudad\/#primaryimage\"},\"thumbnailUrl\":\"https:\/\/tourtravelandmore.com\/wp-content\/uploads\/2021\/12\/image2-11.jpg\",\"datePublished\":\"2021-12-21T14:04:25+00:00\",\"dateModified\":\"2023-11-03T10:20:07+00:00\",\"description\":\"En esta disposici\u00f3n privada por Popeye Village y Golden Bay desde cualquier ciudad, explorar\u00e1s a tu ritmo estas dos joyas ocultas de Malta \u2705\",\"breadcrumb\":{\"@id\":\"https:\/\/tourtravelandmore.com\/es\/tours\/malta-es\/valleta-mdina-es\/disposicion-privada-para-ir-a-popeye-village-y-golden-bay-desde-cualquier-ciudad\/#breadcrumb\"},\"inLanguage\":\"es\",\"potentialAction\":[{\"@type\":\"ReadAction\",\"target\":[\"https:\/\/tourtravelandmore.com\/es\/tours\/malta-es\/valleta-mdina-es\/disposicion-privada-para-ir-a-popeye-village-y-golden-bay-desde-cualquier-ciudad\/\"]}]},{\"@type\":\"ImageObject\",\"inLanguage\":\"es\",\"@id\":\"https:\/\/tourtravelandmore.com\/es\/tours\/malta-es\/valleta-mdina-es\/disposicion-privada-para-ir-a-popeye-village-y-golden-bay-desde-cualquier-ciudad\/#primaryimage\",\"url\":\"https:\/\/tourtravelandmore.com\/wp-content\/uploads\/2021\/12\/image2-11.jpg\",\"contentUrl\":\"https:\/\/tourtravelandmore.com\/wp-content\/uploads\/2021\/12\/image2-11.jpg\",\"width\":960,\"height\":640},{\"@type\":\"BreadcrumbList\",\"@id\":\"https:\/\/tourtravelandmore.com\/es\/tours\/malta-es\/valleta-mdina-es\/disposicion-privada-para-ir-a-popeye-village-y-golden-bay-desde-cualquier-ciudad\/#breadcrumb\",\"itemListElement\":[{\"@type\":\"ListItem\",\"position\":1,\"name\":\"Home\",\"item\":\"https:\/\/tourtravelandmore.com\/es\/\"},{\"@type\":\"ListItem\",\"position\":2,\"name\":\"Tours\",\"item\":\"https:\/\/tourtravelandmore.com\/es\/tours\/\"},{\"@type\":\"ListItem\",\"position\":3,\"name\":\"Tour privado para ir a Popeye Village y Golden Bay desde cualquier ciudad\"}]},{\"@type\":\"WebSite\",\"@id\":\"https:\/\/tourtravelandmore.com\/es\/#website\",\"url\":\"https:\/\/tourtravelandmore.com\/es\/\",\"name\":\"Tour Travel And More\",\"description\":\"Private sightseeing tours and luxury transfers in Spain\",\"publisher\":{\"@id\":\"https:\/\/tourtravelandmore.com\/es\/#organization\"},\"potentialAction\":[{\"@type\":\"SearchAction\",\"target\":{\"@type\":\"EntryPoint\",\"urlTemplate\":\"https:\/\/tourtravelandmore.com\/es\/?s={search_term_string}\"},\"query-input\":{\"@type\":\"PropertyValueSpecification\",\"valueRequired\":true,\"valueName\":\"search_term_string\"}}],\"inLanguage\":\"es\"},{\"@type\":\"Organization\",\"@id\":\"https:\/\/tourtravelandmore.com\/es\/#organization\",\"name\":\"Tour Travel And More\",\"url\":\"https:\/\/tourtravelandmore.com\/es\/\",\"logo\":{\"@type\":\"ImageObject\",\"inLanguage\":\"es\",\"@id\":\"https:\/\/tourtravelandmore.com\/es\/#\/schema\/logo\/image\/\",\"url\":\"https:\/\/tourtravelandmore.com\/wp-content\/uploads\/2022\/12\/cropped-logo-cabecera-new.png\",\"contentUrl\":\"https:\/\/tourtravelandmore.com\/wp-content\/uploads\/2022\/12\/cropped-logo-cabecera-new.png\",\"width\":430,\"height\":61,\"caption\":\"Tour Travel And More\"},\"image\":{\"@id\":\"https:\/\/tourtravelandmore.com\/es\/#\/schema\/logo\/image\/\"},\"sameAs\":[\"https:\/\/www.facebook.com\/tourtravelandmore\/\",\"https:\/\/x.com\/TourTravel_More\"]}]}<\/script>\n<!-- \/ Yoast SEO Premium plugin. -->","yoast_head_json":{"title":"\u27a1\ufe0f Disposici\u00f3n privada para ir a Popeye Village y Golden Bay | Tour Travel & More","description":"En esta disposici\u00f3n privada por Popeye Village y Golden Bay desde cualquier ciudad, explorar\u00e1s a tu ritmo estas dos joyas ocultas de Malta \u2705","robots":{"index":"index","follow":"follow","max-snippet":"max-snippet:-1","max-image-preview":"max-image-preview:large","max-video-preview":"max-video-preview:-1"},"canonical":"https:\/\/tourtravelandmore.com\/es\/tours\/malta-es\/valleta-mdina-es\/disposicion-privada-para-ir-a-popeye-village-y-golden-bay-desde-cualquier-ciudad\/","og_locale":"es_ES","og_type":"article","og_title":"Tour privado para ir a Popeye Village y Golden Bay desde cualquier ciudad","og_description":"En esta disposici\u00f3n privada por Popeye Village y Golden Bay desde cualquier ciudad, explorar\u00e1s a tu ritmo estas dos joyas ocultas de Malta \u2705","og_url":"https:\/\/tourtravelandmore.com\/es\/tours\/malta-es\/valleta-mdina-es\/disposicion-privada-para-ir-a-popeye-village-y-golden-bay-desde-cualquier-ciudad\/","og_site_name":"Tour Travel And More","article_publisher":"https:\/\/www.facebook.com\/tourtravelandmore\/","article_modified_time":"2023-11-03T10:20:07+00:00","og_image":[{"width":960,"height":640,"url":"https:\/\/tourtravelandmore.com\/wp-content\/uploads\/2021\/12\/image2-11.jpg","type":"image\/jpeg"}],"twitter_card":"summary_large_image","twitter_site":"@TourTravel_More","twitter_misc":{"Tiempo de lectura":"3 minutos"},"schema":{"@context":"https:\/\/schema.org","@graph":[{"@type":"WebPage","@id":"https:\/\/tourtravelandmore.com\/es\/tours\/malta-es\/valleta-mdina-es\/disposicion-privada-para-ir-a-popeye-village-y-golden-bay-desde-cualquier-ciudad\/","url":"https:\/\/tourtravelandmore.com\/es\/tours\/malta-es\/valleta-mdina-es\/disposicion-privada-para-ir-a-popeye-village-y-golden-bay-desde-cualquier-ciudad\/","name":"\u27a1\ufe0f Disposici\u00f3n privada para ir a Popeye Village y Golden Bay | Tour Travel & More","isPartOf":{"@id":"https:\/\/tourtravelandmore.com\/es\/#website"},"primaryImageOfPage":{"@id":"https:\/\/tourtravelandmore.com\/es\/tours\/malta-es\/valleta-mdina-es\/disposicion-privada-para-ir-a-popeye-village-y-golden-bay-desde-cualquier-ciudad\/#primaryimage"},"image":{"@id":"https:\/\/tourtravelandmore.com\/es\/tours\/malta-es\/valleta-mdina-es\/disposicion-privada-para-ir-a-popeye-village-y-golden-bay-desde-cualquier-ciudad\/#primaryimage"},"thumbnailUrl":"https:\/\/tourtravelandmore.com\/wp-content\/uploads\/2021\/12\/image2-11.jpg","datePublished":"2021-12-21T14:04:25+00:00","dateModified":"2023-11-03T10:20:07+00:00","description":"En esta disposici\u00f3n privada por Popeye Village y Golden Bay desde cualquier ciudad, explorar\u00e1s a tu ritmo estas dos joyas ocultas de Malta \u2705","breadcrumb":{"@id":"https:\/\/tourtravelandmore.com\/es\/tours\/malta-es\/valleta-mdina-es\/disposicion-privada-para-ir-a-popeye-village-y-golden-bay-desde-cualquier-ciudad\/#breadcrumb"},"inLanguage":"es","potentialAction":[{"@type":"ReadAction","target":["https:\/\/tourtravelandmore.com\/es\/tours\/malta-es\/valleta-mdina-es\/disposicion-privada-para-ir-a-popeye-village-y-golden-bay-desde-cualquier-ciudad\/"]}]},{"@type":"ImageObject","inLanguage":"es","@id":"https:\/\/tourtravelandmore.com\/es\/tours\/malta-es\/valleta-mdina-es\/disposicion-privada-para-ir-a-popeye-village-y-golden-bay-desde-cualquier-ciudad\/#primaryimage","url":"https:\/\/tourtravelandmore.com\/wp-content\/uploads\/2021\/12\/image2-11.jpg","contentUrl":"https:\/\/tourtravelandmore.com\/wp-content\/uploads\/2021\/12\/image2-11.jpg","width":960,"height":640},{"@type":"BreadcrumbList","@id":"https:\/\/tourtravelandmore.com\/es\/tours\/malta-es\/valleta-mdina-es\/disposicion-privada-para-ir-a-popeye-village-y-golden-bay-desde-cualquier-ciudad\/#breadcrumb","itemListElement":[{"@type":"ListItem","position":1,"name":"Home","item":"https:\/\/tourtravelandmore.com\/es\/"},{"@type":"ListItem","position":2,"name":"Tours","item":"https:\/\/tourtravelandmore.com\/es\/tours\/"},{"@type":"ListItem","position":3,"name":"Tour privado para ir a Popeye Village y Golden Bay desde cualquier ciudad"}]},{"@type":"WebSite","@id":"https:\/\/tourtravelandmore.com\/es\/#website","url":"https:\/\/tourtravelandmore.com\/es\/","name":"Tour Travel And More","description":"Private sightseeing tours and luxury transfers in Spain","publisher":{"@id":"https:\/\/tourtravelandmore.com\/es\/#organization"},"potentialAction":[{"@type":"SearchAction","target":{"@type":"EntryPoint","urlTemplate":"https:\/\/tourtravelandmore.com\/es\/?s={search_term_string}"},"query-input":{"@type":"PropertyValueSpecification","valueRequired":true,"valueName":"search_term_string"}}],"inLanguage":"es"},{"@type":"Organization","@id":"https:\/\/tourtravelandmore.com\/es\/#organization","name":"Tour Travel And More","url":"https:\/\/tourtravelandmore.com\/es\/","logo":{"@type":"ImageObject","inLanguage":"es","@id":"https:\/\/tourtravelandmore.com\/es\/#\/schema\/logo\/image\/","url":"https:\/\/tourtravelandmore.com\/wp-content\/uploads\/2022\/12\/cropped-logo-cabecera-new.png","contentUrl":"https:\/\/tourtravelandmore.com\/wp-content\/uploads\/2022\/12\/cropped-logo-cabecera-new.png","width":430,"height":61,"caption":"Tour Travel And More"},"image":{"@id":"https:\/\/tourtravelandmore.com\/es\/#\/schema\/logo\/image\/"},"sameAs":["https:\/\/www.facebook.com\/tourtravelandmore\/","https:\/\/x.com\/TourTravel_More"]}]}},"_links":{"self":[{"href":"https:\/\/tourtravelandmore.com\/es\/wp-json\/wp\/v2\/product\/115996","targetHints":{"allow":["GET"]}}],"collection":[{"href":"https:\/\/tourtravelandmore.com\/es\/wp-json\/wp\/v2\/product"}],"about":[{"href":"https:\/\/tourtravelandmore.com\/es\/wp-json\/wp\/v2\/types\/product"}],"replies":[{"embeddable":true,"href":"https:\/\/tourtravelandmore.com\/es\/wp-json\/wp\/v2\/comments?post=115996"}],"wp:featuredmedia":[{"embeddable":true,"href":"https:\/\/tourtravelandmore.com\/es\/wp-json\/wp\/v2\/media\/116018"}],"wp:attachment":[{"href":"https:\/\/tourtravelandmore.com\/es\/wp-json\/wp\/v2\/media?parent=115996"}],"wp:term":[{"taxonomy":"product_brand","embeddable":true,"href":"https:\/\/tourtravelandmore.com\/es\/wp-json\/wp\/v2\/product_brand?post=115996"},{"taxonomy":"product_cat","embeddable":true,"href":"https:\/\/tourtravelandmore.com\/es\/wp-json\/wp\/v2\/product_cat?post=115996"},{"taxonomy":"product_tag","embeddable":true,"href":"https:\/\/tourtravelandmore.com\/es\/wp-json\/wp\/v2\/product_tag?post=115996"}],"curies":[{"name":"wp","href":"https:\/\/api.w.org\/{rel}","templated":true}]}}