{"id":11596,"date":"2017-04-04T11:50:39","date_gmt":"2017-04-04T11:49:01","guid":{"rendered":"http:\/\/tourtravelandmore.com\/es\/?post_type=product&#038;p=11596"},"modified":"2022-04-01T10:53:52","modified_gmt":"2022-04-01T08:53:52","slug":"tour-privado-a-dresden-desde-berlin","status":"publish","type":"product","link":"https:\/\/tourtravelandmore.com\/es\/tours\/alemania-es\/berlin-es\/tour-privado-a-dresden-desde-berlin\/","title":{"rendered":"Excursi\u00f3n privada a Dresden"},"content":{"rendered":"<h2><strong>Descripci\u00f3n de la Excursi\u00f3n\u00a0privada a Dresden<\/strong><\/h2>\n<p>Visita una de las ciudades m\u00e1s bonitas de Alemania en una excursi\u00f3n privada desde Berl\u00edn. Conocida mundialmente como la Florencia del Norte, Dresden alberga una maravillosa arquitectura y ofrece una amplia oferta art\u00edstica. Disfruta este tour privado a Dresden desde Berlin c\u00f3modo en un veh\u00edculo privado y junto a un gu\u00eda oficial.<\/p>\n<p>Para dar comienzo a su tour, su chofer le recoger\u00e1 en su hotel o sitio deseado en Berl\u00edn. A continuaci\u00f3n comenzar\u00e1n su viaje hacia Dresden, ubicado a aproximadamente 2 horas y 15 minutos de Berl\u00edn. Una vez en Dresden se encontrar\u00e1n con su gu\u00eda oficial privado, experto en arte, historia y cultura de la ciudad. Disfrutar\u00e1n una visita guiada de la ciudad, donde visitar\u00e1n los sitios m\u00e1s emblem\u00e1ticos de esta.<\/p>\n<p>La duraci\u00f3n e itinerario del tour son ajustables a su deseo personal. Todos nuestros tours son privados y adaptables al inter\u00e9s de cada uno de nuestros clientes. Cont\u00e1ctenos para una propuesta personalizada, nuestro equipo de expertos est\u00e1 a su disposici\u00f3n!<\/p>\n<h2><strong>Puntos de inter\u00e9s de la Excursi\u00f3n privada a Dresden<\/strong><\/h2>\n<p>Dresden es la capital del estado alem\u00e1n de Sajonia. Hist\u00f3ricamente reconocida como la Florencia del Norte, Dresden ha sido siempre una de las ciudades con mayor oferta de arte y cultura de toda Alemania. La ciudad alberga, a pesar de los bombardeos sufridos durante el fin de la Segunda Guerra Mundial, una maravillosa arquitectura. Durante este tour privado a Dresden desde Berlin podr\u00e1 usted visitar y descubrir la ciudad junto a un gu\u00eda privado experto en la historia y cultura de la ciudad.<\/p>\n<p>Una vez llegue a Dresden se encontrar\u00e1n con su gu\u00eda privado en el centro hist\u00f3rico de Dresden, cerca del <strong>Altmarkt<\/strong>. All\u00ed comenzar\u00e1n su recorrido hacia <strong>Kreuzkirche<\/strong>, conocida como la <strong>Iglesia de la Sagrada Cruz<\/strong>. A continuaci\u00f3n podr\u00e1n visitar el Museo de la Ciudad y la plaza <strong>Neumarkt<\/strong>, famosa por sus impresionantes edificios, perfectos para un retrato fotogr\u00e1fico.<\/p>\n<p>Su pr\u00f3xima parada ser\u00e1 el <strong>Albertium<\/strong> seguido por el <strong>Castillo de Dresde<\/strong>, una impresionante edificaci\u00f3n cristiana que combina desde el estilo rom\u00e1nico a barroco. Despu\u00e9s de eso, tomaremos un peque\u00f1o descanso y disfrutaremos de una taza de caf\u00e9 en cualquiera de las tiendas de los alrededores.<\/p>\n<p>La \u00faltima parte de la visita, pero no la menos importante, ser\u00e1 para visitar la emblem\u00e1tica <a href=\"https:\/\/www.frauenkirche-dresden.de\">Iglesia de Nuestra Se\u00f1ora<\/a>, <strong>Zwinger<\/strong>, <strong>Katolische hofkirche<\/strong> y la terraza <strong>Br\u00fchl<\/strong>.<\/p>\n<p>Entre otros sitios que tambi\u00e9n podr\u00e1 visitar a trav\u00e9s de este tour privado:<\/p>\n<ul>\n<li><strong>Plaza del Teatro con la \u00d3pera<\/strong><\/li>\n<li><strong>Iglesia de la corte cat\u00f3lica<\/strong><\/li>\n<li><strong>Procesi\u00f3n de Pr\u00edncipes<\/strong><\/li>\n<\/ul>\n<p>En caso de que desee visitar alg\u00fan museo o monumento, por favor no dude en contactarnos, podemos coordinar entradas sin fila con anticipaci\u00f3n.<\/p>\n","protected":false},"excerpt":{"rendered":"<p>Aprovecha al m\u00e1ximo tu visita a Berl\u00edn y visita una de las ciudades m\u00e1s bonitas de Alemania con este <strong>tour privado a Dresden desde Berl\u00edn.<\/strong> Conocida como la Florencia del Norte, Dresden alberga maravillosas edificaciones y una oferta art\u00edstica fabulosa. Cont\u00e1ctenos para una experiencia privada a medida.<\/p>\n","protected":false},"featured_media":11538,"comment_status":"open","ping_status":"closed","template":"","meta":{"_acf_changed":false},"product_brand":[],"product_cat":[443,444,445],"product_tag":[],"class_list":{"0":"post-11596","1":"product","2":"type-product","3":"status-publish","4":"has-post-thumbnail","6":"product_cat-berlin-es","7":"product_cat-berlin-actividades-es","8":"product_cat-berlin-excursiones-es","10":"first","11":"instock","12":"shipping-taxable","13":"purchasable","14":"product-type-simple"},"acf":[],"yoast_head":"<!-- This site is optimized with the Yoast SEO Premium plugin v25.3.1 (Yoast SEO v25.3.1) - https:\/\/yoast.com\/wordpress\/plugins\/seo\/ -->\n<title>Tour Privado a Dresden desde Berlin con chofer y gu\u00eda oficial<\/title>\n<meta name=\"description\" content=\"Visita una de las ciudades m\u00e1s bonitas de Alemania durante un tour privado a Dresden desde Berlin. Recogida y devoluci\u00f3n en Berl\u00edn, gu\u00eda oficial en Dresden \u2705\" \/>\n<meta name=\"robots\" content=\"index, follow, max-snippet:-1, max-image-preview:large, max-video-preview:-1\" \/>\n<link rel=\"canonical\" href=\"https:\/\/tourtravelandmore.com\/es\/tours\/alemania-es\/berlin-es\/tour-privado-a-dresden-desde-berlin\/\" \/>\n<meta property=\"og:locale\" content=\"es_ES\" \/>\n<meta property=\"og:type\" content=\"article\" \/>\n<meta property=\"og:title\" content=\"Excursi\u00f3n privada a Dresden\" \/>\n<meta property=\"og:description\" content=\"Visita una de las ciudades m\u00e1s bonitas de Alemania durante un tour privado a Dresden desde Berlin. Recogida y devoluci\u00f3n en Berl\u00edn, gu\u00eda oficial en Dresden \u2705\" \/>\n<meta property=\"og:url\" content=\"https:\/\/tourtravelandmore.com\/es\/tours\/alemania-es\/berlin-es\/tour-privado-a-dresden-desde-berlin\/\" \/>\n<meta property=\"og:site_name\" content=\"Tour Travel And More\" \/>\n<meta property=\"article:publisher\" content=\"https:\/\/www.facebook.com\/tourtravelandmore\/\" \/>\n<meta property=\"article:modified_time\" content=\"2022-04-01T08:53:52+00:00\" \/>\n<meta property=\"og:image\" content=\"https:\/\/tourtravelandmore.com\/wp-content\/uploads\/2017\/04\/dresden_final_cover.jpg\" \/>\n\t<meta property=\"og:image:width\" content=\"1200\" \/>\n\t<meta property=\"og:image:height\" content=\"500\" \/>\n\t<meta property=\"og:image:type\" content=\"image\/jpeg\" \/>\n<meta name=\"twitter:card\" content=\"summary_large_image\" \/>\n<meta name=\"twitter:site\" content=\"@TourTravel_More\" \/>\n<meta name=\"twitter:label1\" content=\"Tiempo de lectura\" \/>\n\t<meta name=\"twitter:data1\" content=\"2 minutos\" \/>\n<script type=\"application\/ld+json\" class=\"yoast-schema-graph\">{\"@context\":\"https:\/\/schema.org\",\"@graph\":[{\"@type\":\"WebPage\",\"@id\":\"https:\/\/tourtravelandmore.com\/es\/tours\/alemania-es\/berlin-es\/tour-privado-a-dresden-desde-berlin\/\",\"url\":\"https:\/\/tourtravelandmore.com\/es\/tours\/alemania-es\/berlin-es\/tour-privado-a-dresden-desde-berlin\/\",\"name\":\"Tour Privado a Dresden desde Berlin con chofer y gu\u00eda oficial\",\"isPartOf\":{\"@id\":\"https:\/\/tourtravelandmore.com\/es\/#website\"},\"primaryImageOfPage\":{\"@id\":\"https:\/\/tourtravelandmore.com\/es\/tours\/alemania-es\/berlin-es\/tour-privado-a-dresden-desde-berlin\/#primaryimage\"},\"image\":{\"@id\":\"https:\/\/tourtravelandmore.com\/es\/tours\/alemania-es\/berlin-es\/tour-privado-a-dresden-desde-berlin\/#primaryimage\"},\"thumbnailUrl\":\"https:\/\/tourtravelandmore.com\/wp-content\/uploads\/2017\/04\/dresden_final_cover.jpg\",\"datePublished\":\"2017-04-04T11:49:01+00:00\",\"dateModified\":\"2022-04-01T08:53:52+00:00\",\"description\":\"Visita una de las ciudades m\u00e1s bonitas de Alemania durante un tour privado a Dresden desde Berlin. Recogida y devoluci\u00f3n en Berl\u00edn, gu\u00eda oficial en Dresden \u2705\",\"breadcrumb\":{\"@id\":\"https:\/\/tourtravelandmore.com\/es\/tours\/alemania-es\/berlin-es\/tour-privado-a-dresden-desde-berlin\/#breadcrumb\"},\"inLanguage\":\"es\",\"potentialAction\":[{\"@type\":\"ReadAction\",\"target\":[\"https:\/\/tourtravelandmore.com\/es\/tours\/alemania-es\/berlin-es\/tour-privado-a-dresden-desde-berlin\/\"]}]},{\"@type\":\"ImageObject\",\"inLanguage\":\"es\",\"@id\":\"https:\/\/tourtravelandmore.com\/es\/tours\/alemania-es\/berlin-es\/tour-privado-a-dresden-desde-berlin\/#primaryimage\",\"url\":\"https:\/\/tourtravelandmore.com\/wp-content\/uploads\/2017\/04\/dresden_final_cover.jpg\",\"contentUrl\":\"https:\/\/tourtravelandmore.com\/wp-content\/uploads\/2017\/04\/dresden_final_cover.jpg\",\"width\":1200,\"height\":500},{\"@type\":\"BreadcrumbList\",\"@id\":\"https:\/\/tourtravelandmore.com\/es\/tours\/alemania-es\/berlin-es\/tour-privado-a-dresden-desde-berlin\/#breadcrumb\",\"itemListElement\":[{\"@type\":\"ListItem\",\"position\":1,\"name\":\"Home\",\"item\":\"https:\/\/tourtravelandmore.com\/es\/\"},{\"@type\":\"ListItem\",\"position\":2,\"name\":\"Tours\",\"item\":\"https:\/\/tourtravelandmore.com\/es\/tours\/\"},{\"@type\":\"ListItem\",\"position\":3,\"name\":\"Excursi\u00f3n privada a Dresden\"}]},{\"@type\":\"WebSite\",\"@id\":\"https:\/\/tourtravelandmore.com\/es\/#website\",\"url\":\"https:\/\/tourtravelandmore.com\/es\/\",\"name\":\"Tour Travel And More\",\"description\":\"Private sightseeing tours and luxury transfers in Spain\",\"publisher\":{\"@id\":\"https:\/\/tourtravelandmore.com\/es\/#organization\"},\"potentialAction\":[{\"@type\":\"SearchAction\",\"target\":{\"@type\":\"EntryPoint\",\"urlTemplate\":\"https:\/\/tourtravelandmore.com\/es\/?s={search_term_string}\"},\"query-input\":{\"@type\":\"PropertyValueSpecification\",\"valueRequired\":true,\"valueName\":\"search_term_string\"}}],\"inLanguage\":\"es\"},{\"@type\":\"Organization\",\"@id\":\"https:\/\/tourtravelandmore.com\/es\/#organization\",\"name\":\"Tour Travel And More\",\"url\":\"https:\/\/tourtravelandmore.com\/es\/\",\"logo\":{\"@type\":\"ImageObject\",\"inLanguage\":\"es\",\"@id\":\"https:\/\/tourtravelandmore.com\/es\/#\/schema\/logo\/image\/\",\"url\":\"https:\/\/tourtravelandmore.com\/wp-content\/uploads\/2022\/12\/cropped-logo-cabecera-new.png\",\"contentUrl\":\"https:\/\/tourtravelandmore.com\/wp-content\/uploads\/2022\/12\/cropped-logo-cabecera-new.png\",\"width\":430,\"height\":61,\"caption\":\"Tour Travel And More\"},\"image\":{\"@id\":\"https:\/\/tourtravelandmore.com\/es\/#\/schema\/logo\/image\/\"},\"sameAs\":[\"https:\/\/www.facebook.com\/tourtravelandmore\/\",\"https:\/\/x.com\/TourTravel_More\"]}]}<\/script>\n<!-- \/ Yoast SEO Premium plugin. -->","yoast_head_json":{"title":"Tour Privado a Dresden desde Berlin con chofer y gu\u00eda oficial","description":"Visita una de las ciudades m\u00e1s bonitas de Alemania durante un tour privado a Dresden desde Berlin. Recogida y devoluci\u00f3n en Berl\u00edn, gu\u00eda oficial en Dresden \u2705","robots":{"index":"index","follow":"follow","max-snippet":"max-snippet:-1","max-image-preview":"max-image-preview:large","max-video-preview":"max-video-preview:-1"},"canonical":"https:\/\/tourtravelandmore.com\/es\/tours\/alemania-es\/berlin-es\/tour-privado-a-dresden-desde-berlin\/","og_locale":"es_ES","og_type":"article","og_title":"Excursi\u00f3n privada a Dresden","og_description":"Visita una de las ciudades m\u00e1s bonitas de Alemania durante un tour privado a Dresden desde Berlin. Recogida y devoluci\u00f3n en Berl\u00edn, gu\u00eda oficial en Dresden \u2705","og_url":"https:\/\/tourtravelandmore.com\/es\/tours\/alemania-es\/berlin-es\/tour-privado-a-dresden-desde-berlin\/","og_site_name":"Tour Travel And More","article_publisher":"https:\/\/www.facebook.com\/tourtravelandmore\/","article_modified_time":"2022-04-01T08:53:52+00:00","og_image":[{"width":1200,"height":500,"url":"https:\/\/tourtravelandmore.com\/wp-content\/uploads\/2017\/04\/dresden_final_cover.jpg","type":"image\/jpeg"}],"twitter_card":"summary_large_image","twitter_site":"@TourTravel_More","twitter_misc":{"Tiempo de lectura":"2 minutos"},"schema":{"@context":"https:\/\/schema.org","@graph":[{"@type":"WebPage","@id":"https:\/\/tourtravelandmore.com\/es\/tours\/alemania-es\/berlin-es\/tour-privado-a-dresden-desde-berlin\/","url":"https:\/\/tourtravelandmore.com\/es\/tours\/alemania-es\/berlin-es\/tour-privado-a-dresden-desde-berlin\/","name":"Tour Privado a Dresden desde Berlin con chofer y gu\u00eda oficial","isPartOf":{"@id":"https:\/\/tourtravelandmore.com\/es\/#website"},"primaryImageOfPage":{"@id":"https:\/\/tourtravelandmore.com\/es\/tours\/alemania-es\/berlin-es\/tour-privado-a-dresden-desde-berlin\/#primaryimage"},"image":{"@id":"https:\/\/tourtravelandmore.com\/es\/tours\/alemania-es\/berlin-es\/tour-privado-a-dresden-desde-berlin\/#primaryimage"},"thumbnailUrl":"https:\/\/tourtravelandmore.com\/wp-content\/uploads\/2017\/04\/dresden_final_cover.jpg","datePublished":"2017-04-04T11:49:01+00:00","dateModified":"2022-04-01T08:53:52+00:00","description":"Visita una de las ciudades m\u00e1s bonitas de Alemania durante un tour privado a Dresden desde Berlin. Recogida y devoluci\u00f3n en Berl\u00edn, gu\u00eda oficial en Dresden \u2705","breadcrumb":{"@id":"https:\/\/tourtravelandmore.com\/es\/tours\/alemania-es\/berlin-es\/tour-privado-a-dresden-desde-berlin\/#breadcrumb"},"inLanguage":"es","potentialAction":[{"@type":"ReadAction","target":["https:\/\/tourtravelandmore.com\/es\/tours\/alemania-es\/berlin-es\/tour-privado-a-dresden-desde-berlin\/"]}]},{"@type":"ImageObject","inLanguage":"es","@id":"https:\/\/tourtravelandmore.com\/es\/tours\/alemania-es\/berlin-es\/tour-privado-a-dresden-desde-berlin\/#primaryimage","url":"https:\/\/tourtravelandmore.com\/wp-content\/uploads\/2017\/04\/dresden_final_cover.jpg","contentUrl":"https:\/\/tourtravelandmore.com\/wp-content\/uploads\/2017\/04\/dresden_final_cover.jpg","width":1200,"height":500},{"@type":"BreadcrumbList","@id":"https:\/\/tourtravelandmore.com\/es\/tours\/alemania-es\/berlin-es\/tour-privado-a-dresden-desde-berlin\/#breadcrumb","itemListElement":[{"@type":"ListItem","position":1,"name":"Home","item":"https:\/\/tourtravelandmore.com\/es\/"},{"@type":"ListItem","position":2,"name":"Tours","item":"https:\/\/tourtravelandmore.com\/es\/tours\/"},{"@type":"ListItem","position":3,"name":"Excursi\u00f3n privada a Dresden"}]},{"@type":"WebSite","@id":"https:\/\/tourtravelandmore.com\/es\/#website","url":"https:\/\/tourtravelandmore.com\/es\/","name":"Tour Travel And More","description":"Private sightseeing tours and luxury transfers in Spain","publisher":{"@id":"https:\/\/tourtravelandmore.com\/es\/#organization"},"potentialAction":[{"@type":"SearchAction","target":{"@type":"EntryPoint","urlTemplate":"https:\/\/tourtravelandmore.com\/es\/?s={search_term_string}"},"query-input":{"@type":"PropertyValueSpecification","valueRequired":true,"valueName":"search_term_string"}}],"inLanguage":"es"},{"@type":"Organization","@id":"https:\/\/tourtravelandmore.com\/es\/#organization","name":"Tour Travel And More","url":"https:\/\/tourtravelandmore.com\/es\/","logo":{"@type":"ImageObject","inLanguage":"es","@id":"https:\/\/tourtravelandmore.com\/es\/#\/schema\/logo\/image\/","url":"https:\/\/tourtravelandmore.com\/wp-content\/uploads\/2022\/12\/cropped-logo-cabecera-new.png","contentUrl":"https:\/\/tourtravelandmore.com\/wp-content\/uploads\/2022\/12\/cropped-logo-cabecera-new.png","width":430,"height":61,"caption":"Tour Travel And More"},"image":{"@id":"https:\/\/tourtravelandmore.com\/es\/#\/schema\/logo\/image\/"},"sameAs":["https:\/\/www.facebook.com\/tourtravelandmore\/","https:\/\/x.com\/TourTravel_More"]}]}},"_links":{"self":[{"href":"https:\/\/tourtravelandmore.com\/es\/wp-json\/wp\/v2\/product\/11596","targetHints":{"allow":["GET"]}}],"collection":[{"href":"https:\/\/tourtravelandmore.com\/es\/wp-json\/wp\/v2\/product"}],"about":[{"href":"https:\/\/tourtravelandmore.com\/es\/wp-json\/wp\/v2\/types\/product"}],"replies":[{"embeddable":true,"href":"https:\/\/tourtravelandmore.com\/es\/wp-json\/wp\/v2\/comments?post=11596"}],"wp:featuredmedia":[{"embeddable":true,"href":"https:\/\/tourtravelandmore.com\/es\/wp-json\/wp\/v2\/media\/11538"}],"wp:attachment":[{"href":"https:\/\/tourtravelandmore.com\/es\/wp-json\/wp\/v2\/media?parent=11596"}],"wp:term":[{"taxonomy":"product_brand","embeddable":true,"href":"https:\/\/tourtravelandmore.com\/es\/wp-json\/wp\/v2\/product_brand?post=11596"},{"taxonomy":"product_cat","embeddable":true,"href":"https:\/\/tourtravelandmore.com\/es\/wp-json\/wp\/v2\/product_cat?post=11596"},{"taxonomy":"product_tag","embeddable":true,"href":"https:\/\/tourtravelandmore.com\/es\/wp-json\/wp\/v2\/product_tag?post=11596"}],"curies":[{"name":"wp","href":"https:\/\/api.w.org\/{rel}","templated":true}]}}