{"id":115936,"date":"2021-12-20T15:40:56","date_gmt":"2021-12-20T14:40:56","guid":{"rendered":"https:\/\/tourtravelandmore.com\/?post_type=product&#038;p=115936"},"modified":"2023-11-03T11:06:59","modified_gmt":"2023-11-03T10:06:59","slug":"tour-de-la-valeta-y-vittoriosa-y-mdina-desde-cualquier-ciudad","status":"publish","type":"product","link":"https:\/\/tourtravelandmore.com\/es\/tours\/malta-es\/valleta-mdina-es\/tour-de-la-valeta-y-vittoriosa-y-mdina-desde-cualquier-ciudad\/","title":{"rendered":"Tour Privado de La Valeta y Vittoriosa y Mdina desde cualquier ciudad"},"content":{"rendered":"<h2><b>Descripci\u00f3n del Tour de La Valeta y Vittoriosa y Mdina desde cualquier ciudad<\/b><\/h2>\n<p><span style=\"font-weight: 400;\">Cada a\u00f1o son millones los turistas que deciden visitar la isla de Malta. Esto se debe\u00a0 a que este archipi\u00e9lago est\u00e1 lleno de cultura, historia y belleza en cada uno de sus rincones.\u00a0<\/span><\/p>\n<p><span style=\"font-weight: 400;\">Nuestro <\/span><b>tour de La Valeta y Vittoriosa y Mdina desde cualquier ciudad,<\/b><span style=\"font-weight: 400;\"> te llevar\u00e1 hasta los monumentos y edificios m\u00e1s atractivos para que admires, entre otras cosas, los vestigios dejados por los romanos y los caballeros que pasaron por estas urbes.\u00a0<\/span><\/p>\n<p><span style=\"font-weight: 400;\">El paseo inicia en el punto acordado, en el cual te buscaremos para ir hasta La Valeta o La Valeta. La cual es conocida como una de las que forma \u201clas tres ciudades\u201d, y que es la actual capital de Malta.\u00a0<\/span><\/p>\n<p><span style=\"font-weight: 400;\">Cada una de sus calles te van a maravillar, puesto que conservan su originalidad como una ciudad fundada por la orden de los caballeros de San Juan en el a\u00f1o 1566.<\/span><\/p>\n<p><span style=\"font-weight: 400;\">Seguimos nuestro tour hasta la imponente Vittoriosa. Esta localidad amurallada con calles color crema es el sitio ideal para que captures unas cuantas fotograf\u00edas cargadas de toda la magia de esta ciudad mar\u00edtima.\u00a0<\/span><\/p>\n<p><span style=\"font-weight: 400;\">Junto con el gu\u00eda, vas a caminar por sus principales monumentos y conocer\u00e1s sus construcciones m\u00e1s emblem\u00e1ticas, como la Iglesia Parroquial de San Lorenzo y los monumentos que representan el asedio de 1565.<\/span><\/p>\n<p><span style=\"font-weight: 400;\">El tour guiado contin\u00faa con el traslado hacia Mdina, otra ciudad amurallada que contiene incre\u00edbles decoraciones arquitect\u00f3nicas como, por ejemplo, el Palazzo Costanzo, un sitio que conserva todo su estilo medieval.\u00a0<\/span><\/p>\n<p><span style=\"font-weight: 400;\">Durante el tour, <\/span><b>ir\u00e1s en compa\u00f1\u00eda de un gu\u00eda privado<\/b><span style=\"font-weight: 400;\"> quien tendr\u00e1 la obligaci\u00f3n de relatarte la historia de cada uno de los sitios que visites. Al finalizar, el coche te llevar\u00e1 hasta el punto acordado, para que recuperes energ\u00edas y puedas seguir con tu paseo por Malta.\u00a0<\/span><\/p>\n<h2><b>Puntos de inter\u00e9s en el Tour Privado de La Valeta y Vittoriosa y Mdina desde cualquier ciudad<\/b><\/h2>\n<p><span style=\"font-weight: 400;\">Este tour est\u00e1 planificado para aprovechar cada minuto del paseo. Por eso inicia en un punto de encuentro de acuerdo a tu conveniencia, para luego trasladarte en un coche privado por los majestuosos lugares de Valeta y Vittoriosa y Mdina:\u00a0<\/span><\/p>\n<h3><span style=\"color: #d3af37;\"><b>La Valeta<\/b><\/span><\/h3>\n<p><span style=\"font-weight: 400;\">La actual capital de Malta es perfecta para que explores el centro hist\u00f3rico. El cual fue declarado patrimonio de la humanidad por la Unesco.\u00a0<\/span><\/p>\n<p><span style=\"font-weight: 400;\">Esta ciudad amurallada fue construida por los caballeros de San Juan en el a\u00f1o 1565 y posee una gran riqueza arquitect\u00f3nica medieval y barroca.\u00a0<\/span><\/p>\n<p><span style=\"font-weight: 400;\">Descubrir\u00e1s muchos lugares interesantes como por ejemplo:\u00a0<\/span><\/p>\n<ul>\n<li><b>La Catedral de San Juan, en cuyo interior est\u00e1n algunas de las obras de Caravaggio.<\/b><\/li>\n<li><b>El Palacio del Gran Maestre que, como lo indica su nombre, era la residencia oficial de los Maestros de los Caballeros de la Orden de Malta.\u00a0<\/b><\/li>\n<li><b>Auberge de Castille, una magn\u00edfica construcci\u00f3n que alberg\u00f3 varias \u00f3rdenes de caballeros medievales.\u00a0<\/b><\/li>\n<li><b>El museo Nacional de Arqueolog\u00eda, y muchos sitios m\u00e1s.\u00a0<\/b><\/li>\n<\/ul>\n<h3><span style=\"color: #d3af37;\"><b>Vittoriosa<\/b><\/span><\/h3>\n<p><span style=\"font-weight: 400;\">Tambi\u00e9n conocida como Birgu, Vittoriosa fue la primera capital de Malta. Durante los a\u00f1os 1530 a 1571, los caballeros de San Juan soportaron el asedio de los otomanos dentro de sus murallas y salieron victoriosos de esa larga contienda.\u00a0<\/span><\/p>\n<p><span style=\"font-weight: 400;\">De ah\u00ed, la gran importancia hist\u00f3rica de esta majestuosa ciudad y el origen de su emblem\u00e1tico nombre.\u00a0<\/span><\/p>\n<p><span style=\"font-weight: 400;\">Uno de sus principales atractivos es el Fuerte San \u00c1ngelo. Tambi\u00e9n en este tour conocer\u00e1s el\u00a0 Palacio del Inquisidor, el cual es una construcci\u00f3n que encierra mucha historia, como la puerta baja para la entrada de los condenados y los grabados en las paredes hechos por los prisioneros.\u00a0<\/span><\/p>\n<h3><span style=\"color: #d3af37;\"><b>Mdina\u00a0<\/b><\/span><\/h3>\n<p><span style=\"font-weight: 400;\">Esta ciudad alberga muchos monumentos hist\u00f3ricos. Adem\u00e1s, sus calles conservan un enigm\u00e1tico estilo medieval, en las cuales, a lo largo y ancho, se sit\u00faan algunas iglesias; as\u00ed como peque\u00f1os palacios de la \u00e9poca que te transportar\u00e1n directo hasta el pasado gracias a la arquitectura que parece detenida en el tiempo.\u00a0<\/span><\/p>\n<p><span style=\"font-weight: 400;\">Dentro de sus principales atractivos est\u00e1n:\u00a0<\/span><\/p>\n<ul>\n<li><b>La Catedral de Mdina.\u00a0<\/b><\/li>\n<li><b>El Convento de las Carmelitas.\u00a0<\/b><\/li>\n<li><b>El Museo de la Catedral.\u00a0<\/b><\/li>\n<li><b>El Palazzo Vilhena.\u00a0<\/b><\/li>\n<li><b>Entre muchos otros sitios de gran inter\u00e9s<\/b><\/li>\n<\/ul>\n<p><span style=\"font-weight: 400;\">Hay muchas cosas para ver y apreciar en La Valeta y Vittoriosa y Mdina. Lo mejor de todo es que estar\u00e1s con un gu\u00eda privado para conocer los detalles m\u00e1s llamativos de los lugares que visites. Por lo cual ser\u00e1 una excursi\u00f3n totalmente personalizada.\u00a0<\/span><\/p>\n<p><span style=\"font-weight: 400;\">No est\u00e1 de m\u00e1s que en tu visita incluyas un <\/span><a href=\"https:\/\/tourtravelandmore.com\/es\/tours\/malta-es\/valleta-mdina-es\/tour-privado-a-gozo-desde-malta\/\"><b>tour a Gozo desde Malta<\/b><\/a><span style=\"font-weight: 400;\">. Esa ser\u00e1 una forma fant\u00e1stica de conocer Gozo y sus paradis\u00edacos paisajes. <\/span><\/p>\n","protected":false},"excerpt":{"rendered":"<p><span style=\"font-weight: 400;\">Disfruta de una gran aventura con el <\/span><b>tour de La Valeta y Vittoriosa y Mdina (8 horas)<\/b> <b>desde cualquier ciudad<\/b><span style=\"font-weight: 400;\">. Conoce cada rinc\u00f3n de las ciudades m\u00e1s emblem\u00e1ticas del archipi\u00e9lago maltes en un viaje con coche privado y gu\u00eda incluido a cada uno de los puntos de inter\u00e9s de La Valeta y Vittoriosa y Mdina.<\/span><\/p>\n","protected":false},"featured_media":115958,"comment_status":"open","ping_status":"closed","template":"","meta":{"_acf_changed":false},"product_brand":[],"product_cat":[1609,1010,1011,1012],"product_tag":[],"class_list":{"0":"post-115936","1":"product","2":"type-product","3":"status-publish","4":"has-post-thumbnail","6":"product_cat-malta-es","7":"product_cat-valleta-mdina-es","8":"product_cat-valleta-mdina-actividades-es","9":"product_cat-valleta-mdina-rutas-turisticas-privadas-es","11":"first","12":"instock","13":"shipping-taxable","14":"purchasable","15":"product-type-simple"},"acf":[],"yoast_head":"<!-- This site is optimized with the Yoast SEO Premium plugin v25.3.1 (Yoast SEO v25.3.1) - https:\/\/yoast.com\/wordpress\/plugins\/seo\/ -->\n<title>Tour de 8 horas de La Valeta y Vittoriosa y Mdina | Tour Travel &amp; More<\/title>\n<meta name=\"description\" content=\"\u00bfQuieres explorar las ciudades m\u00e1s representativas de Malta? En este tour privado de 8 horas en un coche privado con gu\u00eda incluido \u2705\" \/>\n<meta name=\"robots\" content=\"index, follow, max-snippet:-1, max-image-preview:large, max-video-preview:-1\" \/>\n<link rel=\"canonical\" href=\"https:\/\/tourtravelandmore.com\/es\/tours\/malta-es\/valleta-mdina-es\/tour-de-la-valeta-y-vittoriosa-y-mdina-desde-cualquier-ciudad\/\" \/>\n<meta property=\"og:locale\" content=\"es_ES\" \/>\n<meta property=\"og:type\" content=\"article\" \/>\n<meta property=\"og:title\" content=\"Tour Privado de La Valeta y Vittoriosa y Mdina desde cualquier ciudad\" \/>\n<meta property=\"og:description\" content=\"\u00bfQuieres explorar las ciudades m\u00e1s representativas de Malta? En este tour privado de 8 horas en un coche privado con gu\u00eda incluido \u2705\" \/>\n<meta property=\"og:url\" content=\"https:\/\/tourtravelandmore.com\/es\/tours\/malta-es\/valleta-mdina-es\/tour-de-la-valeta-y-vittoriosa-y-mdina-desde-cualquier-ciudad\/\" \/>\n<meta property=\"og:site_name\" content=\"Tour Travel And More\" \/>\n<meta property=\"article:publisher\" content=\"https:\/\/www.facebook.com\/tourtravelandmore\/\" \/>\n<meta property=\"article:modified_time\" content=\"2023-11-03T10:06:59+00:00\" \/>\n<meta property=\"og:image\" content=\"https:\/\/tourtravelandmore.com\/wp-content\/uploads\/2021\/12\/image2-10.jpg\" \/>\n\t<meta property=\"og:image:width\" content=\"910\" \/>\n\t<meta property=\"og:image:height\" content=\"607\" \/>\n\t<meta property=\"og:image:type\" content=\"image\/jpeg\" \/>\n<meta name=\"twitter:card\" content=\"summary_large_image\" \/>\n<meta name=\"twitter:site\" content=\"@TourTravel_More\" \/>\n<meta name=\"twitter:label1\" content=\"Tiempo de lectura\" \/>\n\t<meta name=\"twitter:data1\" content=\"4 minutos\" \/>\n<script type=\"application\/ld+json\" class=\"yoast-schema-graph\">{\"@context\":\"https:\/\/schema.org\",\"@graph\":[{\"@type\":\"WebPage\",\"@id\":\"https:\/\/tourtravelandmore.com\/es\/tours\/malta-es\/valleta-mdina-es\/tour-de-la-valeta-y-vittoriosa-y-mdina-desde-cualquier-ciudad\/\",\"url\":\"https:\/\/tourtravelandmore.com\/es\/tours\/malta-es\/valleta-mdina-es\/tour-de-la-valeta-y-vittoriosa-y-mdina-desde-cualquier-ciudad\/\",\"name\":\"Tour de 8 horas de La Valeta y Vittoriosa y Mdina | Tour Travel & More\",\"isPartOf\":{\"@id\":\"https:\/\/tourtravelandmore.com\/es\/#website\"},\"primaryImageOfPage\":{\"@id\":\"https:\/\/tourtravelandmore.com\/es\/tours\/malta-es\/valleta-mdina-es\/tour-de-la-valeta-y-vittoriosa-y-mdina-desde-cualquier-ciudad\/#primaryimage\"},\"image\":{\"@id\":\"https:\/\/tourtravelandmore.com\/es\/tours\/malta-es\/valleta-mdina-es\/tour-de-la-valeta-y-vittoriosa-y-mdina-desde-cualquier-ciudad\/#primaryimage\"},\"thumbnailUrl\":\"https:\/\/tourtravelandmore.com\/wp-content\/uploads\/2021\/12\/image2-10.jpg\",\"datePublished\":\"2021-12-20T14:40:56+00:00\",\"dateModified\":\"2023-11-03T10:06:59+00:00\",\"description\":\"\u00bfQuieres explorar las ciudades m\u00e1s representativas de Malta? En este tour privado de 8 horas en un coche privado con gu\u00eda incluido \u2705\",\"breadcrumb\":{\"@id\":\"https:\/\/tourtravelandmore.com\/es\/tours\/malta-es\/valleta-mdina-es\/tour-de-la-valeta-y-vittoriosa-y-mdina-desde-cualquier-ciudad\/#breadcrumb\"},\"inLanguage\":\"es\",\"potentialAction\":[{\"@type\":\"ReadAction\",\"target\":[\"https:\/\/tourtravelandmore.com\/es\/tours\/malta-es\/valleta-mdina-es\/tour-de-la-valeta-y-vittoriosa-y-mdina-desde-cualquier-ciudad\/\"]}]},{\"@type\":\"ImageObject\",\"inLanguage\":\"es\",\"@id\":\"https:\/\/tourtravelandmore.com\/es\/tours\/malta-es\/valleta-mdina-es\/tour-de-la-valeta-y-vittoriosa-y-mdina-desde-cualquier-ciudad\/#primaryimage\",\"url\":\"https:\/\/tourtravelandmore.com\/wp-content\/uploads\/2021\/12\/image2-10.jpg\",\"contentUrl\":\"https:\/\/tourtravelandmore.com\/wp-content\/uploads\/2021\/12\/image2-10.jpg\",\"width\":910,\"height\":607},{\"@type\":\"BreadcrumbList\",\"@id\":\"https:\/\/tourtravelandmore.com\/es\/tours\/malta-es\/valleta-mdina-es\/tour-de-la-valeta-y-vittoriosa-y-mdina-desde-cualquier-ciudad\/#breadcrumb\",\"itemListElement\":[{\"@type\":\"ListItem\",\"position\":1,\"name\":\"Home\",\"item\":\"https:\/\/tourtravelandmore.com\/es\/\"},{\"@type\":\"ListItem\",\"position\":2,\"name\":\"Tours\",\"item\":\"https:\/\/tourtravelandmore.com\/es\/tours\/\"},{\"@type\":\"ListItem\",\"position\":3,\"name\":\"Tour Privado de La Valeta y Vittoriosa y Mdina desde cualquier ciudad\"}]},{\"@type\":\"WebSite\",\"@id\":\"https:\/\/tourtravelandmore.com\/es\/#website\",\"url\":\"https:\/\/tourtravelandmore.com\/es\/\",\"name\":\"Tour Travel And More\",\"description\":\"Private sightseeing tours and luxury transfers in Spain\",\"publisher\":{\"@id\":\"https:\/\/tourtravelandmore.com\/es\/#organization\"},\"potentialAction\":[{\"@type\":\"SearchAction\",\"target\":{\"@type\":\"EntryPoint\",\"urlTemplate\":\"https:\/\/tourtravelandmore.com\/es\/?s={search_term_string}\"},\"query-input\":{\"@type\":\"PropertyValueSpecification\",\"valueRequired\":true,\"valueName\":\"search_term_string\"}}],\"inLanguage\":\"es\"},{\"@type\":\"Organization\",\"@id\":\"https:\/\/tourtravelandmore.com\/es\/#organization\",\"name\":\"Tour Travel And More\",\"url\":\"https:\/\/tourtravelandmore.com\/es\/\",\"logo\":{\"@type\":\"ImageObject\",\"inLanguage\":\"es\",\"@id\":\"https:\/\/tourtravelandmore.com\/es\/#\/schema\/logo\/image\/\",\"url\":\"https:\/\/tourtravelandmore.com\/wp-content\/uploads\/2022\/12\/cropped-logo-cabecera-new.png\",\"contentUrl\":\"https:\/\/tourtravelandmore.com\/wp-content\/uploads\/2022\/12\/cropped-logo-cabecera-new.png\",\"width\":430,\"height\":61,\"caption\":\"Tour Travel And More\"},\"image\":{\"@id\":\"https:\/\/tourtravelandmore.com\/es\/#\/schema\/logo\/image\/\"},\"sameAs\":[\"https:\/\/www.facebook.com\/tourtravelandmore\/\",\"https:\/\/x.com\/TourTravel_More\"]}]}<\/script>\n<!-- \/ Yoast SEO Premium plugin. -->","yoast_head_json":{"title":"Tour de 8 horas de La Valeta y Vittoriosa y Mdina | Tour Travel & More","description":"\u00bfQuieres explorar las ciudades m\u00e1s representativas de Malta? En este tour privado de 8 horas en un coche privado con gu\u00eda incluido \u2705","robots":{"index":"index","follow":"follow","max-snippet":"max-snippet:-1","max-image-preview":"max-image-preview:large","max-video-preview":"max-video-preview:-1"},"canonical":"https:\/\/tourtravelandmore.com\/es\/tours\/malta-es\/valleta-mdina-es\/tour-de-la-valeta-y-vittoriosa-y-mdina-desde-cualquier-ciudad\/","og_locale":"es_ES","og_type":"article","og_title":"Tour Privado de La Valeta y Vittoriosa y Mdina desde cualquier ciudad","og_description":"\u00bfQuieres explorar las ciudades m\u00e1s representativas de Malta? En este tour privado de 8 horas en un coche privado con gu\u00eda incluido \u2705","og_url":"https:\/\/tourtravelandmore.com\/es\/tours\/malta-es\/valleta-mdina-es\/tour-de-la-valeta-y-vittoriosa-y-mdina-desde-cualquier-ciudad\/","og_site_name":"Tour Travel And More","article_publisher":"https:\/\/www.facebook.com\/tourtravelandmore\/","article_modified_time":"2023-11-03T10:06:59+00:00","og_image":[{"width":910,"height":607,"url":"https:\/\/tourtravelandmore.com\/wp-content\/uploads\/2021\/12\/image2-10.jpg","type":"image\/jpeg"}],"twitter_card":"summary_large_image","twitter_site":"@TourTravel_More","twitter_misc":{"Tiempo de lectura":"4 minutos"},"schema":{"@context":"https:\/\/schema.org","@graph":[{"@type":"WebPage","@id":"https:\/\/tourtravelandmore.com\/es\/tours\/malta-es\/valleta-mdina-es\/tour-de-la-valeta-y-vittoriosa-y-mdina-desde-cualquier-ciudad\/","url":"https:\/\/tourtravelandmore.com\/es\/tours\/malta-es\/valleta-mdina-es\/tour-de-la-valeta-y-vittoriosa-y-mdina-desde-cualquier-ciudad\/","name":"Tour de 8 horas de La Valeta y Vittoriosa y Mdina | Tour Travel & More","isPartOf":{"@id":"https:\/\/tourtravelandmore.com\/es\/#website"},"primaryImageOfPage":{"@id":"https:\/\/tourtravelandmore.com\/es\/tours\/malta-es\/valleta-mdina-es\/tour-de-la-valeta-y-vittoriosa-y-mdina-desde-cualquier-ciudad\/#primaryimage"},"image":{"@id":"https:\/\/tourtravelandmore.com\/es\/tours\/malta-es\/valleta-mdina-es\/tour-de-la-valeta-y-vittoriosa-y-mdina-desde-cualquier-ciudad\/#primaryimage"},"thumbnailUrl":"https:\/\/tourtravelandmore.com\/wp-content\/uploads\/2021\/12\/image2-10.jpg","datePublished":"2021-12-20T14:40:56+00:00","dateModified":"2023-11-03T10:06:59+00:00","description":"\u00bfQuieres explorar las ciudades m\u00e1s representativas de Malta? En este tour privado de 8 horas en un coche privado con gu\u00eda incluido \u2705","breadcrumb":{"@id":"https:\/\/tourtravelandmore.com\/es\/tours\/malta-es\/valleta-mdina-es\/tour-de-la-valeta-y-vittoriosa-y-mdina-desde-cualquier-ciudad\/#breadcrumb"},"inLanguage":"es","potentialAction":[{"@type":"ReadAction","target":["https:\/\/tourtravelandmore.com\/es\/tours\/malta-es\/valleta-mdina-es\/tour-de-la-valeta-y-vittoriosa-y-mdina-desde-cualquier-ciudad\/"]}]},{"@type":"ImageObject","inLanguage":"es","@id":"https:\/\/tourtravelandmore.com\/es\/tours\/malta-es\/valleta-mdina-es\/tour-de-la-valeta-y-vittoriosa-y-mdina-desde-cualquier-ciudad\/#primaryimage","url":"https:\/\/tourtravelandmore.com\/wp-content\/uploads\/2021\/12\/image2-10.jpg","contentUrl":"https:\/\/tourtravelandmore.com\/wp-content\/uploads\/2021\/12\/image2-10.jpg","width":910,"height":607},{"@type":"BreadcrumbList","@id":"https:\/\/tourtravelandmore.com\/es\/tours\/malta-es\/valleta-mdina-es\/tour-de-la-valeta-y-vittoriosa-y-mdina-desde-cualquier-ciudad\/#breadcrumb","itemListElement":[{"@type":"ListItem","position":1,"name":"Home","item":"https:\/\/tourtravelandmore.com\/es\/"},{"@type":"ListItem","position":2,"name":"Tours","item":"https:\/\/tourtravelandmore.com\/es\/tours\/"},{"@type":"ListItem","position":3,"name":"Tour Privado de La Valeta y Vittoriosa y Mdina desde cualquier ciudad"}]},{"@type":"WebSite","@id":"https:\/\/tourtravelandmore.com\/es\/#website","url":"https:\/\/tourtravelandmore.com\/es\/","name":"Tour Travel And More","description":"Private sightseeing tours and luxury transfers in Spain","publisher":{"@id":"https:\/\/tourtravelandmore.com\/es\/#organization"},"potentialAction":[{"@type":"SearchAction","target":{"@type":"EntryPoint","urlTemplate":"https:\/\/tourtravelandmore.com\/es\/?s={search_term_string}"},"query-input":{"@type":"PropertyValueSpecification","valueRequired":true,"valueName":"search_term_string"}}],"inLanguage":"es"},{"@type":"Organization","@id":"https:\/\/tourtravelandmore.com\/es\/#organization","name":"Tour Travel And More","url":"https:\/\/tourtravelandmore.com\/es\/","logo":{"@type":"ImageObject","inLanguage":"es","@id":"https:\/\/tourtravelandmore.com\/es\/#\/schema\/logo\/image\/","url":"https:\/\/tourtravelandmore.com\/wp-content\/uploads\/2022\/12\/cropped-logo-cabecera-new.png","contentUrl":"https:\/\/tourtravelandmore.com\/wp-content\/uploads\/2022\/12\/cropped-logo-cabecera-new.png","width":430,"height":61,"caption":"Tour Travel And More"},"image":{"@id":"https:\/\/tourtravelandmore.com\/es\/#\/schema\/logo\/image\/"},"sameAs":["https:\/\/www.facebook.com\/tourtravelandmore\/","https:\/\/x.com\/TourTravel_More"]}]}},"_links":{"self":[{"href":"https:\/\/tourtravelandmore.com\/es\/wp-json\/wp\/v2\/product\/115936","targetHints":{"allow":["GET"]}}],"collection":[{"href":"https:\/\/tourtravelandmore.com\/es\/wp-json\/wp\/v2\/product"}],"about":[{"href":"https:\/\/tourtravelandmore.com\/es\/wp-json\/wp\/v2\/types\/product"}],"replies":[{"embeddable":true,"href":"https:\/\/tourtravelandmore.com\/es\/wp-json\/wp\/v2\/comments?post=115936"}],"wp:featuredmedia":[{"embeddable":true,"href":"https:\/\/tourtravelandmore.com\/es\/wp-json\/wp\/v2\/media\/115958"}],"wp:attachment":[{"href":"https:\/\/tourtravelandmore.com\/es\/wp-json\/wp\/v2\/media?parent=115936"}],"wp:term":[{"taxonomy":"product_brand","embeddable":true,"href":"https:\/\/tourtravelandmore.com\/es\/wp-json\/wp\/v2\/product_brand?post=115936"},{"taxonomy":"product_cat","embeddable":true,"href":"https:\/\/tourtravelandmore.com\/es\/wp-json\/wp\/v2\/product_cat?post=115936"},{"taxonomy":"product_tag","embeddable":true,"href":"https:\/\/tourtravelandmore.com\/es\/wp-json\/wp\/v2\/product_tag?post=115936"}],"curies":[{"name":"wp","href":"https:\/\/api.w.org\/{rel}","templated":true}]}}