{"id":11591,"date":"2017-04-04T11:39:37","date_gmt":"2017-04-04T11:42:48","guid":{"rendered":"http:\/\/tourtravelandmore.com\/es\/?post_type=product&#038;p=11591"},"modified":"2022-04-01T10:34:02","modified_gmt":"2022-04-01T08:34:02","slug":"tour-privado-de-berlin","status":"publish","type":"product","link":"https:\/\/tourtravelandmore.com\/es\/tours\/alemania-es\/berlin-es\/tour-privado-de-berlin\/","title":{"rendered":"Tour Privado por la Ciudad de Berl\u00edn"},"content":{"rendered":"<h2><strong>Descripci\u00f3n del Tour Privado por la Ciudad de Berl\u00edn<\/strong><\/h2>\n<p>Disfrute al m\u00e1ximo su visita a Berl\u00edn y disfrute este <strong>tour privado de Berl\u00edn<\/strong> con un gu\u00eda oficial. Conoce los sitios m\u00e1s emblem\u00e1ticos de <strong>Berl\u00edn<\/strong> c\u00f3modo dentro de un veh\u00edculo privado con chofer.<br \/>\nSu chofer y gu\u00eda le recoger\u00e1n en su hotel o sitio deseado en la ciudad para comenzar su tour privado. El horario de comienzo es tambi\u00e9n adaptable a su deseo personal.<br \/>\nDurante su tour privado de Berl\u00edn visitar\u00e1n los sitios hist\u00f3ricos de Berl\u00edn junto a un gu\u00eda licenciado, experto en la historia y cultura de la ciudad. El itinerario final del tour es adaptable a su inter\u00e9s personal. No dude en contactarnos, nuestro equipo le ayudar\u00e1 a coordinar una propuesta a su medida.<\/p>\n<p>La duraci\u00f3n que recomendamos para un tour introductorio de Berl\u00edn es de 4 horas. Por supuesto que el tour puede tener una menor o mayor duraci\u00f3n, eso depende de usted. Todos nuestros gu\u00edas son licenciados por las autoridades de Berl\u00edn, as\u00ed como tambi\u00e9n nuestros veh\u00edculos poseen la licencia requerida para operar en toda Europa.<\/p>\n<h2><strong>Puntos de inter\u00e9s en el Tour Privado por la Ciudad de Berl\u00edn<\/strong><\/h2>\n<p>Luego de que su chofer y gu\u00eda le recojan en su sitio deseado, comenzar\u00e1n su tour privado de Berl\u00edn.\u00a0 Con m\u00e1s de 3,5 millones de habitantes, Berl\u00edn es la capital y ciudad m\u00e1s poblada de Alemania. Durante vuestro tour visitar\u00e1n los sitios m\u00e1s representativos de la ciudad, aprendiendo a su vez la historia de esta. Entre otros sitios visitar\u00e1n:<\/p>\n<ul>\n<li><strong>Puerta de Brandenburgo: Antigua puerta de ingreso a la ciudad, hoy es uno de los s\u00edmbolos Berl\u00edn.<\/strong><\/li>\n<li><strong>Checkpoint Charlie: El antiguo puesto de control fronterizo entre el Este y Oeste de Alemania<\/strong><\/li>\n<li><strong>Muro de Berl\u00edn<\/strong><\/li>\n<li><strong>Kaiser-Wilhelm-Geda\u0308chtniskirche<\/strong><\/li>\n<li><strong>Kurfu\u0308rstendamm<\/strong><\/li>\n<li><strong>Botschaften in der Tiergarten Stra\u00dfe<\/strong><\/li>\n<li><strong>Kultur Forum<\/strong><\/li>\n<li><strong>Plazas de Berl\u00edn: Potsdamer Platz, Alexander Platz, Bebelplatz y Schlossplatz<\/strong><\/li>\n<li><strong>Friedrichstrasse<\/strong><\/li>\n<li><strong>Gendarmenmarkt<\/strong><\/li>\n<li><strong>Konzerthaus Berlin<\/strong><\/li>\n<li><strong>Catedral de Berlin: Construida entre 1894 y 1905, es la edificaci\u00f3n religiosa m\u00e1s emblem\u00e1tica de la ciudad<\/strong><\/li>\n<li><strong><a href=\"https:\/\/www.museumsinsel-berlin.de\/home\/\">Museumsinsel<\/a>: La isla de los museos alberga 5 diferentes museos. Fue declarado por UNESCO como Patrimonio de la humanidad.<\/strong><\/li>\n<li><strong>Unter den Linden<\/strong><\/li>\n<li><strong>Reichstag: El nuevo cintur\u00f3n gubernamental<\/strong><\/li>\n<li><strong>\u00a1Mucho m\u00e1s!<\/strong><\/li>\n<\/ul>\n<p>Este tour privado de Berl\u00edn es ideal para una primera impresi\u00f3n de la ciudad. Durante este aprender\u00e1n la historia y cultura de la ciudad junto a un gu\u00eda local, experto en ella. En caso de que usted conozca Berl\u00edn, su gu\u00eda le ense\u00f1ar\u00e1 los secretos de la ciudad que usted a\u00fan no conozca.<\/p>\n","protected":false},"excerpt":{"rendered":"<p>Descubre la maravillosa historia y cultura de Berl\u00edn junto a un gu\u00eda local experto. Disfruta un<strong> tour privado<\/strong> a medida, c\u00f3modo en un veh\u00edculo privado. Durante su tour privado visitar\u00e1 los sitios m\u00e1s emblem\u00e1ticos y representativos de la ciudad, aprendiendo la historia de la ciudad junto a un gu\u00eda licenciado. El itinerario y duraci\u00f3n del tour son adaptables a su inter\u00e9s personal, cont\u00e1ctenos!<\/p>\n","protected":false},"featured_media":84155,"comment_status":"open","ping_status":"closed","template":"","meta":{"_acf_changed":false},"product_brand":[],"product_cat":[443,444,446],"product_tag":[],"class_list":{"0":"post-11591","1":"product","2":"type-product","3":"status-publish","4":"has-post-thumbnail","6":"product_cat-berlin-es","7":"product_cat-berlin-actividades-es","8":"product_cat-berlin-rutas-turisticas-privadas-es","10":"first","11":"instock","12":"shipping-taxable","13":"purchasable","14":"product-type-simple"},"acf":[],"yoast_head":"<!-- This site is optimized with the Yoast SEO Premium plugin v25.3.1 (Yoast SEO v25.3.1) - https:\/\/yoast.com\/wordpress\/plugins\/seo\/ -->\n<title>Tour Privado de Berlin con chofer y gu\u00eda oficial - Tour Travel and More<\/title>\n<meta name=\"description\" content=\"Disfruta un tour privado de Berlin con gu\u00eda oficial y descubre esta maravillosa ciudad c\u00f3modo dentro de un veh\u00edculo privado con chofer \u2705\" \/>\n<meta name=\"robots\" content=\"index, follow, max-snippet:-1, max-image-preview:large, max-video-preview:-1\" \/>\n<link rel=\"canonical\" href=\"https:\/\/tourtravelandmore.com\/es\/tours\/alemania-es\/berlin-es\/tour-privado-de-berlin\/\" \/>\n<meta property=\"og:locale\" content=\"es_ES\" \/>\n<meta property=\"og:type\" content=\"article\" \/>\n<meta property=\"og:title\" content=\"Tour Privado por la Ciudad de Berl\u00edn\" \/>\n<meta property=\"og:description\" content=\"Disfruta un tour privado de Berlin con gu\u00eda oficial y descubre esta maravillosa ciudad c\u00f3modo dentro de un veh\u00edculo privado con chofer \u2705\" \/>\n<meta property=\"og:url\" content=\"https:\/\/tourtravelandmore.com\/es\/tours\/alemania-es\/berlin-es\/tour-privado-de-berlin\/\" \/>\n<meta property=\"og:site_name\" content=\"Tour Travel And More\" \/>\n<meta property=\"article:publisher\" content=\"https:\/\/www.facebook.com\/tourtravelandmore\/\" \/>\n<meta property=\"article:modified_time\" content=\"2022-04-01T08:34:02+00:00\" \/>\n<meta property=\"og:image\" content=\"https:\/\/tourtravelandmore.com\/wp-content\/uploads\/2017\/04\/berlin-dom-berlin-cathedral-building-capital-architecture-dome-historically-places-of-interest-min.jpg\" \/>\n\t<meta property=\"og:image:width\" content=\"880\" \/>\n\t<meta property=\"og:image:height\" content=\"583\" \/>\n\t<meta property=\"og:image:type\" content=\"image\/jpeg\" \/>\n<meta name=\"twitter:card\" content=\"summary_large_image\" \/>\n<meta name=\"twitter:site\" content=\"@TourTravel_More\" \/>\n<meta name=\"twitter:label1\" content=\"Tiempo de lectura\" \/>\n\t<meta name=\"twitter:data1\" content=\"2 minutos\" \/>\n<script type=\"application\/ld+json\" class=\"yoast-schema-graph\">{\"@context\":\"https:\/\/schema.org\",\"@graph\":[{\"@type\":\"WebPage\",\"@id\":\"https:\/\/tourtravelandmore.com\/es\/tours\/alemania-es\/berlin-es\/tour-privado-de-berlin\/\",\"url\":\"https:\/\/tourtravelandmore.com\/es\/tours\/alemania-es\/berlin-es\/tour-privado-de-berlin\/\",\"name\":\"Tour Privado de Berlin con chofer y gu\u00eda oficial - Tour Travel and More\",\"isPartOf\":{\"@id\":\"https:\/\/tourtravelandmore.com\/es\/#website\"},\"primaryImageOfPage\":{\"@id\":\"https:\/\/tourtravelandmore.com\/es\/tours\/alemania-es\/berlin-es\/tour-privado-de-berlin\/#primaryimage\"},\"image\":{\"@id\":\"https:\/\/tourtravelandmore.com\/es\/tours\/alemania-es\/berlin-es\/tour-privado-de-berlin\/#primaryimage\"},\"thumbnailUrl\":\"https:\/\/tourtravelandmore.com\/wp-content\/uploads\/2017\/04\/berlin-dom-berlin-cathedral-building-capital-architecture-dome-historically-places-of-interest-min.jpg\",\"datePublished\":\"2017-04-04T11:42:48+00:00\",\"dateModified\":\"2022-04-01T08:34:02+00:00\",\"description\":\"Disfruta un tour privado de Berlin con gu\u00eda oficial y descubre esta maravillosa ciudad c\u00f3modo dentro de un veh\u00edculo privado con chofer \u2705\",\"breadcrumb\":{\"@id\":\"https:\/\/tourtravelandmore.com\/es\/tours\/alemania-es\/berlin-es\/tour-privado-de-berlin\/#breadcrumb\"},\"inLanguage\":\"es\",\"potentialAction\":[{\"@type\":\"ReadAction\",\"target\":[\"https:\/\/tourtravelandmore.com\/es\/tours\/alemania-es\/berlin-es\/tour-privado-de-berlin\/\"]}]},{\"@type\":\"ImageObject\",\"inLanguage\":\"es\",\"@id\":\"https:\/\/tourtravelandmore.com\/es\/tours\/alemania-es\/berlin-es\/tour-privado-de-berlin\/#primaryimage\",\"url\":\"https:\/\/tourtravelandmore.com\/wp-content\/uploads\/2017\/04\/berlin-dom-berlin-cathedral-building-capital-architecture-dome-historically-places-of-interest-min.jpg\",\"contentUrl\":\"https:\/\/tourtravelandmore.com\/wp-content\/uploads\/2017\/04\/berlin-dom-berlin-cathedral-building-capital-architecture-dome-historically-places-of-interest-min.jpg\",\"width\":880,\"height\":583,\"caption\":\"Berlin cathedral\"},{\"@type\":\"BreadcrumbList\",\"@id\":\"https:\/\/tourtravelandmore.com\/es\/tours\/alemania-es\/berlin-es\/tour-privado-de-berlin\/#breadcrumb\",\"itemListElement\":[{\"@type\":\"ListItem\",\"position\":1,\"name\":\"Home\",\"item\":\"https:\/\/tourtravelandmore.com\/es\/\"},{\"@type\":\"ListItem\",\"position\":2,\"name\":\"Tours\",\"item\":\"https:\/\/tourtravelandmore.com\/es\/tours\/\"},{\"@type\":\"ListItem\",\"position\":3,\"name\":\"Tour Privado por la Ciudad de Berl\u00edn\"}]},{\"@type\":\"WebSite\",\"@id\":\"https:\/\/tourtravelandmore.com\/es\/#website\",\"url\":\"https:\/\/tourtravelandmore.com\/es\/\",\"name\":\"Tour Travel And More\",\"description\":\"Private sightseeing tours and luxury transfers in Spain\",\"publisher\":{\"@id\":\"https:\/\/tourtravelandmore.com\/es\/#organization\"},\"potentialAction\":[{\"@type\":\"SearchAction\",\"target\":{\"@type\":\"EntryPoint\",\"urlTemplate\":\"https:\/\/tourtravelandmore.com\/es\/?s={search_term_string}\"},\"query-input\":{\"@type\":\"PropertyValueSpecification\",\"valueRequired\":true,\"valueName\":\"search_term_string\"}}],\"inLanguage\":\"es\"},{\"@type\":\"Organization\",\"@id\":\"https:\/\/tourtravelandmore.com\/es\/#organization\",\"name\":\"Tour Travel And More\",\"url\":\"https:\/\/tourtravelandmore.com\/es\/\",\"logo\":{\"@type\":\"ImageObject\",\"inLanguage\":\"es\",\"@id\":\"https:\/\/tourtravelandmore.com\/es\/#\/schema\/logo\/image\/\",\"url\":\"https:\/\/tourtravelandmore.com\/wp-content\/uploads\/2022\/12\/cropped-logo-cabecera-new.png\",\"contentUrl\":\"https:\/\/tourtravelandmore.com\/wp-content\/uploads\/2022\/12\/cropped-logo-cabecera-new.png\",\"width\":430,\"height\":61,\"caption\":\"Tour Travel And More\"},\"image\":{\"@id\":\"https:\/\/tourtravelandmore.com\/es\/#\/schema\/logo\/image\/\"},\"sameAs\":[\"https:\/\/www.facebook.com\/tourtravelandmore\/\",\"https:\/\/x.com\/TourTravel_More\"]}]}<\/script>\n<!-- \/ Yoast SEO Premium plugin. -->","yoast_head_json":{"title":"Tour Privado de Berlin con chofer y gu\u00eda oficial - Tour Travel and More","description":"Disfruta un tour privado de Berlin con gu\u00eda oficial y descubre esta maravillosa ciudad c\u00f3modo dentro de un veh\u00edculo privado con chofer \u2705","robots":{"index":"index","follow":"follow","max-snippet":"max-snippet:-1","max-image-preview":"max-image-preview:large","max-video-preview":"max-video-preview:-1"},"canonical":"https:\/\/tourtravelandmore.com\/es\/tours\/alemania-es\/berlin-es\/tour-privado-de-berlin\/","og_locale":"es_ES","og_type":"article","og_title":"Tour Privado por la Ciudad de Berl\u00edn","og_description":"Disfruta un tour privado de Berlin con gu\u00eda oficial y descubre esta maravillosa ciudad c\u00f3modo dentro de un veh\u00edculo privado con chofer \u2705","og_url":"https:\/\/tourtravelandmore.com\/es\/tours\/alemania-es\/berlin-es\/tour-privado-de-berlin\/","og_site_name":"Tour Travel And More","article_publisher":"https:\/\/www.facebook.com\/tourtravelandmore\/","article_modified_time":"2022-04-01T08:34:02+00:00","og_image":[{"width":880,"height":583,"url":"https:\/\/tourtravelandmore.com\/wp-content\/uploads\/2017\/04\/berlin-dom-berlin-cathedral-building-capital-architecture-dome-historically-places-of-interest-min.jpg","type":"image\/jpeg"}],"twitter_card":"summary_large_image","twitter_site":"@TourTravel_More","twitter_misc":{"Tiempo de lectura":"2 minutos"},"schema":{"@context":"https:\/\/schema.org","@graph":[{"@type":"WebPage","@id":"https:\/\/tourtravelandmore.com\/es\/tours\/alemania-es\/berlin-es\/tour-privado-de-berlin\/","url":"https:\/\/tourtravelandmore.com\/es\/tours\/alemania-es\/berlin-es\/tour-privado-de-berlin\/","name":"Tour Privado de Berlin con chofer y gu\u00eda oficial - Tour Travel and More","isPartOf":{"@id":"https:\/\/tourtravelandmore.com\/es\/#website"},"primaryImageOfPage":{"@id":"https:\/\/tourtravelandmore.com\/es\/tours\/alemania-es\/berlin-es\/tour-privado-de-berlin\/#primaryimage"},"image":{"@id":"https:\/\/tourtravelandmore.com\/es\/tours\/alemania-es\/berlin-es\/tour-privado-de-berlin\/#primaryimage"},"thumbnailUrl":"https:\/\/tourtravelandmore.com\/wp-content\/uploads\/2017\/04\/berlin-dom-berlin-cathedral-building-capital-architecture-dome-historically-places-of-interest-min.jpg","datePublished":"2017-04-04T11:42:48+00:00","dateModified":"2022-04-01T08:34:02+00:00","description":"Disfruta un tour privado de Berlin con gu\u00eda oficial y descubre esta maravillosa ciudad c\u00f3modo dentro de un veh\u00edculo privado con chofer \u2705","breadcrumb":{"@id":"https:\/\/tourtravelandmore.com\/es\/tours\/alemania-es\/berlin-es\/tour-privado-de-berlin\/#breadcrumb"},"inLanguage":"es","potentialAction":[{"@type":"ReadAction","target":["https:\/\/tourtravelandmore.com\/es\/tours\/alemania-es\/berlin-es\/tour-privado-de-berlin\/"]}]},{"@type":"ImageObject","inLanguage":"es","@id":"https:\/\/tourtravelandmore.com\/es\/tours\/alemania-es\/berlin-es\/tour-privado-de-berlin\/#primaryimage","url":"https:\/\/tourtravelandmore.com\/wp-content\/uploads\/2017\/04\/berlin-dom-berlin-cathedral-building-capital-architecture-dome-historically-places-of-interest-min.jpg","contentUrl":"https:\/\/tourtravelandmore.com\/wp-content\/uploads\/2017\/04\/berlin-dom-berlin-cathedral-building-capital-architecture-dome-historically-places-of-interest-min.jpg","width":880,"height":583,"caption":"Berlin cathedral"},{"@type":"BreadcrumbList","@id":"https:\/\/tourtravelandmore.com\/es\/tours\/alemania-es\/berlin-es\/tour-privado-de-berlin\/#breadcrumb","itemListElement":[{"@type":"ListItem","position":1,"name":"Home","item":"https:\/\/tourtravelandmore.com\/es\/"},{"@type":"ListItem","position":2,"name":"Tours","item":"https:\/\/tourtravelandmore.com\/es\/tours\/"},{"@type":"ListItem","position":3,"name":"Tour Privado por la Ciudad de Berl\u00edn"}]},{"@type":"WebSite","@id":"https:\/\/tourtravelandmore.com\/es\/#website","url":"https:\/\/tourtravelandmore.com\/es\/","name":"Tour Travel And More","description":"Private sightseeing tours and luxury transfers in Spain","publisher":{"@id":"https:\/\/tourtravelandmore.com\/es\/#organization"},"potentialAction":[{"@type":"SearchAction","target":{"@type":"EntryPoint","urlTemplate":"https:\/\/tourtravelandmore.com\/es\/?s={search_term_string}"},"query-input":{"@type":"PropertyValueSpecification","valueRequired":true,"valueName":"search_term_string"}}],"inLanguage":"es"},{"@type":"Organization","@id":"https:\/\/tourtravelandmore.com\/es\/#organization","name":"Tour Travel And More","url":"https:\/\/tourtravelandmore.com\/es\/","logo":{"@type":"ImageObject","inLanguage":"es","@id":"https:\/\/tourtravelandmore.com\/es\/#\/schema\/logo\/image\/","url":"https:\/\/tourtravelandmore.com\/wp-content\/uploads\/2022\/12\/cropped-logo-cabecera-new.png","contentUrl":"https:\/\/tourtravelandmore.com\/wp-content\/uploads\/2022\/12\/cropped-logo-cabecera-new.png","width":430,"height":61,"caption":"Tour Travel And More"},"image":{"@id":"https:\/\/tourtravelandmore.com\/es\/#\/schema\/logo\/image\/"},"sameAs":["https:\/\/www.facebook.com\/tourtravelandmore\/","https:\/\/x.com\/TourTravel_More"]}]}},"_links":{"self":[{"href":"https:\/\/tourtravelandmore.com\/es\/wp-json\/wp\/v2\/product\/11591","targetHints":{"allow":["GET"]}}],"collection":[{"href":"https:\/\/tourtravelandmore.com\/es\/wp-json\/wp\/v2\/product"}],"about":[{"href":"https:\/\/tourtravelandmore.com\/es\/wp-json\/wp\/v2\/types\/product"}],"replies":[{"embeddable":true,"href":"https:\/\/tourtravelandmore.com\/es\/wp-json\/wp\/v2\/comments?post=11591"}],"wp:featuredmedia":[{"embeddable":true,"href":"https:\/\/tourtravelandmore.com\/es\/wp-json\/wp\/v2\/media\/84155"}],"wp:attachment":[{"href":"https:\/\/tourtravelandmore.com\/es\/wp-json\/wp\/v2\/media?parent=11591"}],"wp:term":[{"taxonomy":"product_brand","embeddable":true,"href":"https:\/\/tourtravelandmore.com\/es\/wp-json\/wp\/v2\/product_brand?post=11591"},{"taxonomy":"product_cat","embeddable":true,"href":"https:\/\/tourtravelandmore.com\/es\/wp-json\/wp\/v2\/product_cat?post=11591"},{"taxonomy":"product_tag","embeddable":true,"href":"https:\/\/tourtravelandmore.com\/es\/wp-json\/wp\/v2\/product_tag?post=11591"}],"curies":[{"name":"wp","href":"https:\/\/api.w.org\/{rel}","templated":true}]}}