{"id":115892,"date":"2021-12-20T15:15:49","date_gmt":"2021-12-20T14:15:52","guid":{"rendered":"https:\/\/tourtravelandmore.com\/?post_type=product&#038;p=115892"},"modified":"2023-11-03T11:22:09","modified_gmt":"2023-11-03T10:22:09","slug":"visita-privada-a-los-templos-de-hagar-quim-y-la-gruta-azul-desde-cualquier-ciudad","status":"publish","type":"product","link":"https:\/\/tourtravelandmore.com\/es\/tours\/malta-es\/valleta-mdina-es\/visita-privada-a-los-templos-de-hagar-quim-y-la-gruta-azul-desde-cualquier-ciudad\/","title":{"rendered":"Visita Privada a Los templos de Hagar Quim y la Gruta Azul Desde Cualquier Ciudad"},"content":{"rendered":"<h2><b>Descripci\u00f3n de la Visita privada a los templos de Hagar Quim y la Gruta Azul desde cualquier ciudad<\/b><\/h2>\n<p><span style=\"font-weight: 400;\">Malta es un archipi\u00e9lago que impresiona por todos los costados. En cada una de sus islas hay mucho por ver y conocer. Adem\u00e1s, es un lugar con un espl\u00e9ndido clima y una belleza natural e hist\u00f3rica inigualable.\u00a0<\/span><\/p>\n<p><span style=\"font-weight: 400;\">En esta<\/span><b> visita privada a los templos de Hagar Quim y la Gruta Azul desde cualquier ciudad,<\/b><span style=\"font-weight: 400;\"> vas a explorar uno de los templos hist\u00f3ricos declarado patrimonio de la humanidad por la Unesco, por ser una de las primeras construcciones hechas por las civilizaciones humanas.\u00a0<\/span><\/p>\n<p><span style=\"font-weight: 400;\">Tambi\u00e9n, conocer\u00e1s una gruta natural de inigualable belleza, la cual ha sido creada por la erosi\u00f3n de las olas del mar y que se ha convertido en un gran atractivo tur\u00edstico de toda Europa.\u00a0<\/span><\/p>\n<p><span style=\"font-weight: 400;\">Es una visita exclusiva y personalizada que <\/span><b>incluye traslado en un confortable coche privado y la compa\u00f1\u00eda de un gu\u00eda <\/b><span style=\"font-weight: 400;\">experto en arte e historia, el cual te describir\u00e1 toda la informaci\u00f3n necesaria para no perder detalles de la excursi\u00f3n.\u00a0<\/span><\/p>\n<p><span style=\"font-weight: 400;\">Descubrir\u00e1s el imponente templo Hagar Quim, cuya construcci\u00f3n tiene m\u00e1s de 5000 a\u00f1os y que\u00a0 es una construcci\u00f3n megal\u00edtica que se encuentra al sur de Malta.\u00a0<\/span><\/p>\n<p><span style=\"font-weight: 400;\">Despu\u00e9s, conocer\u00e1s la Gruta Azul o Blue Grotto, un destino tur\u00edstico que atrae a millones de personas cada a\u00f1o. Esta obra natural esconde varias piscinas naturales en su interior, en las cuales el agua se muestra iluminada, formando un majestuoso color \u00e1mbar azul. De ah\u00ed, deriva su emblem\u00e1tico nombre.\u00a0<\/span><\/p>\n<p><span style=\"font-weight: 400;\">Al terminar el <\/span><b>tour de 8 horas<\/b><span style=\"font-weight: 400;\">, te dejaremos en el sitio que nos indiques. Indudablemente, este paseo te relajar\u00e1 y te dar\u00e1 la oportunidad de tomar las fotos m\u00e1s impresionantes de tu viaje por Malta.\u00a0<\/span><\/p>\n<h2><b>Puntos de Inter\u00e9s en la Visita\u00a0Privada a Los templos de Hagar Quim y la Gruta Azul Desde Cualquier Ciudad<\/b><\/h2>\n<p><span style=\"font-weight: 400;\">Vive una espl\u00e9ndida visita privada a Hagar Quim y a la Gruta Azul. Al\u00e9jate de la ciudad por 8 horas y esc\u00e1pate a los paradis\u00edacos paisajes de Malta.\u00a0<\/span><\/p>\n<p><span style=\"font-weight: 400;\">Tambi\u00e9n, aprovecha para admirar de cerca los inicios de las civilizaciones humanas en un tour privado y personalizado que te llevar\u00e1 a los principales puntos de inter\u00e9s de Hagar Quim y la Gruta Azul.\u00a0<\/span><\/p>\n<h3><span style=\"color: #d3af37;\"><b>Templo Hagar Quim<\/b><\/span><\/h3>\n<p><span style=\"font-weight: 400;\">Sobre una colina, ubicado a pocos metros del mar, ver\u00e1s el majestuoso complejo de templos Hagar Quim.\u00a0<\/span><\/p>\n<p><span style=\"font-weight: 400;\">Es una construcci\u00f3n realizada por las civilizaciones del neol\u00edtico entre los a\u00f1os 3600 a 3200 antes de Cristo.\u00a0<\/span><\/p>\n<p><span style=\"font-weight: 400;\">Cada uno de sus espacios cuenta una historia particular. <\/span><b>En su estructura se encuentra el monolito m\u00e1s grande de Malta<\/b><span style=\"font-weight: 400;\">, el cual pesa unas 57 toneladas y alcanza los 5.2 metros de longitud.\u00a0<\/span><\/p>\n<p><span style=\"font-weight: 400;\">Explorar\u00e1s la gruta en la cual se encontraron una serie de esculturas de mujeres grandes, que hoy en d\u00eda se exhiben en el museo de La Valeta. Se cree que este complejo estaba destinado a adorar a la diosa de la fertilidad.\u00a0<\/span><\/p>\n<p><span style=\"font-weight: 400;\">Pero lo m\u00e1s llamativo de Hagar Quim, es el hueco el\u00edptico que refleja la luz del sol \u00fanicamente durante el solsticio de verano.\u00a0<\/span><\/p>\n<p><span style=\"font-weight: 400;\">Igualmente, las <\/span><b>impactantes vistas de los acantilados<\/b><span style=\"font-weight: 400;\"> y el mar ser\u00e1n suficientes para maravillarte en este paseo privado.\u00a0<\/span><\/p>\n<h3><span style=\"color: #d3af37;\"><b>La Gruta Azul<\/b><\/span><\/h3>\n<p><span style=\"font-weight: 400;\">Lo m\u00e1s conocido de la Gruta Azul son sus aguas cristalinas que reflejan la luz solar de una forma tenue y m\u00e1gica.\u00a0<\/span><\/p>\n<p><span style=\"font-weight: 400;\">Se trata de <\/span><b>una cadena de acantilados<\/b><span style=\"font-weight: 400;\"> que esconden distintas grutas marinas excavadas por la misma naturaleza.\u00a0<\/span><\/p>\n<p><span style=\"font-weight: 400;\">A su alrededor ver\u00e1s las llamadas <\/span><i><span style=\"font-weight: 400;\">dghajsa,<\/span><\/i><span style=\"font-weight: 400;\"> unas g\u00f3ndolas muy pintorescas que se encargan de llevar a los turistas cerca de las grutas. Eso s\u00ed, siempre que el clima lo permita.\u00a0<\/span><\/p>\n<p><span style=\"font-weight: 400;\">Adem\u00e1s, la zona alberga los restos de un naufragio que se han convertido en un destino de buceo muy llamativo.\u00a0<\/span><\/p>\n<p><span style=\"font-weight: 400;\">Disfruta de todo esto y mucho m\u00e1s en esta visita privada a Hagar Quim y la Gruta Azul.\u00a0<\/span><\/p>\n<p><span style=\"font-weight: 400;\">Para tu mayor comodidad, al culminar la excursi\u00f3n te llevaremos hasta el sitio acordado en el coche privado.\u00a0<\/span><\/p>\n<p><span style=\"font-weight: 400;\">No est\u00e1 de m\u00e1s que incluyas en tu itinerario por Malta una <\/span><b><a href=\"https:\/\/tourtravelandmore.com\/es\/tours\/malta-es\/valleta-mdina-es\/tour-privado-a-pie-a-mdina-y-rabat\/\">visita a pie a Mdina y Rabat<\/a>,<\/b><span style=\"font-weight: 400;\"> para que te adentres a\u00fan m\u00e1s en toda la cultura maltesa.\u00a0<\/span><\/p>\n","protected":false},"excerpt":{"rendered":"<p><span style=\"font-weight: 400;\">Aprovecha tu viaje a Malta para conocer algunos de los templos m\u00e1s antiguos del mundo y una espl\u00e9ndida formaci\u00f3n rocosa natural, con nuestra <\/span><b>visita privada a los templos de Hagar Quim y la Gruta Azul desde cualquier ciudad. <\/b><span style=\"font-weight: 400;\">Ser\u00e1n 8 horas incre\u00edbles<\/span> <span style=\"font-weight: 400;\">para que explores<\/span> <span style=\"font-weight: 400;\">los templos construidos en el neol\u00edtico y las impresionantes grutas marinas de la isla. Adem\u00e1s, todo el paseo ser\u00e1 en un coche privado con un gu\u00eda que te dar\u00e1 todos los detalles que necesitas. <\/span><\/p>\n","protected":false},"featured_media":115920,"comment_status":"open","ping_status":"closed","template":"","meta":{"_acf_changed":false},"product_brand":[],"product_cat":[1609,1010,1011,1012],"product_tag":[],"class_list":{"0":"post-115892","1":"product","2":"type-product","3":"status-publish","4":"has-post-thumbnail","6":"product_cat-malta-es","7":"product_cat-valleta-mdina-es","8":"product_cat-valleta-mdina-actividades-es","9":"product_cat-valleta-mdina-rutas-turisticas-privadas-es","11":"first","12":"instock","13":"shipping-taxable","14":"purchasable","15":"product-type-simple"},"acf":[],"yoast_head":"<!-- This site is optimized with the Yoast SEO Premium plugin v25.3.1 (Yoast SEO v25.3.1) - https:\/\/yoast.com\/wordpress\/plugins\/seo\/ -->\n<title>Visita privada a Hagar Quim y la Gruta Azul desde cualquier ciudad | Tour Travel &amp; More<\/title>\n<meta name=\"description\" content=\"Un paseo hist\u00f3rico y relajante por Hagar Quim y la Gruta Azul para que explores algunos de los primeros templos de la humanidad y una gruta esculpida por las olas del mar.\" \/>\n<meta name=\"robots\" content=\"index, follow, max-snippet:-1, max-image-preview:large, max-video-preview:-1\" \/>\n<link rel=\"canonical\" href=\"https:\/\/tourtravelandmore.com\/es\/tours\/malta-es\/valleta-mdina-es\/visita-privada-a-los-templos-de-hagar-quim-y-la-gruta-azul-desde-cualquier-ciudad\/\" \/>\n<meta property=\"og:locale\" content=\"es_ES\" \/>\n<meta property=\"og:type\" content=\"article\" \/>\n<meta property=\"og:title\" content=\"Visita Privada a Los templos de Hagar Quim y la Gruta Azul Desde Cualquier Ciudad\" \/>\n<meta property=\"og:description\" content=\"Un paseo hist\u00f3rico y relajante por Hagar Quim y la Gruta Azul para que explores algunos de los primeros templos de la humanidad y una gruta esculpida por las olas del mar.\" \/>\n<meta property=\"og:url\" content=\"https:\/\/tourtravelandmore.com\/es\/tours\/malta-es\/valleta-mdina-es\/visita-privada-a-los-templos-de-hagar-quim-y-la-gruta-azul-desde-cualquier-ciudad\/\" \/>\n<meta property=\"og:site_name\" content=\"Tour Travel And More\" \/>\n<meta property=\"article:publisher\" content=\"https:\/\/www.facebook.com\/tourtravelandmore\/\" \/>\n<meta property=\"article:modified_time\" content=\"2023-11-03T10:22:09+00:00\" \/>\n<meta property=\"og:image\" content=\"https:\/\/tourtravelandmore.com\/wp-content\/uploads\/2021\/12\/image6-3.jpg\" \/>\n\t<meta property=\"og:image:width\" content=\"873\" \/>\n\t<meta property=\"og:image:height\" content=\"489\" \/>\n\t<meta property=\"og:image:type\" content=\"image\/jpeg\" \/>\n<meta name=\"twitter:card\" content=\"summary_large_image\" \/>\n<meta name=\"twitter:site\" content=\"@TourTravel_More\" \/>\n<meta name=\"twitter:label1\" content=\"Tiempo de lectura\" \/>\n\t<meta name=\"twitter:data1\" content=\"4 minutos\" \/>\n<script type=\"application\/ld+json\" class=\"yoast-schema-graph\">{\"@context\":\"https:\/\/schema.org\",\"@graph\":[{\"@type\":\"WebPage\",\"@id\":\"https:\/\/tourtravelandmore.com\/es\/tours\/malta-es\/valleta-mdina-es\/visita-privada-a-los-templos-de-hagar-quim-y-la-gruta-azul-desde-cualquier-ciudad\/\",\"url\":\"https:\/\/tourtravelandmore.com\/es\/tours\/malta-es\/valleta-mdina-es\/visita-privada-a-los-templos-de-hagar-quim-y-la-gruta-azul-desde-cualquier-ciudad\/\",\"name\":\"Visita privada a Hagar Quim y la Gruta Azul desde cualquier ciudad | Tour Travel & More\",\"isPartOf\":{\"@id\":\"https:\/\/tourtravelandmore.com\/es\/#website\"},\"primaryImageOfPage\":{\"@id\":\"https:\/\/tourtravelandmore.com\/es\/tours\/malta-es\/valleta-mdina-es\/visita-privada-a-los-templos-de-hagar-quim-y-la-gruta-azul-desde-cualquier-ciudad\/#primaryimage\"},\"image\":{\"@id\":\"https:\/\/tourtravelandmore.com\/es\/tours\/malta-es\/valleta-mdina-es\/visita-privada-a-los-templos-de-hagar-quim-y-la-gruta-azul-desde-cualquier-ciudad\/#primaryimage\"},\"thumbnailUrl\":\"https:\/\/tourtravelandmore.com\/wp-content\/uploads\/2021\/12\/image6-3.jpg\",\"datePublished\":\"2021-12-20T14:15:52+00:00\",\"dateModified\":\"2023-11-03T10:22:09+00:00\",\"description\":\"Un paseo hist\u00f3rico y relajante por Hagar Quim y la Gruta Azul para que explores algunos de los primeros templos de la humanidad y una gruta esculpida por las olas del mar.\",\"breadcrumb\":{\"@id\":\"https:\/\/tourtravelandmore.com\/es\/tours\/malta-es\/valleta-mdina-es\/visita-privada-a-los-templos-de-hagar-quim-y-la-gruta-azul-desde-cualquier-ciudad\/#breadcrumb\"},\"inLanguage\":\"es\",\"potentialAction\":[{\"@type\":\"ReadAction\",\"target\":[\"https:\/\/tourtravelandmore.com\/es\/tours\/malta-es\/valleta-mdina-es\/visita-privada-a-los-templos-de-hagar-quim-y-la-gruta-azul-desde-cualquier-ciudad\/\"]}]},{\"@type\":\"ImageObject\",\"inLanguage\":\"es\",\"@id\":\"https:\/\/tourtravelandmore.com\/es\/tours\/malta-es\/valleta-mdina-es\/visita-privada-a-los-templos-de-hagar-quim-y-la-gruta-azul-desde-cualquier-ciudad\/#primaryimage\",\"url\":\"https:\/\/tourtravelandmore.com\/wp-content\/uploads\/2021\/12\/image6-3.jpg\",\"contentUrl\":\"https:\/\/tourtravelandmore.com\/wp-content\/uploads\/2021\/12\/image6-3.jpg\",\"width\":873,\"height\":489},{\"@type\":\"BreadcrumbList\",\"@id\":\"https:\/\/tourtravelandmore.com\/es\/tours\/malta-es\/valleta-mdina-es\/visita-privada-a-los-templos-de-hagar-quim-y-la-gruta-azul-desde-cualquier-ciudad\/#breadcrumb\",\"itemListElement\":[{\"@type\":\"ListItem\",\"position\":1,\"name\":\"Home\",\"item\":\"https:\/\/tourtravelandmore.com\/es\/\"},{\"@type\":\"ListItem\",\"position\":2,\"name\":\"Tours\",\"item\":\"https:\/\/tourtravelandmore.com\/es\/tours\/\"},{\"@type\":\"ListItem\",\"position\":3,\"name\":\"Visita Privada a Los templos de Hagar Quim y la Gruta Azul Desde Cualquier Ciudad\"}]},{\"@type\":\"WebSite\",\"@id\":\"https:\/\/tourtravelandmore.com\/es\/#website\",\"url\":\"https:\/\/tourtravelandmore.com\/es\/\",\"name\":\"Tour Travel And More\",\"description\":\"Private sightseeing tours and luxury transfers in Spain\",\"publisher\":{\"@id\":\"https:\/\/tourtravelandmore.com\/es\/#organization\"},\"potentialAction\":[{\"@type\":\"SearchAction\",\"target\":{\"@type\":\"EntryPoint\",\"urlTemplate\":\"https:\/\/tourtravelandmore.com\/es\/?s={search_term_string}\"},\"query-input\":{\"@type\":\"PropertyValueSpecification\",\"valueRequired\":true,\"valueName\":\"search_term_string\"}}],\"inLanguage\":\"es\"},{\"@type\":\"Organization\",\"@id\":\"https:\/\/tourtravelandmore.com\/es\/#organization\",\"name\":\"Tour Travel And More\",\"url\":\"https:\/\/tourtravelandmore.com\/es\/\",\"logo\":{\"@type\":\"ImageObject\",\"inLanguage\":\"es\",\"@id\":\"https:\/\/tourtravelandmore.com\/es\/#\/schema\/logo\/image\/\",\"url\":\"https:\/\/tourtravelandmore.com\/wp-content\/uploads\/2022\/12\/cropped-logo-cabecera-new.png\",\"contentUrl\":\"https:\/\/tourtravelandmore.com\/wp-content\/uploads\/2022\/12\/cropped-logo-cabecera-new.png\",\"width\":430,\"height\":61,\"caption\":\"Tour Travel And More\"},\"image\":{\"@id\":\"https:\/\/tourtravelandmore.com\/es\/#\/schema\/logo\/image\/\"},\"sameAs\":[\"https:\/\/www.facebook.com\/tourtravelandmore\/\",\"https:\/\/x.com\/TourTravel_More\"]}]}<\/script>\n<!-- \/ Yoast SEO Premium plugin. -->","yoast_head_json":{"title":"Visita privada a Hagar Quim y la Gruta Azul desde cualquier ciudad | Tour Travel & More","description":"Un paseo hist\u00f3rico y relajante por Hagar Quim y la Gruta Azul para que explores algunos de los primeros templos de la humanidad y una gruta esculpida por las olas del mar.","robots":{"index":"index","follow":"follow","max-snippet":"max-snippet:-1","max-image-preview":"max-image-preview:large","max-video-preview":"max-video-preview:-1"},"canonical":"https:\/\/tourtravelandmore.com\/es\/tours\/malta-es\/valleta-mdina-es\/visita-privada-a-los-templos-de-hagar-quim-y-la-gruta-azul-desde-cualquier-ciudad\/","og_locale":"es_ES","og_type":"article","og_title":"Visita Privada a Los templos de Hagar Quim y la Gruta Azul Desde Cualquier Ciudad","og_description":"Un paseo hist\u00f3rico y relajante por Hagar Quim y la Gruta Azul para que explores algunos de los primeros templos de la humanidad y una gruta esculpida por las olas del mar.","og_url":"https:\/\/tourtravelandmore.com\/es\/tours\/malta-es\/valleta-mdina-es\/visita-privada-a-los-templos-de-hagar-quim-y-la-gruta-azul-desde-cualquier-ciudad\/","og_site_name":"Tour Travel And More","article_publisher":"https:\/\/www.facebook.com\/tourtravelandmore\/","article_modified_time":"2023-11-03T10:22:09+00:00","og_image":[{"width":873,"height":489,"url":"https:\/\/tourtravelandmore.com\/wp-content\/uploads\/2021\/12\/image6-3.jpg","type":"image\/jpeg"}],"twitter_card":"summary_large_image","twitter_site":"@TourTravel_More","twitter_misc":{"Tiempo de lectura":"4 minutos"},"schema":{"@context":"https:\/\/schema.org","@graph":[{"@type":"WebPage","@id":"https:\/\/tourtravelandmore.com\/es\/tours\/malta-es\/valleta-mdina-es\/visita-privada-a-los-templos-de-hagar-quim-y-la-gruta-azul-desde-cualquier-ciudad\/","url":"https:\/\/tourtravelandmore.com\/es\/tours\/malta-es\/valleta-mdina-es\/visita-privada-a-los-templos-de-hagar-quim-y-la-gruta-azul-desde-cualquier-ciudad\/","name":"Visita privada a Hagar Quim y la Gruta Azul desde cualquier ciudad | Tour Travel & More","isPartOf":{"@id":"https:\/\/tourtravelandmore.com\/es\/#website"},"primaryImageOfPage":{"@id":"https:\/\/tourtravelandmore.com\/es\/tours\/malta-es\/valleta-mdina-es\/visita-privada-a-los-templos-de-hagar-quim-y-la-gruta-azul-desde-cualquier-ciudad\/#primaryimage"},"image":{"@id":"https:\/\/tourtravelandmore.com\/es\/tours\/malta-es\/valleta-mdina-es\/visita-privada-a-los-templos-de-hagar-quim-y-la-gruta-azul-desde-cualquier-ciudad\/#primaryimage"},"thumbnailUrl":"https:\/\/tourtravelandmore.com\/wp-content\/uploads\/2021\/12\/image6-3.jpg","datePublished":"2021-12-20T14:15:52+00:00","dateModified":"2023-11-03T10:22:09+00:00","description":"Un paseo hist\u00f3rico y relajante por Hagar Quim y la Gruta Azul para que explores algunos de los primeros templos de la humanidad y una gruta esculpida por las olas del mar.","breadcrumb":{"@id":"https:\/\/tourtravelandmore.com\/es\/tours\/malta-es\/valleta-mdina-es\/visita-privada-a-los-templos-de-hagar-quim-y-la-gruta-azul-desde-cualquier-ciudad\/#breadcrumb"},"inLanguage":"es","potentialAction":[{"@type":"ReadAction","target":["https:\/\/tourtravelandmore.com\/es\/tours\/malta-es\/valleta-mdina-es\/visita-privada-a-los-templos-de-hagar-quim-y-la-gruta-azul-desde-cualquier-ciudad\/"]}]},{"@type":"ImageObject","inLanguage":"es","@id":"https:\/\/tourtravelandmore.com\/es\/tours\/malta-es\/valleta-mdina-es\/visita-privada-a-los-templos-de-hagar-quim-y-la-gruta-azul-desde-cualquier-ciudad\/#primaryimage","url":"https:\/\/tourtravelandmore.com\/wp-content\/uploads\/2021\/12\/image6-3.jpg","contentUrl":"https:\/\/tourtravelandmore.com\/wp-content\/uploads\/2021\/12\/image6-3.jpg","width":873,"height":489},{"@type":"BreadcrumbList","@id":"https:\/\/tourtravelandmore.com\/es\/tours\/malta-es\/valleta-mdina-es\/visita-privada-a-los-templos-de-hagar-quim-y-la-gruta-azul-desde-cualquier-ciudad\/#breadcrumb","itemListElement":[{"@type":"ListItem","position":1,"name":"Home","item":"https:\/\/tourtravelandmore.com\/es\/"},{"@type":"ListItem","position":2,"name":"Tours","item":"https:\/\/tourtravelandmore.com\/es\/tours\/"},{"@type":"ListItem","position":3,"name":"Visita Privada a Los templos de Hagar Quim y la Gruta Azul Desde Cualquier Ciudad"}]},{"@type":"WebSite","@id":"https:\/\/tourtravelandmore.com\/es\/#website","url":"https:\/\/tourtravelandmore.com\/es\/","name":"Tour Travel And More","description":"Private sightseeing tours and luxury transfers in Spain","publisher":{"@id":"https:\/\/tourtravelandmore.com\/es\/#organization"},"potentialAction":[{"@type":"SearchAction","target":{"@type":"EntryPoint","urlTemplate":"https:\/\/tourtravelandmore.com\/es\/?s={search_term_string}"},"query-input":{"@type":"PropertyValueSpecification","valueRequired":true,"valueName":"search_term_string"}}],"inLanguage":"es"},{"@type":"Organization","@id":"https:\/\/tourtravelandmore.com\/es\/#organization","name":"Tour Travel And More","url":"https:\/\/tourtravelandmore.com\/es\/","logo":{"@type":"ImageObject","inLanguage":"es","@id":"https:\/\/tourtravelandmore.com\/es\/#\/schema\/logo\/image\/","url":"https:\/\/tourtravelandmore.com\/wp-content\/uploads\/2022\/12\/cropped-logo-cabecera-new.png","contentUrl":"https:\/\/tourtravelandmore.com\/wp-content\/uploads\/2022\/12\/cropped-logo-cabecera-new.png","width":430,"height":61,"caption":"Tour Travel And More"},"image":{"@id":"https:\/\/tourtravelandmore.com\/es\/#\/schema\/logo\/image\/"},"sameAs":["https:\/\/www.facebook.com\/tourtravelandmore\/","https:\/\/x.com\/TourTravel_More"]}]}},"_links":{"self":[{"href":"https:\/\/tourtravelandmore.com\/es\/wp-json\/wp\/v2\/product\/115892","targetHints":{"allow":["GET"]}}],"collection":[{"href":"https:\/\/tourtravelandmore.com\/es\/wp-json\/wp\/v2\/product"}],"about":[{"href":"https:\/\/tourtravelandmore.com\/es\/wp-json\/wp\/v2\/types\/product"}],"replies":[{"embeddable":true,"href":"https:\/\/tourtravelandmore.com\/es\/wp-json\/wp\/v2\/comments?post=115892"}],"wp:featuredmedia":[{"embeddable":true,"href":"https:\/\/tourtravelandmore.com\/es\/wp-json\/wp\/v2\/media\/115920"}],"wp:attachment":[{"href":"https:\/\/tourtravelandmore.com\/es\/wp-json\/wp\/v2\/media?parent=115892"}],"wp:term":[{"taxonomy":"product_brand","embeddable":true,"href":"https:\/\/tourtravelandmore.com\/es\/wp-json\/wp\/v2\/product_brand?post=115892"},{"taxonomy":"product_cat","embeddable":true,"href":"https:\/\/tourtravelandmore.com\/es\/wp-json\/wp\/v2\/product_cat?post=115892"},{"taxonomy":"product_tag","embeddable":true,"href":"https:\/\/tourtravelandmore.com\/es\/wp-json\/wp\/v2\/product_tag?post=115892"}],"curies":[{"name":"wp","href":"https:\/\/api.w.org\/{rel}","templated":true}]}}