{"id":11586,"date":"2017-04-04T11:26:01","date_gmt":"2017-04-04T11:33:19","guid":{"rendered":"http:\/\/tourtravelandmore.com\/es\/?post_type=product&#038;p=11586"},"modified":"2022-04-01T10:55:01","modified_gmt":"2022-04-01T08:55:01","slug":"traslados-privados-berlin","status":"publish","type":"product","link":"https:\/\/tourtravelandmore.com\/es\/tours\/alemania-es\/berlin-es\/traslados-privados-berlin\/","title":{"rendered":"Traslados privados en Berl\u00edn"},"content":{"rendered":"<h2><strong>Descripci\u00f3n de los Traslados privados en Berl\u00edn<\/strong><\/h2>\n<p>Disfrute de una experiencia sin preocupaciones en uno de nuestros <strong>veh\u00edculos privados de lujo<\/strong> con nuestros <strong>traslados privados en Berl\u00edn<\/strong>. Perm\u00edtanos coordinar sus traslados privados, nuestros choferes profesionales le brindar\u00e1n un servicio personalizado.<\/p>\n<p>Ofrecemos <strong>todo tipo de traslados<\/strong> en Berl\u00edn. Coordinamos traslados privados hacia y desde ambos aeropuertos de Berl\u00edn, como tambi\u00e9n traslados desde y hacia las terminales de tren de la ciudad. Ofrecemos tambi\u00e9n traslados a otras ciudades de la regi\u00f3n, nuestros veh\u00edculos tienen la licencia requerida para operar en toda Europa.<\/p>\n<p>En caso de reservar un traslado de llegada, nuestro personal lo estar\u00e1 esperando con un cartel a su nombre en la terminal respectiva. Durante su llegada a su destino final disfrutar\u00e1 de un paisaje panor\u00e1mico de la ciudad.<\/p>\n<p>Podemos llevarlo a su hotel en Berl\u00edn o en cualquier otra ciudad cercana, como Potsdam.<\/p>\n<p>Adem\u00e1s, disponemos de una amplia variedad de tours privados en y desde Berl\u00edn, puede ver las opciones en <a href=\"https:\/\/tourtravelandmore.com\/es\/ciudad\/alemania-es\/berlin-es\/\">nuestra lista de tours privados<\/a>.<\/p>\n<h2><strong>Puntos de inter\u00e9s en los Traslados privados en Berl\u00edn<\/strong><\/h2>\n<p>Berl\u00edn es la capital de Alemania y uno de los 16 estados federados de Alemania. La ciudad es atravesada por los R\u00edos Spree, Havel, Panke, Dahme y Wuhle. Berl\u00edn tiene m\u00e1s de 3.5 millones de habitantes, siendo la ciudad m\u00e1s poblada de Alemania y de Europa central. Es la segunda ciudad m\u00e1s grande en tama\u00f1o en la Uni\u00f3n Europea, por ello tiene dos aeropuertos que reciben cada d\u00eda vuelos de diversas partes del mundo.<\/p>\n<p>Ofrecemos servicio de traslados y un <strong>servicio personalizado y privado<\/strong> para todos los grupos. Todos nuestros veh\u00edculos son de alta gama y poseen la licencia necesaria para operar en toda Europa.<\/p>\n<p>No limitamos la cantidad de equipaje. Pero le rogamos que informe con cu\u00e1ntos equipajes viajar\u00e1 solo por cuestiones de log\u00edstica. Podr\u00eda ser necesario un veh\u00edculo m\u00e1s grande dependiendo de la cantidad de equipaje.<\/p>\n<p>En caso de necesitar un asiento para beb\u00e9 o para ni\u00f1os, p\u00f3ngase en contacto con nosotros antes de su vuelo o traslado privado para organizarlo correctamente. Disfrute de una experiencia de lujo con nuestros traslados privados en Berl\u00edn.<\/p>\n","protected":false},"excerpt":{"rendered":"<p>Perm\u00edtanos coordinar sus <strong>traslados privados en Berl\u00edn<\/strong> en nuestros veh\u00edculos privados de lujo. Disfrute de una experiencia relajante y sin preocupaciones en su llegada o salida de Berl\u00edn.<\/p>\n","protected":false},"featured_media":8876,"comment_status":"open","ping_status":"closed","template":"","meta":{"_acf_changed":false},"product_brand":[],"product_cat":[443,444,448],"product_tag":[],"class_list":{"0":"post-11586","1":"product","2":"type-product","3":"status-publish","4":"has-post-thumbnail","6":"product_cat-berlin-es","7":"product_cat-berlin-actividades-es","8":"product_cat-berlin-traslados-es","10":"first","11":"instock","12":"shipping-taxable","13":"purchasable","14":"product-type-simple"},"acf":[],"yoast_head":"<!-- This site is optimized with the Yoast SEO Premium plugin v25.3.1 (Yoast SEO v25.3.1) - https:\/\/yoast.com\/wordpress\/plugins\/seo\/ -->\n<title>Traslados privados en Berlin con chofer profesional y veh\u00edculo de lujo<\/title>\n<meta name=\"description\" content=\"Disfrute de una experiencia relajante y sin preocupaciones con nuestros traslados privados en Berlin. Veh\u00edculos de lujo y choferes profesionales \u2705\" \/>\n<meta name=\"robots\" content=\"index, follow, max-snippet:-1, max-image-preview:large, max-video-preview:-1\" \/>\n<link rel=\"canonical\" href=\"https:\/\/tourtravelandmore.com\/es\/tours\/alemania-es\/berlin-es\/traslados-privados-berlin\/\" \/>\n<meta property=\"og:locale\" content=\"es_ES\" \/>\n<meta property=\"og:type\" content=\"article\" \/>\n<meta property=\"og:title\" content=\"Traslados privados en Berl\u00edn\" \/>\n<meta property=\"og:description\" content=\"Disfrute de una experiencia relajante y sin preocupaciones con nuestros traslados privados en Berlin. Veh\u00edculos de lujo y choferes profesionales \u2705\" \/>\n<meta property=\"og:url\" content=\"https:\/\/tourtravelandmore.com\/es\/tours\/alemania-es\/berlin-es\/traslados-privados-berlin\/\" \/>\n<meta property=\"og:site_name\" content=\"Tour Travel And More\" \/>\n<meta property=\"article:publisher\" content=\"https:\/\/www.facebook.com\/tourtravelandmore\/\" \/>\n<meta property=\"article:modified_time\" content=\"2022-04-01T08:55:01+00:00\" \/>\n<meta property=\"og:image\" content=\"https:\/\/tourtravelandmore.com\/wp-content\/uploads\/2016\/11\/2014-mercedes-benz-e-class-sport-sedan-profile.jpg\" \/>\n\t<meta property=\"og:image:width\" content=\"1500\" \/>\n\t<meta property=\"og:image:height\" content=\"938\" \/>\n\t<meta property=\"og:image:type\" content=\"image\/jpeg\" \/>\n<meta name=\"twitter:card\" content=\"summary_large_image\" \/>\n<meta name=\"twitter:site\" content=\"@TourTravel_More\" \/>\n<meta name=\"twitter:label1\" content=\"Tiempo de lectura\" \/>\n\t<meta name=\"twitter:data1\" content=\"2 minutos\" \/>\n<script type=\"application\/ld+json\" class=\"yoast-schema-graph\">{\"@context\":\"https:\/\/schema.org\",\"@graph\":[{\"@type\":\"WebPage\",\"@id\":\"https:\/\/tourtravelandmore.com\/es\/tours\/alemania-es\/berlin-es\/traslados-privados-berlin\/\",\"url\":\"https:\/\/tourtravelandmore.com\/es\/tours\/alemania-es\/berlin-es\/traslados-privados-berlin\/\",\"name\":\"Traslados privados en Berlin con chofer profesional y veh\u00edculo de lujo\",\"isPartOf\":{\"@id\":\"https:\/\/tourtravelandmore.com\/es\/#website\"},\"primaryImageOfPage\":{\"@id\":\"https:\/\/tourtravelandmore.com\/es\/tours\/alemania-es\/berlin-es\/traslados-privados-berlin\/#primaryimage\"},\"image\":{\"@id\":\"https:\/\/tourtravelandmore.com\/es\/tours\/alemania-es\/berlin-es\/traslados-privados-berlin\/#primaryimage\"},\"thumbnailUrl\":\"https:\/\/tourtravelandmore.com\/wp-content\/uploads\/2016\/11\/2014-mercedes-benz-e-class-sport-sedan-profile.jpg\",\"datePublished\":\"2017-04-04T11:33:19+00:00\",\"dateModified\":\"2022-04-01T08:55:01+00:00\",\"description\":\"Disfrute de una experiencia relajante y sin preocupaciones con nuestros traslados privados en Berlin. Veh\u00edculos de lujo y choferes profesionales \u2705\",\"breadcrumb\":{\"@id\":\"https:\/\/tourtravelandmore.com\/es\/tours\/alemania-es\/berlin-es\/traslados-privados-berlin\/#breadcrumb\"},\"inLanguage\":\"es\",\"potentialAction\":[{\"@type\":\"ReadAction\",\"target\":[\"https:\/\/tourtravelandmore.com\/es\/tours\/alemania-es\/berlin-es\/traslados-privados-berlin\/\"]}]},{\"@type\":\"ImageObject\",\"inLanguage\":\"es\",\"@id\":\"https:\/\/tourtravelandmore.com\/es\/tours\/alemania-es\/berlin-es\/traslados-privados-berlin\/#primaryimage\",\"url\":\"https:\/\/tourtravelandmore.com\/wp-content\/uploads\/2016\/11\/2014-mercedes-benz-e-class-sport-sedan-profile.jpg\",\"contentUrl\":\"https:\/\/tourtravelandmore.com\/wp-content\/uploads\/2016\/11\/2014-mercedes-benz-e-class-sport-sedan-profile.jpg\",\"width\":1500,\"height\":938,\"caption\":\"2014 Mercedes-Benz E-Class Sport Sedan.\"},{\"@type\":\"BreadcrumbList\",\"@id\":\"https:\/\/tourtravelandmore.com\/es\/tours\/alemania-es\/berlin-es\/traslados-privados-berlin\/#breadcrumb\",\"itemListElement\":[{\"@type\":\"ListItem\",\"position\":1,\"name\":\"Home\",\"item\":\"https:\/\/tourtravelandmore.com\/es\/\"},{\"@type\":\"ListItem\",\"position\":2,\"name\":\"Tours\",\"item\":\"https:\/\/tourtravelandmore.com\/es\/tours\/\"},{\"@type\":\"ListItem\",\"position\":3,\"name\":\"Traslados privados en Berl\u00edn\"}]},{\"@type\":\"WebSite\",\"@id\":\"https:\/\/tourtravelandmore.com\/es\/#website\",\"url\":\"https:\/\/tourtravelandmore.com\/es\/\",\"name\":\"Tour Travel And More\",\"description\":\"Private sightseeing tours and luxury transfers in Spain\",\"publisher\":{\"@id\":\"https:\/\/tourtravelandmore.com\/es\/#organization\"},\"potentialAction\":[{\"@type\":\"SearchAction\",\"target\":{\"@type\":\"EntryPoint\",\"urlTemplate\":\"https:\/\/tourtravelandmore.com\/es\/?s={search_term_string}\"},\"query-input\":{\"@type\":\"PropertyValueSpecification\",\"valueRequired\":true,\"valueName\":\"search_term_string\"}}],\"inLanguage\":\"es\"},{\"@type\":\"Organization\",\"@id\":\"https:\/\/tourtravelandmore.com\/es\/#organization\",\"name\":\"Tour Travel And More\",\"url\":\"https:\/\/tourtravelandmore.com\/es\/\",\"logo\":{\"@type\":\"ImageObject\",\"inLanguage\":\"es\",\"@id\":\"https:\/\/tourtravelandmore.com\/es\/#\/schema\/logo\/image\/\",\"url\":\"https:\/\/tourtravelandmore.com\/wp-content\/uploads\/2022\/12\/cropped-logo-cabecera-new.png\",\"contentUrl\":\"https:\/\/tourtravelandmore.com\/wp-content\/uploads\/2022\/12\/cropped-logo-cabecera-new.png\",\"width\":430,\"height\":61,\"caption\":\"Tour Travel And More\"},\"image\":{\"@id\":\"https:\/\/tourtravelandmore.com\/es\/#\/schema\/logo\/image\/\"},\"sameAs\":[\"https:\/\/www.facebook.com\/tourtravelandmore\/\",\"https:\/\/x.com\/TourTravel_More\"]}]}<\/script>\n<!-- \/ Yoast SEO Premium plugin. -->","yoast_head_json":{"title":"Traslados privados en Berlin con chofer profesional y veh\u00edculo de lujo","description":"Disfrute de una experiencia relajante y sin preocupaciones con nuestros traslados privados en Berlin. Veh\u00edculos de lujo y choferes profesionales \u2705","robots":{"index":"index","follow":"follow","max-snippet":"max-snippet:-1","max-image-preview":"max-image-preview:large","max-video-preview":"max-video-preview:-1"},"canonical":"https:\/\/tourtravelandmore.com\/es\/tours\/alemania-es\/berlin-es\/traslados-privados-berlin\/","og_locale":"es_ES","og_type":"article","og_title":"Traslados privados en Berl\u00edn","og_description":"Disfrute de una experiencia relajante y sin preocupaciones con nuestros traslados privados en Berlin. Veh\u00edculos de lujo y choferes profesionales \u2705","og_url":"https:\/\/tourtravelandmore.com\/es\/tours\/alemania-es\/berlin-es\/traslados-privados-berlin\/","og_site_name":"Tour Travel And More","article_publisher":"https:\/\/www.facebook.com\/tourtravelandmore\/","article_modified_time":"2022-04-01T08:55:01+00:00","og_image":[{"width":1500,"height":938,"url":"https:\/\/tourtravelandmore.com\/wp-content\/uploads\/2016\/11\/2014-mercedes-benz-e-class-sport-sedan-profile.jpg","type":"image\/jpeg"}],"twitter_card":"summary_large_image","twitter_site":"@TourTravel_More","twitter_misc":{"Tiempo de lectura":"2 minutos"},"schema":{"@context":"https:\/\/schema.org","@graph":[{"@type":"WebPage","@id":"https:\/\/tourtravelandmore.com\/es\/tours\/alemania-es\/berlin-es\/traslados-privados-berlin\/","url":"https:\/\/tourtravelandmore.com\/es\/tours\/alemania-es\/berlin-es\/traslados-privados-berlin\/","name":"Traslados privados en Berlin con chofer profesional y veh\u00edculo de lujo","isPartOf":{"@id":"https:\/\/tourtravelandmore.com\/es\/#website"},"primaryImageOfPage":{"@id":"https:\/\/tourtravelandmore.com\/es\/tours\/alemania-es\/berlin-es\/traslados-privados-berlin\/#primaryimage"},"image":{"@id":"https:\/\/tourtravelandmore.com\/es\/tours\/alemania-es\/berlin-es\/traslados-privados-berlin\/#primaryimage"},"thumbnailUrl":"https:\/\/tourtravelandmore.com\/wp-content\/uploads\/2016\/11\/2014-mercedes-benz-e-class-sport-sedan-profile.jpg","datePublished":"2017-04-04T11:33:19+00:00","dateModified":"2022-04-01T08:55:01+00:00","description":"Disfrute de una experiencia relajante y sin preocupaciones con nuestros traslados privados en Berlin. Veh\u00edculos de lujo y choferes profesionales \u2705","breadcrumb":{"@id":"https:\/\/tourtravelandmore.com\/es\/tours\/alemania-es\/berlin-es\/traslados-privados-berlin\/#breadcrumb"},"inLanguage":"es","potentialAction":[{"@type":"ReadAction","target":["https:\/\/tourtravelandmore.com\/es\/tours\/alemania-es\/berlin-es\/traslados-privados-berlin\/"]}]},{"@type":"ImageObject","inLanguage":"es","@id":"https:\/\/tourtravelandmore.com\/es\/tours\/alemania-es\/berlin-es\/traslados-privados-berlin\/#primaryimage","url":"https:\/\/tourtravelandmore.com\/wp-content\/uploads\/2016\/11\/2014-mercedes-benz-e-class-sport-sedan-profile.jpg","contentUrl":"https:\/\/tourtravelandmore.com\/wp-content\/uploads\/2016\/11\/2014-mercedes-benz-e-class-sport-sedan-profile.jpg","width":1500,"height":938,"caption":"2014 Mercedes-Benz E-Class Sport Sedan."},{"@type":"BreadcrumbList","@id":"https:\/\/tourtravelandmore.com\/es\/tours\/alemania-es\/berlin-es\/traslados-privados-berlin\/#breadcrumb","itemListElement":[{"@type":"ListItem","position":1,"name":"Home","item":"https:\/\/tourtravelandmore.com\/es\/"},{"@type":"ListItem","position":2,"name":"Tours","item":"https:\/\/tourtravelandmore.com\/es\/tours\/"},{"@type":"ListItem","position":3,"name":"Traslados privados en Berl\u00edn"}]},{"@type":"WebSite","@id":"https:\/\/tourtravelandmore.com\/es\/#website","url":"https:\/\/tourtravelandmore.com\/es\/","name":"Tour Travel And More","description":"Private sightseeing tours and luxury transfers in Spain","publisher":{"@id":"https:\/\/tourtravelandmore.com\/es\/#organization"},"potentialAction":[{"@type":"SearchAction","target":{"@type":"EntryPoint","urlTemplate":"https:\/\/tourtravelandmore.com\/es\/?s={search_term_string}"},"query-input":{"@type":"PropertyValueSpecification","valueRequired":true,"valueName":"search_term_string"}}],"inLanguage":"es"},{"@type":"Organization","@id":"https:\/\/tourtravelandmore.com\/es\/#organization","name":"Tour Travel And More","url":"https:\/\/tourtravelandmore.com\/es\/","logo":{"@type":"ImageObject","inLanguage":"es","@id":"https:\/\/tourtravelandmore.com\/es\/#\/schema\/logo\/image\/","url":"https:\/\/tourtravelandmore.com\/wp-content\/uploads\/2022\/12\/cropped-logo-cabecera-new.png","contentUrl":"https:\/\/tourtravelandmore.com\/wp-content\/uploads\/2022\/12\/cropped-logo-cabecera-new.png","width":430,"height":61,"caption":"Tour Travel And More"},"image":{"@id":"https:\/\/tourtravelandmore.com\/es\/#\/schema\/logo\/image\/"},"sameAs":["https:\/\/www.facebook.com\/tourtravelandmore\/","https:\/\/x.com\/TourTravel_More"]}]}},"_links":{"self":[{"href":"https:\/\/tourtravelandmore.com\/es\/wp-json\/wp\/v2\/product\/11586","targetHints":{"allow":["GET"]}}],"collection":[{"href":"https:\/\/tourtravelandmore.com\/es\/wp-json\/wp\/v2\/product"}],"about":[{"href":"https:\/\/tourtravelandmore.com\/es\/wp-json\/wp\/v2\/types\/product"}],"replies":[{"embeddable":true,"href":"https:\/\/tourtravelandmore.com\/es\/wp-json\/wp\/v2\/comments?post=11586"}],"wp:featuredmedia":[{"embeddable":true,"href":"https:\/\/tourtravelandmore.com\/es\/wp-json\/wp\/v2\/media\/8876"}],"wp:attachment":[{"href":"https:\/\/tourtravelandmore.com\/es\/wp-json\/wp\/v2\/media?parent=11586"}],"wp:term":[{"taxonomy":"product_brand","embeddable":true,"href":"https:\/\/tourtravelandmore.com\/es\/wp-json\/wp\/v2\/product_brand?post=11586"},{"taxonomy":"product_cat","embeddable":true,"href":"https:\/\/tourtravelandmore.com\/es\/wp-json\/wp\/v2\/product_cat?post=11586"},{"taxonomy":"product_tag","embeddable":true,"href":"https:\/\/tourtravelandmore.com\/es\/wp-json\/wp\/v2\/product_tag?post=11586"}],"curies":[{"name":"wp","href":"https:\/\/api.w.org\/{rel}","templated":true}]}}