{"id":115788,"date":"2021-12-18T16:26:19","date_gmt":"2021-12-18T15:26:20","guid":{"rendered":"https:\/\/tourtravelandmore.com\/?post_type=product&#038;p=115788"},"modified":"2023-11-03T11:13:29","modified_gmt":"2023-11-03T10:13:29","slug":"tour-privado-a-gozo-desde-malta","status":"publish","type":"product","link":"https:\/\/tourtravelandmore.com\/es\/tours\/malta-es\/valleta-mdina-es\/tour-privado-a-gozo-desde-malta\/","title":{"rendered":"Tour Privado a Gozo desde Malta"},"content":{"rendered":"<h2><b>Descripci\u00f3n del Tour Privado a Gozo desde Malta<\/b><\/h2>\n<p><span style=\"font-weight: 400;\">La isla Gozo es una de las poblaciones que componen el archipi\u00e9lago malt\u00e9s y es un lugar muy tranquilo y relajado para visitar.\u00a0<\/span><\/p>\n<p><span style=\"font-weight: 400;\">Su rico entorno natural lo convierte en un sitio paradis\u00edaco. En el que podr\u00e1s disfrutar de distintas actividades recreativas y relajantes a trav\u00e9s de sus hermosos valles, sus acantilados escarpados y sus majestuosas colinas.\u00a0<\/span><\/p>\n<p><span style=\"font-weight: 400;\">Si quieres pasar un\u00a0 tiempo distinto en compa\u00f1\u00eda del sol, el mar y la naturaleza, este <\/span><b>tour a Gozo desde Malta <\/b><span style=\"font-weight: 400;\">es perfecto para ti.\u00a0<\/span><\/p>\n<p><span style=\"font-weight: 400;\">Descubrir\u00e1s los templos megal\u00edticos de Ggantija, la ciudadela Victoria, el sitio en donde estaba la ventana azul, el museo de Arqueolog\u00eda, la bas\u00edlica de San Jorge, la playa Ramla Bay, la bas\u00edlica Ta\u00b4Pinu, entre muchos otros lugares espl\u00e9ndidos y majestuosos.\u00a0<\/span><\/p>\n<p><span style=\"font-weight: 400;\">Se trata de <\/span><b>una excursi\u00f3n exclusiva y personalizada de 8 horas<\/b><span style=\"font-weight: 400;\">, en la cual se incluye el traslado de ida y vuelta en un confortable coche privado; as\u00ed como un gu\u00eda privado que se encargar\u00e1 de darte todos los datos que necesitas para disfrutar plenamente de tu paseo.\u00a0<\/span><\/p>\n<p><span style=\"font-weight: 400;\">Adem\u00e1s, despreoc\u00fapate del traslado en barco, ya que este tour a Gozo desde Malta lo incluye, para que no tengas que perder el tiempo en nada m\u00e1s que no sea divertirte.\u00a0<\/span><\/p>\n<h2><b>Puntos de Inter\u00e9s en el Tour Privado a Gozo desde Malta<\/b><\/h2>\n<p><span style=\"font-weight: 400;\">Explora y descubre los <\/span><b>puntos m\u00e1s llamativos y recomendados para ver en Gozo<\/b><span style=\"font-weight: 400;\">; un enigm\u00e1tico lugar lleno de calma y encanto.\u00a0<\/span><\/p>\n<p><span style=\"font-weight: 400;\">Para llegar a la isla, la cual est\u00e1 situada a solo unos 20 minutos de Malta, te subir\u00e1s en un barco para navegar junto a las olas. Una vez ah\u00ed, un gu\u00eda privado ser\u00e1 el encargado de llevarte por todos los sitios de inter\u00e9s.\u00a0\u00a0<\/span><\/p>\n<p><span style=\"font-weight: 400;\">Saldremos desde el punto acordado, para despu\u00e9s sumergirnos en la magia de Gozo. Solo enciende tu c\u00e1mara fotogr\u00e1fica y prep\u00e1rate para vivir una m\u00e1gica experiencia en este tour a Gozo desde Malta.<\/span><\/p>\n<h3><span style=\"color: #d3af37;\"><b>Rabat (Victoria)\u00a0<\/b><\/span><\/h3>\n<p><span style=\"font-weight: 400;\">La ciudadela La Victoria ser\u00e1 una de las primeras paradas. Este lugar era antiguamente conocido como Rabat, y es actualmente la capital de Gozo.\u00a0<\/span><\/p>\n<p><span style=\"font-weight: 400;\">En la ciudad descubrir\u00e1s <\/span><b>los restos de las murallas<\/b><span style=\"font-weight: 400;\">, sus calles antiguas y sus edificios llenos de arquitectura medieval: entre los cuales destaca la catedral de Santa Mar\u00eda y el Palacio Obispal.\u00a0<\/span><\/p>\n<p><span style=\"font-weight: 400;\">Adem\u00e1s, desde la cima de la ciudad se aprecia una vista panor\u00e1mica en 360\u00b0 de la isla. Esto se convierte en todo un espect\u00e1culo merecedor de unas cuantas fotograf\u00edas de postal.\u00a0<\/span><\/p>\n<h3><span style=\"color: #d3af37;\"><b>El puerto de Mdzhar<\/b><\/span><\/h3>\n<p><span style=\"font-weight: 400;\">Este es <\/span><b>el puerto m\u00e1s transitado de la isla<\/b><span style=\"font-weight: 400;\">. En \u00e9l puedes admirar la iglesia de la Virgen de Lourdes y el fuerte el Sambre. Ambos edificios tienen un estilo arquitect\u00f3nico que merece la pena conocer.\u00a0<\/span><\/p>\n<p><span style=\"font-weight: 400;\">Es un sitio encantador y atractivo, genial para detenerse y apreciar todo lo que ofrece.\u00a0<\/span><\/p>\n<h3><span style=\"color: #d3af37;\"><b>Dwejra y la Ventana Azul<\/b><\/span><\/h3>\n<p><span style=\"font-weight: 400;\">Los acantilados de Dwejra est\u00e1n cerca de lo que era \u201cAzure Windows\u201d o la ventana azul, una antigua formaci\u00f3n rocosa que durante a\u00f1os atrajo a miles de turistas, pero que qued\u00f3 destruida por un temporal en el a\u00f1o 2017.<\/span><\/p>\n<p><span style=\"font-weight: 400;\">La ventana azul <\/span><b>fue escenario de una de las ic\u00f3nicas escenas de la serie \u201cJuego de Tronos<\/b><span style=\"font-weight: 400;\">\u201d, ya que all\u00ed se hizo el rodaje de la boda entre Daenerys y Drogo.<\/span><\/p>\n<p><span style=\"font-weight: 400;\">Adem\u00e1s, en la bah\u00eda de Dwejra te encontrar\u00e1s con un brazo del mar en forma circular que parece inspirado en una pel\u00edcula.\u00a0<\/span><\/p>\n<p><span style=\"font-weight: 400;\">Tambi\u00e9n, all\u00ed est\u00e1 ubicado <\/span><b>un fuerte construido por los caballeros de San Juan<\/b><span style=\"font-weight: 400;\"> en el siglo XVII. Hay todo un conjunto de atractivos que te fascinar\u00e1.\u00a0<\/span><\/p>\n<h3><span style=\"color: #d3af37;\"><b>La playa Ramla Bay\u00a0<\/b><\/span><\/h3>\n<p><span style=\"font-weight: 400;\">Con sus <\/span><b>arenas rojizas<\/b><span style=\"font-weight: 400;\"> y su oleaje calmado, seguro te enamorar\u00e1s de esta espectacular playa.\u00a0<\/span><\/p>\n<p><span style=\"font-weight: 400;\">Cerca de all\u00ed, tambi\u00e9n est\u00e1 ubicada la playa San Blas Bay. No obstante, esta no suele ser tan tur\u00edstica como Ramla Bay.\u00a0<\/span><\/p>\n<h3><span style=\"color: #d3af37;\"><b>Templos de Ggantija<\/b><\/span><\/h3>\n<p><span style=\"font-weight: 400;\">Estos templos fueron declarados patrimonio<\/span><b> de la humanidad por la Unesco<\/b><span style=\"font-weight: 400;\"> y son unas de las edificaciones m\u00e1s antiguas del mundo.\u00a0<\/span><\/p>\n<p><span style=\"font-weight: 400;\">Se trata de una construcci\u00f3n monol\u00edtica que tiene m\u00e1s de 5.000 a\u00f1os en pie.\u00a0<\/span><\/p>\n<p><span style=\"font-weight: 400;\">Justo al lado de los templos, se encuentra el molino de Ta\u2019 Kola Windmill, el cual data del a\u00f1o 1725 y que hoy alberga un museo en su interior.<\/span><\/p>\n<p><span style=\"font-weight: 400;\">Unido a estos puntos de inter\u00e9s, tambi\u00e9n podr\u00e1s explorar la Bas\u00edlica Ta\u00b4Pinu, Marsalforn, el Valle de Ghasri y muchos lugares m\u00e1s que no te puedes perder.\u00a0<\/span><\/p>\n<p><span style=\"font-weight: 400;\">Sabemos que durante el atardecer tendr\u00e1s la oportunidad de tomar unas estupendas fotos que ser\u00e1n perfectas como recuerdo de tu viaje por Gozo.\u00a0<\/span><\/p>\n<p><span style=\"font-weight: 400;\">Al finalizar el tour, te llevaremos de retorno a Malta para que recuperes las energ\u00edas y sigas con tu viaje.\u00a0<\/span><\/p>\n<p><span style=\"font-weight: 400;\">Si lo deseas, puedes animarte a elegir el\u00a0 <\/span><a href=\"https:\/\/tourtravelandmore.com\/es\/tours\/malta-es\/valleta-mdina-es\/tour-de-la-segunda-guerra-mundial-visitando-las-salas-de-guerra-y-el-museo-de-la-guerra-4-horas-desde-cualquier-ciudad\/\"><b>tour de la Segunda Guerra Mundial<\/b><\/a><span style=\"font-weight: 400;\">, para que conozcas las salas de guerra y el museo de la guerra. De esa forma tendr\u00e1s una perspectiva m\u00e1s completa del papel que tuvo Malta durante la Segunda Guerra Mundial. <\/span><\/p>\n","protected":false},"excerpt":{"rendered":"<p><span style=\"font-weight: 400;\">Rel\u00e1jate en un viaje por los paisajes m\u00e1s hermosos del archipi\u00e9lago malt\u00e9s, en un <\/span><b>tour a Gozo desde Malta<\/b><span style=\"font-weight: 400;\"> con traslado en coche y barco incluido. Un gu\u00eda privado te dar\u00e1 toda la informaci\u00f3n que necesitas para que disfrutes cada momento de esta excursi\u00f3n privada<\/span><\/p>\n","protected":false},"featured_media":115819,"comment_status":"open","ping_status":"closed","template":"","meta":{"_acf_changed":false},"product_brand":[],"product_cat":[1609,1010,1011,1012,1013],"product_tag":[],"class_list":{"0":"post-115788","1":"product","2":"type-product","3":"status-publish","4":"has-post-thumbnail","6":"product_cat-malta-es","7":"product_cat-valleta-mdina-es","8":"product_cat-valleta-mdina-actividades-es","9":"product_cat-valleta-mdina-rutas-turisticas-privadas-es","10":"product_cat-valleta-mdina-excursiones-privadas-cruceros-es","12":"first","13":"instock","14":"shipping-taxable","15":"purchasable","16":"product-type-simple"},"acf":[],"yoast_head":"<!-- This site is optimized with the Yoast SEO Premium plugin v25.3.1 (Yoast SEO v25.3.1) - https:\/\/yoast.com\/wordpress\/plugins\/seo\/ -->\n<title>\u27a1\ufe0f Tour privado a Gozo desde Malta con gu\u00eda, coche privado y viaje en barco incluido<\/title>\n<meta name=\"description\" content=\"Disfruta de la maravillosa isla de Gozo y conoce sus acantilados escarpados, valles, edificios y monumentos, en nuestro tour privado a Gozo desde Malta \u2705\" \/>\n<meta name=\"robots\" content=\"index, follow, max-snippet:-1, max-image-preview:large, max-video-preview:-1\" \/>\n<link rel=\"canonical\" href=\"https:\/\/tourtravelandmore.com\/es\/tours\/malta-es\/valleta-mdina-es\/tour-privado-a-gozo-desde-malta\/\" \/>\n<meta property=\"og:locale\" content=\"es_ES\" \/>\n<meta property=\"og:type\" content=\"article\" \/>\n<meta property=\"og:title\" content=\"Tour Privado a Gozo desde Malta\" \/>\n<meta property=\"og:description\" content=\"Disfruta de la maravillosa isla de Gozo y conoce sus acantilados escarpados, valles, edificios y monumentos, en nuestro tour privado a Gozo desde Malta \u2705\" \/>\n<meta property=\"og:url\" content=\"https:\/\/tourtravelandmore.com\/es\/tours\/malta-es\/valleta-mdina-es\/tour-privado-a-gozo-desde-malta\/\" \/>\n<meta property=\"og:site_name\" content=\"Tour Travel And More\" \/>\n<meta property=\"article:publisher\" content=\"https:\/\/www.facebook.com\/tourtravelandmore\/\" \/>\n<meta property=\"article:modified_time\" content=\"2023-11-03T10:13:29+00:00\" \/>\n<meta property=\"og:image\" content=\"https:\/\/tourtravelandmore.com\/wp-content\/uploads\/2021\/12\/image8-1.jpg\" \/>\n\t<meta property=\"og:image:width\" content=\"567\" \/>\n\t<meta property=\"og:image:height\" content=\"720\" \/>\n\t<meta property=\"og:image:type\" content=\"image\/jpeg\" \/>\n<meta name=\"twitter:card\" content=\"summary_large_image\" \/>\n<meta name=\"twitter:site\" content=\"@TourTravel_More\" \/>\n<meta name=\"twitter:label1\" content=\"Tiempo de lectura\" \/>\n\t<meta name=\"twitter:data1\" content=\"4 minutos\" \/>\n<script type=\"application\/ld+json\" class=\"yoast-schema-graph\">{\"@context\":\"https:\/\/schema.org\",\"@graph\":[{\"@type\":\"WebPage\",\"@id\":\"https:\/\/tourtravelandmore.com\/es\/tours\/malta-es\/valleta-mdina-es\/tour-privado-a-gozo-desde-malta\/\",\"url\":\"https:\/\/tourtravelandmore.com\/es\/tours\/malta-es\/valleta-mdina-es\/tour-privado-a-gozo-desde-malta\/\",\"name\":\"\u27a1\ufe0f Tour privado a Gozo desde Malta con gu\u00eda, coche privado y viaje en barco incluido\",\"isPartOf\":{\"@id\":\"https:\/\/tourtravelandmore.com\/es\/#website\"},\"primaryImageOfPage\":{\"@id\":\"https:\/\/tourtravelandmore.com\/es\/tours\/malta-es\/valleta-mdina-es\/tour-privado-a-gozo-desde-malta\/#primaryimage\"},\"image\":{\"@id\":\"https:\/\/tourtravelandmore.com\/es\/tours\/malta-es\/valleta-mdina-es\/tour-privado-a-gozo-desde-malta\/#primaryimage\"},\"thumbnailUrl\":\"https:\/\/tourtravelandmore.com\/wp-content\/uploads\/2021\/12\/image8-1.jpg\",\"datePublished\":\"2021-12-18T15:26:20+00:00\",\"dateModified\":\"2023-11-03T10:13:29+00:00\",\"description\":\"Disfruta de la maravillosa isla de Gozo y conoce sus acantilados escarpados, valles, edificios y monumentos, en nuestro tour privado a Gozo desde Malta \u2705\",\"breadcrumb\":{\"@id\":\"https:\/\/tourtravelandmore.com\/es\/tours\/malta-es\/valleta-mdina-es\/tour-privado-a-gozo-desde-malta\/#breadcrumb\"},\"inLanguage\":\"es\",\"potentialAction\":[{\"@type\":\"ReadAction\",\"target\":[\"https:\/\/tourtravelandmore.com\/es\/tours\/malta-es\/valleta-mdina-es\/tour-privado-a-gozo-desde-malta\/\"]}]},{\"@type\":\"ImageObject\",\"inLanguage\":\"es\",\"@id\":\"https:\/\/tourtravelandmore.com\/es\/tours\/malta-es\/valleta-mdina-es\/tour-privado-a-gozo-desde-malta\/#primaryimage\",\"url\":\"https:\/\/tourtravelandmore.com\/wp-content\/uploads\/2021\/12\/image8-1.jpg\",\"contentUrl\":\"https:\/\/tourtravelandmore.com\/wp-content\/uploads\/2021\/12\/image8-1.jpg\",\"width\":567,\"height\":720},{\"@type\":\"BreadcrumbList\",\"@id\":\"https:\/\/tourtravelandmore.com\/es\/tours\/malta-es\/valleta-mdina-es\/tour-privado-a-gozo-desde-malta\/#breadcrumb\",\"itemListElement\":[{\"@type\":\"ListItem\",\"position\":1,\"name\":\"Home\",\"item\":\"https:\/\/tourtravelandmore.com\/es\/\"},{\"@type\":\"ListItem\",\"position\":2,\"name\":\"Tours\",\"item\":\"https:\/\/tourtravelandmore.com\/es\/tours\/\"},{\"@type\":\"ListItem\",\"position\":3,\"name\":\"Tour Privado a Gozo desde Malta\"}]},{\"@type\":\"WebSite\",\"@id\":\"https:\/\/tourtravelandmore.com\/es\/#website\",\"url\":\"https:\/\/tourtravelandmore.com\/es\/\",\"name\":\"Tour Travel And More\",\"description\":\"Private sightseeing tours and luxury transfers in Spain\",\"publisher\":{\"@id\":\"https:\/\/tourtravelandmore.com\/es\/#organization\"},\"potentialAction\":[{\"@type\":\"SearchAction\",\"target\":{\"@type\":\"EntryPoint\",\"urlTemplate\":\"https:\/\/tourtravelandmore.com\/es\/?s={search_term_string}\"},\"query-input\":{\"@type\":\"PropertyValueSpecification\",\"valueRequired\":true,\"valueName\":\"search_term_string\"}}],\"inLanguage\":\"es\"},{\"@type\":\"Organization\",\"@id\":\"https:\/\/tourtravelandmore.com\/es\/#organization\",\"name\":\"Tour Travel And More\",\"url\":\"https:\/\/tourtravelandmore.com\/es\/\",\"logo\":{\"@type\":\"ImageObject\",\"inLanguage\":\"es\",\"@id\":\"https:\/\/tourtravelandmore.com\/es\/#\/schema\/logo\/image\/\",\"url\":\"https:\/\/tourtravelandmore.com\/wp-content\/uploads\/2022\/12\/cropped-logo-cabecera-new.png\",\"contentUrl\":\"https:\/\/tourtravelandmore.com\/wp-content\/uploads\/2022\/12\/cropped-logo-cabecera-new.png\",\"width\":430,\"height\":61,\"caption\":\"Tour Travel And More\"},\"image\":{\"@id\":\"https:\/\/tourtravelandmore.com\/es\/#\/schema\/logo\/image\/\"},\"sameAs\":[\"https:\/\/www.facebook.com\/tourtravelandmore\/\",\"https:\/\/x.com\/TourTravel_More\"]}]}<\/script>\n<!-- \/ Yoast SEO Premium plugin. -->","yoast_head_json":{"title":"\u27a1\ufe0f Tour privado a Gozo desde Malta con gu\u00eda, coche privado y viaje en barco incluido","description":"Disfruta de la maravillosa isla de Gozo y conoce sus acantilados escarpados, valles, edificios y monumentos, en nuestro tour privado a Gozo desde Malta \u2705","robots":{"index":"index","follow":"follow","max-snippet":"max-snippet:-1","max-image-preview":"max-image-preview:large","max-video-preview":"max-video-preview:-1"},"canonical":"https:\/\/tourtravelandmore.com\/es\/tours\/malta-es\/valleta-mdina-es\/tour-privado-a-gozo-desde-malta\/","og_locale":"es_ES","og_type":"article","og_title":"Tour Privado a Gozo desde Malta","og_description":"Disfruta de la maravillosa isla de Gozo y conoce sus acantilados escarpados, valles, edificios y monumentos, en nuestro tour privado a Gozo desde Malta \u2705","og_url":"https:\/\/tourtravelandmore.com\/es\/tours\/malta-es\/valleta-mdina-es\/tour-privado-a-gozo-desde-malta\/","og_site_name":"Tour Travel And More","article_publisher":"https:\/\/www.facebook.com\/tourtravelandmore\/","article_modified_time":"2023-11-03T10:13:29+00:00","og_image":[{"width":567,"height":720,"url":"https:\/\/tourtravelandmore.com\/wp-content\/uploads\/2021\/12\/image8-1.jpg","type":"image\/jpeg"}],"twitter_card":"summary_large_image","twitter_site":"@TourTravel_More","twitter_misc":{"Tiempo de lectura":"4 minutos"},"schema":{"@context":"https:\/\/schema.org","@graph":[{"@type":"WebPage","@id":"https:\/\/tourtravelandmore.com\/es\/tours\/malta-es\/valleta-mdina-es\/tour-privado-a-gozo-desde-malta\/","url":"https:\/\/tourtravelandmore.com\/es\/tours\/malta-es\/valleta-mdina-es\/tour-privado-a-gozo-desde-malta\/","name":"\u27a1\ufe0f Tour privado a Gozo desde Malta con gu\u00eda, coche privado y viaje en barco incluido","isPartOf":{"@id":"https:\/\/tourtravelandmore.com\/es\/#website"},"primaryImageOfPage":{"@id":"https:\/\/tourtravelandmore.com\/es\/tours\/malta-es\/valleta-mdina-es\/tour-privado-a-gozo-desde-malta\/#primaryimage"},"image":{"@id":"https:\/\/tourtravelandmore.com\/es\/tours\/malta-es\/valleta-mdina-es\/tour-privado-a-gozo-desde-malta\/#primaryimage"},"thumbnailUrl":"https:\/\/tourtravelandmore.com\/wp-content\/uploads\/2021\/12\/image8-1.jpg","datePublished":"2021-12-18T15:26:20+00:00","dateModified":"2023-11-03T10:13:29+00:00","description":"Disfruta de la maravillosa isla de Gozo y conoce sus acantilados escarpados, valles, edificios y monumentos, en nuestro tour privado a Gozo desde Malta \u2705","breadcrumb":{"@id":"https:\/\/tourtravelandmore.com\/es\/tours\/malta-es\/valleta-mdina-es\/tour-privado-a-gozo-desde-malta\/#breadcrumb"},"inLanguage":"es","potentialAction":[{"@type":"ReadAction","target":["https:\/\/tourtravelandmore.com\/es\/tours\/malta-es\/valleta-mdina-es\/tour-privado-a-gozo-desde-malta\/"]}]},{"@type":"ImageObject","inLanguage":"es","@id":"https:\/\/tourtravelandmore.com\/es\/tours\/malta-es\/valleta-mdina-es\/tour-privado-a-gozo-desde-malta\/#primaryimage","url":"https:\/\/tourtravelandmore.com\/wp-content\/uploads\/2021\/12\/image8-1.jpg","contentUrl":"https:\/\/tourtravelandmore.com\/wp-content\/uploads\/2021\/12\/image8-1.jpg","width":567,"height":720},{"@type":"BreadcrumbList","@id":"https:\/\/tourtravelandmore.com\/es\/tours\/malta-es\/valleta-mdina-es\/tour-privado-a-gozo-desde-malta\/#breadcrumb","itemListElement":[{"@type":"ListItem","position":1,"name":"Home","item":"https:\/\/tourtravelandmore.com\/es\/"},{"@type":"ListItem","position":2,"name":"Tours","item":"https:\/\/tourtravelandmore.com\/es\/tours\/"},{"@type":"ListItem","position":3,"name":"Tour Privado a Gozo desde Malta"}]},{"@type":"WebSite","@id":"https:\/\/tourtravelandmore.com\/es\/#website","url":"https:\/\/tourtravelandmore.com\/es\/","name":"Tour Travel And More","description":"Private sightseeing tours and luxury transfers in Spain","publisher":{"@id":"https:\/\/tourtravelandmore.com\/es\/#organization"},"potentialAction":[{"@type":"SearchAction","target":{"@type":"EntryPoint","urlTemplate":"https:\/\/tourtravelandmore.com\/es\/?s={search_term_string}"},"query-input":{"@type":"PropertyValueSpecification","valueRequired":true,"valueName":"search_term_string"}}],"inLanguage":"es"},{"@type":"Organization","@id":"https:\/\/tourtravelandmore.com\/es\/#organization","name":"Tour Travel And More","url":"https:\/\/tourtravelandmore.com\/es\/","logo":{"@type":"ImageObject","inLanguage":"es","@id":"https:\/\/tourtravelandmore.com\/es\/#\/schema\/logo\/image\/","url":"https:\/\/tourtravelandmore.com\/wp-content\/uploads\/2022\/12\/cropped-logo-cabecera-new.png","contentUrl":"https:\/\/tourtravelandmore.com\/wp-content\/uploads\/2022\/12\/cropped-logo-cabecera-new.png","width":430,"height":61,"caption":"Tour Travel And More"},"image":{"@id":"https:\/\/tourtravelandmore.com\/es\/#\/schema\/logo\/image\/"},"sameAs":["https:\/\/www.facebook.com\/tourtravelandmore\/","https:\/\/x.com\/TourTravel_More"]}]}},"_links":{"self":[{"href":"https:\/\/tourtravelandmore.com\/es\/wp-json\/wp\/v2\/product\/115788","targetHints":{"allow":["GET"]}}],"collection":[{"href":"https:\/\/tourtravelandmore.com\/es\/wp-json\/wp\/v2\/product"}],"about":[{"href":"https:\/\/tourtravelandmore.com\/es\/wp-json\/wp\/v2\/types\/product"}],"replies":[{"embeddable":true,"href":"https:\/\/tourtravelandmore.com\/es\/wp-json\/wp\/v2\/comments?post=115788"}],"wp:featuredmedia":[{"embeddable":true,"href":"https:\/\/tourtravelandmore.com\/es\/wp-json\/wp\/v2\/media\/115819"}],"wp:attachment":[{"href":"https:\/\/tourtravelandmore.com\/es\/wp-json\/wp\/v2\/media?parent=115788"}],"wp:term":[{"taxonomy":"product_brand","embeddable":true,"href":"https:\/\/tourtravelandmore.com\/es\/wp-json\/wp\/v2\/product_brand?post=115788"},{"taxonomy":"product_cat","embeddable":true,"href":"https:\/\/tourtravelandmore.com\/es\/wp-json\/wp\/v2\/product_cat?post=115788"},{"taxonomy":"product_tag","embeddable":true,"href":"https:\/\/tourtravelandmore.com\/es\/wp-json\/wp\/v2\/product_tag?post=115788"}],"curies":[{"name":"wp","href":"https:\/\/api.w.org\/{rel}","templated":true}]}}