{"id":115745,"date":"2021-12-18T15:58:52","date_gmt":"2021-12-18T14:58:52","guid":{"rendered":"https:\/\/tourtravelandmore.com\/?post_type=product&#038;p=115745"},"modified":"2023-11-03T11:25:53","modified_gmt":"2023-11-03T10:25:53","slug":"tour-a-los-templos-de-hagar-qim-y-mnajdra-desde-cualquier-ciudad","status":"publish","type":"product","link":"https:\/\/tourtravelandmore.com\/es\/tours\/malta-es\/valleta-mdina-es\/tour-a-los-templos-de-hagar-qim-y-mnajdra-desde-cualquier-ciudad\/","title":{"rendered":"Tour Privado a Los Templos de Hagar Qim y Mnajdra Desde Cualquier Ciudad"},"content":{"rendered":"<h2><b>Descripci\u00f3n del Tour a los templos de Hagar Qim y Mnajdra desde cualquier ciudad<\/b><\/h2>\n<p><span style=\"font-weight: 400;\">Malta no solo se destaca por sus impresionantes playas y su singular arquitectura medieval, sino que tambi\u00e9n es conocida porque en este archipi\u00e9lago se encuentran algunas de las construcciones m\u00e1s antiguas de la humanidad.\u00a0<\/span><\/p>\n<p><span style=\"font-weight: 400;\">En nuestro tour<\/span><b> privado a los templos de Hagar Qim y Mnajdra desde cualquier ciudad<\/b><span style=\"font-weight: 400;\">, tendr\u00e1s la oportunidad de admirar muy de cerca, entre otras cosas, un megal\u00edtico que pesa casi 60 toneladas. Tambi\u00e9n descubrir\u00e1s quienes construyeron estos templos y todos los secretos ocultos que se encuentran en estas monumentales estructuras.\u00a0<\/span><\/p>\n<p><span style=\"font-weight: 400;\">Este tour ser\u00e1 completamente personalizado. El recorrido inicia en un punto acordado y que sea m\u00e1s conveniente para ti.\u00a0<\/span><\/p>\n<p><span style=\"font-weight: 400;\">Desde all\u00ed, te trasladaremos en un c\u00f3modo coche hasta el sur de <\/span><span style=\"font-weight: 400;\">Malta para <\/span><b>llegar al templo de Hagar Quim<\/b><span style=\"font-weight: 400;\">, el cual data de unos 3200 a 3600 a\u00f1os a. C. <\/span><span style=\"font-weight: 400;\">A su lado est\u00e1n unas ruinas que se cree son m\u00e1s antiguas que el templo central y las cuales contienen 6 c\u00e1maras principales.<\/span><\/p>\n<p><span style=\"font-weight: 400;\">Sabemos que esta <\/span><b>fortaleza de piedra construida en \u00e9poca prehist\u00f3rica<\/b><span style=\"font-weight: 400;\"> te sorprender\u00e1 por completo.\u00a0<\/span><\/p>\n<p><span style=\"font-weight: 400;\">A solo unos 500 metros se encuentra el Mnjandr, otro de los famosos templos megal\u00edticos malteses.<\/span><\/p>\n<p><span style=\"font-weight: 400;\">Es una <\/span><b>estructura anterior a las pir\u00e1mides egipcias<\/b><span style=\"font-weight: 400;\"> y que se encuentra al sureste de Qrendi. Su construcci\u00f3n es de roca coralina, por lo que es m\u00e1s resistente que su hom\u00f3logo el Hagar Quim.\u00a0<\/span><\/p>\n<p><span style=\"font-weight: 400;\">All\u00ed, tendr\u00e1s una panor\u00e1mica visual imponente desde los acantilados que te cautivar\u00e1n por completo.\u00a0<\/span><\/p>\n<p><span style=\"font-weight: 400;\">Disfrutar\u00e1s de un recorrido exclusivo, en el cual el gu\u00eda privado te adentrar\u00e1 en la historia y en todas las caracter\u00edsticas resaltantes de estas imponentes construcciones, que fueron declaradas por la Unesco como Patrimonio Hist\u00f3rico de la Humanidad.\u00a0<\/span><\/p>\n<p><span style=\"font-weight: 400;\">Este tour privado de 8 horas incluye recogida y regreso al hotel o al punto c\u00e9ntrico que nos indiques.\u00a0<\/span><\/p>\n<h2><b>Puntos de inter\u00e9s en el Tour Privado a Los Templos de Hagar Qim y Mnajdra Desde Cualquier Ciudad<\/b><\/h2>\n<p><span style=\"font-weight: 400;\">El tour privado est\u00e1 planificado para que explores la historia de los grandes templos monol\u00edticos de Malta.<\/span><\/p>\n<p><span style=\"font-weight: 400;\">Lo imponente de estas construcciones neol\u00edticas a\u00fan causan muchas preguntas a los investigadores, y t\u00fa podr\u00e1s conocer toda la historia que envuelve Hagar Quim y Mnajdra.\u00a0<\/span><\/p>\n<h3><span style=\"color: #d3af37;\"><b>Hagar Quim<\/b><\/span><\/h3>\n<p><span style=\"font-weight: 400;\">Se trata de una de las estructuras sagradas m\u00e1s antiguas del mundo. Se cree que <\/span><b>tiene unos 5.000 a\u00f1os de antig\u00fcedad<\/b><span style=\"font-weight: 400;\">, pero su descubrimiento fue en el a\u00f1o 1839.<\/span><\/p>\n<p><span style=\"font-weight: 400;\">Este templo conserva una forma circular, la cual se asocia con \u201cla diosa de Malta\u201d; una deidad que los investigadores piensan que los primeros pobladores de la isla adoraban.\u00a0\u00a0<\/span><\/p>\n<p><span style=\"font-weight: 400;\">Conocer\u00e1s los datos y la informaci\u00f3n m\u00e1s relevante del sitio, puesto que el gu\u00eda privado estar\u00e1 atento para que no pierdas detalle en todo el recorrido.\u00a0<\/span><\/p>\n<p><span style=\"font-weight: 400;\">Asimismo, dentro de Hagar Quim est\u00e1 <\/span><b>el megalito m\u00e1s pesado de Malta<\/b><span style=\"font-weight: 400;\">, ya que tiene en promedio 5,2 metros de longitud y unas 57 toneladas de peso.\u00a0<\/span><\/p>\n<p><span style=\"font-weight: 400;\">Seg\u00fan los investigadores, en la \u00e9poca los constructores utilizaron rampas y piedras esf\u00e9ricas para llevar todo el material hasta el lugar.\u00a0<\/span><\/p>\n<p><span style=\"font-weight: 400;\">Tambi\u00e9n, ver\u00e1s el nicho y la c\u00e1mara de las mujeres: en el cual se encontraron distintas esculturas de mujeres gordas, que hoy en d\u00eda se exhiben en el museo de La Valeta.<\/span><\/p>\n<p><span style=\"font-weight: 400;\">Pero lo que m\u00e1s llama la atenci\u00f3n es el altar dentro de una de sus c\u00e1maras. El cual durante el solsticio de verano se ilumina por un agujero dise\u00f1ado en la pared exterior exclusivamente para cumplir esta funci\u00f3n.<\/span><\/p>\n<h3><span style=\"color: #d3af37;\"><b>Mnjandra<\/b><\/span><\/h3>\n<p><span style=\"font-weight: 400;\">En la costa sur de Malta, en el borde del acantilado, tambi\u00e9n se encuentra el templo monol\u00edtico Mnjandra. En nuestro tour privado vas a explorar cada rinc\u00f3n de este majestuoso monumento.\u00a0<\/span><\/p>\n<p><span style=\"font-weight: 400;\">Al igual que en el Hagar Kim, en este templo sus constructores hicieron distintos arreglos para detectar el d\u00eda exacto del solsticio de primavera y oto\u00f1o. Por eso, cuando amanece en ese d\u00eda, y solamente en ese d\u00eda, se ilumina una piedra en particular.\u00a0<\/span><\/p>\n<p><span style=\"font-weight: 400;\">Sus <\/span><b>monolitos son de piedra caliza<\/b><span style=\"font-weight: 400;\">, por lo cual es una estructura sumamente s\u00f3lida que data de hace m\u00e1s de 5.000 a\u00f1os.\u00a0<\/span><\/p>\n<p><span style=\"font-weight: 400;\">Estos dos templos son sitios magn\u00edficos que no puedes dejar de conocer. Al finalizar, te llevaremos de retorno hasta el lugar acordado.<\/span><\/p>\n<p><span style=\"font-weight: 400;\">Si deseas que tu visita a Malta sea lo m\u00e1s completa posible, debes complementar tu paseo con un <\/span><b><a href=\"https:\/\/tourtravelandmore.com\/es\/tours\/malta-es\/valleta-mdina-es\/tour-privado-a-gozo-desde-malta\/\">tour a Gozo desde Malta<\/a>,<\/b><span style=\"font-weight: 400;\"> para que recorras esta isla considerada una de las m\u00e1s llamativas de este archipi\u00e9lago. <\/span><\/p>\n","protected":false},"excerpt":{"rendered":"<p><span style=\"font-weight: 400;\">En este <\/span><b>tour privado a los templos de Hagar Qim y Mnajdra desde cualquier ciudad<\/b><span style=\"font-weight: 400;\">, descubrir\u00e1s algunas de las construcciones m\u00e1s antiguas hechas por la humanidad. En compa\u00f1\u00eda de un gu\u00eda privado y en un c\u00f3modo coche, te trasladaremos hasta el sur de Malta para que te maravilles con estos templos que albergan los monol\u00edticos m\u00e1s grandes de toda la isla<\/span><\/p>\n","protected":false},"featured_media":115764,"comment_status":"open","ping_status":"closed","template":"","meta":{"_acf_changed":false},"product_brand":[],"product_cat":[1609,1010,1011,1012],"product_tag":[],"class_list":{"0":"post-115745","1":"product","2":"type-product","3":"status-publish","4":"has-post-thumbnail","6":"product_cat-malta-es","7":"product_cat-valleta-mdina-es","8":"product_cat-valleta-mdina-actividades-es","9":"product_cat-valleta-mdina-rutas-turisticas-privadas-es","11":"first","12":"instock","13":"shipping-taxable","14":"purchasable","15":"product-type-simple"},"acf":[],"yoast_head":"<!-- This site is optimized with the Yoast SEO Premium plugin v25.3.1 (Yoast SEO v25.3.1) - https:\/\/yoast.com\/wordpress\/plugins\/seo\/ -->\n<title>\u27a1\ufe0f Tour privado a los templos de Hagar Qim y Mnajdra | Tour Travel &amp; More<\/title>\n<meta name=\"description\" content=\"\u00bfQuieres conocer algunos de los templos monol\u00edticos m\u00e1s impresionantes y antiguos del mundo? Descubre los templos de Hagar Qim y Mnajdra \u2705\" \/>\n<meta name=\"robots\" content=\"index, follow, max-snippet:-1, max-image-preview:large, max-video-preview:-1\" \/>\n<link rel=\"canonical\" href=\"https:\/\/tourtravelandmore.com\/es\/tours\/malta-es\/valleta-mdina-es\/tour-a-los-templos-de-hagar-qim-y-mnajdra-desde-cualquier-ciudad\/\" \/>\n<meta property=\"og:locale\" content=\"es_ES\" \/>\n<meta property=\"og:type\" content=\"article\" \/>\n<meta property=\"og:title\" content=\"Tour Privado a Los Templos de Hagar Qim y Mnajdra Desde Cualquier Ciudad\" \/>\n<meta property=\"og:description\" content=\"\u00bfQuieres conocer algunos de los templos monol\u00edticos m\u00e1s impresionantes y antiguos del mundo? Descubre los templos de Hagar Qim y Mnajdra \u2705\" \/>\n<meta property=\"og:url\" content=\"https:\/\/tourtravelandmore.com\/es\/tours\/malta-es\/valleta-mdina-es\/tour-a-los-templos-de-hagar-qim-y-mnajdra-desde-cualquier-ciudad\/\" \/>\n<meta property=\"og:site_name\" content=\"Tour Travel And More\" \/>\n<meta property=\"article:publisher\" content=\"https:\/\/www.facebook.com\/tourtravelandmore\/\" \/>\n<meta property=\"article:modified_time\" content=\"2023-11-03T10:25:53+00:00\" \/>\n<meta property=\"og:image\" content=\"https:\/\/tourtravelandmore.com\/wp-content\/uploads\/2021\/12\/image1-7.jpg\" \/>\n\t<meta property=\"og:image:width\" content=\"612\" \/>\n\t<meta property=\"og:image:height\" content=\"408\" \/>\n\t<meta property=\"og:image:type\" content=\"image\/jpeg\" \/>\n<meta name=\"twitter:card\" content=\"summary_large_image\" \/>\n<meta name=\"twitter:site\" content=\"@TourTravel_More\" \/>\n<meta name=\"twitter:label1\" content=\"Tiempo de lectura\" \/>\n\t<meta name=\"twitter:data1\" content=\"4 minutos\" \/>\n<script type=\"application\/ld+json\" class=\"yoast-schema-graph\">{\"@context\":\"https:\/\/schema.org\",\"@graph\":[{\"@type\":\"WebPage\",\"@id\":\"https:\/\/tourtravelandmore.com\/es\/tours\/malta-es\/valleta-mdina-es\/tour-a-los-templos-de-hagar-qim-y-mnajdra-desde-cualquier-ciudad\/\",\"url\":\"https:\/\/tourtravelandmore.com\/es\/tours\/malta-es\/valleta-mdina-es\/tour-a-los-templos-de-hagar-qim-y-mnajdra-desde-cualquier-ciudad\/\",\"name\":\"\u27a1\ufe0f Tour privado a los templos de Hagar Qim y Mnajdra | Tour Travel & More\",\"isPartOf\":{\"@id\":\"https:\/\/tourtravelandmore.com\/es\/#website\"},\"primaryImageOfPage\":{\"@id\":\"https:\/\/tourtravelandmore.com\/es\/tours\/malta-es\/valleta-mdina-es\/tour-a-los-templos-de-hagar-qim-y-mnajdra-desde-cualquier-ciudad\/#primaryimage\"},\"image\":{\"@id\":\"https:\/\/tourtravelandmore.com\/es\/tours\/malta-es\/valleta-mdina-es\/tour-a-los-templos-de-hagar-qim-y-mnajdra-desde-cualquier-ciudad\/#primaryimage\"},\"thumbnailUrl\":\"https:\/\/tourtravelandmore.com\/wp-content\/uploads\/2021\/12\/image1-7.jpg\",\"datePublished\":\"2021-12-18T14:58:52+00:00\",\"dateModified\":\"2023-11-03T10:25:53+00:00\",\"description\":\"\u00bfQuieres conocer algunos de los templos monol\u00edticos m\u00e1s impresionantes y antiguos del mundo? Descubre los templos de Hagar Qim y Mnajdra \u2705\",\"breadcrumb\":{\"@id\":\"https:\/\/tourtravelandmore.com\/es\/tours\/malta-es\/valleta-mdina-es\/tour-a-los-templos-de-hagar-qim-y-mnajdra-desde-cualquier-ciudad\/#breadcrumb\"},\"inLanguage\":\"es\",\"potentialAction\":[{\"@type\":\"ReadAction\",\"target\":[\"https:\/\/tourtravelandmore.com\/es\/tours\/malta-es\/valleta-mdina-es\/tour-a-los-templos-de-hagar-qim-y-mnajdra-desde-cualquier-ciudad\/\"]}]},{\"@type\":\"ImageObject\",\"inLanguage\":\"es\",\"@id\":\"https:\/\/tourtravelandmore.com\/es\/tours\/malta-es\/valleta-mdina-es\/tour-a-los-templos-de-hagar-qim-y-mnajdra-desde-cualquier-ciudad\/#primaryimage\",\"url\":\"https:\/\/tourtravelandmore.com\/wp-content\/uploads\/2021\/12\/image1-7.jpg\",\"contentUrl\":\"https:\/\/tourtravelandmore.com\/wp-content\/uploads\/2021\/12\/image1-7.jpg\",\"width\":612,\"height\":408},{\"@type\":\"BreadcrumbList\",\"@id\":\"https:\/\/tourtravelandmore.com\/es\/tours\/malta-es\/valleta-mdina-es\/tour-a-los-templos-de-hagar-qim-y-mnajdra-desde-cualquier-ciudad\/#breadcrumb\",\"itemListElement\":[{\"@type\":\"ListItem\",\"position\":1,\"name\":\"Home\",\"item\":\"https:\/\/tourtravelandmore.com\/es\/\"},{\"@type\":\"ListItem\",\"position\":2,\"name\":\"Tours\",\"item\":\"https:\/\/tourtravelandmore.com\/es\/tours\/\"},{\"@type\":\"ListItem\",\"position\":3,\"name\":\"Tour Privado a Los Templos de Hagar Qim y Mnajdra Desde Cualquier Ciudad\"}]},{\"@type\":\"WebSite\",\"@id\":\"https:\/\/tourtravelandmore.com\/es\/#website\",\"url\":\"https:\/\/tourtravelandmore.com\/es\/\",\"name\":\"Tour Travel And More\",\"description\":\"Private sightseeing tours and luxury transfers in Spain\",\"publisher\":{\"@id\":\"https:\/\/tourtravelandmore.com\/es\/#organization\"},\"potentialAction\":[{\"@type\":\"SearchAction\",\"target\":{\"@type\":\"EntryPoint\",\"urlTemplate\":\"https:\/\/tourtravelandmore.com\/es\/?s={search_term_string}\"},\"query-input\":{\"@type\":\"PropertyValueSpecification\",\"valueRequired\":true,\"valueName\":\"search_term_string\"}}],\"inLanguage\":\"es\"},{\"@type\":\"Organization\",\"@id\":\"https:\/\/tourtravelandmore.com\/es\/#organization\",\"name\":\"Tour Travel And More\",\"url\":\"https:\/\/tourtravelandmore.com\/es\/\",\"logo\":{\"@type\":\"ImageObject\",\"inLanguage\":\"es\",\"@id\":\"https:\/\/tourtravelandmore.com\/es\/#\/schema\/logo\/image\/\",\"url\":\"https:\/\/tourtravelandmore.com\/wp-content\/uploads\/2022\/12\/cropped-logo-cabecera-new.png\",\"contentUrl\":\"https:\/\/tourtravelandmore.com\/wp-content\/uploads\/2022\/12\/cropped-logo-cabecera-new.png\",\"width\":430,\"height\":61,\"caption\":\"Tour Travel And More\"},\"image\":{\"@id\":\"https:\/\/tourtravelandmore.com\/es\/#\/schema\/logo\/image\/\"},\"sameAs\":[\"https:\/\/www.facebook.com\/tourtravelandmore\/\",\"https:\/\/x.com\/TourTravel_More\"]}]}<\/script>\n<!-- \/ Yoast SEO Premium plugin. -->","yoast_head_json":{"title":"\u27a1\ufe0f Tour privado a los templos de Hagar Qim y Mnajdra | Tour Travel & More","description":"\u00bfQuieres conocer algunos de los templos monol\u00edticos m\u00e1s impresionantes y antiguos del mundo? Descubre los templos de Hagar Qim y Mnajdra \u2705","robots":{"index":"index","follow":"follow","max-snippet":"max-snippet:-1","max-image-preview":"max-image-preview:large","max-video-preview":"max-video-preview:-1"},"canonical":"https:\/\/tourtravelandmore.com\/es\/tours\/malta-es\/valleta-mdina-es\/tour-a-los-templos-de-hagar-qim-y-mnajdra-desde-cualquier-ciudad\/","og_locale":"es_ES","og_type":"article","og_title":"Tour Privado a Los Templos de Hagar Qim y Mnajdra Desde Cualquier Ciudad","og_description":"\u00bfQuieres conocer algunos de los templos monol\u00edticos m\u00e1s impresionantes y antiguos del mundo? Descubre los templos de Hagar Qim y Mnajdra \u2705","og_url":"https:\/\/tourtravelandmore.com\/es\/tours\/malta-es\/valleta-mdina-es\/tour-a-los-templos-de-hagar-qim-y-mnajdra-desde-cualquier-ciudad\/","og_site_name":"Tour Travel And More","article_publisher":"https:\/\/www.facebook.com\/tourtravelandmore\/","article_modified_time":"2023-11-03T10:25:53+00:00","og_image":[{"width":612,"height":408,"url":"https:\/\/tourtravelandmore.com\/wp-content\/uploads\/2021\/12\/image1-7.jpg","type":"image\/jpeg"}],"twitter_card":"summary_large_image","twitter_site":"@TourTravel_More","twitter_misc":{"Tiempo de lectura":"4 minutos"},"schema":{"@context":"https:\/\/schema.org","@graph":[{"@type":"WebPage","@id":"https:\/\/tourtravelandmore.com\/es\/tours\/malta-es\/valleta-mdina-es\/tour-a-los-templos-de-hagar-qim-y-mnajdra-desde-cualquier-ciudad\/","url":"https:\/\/tourtravelandmore.com\/es\/tours\/malta-es\/valleta-mdina-es\/tour-a-los-templos-de-hagar-qim-y-mnajdra-desde-cualquier-ciudad\/","name":"\u27a1\ufe0f Tour privado a los templos de Hagar Qim y Mnajdra | Tour Travel & More","isPartOf":{"@id":"https:\/\/tourtravelandmore.com\/es\/#website"},"primaryImageOfPage":{"@id":"https:\/\/tourtravelandmore.com\/es\/tours\/malta-es\/valleta-mdina-es\/tour-a-los-templos-de-hagar-qim-y-mnajdra-desde-cualquier-ciudad\/#primaryimage"},"image":{"@id":"https:\/\/tourtravelandmore.com\/es\/tours\/malta-es\/valleta-mdina-es\/tour-a-los-templos-de-hagar-qim-y-mnajdra-desde-cualquier-ciudad\/#primaryimage"},"thumbnailUrl":"https:\/\/tourtravelandmore.com\/wp-content\/uploads\/2021\/12\/image1-7.jpg","datePublished":"2021-12-18T14:58:52+00:00","dateModified":"2023-11-03T10:25:53+00:00","description":"\u00bfQuieres conocer algunos de los templos monol\u00edticos m\u00e1s impresionantes y antiguos del mundo? Descubre los templos de Hagar Qim y Mnajdra \u2705","breadcrumb":{"@id":"https:\/\/tourtravelandmore.com\/es\/tours\/malta-es\/valleta-mdina-es\/tour-a-los-templos-de-hagar-qim-y-mnajdra-desde-cualquier-ciudad\/#breadcrumb"},"inLanguage":"es","potentialAction":[{"@type":"ReadAction","target":["https:\/\/tourtravelandmore.com\/es\/tours\/malta-es\/valleta-mdina-es\/tour-a-los-templos-de-hagar-qim-y-mnajdra-desde-cualquier-ciudad\/"]}]},{"@type":"ImageObject","inLanguage":"es","@id":"https:\/\/tourtravelandmore.com\/es\/tours\/malta-es\/valleta-mdina-es\/tour-a-los-templos-de-hagar-qim-y-mnajdra-desde-cualquier-ciudad\/#primaryimage","url":"https:\/\/tourtravelandmore.com\/wp-content\/uploads\/2021\/12\/image1-7.jpg","contentUrl":"https:\/\/tourtravelandmore.com\/wp-content\/uploads\/2021\/12\/image1-7.jpg","width":612,"height":408},{"@type":"BreadcrumbList","@id":"https:\/\/tourtravelandmore.com\/es\/tours\/malta-es\/valleta-mdina-es\/tour-a-los-templos-de-hagar-qim-y-mnajdra-desde-cualquier-ciudad\/#breadcrumb","itemListElement":[{"@type":"ListItem","position":1,"name":"Home","item":"https:\/\/tourtravelandmore.com\/es\/"},{"@type":"ListItem","position":2,"name":"Tours","item":"https:\/\/tourtravelandmore.com\/es\/tours\/"},{"@type":"ListItem","position":3,"name":"Tour Privado a Los Templos de Hagar Qim y Mnajdra Desde Cualquier Ciudad"}]},{"@type":"WebSite","@id":"https:\/\/tourtravelandmore.com\/es\/#website","url":"https:\/\/tourtravelandmore.com\/es\/","name":"Tour Travel And More","description":"Private sightseeing tours and luxury transfers in Spain","publisher":{"@id":"https:\/\/tourtravelandmore.com\/es\/#organization"},"potentialAction":[{"@type":"SearchAction","target":{"@type":"EntryPoint","urlTemplate":"https:\/\/tourtravelandmore.com\/es\/?s={search_term_string}"},"query-input":{"@type":"PropertyValueSpecification","valueRequired":true,"valueName":"search_term_string"}}],"inLanguage":"es"},{"@type":"Organization","@id":"https:\/\/tourtravelandmore.com\/es\/#organization","name":"Tour Travel And More","url":"https:\/\/tourtravelandmore.com\/es\/","logo":{"@type":"ImageObject","inLanguage":"es","@id":"https:\/\/tourtravelandmore.com\/es\/#\/schema\/logo\/image\/","url":"https:\/\/tourtravelandmore.com\/wp-content\/uploads\/2022\/12\/cropped-logo-cabecera-new.png","contentUrl":"https:\/\/tourtravelandmore.com\/wp-content\/uploads\/2022\/12\/cropped-logo-cabecera-new.png","width":430,"height":61,"caption":"Tour Travel And More"},"image":{"@id":"https:\/\/tourtravelandmore.com\/es\/#\/schema\/logo\/image\/"},"sameAs":["https:\/\/www.facebook.com\/tourtravelandmore\/","https:\/\/x.com\/TourTravel_More"]}]}},"_links":{"self":[{"href":"https:\/\/tourtravelandmore.com\/es\/wp-json\/wp\/v2\/product\/115745","targetHints":{"allow":["GET"]}}],"collection":[{"href":"https:\/\/tourtravelandmore.com\/es\/wp-json\/wp\/v2\/product"}],"about":[{"href":"https:\/\/tourtravelandmore.com\/es\/wp-json\/wp\/v2\/types\/product"}],"replies":[{"embeddable":true,"href":"https:\/\/tourtravelandmore.com\/es\/wp-json\/wp\/v2\/comments?post=115745"}],"wp:featuredmedia":[{"embeddable":true,"href":"https:\/\/tourtravelandmore.com\/es\/wp-json\/wp\/v2\/media\/115764"}],"wp:attachment":[{"href":"https:\/\/tourtravelandmore.com\/es\/wp-json\/wp\/v2\/media?parent=115745"}],"wp:term":[{"taxonomy":"product_brand","embeddable":true,"href":"https:\/\/tourtravelandmore.com\/es\/wp-json\/wp\/v2\/product_brand?post=115745"},{"taxonomy":"product_cat","embeddable":true,"href":"https:\/\/tourtravelandmore.com\/es\/wp-json\/wp\/v2\/product_cat?post=115745"},{"taxonomy":"product_tag","embeddable":true,"href":"https:\/\/tourtravelandmore.com\/es\/wp-json\/wp\/v2\/product_tag?post=115745"}],"curies":[{"name":"wp","href":"https:\/\/api.w.org\/{rel}","templated":true}]}}