{"id":115690,"date":"2021-12-17T16:46:42","date_gmt":"2021-12-17T15:46:43","guid":{"rendered":"https:\/\/tourtravelandmore.com\/?post_type=product&#038;p=115690"},"modified":"2023-11-03T11:22:57","modified_gmt":"2023-11-03T10:22:57","slug":"tour-privado-a-rabat-mosta-a-la-iglesia-de-mosta-y-al-palazzo-parisio-desde-cualquier-ciudad","status":"publish","type":"product","link":"https:\/\/tourtravelandmore.com\/es\/tours\/malta-es\/valleta-mdina-es\/tour-privado-a-rabat-mosta-a-la-iglesia-de-mosta-y-al-palazzo-parisio-desde-cualquier-ciudad\/","title":{"rendered":"Tour Privado a Rabat, Mosta, a la iglesia de Mosta y al Palazzo Parisio desde cualquier ciudad"},"content":{"rendered":"<h2><b>Descripci\u00f3n del Tour Privado a Rabat, Mosta, a la iglesia de Mosta y al Palazzo Parisio desde cualquier ciudad<\/b><\/h2>\n<p><span style=\"font-weight: 400;\">A pesar de ser uno de los estados m\u00e1s peque\u00f1os de la Uni\u00f3n Europea, La Rep\u00fablica de Malta tiene grandes atractivos tur\u00edsticos y culturales que son paradas recomendadas para visitar.\u00a0<\/span><\/p>\n<p><span style=\"font-weight: 400;\">En este tour<\/span><b> a Rabat, Mosta, a la iglesia de Mosta y al Palazzo Parisio,<\/b><span style=\"font-weight: 400;\"> conocer\u00e1s la emblem\u00e1tica arquitectura barroca de Malta, as\u00ed como las joyas ocultas de este maravilloso archipi\u00e9lago.\u00a0<\/span><\/p>\n<p><span style=\"font-weight: 400;\">El tour ser\u00e1 completamente personalizado. Durante el recorrido ir\u00e1s en compa\u00f1\u00eda de un gu\u00eda privado que se encargar\u00e1 de darte a conocer los datos m\u00e1s relevantes de cada parada. Tambi\u00e9n, ver\u00e1s los sitios m\u00e1s atractivos de cada punto de inter\u00e9s para que no te pierdas detalle alguno.\u00a0<\/span><\/p>\n<p><span style=\"font-weight: 400;\">Todo el traslado ser\u00e1 en un confortable coche privado a trav\u00e9s de rutas de impresionante belleza mediterr\u00e1nea.\u00a0<\/span><\/p>\n<p><span style=\"font-weight: 400;\">El encuentro ser\u00e1 en el sitio que desees. De esta manera, tendr\u00e1s mayor comodidad para relajarte durante la excursi\u00f3n y para ajustar el horario a tu conveniencia.\u00a0<\/span><\/p>\n<p><span style=\"font-weight: 400;\">En esta excursi\u00f3n descubrir\u00e1s la Iglesia de Mosta, la cual tiene la tercera c\u00fapula m\u00e1s grande de Europa. Adem\u00e1s, iremos al Palazzo Parisio, una hermosa edificaci\u00f3n del siglo XX que te cautivar\u00e1 con su elegante arquitectura y sus jardines de imponente majestuosidad.\u00a0<\/span><\/p>\n<p><span style=\"font-weight: 400;\">Asimismo, en Rabat te sorprender\u00e1s con sus catacumbas y conocer\u00e1s la historia de la ciudad, la cual sirvi\u00f3 en la antig\u00fcedad como cementerio para los romanos quienes construyeron un verdadero laberinto en las profundidades de la urbe.\u00a0<\/span><\/p>\n<p><span style=\"font-weight: 400;\">Todo eso y m\u00e1s vas a explorar en este tour<\/span><b> a Rabat, Mosta, a la iglesia de Mosta y al Palazzo Parisio desde cualquier ciudad<\/b><\/p>\n<h2><span style=\"color: #d3af37;\"><b>Puntos de inter\u00e9s en el Tour Privado a Rabat, Mosta, a la iglesia de Mosta y al Palazzo Parisio desde cualquier ciudad<\/b><\/span><\/h2>\n<p><span style=\"font-weight: 400;\">Ser\u00e1 un paseo inolvidable por cada uno de los sitios de inter\u00e9s que recorrer\u00e1s en este <\/span><b>tour privado. <\/b><span style=\"font-weight: 400;\">Estar\u00e1s<\/span> <span style=\"font-weight: 400;\">envuelto en historia, belleza y misticismo durante 8 horas en esta excursi\u00f3n exclusiva.\u00a0<\/span><\/p>\n<h3><span style=\"color: #d3af37;\"><b>Rabat\u00a0<\/b><\/span><\/h3>\n<p><span style=\"font-weight: 400;\">En esta ciudad de origen \u00c1rabe, las Catacumbas de St. Paul y St. Agatha son una parada obligatoria. Aunque no son tan grandes como las de Roma o Par\u00eds, s\u00ed te fascinar\u00e1n, puesto que est\u00e1n llenas de la historia de los cristianos y los tiempos del ocultismo. Inclusive, se dice que el mismo San Pablo se escondi\u00f3 en ellas huyendo de los romanos.<\/span><\/p>\n<p><span style=\"font-weight: 400;\">Tambi\u00e9n, vas a poder admirar muchos restos de las <\/span><b>construcciones romanas<\/b><span style=\"font-weight: 400;\"> y algunos <\/span><b>edificios medievales<\/b><span style=\"font-weight: 400;\"> de gran belleza arquitect\u00f3nica.\u00a0<\/span><\/p>\n<h3><span style=\"color: #d3af37;\"><b>Mosta y la Iglesia de Mosta<\/b><\/span><\/h3>\n<p><span style=\"font-weight: 400;\">Al llegar a Mosta visitaremos la emblem\u00e1tica iglesia de Nuestra Se\u00f1ora de la Asunci\u00f3n, tambi\u00e9n conocida como la Rotunda de Mosta, cuya belleza es comparable a la iglesia de San Pedro en el Vaticano.\u00a0<\/span><\/p>\n<p><span style=\"font-weight: 400;\">Esta iglesia tiene la c\u00fapula m\u00e1s grande de la Rep\u00fablica de Malta y la tercera de toda Europa. Igualmente, es una edificaci\u00f3n con mucha historia.\u00a0<\/span><\/p>\n<p><span style=\"font-weight: 400;\">Es una de las m\u00e1s llamativas y en ella se refugiaron m\u00e1s de 300 personas durante la II Guerra Mundial en 1942. Durante ese tiempo, la c\u00fapula sirvi\u00f3 como b\u00fanker de guerra protegiendo a toda la gente que se encontraba dentro de la edificaci\u00f3n.\u00a0<\/span><\/p>\n<h3><span style=\"color: #d3af37;\"><b>Palazzo Parisio<\/b><\/span><\/h3>\n<p><span style=\"font-weight: 400;\">El Palazzo Parisio ser\u00e1 otra de las paradas en esta excursi\u00f3n privada. En este lugar podr\u00e1s conocer la espl\u00e9ndida arquitectura barroca-siciliana y sus maravillosos jardines.\u00a0<\/span><\/p>\n<p><span style=\"font-weight: 400;\">Se trata de una antigua residencia de verano construida inicialmente en el a\u00f1o 1733. Luego fue redise\u00f1ada por el marqu\u00e9s Scicluna entre el a\u00f1o 1900 y 1907 para utilizarla como vivienda temporal para la aristocracia.\u00a0<\/span><\/p>\n<p><span style=\"font-weight: 400;\">Sus jardines amurallados est\u00e1n llenos de gracia y encanto; adem\u00e1s, cuentan con un glorioso toque italiano.\u00a0<\/span><\/p>\n<p><span style=\"font-weight: 400;\">El interior del Palacio tambi\u00e9n es un todo un espect\u00e1culo. Si te adentras un poco, vas a admirar de cerca su sal\u00f3n de baile, la capilla privada y los salones de banquete llenos de lujo y elegancia por todos lados.\u00a0<\/span><\/p>\n<p><span style=\"font-weight: 400;\">Esta <\/span><b>excursi\u00f3n privada a Rabat, Mosta, a la iglesia de Mosta y al Palazzo Parisio desde cualquier ciudad<\/b><span style=\"font-weight: 400;\">, te dejar\u00e1 gratos e inolvidables recuerdos, ya que ser\u00e1 un recorrido hist\u00f3rico y cultural muy completo, c\u00f3modo y personalizado.\u00a0<\/span><\/p>\n<p><span style=\"font-weight: 400;\">Adem\u00e1s, para que completes tu viaje por Malta, puedes tomar un <\/span><a href=\"https:\/\/tourtravelandmore.com\/es\/tours\/malta-es\/valleta-mdina-es\/tour-de-la-valeta-y-vittoriosa-y-mdina-desde-cualquier-ciudad\/\"><b>tour de La Valeta y Vittoriosa y Mdina<\/b><\/a><span style=\"font-weight: 400;\">. De esta manera, conocer\u00e1s las ciudades m\u00e1s emblem\u00e1ticas del archipi\u00e9lago maltes.\u00a0<\/span><\/p>\n","protected":false},"excerpt":{"rendered":"<p><span style=\"font-weight: 400;\">Aparta 8 horas para conocer la iglesia de Mosta y el Palazzo Parisio, entre otros lugares de inter\u00e9s, en un <\/span><b>tour a Rabat, Mosta, a la iglesia de Mosta y al Palazzo Parisio<\/b> <b>desde cualquier ciudad.<\/b><span style=\"font-weight: 400;\"> Ser\u00e1 un paseo que incluye algo m\u00e1s que solo entretenimiento, ya que ir\u00e1s con un gu\u00eda privado, en un coche confortable, a explorar algunas de las joyas ocultas de Malta.<\/span><\/p>\n","protected":false},"featured_media":115715,"comment_status":"open","ping_status":"closed","template":"","meta":{"_acf_changed":false},"product_brand":[],"product_cat":[1609,1010,1011,1012],"product_tag":[],"class_list":{"0":"post-115690","1":"product","2":"type-product","3":"status-publish","4":"has-post-thumbnail","6":"product_cat-malta-es","7":"product_cat-valleta-mdina-es","8":"product_cat-valleta-mdina-actividades-es","9":"product_cat-valleta-mdina-rutas-turisticas-privadas-es","11":"first","12":"instock","13":"shipping-taxable","14":"purchasable","15":"product-type-simple"},"acf":[],"yoast_head":"<!-- This site is optimized with the Yoast SEO Premium plugin v25.3.1 (Yoast SEO v25.3.1) - https:\/\/yoast.com\/wordpress\/plugins\/seo\/ -->\n<title>\u27a1\ufe0f Tour privado a Rabat y Mosta, la iglesia de Mosta y al Palazzo Parisio<\/title>\n<meta name=\"description\" content=\"Explora la majestuosa ciudad de Rabat, la iglesia de Mosta y el Palazzo Parisio en un tour privado de 8 horas con gu\u00eda y coche privado \u2705\" \/>\n<meta name=\"robots\" content=\"index, follow, max-snippet:-1, max-image-preview:large, max-video-preview:-1\" \/>\n<link rel=\"canonical\" href=\"https:\/\/tourtravelandmore.com\/es\/tours\/malta-es\/valleta-mdina-es\/tour-privado-a-rabat-mosta-a-la-iglesia-de-mosta-y-al-palazzo-parisio-desde-cualquier-ciudad\/\" \/>\n<meta property=\"og:locale\" content=\"es_ES\" \/>\n<meta property=\"og:type\" content=\"article\" \/>\n<meta property=\"og:title\" content=\"Tour Privado a Rabat, Mosta, a la iglesia de Mosta y al Palazzo Parisio desde cualquier ciudad\" \/>\n<meta property=\"og:description\" content=\"Explora la majestuosa ciudad de Rabat, la iglesia de Mosta y el Palazzo Parisio en un tour privado de 8 horas con gu\u00eda y coche privado \u2705\" \/>\n<meta property=\"og:url\" content=\"https:\/\/tourtravelandmore.com\/es\/tours\/malta-es\/valleta-mdina-es\/tour-privado-a-rabat-mosta-a-la-iglesia-de-mosta-y-al-palazzo-parisio-desde-cualquier-ciudad\/\" \/>\n<meta property=\"og:site_name\" content=\"Tour Travel And More\" \/>\n<meta property=\"article:publisher\" content=\"https:\/\/www.facebook.com\/tourtravelandmore\/\" \/>\n<meta property=\"article:modified_time\" content=\"2023-11-03T10:22:57+00:00\" \/>\n<meta property=\"og:image\" content=\"https:\/\/tourtravelandmore.com\/wp-content\/uploads\/2021\/12\/image3-7.jpg\" \/>\n\t<meta property=\"og:image:width\" content=\"910\" \/>\n\t<meta property=\"og:image:height\" content=\"886\" \/>\n\t<meta property=\"og:image:type\" content=\"image\/jpeg\" \/>\n<meta name=\"twitter:card\" content=\"summary_large_image\" \/>\n<meta name=\"twitter:site\" content=\"@TourTravel_More\" \/>\n<meta name=\"twitter:label1\" content=\"Tiempo de lectura\" \/>\n\t<meta name=\"twitter:data1\" content=\"4 minutos\" \/>\n<script type=\"application\/ld+json\" class=\"yoast-schema-graph\">{\"@context\":\"https:\/\/schema.org\",\"@graph\":[{\"@type\":\"WebPage\",\"@id\":\"https:\/\/tourtravelandmore.com\/es\/tours\/malta-es\/valleta-mdina-es\/tour-privado-a-rabat-mosta-a-la-iglesia-de-mosta-y-al-palazzo-parisio-desde-cualquier-ciudad\/\",\"url\":\"https:\/\/tourtravelandmore.com\/es\/tours\/malta-es\/valleta-mdina-es\/tour-privado-a-rabat-mosta-a-la-iglesia-de-mosta-y-al-palazzo-parisio-desde-cualquier-ciudad\/\",\"name\":\"\u27a1\ufe0f Tour privado a Rabat y Mosta, la iglesia de Mosta y al Palazzo Parisio\",\"isPartOf\":{\"@id\":\"https:\/\/tourtravelandmore.com\/es\/#website\"},\"primaryImageOfPage\":{\"@id\":\"https:\/\/tourtravelandmore.com\/es\/tours\/malta-es\/valleta-mdina-es\/tour-privado-a-rabat-mosta-a-la-iglesia-de-mosta-y-al-palazzo-parisio-desde-cualquier-ciudad\/#primaryimage\"},\"image\":{\"@id\":\"https:\/\/tourtravelandmore.com\/es\/tours\/malta-es\/valleta-mdina-es\/tour-privado-a-rabat-mosta-a-la-iglesia-de-mosta-y-al-palazzo-parisio-desde-cualquier-ciudad\/#primaryimage\"},\"thumbnailUrl\":\"https:\/\/tourtravelandmore.com\/wp-content\/uploads\/2021\/12\/image3-7.jpg\",\"datePublished\":\"2021-12-17T15:46:43+00:00\",\"dateModified\":\"2023-11-03T10:22:57+00:00\",\"description\":\"Explora la majestuosa ciudad de Rabat, la iglesia de Mosta y el Palazzo Parisio en un tour privado de 8 horas con gu\u00eda y coche privado \u2705\",\"breadcrumb\":{\"@id\":\"https:\/\/tourtravelandmore.com\/es\/tours\/malta-es\/valleta-mdina-es\/tour-privado-a-rabat-mosta-a-la-iglesia-de-mosta-y-al-palazzo-parisio-desde-cualquier-ciudad\/#breadcrumb\"},\"inLanguage\":\"es\",\"potentialAction\":[{\"@type\":\"ReadAction\",\"target\":[\"https:\/\/tourtravelandmore.com\/es\/tours\/malta-es\/valleta-mdina-es\/tour-privado-a-rabat-mosta-a-la-iglesia-de-mosta-y-al-palazzo-parisio-desde-cualquier-ciudad\/\"]}]},{\"@type\":\"ImageObject\",\"inLanguage\":\"es\",\"@id\":\"https:\/\/tourtravelandmore.com\/es\/tours\/malta-es\/valleta-mdina-es\/tour-privado-a-rabat-mosta-a-la-iglesia-de-mosta-y-al-palazzo-parisio-desde-cualquier-ciudad\/#primaryimage\",\"url\":\"https:\/\/tourtravelandmore.com\/wp-content\/uploads\/2021\/12\/image3-7.jpg\",\"contentUrl\":\"https:\/\/tourtravelandmore.com\/wp-content\/uploads\/2021\/12\/image3-7.jpg\",\"width\":910,\"height\":886},{\"@type\":\"BreadcrumbList\",\"@id\":\"https:\/\/tourtravelandmore.com\/es\/tours\/malta-es\/valleta-mdina-es\/tour-privado-a-rabat-mosta-a-la-iglesia-de-mosta-y-al-palazzo-parisio-desde-cualquier-ciudad\/#breadcrumb\",\"itemListElement\":[{\"@type\":\"ListItem\",\"position\":1,\"name\":\"Home\",\"item\":\"https:\/\/tourtravelandmore.com\/es\/\"},{\"@type\":\"ListItem\",\"position\":2,\"name\":\"Tours\",\"item\":\"https:\/\/tourtravelandmore.com\/es\/tours\/\"},{\"@type\":\"ListItem\",\"position\":3,\"name\":\"Tour Privado a Rabat, Mosta, a la iglesia de Mosta y al Palazzo Parisio desde cualquier ciudad\"}]},{\"@type\":\"WebSite\",\"@id\":\"https:\/\/tourtravelandmore.com\/es\/#website\",\"url\":\"https:\/\/tourtravelandmore.com\/es\/\",\"name\":\"Tour Travel And More\",\"description\":\"Private sightseeing tours and luxury transfers in Spain\",\"publisher\":{\"@id\":\"https:\/\/tourtravelandmore.com\/es\/#organization\"},\"potentialAction\":[{\"@type\":\"SearchAction\",\"target\":{\"@type\":\"EntryPoint\",\"urlTemplate\":\"https:\/\/tourtravelandmore.com\/es\/?s={search_term_string}\"},\"query-input\":{\"@type\":\"PropertyValueSpecification\",\"valueRequired\":true,\"valueName\":\"search_term_string\"}}],\"inLanguage\":\"es\"},{\"@type\":\"Organization\",\"@id\":\"https:\/\/tourtravelandmore.com\/es\/#organization\",\"name\":\"Tour Travel And More\",\"url\":\"https:\/\/tourtravelandmore.com\/es\/\",\"logo\":{\"@type\":\"ImageObject\",\"inLanguage\":\"es\",\"@id\":\"https:\/\/tourtravelandmore.com\/es\/#\/schema\/logo\/image\/\",\"url\":\"https:\/\/tourtravelandmore.com\/wp-content\/uploads\/2022\/12\/cropped-logo-cabecera-new.png\",\"contentUrl\":\"https:\/\/tourtravelandmore.com\/wp-content\/uploads\/2022\/12\/cropped-logo-cabecera-new.png\",\"width\":430,\"height\":61,\"caption\":\"Tour Travel And More\"},\"image\":{\"@id\":\"https:\/\/tourtravelandmore.com\/es\/#\/schema\/logo\/image\/\"},\"sameAs\":[\"https:\/\/www.facebook.com\/tourtravelandmore\/\",\"https:\/\/x.com\/TourTravel_More\"]}]}<\/script>\n<!-- \/ Yoast SEO Premium plugin. -->","yoast_head_json":{"title":"\u27a1\ufe0f Tour privado a Rabat y Mosta, la iglesia de Mosta y al Palazzo Parisio","description":"Explora la majestuosa ciudad de Rabat, la iglesia de Mosta y el Palazzo Parisio en un tour privado de 8 horas con gu\u00eda y coche privado \u2705","robots":{"index":"index","follow":"follow","max-snippet":"max-snippet:-1","max-image-preview":"max-image-preview:large","max-video-preview":"max-video-preview:-1"},"canonical":"https:\/\/tourtravelandmore.com\/es\/tours\/malta-es\/valleta-mdina-es\/tour-privado-a-rabat-mosta-a-la-iglesia-de-mosta-y-al-palazzo-parisio-desde-cualquier-ciudad\/","og_locale":"es_ES","og_type":"article","og_title":"Tour Privado a Rabat, Mosta, a la iglesia de Mosta y al Palazzo Parisio desde cualquier ciudad","og_description":"Explora la majestuosa ciudad de Rabat, la iglesia de Mosta y el Palazzo Parisio en un tour privado de 8 horas con gu\u00eda y coche privado \u2705","og_url":"https:\/\/tourtravelandmore.com\/es\/tours\/malta-es\/valleta-mdina-es\/tour-privado-a-rabat-mosta-a-la-iglesia-de-mosta-y-al-palazzo-parisio-desde-cualquier-ciudad\/","og_site_name":"Tour Travel And More","article_publisher":"https:\/\/www.facebook.com\/tourtravelandmore\/","article_modified_time":"2023-11-03T10:22:57+00:00","og_image":[{"width":910,"height":886,"url":"https:\/\/tourtravelandmore.com\/wp-content\/uploads\/2021\/12\/image3-7.jpg","type":"image\/jpeg"}],"twitter_card":"summary_large_image","twitter_site":"@TourTravel_More","twitter_misc":{"Tiempo de lectura":"4 minutos"},"schema":{"@context":"https:\/\/schema.org","@graph":[{"@type":"WebPage","@id":"https:\/\/tourtravelandmore.com\/es\/tours\/malta-es\/valleta-mdina-es\/tour-privado-a-rabat-mosta-a-la-iglesia-de-mosta-y-al-palazzo-parisio-desde-cualquier-ciudad\/","url":"https:\/\/tourtravelandmore.com\/es\/tours\/malta-es\/valleta-mdina-es\/tour-privado-a-rabat-mosta-a-la-iglesia-de-mosta-y-al-palazzo-parisio-desde-cualquier-ciudad\/","name":"\u27a1\ufe0f Tour privado a Rabat y Mosta, la iglesia de Mosta y al Palazzo Parisio","isPartOf":{"@id":"https:\/\/tourtravelandmore.com\/es\/#website"},"primaryImageOfPage":{"@id":"https:\/\/tourtravelandmore.com\/es\/tours\/malta-es\/valleta-mdina-es\/tour-privado-a-rabat-mosta-a-la-iglesia-de-mosta-y-al-palazzo-parisio-desde-cualquier-ciudad\/#primaryimage"},"image":{"@id":"https:\/\/tourtravelandmore.com\/es\/tours\/malta-es\/valleta-mdina-es\/tour-privado-a-rabat-mosta-a-la-iglesia-de-mosta-y-al-palazzo-parisio-desde-cualquier-ciudad\/#primaryimage"},"thumbnailUrl":"https:\/\/tourtravelandmore.com\/wp-content\/uploads\/2021\/12\/image3-7.jpg","datePublished":"2021-12-17T15:46:43+00:00","dateModified":"2023-11-03T10:22:57+00:00","description":"Explora la majestuosa ciudad de Rabat, la iglesia de Mosta y el Palazzo Parisio en un tour privado de 8 horas con gu\u00eda y coche privado \u2705","breadcrumb":{"@id":"https:\/\/tourtravelandmore.com\/es\/tours\/malta-es\/valleta-mdina-es\/tour-privado-a-rabat-mosta-a-la-iglesia-de-mosta-y-al-palazzo-parisio-desde-cualquier-ciudad\/#breadcrumb"},"inLanguage":"es","potentialAction":[{"@type":"ReadAction","target":["https:\/\/tourtravelandmore.com\/es\/tours\/malta-es\/valleta-mdina-es\/tour-privado-a-rabat-mosta-a-la-iglesia-de-mosta-y-al-palazzo-parisio-desde-cualquier-ciudad\/"]}]},{"@type":"ImageObject","inLanguage":"es","@id":"https:\/\/tourtravelandmore.com\/es\/tours\/malta-es\/valleta-mdina-es\/tour-privado-a-rabat-mosta-a-la-iglesia-de-mosta-y-al-palazzo-parisio-desde-cualquier-ciudad\/#primaryimage","url":"https:\/\/tourtravelandmore.com\/wp-content\/uploads\/2021\/12\/image3-7.jpg","contentUrl":"https:\/\/tourtravelandmore.com\/wp-content\/uploads\/2021\/12\/image3-7.jpg","width":910,"height":886},{"@type":"BreadcrumbList","@id":"https:\/\/tourtravelandmore.com\/es\/tours\/malta-es\/valleta-mdina-es\/tour-privado-a-rabat-mosta-a-la-iglesia-de-mosta-y-al-palazzo-parisio-desde-cualquier-ciudad\/#breadcrumb","itemListElement":[{"@type":"ListItem","position":1,"name":"Home","item":"https:\/\/tourtravelandmore.com\/es\/"},{"@type":"ListItem","position":2,"name":"Tours","item":"https:\/\/tourtravelandmore.com\/es\/tours\/"},{"@type":"ListItem","position":3,"name":"Tour Privado a Rabat, Mosta, a la iglesia de Mosta y al Palazzo Parisio desde cualquier ciudad"}]},{"@type":"WebSite","@id":"https:\/\/tourtravelandmore.com\/es\/#website","url":"https:\/\/tourtravelandmore.com\/es\/","name":"Tour Travel And More","description":"Private sightseeing tours and luxury transfers in Spain","publisher":{"@id":"https:\/\/tourtravelandmore.com\/es\/#organization"},"potentialAction":[{"@type":"SearchAction","target":{"@type":"EntryPoint","urlTemplate":"https:\/\/tourtravelandmore.com\/es\/?s={search_term_string}"},"query-input":{"@type":"PropertyValueSpecification","valueRequired":true,"valueName":"search_term_string"}}],"inLanguage":"es"},{"@type":"Organization","@id":"https:\/\/tourtravelandmore.com\/es\/#organization","name":"Tour Travel And More","url":"https:\/\/tourtravelandmore.com\/es\/","logo":{"@type":"ImageObject","inLanguage":"es","@id":"https:\/\/tourtravelandmore.com\/es\/#\/schema\/logo\/image\/","url":"https:\/\/tourtravelandmore.com\/wp-content\/uploads\/2022\/12\/cropped-logo-cabecera-new.png","contentUrl":"https:\/\/tourtravelandmore.com\/wp-content\/uploads\/2022\/12\/cropped-logo-cabecera-new.png","width":430,"height":61,"caption":"Tour Travel And More"},"image":{"@id":"https:\/\/tourtravelandmore.com\/es\/#\/schema\/logo\/image\/"},"sameAs":["https:\/\/www.facebook.com\/tourtravelandmore\/","https:\/\/x.com\/TourTravel_More"]}]}},"_links":{"self":[{"href":"https:\/\/tourtravelandmore.com\/es\/wp-json\/wp\/v2\/product\/115690","targetHints":{"allow":["GET"]}}],"collection":[{"href":"https:\/\/tourtravelandmore.com\/es\/wp-json\/wp\/v2\/product"}],"about":[{"href":"https:\/\/tourtravelandmore.com\/es\/wp-json\/wp\/v2\/types\/product"}],"replies":[{"embeddable":true,"href":"https:\/\/tourtravelandmore.com\/es\/wp-json\/wp\/v2\/comments?post=115690"}],"wp:featuredmedia":[{"embeddable":true,"href":"https:\/\/tourtravelandmore.com\/es\/wp-json\/wp\/v2\/media\/115715"}],"wp:attachment":[{"href":"https:\/\/tourtravelandmore.com\/es\/wp-json\/wp\/v2\/media?parent=115690"}],"wp:term":[{"taxonomy":"product_brand","embeddable":true,"href":"https:\/\/tourtravelandmore.com\/es\/wp-json\/wp\/v2\/product_brand?post=115690"},{"taxonomy":"product_cat","embeddable":true,"href":"https:\/\/tourtravelandmore.com\/es\/wp-json\/wp\/v2\/product_cat?post=115690"},{"taxonomy":"product_tag","embeddable":true,"href":"https:\/\/tourtravelandmore.com\/es\/wp-json\/wp\/v2\/product_tag?post=115690"}],"curies":[{"name":"wp","href":"https:\/\/api.w.org\/{rel}","templated":true}]}}