{"id":115644,"date":"2021-12-17T15:48:28","date_gmt":"2021-12-17T14:48:28","guid":{"rendered":"https:\/\/tourtravelandmore.com\/?post_type=product&#038;p=115644"},"modified":"2023-11-03T11:26:31","modified_gmt":"2023-11-03T10:26:31","slug":"vittoriosa-y-la-valeta-recorrido-a-pie","status":"publish","type":"product","link":"https:\/\/tourtravelandmore.com\/es\/tours\/malta-es\/valleta-mdina-es\/vittoriosa-y-la-valeta-recorrido-a-pie\/","title":{"rendered":"Recorrido Privado a Pie Vittoriosa y La Valeta (un recorrido por la historia de los caballeros )"},"content":{"rendered":"<h2><b>Descripci\u00f3n del recorrido por la historia de los caballeros &#8211; Vittoriosa y La Valeta. Recorrido a pie<\/b><\/h2>\n<p><span style=\"font-weight: 400;\">Malta tiene muchas cosas para ver y conocer, incluyendo incre\u00edbles edificios y monumentos de la Europa Barroca.\u00a0<\/span><\/p>\n<p><span style=\"font-weight: 400;\">Dentro de los puntos m\u00e1s destacados para explorar, est\u00e1n Vittoriosa y La Valeta, las cuales son dos ciudades que albergan <\/span><b>grandes historias de los caballeros de San Juan,<\/b><span style=\"font-weight: 400;\"> que hoy en d\u00eda son conocidos como los caballeros de la orden de Malta.\u00a0<\/span><\/p>\n<p><span style=\"font-weight: 400;\">En este <\/span><b>exclusivo recorrido a pie por Vittoriosa y La Valeta<\/b><span style=\"font-weight: 400;\"> ir\u00e1s en compa\u00f1\u00eda de un gu\u00eda privado, el cual se encargar\u00e1 de darte un paseo hist\u00f3rico y cultural por los lugares m\u00e1s atractivos de estas dos majestuosas ciudades.\u00a0<\/span><\/p>\n<p><span style=\"font-weight: 400;\">En Vittoriosa conocer\u00e1s las calles y los sitios en los cuales se asentaron los caballeros de San Juan tras su llegada en el a\u00f1o 1530.\u00a0<\/span><\/p>\n<p><span style=\"font-weight: 400;\">Esta ciudad ha logrado mantener su car\u00e1cter original a lo largo de los a\u00f1os, por lo que<\/span><b> al visitarla te sentir\u00e1s como dentro de un museo al aire libre.\u00a0<\/b><\/p>\n<p><span style=\"font-weight: 400;\">Adem\u00e1s, en esta particular urbe portuaria podr\u00e1s explorar sus emblem\u00e1ticos muros, muelles y edificios, como por ejemplo, el Forti Rikazoli. Una imponente estructura\u00a0 que se ha utilizado para grabar incre\u00edbles <\/span><b>pel\u00edculas de cine <\/b><span style=\"font-weight: 400;\">como <\/span><b>Troya y Gladiator.\u00a0<\/b><\/p>\n<p><span style=\"font-weight: 400;\">Luego visitar\u00e1s la ciudad hist\u00f3rica de La Valeta, la cual es la capital actual de la Rep\u00fablica de Malta, y que fue construida por los mismos caballeros de San Juan durante el a\u00f1o 1566.<\/span><\/p>\n<p><span style=\"font-weight: 400;\">Una vez en sus calles, te perder\u00e1s en el encanto de sus edificios que conservan la arquitectura de otra \u00e9poca. Lo cual es todo un espect\u00e1culo digno de admirar.\u00a0<\/span><\/p>\n<p><span style=\"font-weight: 400;\">Ser\u00e1 un recorrido a pie en compa\u00f1\u00eda de un gu\u00eda privado para que descubras toda la historia de Vittoriosa y La Valeta. El tour est\u00e1 planificado de una forma personalizada para que sea totalmente inolvidable.\u00a0<\/span><\/p>\n<h2><b>Puntos de inter\u00e9s en el Recorrido Privado a Pie Vittoriosa y La Valeta (un recorrido por la historia de los caballeros )<\/b><\/h2>\n<p><span style=\"font-weight: 400;\">Historia, arte, magia y mucha cultura es lo que descubrir\u00e1s en nuestro recorrido a pie por las ciudades de los caballeros: Vittoriosa y La Valeta.\u00a0<\/span><\/p>\n<h3><span style=\"color: #d3af37;\"><b>Vittoriosa<\/b><\/span><\/h3>\n<p><span style=\"font-weight: 400;\">El paseo empieza con el encuentro en un punto c\u00e9ntrico para iniciar el recorrido a pie por la magn\u00edfica Vittoriosa.\u00a0<\/span><\/p>\n<p><span style=\"font-weight: 400;\">El gu\u00eda privado ser\u00e1 el encargado de darte a conocer todos los datos y la informaci\u00f3n de la ciudad que sirvi\u00f3 de fuerte para los caballeros de San Juan desde el a\u00f1o 1530, y en donde soportaron el \u201cgran asedio\u201d de los otomanos.\u00a0<\/span><\/p>\n<p><span style=\"font-weight: 400;\">No quedar\u00e1 punto de inter\u00e9s sin recorrer. De hecho, te llevaremos hasta\u00a0 la iglesia de Santa Teresa de Jes\u00fas, la cual es una majestuosa construcci\u00f3n ubicada en la zona externa amurallada.\u00a0<\/span><\/p>\n<p><span style=\"font-weight: 400;\">Tambi\u00e9n, ver\u00e1s el Fort St Angelo. Esa edificaci\u00f3n fue un punto clave para la resistencia de la orden de los caballeros en contra de los otomanos, y a la cual le deben parte de su victoria.\u00a0<\/span><\/p>\n<p><span style=\"font-weight: 400;\">Junto a estos lugares llamativos, explorar\u00e1s el Palacio del Inquisidor o el Palacio sagrado, que sabemos te sorprender\u00e1n por la historia de torturas e inquisiciones detr\u00e1s de sus paredes. Adem\u00e1s, es uno de los pocos palacios de la inquisici\u00f3n que queda de pie en Europa.\u00a0<\/span><\/p>\n<p><span style=\"font-weight: 400;\">Igualmente, conocer\u00e1s el museo mar\u00edtimo de Malta, el puerto deportivo de Birgu, el museo de Malta en Guerra, entre muchos otros puntos de inter\u00e9s.<\/span><\/p>\n<h3><span style=\"color: #d3af37;\"><b>La Valeta<\/b><\/span><\/h3>\n<p><span style=\"font-weight: 400;\">La actual capital de Malta te enamorar\u00e1 desde el primer momento en que llegues a ella. Aunque es una localidad relativamente peque\u00f1a, no deja de ser muy atractiva.\u00a0<\/span><\/p>\n<p><span style=\"font-weight: 400;\">Su historia es fascinante, puesto que se construy\u00f3 por orden de los caballeros de San Juan en honor a su gran maestre Pean Par\u00edsot de La Valeta.\u00a0<\/span><\/p>\n<p><span style=\"font-weight: 400;\">Sus calles y edificios antiguos son dignos de fotograf\u00edas de postales.\u00a0<\/span><\/p>\n<p><span style=\"font-weight: 400;\">Junto con el gu\u00eda privado, caminar\u00e1s cerca del nuevo edificio del Parlamento, el Albergue de Castille e Italia, la Plaza de San Jorge, el Palacio de Ferreira, el Palacio del Gran maestre, la Puerta de la ciudad y muchos otros puntos de inter\u00e9s hist\u00f3ricos y culturales.\u00a0<\/span><\/p>\n<p><span style=\"font-weight: 400;\">Siempre ir\u00e1s con el gu\u00eda experto en arte e historia para que no pierdas detalles sobre el recorrido por este hermoso poblado portuario. De esta forma, entender\u00e1s la raz\u00f3n por la cual la ciudad es descrita por la Unesco como un gran museo por sus cuatro costados.\u00a0<\/span><\/p>\n<p><span style=\"font-weight: 400;\">Lo \u00fanico que tendr\u00e1s que hacer es relajarte para que la magia de Vittoriosa y Valetta te envuelvan por completo.\u00a0<\/span><\/p>\n<p><span style=\"font-weight: 400;\">Si quieres un recorrido m\u00e1s profundo por la historia de Malta, puedes completar tu paseo con nuestro <\/span><a href=\"https:\/\/tourtravelandmore.com\/es\/tours\/malta-es\/valleta-mdina-es\/tour-de-la-segunda-guerra-mundial-visitando-las-salas-de-guerra-y-el-museo-de-la-guerra-4-horas-desde-cualquier-ciudad\/\"><b>tour de la Segunda Guerra Mundial visitando las salas de guerra y el museo de la guerra (4 horas) desde cualquier ciudad<\/b><\/a><span style=\"font-weight: 400;\">. De esta manera, conocer\u00e1s el papel de Malta en ese momento hist\u00f3rico de la humanidad.<\/span><\/p>\n","protected":false},"excerpt":{"rendered":"<p><span style=\"font-weight: 400;\">Conoce toda la historia de las ciudades de los caballeros. En este <\/span><b>recorrido personalizado a pie por Vittoriosa y La Valeta,<\/b><span style=\"font-weight: 400;\"> podr\u00e1s admirar sus calles hist\u00f3ricas, sus murallas e incre\u00edbles edificios como el Forti Rikazoli, el Fort St Angelo y muchos otros lugares de inter\u00e9s. Durante el recorrido, ir\u00e1s con un gu\u00eda privado para que no te quedes sin un detalle por descubrir<\/span><\/p>\n","protected":false},"featured_media":115666,"comment_status":"open","ping_status":"closed","template":"","meta":{"_acf_changed":false},"product_brand":[],"product_cat":[1609,1010,1011,1012,1014],"product_tag":[],"class_list":{"0":"post-115644","1":"product","2":"type-product","3":"status-publish","4":"has-post-thumbnail","6":"product_cat-malta-es","7":"product_cat-valleta-mdina-es","8":"product_cat-valleta-mdina-actividades-es","9":"product_cat-valleta-mdina-rutas-turisticas-privadas-es","10":"product_cat-valleta-mdina-tours-privados-pie-es","12":"first","13":"instock","14":"shipping-taxable","15":"purchasable","16":"product-type-simple"},"acf":[],"yoast_head":"<!-- This site is optimized with the Yoast SEO Premium plugin v25.3.1 (Yoast SEO v25.3.1) - https:\/\/yoast.com\/wordpress\/plugins\/seo\/ -->\n<title>\u27a1\ufe0f Excursi\u00f3n a pie por Vittoriosa y La Valeta con gu\u00eda privado | Tour Travel &amp; More<\/title>\n<meta name=\"description\" content=\"\u00bfAlguna vez ha ido a las ciudades de los caballeros en Malta? Aparta 4 horas de tu tiempo para realizar un m\u00e1gico recorrido a pie por Vittoriosa y La Valeta \u2705\" \/>\n<meta name=\"robots\" content=\"index, follow, max-snippet:-1, max-image-preview:large, max-video-preview:-1\" \/>\n<link rel=\"canonical\" href=\"https:\/\/tourtravelandmore.com\/es\/tours\/malta-es\/valleta-mdina-es\/vittoriosa-y-la-valeta-recorrido-a-pie\/\" \/>\n<meta property=\"og:locale\" content=\"es_ES\" \/>\n<meta property=\"og:type\" content=\"article\" \/>\n<meta property=\"og:title\" content=\"Recorrido Privado a Pie Vittoriosa y La Valeta (un recorrido por la historia de los caballeros )\" \/>\n<meta property=\"og:description\" content=\"\u00bfAlguna vez ha ido a las ciudades de los caballeros en Malta? Aparta 4 horas de tu tiempo para realizar un m\u00e1gico recorrido a pie por Vittoriosa y La Valeta \u2705\" \/>\n<meta property=\"og:url\" content=\"https:\/\/tourtravelandmore.com\/es\/tours\/malta-es\/valleta-mdina-es\/vittoriosa-y-la-valeta-recorrido-a-pie\/\" \/>\n<meta property=\"og:site_name\" content=\"Tour Travel And More\" \/>\n<meta property=\"article:publisher\" content=\"https:\/\/www.facebook.com\/tourtravelandmore\/\" \/>\n<meta property=\"article:modified_time\" content=\"2023-11-03T10:26:31+00:00\" \/>\n<meta property=\"og:image\" content=\"https:\/\/tourtravelandmore.com\/wp-content\/uploads\/2021\/12\/image3-6.jpg\" \/>\n\t<meta property=\"og:image:width\" content=\"910\" \/>\n\t<meta property=\"og:image:height\" content=\"607\" \/>\n\t<meta property=\"og:image:type\" content=\"image\/jpeg\" \/>\n<meta name=\"twitter:card\" content=\"summary_large_image\" \/>\n<meta name=\"twitter:site\" content=\"@TourTravel_More\" \/>\n<meta name=\"twitter:label1\" content=\"Tiempo de lectura\" \/>\n\t<meta name=\"twitter:data1\" content=\"4 minutos\" \/>\n<script type=\"application\/ld+json\" class=\"yoast-schema-graph\">{\"@context\":\"https:\/\/schema.org\",\"@graph\":[{\"@type\":\"WebPage\",\"@id\":\"https:\/\/tourtravelandmore.com\/es\/tours\/malta-es\/valleta-mdina-es\/vittoriosa-y-la-valeta-recorrido-a-pie\/\",\"url\":\"https:\/\/tourtravelandmore.com\/es\/tours\/malta-es\/valleta-mdina-es\/vittoriosa-y-la-valeta-recorrido-a-pie\/\",\"name\":\"\u27a1\ufe0f Excursi\u00f3n a pie por Vittoriosa y La Valeta con gu\u00eda privado | Tour Travel & More\",\"isPartOf\":{\"@id\":\"https:\/\/tourtravelandmore.com\/es\/#website\"},\"primaryImageOfPage\":{\"@id\":\"https:\/\/tourtravelandmore.com\/es\/tours\/malta-es\/valleta-mdina-es\/vittoriosa-y-la-valeta-recorrido-a-pie\/#primaryimage\"},\"image\":{\"@id\":\"https:\/\/tourtravelandmore.com\/es\/tours\/malta-es\/valleta-mdina-es\/vittoriosa-y-la-valeta-recorrido-a-pie\/#primaryimage\"},\"thumbnailUrl\":\"https:\/\/tourtravelandmore.com\/wp-content\/uploads\/2021\/12\/image3-6.jpg\",\"datePublished\":\"2021-12-17T14:48:28+00:00\",\"dateModified\":\"2023-11-03T10:26:31+00:00\",\"description\":\"\u00bfAlguna vez ha ido a las ciudades de los caballeros en Malta? Aparta 4 horas de tu tiempo para realizar un m\u00e1gico recorrido a pie por Vittoriosa y La Valeta \u2705\",\"breadcrumb\":{\"@id\":\"https:\/\/tourtravelandmore.com\/es\/tours\/malta-es\/valleta-mdina-es\/vittoriosa-y-la-valeta-recorrido-a-pie\/#breadcrumb\"},\"inLanguage\":\"es\",\"potentialAction\":[{\"@type\":\"ReadAction\",\"target\":[\"https:\/\/tourtravelandmore.com\/es\/tours\/malta-es\/valleta-mdina-es\/vittoriosa-y-la-valeta-recorrido-a-pie\/\"]}]},{\"@type\":\"ImageObject\",\"inLanguage\":\"es\",\"@id\":\"https:\/\/tourtravelandmore.com\/es\/tours\/malta-es\/valleta-mdina-es\/vittoriosa-y-la-valeta-recorrido-a-pie\/#primaryimage\",\"url\":\"https:\/\/tourtravelandmore.com\/wp-content\/uploads\/2021\/12\/image3-6.jpg\",\"contentUrl\":\"https:\/\/tourtravelandmore.com\/wp-content\/uploads\/2021\/12\/image3-6.jpg\",\"width\":910,\"height\":607},{\"@type\":\"BreadcrumbList\",\"@id\":\"https:\/\/tourtravelandmore.com\/es\/tours\/malta-es\/valleta-mdina-es\/vittoriosa-y-la-valeta-recorrido-a-pie\/#breadcrumb\",\"itemListElement\":[{\"@type\":\"ListItem\",\"position\":1,\"name\":\"Home\",\"item\":\"https:\/\/tourtravelandmore.com\/es\/\"},{\"@type\":\"ListItem\",\"position\":2,\"name\":\"Tours\",\"item\":\"https:\/\/tourtravelandmore.com\/es\/tours\/\"},{\"@type\":\"ListItem\",\"position\":3,\"name\":\"Recorrido Privado a Pie Vittoriosa y La Valeta (un recorrido por la historia de los caballeros )\"}]},{\"@type\":\"WebSite\",\"@id\":\"https:\/\/tourtravelandmore.com\/es\/#website\",\"url\":\"https:\/\/tourtravelandmore.com\/es\/\",\"name\":\"Tour Travel And More\",\"description\":\"Private sightseeing tours and luxury transfers in Spain\",\"publisher\":{\"@id\":\"https:\/\/tourtravelandmore.com\/es\/#organization\"},\"potentialAction\":[{\"@type\":\"SearchAction\",\"target\":{\"@type\":\"EntryPoint\",\"urlTemplate\":\"https:\/\/tourtravelandmore.com\/es\/?s={search_term_string}\"},\"query-input\":{\"@type\":\"PropertyValueSpecification\",\"valueRequired\":true,\"valueName\":\"search_term_string\"}}],\"inLanguage\":\"es\"},{\"@type\":\"Organization\",\"@id\":\"https:\/\/tourtravelandmore.com\/es\/#organization\",\"name\":\"Tour Travel And More\",\"url\":\"https:\/\/tourtravelandmore.com\/es\/\",\"logo\":{\"@type\":\"ImageObject\",\"inLanguage\":\"es\",\"@id\":\"https:\/\/tourtravelandmore.com\/es\/#\/schema\/logo\/image\/\",\"url\":\"https:\/\/tourtravelandmore.com\/wp-content\/uploads\/2022\/12\/cropped-logo-cabecera-new.png\",\"contentUrl\":\"https:\/\/tourtravelandmore.com\/wp-content\/uploads\/2022\/12\/cropped-logo-cabecera-new.png\",\"width\":430,\"height\":61,\"caption\":\"Tour Travel And More\"},\"image\":{\"@id\":\"https:\/\/tourtravelandmore.com\/es\/#\/schema\/logo\/image\/\"},\"sameAs\":[\"https:\/\/www.facebook.com\/tourtravelandmore\/\",\"https:\/\/x.com\/TourTravel_More\"]}]}<\/script>\n<!-- \/ Yoast SEO Premium plugin. -->","yoast_head_json":{"title":"\u27a1\ufe0f Excursi\u00f3n a pie por Vittoriosa y La Valeta con gu\u00eda privado | Tour Travel & More","description":"\u00bfAlguna vez ha ido a las ciudades de los caballeros en Malta? Aparta 4 horas de tu tiempo para realizar un m\u00e1gico recorrido a pie por Vittoriosa y La Valeta \u2705","robots":{"index":"index","follow":"follow","max-snippet":"max-snippet:-1","max-image-preview":"max-image-preview:large","max-video-preview":"max-video-preview:-1"},"canonical":"https:\/\/tourtravelandmore.com\/es\/tours\/malta-es\/valleta-mdina-es\/vittoriosa-y-la-valeta-recorrido-a-pie\/","og_locale":"es_ES","og_type":"article","og_title":"Recorrido Privado a Pie Vittoriosa y La Valeta (un recorrido por la historia de los caballeros )","og_description":"\u00bfAlguna vez ha ido a las ciudades de los caballeros en Malta? Aparta 4 horas de tu tiempo para realizar un m\u00e1gico recorrido a pie por Vittoriosa y La Valeta \u2705","og_url":"https:\/\/tourtravelandmore.com\/es\/tours\/malta-es\/valleta-mdina-es\/vittoriosa-y-la-valeta-recorrido-a-pie\/","og_site_name":"Tour Travel And More","article_publisher":"https:\/\/www.facebook.com\/tourtravelandmore\/","article_modified_time":"2023-11-03T10:26:31+00:00","og_image":[{"width":910,"height":607,"url":"https:\/\/tourtravelandmore.com\/wp-content\/uploads\/2021\/12\/image3-6.jpg","type":"image\/jpeg"}],"twitter_card":"summary_large_image","twitter_site":"@TourTravel_More","twitter_misc":{"Tiempo de lectura":"4 minutos"},"schema":{"@context":"https:\/\/schema.org","@graph":[{"@type":"WebPage","@id":"https:\/\/tourtravelandmore.com\/es\/tours\/malta-es\/valleta-mdina-es\/vittoriosa-y-la-valeta-recorrido-a-pie\/","url":"https:\/\/tourtravelandmore.com\/es\/tours\/malta-es\/valleta-mdina-es\/vittoriosa-y-la-valeta-recorrido-a-pie\/","name":"\u27a1\ufe0f Excursi\u00f3n a pie por Vittoriosa y La Valeta con gu\u00eda privado | Tour Travel & More","isPartOf":{"@id":"https:\/\/tourtravelandmore.com\/es\/#website"},"primaryImageOfPage":{"@id":"https:\/\/tourtravelandmore.com\/es\/tours\/malta-es\/valleta-mdina-es\/vittoriosa-y-la-valeta-recorrido-a-pie\/#primaryimage"},"image":{"@id":"https:\/\/tourtravelandmore.com\/es\/tours\/malta-es\/valleta-mdina-es\/vittoriosa-y-la-valeta-recorrido-a-pie\/#primaryimage"},"thumbnailUrl":"https:\/\/tourtravelandmore.com\/wp-content\/uploads\/2021\/12\/image3-6.jpg","datePublished":"2021-12-17T14:48:28+00:00","dateModified":"2023-11-03T10:26:31+00:00","description":"\u00bfAlguna vez ha ido a las ciudades de los caballeros en Malta? Aparta 4 horas de tu tiempo para realizar un m\u00e1gico recorrido a pie por Vittoriosa y La Valeta \u2705","breadcrumb":{"@id":"https:\/\/tourtravelandmore.com\/es\/tours\/malta-es\/valleta-mdina-es\/vittoriosa-y-la-valeta-recorrido-a-pie\/#breadcrumb"},"inLanguage":"es","potentialAction":[{"@type":"ReadAction","target":["https:\/\/tourtravelandmore.com\/es\/tours\/malta-es\/valleta-mdina-es\/vittoriosa-y-la-valeta-recorrido-a-pie\/"]}]},{"@type":"ImageObject","inLanguage":"es","@id":"https:\/\/tourtravelandmore.com\/es\/tours\/malta-es\/valleta-mdina-es\/vittoriosa-y-la-valeta-recorrido-a-pie\/#primaryimage","url":"https:\/\/tourtravelandmore.com\/wp-content\/uploads\/2021\/12\/image3-6.jpg","contentUrl":"https:\/\/tourtravelandmore.com\/wp-content\/uploads\/2021\/12\/image3-6.jpg","width":910,"height":607},{"@type":"BreadcrumbList","@id":"https:\/\/tourtravelandmore.com\/es\/tours\/malta-es\/valleta-mdina-es\/vittoriosa-y-la-valeta-recorrido-a-pie\/#breadcrumb","itemListElement":[{"@type":"ListItem","position":1,"name":"Home","item":"https:\/\/tourtravelandmore.com\/es\/"},{"@type":"ListItem","position":2,"name":"Tours","item":"https:\/\/tourtravelandmore.com\/es\/tours\/"},{"@type":"ListItem","position":3,"name":"Recorrido Privado a Pie Vittoriosa y La Valeta (un recorrido por la historia de los caballeros )"}]},{"@type":"WebSite","@id":"https:\/\/tourtravelandmore.com\/es\/#website","url":"https:\/\/tourtravelandmore.com\/es\/","name":"Tour Travel And More","description":"Private sightseeing tours and luxury transfers in Spain","publisher":{"@id":"https:\/\/tourtravelandmore.com\/es\/#organization"},"potentialAction":[{"@type":"SearchAction","target":{"@type":"EntryPoint","urlTemplate":"https:\/\/tourtravelandmore.com\/es\/?s={search_term_string}"},"query-input":{"@type":"PropertyValueSpecification","valueRequired":true,"valueName":"search_term_string"}}],"inLanguage":"es"},{"@type":"Organization","@id":"https:\/\/tourtravelandmore.com\/es\/#organization","name":"Tour Travel And More","url":"https:\/\/tourtravelandmore.com\/es\/","logo":{"@type":"ImageObject","inLanguage":"es","@id":"https:\/\/tourtravelandmore.com\/es\/#\/schema\/logo\/image\/","url":"https:\/\/tourtravelandmore.com\/wp-content\/uploads\/2022\/12\/cropped-logo-cabecera-new.png","contentUrl":"https:\/\/tourtravelandmore.com\/wp-content\/uploads\/2022\/12\/cropped-logo-cabecera-new.png","width":430,"height":61,"caption":"Tour Travel And More"},"image":{"@id":"https:\/\/tourtravelandmore.com\/es\/#\/schema\/logo\/image\/"},"sameAs":["https:\/\/www.facebook.com\/tourtravelandmore\/","https:\/\/x.com\/TourTravel_More"]}]}},"_links":{"self":[{"href":"https:\/\/tourtravelandmore.com\/es\/wp-json\/wp\/v2\/product\/115644","targetHints":{"allow":["GET"]}}],"collection":[{"href":"https:\/\/tourtravelandmore.com\/es\/wp-json\/wp\/v2\/product"}],"about":[{"href":"https:\/\/tourtravelandmore.com\/es\/wp-json\/wp\/v2\/types\/product"}],"replies":[{"embeddable":true,"href":"https:\/\/tourtravelandmore.com\/es\/wp-json\/wp\/v2\/comments?post=115644"}],"wp:featuredmedia":[{"embeddable":true,"href":"https:\/\/tourtravelandmore.com\/es\/wp-json\/wp\/v2\/media\/115666"}],"wp:attachment":[{"href":"https:\/\/tourtravelandmore.com\/es\/wp-json\/wp\/v2\/media?parent=115644"}],"wp:term":[{"taxonomy":"product_brand","embeddable":true,"href":"https:\/\/tourtravelandmore.com\/es\/wp-json\/wp\/v2\/product_brand?post=115644"},{"taxonomy":"product_cat","embeddable":true,"href":"https:\/\/tourtravelandmore.com\/es\/wp-json\/wp\/v2\/product_cat?post=115644"},{"taxonomy":"product_tag","embeddable":true,"href":"https:\/\/tourtravelandmore.com\/es\/wp-json\/wp\/v2\/product_tag?post=115644"}],"curies":[{"name":"wp","href":"https:\/\/api.w.org\/{rel}","templated":true}]}}