{"id":115563,"date":"2021-12-17T10:36:33","date_gmt":"2021-12-17T09:36:34","guid":{"rendered":"https:\/\/tourtravelandmore.com\/?post_type=product&#038;p=115563"},"modified":"2023-11-03T11:27:25","modified_gmt":"2023-11-03T10:27:25","slug":"tour-de-la-segunda-guerra-mundial-visitando-las-salas-de-guerra-y-el-museo-de-la-guerra-4-horas-desde-cualquier-ciudad","status":"publish","type":"product","link":"https:\/\/tourtravelandmore.com\/es\/tours\/malta-es\/valleta-mdina-es\/tour-de-la-segunda-guerra-mundial-visitando-las-salas-de-guerra-y-el-museo-de-la-guerra-4-horas-desde-cualquier-ciudad\/","title":{"rendered":"Tour Privado de la Segunda Guerra Mundial Visitando las Salas de Guerra y el Museo de la Guerra Desde Cualquier Ciudad"},"content":{"rendered":"<h2><b>Descripci\u00f3n del Tour de la Segunda Guerra Mundial visitando las salas de guerra y el Museo de la Guerra (4 horas) desde cualquier ciudad<\/b><\/h2>\n<p><span style=\"font-weight: 400;\">Si quieres conocer el papel que tuvo Malta en la Segunda Guerra Mundial, este tour es ideal para descubrir todos los secretos que encierra la isla. La cual fue objeto de m\u00e1s de 3.000 incursiones <\/span><span style=\"font-weight: 400;\">durante el \u201cSitio de Malta\u201d que ocurri\u00f3 entre 1940 y 1943.\u00a0<\/span><\/p>\n<p><span style=\"font-weight: 400;\">Nuestro tour de la Segunda Guerra Mundial est\u00e1 ideado para que visites las salas de guerra y el Museo de la Guerra en una <\/span><b>excursi\u00f3n guiada de 4 horas<\/b><span style=\"font-weight: 400;\">, partiendo desde el sitio que desees para que todo sea de acuerdo a tu comodidad.<\/span><\/p>\n<p><span style=\"font-weight: 400;\">El objetivo es que explores por completo <\/span><b>los puntos m\u00e1s emblem\u00e1ticos y representativos <\/b><span style=\"font-weight: 400;\">que invocan el papel hist\u00f3rico de Malta (por tener\u00a0 una ubicaci\u00f3n estrat\u00e9gica) durante la Segunda Guerra Mundial.<\/span><\/p>\n<p><span style=\"font-weight: 400;\">En el recorrido estar\u00e1s acompa\u00f1ado de un gu\u00eda privado experto en arte e historia para que obtengas cada dato e informaci\u00f3n importante de los puntos de inter\u00e9s que visitar\u00e1s.\u00a0<\/span><\/p>\n<p><span style=\"font-weight: 400;\">Iremos hasta el Museo de la Guerra ubicado en la Fortaleza de San Telmo, sitio en el cual se recopilaron cientos de objetos y reliquias de la Primera y la Segunda Guerra Mundial, y tambi\u00e9n algunos objetos de los caballeros de San Juan, ya que este fuerte, adem\u00e1s, sirvi\u00f3 como basti\u00f3n de resistencia en la \u00e9poca medieval contra la invasi\u00f3n de los otomanos.\u00a0\u00a0<\/span><\/p>\n<p><span style=\"font-weight: 400;\">All\u00ed, ver\u00e1s un torpedero italiano, un avi\u00f3n de caza, distintos uniformes militares y un sinf\u00edn de objetos que te transportar\u00e1n al pasado hist\u00f3rico y b\u00e9lico del pa\u00eds.\u00a0<\/span><\/p>\n<p><span style=\"font-weight: 400;\">Tambi\u00e9n, en este tour de la Segunda Guerra Mundial iremos a las<\/span><b> salas de guerra. <\/b><span style=\"font-weight: 400;\">Estos <\/span><b>t\u00faneles excavados debajo de la civilizaci\u00f3n<\/b><span style=\"font-weight: 400;\"> se utilizaban como sala de trabajo para la planificaci\u00f3n de las estrategias militares y para atender a algunos heridos de guerra. En ellos llegaron a trabajar hasta 1.000 personas, incluidos soldados y personal m\u00e9dico.\u00a0\u00a0<\/span><\/p>\n<p><span style=\"font-weight: 400;\">Estas salas de guerra sirvieron como base de defensa militar de Malta y luego funcionaron como una oficina de operaciones de la OTAN.\u00a0<\/span><\/p>\n<p><span style=\"font-weight: 400;\">Sabemos que todo lo que ver\u00e1s en este tour te sorprender\u00e1. Ser\u00e1 uno de esos paseos dif\u00edciles de olvidar.\u00a0<\/span><\/p>\n<h2><b>Puntos de inter\u00e9s en el Tour Privado de la Segunda Guerra Mundial Visitando las Salas de Guerra y el Museo de la Guerra Desde Cualquier Ciudad<\/b><\/h2>\n<p><span style=\"font-weight: 400;\">Malta fue considerada como <\/span><i><span style=\"font-weight: 400;\">\u201cla llave del Mediterr\u00e1neo\u201d<\/span><\/i><span style=\"font-weight: 400;\"> durante la Segunda Guerra Mundial por su importante ubicaci\u00f3n estrat\u00e9gica.<\/span><\/p>\n<p><span style=\"font-weight: 400;\">Esto la convirti\u00f3 en el blanco de miles de incursiones y de incontables bombardeos para tratar de tomar este territorio.\u00a0<\/span><\/p>\n<p><span style=\"font-weight: 400;\">En este tour de la Segunda Guerra Mundial visitando las salas de guerra y el Museo de la Guerra\u00a0 desde cualquier ciudad, tendr\u00e1s la oportunidad de conocer una de las colecciones m\u00e1s impresionantes de objetos, armas, transportes\u00a0 y documentos utilizados en esa \u00e9poca hist\u00f3rica, puesto que te llevaremos por los distintos lugares de inter\u00e9s:\u00a0<\/span><\/p>\n<h3><span style=\"color: #d3af37;\"><b>Las salas de guerra<\/b><\/span><\/h3>\n<p><span style=\"font-weight: 400;\">Este conjunto de b\u00fankeres representan una imponente entrada. Se trata de unas construcciones subterr\u00e1neas hechas por los brit\u00e1nicos para operar bajo tierra y as\u00ed evitar los bombardeos de los nazis.\u00a0<\/span><\/p>\n<p><span style=\"font-weight: 400;\">Las salas de guerra se ubican a unos 40 metros bajo la superficie y comprenden una inmensa red de t\u00faneles en las que a\u00fan se conservan l\u00e1mparas, mapas y muchos objetos que se utilizaban para planificar las estrategias militares.\u00a0<\/span><\/p>\n<p><span style=\"font-weight: 400;\">Posteriormente, entre 1967 y 1977 estos t\u00faneles sirvieron como base de operaciones para la OTAN.\u00a0<\/span><\/p>\n<h3><span style=\"color: #d3af37;\"><b>El Museo de la Guerra\u00a0<\/b><\/span><\/h3>\n<p><span style=\"font-weight: 400;\">Otra de nuestras paradas ser\u00e1 el Museo de la Guerra en La Valeta. Cada una de sus galer\u00edas te sorprender\u00e1 con todo lo que ofrecen para admirar.\u00a0<\/span><\/p>\n<p><span style=\"font-weight: 400;\">En su interior se conservan distintos uniformes, reflectores antia\u00e9reos y varias armas de fuego. Tambi\u00e9n, est\u00e1n en la exposici\u00f3n: torpedos, implementos m\u00e9dicos que se utilizaban para las emergencias, los art\u00edculos de aseo de los soldados y much\u00edsimas cosas m\u00e1s de gran valor hist\u00f3rico.\u00a0<\/span><\/p>\n<p><span style=\"font-weight: 400;\">Indudablemente, toda la colecci\u00f3n del museo es una joya de principio a fin.\u00a0<\/span><\/p>\n<p><span style=\"font-weight: 400;\">Despu\u00e9s de este paseo por la historia b\u00e9lica de Malta, puedes relajarte un poco con el <\/span><a href=\"https:\/\/tourtravelandmore.com\/es\/tours\/malta-es\/valleta-mdina-es\/tour-privado-a-gozo-desde-malta\/\"><b>tour a Gozo desde Malta<\/b><\/a><span style=\"font-weight: 400;\">, para que te sumerjas en la belleza natural y paradis\u00edaca de la isla.\u00a0<\/span><\/p>\n","protected":false},"excerpt":{"rendered":"<p><span style=\"font-weight: 400;\">\u00bfSab\u00edas que Malta fue uno de los pa\u00edses que durante la Segunda Guerra Mundial sufrio m\u00e1s bombardeos? Aprovecha tu viaje por el archipi\u00e9lago malt\u00e9s para visitar las salas de guerra y el Museo de la Guerra en un recorrido de 4 horas, que se realizar\u00e1 en un coche privado y acompa\u00f1ado de un gu\u00eda experto en historia.<\/span><\/p>\n","protected":false},"featured_media":115582,"comment_status":"open","ping_status":"closed","template":"","meta":{"_acf_changed":false},"product_brand":[],"product_cat":[1609,1010,1011,1012],"product_tag":[],"class_list":{"0":"post-115563","1":"product","2":"type-product","3":"status-publish","4":"has-post-thumbnail","6":"product_cat-malta-es","7":"product_cat-valleta-mdina-es","8":"product_cat-valleta-mdina-actividades-es","9":"product_cat-valleta-mdina-rutas-turisticas-privadas-es","11":"first","12":"instock","13":"shipping-taxable","14":"purchasable","15":"product-type-simple"},"acf":[],"yoast_head":"<!-- This site is optimized with the Yoast SEO Premium plugin v25.3.1 (Yoast SEO v25.3.1) - https:\/\/yoast.com\/wordpress\/plugins\/seo\/ -->\n<title>\u27a1\ufe0f Tour de la Segunda Guerra Mundial | Tour Travel &amp; More<\/title>\n<meta name=\"description\" content=\"\u00bfDeseas explorar de cerca la historia de Malta en la Segunda Guerra Mundial? Aparta 4 horas de tu itinerario para que descubras en un c\u00f3modo coche privado \u2705\" \/>\n<meta name=\"robots\" content=\"index, follow, max-snippet:-1, max-image-preview:large, max-video-preview:-1\" \/>\n<link rel=\"canonical\" href=\"https:\/\/tourtravelandmore.com\/es\/tours\/malta-es\/valleta-mdina-es\/tour-de-la-segunda-guerra-mundial-visitando-las-salas-de-guerra-y-el-museo-de-la-guerra-4-horas-desde-cualquier-ciudad\/\" \/>\n<meta property=\"og:locale\" content=\"es_ES\" \/>\n<meta property=\"og:type\" content=\"article\" \/>\n<meta property=\"og:title\" content=\"Tour Privado de la Segunda Guerra Mundial Visitando las Salas de Guerra y el Museo de la Guerra Desde Cualquier Ciudad\" \/>\n<meta property=\"og:description\" content=\"\u00bfDeseas explorar de cerca la historia de Malta en la Segunda Guerra Mundial? Aparta 4 horas de tu itinerario para que descubras en un c\u00f3modo coche privado \u2705\" \/>\n<meta property=\"og:url\" content=\"https:\/\/tourtravelandmore.com\/es\/tours\/malta-es\/valleta-mdina-es\/tour-de-la-segunda-guerra-mundial-visitando-las-salas-de-guerra-y-el-museo-de-la-guerra-4-horas-desde-cualquier-ciudad\/\" \/>\n<meta property=\"og:site_name\" content=\"Tour Travel And More\" \/>\n<meta property=\"article:publisher\" content=\"https:\/\/www.facebook.com\/tourtravelandmore\/\" \/>\n<meta property=\"article:modified_time\" content=\"2023-11-03T10:27:25+00:00\" \/>\n<meta property=\"og:image\" content=\"https:\/\/tourtravelandmore.com\/wp-content\/uploads\/2021\/12\/image1-5.jpg\" \/>\n\t<meta property=\"og:image:width\" content=\"1280\" \/>\n\t<meta property=\"og:image:height\" content=\"960\" \/>\n\t<meta property=\"og:image:type\" content=\"image\/jpeg\" \/>\n<meta name=\"twitter:card\" content=\"summary_large_image\" \/>\n<meta name=\"twitter:site\" content=\"@TourTravel_More\" \/>\n<meta name=\"twitter:label1\" content=\"Tiempo de lectura\" \/>\n\t<meta name=\"twitter:data1\" content=\"4 minutos\" \/>\n<script type=\"application\/ld+json\" class=\"yoast-schema-graph\">{\"@context\":\"https:\/\/schema.org\",\"@graph\":[{\"@type\":\"WebPage\",\"@id\":\"https:\/\/tourtravelandmore.com\/es\/tours\/malta-es\/valleta-mdina-es\/tour-de-la-segunda-guerra-mundial-visitando-las-salas-de-guerra-y-el-museo-de-la-guerra-4-horas-desde-cualquier-ciudad\/\",\"url\":\"https:\/\/tourtravelandmore.com\/es\/tours\/malta-es\/valleta-mdina-es\/tour-de-la-segunda-guerra-mundial-visitando-las-salas-de-guerra-y-el-museo-de-la-guerra-4-horas-desde-cualquier-ciudad\/\",\"name\":\"\u27a1\ufe0f Tour de la Segunda Guerra Mundial | Tour Travel & More\",\"isPartOf\":{\"@id\":\"https:\/\/tourtravelandmore.com\/es\/#website\"},\"primaryImageOfPage\":{\"@id\":\"https:\/\/tourtravelandmore.com\/es\/tours\/malta-es\/valleta-mdina-es\/tour-de-la-segunda-guerra-mundial-visitando-las-salas-de-guerra-y-el-museo-de-la-guerra-4-horas-desde-cualquier-ciudad\/#primaryimage\"},\"image\":{\"@id\":\"https:\/\/tourtravelandmore.com\/es\/tours\/malta-es\/valleta-mdina-es\/tour-de-la-segunda-guerra-mundial-visitando-las-salas-de-guerra-y-el-museo-de-la-guerra-4-horas-desde-cualquier-ciudad\/#primaryimage\"},\"thumbnailUrl\":\"https:\/\/tourtravelandmore.com\/wp-content\/uploads\/2021\/12\/image1-5.jpg\",\"datePublished\":\"2021-12-17T09:36:34+00:00\",\"dateModified\":\"2023-11-03T10:27:25+00:00\",\"description\":\"\u00bfDeseas explorar de cerca la historia de Malta en la Segunda Guerra Mundial? Aparta 4 horas de tu itinerario para que descubras en un c\u00f3modo coche privado \u2705\",\"breadcrumb\":{\"@id\":\"https:\/\/tourtravelandmore.com\/es\/tours\/malta-es\/valleta-mdina-es\/tour-de-la-segunda-guerra-mundial-visitando-las-salas-de-guerra-y-el-museo-de-la-guerra-4-horas-desde-cualquier-ciudad\/#breadcrumb\"},\"inLanguage\":\"es\",\"potentialAction\":[{\"@type\":\"ReadAction\",\"target\":[\"https:\/\/tourtravelandmore.com\/es\/tours\/malta-es\/valleta-mdina-es\/tour-de-la-segunda-guerra-mundial-visitando-las-salas-de-guerra-y-el-museo-de-la-guerra-4-horas-desde-cualquier-ciudad\/\"]}]},{\"@type\":\"ImageObject\",\"inLanguage\":\"es\",\"@id\":\"https:\/\/tourtravelandmore.com\/es\/tours\/malta-es\/valleta-mdina-es\/tour-de-la-segunda-guerra-mundial-visitando-las-salas-de-guerra-y-el-museo-de-la-guerra-4-horas-desde-cualquier-ciudad\/#primaryimage\",\"url\":\"https:\/\/tourtravelandmore.com\/wp-content\/uploads\/2021\/12\/image1-5.jpg\",\"contentUrl\":\"https:\/\/tourtravelandmore.com\/wp-content\/uploads\/2021\/12\/image1-5.jpg\",\"width\":1280,\"height\":960},{\"@type\":\"BreadcrumbList\",\"@id\":\"https:\/\/tourtravelandmore.com\/es\/tours\/malta-es\/valleta-mdina-es\/tour-de-la-segunda-guerra-mundial-visitando-las-salas-de-guerra-y-el-museo-de-la-guerra-4-horas-desde-cualquier-ciudad\/#breadcrumb\",\"itemListElement\":[{\"@type\":\"ListItem\",\"position\":1,\"name\":\"Home\",\"item\":\"https:\/\/tourtravelandmore.com\/es\/\"},{\"@type\":\"ListItem\",\"position\":2,\"name\":\"Tours\",\"item\":\"https:\/\/tourtravelandmore.com\/es\/tours\/\"},{\"@type\":\"ListItem\",\"position\":3,\"name\":\"Tour Privado de la Segunda Guerra Mundial Visitando las Salas de Guerra y el Museo de la Guerra Desde Cualquier Ciudad\"}]},{\"@type\":\"WebSite\",\"@id\":\"https:\/\/tourtravelandmore.com\/es\/#website\",\"url\":\"https:\/\/tourtravelandmore.com\/es\/\",\"name\":\"Tour Travel And More\",\"description\":\"Private sightseeing tours and luxury transfers in Spain\",\"publisher\":{\"@id\":\"https:\/\/tourtravelandmore.com\/es\/#organization\"},\"potentialAction\":[{\"@type\":\"SearchAction\",\"target\":{\"@type\":\"EntryPoint\",\"urlTemplate\":\"https:\/\/tourtravelandmore.com\/es\/?s={search_term_string}\"},\"query-input\":{\"@type\":\"PropertyValueSpecification\",\"valueRequired\":true,\"valueName\":\"search_term_string\"}}],\"inLanguage\":\"es\"},{\"@type\":\"Organization\",\"@id\":\"https:\/\/tourtravelandmore.com\/es\/#organization\",\"name\":\"Tour Travel And More\",\"url\":\"https:\/\/tourtravelandmore.com\/es\/\",\"logo\":{\"@type\":\"ImageObject\",\"inLanguage\":\"es\",\"@id\":\"https:\/\/tourtravelandmore.com\/es\/#\/schema\/logo\/image\/\",\"url\":\"https:\/\/tourtravelandmore.com\/wp-content\/uploads\/2022\/12\/cropped-logo-cabecera-new.png\",\"contentUrl\":\"https:\/\/tourtravelandmore.com\/wp-content\/uploads\/2022\/12\/cropped-logo-cabecera-new.png\",\"width\":430,\"height\":61,\"caption\":\"Tour Travel And More\"},\"image\":{\"@id\":\"https:\/\/tourtravelandmore.com\/es\/#\/schema\/logo\/image\/\"},\"sameAs\":[\"https:\/\/www.facebook.com\/tourtravelandmore\/\",\"https:\/\/x.com\/TourTravel_More\"]}]}<\/script>\n<!-- \/ Yoast SEO Premium plugin. -->","yoast_head_json":{"title":"\u27a1\ufe0f Tour de la Segunda Guerra Mundial | Tour Travel & More","description":"\u00bfDeseas explorar de cerca la historia de Malta en la Segunda Guerra Mundial? Aparta 4 horas de tu itinerario para que descubras en un c\u00f3modo coche privado \u2705","robots":{"index":"index","follow":"follow","max-snippet":"max-snippet:-1","max-image-preview":"max-image-preview:large","max-video-preview":"max-video-preview:-1"},"canonical":"https:\/\/tourtravelandmore.com\/es\/tours\/malta-es\/valleta-mdina-es\/tour-de-la-segunda-guerra-mundial-visitando-las-salas-de-guerra-y-el-museo-de-la-guerra-4-horas-desde-cualquier-ciudad\/","og_locale":"es_ES","og_type":"article","og_title":"Tour Privado de la Segunda Guerra Mundial Visitando las Salas de Guerra y el Museo de la Guerra Desde Cualquier Ciudad","og_description":"\u00bfDeseas explorar de cerca la historia de Malta en la Segunda Guerra Mundial? Aparta 4 horas de tu itinerario para que descubras en un c\u00f3modo coche privado \u2705","og_url":"https:\/\/tourtravelandmore.com\/es\/tours\/malta-es\/valleta-mdina-es\/tour-de-la-segunda-guerra-mundial-visitando-las-salas-de-guerra-y-el-museo-de-la-guerra-4-horas-desde-cualquier-ciudad\/","og_site_name":"Tour Travel And More","article_publisher":"https:\/\/www.facebook.com\/tourtravelandmore\/","article_modified_time":"2023-11-03T10:27:25+00:00","og_image":[{"width":1280,"height":960,"url":"https:\/\/tourtravelandmore.com\/wp-content\/uploads\/2021\/12\/image1-5.jpg","type":"image\/jpeg"}],"twitter_card":"summary_large_image","twitter_site":"@TourTravel_More","twitter_misc":{"Tiempo de lectura":"4 minutos"},"schema":{"@context":"https:\/\/schema.org","@graph":[{"@type":"WebPage","@id":"https:\/\/tourtravelandmore.com\/es\/tours\/malta-es\/valleta-mdina-es\/tour-de-la-segunda-guerra-mundial-visitando-las-salas-de-guerra-y-el-museo-de-la-guerra-4-horas-desde-cualquier-ciudad\/","url":"https:\/\/tourtravelandmore.com\/es\/tours\/malta-es\/valleta-mdina-es\/tour-de-la-segunda-guerra-mundial-visitando-las-salas-de-guerra-y-el-museo-de-la-guerra-4-horas-desde-cualquier-ciudad\/","name":"\u27a1\ufe0f Tour de la Segunda Guerra Mundial | Tour Travel & More","isPartOf":{"@id":"https:\/\/tourtravelandmore.com\/es\/#website"},"primaryImageOfPage":{"@id":"https:\/\/tourtravelandmore.com\/es\/tours\/malta-es\/valleta-mdina-es\/tour-de-la-segunda-guerra-mundial-visitando-las-salas-de-guerra-y-el-museo-de-la-guerra-4-horas-desde-cualquier-ciudad\/#primaryimage"},"image":{"@id":"https:\/\/tourtravelandmore.com\/es\/tours\/malta-es\/valleta-mdina-es\/tour-de-la-segunda-guerra-mundial-visitando-las-salas-de-guerra-y-el-museo-de-la-guerra-4-horas-desde-cualquier-ciudad\/#primaryimage"},"thumbnailUrl":"https:\/\/tourtravelandmore.com\/wp-content\/uploads\/2021\/12\/image1-5.jpg","datePublished":"2021-12-17T09:36:34+00:00","dateModified":"2023-11-03T10:27:25+00:00","description":"\u00bfDeseas explorar de cerca la historia de Malta en la Segunda Guerra Mundial? Aparta 4 horas de tu itinerario para que descubras en un c\u00f3modo coche privado \u2705","breadcrumb":{"@id":"https:\/\/tourtravelandmore.com\/es\/tours\/malta-es\/valleta-mdina-es\/tour-de-la-segunda-guerra-mundial-visitando-las-salas-de-guerra-y-el-museo-de-la-guerra-4-horas-desde-cualquier-ciudad\/#breadcrumb"},"inLanguage":"es","potentialAction":[{"@type":"ReadAction","target":["https:\/\/tourtravelandmore.com\/es\/tours\/malta-es\/valleta-mdina-es\/tour-de-la-segunda-guerra-mundial-visitando-las-salas-de-guerra-y-el-museo-de-la-guerra-4-horas-desde-cualquier-ciudad\/"]}]},{"@type":"ImageObject","inLanguage":"es","@id":"https:\/\/tourtravelandmore.com\/es\/tours\/malta-es\/valleta-mdina-es\/tour-de-la-segunda-guerra-mundial-visitando-las-salas-de-guerra-y-el-museo-de-la-guerra-4-horas-desde-cualquier-ciudad\/#primaryimage","url":"https:\/\/tourtravelandmore.com\/wp-content\/uploads\/2021\/12\/image1-5.jpg","contentUrl":"https:\/\/tourtravelandmore.com\/wp-content\/uploads\/2021\/12\/image1-5.jpg","width":1280,"height":960},{"@type":"BreadcrumbList","@id":"https:\/\/tourtravelandmore.com\/es\/tours\/malta-es\/valleta-mdina-es\/tour-de-la-segunda-guerra-mundial-visitando-las-salas-de-guerra-y-el-museo-de-la-guerra-4-horas-desde-cualquier-ciudad\/#breadcrumb","itemListElement":[{"@type":"ListItem","position":1,"name":"Home","item":"https:\/\/tourtravelandmore.com\/es\/"},{"@type":"ListItem","position":2,"name":"Tours","item":"https:\/\/tourtravelandmore.com\/es\/tours\/"},{"@type":"ListItem","position":3,"name":"Tour Privado de la Segunda Guerra Mundial Visitando las Salas de Guerra y el Museo de la Guerra Desde Cualquier Ciudad"}]},{"@type":"WebSite","@id":"https:\/\/tourtravelandmore.com\/es\/#website","url":"https:\/\/tourtravelandmore.com\/es\/","name":"Tour Travel And More","description":"Private sightseeing tours and luxury transfers in Spain","publisher":{"@id":"https:\/\/tourtravelandmore.com\/es\/#organization"},"potentialAction":[{"@type":"SearchAction","target":{"@type":"EntryPoint","urlTemplate":"https:\/\/tourtravelandmore.com\/es\/?s={search_term_string}"},"query-input":{"@type":"PropertyValueSpecification","valueRequired":true,"valueName":"search_term_string"}}],"inLanguage":"es"},{"@type":"Organization","@id":"https:\/\/tourtravelandmore.com\/es\/#organization","name":"Tour Travel And More","url":"https:\/\/tourtravelandmore.com\/es\/","logo":{"@type":"ImageObject","inLanguage":"es","@id":"https:\/\/tourtravelandmore.com\/es\/#\/schema\/logo\/image\/","url":"https:\/\/tourtravelandmore.com\/wp-content\/uploads\/2022\/12\/cropped-logo-cabecera-new.png","contentUrl":"https:\/\/tourtravelandmore.com\/wp-content\/uploads\/2022\/12\/cropped-logo-cabecera-new.png","width":430,"height":61,"caption":"Tour Travel And More"},"image":{"@id":"https:\/\/tourtravelandmore.com\/es\/#\/schema\/logo\/image\/"},"sameAs":["https:\/\/www.facebook.com\/tourtravelandmore\/","https:\/\/x.com\/TourTravel_More"]}]}},"_links":{"self":[{"href":"https:\/\/tourtravelandmore.com\/es\/wp-json\/wp\/v2\/product\/115563","targetHints":{"allow":["GET"]}}],"collection":[{"href":"https:\/\/tourtravelandmore.com\/es\/wp-json\/wp\/v2\/product"}],"about":[{"href":"https:\/\/tourtravelandmore.com\/es\/wp-json\/wp\/v2\/types\/product"}],"replies":[{"embeddable":true,"href":"https:\/\/tourtravelandmore.com\/es\/wp-json\/wp\/v2\/comments?post=115563"}],"wp:featuredmedia":[{"embeddable":true,"href":"https:\/\/tourtravelandmore.com\/es\/wp-json\/wp\/v2\/media\/115582"}],"wp:attachment":[{"href":"https:\/\/tourtravelandmore.com\/es\/wp-json\/wp\/v2\/media?parent=115563"}],"wp:term":[{"taxonomy":"product_brand","embeddable":true,"href":"https:\/\/tourtravelandmore.com\/es\/wp-json\/wp\/v2\/product_brand?post=115563"},{"taxonomy":"product_cat","embeddable":true,"href":"https:\/\/tourtravelandmore.com\/es\/wp-json\/wp\/v2\/product_cat?post=115563"},{"taxonomy":"product_tag","embeddable":true,"href":"https:\/\/tourtravelandmore.com\/es\/wp-json\/wp\/v2\/product_tag?post=115563"}],"curies":[{"name":"wp","href":"https:\/\/api.w.org\/{rel}","templated":true}]}}