{"id":115520,"date":"2021-12-17T10:04:43","date_gmt":"2021-12-17T09:04:48","guid":{"rendered":"https:\/\/tourtravelandmore.com\/?post_type=product&#038;p=115520"},"modified":"2023-11-03T11:04:39","modified_gmt":"2023-11-03T10:04:39","slug":"tour-privado-de-dia-completo-a-la-valeta-marsaxlokk-y-mdina","status":"publish","type":"product","link":"https:\/\/tourtravelandmore.com\/es\/tours\/malta-es\/valleta-mdina-es\/tour-privado-de-dia-completo-a-la-valeta-marsaxlokk-y-mdina\/","title":{"rendered":"Tour Privado de d\u00eda completo a La Valeta, Marsaxlokk y Mdina"},"content":{"rendered":"<h2><b>Descripci\u00f3n del Tour de d\u00eda completo a La Valeta, Marsaxlokk y Mdina<\/b><\/h2>\n<p><span style=\"font-weight: 400;\">Malta se considera una joya en el Mediterr\u00e1neo por la gran riqueza hist\u00f3rica, natural y cultural que posee. Adem\u00e1s, tiene un clima espl\u00e9ndido durante todo el a\u00f1o y una ubicaci\u00f3n geogr\u00e1fica privilegiada.\u00a0<\/span><\/p>\n<p><span style=\"font-weight: 400;\">Si quieres conocer las ciudades m\u00e1s atractivas y emblem\u00e1ticas de esta isla, en esta <\/span><b>excursi\u00f3n privada de un d\u00eda completo por La Valeta, Marsaxlokk y Mdina<\/b><span style=\"font-weight: 400;\"> explorar\u00e1s las dos capitales maltesas y as\u00ed como un inolvidable pueblo de pescadores.\u00a0<\/span><\/p>\n<p><span style=\"font-weight: 400;\">Iniciaremos el tour cuando pasemos a buscarte en el punto acordado. Desde all\u00ed, te trasladaremos en un <\/span><b>c\u00f3modo coche privado<\/b><span style=\"font-weight: 400;\"> hasta la capital actual de Malta: La Valeta.\u00a0<\/span><\/p>\n<p><span style=\"font-weight: 400;\">La Valeta es muy emblem\u00e1tica, porque fue una ciudad construida por los caballeros de San Juan \u2013conocidos en la actualidad como los caballeros de la orden de Malta- durante el a\u00f1o 1566.<\/span><\/p>\n<p><span style=\"font-weight: 400;\">Ser\u00e1 el momento perfecto para que disfrutes de una espectacular vista panor\u00e1mica de esta urbe, cuando recorras sus calles antiguas y te adue\u00f1es de la historia que trasmite la ciudad.\u00a0<\/span><\/p>\n<p><span style=\"font-weight: 400;\">Ver\u00e1s la iglesia de la Orden, la Plaza de San Jorge, el Palacio de Ferreira, entre otros lugares destacados.\u00a0<\/span><\/p>\n<p><span style=\"font-weight: 400;\">El paseo contin\u00faa en el bello pueblo pesquero de Marsaxlokk, en donde estar\u00e1s en contacto con las tradiciones de sus pobladores y con su deliciosa gastronom\u00eda. Adem\u00e1s, all\u00ed podr\u00e1s tomar muchas fotograf\u00edas de sus llamativos <\/span><i><span style=\"font-weight: 400;\">luzzus<\/span><\/i><span style=\"font-weight: 400;\"> o g\u00f3ndolas de colores.\u00a0<\/span><\/p>\n<p><span style=\"font-weight: 400;\">A continuaci\u00f3n, haremos una parada en Mdina, ciudad que era la antigua capital de Malta y que es muy conocida por sus edificios barrocos, sus murallas medievales y su imponente catedral.<\/span><\/p>\n<p><span style=\"font-weight: 400;\">Adem\u00e1s, durante todo el paseo un gu\u00eda privado te dar\u00e1 todos los datos y la informaci\u00f3n m\u00e1s relevante de cada uno de los sitios de inter\u00e9s, con la finalidad de que disfrutes al m\u00e1ximo esta excursi\u00f3n privada de 8 horas con un gu\u00eda y un confortable coche incluido.\u00a0<\/span><\/p>\n<h2><b>Puntos de Inter\u00e9s en el Tour Privado de d\u00eda completo a La Valeta, Marsaxlokk y Mdina<\/b><\/h2>\n<p><span style=\"font-weight: 400;\">Descubre el pasado hist\u00f3rico de La Valeta, Marsaxlokk y Mdina, as\u00ed como todos sus rincones escondidos.\u00a0<\/span><\/p>\n<p><span style=\"font-weight: 400;\">Camina por las calles de estas emblem\u00e1ticas ciudades y vive una experiencia \u00fanica y personalizada en esta excursi\u00f3n privada de un d\u00eda completo, en la cual conocer\u00e1s los siguientes puntos de inter\u00e9s:\u00a0<\/span><\/p>\n<h3><span style=\"color: #d3af37;\"><b>La Valeta<\/b><\/span><\/h3>\n<p><span style=\"font-weight: 400;\">Ir a La Valeta es como retroceder en una m\u00e1quina del tiempo. Sus calles empedradas, sus murallas, sus fuertes y su puerta acorazada son elementos dignos de recorrer una y otra vez.\u00a0<\/span><\/p>\n<p><span style=\"font-weight: 400;\">En esta ciudad barroca tendr\u00e1s la posibilidad de explorar muchos lugares de gran atractivo tur\u00edstico e hist\u00f3rico. Entre ellos destacan:\u00a0<\/span><\/p>\n<ul>\n<li><b>Plaza de St. Elmo, en la cual est\u00e1 el Fuerte de San Telmo.\u00a0<\/b><\/li>\n<li><b>La catedral de San Juan, la cual alberga muchas obras del pintor italiano Caravaggio.\u00a0<\/b><\/li>\n<li><b>La catedral anglicana de San Pablo.\u00a0<\/b><\/li>\n<li><b>Entre otros edificios y monumentos.\u00a0<\/b><\/li>\n<\/ul>\n<h3><span style=\"color: #d3af37;\"><b>Marsaxlokk\u00a0<\/b><\/span><\/h3>\n<p><span style=\"font-weight: 400;\">Nuestra excursi\u00f3n privada de 8 horas te llevar\u00e1 hasta Marsaxlokk. La parada en este m\u00e1gico puerto pesquero ser\u00e1 perfecta para que veas de cerca sus famosos <\/span><i><span style=\"font-weight: 400;\">luzzus. <\/span><\/i><span style=\"font-weight: 400;\">Se trata de unas embarcaciones t\u00edpicas y muy pintorescas, adornadas de muchos colores llamativos, y que sabemos ser\u00e1n el punto focal para muchas de tus fotograf\u00edas.\u00a0<\/span><\/p>\n<p><span style=\"font-weight: 400;\">Igualmente, Marsaxlokk es un pueblo de pescadores, en el cual vas a poder degustar de la maravillosa gastronom\u00eda de Malta, como por ejemplo su conocido \u201clampuki\u201d.\u00a0<\/span><\/p>\n<p><span style=\"font-weight: 400;\">Una vez all\u00ed, podr\u00e1s admirar de cerca la Iglesia de Nuestra Se\u00f1ora de Pompeya y el Fort San Lucjan, que es emblem\u00e1tico porque sirvi\u00f3 de fortificaci\u00f3n para el resguardo de los v\u00edveres durante la invasi\u00f3n de los otomanos.\u00a0<\/span><\/p>\n<h3><span style=\"color: #d3af37;\"><b>Mdina<\/b><\/span><\/h3>\n<p><span style=\"font-weight: 400;\">El tour privado sigue para ir a Mdina, tambi\u00e9n conocida como \u201cla ciudad del silencio\u201d. Esta imponente localidad medieval te cautivar\u00e1 por su arquitectura antigua, que parece sacada de un t\u00edpico cuento antiguo.\u00a0<\/span><\/p>\n<p><span style=\"font-weight: 400;\">Sin duda, este es un sitio imprescindible al que no debes dejar de visitar en Malta.\u00a0<\/span><\/p>\n<p><span style=\"font-weight: 400;\">Al estar en sus calles de color crema, ver\u00e1s muchas tiendas de artesan\u00edas t\u00edpicas, as\u00ed como algunos de los sitios que sirvieron de locaci\u00f3n para la famosa serie \u201cJuego de Tronos\u201d.\u00a0<\/span><\/p>\n<p><span style=\"font-weight: 400;\">Nuestro paseo te llevar\u00e1 hasta la catedral de Mdina, el Palazzo Falson de Mdina, la Plaza St. Publius, el Museo de Historia Natural de Malta, el convento de las Carmelitas, y as\u00ed como a otros lugares de atractivo hist\u00f3rico.\u00a0<\/span><\/p>\n<p><span style=\"font-weight: 400;\">Como puedes ver, hay muchas cosas que ver y hacer en\u00a0 La Valeta, Marsaxlokk y Mdina.\u00a0<\/span><\/p>\n<p><span style=\"font-weight: 400;\">Al finalizar, te trasladaremos de vuelta al punto de encuentro para que descanses y recuperes tu energ\u00eda.\u00a0<\/span><\/p>\n<p><span style=\"font-weight: 400;\">Adem\u00e1s, si deseas descubrir Malta desde otra perspectiva, puedes optar por la <\/span><a href=\"https:\/\/tourtravelandmore.com\/tours\/malta\/valleta-mdina-en\/private-arrangement-to-go-to-popeye-village-and-golden-bay-from-any-city-in-a-comfortable-private-car\/\"><b>disposici\u00f3n privada para ir a Popeye Village y Golden Bay desde cualquier ciudad<\/b><\/a><span style=\"font-weight: 400;\">. Ver\u00e1s que la belleza sin igual de esas playas te cautivar\u00e1 por completo.\u00a0 <\/span><\/p>\n","protected":false},"excerpt":{"rendered":"<p><span style=\"font-weight: 400;\">Descubre en este <\/span><b>tour de 1 d\u00eda completo a La Valeta, Marsaxlokk y Mdina <\/b><span style=\"font-weight: 400;\">las ciudades m\u00e1s emblem\u00e1ticas de Malta<\/span><b>.<\/b><span style=\"font-weight: 400;\"> Ser\u00e1 una excursi\u00f3n privada de 8 horas (con coche y gu\u00eda incluido) para que explores las ciudades de los caballeros, sus murallas medievales y los edificios de arquitectura barroca.<\/span><\/p>\n","protected":false},"featured_media":115542,"comment_status":"open","ping_status":"closed","template":"","meta":{"_acf_changed":false},"product_brand":[],"product_cat":[1609,1010,1011,1012],"product_tag":[],"class_list":{"0":"post-115520","1":"product","2":"type-product","3":"status-publish","4":"has-post-thumbnail","6":"product_cat-malta-es","7":"product_cat-valleta-mdina-es","8":"product_cat-valleta-mdina-actividades-es","9":"product_cat-valleta-mdina-rutas-turisticas-privadas-es","11":"first","12":"instock","13":"shipping-taxable","14":"purchasable","15":"product-type-simple"},"acf":[],"yoast_head":"<!-- This site is optimized with the Yoast SEO Premium plugin v25.3.1 (Yoast SEO v25.3.1) - https:\/\/yoast.com\/wordpress\/plugins\/seo\/ -->\n<title>Tour privado de un d\u00eda completo por La Valeta, Marsaxlokk y Mdina | Tour Travel &amp; More<\/title>\n<meta name=\"description\" content=\"Explora algunas de las ciudades m\u00e1s destacadas de Malta: La Valeta, Marsaxlokk y Mdina en una excursi\u00f3n de un d\u00eda completo \u2705\" \/>\n<meta name=\"robots\" content=\"index, follow, max-snippet:-1, max-image-preview:large, max-video-preview:-1\" \/>\n<link rel=\"canonical\" href=\"https:\/\/tourtravelandmore.com\/es\/tours\/malta-es\/valleta-mdina-es\/tour-privado-de-dia-completo-a-la-valeta-marsaxlokk-y-mdina\/\" \/>\n<meta property=\"og:locale\" content=\"es_ES\" \/>\n<meta property=\"og:type\" content=\"article\" \/>\n<meta property=\"og:title\" content=\"Tour Privado de d\u00eda completo a La Valeta, Marsaxlokk y Mdina\" \/>\n<meta property=\"og:description\" content=\"Explora algunas de las ciudades m\u00e1s destacadas de Malta: La Valeta, Marsaxlokk y Mdina en una excursi\u00f3n de un d\u00eda completo \u2705\" \/>\n<meta property=\"og:url\" content=\"https:\/\/tourtravelandmore.com\/es\/tours\/malta-es\/valleta-mdina-es\/tour-privado-de-dia-completo-a-la-valeta-marsaxlokk-y-mdina\/\" \/>\n<meta property=\"og:site_name\" content=\"Tour Travel And More\" \/>\n<meta property=\"article:publisher\" content=\"https:\/\/www.facebook.com\/tourtravelandmore\/\" \/>\n<meta property=\"article:modified_time\" content=\"2023-11-03T10:04:39+00:00\" \/>\n<meta property=\"og:image\" content=\"https:\/\/tourtravelandmore.com\/wp-content\/uploads\/2021\/12\/image2-4.jpg\" \/>\n\t<meta property=\"og:image:width\" content=\"762\" \/>\n\t<meta property=\"og:image:height\" content=\"548\" \/>\n\t<meta property=\"og:image:type\" content=\"image\/jpeg\" \/>\n<meta name=\"twitter:card\" content=\"summary_large_image\" \/>\n<meta name=\"twitter:site\" content=\"@TourTravel_More\" \/>\n<meta name=\"twitter:label1\" content=\"Tiempo de lectura\" \/>\n\t<meta name=\"twitter:data1\" content=\"4 minutos\" \/>\n<script type=\"application\/ld+json\" class=\"yoast-schema-graph\">{\"@context\":\"https:\/\/schema.org\",\"@graph\":[{\"@type\":\"WebPage\",\"@id\":\"https:\/\/tourtravelandmore.com\/es\/tours\/malta-es\/valleta-mdina-es\/tour-privado-de-dia-completo-a-la-valeta-marsaxlokk-y-mdina\/\",\"url\":\"https:\/\/tourtravelandmore.com\/es\/tours\/malta-es\/valleta-mdina-es\/tour-privado-de-dia-completo-a-la-valeta-marsaxlokk-y-mdina\/\",\"name\":\"Tour privado de un d\u00eda completo por La Valeta, Marsaxlokk y Mdina | Tour Travel & More\",\"isPartOf\":{\"@id\":\"https:\/\/tourtravelandmore.com\/es\/#website\"},\"primaryImageOfPage\":{\"@id\":\"https:\/\/tourtravelandmore.com\/es\/tours\/malta-es\/valleta-mdina-es\/tour-privado-de-dia-completo-a-la-valeta-marsaxlokk-y-mdina\/#primaryimage\"},\"image\":{\"@id\":\"https:\/\/tourtravelandmore.com\/es\/tours\/malta-es\/valleta-mdina-es\/tour-privado-de-dia-completo-a-la-valeta-marsaxlokk-y-mdina\/#primaryimage\"},\"thumbnailUrl\":\"https:\/\/tourtravelandmore.com\/wp-content\/uploads\/2021\/12\/image2-4.jpg\",\"datePublished\":\"2021-12-17T09:04:48+00:00\",\"dateModified\":\"2023-11-03T10:04:39+00:00\",\"description\":\"Explora algunas de las ciudades m\u00e1s destacadas de Malta: La Valeta, Marsaxlokk y Mdina en una excursi\u00f3n de un d\u00eda completo \u2705\",\"breadcrumb\":{\"@id\":\"https:\/\/tourtravelandmore.com\/es\/tours\/malta-es\/valleta-mdina-es\/tour-privado-de-dia-completo-a-la-valeta-marsaxlokk-y-mdina\/#breadcrumb\"},\"inLanguage\":\"es\",\"potentialAction\":[{\"@type\":\"ReadAction\",\"target\":[\"https:\/\/tourtravelandmore.com\/es\/tours\/malta-es\/valleta-mdina-es\/tour-privado-de-dia-completo-a-la-valeta-marsaxlokk-y-mdina\/\"]}]},{\"@type\":\"ImageObject\",\"inLanguage\":\"es\",\"@id\":\"https:\/\/tourtravelandmore.com\/es\/tours\/malta-es\/valleta-mdina-es\/tour-privado-de-dia-completo-a-la-valeta-marsaxlokk-y-mdina\/#primaryimage\",\"url\":\"https:\/\/tourtravelandmore.com\/wp-content\/uploads\/2021\/12\/image2-4.jpg\",\"contentUrl\":\"https:\/\/tourtravelandmore.com\/wp-content\/uploads\/2021\/12\/image2-4.jpg\",\"width\":762,\"height\":548},{\"@type\":\"BreadcrumbList\",\"@id\":\"https:\/\/tourtravelandmore.com\/es\/tours\/malta-es\/valleta-mdina-es\/tour-privado-de-dia-completo-a-la-valeta-marsaxlokk-y-mdina\/#breadcrumb\",\"itemListElement\":[{\"@type\":\"ListItem\",\"position\":1,\"name\":\"Home\",\"item\":\"https:\/\/tourtravelandmore.com\/es\/\"},{\"@type\":\"ListItem\",\"position\":2,\"name\":\"Tours\",\"item\":\"https:\/\/tourtravelandmore.com\/es\/tours\/\"},{\"@type\":\"ListItem\",\"position\":3,\"name\":\"Tour Privado de d\u00eda completo a La Valeta, Marsaxlokk y Mdina\"}]},{\"@type\":\"WebSite\",\"@id\":\"https:\/\/tourtravelandmore.com\/es\/#website\",\"url\":\"https:\/\/tourtravelandmore.com\/es\/\",\"name\":\"Tour Travel And More\",\"description\":\"Private sightseeing tours and luxury transfers in Spain\",\"publisher\":{\"@id\":\"https:\/\/tourtravelandmore.com\/es\/#organization\"},\"potentialAction\":[{\"@type\":\"SearchAction\",\"target\":{\"@type\":\"EntryPoint\",\"urlTemplate\":\"https:\/\/tourtravelandmore.com\/es\/?s={search_term_string}\"},\"query-input\":{\"@type\":\"PropertyValueSpecification\",\"valueRequired\":true,\"valueName\":\"search_term_string\"}}],\"inLanguage\":\"es\"},{\"@type\":\"Organization\",\"@id\":\"https:\/\/tourtravelandmore.com\/es\/#organization\",\"name\":\"Tour Travel And More\",\"url\":\"https:\/\/tourtravelandmore.com\/es\/\",\"logo\":{\"@type\":\"ImageObject\",\"inLanguage\":\"es\",\"@id\":\"https:\/\/tourtravelandmore.com\/es\/#\/schema\/logo\/image\/\",\"url\":\"https:\/\/tourtravelandmore.com\/wp-content\/uploads\/2022\/12\/cropped-logo-cabecera-new.png\",\"contentUrl\":\"https:\/\/tourtravelandmore.com\/wp-content\/uploads\/2022\/12\/cropped-logo-cabecera-new.png\",\"width\":430,\"height\":61,\"caption\":\"Tour Travel And More\"},\"image\":{\"@id\":\"https:\/\/tourtravelandmore.com\/es\/#\/schema\/logo\/image\/\"},\"sameAs\":[\"https:\/\/www.facebook.com\/tourtravelandmore\/\",\"https:\/\/x.com\/TourTravel_More\"]}]}<\/script>\n<!-- \/ Yoast SEO Premium plugin. -->","yoast_head_json":{"title":"Tour privado de un d\u00eda completo por La Valeta, Marsaxlokk y Mdina | Tour Travel & More","description":"Explora algunas de las ciudades m\u00e1s destacadas de Malta: La Valeta, Marsaxlokk y Mdina en una excursi\u00f3n de un d\u00eda completo \u2705","robots":{"index":"index","follow":"follow","max-snippet":"max-snippet:-1","max-image-preview":"max-image-preview:large","max-video-preview":"max-video-preview:-1"},"canonical":"https:\/\/tourtravelandmore.com\/es\/tours\/malta-es\/valleta-mdina-es\/tour-privado-de-dia-completo-a-la-valeta-marsaxlokk-y-mdina\/","og_locale":"es_ES","og_type":"article","og_title":"Tour Privado de d\u00eda completo a La Valeta, Marsaxlokk y Mdina","og_description":"Explora algunas de las ciudades m\u00e1s destacadas de Malta: La Valeta, Marsaxlokk y Mdina en una excursi\u00f3n de un d\u00eda completo \u2705","og_url":"https:\/\/tourtravelandmore.com\/es\/tours\/malta-es\/valleta-mdina-es\/tour-privado-de-dia-completo-a-la-valeta-marsaxlokk-y-mdina\/","og_site_name":"Tour Travel And More","article_publisher":"https:\/\/www.facebook.com\/tourtravelandmore\/","article_modified_time":"2023-11-03T10:04:39+00:00","og_image":[{"width":762,"height":548,"url":"https:\/\/tourtravelandmore.com\/wp-content\/uploads\/2021\/12\/image2-4.jpg","type":"image\/jpeg"}],"twitter_card":"summary_large_image","twitter_site":"@TourTravel_More","twitter_misc":{"Tiempo de lectura":"4 minutos"},"schema":{"@context":"https:\/\/schema.org","@graph":[{"@type":"WebPage","@id":"https:\/\/tourtravelandmore.com\/es\/tours\/malta-es\/valleta-mdina-es\/tour-privado-de-dia-completo-a-la-valeta-marsaxlokk-y-mdina\/","url":"https:\/\/tourtravelandmore.com\/es\/tours\/malta-es\/valleta-mdina-es\/tour-privado-de-dia-completo-a-la-valeta-marsaxlokk-y-mdina\/","name":"Tour privado de un d\u00eda completo por La Valeta, Marsaxlokk y Mdina | Tour Travel & More","isPartOf":{"@id":"https:\/\/tourtravelandmore.com\/es\/#website"},"primaryImageOfPage":{"@id":"https:\/\/tourtravelandmore.com\/es\/tours\/malta-es\/valleta-mdina-es\/tour-privado-de-dia-completo-a-la-valeta-marsaxlokk-y-mdina\/#primaryimage"},"image":{"@id":"https:\/\/tourtravelandmore.com\/es\/tours\/malta-es\/valleta-mdina-es\/tour-privado-de-dia-completo-a-la-valeta-marsaxlokk-y-mdina\/#primaryimage"},"thumbnailUrl":"https:\/\/tourtravelandmore.com\/wp-content\/uploads\/2021\/12\/image2-4.jpg","datePublished":"2021-12-17T09:04:48+00:00","dateModified":"2023-11-03T10:04:39+00:00","description":"Explora algunas de las ciudades m\u00e1s destacadas de Malta: La Valeta, Marsaxlokk y Mdina en una excursi\u00f3n de un d\u00eda completo \u2705","breadcrumb":{"@id":"https:\/\/tourtravelandmore.com\/es\/tours\/malta-es\/valleta-mdina-es\/tour-privado-de-dia-completo-a-la-valeta-marsaxlokk-y-mdina\/#breadcrumb"},"inLanguage":"es","potentialAction":[{"@type":"ReadAction","target":["https:\/\/tourtravelandmore.com\/es\/tours\/malta-es\/valleta-mdina-es\/tour-privado-de-dia-completo-a-la-valeta-marsaxlokk-y-mdina\/"]}]},{"@type":"ImageObject","inLanguage":"es","@id":"https:\/\/tourtravelandmore.com\/es\/tours\/malta-es\/valleta-mdina-es\/tour-privado-de-dia-completo-a-la-valeta-marsaxlokk-y-mdina\/#primaryimage","url":"https:\/\/tourtravelandmore.com\/wp-content\/uploads\/2021\/12\/image2-4.jpg","contentUrl":"https:\/\/tourtravelandmore.com\/wp-content\/uploads\/2021\/12\/image2-4.jpg","width":762,"height":548},{"@type":"BreadcrumbList","@id":"https:\/\/tourtravelandmore.com\/es\/tours\/malta-es\/valleta-mdina-es\/tour-privado-de-dia-completo-a-la-valeta-marsaxlokk-y-mdina\/#breadcrumb","itemListElement":[{"@type":"ListItem","position":1,"name":"Home","item":"https:\/\/tourtravelandmore.com\/es\/"},{"@type":"ListItem","position":2,"name":"Tours","item":"https:\/\/tourtravelandmore.com\/es\/tours\/"},{"@type":"ListItem","position":3,"name":"Tour Privado de d\u00eda completo a La Valeta, Marsaxlokk y Mdina"}]},{"@type":"WebSite","@id":"https:\/\/tourtravelandmore.com\/es\/#website","url":"https:\/\/tourtravelandmore.com\/es\/","name":"Tour Travel And More","description":"Private sightseeing tours and luxury transfers in Spain","publisher":{"@id":"https:\/\/tourtravelandmore.com\/es\/#organization"},"potentialAction":[{"@type":"SearchAction","target":{"@type":"EntryPoint","urlTemplate":"https:\/\/tourtravelandmore.com\/es\/?s={search_term_string}"},"query-input":{"@type":"PropertyValueSpecification","valueRequired":true,"valueName":"search_term_string"}}],"inLanguage":"es"},{"@type":"Organization","@id":"https:\/\/tourtravelandmore.com\/es\/#organization","name":"Tour Travel And More","url":"https:\/\/tourtravelandmore.com\/es\/","logo":{"@type":"ImageObject","inLanguage":"es","@id":"https:\/\/tourtravelandmore.com\/es\/#\/schema\/logo\/image\/","url":"https:\/\/tourtravelandmore.com\/wp-content\/uploads\/2022\/12\/cropped-logo-cabecera-new.png","contentUrl":"https:\/\/tourtravelandmore.com\/wp-content\/uploads\/2022\/12\/cropped-logo-cabecera-new.png","width":430,"height":61,"caption":"Tour Travel And More"},"image":{"@id":"https:\/\/tourtravelandmore.com\/es\/#\/schema\/logo\/image\/"},"sameAs":["https:\/\/www.facebook.com\/tourtravelandmore\/","https:\/\/x.com\/TourTravel_More"]}]}},"_links":{"self":[{"href":"https:\/\/tourtravelandmore.com\/es\/wp-json\/wp\/v2\/product\/115520","targetHints":{"allow":["GET"]}}],"collection":[{"href":"https:\/\/tourtravelandmore.com\/es\/wp-json\/wp\/v2\/product"}],"about":[{"href":"https:\/\/tourtravelandmore.com\/es\/wp-json\/wp\/v2\/types\/product"}],"replies":[{"embeddable":true,"href":"https:\/\/tourtravelandmore.com\/es\/wp-json\/wp\/v2\/comments?post=115520"}],"wp:featuredmedia":[{"embeddable":true,"href":"https:\/\/tourtravelandmore.com\/es\/wp-json\/wp\/v2\/media\/115542"}],"wp:attachment":[{"href":"https:\/\/tourtravelandmore.com\/es\/wp-json\/wp\/v2\/media?parent=115520"}],"wp:term":[{"taxonomy":"product_brand","embeddable":true,"href":"https:\/\/tourtravelandmore.com\/es\/wp-json\/wp\/v2\/product_brand?post=115520"},{"taxonomy":"product_cat","embeddable":true,"href":"https:\/\/tourtravelandmore.com\/es\/wp-json\/wp\/v2\/product_cat?post=115520"},{"taxonomy":"product_tag","embeddable":true,"href":"https:\/\/tourtravelandmore.com\/es\/wp-json\/wp\/v2\/product_tag?post=115520"}],"curies":[{"name":"wp","href":"https:\/\/api.w.org\/{rel}","templated":true}]}}