{"id":115384,"date":"2021-12-13T13:16:09","date_gmt":"2021-12-13T12:16:09","guid":{"rendered":"https:\/\/tourtravelandmore.com\/tours\/sin%20categor\u00eda\/visita-de-un-dia-completo-a-las-bodegas-de-toledo-desde-madrid\/"},"modified":"2024-09-12T17:14:24","modified_gmt":"2024-09-12T15:14:24","slug":"visita-de-un-dia-completo-a-las-bodegas-de-toledo-desde-madrid","status":"publish","type":"product","link":"https:\/\/tourtravelandmore.com\/es\/tours\/espana-es\/madrid-es\/visita-de-un-dia-completo-a-las-bodegas-de-toledo-desde-madrid\/","title":{"rendered":"Tour privado de d\u00eda completo a Toledo + visita a bodega y degustaci\u00f3n"},"content":{"rendered":"<h2><b><strong>Descripci\u00f3n | Tour privado de d\u00eda completo a Toledo + visita a bodega y degustaci\u00f3n<\/strong><\/b><\/h2>\n<p>Explore los tesoros hist\u00f3ricos de Toledo y saboree los sabores de Espa\u00f1a en esta exclusiva excursi\u00f3n privada de d\u00eda completo. Dise\u00f1ado para aquellos que buscan una conexi\u00f3n m\u00e1s profunda con el rico patrimonio espa\u00f1ol y sus excepcionales vinos, este recorrido combina un viaje cultural por Toledo con una visita inolvidable a una bodega local.<\/p>\n<p>Viaje con comodidad y estilo con un veh\u00edculo privado y un ch\u00f3fer profesional a su disposici\u00f3n durante todo el d\u00eda, garantizando una experiencia fluida y lujosa.<\/p>\n<p>Esta excursi\u00f3n ofrece una mezcla perfecta de cultura, historia y gastronom\u00eda, lo que la convierte en la opci\u00f3n ideal para quienes buscan una experiencia \u00edntima y completa de Toledo y sus alrededores.<\/p>\n<p>\u00a1Reserve ahora y d\u00e9jenos crear un d\u00eda memorable s\u00f3lo para usted con Tour Travel &amp; More!<\/p>\n<h2>Puntos de inter\u00e9s<\/h2>\n<p>Sum\u00e9rjase en el encanto de Toledo, declarada Patrimonio de la Humanidad por la UNESCO, con una visita guiada de 2 horas dirigida por un experto local. Descubra la variada historia de la ciudad, desde su arquitectura medieval hasta su vibrante legado cultural. Visite lugares emblem\u00e1ticos como la Catedral de Toledo, el Alc\u00e1zar y la Juder\u00eda.<\/p>\n<p>Tras su exploraci\u00f3n de Toledo, contin\u00fae su viaje hasta una renombrada bodega local. Disfrute de una visita guiada por los vi\u00f1edos y las bodegas, donde conocer\u00e1 el proceso de elaboraci\u00f3n del vino. La visita culmina con una cata de vinos, que le permitir\u00e1 saborear una selecci\u00f3n de los mejores caldos de la regi\u00f3n.<\/p>\n<p>Nuestro tour privado es totalmente personalizable para adaptarse a sus intereses y ritmo. Tanto si desea dedicar m\u00e1s tiempo a explorar los lugares hist\u00f3ricos de Toledo como si prefiere disfrutar de una larga cata de vinos, adaptamos la experiencia a sus preferencias.<\/p>\n<p>Al final de sus visitas, su ch\u00f3fer le llevar\u00e1 de vuelta a su lugar de origen en Madrid para descansar.<\/p>\n<p>Como alternativa a nuestra <a href=\"\/?p=115393\"><b>visita<\/b><\/a> <a href=\"https:\/\/tourtravelandmore.com\/tours\/spain\/madrid-en\/full-day-visit-to-the-wineries-of-toledo-from-madrid\/\"><b>de<\/b><\/a> <a href=\"\/?p=115393\"><b>d\u00eda<\/b><\/a> <a href=\"\/?p=115312\"><b>completo<\/b><\/a> <a href=\"https:\/\/tourtravelandmore.com\/tours\/spain\/madrid-en\/full-day-visit-to-the-wineries-of-toledo-from-madrid\/\"><b>a las<\/b><\/a> <a href=\"\/?p=115393\"><b>bodegas<\/b><\/a> <a href=\"https:\/\/tourtravelandmore.com\/tours\/spain\/madrid-en\/full-day-visit-to-the-wineries-of-toledo-from-madrid\/\"><b>de Toledo desde Madrid<\/b><\/a>, puede realizar nuestra <a href=\"\/?p=115393\"><b>visita de d\u00eda completo a las bodegas de Ribera del Duero desde Madrid<\/b><\/a> durante 12 horas, o nuestra <a href=\"\/?p=115312\"><b>visita de d\u00eda completo a las bodegas de La Rioja<\/b><\/a> tambi\u00e9n <a href=\"\/?p=115312\"><b>desde Madrid<\/b><\/a>, pero durante 13 horas.<\/p>\n","protected":false},"excerpt":{"rendered":"<p>Disfrute de esta visita de d\u00eda completo a dos bodegas de Toledo desde Madrid. Veh\u00edculo privado de lujo con ch\u00f3fer y entrada a las bodegas. Duraci\u00f3n total: 8 horas. Recogida en el hotel en Madrid incluida.<\/p>\n","protected":false},"featured_media":115354,"comment_status":"open","ping_status":"closed","template":"","meta":{"_acf_changed":false},"product_brand":[],"product_cat":[284,4024,285,286,541,542,354],"product_tag":[],"class_list":{"0":"post-115384","1":"product","2":"type-product","3":"status-publish","4":"has-post-thumbnail","6":"product_cat-madrid-es","7":"product_cat-winery-tours-es-madrid-es","8":"product_cat-madrid-actividades-es","9":"product_cat-madrid-excursiones-es","10":"product_cat-toledo-actividades-es","11":"product_cat-toledo-rutas-turisticas-privadas-es","12":"product_cat-toledo-excursiones-es","14":"first","15":"instock","16":"shipping-taxable","17":"purchasable","18":"product-type-simple"},"acf":[],"yoast_head":"<!-- This site is optimized with the Yoast SEO Premium plugin v25.3.1 (Yoast SEO v25.3.1) - https:\/\/yoast.com\/wordpress\/plugins\/seo\/ -->\n<title>\u27a1\ufe0f Bodegas de Toledo desde Madrid | Tour Travel &amp; More<\/title>\n<meta name=\"description\" content=\"Bodegas de Toledo desde hotel en Madrid. Veh\u00edculo privado de lujo con ch\u00f3fer. Duraci\u00f3n total de 8 horas \u2705\" \/>\n<meta name=\"robots\" content=\"index, follow, max-snippet:-1, max-image-preview:large, max-video-preview:-1\" \/>\n<link rel=\"canonical\" href=\"https:\/\/tourtravelandmore.com\/es\/tours\/espana-es\/madrid-es\/visita-de-un-dia-completo-a-las-bodegas-de-toledo-desde-madrid\/\" \/>\n<meta property=\"og:locale\" content=\"es_ES\" \/>\n<meta property=\"og:type\" content=\"article\" \/>\n<meta property=\"og:title\" content=\"Tour privado de d\u00eda completo a Toledo + visita a bodega y degustaci\u00f3n\" \/>\n<meta property=\"og:description\" content=\"Bodegas de Toledo desde hotel en Madrid. Veh\u00edculo privado de lujo con ch\u00f3fer. Duraci\u00f3n total de 8 horas \u2705\" \/>\n<meta property=\"og:url\" content=\"https:\/\/tourtravelandmore.com\/es\/tours\/espana-es\/madrid-es\/visita-de-un-dia-completo-a-las-bodegas-de-toledo-desde-madrid\/\" \/>\n<meta property=\"og:site_name\" content=\"Tour Travel And More\" \/>\n<meta property=\"article:publisher\" content=\"https:\/\/www.facebook.com\/tourtravelandmore\/\" \/>\n<meta property=\"article:modified_time\" content=\"2024-09-12T15:14:24+00:00\" \/>\n<meta property=\"og:image\" content=\"https:\/\/tourtravelandmore.com\/wp-content\/uploads\/2021\/12\/copa1-1.jpg\" \/>\n\t<meta property=\"og:image:width\" content=\"673\" \/>\n\t<meta property=\"og:image:height\" content=\"1010\" \/>\n\t<meta property=\"og:image:type\" content=\"image\/jpeg\" \/>\n<meta name=\"twitter:card\" content=\"summary_large_image\" \/>\n<meta name=\"twitter:site\" content=\"@TourTravel_More\" \/>\n<meta name=\"twitter:label1\" content=\"Tiempo de lectura\" \/>\n\t<meta name=\"twitter:data1\" content=\"2 minutos\" \/>\n<script type=\"application\/ld+json\" class=\"yoast-schema-graph\">{\"@context\":\"https:\/\/schema.org\",\"@graph\":[{\"@type\":\"WebPage\",\"@id\":\"https:\/\/tourtravelandmore.com\/es\/tours\/espana-es\/madrid-es\/visita-de-un-dia-completo-a-las-bodegas-de-toledo-desde-madrid\/\",\"url\":\"https:\/\/tourtravelandmore.com\/es\/tours\/espana-es\/madrid-es\/visita-de-un-dia-completo-a-las-bodegas-de-toledo-desde-madrid\/\",\"name\":\"\u27a1\ufe0f Bodegas de Toledo desde Madrid | Tour Travel & More\",\"isPartOf\":{\"@id\":\"https:\/\/tourtravelandmore.com\/es\/#website\"},\"primaryImageOfPage\":{\"@id\":\"https:\/\/tourtravelandmore.com\/es\/tours\/espana-es\/madrid-es\/visita-de-un-dia-completo-a-las-bodegas-de-toledo-desde-madrid\/#primaryimage\"},\"image\":{\"@id\":\"https:\/\/tourtravelandmore.com\/es\/tours\/espana-es\/madrid-es\/visita-de-un-dia-completo-a-las-bodegas-de-toledo-desde-madrid\/#primaryimage\"},\"thumbnailUrl\":\"https:\/\/tourtravelandmore.com\/wp-content\/uploads\/2021\/12\/copa1-1.jpg\",\"datePublished\":\"2021-12-13T12:16:09+00:00\",\"dateModified\":\"2024-09-12T15:14:24+00:00\",\"description\":\"Bodegas de Toledo desde hotel en Madrid. Veh\u00edculo privado de lujo con ch\u00f3fer. Duraci\u00f3n total de 8 horas \u2705\",\"breadcrumb\":{\"@id\":\"https:\/\/tourtravelandmore.com\/es\/tours\/espana-es\/madrid-es\/visita-de-un-dia-completo-a-las-bodegas-de-toledo-desde-madrid\/#breadcrumb\"},\"inLanguage\":\"es\",\"potentialAction\":[{\"@type\":\"ReadAction\",\"target\":[\"https:\/\/tourtravelandmore.com\/es\/tours\/espana-es\/madrid-es\/visita-de-un-dia-completo-a-las-bodegas-de-toledo-desde-madrid\/\"]}]},{\"@type\":\"ImageObject\",\"inLanguage\":\"es\",\"@id\":\"https:\/\/tourtravelandmore.com\/es\/tours\/espana-es\/madrid-es\/visita-de-un-dia-completo-a-las-bodegas-de-toledo-desde-madrid\/#primaryimage\",\"url\":\"https:\/\/tourtravelandmore.com\/wp-content\/uploads\/2021\/12\/copa1-1.jpg\",\"contentUrl\":\"https:\/\/tourtravelandmore.com\/wp-content\/uploads\/2021\/12\/copa1-1.jpg\",\"width\":673,\"height\":1010},{\"@type\":\"BreadcrumbList\",\"@id\":\"https:\/\/tourtravelandmore.com\/es\/tours\/espana-es\/madrid-es\/visita-de-un-dia-completo-a-las-bodegas-de-toledo-desde-madrid\/#breadcrumb\",\"itemListElement\":[{\"@type\":\"ListItem\",\"position\":1,\"name\":\"Home\",\"item\":\"https:\/\/tourtravelandmore.com\/es\/\"},{\"@type\":\"ListItem\",\"position\":2,\"name\":\"Tours\",\"item\":\"https:\/\/tourtravelandmore.com\/es\/tours\/\"},{\"@type\":\"ListItem\",\"position\":3,\"name\":\"Tour privado de d\u00eda completo a Toledo + visita a bodega y degustaci\u00f3n\"}]},{\"@type\":\"WebSite\",\"@id\":\"https:\/\/tourtravelandmore.com\/es\/#website\",\"url\":\"https:\/\/tourtravelandmore.com\/es\/\",\"name\":\"Tour Travel And More\",\"description\":\"Private sightseeing tours and luxury transfers in Spain\",\"publisher\":{\"@id\":\"https:\/\/tourtravelandmore.com\/es\/#organization\"},\"potentialAction\":[{\"@type\":\"SearchAction\",\"target\":{\"@type\":\"EntryPoint\",\"urlTemplate\":\"https:\/\/tourtravelandmore.com\/es\/?s={search_term_string}\"},\"query-input\":{\"@type\":\"PropertyValueSpecification\",\"valueRequired\":true,\"valueName\":\"search_term_string\"}}],\"inLanguage\":\"es\"},{\"@type\":\"Organization\",\"@id\":\"https:\/\/tourtravelandmore.com\/es\/#organization\",\"name\":\"Tour Travel And More\",\"url\":\"https:\/\/tourtravelandmore.com\/es\/\",\"logo\":{\"@type\":\"ImageObject\",\"inLanguage\":\"es\",\"@id\":\"https:\/\/tourtravelandmore.com\/es\/#\/schema\/logo\/image\/\",\"url\":\"https:\/\/tourtravelandmore.com\/wp-content\/uploads\/2022\/12\/cropped-logo-cabecera-new.png\",\"contentUrl\":\"https:\/\/tourtravelandmore.com\/wp-content\/uploads\/2022\/12\/cropped-logo-cabecera-new.png\",\"width\":430,\"height\":61,\"caption\":\"Tour Travel And More\"},\"image\":{\"@id\":\"https:\/\/tourtravelandmore.com\/es\/#\/schema\/logo\/image\/\"},\"sameAs\":[\"https:\/\/www.facebook.com\/tourtravelandmore\/\",\"https:\/\/x.com\/TourTravel_More\"]}]}<\/script>\n<!-- \/ Yoast SEO Premium plugin. -->","yoast_head_json":{"title":"\u27a1\ufe0f Bodegas de Toledo desde Madrid | Tour Travel & More","description":"Bodegas de Toledo desde hotel en Madrid. Veh\u00edculo privado de lujo con ch\u00f3fer. Duraci\u00f3n total de 8 horas \u2705","robots":{"index":"index","follow":"follow","max-snippet":"max-snippet:-1","max-image-preview":"max-image-preview:large","max-video-preview":"max-video-preview:-1"},"canonical":"https:\/\/tourtravelandmore.com\/es\/tours\/espana-es\/madrid-es\/visita-de-un-dia-completo-a-las-bodegas-de-toledo-desde-madrid\/","og_locale":"es_ES","og_type":"article","og_title":"Tour privado de d\u00eda completo a Toledo + visita a bodega y degustaci\u00f3n","og_description":"Bodegas de Toledo desde hotel en Madrid. Veh\u00edculo privado de lujo con ch\u00f3fer. Duraci\u00f3n total de 8 horas \u2705","og_url":"https:\/\/tourtravelandmore.com\/es\/tours\/espana-es\/madrid-es\/visita-de-un-dia-completo-a-las-bodegas-de-toledo-desde-madrid\/","og_site_name":"Tour Travel And More","article_publisher":"https:\/\/www.facebook.com\/tourtravelandmore\/","article_modified_time":"2024-09-12T15:14:24+00:00","og_image":[{"width":673,"height":1010,"url":"https:\/\/tourtravelandmore.com\/wp-content\/uploads\/2021\/12\/copa1-1.jpg","type":"image\/jpeg"}],"twitter_card":"summary_large_image","twitter_site":"@TourTravel_More","twitter_misc":{"Tiempo de lectura":"2 minutos"},"schema":{"@context":"https:\/\/schema.org","@graph":[{"@type":"WebPage","@id":"https:\/\/tourtravelandmore.com\/es\/tours\/espana-es\/madrid-es\/visita-de-un-dia-completo-a-las-bodegas-de-toledo-desde-madrid\/","url":"https:\/\/tourtravelandmore.com\/es\/tours\/espana-es\/madrid-es\/visita-de-un-dia-completo-a-las-bodegas-de-toledo-desde-madrid\/","name":"\u27a1\ufe0f Bodegas de Toledo desde Madrid | Tour Travel & More","isPartOf":{"@id":"https:\/\/tourtravelandmore.com\/es\/#website"},"primaryImageOfPage":{"@id":"https:\/\/tourtravelandmore.com\/es\/tours\/espana-es\/madrid-es\/visita-de-un-dia-completo-a-las-bodegas-de-toledo-desde-madrid\/#primaryimage"},"image":{"@id":"https:\/\/tourtravelandmore.com\/es\/tours\/espana-es\/madrid-es\/visita-de-un-dia-completo-a-las-bodegas-de-toledo-desde-madrid\/#primaryimage"},"thumbnailUrl":"https:\/\/tourtravelandmore.com\/wp-content\/uploads\/2021\/12\/copa1-1.jpg","datePublished":"2021-12-13T12:16:09+00:00","dateModified":"2024-09-12T15:14:24+00:00","description":"Bodegas de Toledo desde hotel en Madrid. Veh\u00edculo privado de lujo con ch\u00f3fer. Duraci\u00f3n total de 8 horas \u2705","breadcrumb":{"@id":"https:\/\/tourtravelandmore.com\/es\/tours\/espana-es\/madrid-es\/visita-de-un-dia-completo-a-las-bodegas-de-toledo-desde-madrid\/#breadcrumb"},"inLanguage":"es","potentialAction":[{"@type":"ReadAction","target":["https:\/\/tourtravelandmore.com\/es\/tours\/espana-es\/madrid-es\/visita-de-un-dia-completo-a-las-bodegas-de-toledo-desde-madrid\/"]}]},{"@type":"ImageObject","inLanguage":"es","@id":"https:\/\/tourtravelandmore.com\/es\/tours\/espana-es\/madrid-es\/visita-de-un-dia-completo-a-las-bodegas-de-toledo-desde-madrid\/#primaryimage","url":"https:\/\/tourtravelandmore.com\/wp-content\/uploads\/2021\/12\/copa1-1.jpg","contentUrl":"https:\/\/tourtravelandmore.com\/wp-content\/uploads\/2021\/12\/copa1-1.jpg","width":673,"height":1010},{"@type":"BreadcrumbList","@id":"https:\/\/tourtravelandmore.com\/es\/tours\/espana-es\/madrid-es\/visita-de-un-dia-completo-a-las-bodegas-de-toledo-desde-madrid\/#breadcrumb","itemListElement":[{"@type":"ListItem","position":1,"name":"Home","item":"https:\/\/tourtravelandmore.com\/es\/"},{"@type":"ListItem","position":2,"name":"Tours","item":"https:\/\/tourtravelandmore.com\/es\/tours\/"},{"@type":"ListItem","position":3,"name":"Tour privado de d\u00eda completo a Toledo + visita a bodega y degustaci\u00f3n"}]},{"@type":"WebSite","@id":"https:\/\/tourtravelandmore.com\/es\/#website","url":"https:\/\/tourtravelandmore.com\/es\/","name":"Tour Travel And More","description":"Private sightseeing tours and luxury transfers in Spain","publisher":{"@id":"https:\/\/tourtravelandmore.com\/es\/#organization"},"potentialAction":[{"@type":"SearchAction","target":{"@type":"EntryPoint","urlTemplate":"https:\/\/tourtravelandmore.com\/es\/?s={search_term_string}"},"query-input":{"@type":"PropertyValueSpecification","valueRequired":true,"valueName":"search_term_string"}}],"inLanguage":"es"},{"@type":"Organization","@id":"https:\/\/tourtravelandmore.com\/es\/#organization","name":"Tour Travel And More","url":"https:\/\/tourtravelandmore.com\/es\/","logo":{"@type":"ImageObject","inLanguage":"es","@id":"https:\/\/tourtravelandmore.com\/es\/#\/schema\/logo\/image\/","url":"https:\/\/tourtravelandmore.com\/wp-content\/uploads\/2022\/12\/cropped-logo-cabecera-new.png","contentUrl":"https:\/\/tourtravelandmore.com\/wp-content\/uploads\/2022\/12\/cropped-logo-cabecera-new.png","width":430,"height":61,"caption":"Tour Travel And More"},"image":{"@id":"https:\/\/tourtravelandmore.com\/es\/#\/schema\/logo\/image\/"},"sameAs":["https:\/\/www.facebook.com\/tourtravelandmore\/","https:\/\/x.com\/TourTravel_More"]}]}},"_links":{"self":[{"href":"https:\/\/tourtravelandmore.com\/es\/wp-json\/wp\/v2\/product\/115384","targetHints":{"allow":["GET"]}}],"collection":[{"href":"https:\/\/tourtravelandmore.com\/es\/wp-json\/wp\/v2\/product"}],"about":[{"href":"https:\/\/tourtravelandmore.com\/es\/wp-json\/wp\/v2\/types\/product"}],"replies":[{"embeddable":true,"href":"https:\/\/tourtravelandmore.com\/es\/wp-json\/wp\/v2\/comments?post=115384"}],"wp:featuredmedia":[{"embeddable":true,"href":"https:\/\/tourtravelandmore.com\/es\/wp-json\/wp\/v2\/media\/115354"}],"wp:attachment":[{"href":"https:\/\/tourtravelandmore.com\/es\/wp-json\/wp\/v2\/media?parent=115384"}],"wp:term":[{"taxonomy":"product_brand","embeddable":true,"href":"https:\/\/tourtravelandmore.com\/es\/wp-json\/wp\/v2\/product_brand?post=115384"},{"taxonomy":"product_cat","embeddable":true,"href":"https:\/\/tourtravelandmore.com\/es\/wp-json\/wp\/v2\/product_cat?post=115384"},{"taxonomy":"product_tag","embeddable":true,"href":"https:\/\/tourtravelandmore.com\/es\/wp-json\/wp\/v2\/product_tag?post=115384"}],"curies":[{"name":"wp","href":"https:\/\/api.w.org\/{rel}","templated":true}]}}