{"id":114806,"date":"2021-12-03T11:50:20","date_gmt":"2021-12-03T10:50:21","guid":{"rendered":"https:\/\/tourtravelandmore.com\/?post_type=product&#038;p=114806"},"modified":"2024-01-12T11:42:19","modified_gmt":"2024-01-12T10:42:19","slug":"tour-privado-a-zaanse-schans-edam-volendam-y-marken","status":"publish","type":"product","link":"https:\/\/tourtravelandmore.com\/es\/tours\/paises-bajos-es\/amsterdam-es\/tour-privado-a-zaanse-schans-edam-volendam-y-marken\/","title":{"rendered":"Tour privado a Zaanse Schans, Edam, Volendam y Marken"},"content":{"rendered":"<h2><b>Descripci\u00f3n del Tour privado a Zaanse Schans, Edam, Volendam y Marken<\/b><\/h2>\n<p><span style=\"font-weight: 400;\">Si visitas Holanda, hay un paseo que no puedes perderte por nada del mundo: conocer los emblem\u00e1ticos molinos de viento. Tampoco debes irte sin degustar su delicioso queso Edam y sin conocer la magia que irradia un pueblo holand\u00e9s.<\/span><\/p>\n<p><span style=\"font-weight: 400;\">Todo esto y m\u00e1s podr\u00e1s disfrutar con nuestro <\/span><b>Tour privado a Zaanse Schans, Edam, Volendam y Marken.<\/b><\/p>\n<p><span style=\"font-weight: 400;\">Sum\u00e9rgete en las verdaderas bellezas de la Holanda Rural, en una excursi\u00f3n privada que <\/span><b>incluye coche y gu\u00eda personalizado. <\/b><span style=\"font-weight: 400;\">Nuestro tour privado <\/span><b>dura 8 horas<\/b><span style=\"font-weight: 400;\">. En las cuales tendr\u00e1s a tu disposici\u00f3n un c\u00f3modo coche privado, as\u00ed como un gu\u00eda experto que te sorprender\u00e1 con <\/span><b>datos de la historia local. <\/b><span style=\"font-weight: 400;\">Descon\u00e9ctate de la urbe y d\u00e9jate llevar por la magia, los colores y los sabores de la maravillosa campi\u00f1a holandesa.<\/span><\/p>\n<p><span style=\"font-weight: 400;\">Nuestro paseo inicia en Zaanse Schans, donde vas a tener la oportunidad de fotografiar sus impresionantes molinos de viento: <\/span><i><span style=\"font-weight: 400;\">\u00a1qu\u00e9 a\u00fan funcionan!<\/span><\/i><\/p>\n<p><span style=\"font-weight: 400;\">Luego, nos dirigiremos a Waterland, para que te adentres en la belleza natural de los hermosos pueblos Edam, Volendam y Marken.<\/span><\/p>\n<p><span style=\"font-weight: 400;\">Una vez que est\u00e9s en la zona rural, podr\u00e1s visitar la plaza central, los puertos pesqueros, las queser\u00edas y hasta una f\u00e1brica de zapatos zuecos.<\/span><\/p>\n<p><span style=\"font-weight: 400;\">Adem\u00e1s, ver\u00e1s de cerca las famosas iglesias protestantes y las casas de madera que te llevar\u00e1n de regreso al siglo XVII. Es toda una experiencia que no te puedes perder.\u00a0<\/span><\/p>\n<h2><b>Puntos de inter\u00e9s en este tour privado<\/b><\/h2>\n<p><span style=\"font-weight: 400;\">El Tour privado a Zaanse Schans, Edam, Volendam y Marken empieza en el punto que acuerdes con el gu\u00eda para que te recoja un chofer privado.<\/span><\/p>\n<p><span style=\"font-weight: 400;\">Despu\u00e9s, inicia el recorrido en un coche que te llevar\u00e1 a trav\u00e9s de prados y campos holandeses hasta llegar a Zaanse Schans.<\/span><\/p>\n<h3><span style=\"color: #d3af37;\"><span style=\"font-weight: 400;\">\u00a0<\/span><b>Zaanse Schans<\/b><\/span><\/h3>\n<p><span style=\"font-weight: 400;\">\u00a0<\/span><span style=\"font-weight: 400;\">El pintoresco pueblo de Zaanse Schans est\u00e1 ubicado apenas a unos 20 km de \u00c1msterdam. Cuando lo visites, te dar\u00e1s cuenta de que el lugar parece que est\u00e1 detenido en el tiempo. <\/span><span style=\"font-weight: 400;\">El pueblo tiene la apariencia de ser un museo al aire libre. Apenas llegues, ver\u00e1s casas construidas en el siglo XV y varios molinos fabricados en la Edad de Oro holandesa. <\/span><span style=\"font-weight: 400;\">Cuando est\u00e9s all\u00ed, tendr\u00e1s la oportunidad de visitar el parque Zaanse Schans y fotografiar de cerca sus imponentes molinos de viento.<\/span><\/p>\n<p><span style=\"font-weight: 400;\">Tambi\u00e9n, durante el paseo conocer\u00e1s c\u00f3mo se fabrican los tradicionales zuecos de madera.<\/span><\/p>\n<h3><span style=\"color: #d3af37;\"><b>Edam<\/b><\/span><\/h3>\n<p><span style=\"font-weight: 400;\">El tour privado contin\u00faa en el espl\u00e9ndido pueblo de Edam, un sitio ideal para <\/span><b>retirarse del estr\u00e9s diario.<\/b><\/p>\n<p><span style=\"font-weight: 400;\">Dentro de Edam encontrar\u00e1s sus irreales calles empedradas, que parecen salidas de un cl\u00e1sico cuento holand\u00e9s.<\/span><\/p>\n<p><span style=\"font-weight: 400;\">Al estar all\u00ed, no te puedes ir sin visitar sus famosas queser\u00edas. En las cuales se fabrica uno de los productos l\u00e1cteos m\u00e1s famosos del mundo: el queso de bola Edam. <\/span><span style=\"font-weight: 400;\">Si vas entre los meses de julio y agosto, debes conocer el c\u00e9lebre mercado de quesos de la localidad. En este sitio te deleitar\u00e1s con la diversidad de sabores que all\u00ed ofrecen y, a la vez, ser\u00e1 un momento perfecto para recrearte con toda su m\u00e1gica belleza.<\/span><\/p>\n<h3><span style=\"color: #d3af37;\"><b>\u00a0<\/b><b>F\u00e1brica de quesos<\/b><\/span><\/h3>\n<p><span style=\"font-weight: 400;\">\u00a0<\/span><span style=\"font-weight: 400;\">Si de deliciosos sabores se trata, durante el tour podr\u00e1s conocer varias de las f\u00e1bricas de queso m\u00e1s hist\u00f3ricas y representativas de la zona. <\/span><span style=\"font-weight: 400;\">De esa manera podr\u00e1s ver el proceso de producci\u00f3n y degustar de una gran variedad de productos propios de la regi\u00f3n.<\/span><\/p>\n<h3><span style=\"color: #d3af37;\"><b>Volendam<\/b><\/span><\/h3>\n<p><span style=\"font-weight: 400;\">\u00a0<\/span><span style=\"font-weight: 400;\">En este sorprendente pueblo holand\u00e9s quedar\u00e1s atrapado con la fascinante hermosura de sus casas verdes.<\/span><\/p>\n<p><span style=\"font-weight: 400;\">En este lugar encontrar\u00e1s un delicioso pescado, que, adem\u00e1s, es uno de los m\u00e1s famosos de Holanda.<\/span><\/p>\n<p><span style=\"font-weight: 400;\">Asimismo, aprovecha cuando est\u00e9s en Volendam para pasear por sus muelles y ver la tranquila faena de los pescadores.<\/span><\/p>\n<h3><span style=\"color: #d3af37;\"><b>\u00a0<\/b><b>Marken<\/b><\/span><\/h3>\n<p><span style=\"font-weight: 400;\">\u00a0<\/span><span style=\"font-weight: 400;\">El Tour privado a Zaanse Schans, Edam, Volendam y Marken termina por todo lo alto, ya que visitar\u00e1s Marken, una isla con mucha historia y la cual est\u00e1 habitada por pescadores. <\/span><span style=\"font-weight: 400;\">El gu\u00eda te hablar\u00e1 sobre todas las complicaciones que el agua les ha dado a lo largo de la historia a sus habitantes y de c\u00f3mo el pueblo ha sobrevivido a distintas tragedias. <\/span><span style=\"font-weight: 400;\">Puedes aprovechar el tiempo libre para dar un paseo en barco por los alrededores del pueblo.<\/span><\/p>\n<p><span style=\"font-weight: 400;\">Al terminar el tour, el coche te devolver\u00e1 hasta el sitio que escojas para que descanses y retomes las fuerzas.<\/span><\/p>\n<p><span style=\"font-weight: 400;\">Luego de recuperar las energ\u00edas, te recomendamos que contrates el <\/span><a href=\"https:\/\/amsterdamguias.com\/tours-privados-amsterdam\/\"><span style=\"font-weight: 400;\">Tour privado en bici por Amsterdam<\/span><\/a><span style=\"font-weight: 400;\">, para que conectes de una forma divertida con la hermosa capital holandesa.\u00a0\u00a0<\/span><\/p>\n","protected":false},"excerpt":{"rendered":"<p><span style=\"font-weight: 400;\">Recorre la imponente campi\u00f1a francesa en nuestro <\/span><b>tour privado a Volendam y molinos de Zaanse Schans desde \u00c1msterdam<\/b><span style=\"font-weight: 400;\">. Aprovecha tu paso por \u00c1msterdam para conocer los famosos molinos de Zaanse Schans, las emblem\u00e1ticas casas verdes de Volendam, y muchos otros sitios de una incre\u00edble belleza. Ser\u00e1 un paseo exclusivo y personalizado en el cual ir\u00e1s acompa\u00f1ado de un gu\u00eda privado mientras te trasladas en un c\u00f3modo coche de lujo<\/span><\/p>\n","protected":false},"featured_media":114825,"comment_status":"open","ping_status":"closed","template":"","meta":{"_acf_changed":false},"product_brand":[],"product_cat":[1600,975,976,977],"product_tag":[],"class_list":{"0":"post-114806","1":"product","2":"type-product","3":"status-publish","4":"has-post-thumbnail","6":"product_cat-paises-bajos-es","7":"product_cat-amsterdam-es","8":"product_cat-amsterdam-actividades-es","9":"product_cat-amsterdam-rutas-turisticas-privadas-es","11":"first","12":"instock","13":"shipping-taxable","14":"purchasable","15":"product-type-simple"},"acf":[],"yoast_head":"<!-- This site is optimized with the Yoast SEO Premium plugin v25.3.1 (Yoast SEO v25.3.1) - https:\/\/yoast.com\/wordpress\/plugins\/seo\/ -->\n<title>\u27a1\ufe0f Tour Privado con coche a Zaanse Schans, Edam, Volendam y Marken | Tour Travel &amp; More<\/title>\n<meta name=\"description\" content=\"Recorre en coche la campi\u00f1a holandesa y conoce a Zaanse Schans, Edam, Volendam y Marken a trav\u00e9s de un tour privado que incluye gu\u00eda personal \u2705\" \/>\n<meta name=\"robots\" content=\"index, follow, max-snippet:-1, max-image-preview:large, max-video-preview:-1\" \/>\n<link rel=\"canonical\" href=\"https:\/\/tourtravelandmore.com\/es\/tours\/paises-bajos-es\/amsterdam-es\/tour-privado-a-zaanse-schans-edam-volendam-y-marken\/\" \/>\n<meta property=\"og:locale\" content=\"es_ES\" \/>\n<meta property=\"og:type\" content=\"article\" \/>\n<meta property=\"og:title\" content=\"Tour privado a Zaanse Schans, Edam, Volendam y Marken\" \/>\n<meta property=\"og:description\" content=\"Recorre en coche la campi\u00f1a holandesa y conoce a Zaanse Schans, Edam, Volendam y Marken a trav\u00e9s de un tour privado que incluye gu\u00eda personal \u2705\" \/>\n<meta property=\"og:url\" content=\"https:\/\/tourtravelandmore.com\/es\/tours\/paises-bajos-es\/amsterdam-es\/tour-privado-a-zaanse-schans-edam-volendam-y-marken\/\" \/>\n<meta property=\"og:site_name\" content=\"Tour Travel And More\" \/>\n<meta property=\"article:publisher\" content=\"https:\/\/www.facebook.com\/tourtravelandmore\/\" \/>\n<meta property=\"article:modified_time\" content=\"2024-01-12T10:42:19+00:00\" \/>\n<meta property=\"og:image\" content=\"https:\/\/tourtravelandmore.com\/wp-content\/uploads\/2021\/12\/image2-3.jpg\" \/>\n\t<meta property=\"og:image:width\" content=\"910\" \/>\n\t<meta property=\"og:image:height\" content=\"607\" \/>\n\t<meta property=\"og:image:type\" content=\"image\/jpeg\" \/>\n<meta name=\"twitter:card\" content=\"summary_large_image\" \/>\n<meta name=\"twitter:site\" content=\"@TourTravel_More\" \/>\n<meta name=\"twitter:label1\" content=\"Tiempo de lectura\" \/>\n\t<meta name=\"twitter:data1\" content=\"4 minutos\" \/>\n<script type=\"application\/ld+json\" class=\"yoast-schema-graph\">{\"@context\":\"https:\/\/schema.org\",\"@graph\":[{\"@type\":\"WebPage\",\"@id\":\"https:\/\/tourtravelandmore.com\/es\/tours\/paises-bajos-es\/amsterdam-es\/tour-privado-a-zaanse-schans-edam-volendam-y-marken\/\",\"url\":\"https:\/\/tourtravelandmore.com\/es\/tours\/paises-bajos-es\/amsterdam-es\/tour-privado-a-zaanse-schans-edam-volendam-y-marken\/\",\"name\":\"\u27a1\ufe0f Tour Privado con coche a Zaanse Schans, Edam, Volendam y Marken | Tour Travel & More\",\"isPartOf\":{\"@id\":\"https:\/\/tourtravelandmore.com\/es\/#website\"},\"primaryImageOfPage\":{\"@id\":\"https:\/\/tourtravelandmore.com\/es\/tours\/paises-bajos-es\/amsterdam-es\/tour-privado-a-zaanse-schans-edam-volendam-y-marken\/#primaryimage\"},\"image\":{\"@id\":\"https:\/\/tourtravelandmore.com\/es\/tours\/paises-bajos-es\/amsterdam-es\/tour-privado-a-zaanse-schans-edam-volendam-y-marken\/#primaryimage\"},\"thumbnailUrl\":\"https:\/\/tourtravelandmore.com\/wp-content\/uploads\/2021\/12\/image2-3.jpg\",\"datePublished\":\"2021-12-03T10:50:21+00:00\",\"dateModified\":\"2024-01-12T10:42:19+00:00\",\"description\":\"Recorre en coche la campi\u00f1a holandesa y conoce a Zaanse Schans, Edam, Volendam y Marken a trav\u00e9s de un tour privado que incluye gu\u00eda personal \u2705\",\"breadcrumb\":{\"@id\":\"https:\/\/tourtravelandmore.com\/es\/tours\/paises-bajos-es\/amsterdam-es\/tour-privado-a-zaanse-schans-edam-volendam-y-marken\/#breadcrumb\"},\"inLanguage\":\"es\",\"potentialAction\":[{\"@type\":\"ReadAction\",\"target\":[\"https:\/\/tourtravelandmore.com\/es\/tours\/paises-bajos-es\/amsterdam-es\/tour-privado-a-zaanse-schans-edam-volendam-y-marken\/\"]}]},{\"@type\":\"ImageObject\",\"inLanguage\":\"es\",\"@id\":\"https:\/\/tourtravelandmore.com\/es\/tours\/paises-bajos-es\/amsterdam-es\/tour-privado-a-zaanse-schans-edam-volendam-y-marken\/#primaryimage\",\"url\":\"https:\/\/tourtravelandmore.com\/wp-content\/uploads\/2021\/12\/image2-3.jpg\",\"contentUrl\":\"https:\/\/tourtravelandmore.com\/wp-content\/uploads\/2021\/12\/image2-3.jpg\",\"width\":910,\"height\":607},{\"@type\":\"BreadcrumbList\",\"@id\":\"https:\/\/tourtravelandmore.com\/es\/tours\/paises-bajos-es\/amsterdam-es\/tour-privado-a-zaanse-schans-edam-volendam-y-marken\/#breadcrumb\",\"itemListElement\":[{\"@type\":\"ListItem\",\"position\":1,\"name\":\"Home\",\"item\":\"https:\/\/tourtravelandmore.com\/es\/\"},{\"@type\":\"ListItem\",\"position\":2,\"name\":\"Tours\",\"item\":\"https:\/\/tourtravelandmore.com\/es\/tours\/\"},{\"@type\":\"ListItem\",\"position\":3,\"name\":\"Tour privado a Zaanse Schans, Edam, Volendam y Marken\"}]},{\"@type\":\"WebSite\",\"@id\":\"https:\/\/tourtravelandmore.com\/es\/#website\",\"url\":\"https:\/\/tourtravelandmore.com\/es\/\",\"name\":\"Tour Travel And More\",\"description\":\"Private sightseeing tours and luxury transfers in Spain\",\"publisher\":{\"@id\":\"https:\/\/tourtravelandmore.com\/es\/#organization\"},\"potentialAction\":[{\"@type\":\"SearchAction\",\"target\":{\"@type\":\"EntryPoint\",\"urlTemplate\":\"https:\/\/tourtravelandmore.com\/es\/?s={search_term_string}\"},\"query-input\":{\"@type\":\"PropertyValueSpecification\",\"valueRequired\":true,\"valueName\":\"search_term_string\"}}],\"inLanguage\":\"es\"},{\"@type\":\"Organization\",\"@id\":\"https:\/\/tourtravelandmore.com\/es\/#organization\",\"name\":\"Tour Travel And More\",\"url\":\"https:\/\/tourtravelandmore.com\/es\/\",\"logo\":{\"@type\":\"ImageObject\",\"inLanguage\":\"es\",\"@id\":\"https:\/\/tourtravelandmore.com\/es\/#\/schema\/logo\/image\/\",\"url\":\"https:\/\/tourtravelandmore.com\/wp-content\/uploads\/2022\/12\/cropped-logo-cabecera-new.png\",\"contentUrl\":\"https:\/\/tourtravelandmore.com\/wp-content\/uploads\/2022\/12\/cropped-logo-cabecera-new.png\",\"width\":430,\"height\":61,\"caption\":\"Tour Travel And More\"},\"image\":{\"@id\":\"https:\/\/tourtravelandmore.com\/es\/#\/schema\/logo\/image\/\"},\"sameAs\":[\"https:\/\/www.facebook.com\/tourtravelandmore\/\",\"https:\/\/x.com\/TourTravel_More\"]}]}<\/script>\n<!-- \/ Yoast SEO Premium plugin. -->","yoast_head_json":{"title":"\u27a1\ufe0f Tour Privado con coche a Zaanse Schans, Edam, Volendam y Marken | Tour Travel & More","description":"Recorre en coche la campi\u00f1a holandesa y conoce a Zaanse Schans, Edam, Volendam y Marken a trav\u00e9s de un tour privado que incluye gu\u00eda personal \u2705","robots":{"index":"index","follow":"follow","max-snippet":"max-snippet:-1","max-image-preview":"max-image-preview:large","max-video-preview":"max-video-preview:-1"},"canonical":"https:\/\/tourtravelandmore.com\/es\/tours\/paises-bajos-es\/amsterdam-es\/tour-privado-a-zaanse-schans-edam-volendam-y-marken\/","og_locale":"es_ES","og_type":"article","og_title":"Tour privado a Zaanse Schans, Edam, Volendam y Marken","og_description":"Recorre en coche la campi\u00f1a holandesa y conoce a Zaanse Schans, Edam, Volendam y Marken a trav\u00e9s de un tour privado que incluye gu\u00eda personal \u2705","og_url":"https:\/\/tourtravelandmore.com\/es\/tours\/paises-bajos-es\/amsterdam-es\/tour-privado-a-zaanse-schans-edam-volendam-y-marken\/","og_site_name":"Tour Travel And More","article_publisher":"https:\/\/www.facebook.com\/tourtravelandmore\/","article_modified_time":"2024-01-12T10:42:19+00:00","og_image":[{"width":910,"height":607,"url":"https:\/\/tourtravelandmore.com\/wp-content\/uploads\/2021\/12\/image2-3.jpg","type":"image\/jpeg"}],"twitter_card":"summary_large_image","twitter_site":"@TourTravel_More","twitter_misc":{"Tiempo de lectura":"4 minutos"},"schema":{"@context":"https:\/\/schema.org","@graph":[{"@type":"WebPage","@id":"https:\/\/tourtravelandmore.com\/es\/tours\/paises-bajos-es\/amsterdam-es\/tour-privado-a-zaanse-schans-edam-volendam-y-marken\/","url":"https:\/\/tourtravelandmore.com\/es\/tours\/paises-bajos-es\/amsterdam-es\/tour-privado-a-zaanse-schans-edam-volendam-y-marken\/","name":"\u27a1\ufe0f Tour Privado con coche a Zaanse Schans, Edam, Volendam y Marken | Tour Travel & More","isPartOf":{"@id":"https:\/\/tourtravelandmore.com\/es\/#website"},"primaryImageOfPage":{"@id":"https:\/\/tourtravelandmore.com\/es\/tours\/paises-bajos-es\/amsterdam-es\/tour-privado-a-zaanse-schans-edam-volendam-y-marken\/#primaryimage"},"image":{"@id":"https:\/\/tourtravelandmore.com\/es\/tours\/paises-bajos-es\/amsterdam-es\/tour-privado-a-zaanse-schans-edam-volendam-y-marken\/#primaryimage"},"thumbnailUrl":"https:\/\/tourtravelandmore.com\/wp-content\/uploads\/2021\/12\/image2-3.jpg","datePublished":"2021-12-03T10:50:21+00:00","dateModified":"2024-01-12T10:42:19+00:00","description":"Recorre en coche la campi\u00f1a holandesa y conoce a Zaanse Schans, Edam, Volendam y Marken a trav\u00e9s de un tour privado que incluye gu\u00eda personal \u2705","breadcrumb":{"@id":"https:\/\/tourtravelandmore.com\/es\/tours\/paises-bajos-es\/amsterdam-es\/tour-privado-a-zaanse-schans-edam-volendam-y-marken\/#breadcrumb"},"inLanguage":"es","potentialAction":[{"@type":"ReadAction","target":["https:\/\/tourtravelandmore.com\/es\/tours\/paises-bajos-es\/amsterdam-es\/tour-privado-a-zaanse-schans-edam-volendam-y-marken\/"]}]},{"@type":"ImageObject","inLanguage":"es","@id":"https:\/\/tourtravelandmore.com\/es\/tours\/paises-bajos-es\/amsterdam-es\/tour-privado-a-zaanse-schans-edam-volendam-y-marken\/#primaryimage","url":"https:\/\/tourtravelandmore.com\/wp-content\/uploads\/2021\/12\/image2-3.jpg","contentUrl":"https:\/\/tourtravelandmore.com\/wp-content\/uploads\/2021\/12\/image2-3.jpg","width":910,"height":607},{"@type":"BreadcrumbList","@id":"https:\/\/tourtravelandmore.com\/es\/tours\/paises-bajos-es\/amsterdam-es\/tour-privado-a-zaanse-schans-edam-volendam-y-marken\/#breadcrumb","itemListElement":[{"@type":"ListItem","position":1,"name":"Home","item":"https:\/\/tourtravelandmore.com\/es\/"},{"@type":"ListItem","position":2,"name":"Tours","item":"https:\/\/tourtravelandmore.com\/es\/tours\/"},{"@type":"ListItem","position":3,"name":"Tour privado a Zaanse Schans, Edam, Volendam y Marken"}]},{"@type":"WebSite","@id":"https:\/\/tourtravelandmore.com\/es\/#website","url":"https:\/\/tourtravelandmore.com\/es\/","name":"Tour Travel And More","description":"Private sightseeing tours and luxury transfers in Spain","publisher":{"@id":"https:\/\/tourtravelandmore.com\/es\/#organization"},"potentialAction":[{"@type":"SearchAction","target":{"@type":"EntryPoint","urlTemplate":"https:\/\/tourtravelandmore.com\/es\/?s={search_term_string}"},"query-input":{"@type":"PropertyValueSpecification","valueRequired":true,"valueName":"search_term_string"}}],"inLanguage":"es"},{"@type":"Organization","@id":"https:\/\/tourtravelandmore.com\/es\/#organization","name":"Tour Travel And More","url":"https:\/\/tourtravelandmore.com\/es\/","logo":{"@type":"ImageObject","inLanguage":"es","@id":"https:\/\/tourtravelandmore.com\/es\/#\/schema\/logo\/image\/","url":"https:\/\/tourtravelandmore.com\/wp-content\/uploads\/2022\/12\/cropped-logo-cabecera-new.png","contentUrl":"https:\/\/tourtravelandmore.com\/wp-content\/uploads\/2022\/12\/cropped-logo-cabecera-new.png","width":430,"height":61,"caption":"Tour Travel And More"},"image":{"@id":"https:\/\/tourtravelandmore.com\/es\/#\/schema\/logo\/image\/"},"sameAs":["https:\/\/www.facebook.com\/tourtravelandmore\/","https:\/\/x.com\/TourTravel_More"]}]}},"_links":{"self":[{"href":"https:\/\/tourtravelandmore.com\/es\/wp-json\/wp\/v2\/product\/114806","targetHints":{"allow":["GET"]}}],"collection":[{"href":"https:\/\/tourtravelandmore.com\/es\/wp-json\/wp\/v2\/product"}],"about":[{"href":"https:\/\/tourtravelandmore.com\/es\/wp-json\/wp\/v2\/types\/product"}],"replies":[{"embeddable":true,"href":"https:\/\/tourtravelandmore.com\/es\/wp-json\/wp\/v2\/comments?post=114806"}],"wp:featuredmedia":[{"embeddable":true,"href":"https:\/\/tourtravelandmore.com\/es\/wp-json\/wp\/v2\/media\/114825"}],"wp:attachment":[{"href":"https:\/\/tourtravelandmore.com\/es\/wp-json\/wp\/v2\/media?parent=114806"}],"wp:term":[{"taxonomy":"product_brand","embeddable":true,"href":"https:\/\/tourtravelandmore.com\/es\/wp-json\/wp\/v2\/product_brand?post=114806"},{"taxonomy":"product_cat","embeddable":true,"href":"https:\/\/tourtravelandmore.com\/es\/wp-json\/wp\/v2\/product_cat?post=114806"},{"taxonomy":"product_tag","embeddable":true,"href":"https:\/\/tourtravelandmore.com\/es\/wp-json\/wp\/v2\/product_tag?post=114806"}],"curies":[{"name":"wp","href":"https:\/\/api.w.org\/{rel}","templated":true}]}}