{"id":114652,"date":"2021-12-02T17:16:19","date_gmt":"2021-12-02T16:16:20","guid":{"rendered":"https:\/\/tourtravelandmore.com\/?post_type=product&#038;p=114652"},"modified":"2024-01-12T11:32:29","modified_gmt":"2024-01-12T10:32:29","slug":"escala-en-amsterdam-tour-privado-desde-el-aeropuerto","status":"publish","type":"product","link":"https:\/\/tourtravelandmore.com\/es\/tours\/paises-bajos-es\/amsterdam-es\/escala-en-amsterdam-tour-privado-desde-el-aeropuerto\/","title":{"rendered":"Escala en \u00c1msterdam: Tour privado desde el aeropuerto"},"content":{"rendered":"<h2><b>Descripci\u00f3n de la Escala en \u00c1msterdam desde el Aeropuerto\u00a0<\/b><\/h2>\n<p><span style=\"font-weight: 400;\">Si haces escala en \u00c1msterdam, puedes aprovechar al m\u00e1ximo tu tiempo para hacer un recorrido tur\u00edstico por la ciudad.\u00a0<\/span><\/p>\n<p><span style=\"font-weight: 400;\">Con nuestro <\/span><b>tour privado desde el aeropuerto<\/b><span style=\"font-weight: 400;\"> tendr\u00e1s una experiencia totalmente personalizada, en la cual un coche privado con gu\u00eda incluido te llevar\u00e1 por los puntos m\u00e1s emblem\u00e1ticos de esta imponente ciudad.\u00a0<\/span><span style=\"font-weight: 400;\">No deber\u00e1s preocuparte por nada, solo por disfrutar la excursi\u00f3n. Ya que el coche te recoger\u00e1 en el aeropuerto, y al terminar el recorrido, te llevar\u00e1 de vuelta para que no pierdas tu vuelo.\u00a0<\/span><span style=\"font-weight: 400;\">Para tu comodidad y tranquilidad, <\/span><b>te esperaremos en la terminal de llegadas<\/b><span style=\"font-weight: 400;\"> con un cartel que tendr\u00e1 tu nombre. De esta forma,\u00a0 sabr\u00e1s en d\u00f3nde ubicarnos y no perder\u00e1s ni un minuto de la excursi\u00f3n.\u00a0<\/span><\/p>\n<p><span style=\"font-weight: 400;\">Lo mejor es que tenemos 2 opciones de paseos disponibles para que escojas el que m\u00e1s te convenga, dependiendo de tu tiempo de escala en el aeropuerto.\u00a0<\/span><span style=\"font-weight: 400;\">En cada uno del tour que ofrecemos te vas a trasladar en un c\u00f3modo coche privado. El gu\u00eda estar\u00e1 contigo durante el recorrido, para contarte los datos m\u00e1s importantes de cada sitio de inter\u00e9s. <\/span><span style=\"font-weight: 400;\">Podr\u00e1s elegir el <\/span><b>tour de 4 horas<\/b><span style=\"font-weight: 400;\">, el cual te dar\u00e1 la oportunidad de <\/span><b>conocer \u00c1msterdam <\/b><span style=\"font-weight: 400;\">y algunos de los pueblos m\u00e1s hermosos de la campi\u00f1a holandesa, como lo son Zaanse Schans y sus emblem\u00e1ticos molinos de viento. O si lo prefieres, puedes ir hasta Voledam, para admirar sus hermosos muelles de pescadores.\u00a0<\/span><\/p>\n<p><span style=\"font-weight: 400;\">Si te decides por el <\/span><b>tour de 8 horas<\/b><span style=\"font-weight: 400;\">, ver\u00e1s con m\u00e1s detalle la hermosa ciudad holandesa de \u00c1msterdam y, a la vez, podr\u00e1s visitar estos hermosos pueblos: <strong>Marken, Voledam, Edam o Zaanse Schans.\u00a0<\/strong><\/span><\/p>\n<p><span style=\"font-weight: 400;\">Sabemos qu\u00e9 pasar\u00e1s unas horas inolvidables y llenas de encanto, en las que coleccionar\u00e1s hermosos recuerdos de tu paso por los Pa\u00edses Bajos.\u00a0<\/span><\/p>\n<h2><b>Escala en \u00c1msterdam: Tour privado desde el aeropuerto | Puntos de inter\u00e9s del tour privado<\/b><\/h2>\n<p><span style=\"font-weight: 400;\">Nuestro <\/span><b>tour privado desde el aeropuerto<\/b><span style=\"font-weight: 400;\"> inicia con el traslado privado en coche para adentrarnos hasta el centro de \u00c1msterdam.\u00a0<\/span><\/p>\n<p><span style=\"font-weight: 400;\">Es un paseo exclusivo en un coche muy confortable y con un gu\u00eda privado que te ir\u00e1 relatando la historia de los monumentos y edificios m\u00e1s relevantes de la ciudad.\u00a0<\/span><\/p>\n<p><span style=\"font-weight: 400;\">De acuerdo al tour que escogiste, visitaremos los puntos m\u00e1s importantes de esta majestuosa urbe.<\/span><\/p>\n<h3><span style=\"color: #d3af37;\"><b>Tour de 4 horas<\/b><\/span><\/h3>\n<p><span style=\"font-weight: 400;\">Nos trasladaremos en el coche desde el aeropuerto internacional hasta las zonas m\u00e1s hist\u00f3ricas del centro de \u00c1msterdam, entre las que destacan:\u00a0<\/span><\/p>\n<ul>\n<li style=\"font-weight: 400;\" aria-level=\"1\"><strong>La plaza de los museos.<\/strong><\/li>\n<li style=\"font-weight: 400;\" aria-level=\"1\"><strong>La Plaza Dam.<\/strong><\/li>\n<li style=\"font-weight: 400;\" aria-level=\"1\"><strong>La casa de Ana Frank.<\/strong><\/li>\n<li style=\"font-weight: 400;\" aria-level=\"1\"><strong>El palacio real.\u00a0<\/strong><\/li>\n<li style=\"font-weight: 400;\" aria-level=\"1\"><strong>Entre muchos otros.\u00a0<\/strong><\/li>\n<\/ul>\n<p><span style=\"font-weight: 400;\">Despu\u00e9s, iremos en un hermoso recorrido por la campi\u00f1a holandesa, en el cual recrear\u00e1s tu vista con esos <\/span><b>hermosos paisajes naturales<\/b><span style=\"font-weight: 400;\"> que parecen salidos de un cuento holand\u00e9s.\u00a0<\/span><\/p>\n<p><span style=\"font-weight: 400;\">Tienes la opci\u00f3n de escoger entre los pueblos de Zaanse Schans o Voledam.\u00a0<\/span><\/p>\n<p><span style=\"font-weight: 400;\">Si te decides por Zaanse Schans, quedar\u00e1s admirado por sus imponentes molinos de viento. Los cuales fueron hechos durante los siglos XVII y XVIII, y que a\u00fan siguen funcionando. Adem\u00e1s, sus casas construidas en la Edad de Oro Holandesa te transportar\u00e1n al pasado, por lo majestuoso y fascinantes que son.\u00a0<\/span><span style=\"font-weight: 400;\">Ahora bien, si tu paseo ser\u00e1 a Voledam, te maravillar\u00e1s con este antiguo pueblo pesquero. Es una zona muy hermosa en la que ver\u00e1s el t\u00edpico habitante holand\u00e9s, muchas casas tradicionales y una variedad de tiendas pintorescas que son ideales para que lleves un bello recuerdo de tu paseo.\u00a0\u00a0<\/span><\/p>\n<h3><span style=\"color: #d3af37;\"><b>Tour de 8 horas<\/b><\/span><\/h3>\n<p><span style=\"font-weight: 400;\">Nuestro tour privado de 8 horas inicia con el traslado desde el aeropuerto hasta el centro hist\u00f3rico de \u00c1msterdam, en donde el gu\u00eda te llevar\u00e1 a los sitios de mayor renombre.\u00a0<\/span><\/p>\n<p><span style=\"font-weight: 400;\">Despu\u00e9s, escoger\u00e1s la visita a los hermosos pueblos que componen la campi\u00f1a holandesa, optando entre las siguientes alternativas: Marken, Voledam, Edam o Zaanse Schans.\u00a0<\/span><\/p>\n<p><span style=\"font-weight: 400;\">Marav\u00edllate con los molinos de viento de Zaanse Schans, o conoce un aut\u00e9ntico puerto pesquero holand\u00e9s al ir a Voledam.\u00a0<\/span><span style=\"font-weight: 400;\">En Marken podr\u00e1s ver de cerca una majestuosa pen\u00ednsula id\u00edlica. Y al visitar Edam, conocer\u00e1s las famosas queser\u00edas y sus pintorescas calles. <\/span><span style=\"font-weight: 400;\">Si viajas entre los meses de marzo y mayo, puedes escoger <\/span><a href=\"https:\/\/tourtravelandmore.com\/es\/tours\/paises-bajos-es\/amsterdam-es\/tour-privado-a-keukenhof-desde-amsterdam\/\"><i><span style=\"font-weight: 400;\">Tour privado a Keukenhof desde Amsterdam<\/span><\/i><\/a><span style=\"font-weight: 400;\">, el cual es el jard\u00edn m\u00e1s grande de Europa.\u00a0<\/span><span style=\"font-weight: 400;\">Toma en cuenta que, aunque se trata de un tour privado y muy flexible, para evitar problemas con las escalas, los paseos se hacen entre algunos horarios establecidos.\u00a0<\/span><\/p>\n<p><span style=\"font-weight: 400;\">Igualmente, deber\u00e1s disponer de unas 4 horas adicionales para poder cubrir el tiempo de ida y vuelta a la excursi\u00f3n, y las 2 horas antes de que salga tu vuelo. En otras palabras, si por ejemplo quieres hacer el tour privado de 4 horas, debes disponer de al menos unas 8 horas de escala.\u00a0<\/span><\/p>\n","protected":false},"excerpt":{"rendered":"<p><span style=\"font-weight: 400;\">Si haces escala en \u00c1msterdam, no pierdas tiempo para conocer la ciudad. Disfruta de todo lo que tiene \u00c1msterdam que ofrecer en un tour privado desde el aeropuerto hasta los lugares m\u00e1s imponentes e interesantes de la \u201c<strong>Venecia del Norte<\/strong>\u201d. Es una excursi\u00f3n privada en la que nos trasladaremos en un coche privado, junto a un gu\u00eda que te llevar\u00e1 hasta los monumentos, calles y edificios de mayor inter\u00e9s hist\u00f3rico y tur\u00edstico.<\/span><\/p>\n","protected":false},"featured_media":114641,"comment_status":"open","ping_status":"closed","template":"","meta":{"_acf_changed":false},"product_brand":[],"product_cat":[1600,975,976,977],"product_tag":[],"class_list":{"0":"post-114652","1":"product","2":"type-product","3":"status-publish","4":"has-post-thumbnail","6":"product_cat-paises-bajos-es","7":"product_cat-amsterdam-es","8":"product_cat-amsterdam-actividades-es","9":"product_cat-amsterdam-rutas-turisticas-privadas-es","11":"first","12":"instock","13":"shipping-taxable","14":"purchasable","15":"product-type-simple"},"acf":[],"yoast_head":"<!-- This site is optimized with the Yoast SEO Premium plugin v25.3.1 (Yoast SEO v25.3.1) - https:\/\/yoast.com\/wordpress\/plugins\/seo\/ -->\n<title>\u27a1\ufe0f Tour privado desde el aeropuerto hasta \u00c1msterdam | Tour Travel &amp; More<\/title>\n<meta name=\"description\" content=\"Aprovecha al m\u00e1ximo tu escala en el aeropuerto de \u00c1msterdam para descubrir la ciudad en un tour personalizado con gu\u00eda privado \u2705\" \/>\n<meta name=\"robots\" content=\"index, follow, max-snippet:-1, max-image-preview:large, max-video-preview:-1\" \/>\n<link rel=\"canonical\" href=\"https:\/\/tourtravelandmore.com\/es\/tours\/paises-bajos-es\/amsterdam-es\/escala-en-amsterdam-tour-privado-desde-el-aeropuerto\/\" \/>\n<meta property=\"og:locale\" content=\"es_ES\" \/>\n<meta property=\"og:type\" content=\"article\" \/>\n<meta property=\"og:title\" content=\"Escala en \u00c1msterdam: Tour privado desde el aeropuerto\" \/>\n<meta property=\"og:description\" content=\"Aprovecha al m\u00e1ximo tu escala en el aeropuerto de \u00c1msterdam para descubrir la ciudad en un tour personalizado con gu\u00eda privado \u2705\" \/>\n<meta property=\"og:url\" content=\"https:\/\/tourtravelandmore.com\/es\/tours\/paises-bajos-es\/amsterdam-es\/escala-en-amsterdam-tour-privado-desde-el-aeropuerto\/\" \/>\n<meta property=\"og:site_name\" content=\"Tour Travel And More\" \/>\n<meta property=\"article:publisher\" content=\"https:\/\/www.facebook.com\/tourtravelandmore\/\" \/>\n<meta property=\"article:modified_time\" content=\"2024-01-12T10:32:29+00:00\" \/>\n<meta property=\"og:image\" content=\"https:\/\/tourtravelandmore.com\/wp-content\/uploads\/2018\/10\/image10-1.jpg\" \/>\n\t<meta property=\"og:image:width\" content=\"910\" \/>\n\t<meta property=\"og:image:height\" content=\"606\" \/>\n\t<meta property=\"og:image:type\" content=\"image\/jpeg\" \/>\n<meta name=\"twitter:card\" content=\"summary_large_image\" \/>\n<meta name=\"twitter:site\" content=\"@TourTravel_More\" \/>\n<meta name=\"twitter:label1\" content=\"Tiempo de lectura\" \/>\n\t<meta name=\"twitter:data1\" content=\"4 minutos\" \/>\n<script type=\"application\/ld+json\" class=\"yoast-schema-graph\">{\"@context\":\"https:\/\/schema.org\",\"@graph\":[{\"@type\":\"WebPage\",\"@id\":\"https:\/\/tourtravelandmore.com\/es\/tours\/paises-bajos-es\/amsterdam-es\/escala-en-amsterdam-tour-privado-desde-el-aeropuerto\/\",\"url\":\"https:\/\/tourtravelandmore.com\/es\/tours\/paises-bajos-es\/amsterdam-es\/escala-en-amsterdam-tour-privado-desde-el-aeropuerto\/\",\"name\":\"\u27a1\ufe0f Tour privado desde el aeropuerto hasta \u00c1msterdam | Tour Travel & More\",\"isPartOf\":{\"@id\":\"https:\/\/tourtravelandmore.com\/es\/#website\"},\"primaryImageOfPage\":{\"@id\":\"https:\/\/tourtravelandmore.com\/es\/tours\/paises-bajos-es\/amsterdam-es\/escala-en-amsterdam-tour-privado-desde-el-aeropuerto\/#primaryimage\"},\"image\":{\"@id\":\"https:\/\/tourtravelandmore.com\/es\/tours\/paises-bajos-es\/amsterdam-es\/escala-en-amsterdam-tour-privado-desde-el-aeropuerto\/#primaryimage\"},\"thumbnailUrl\":\"https:\/\/tourtravelandmore.com\/wp-content\/uploads\/2018\/10\/image10-1.jpg\",\"datePublished\":\"2021-12-02T16:16:20+00:00\",\"dateModified\":\"2024-01-12T10:32:29+00:00\",\"description\":\"Aprovecha al m\u00e1ximo tu escala en el aeropuerto de \u00c1msterdam para descubrir la ciudad en un tour personalizado con gu\u00eda privado \u2705\",\"breadcrumb\":{\"@id\":\"https:\/\/tourtravelandmore.com\/es\/tours\/paises-bajos-es\/amsterdam-es\/escala-en-amsterdam-tour-privado-desde-el-aeropuerto\/#breadcrumb\"},\"inLanguage\":\"es\",\"potentialAction\":[{\"@type\":\"ReadAction\",\"target\":[\"https:\/\/tourtravelandmore.com\/es\/tours\/paises-bajos-es\/amsterdam-es\/escala-en-amsterdam-tour-privado-desde-el-aeropuerto\/\"]}]},{\"@type\":\"ImageObject\",\"inLanguage\":\"es\",\"@id\":\"https:\/\/tourtravelandmore.com\/es\/tours\/paises-bajos-es\/amsterdam-es\/escala-en-amsterdam-tour-privado-desde-el-aeropuerto\/#primaryimage\",\"url\":\"https:\/\/tourtravelandmore.com\/wp-content\/uploads\/2018\/10\/image10-1.jpg\",\"contentUrl\":\"https:\/\/tourtravelandmore.com\/wp-content\/uploads\/2018\/10\/image10-1.jpg\",\"width\":910,\"height\":606},{\"@type\":\"BreadcrumbList\",\"@id\":\"https:\/\/tourtravelandmore.com\/es\/tours\/paises-bajos-es\/amsterdam-es\/escala-en-amsterdam-tour-privado-desde-el-aeropuerto\/#breadcrumb\",\"itemListElement\":[{\"@type\":\"ListItem\",\"position\":1,\"name\":\"Home\",\"item\":\"https:\/\/tourtravelandmore.com\/es\/\"},{\"@type\":\"ListItem\",\"position\":2,\"name\":\"Tours\",\"item\":\"https:\/\/tourtravelandmore.com\/es\/tours\/\"},{\"@type\":\"ListItem\",\"position\":3,\"name\":\"Escala en \u00c1msterdam: Tour privado desde el aeropuerto\"}]},{\"@type\":\"WebSite\",\"@id\":\"https:\/\/tourtravelandmore.com\/es\/#website\",\"url\":\"https:\/\/tourtravelandmore.com\/es\/\",\"name\":\"Tour Travel And More\",\"description\":\"Private sightseeing tours and luxury transfers in Spain\",\"publisher\":{\"@id\":\"https:\/\/tourtravelandmore.com\/es\/#organization\"},\"potentialAction\":[{\"@type\":\"SearchAction\",\"target\":{\"@type\":\"EntryPoint\",\"urlTemplate\":\"https:\/\/tourtravelandmore.com\/es\/?s={search_term_string}\"},\"query-input\":{\"@type\":\"PropertyValueSpecification\",\"valueRequired\":true,\"valueName\":\"search_term_string\"}}],\"inLanguage\":\"es\"},{\"@type\":\"Organization\",\"@id\":\"https:\/\/tourtravelandmore.com\/es\/#organization\",\"name\":\"Tour Travel And More\",\"url\":\"https:\/\/tourtravelandmore.com\/es\/\",\"logo\":{\"@type\":\"ImageObject\",\"inLanguage\":\"es\",\"@id\":\"https:\/\/tourtravelandmore.com\/es\/#\/schema\/logo\/image\/\",\"url\":\"https:\/\/tourtravelandmore.com\/wp-content\/uploads\/2022\/12\/cropped-logo-cabecera-new.png\",\"contentUrl\":\"https:\/\/tourtravelandmore.com\/wp-content\/uploads\/2022\/12\/cropped-logo-cabecera-new.png\",\"width\":430,\"height\":61,\"caption\":\"Tour Travel And More\"},\"image\":{\"@id\":\"https:\/\/tourtravelandmore.com\/es\/#\/schema\/logo\/image\/\"},\"sameAs\":[\"https:\/\/www.facebook.com\/tourtravelandmore\/\",\"https:\/\/x.com\/TourTravel_More\"]}]}<\/script>\n<!-- \/ Yoast SEO Premium plugin. -->","yoast_head_json":{"title":"\u27a1\ufe0f Tour privado desde el aeropuerto hasta \u00c1msterdam | Tour Travel & More","description":"Aprovecha al m\u00e1ximo tu escala en el aeropuerto de \u00c1msterdam para descubrir la ciudad en un tour personalizado con gu\u00eda privado \u2705","robots":{"index":"index","follow":"follow","max-snippet":"max-snippet:-1","max-image-preview":"max-image-preview:large","max-video-preview":"max-video-preview:-1"},"canonical":"https:\/\/tourtravelandmore.com\/es\/tours\/paises-bajos-es\/amsterdam-es\/escala-en-amsterdam-tour-privado-desde-el-aeropuerto\/","og_locale":"es_ES","og_type":"article","og_title":"Escala en \u00c1msterdam: Tour privado desde el aeropuerto","og_description":"Aprovecha al m\u00e1ximo tu escala en el aeropuerto de \u00c1msterdam para descubrir la ciudad en un tour personalizado con gu\u00eda privado \u2705","og_url":"https:\/\/tourtravelandmore.com\/es\/tours\/paises-bajos-es\/amsterdam-es\/escala-en-amsterdam-tour-privado-desde-el-aeropuerto\/","og_site_name":"Tour Travel And More","article_publisher":"https:\/\/www.facebook.com\/tourtravelandmore\/","article_modified_time":"2024-01-12T10:32:29+00:00","og_image":[{"width":910,"height":606,"url":"https:\/\/tourtravelandmore.com\/wp-content\/uploads\/2018\/10\/image10-1.jpg","type":"image\/jpeg"}],"twitter_card":"summary_large_image","twitter_site":"@TourTravel_More","twitter_misc":{"Tiempo de lectura":"4 minutos"},"schema":{"@context":"https:\/\/schema.org","@graph":[{"@type":"WebPage","@id":"https:\/\/tourtravelandmore.com\/es\/tours\/paises-bajos-es\/amsterdam-es\/escala-en-amsterdam-tour-privado-desde-el-aeropuerto\/","url":"https:\/\/tourtravelandmore.com\/es\/tours\/paises-bajos-es\/amsterdam-es\/escala-en-amsterdam-tour-privado-desde-el-aeropuerto\/","name":"\u27a1\ufe0f Tour privado desde el aeropuerto hasta \u00c1msterdam | Tour Travel & More","isPartOf":{"@id":"https:\/\/tourtravelandmore.com\/es\/#website"},"primaryImageOfPage":{"@id":"https:\/\/tourtravelandmore.com\/es\/tours\/paises-bajos-es\/amsterdam-es\/escala-en-amsterdam-tour-privado-desde-el-aeropuerto\/#primaryimage"},"image":{"@id":"https:\/\/tourtravelandmore.com\/es\/tours\/paises-bajos-es\/amsterdam-es\/escala-en-amsterdam-tour-privado-desde-el-aeropuerto\/#primaryimage"},"thumbnailUrl":"https:\/\/tourtravelandmore.com\/wp-content\/uploads\/2018\/10\/image10-1.jpg","datePublished":"2021-12-02T16:16:20+00:00","dateModified":"2024-01-12T10:32:29+00:00","description":"Aprovecha al m\u00e1ximo tu escala en el aeropuerto de \u00c1msterdam para descubrir la ciudad en un tour personalizado con gu\u00eda privado \u2705","breadcrumb":{"@id":"https:\/\/tourtravelandmore.com\/es\/tours\/paises-bajos-es\/amsterdam-es\/escala-en-amsterdam-tour-privado-desde-el-aeropuerto\/#breadcrumb"},"inLanguage":"es","potentialAction":[{"@type":"ReadAction","target":["https:\/\/tourtravelandmore.com\/es\/tours\/paises-bajos-es\/amsterdam-es\/escala-en-amsterdam-tour-privado-desde-el-aeropuerto\/"]}]},{"@type":"ImageObject","inLanguage":"es","@id":"https:\/\/tourtravelandmore.com\/es\/tours\/paises-bajos-es\/amsterdam-es\/escala-en-amsterdam-tour-privado-desde-el-aeropuerto\/#primaryimage","url":"https:\/\/tourtravelandmore.com\/wp-content\/uploads\/2018\/10\/image10-1.jpg","contentUrl":"https:\/\/tourtravelandmore.com\/wp-content\/uploads\/2018\/10\/image10-1.jpg","width":910,"height":606},{"@type":"BreadcrumbList","@id":"https:\/\/tourtravelandmore.com\/es\/tours\/paises-bajos-es\/amsterdam-es\/escala-en-amsterdam-tour-privado-desde-el-aeropuerto\/#breadcrumb","itemListElement":[{"@type":"ListItem","position":1,"name":"Home","item":"https:\/\/tourtravelandmore.com\/es\/"},{"@type":"ListItem","position":2,"name":"Tours","item":"https:\/\/tourtravelandmore.com\/es\/tours\/"},{"@type":"ListItem","position":3,"name":"Escala en \u00c1msterdam: Tour privado desde el aeropuerto"}]},{"@type":"WebSite","@id":"https:\/\/tourtravelandmore.com\/es\/#website","url":"https:\/\/tourtravelandmore.com\/es\/","name":"Tour Travel And More","description":"Private sightseeing tours and luxury transfers in Spain","publisher":{"@id":"https:\/\/tourtravelandmore.com\/es\/#organization"},"potentialAction":[{"@type":"SearchAction","target":{"@type":"EntryPoint","urlTemplate":"https:\/\/tourtravelandmore.com\/es\/?s={search_term_string}"},"query-input":{"@type":"PropertyValueSpecification","valueRequired":true,"valueName":"search_term_string"}}],"inLanguage":"es"},{"@type":"Organization","@id":"https:\/\/tourtravelandmore.com\/es\/#organization","name":"Tour Travel And More","url":"https:\/\/tourtravelandmore.com\/es\/","logo":{"@type":"ImageObject","inLanguage":"es","@id":"https:\/\/tourtravelandmore.com\/es\/#\/schema\/logo\/image\/","url":"https:\/\/tourtravelandmore.com\/wp-content\/uploads\/2022\/12\/cropped-logo-cabecera-new.png","contentUrl":"https:\/\/tourtravelandmore.com\/wp-content\/uploads\/2022\/12\/cropped-logo-cabecera-new.png","width":430,"height":61,"caption":"Tour Travel And More"},"image":{"@id":"https:\/\/tourtravelandmore.com\/es\/#\/schema\/logo\/image\/"},"sameAs":["https:\/\/www.facebook.com\/tourtravelandmore\/","https:\/\/x.com\/TourTravel_More"]}]}},"_links":{"self":[{"href":"https:\/\/tourtravelandmore.com\/es\/wp-json\/wp\/v2\/product\/114652","targetHints":{"allow":["GET"]}}],"collection":[{"href":"https:\/\/tourtravelandmore.com\/es\/wp-json\/wp\/v2\/product"}],"about":[{"href":"https:\/\/tourtravelandmore.com\/es\/wp-json\/wp\/v2\/types\/product"}],"replies":[{"embeddable":true,"href":"https:\/\/tourtravelandmore.com\/es\/wp-json\/wp\/v2\/comments?post=114652"}],"wp:featuredmedia":[{"embeddable":true,"href":"https:\/\/tourtravelandmore.com\/es\/wp-json\/wp\/v2\/media\/114641"}],"wp:attachment":[{"href":"https:\/\/tourtravelandmore.com\/es\/wp-json\/wp\/v2\/media?parent=114652"}],"wp:term":[{"taxonomy":"product_brand","embeddable":true,"href":"https:\/\/tourtravelandmore.com\/es\/wp-json\/wp\/v2\/product_brand?post=114652"},{"taxonomy":"product_cat","embeddable":true,"href":"https:\/\/tourtravelandmore.com\/es\/wp-json\/wp\/v2\/product_cat?post=114652"},{"taxonomy":"product_tag","embeddable":true,"href":"https:\/\/tourtravelandmore.com\/es\/wp-json\/wp\/v2\/product_tag?post=114652"}],"curies":[{"name":"wp","href":"https:\/\/api.w.org\/{rel}","templated":true}]}}