{"id":114523,"date":"2021-12-01T14:47:21","date_gmt":"2021-12-01T13:47:22","guid":{"rendered":"https:\/\/tourtravelandmore.com\/?post_type=product&#038;p=114523"},"modified":"2024-01-12T11:30:02","modified_gmt":"2024-01-12T10:30:02","slug":"tour-privado-en-bici-por-amsterdam","status":"publish","type":"product","link":"https:\/\/tourtravelandmore.com\/es\/tours\/paises-bajos-es\/amsterdam-es\/tour-privado-en-bici-por-amsterdam\/","title":{"rendered":"Tour privado en bici por \u00c1msterdam"},"content":{"rendered":"<h2><strong>Descripci\u00f3n del tour privado en bicicleta por \u00c1msterdam<\/strong><\/h2>\n<p><span style=\"font-weight: 400;\">\u00c1msterdam es conocida en todo el mundo por su gran belleza arquitect\u00f3nica, sus maravillosos canales y porque todos conocen que a los holandeses les encanta andar en bici.\u00a0<\/span><\/p>\n<p><span style=\"font-weight: 400;\">As\u00ed que para que conozcas esta ciudad, mientras pedaleas un poco, nuestro <\/span><b>Tour en bici por \u00c1msterdam<\/b><span style=\"font-weight: 400;\"> te sumergir\u00e1 en el estilo de vida de Holanda y, a la vez, podr\u00e1s ver de cerca los principales puntos de la ciudad.\u00a0<\/span><\/p>\n<p><span style=\"font-weight: 400;\">Esta excursi\u00f3n privada te ofrece <\/span><b>un recorrido exclusivo por las zonas m\u00e1s emblem\u00e1ticas de la capital<\/b><span style=\"font-weight: 400;\">.<\/span><\/p>\n<p><span style=\"font-weight: 400;\">Ser\u00e1n 2,5 horas en las que un gu\u00eda privado te llevar\u00e1 por los sitios m\u00e1s llamativos de \u00c1msterdam a trav\u00e9s de carriles para bicis.\u00a0<\/span><\/p>\n<p><span style=\"font-weight: 400;\">Asimismo<\/span><b>, <\/b><span style=\"font-weight: 400;\">podr\u00e1s acordar con nuestro gu\u00eda experto el horario del encuentro para que inicies el paseo a la hora que m\u00e1s te convenga.\u00a0<\/span><\/p>\n<p><span style=\"font-weight: 400;\">No te preocupes por c\u00f3mo te vas a desplazar por la ciudad, ya que\u00a0 <\/span><b>te proporcionaremos las bicis m\u00e1s c\u00f3modas y exclusivas del lugar<\/b><span style=\"font-weight: 400;\">. Asimismo, tendr\u00e1s una botella de agua para tu hidrataci\u00f3n. De esta manera podr\u00e1s llegar tranquilamente a las zonas de la ciudad a las cuales resulta m\u00e1s complicado ir a pie o en coche.\u00a0<\/span><\/p>\n<p><b>El paseo ser\u00e1 seguro<\/b><span style=\"font-weight: 400;\">. Ya que en todo momento <\/span><b>estar\u00e1s alejado de las grandes aglomeraciones<\/b><span style=\"font-weight: 400;\"> de personas.\u00a0<\/span><\/p>\n<p><span style=\"font-weight: 400;\">Parques, museos, monumentos, canales, todo eso y m\u00e1s ver\u00e1s en estas 2,5 horas que pasar\u00e1s con nosotros sobre dos ruedas.\u00a0<\/span><\/p>\n<p><span style=\"font-weight: 400;\">Adem\u00e1s, en todo momento el gu\u00eda se comunicar\u00e1 contigo para que conozcas los datos de inter\u00e9s sobre todos los sitios que recorrer\u00e1s.\u00a0<\/span><\/p>\n<h2><strong>Puntos de inter\u00e9s en el tour privado en el Tour privado en bici por \u00c1msterdam<\/strong><\/h2>\n<p><span style=\"font-weight: 400;\">Convi\u00e9rtete en un verdadero holand\u00e9s con nuestro tour en bici por \u00c1msterdam\u00a0 y recorre la ciudad pedaleando a tu ritmo.\u00a0<\/span><\/p>\n<p><span style=\"font-weight: 400;\">La excursi\u00f3n inicia en el horario que prefieras. <\/span><\/p>\n<p><strong>Para empezar a conectar con los sitios m\u00e1s hermosos de \u00c1msterdam:\u00a0<\/strong><\/p>\n<h3><span style=\"font-weight: 400; color: #d3af37;\">Jordaan<\/span><\/h3>\n<p><span style=\"font-weight: 400;\">El recorrido empieza por <\/span><b>el exclusivo Barrio Jordaan<\/b><span style=\"font-weight: 400;\">, el cual alguna vez fue una de las zonas m\u00e1s pobre de \u00c1msterdam, pero que hoy en d\u00eda es un barrio de moda que posee una belleza sorprendente.\u00a0<\/span><\/p>\n<p><span style=\"font-weight: 400;\">Dentro del Jordaan vas a respirar un aire que combina el arte, la m\u00fasica y el turismo.\u00a0<\/span><\/p>\n<p><span style=\"font-weight: 400;\">Tambi\u00e9n, vas a disfrutar de sus hermosos canales, ver\u00e1s de cerca la famosa casa de Ana Frank y conocer\u00e1s hasta la iglesia de Westerkerk, la cual es mencionada por la ni\u00f1a en su c\u00e9lebre diario.\u00a0<\/span><\/p>\n<h3><span style=\"font-weight: 400; color: #d3af37;\">Vondelpark<\/span><\/h3>\n<p><span style=\"font-weight: 400;\">Continuamos este divertido tour en bicicleta por \u00c1msterdam conociendo el hermoso Vondelpark, el cual es <\/span><b>el parque m\u00e1s grande de toda la ciudad<\/b><span style=\"font-weight: 400;\">.\u00a0<\/span><\/p>\n<p><span style=\"font-weight: 400;\">Este monumento nacional te ofrece m\u00e1s de 470.000 metros cuadrados de puro verdor natural, para que admires las diferentes especies de animales y vegetales que se encuentran dentro de \u00e9l.\u00a0<\/span><\/p>\n<h3><span style=\"font-weight: 400; color: #d3af37;\">Rijksmuseum y Museo Van Gogh<\/span><\/h3>\n<p><span style=\"font-weight: 400;\">Nuestro tour en bici por la ciudad representa una gran oportunidad para ver de cerca los conocidos <\/span><b>museos Rijksmuseum y Van Gogh.\u00a0<\/b><\/p>\n<p><span style=\"font-weight: 400;\">Est\u00e1s obras arquitect\u00f3nicas y llenas de arte sorprenden por su riqueza art\u00edstica y la antig\u00fcedad que transmiten a sus visitantes.\u00a0<\/span><\/p>\n<p><span style=\"font-weight: 400;\">Adem\u00e1s, si te queda algo de tiempo, puedes contratar el <\/span><i><span style=\"font-weight: 400;\"><a href=\"https:\/\/tourtravelandmore.com\/es\/tours\/paises-bajos-es\/amsterdam-es\/tour-privado-de-los-museos-van-gogh-y-rijksmuseum\/\">Tour de los museos: Van Gogh y Rijksmuseum<\/a>,<\/span><\/i><span style=\"font-weight: 400;\"> en el cual conocer\u00e1s sus exquisitas obras art\u00edsticas, acompa\u00f1ado en todo momento de un gu\u00eda privado experto en arte.\u00a0<\/span><\/p>\n<h3><span style=\"font-weight: 400; color: #d3af37;\">De Pijp<\/span><\/h3>\n<p><span style=\"font-weight: 400;\">El barrio De Pijp es uno de los sitios que m\u00e1s caf\u00e9s y restaurantes alberga en todo \u00c1msterdam.<\/span><span style=\"font-weight: 400;\"> Adem\u00e1s, en \u00e9l est\u00e1 el Albert Cuyp, el cual es el mercado al aire libre m\u00e1s grande de toda Europa. <\/span><i><span style=\"font-weight: 400;\">\u00a1Y podr\u00e1s recorrerlo en bici!<\/span><\/i><\/p>\n<p><span style=\"font-weight: 400;\">Una de las cosas que nunca olvidar\u00e1s de este paseo en bici por el De Pijp, ser\u00e1n sus majestuosos canales que se encuentran conectados por 16 puentes de impresionante belleza.\u00a0\u00a0<\/span><\/p>\n<h3><span style=\"font-weight: 400; color: #d3af37;\">Magere Brug<\/span><\/h3>\n<p><span style=\"font-weight: 400;\">El Magere Brug es uno de los puentes m\u00e1s famosos de \u00c1msterdam y, por lo tanto, lo vas a conocer en este recorrido en bicicleta.\u00a0<\/span><\/p>\n<p><span style=\"font-weight: 400;\">Este simb\u00f3lico puente estrecho se inaugur\u00f3 en 1934, y tambi\u00e9n se le conoce como \u201cel puente delgado\u201d. Es muy famoso porque une las 2 riberas del r\u00edo Amstel.\u00a0<\/span><\/p>\n<p><span style=\"font-weight: 400;\">Cruzarlo ser\u00e1 un buen momento para que tomes varias fotograf\u00edas, las cuales ser\u00e1n un buen recuerdo de tu viaje.\u00a0<\/span><\/p>\n<p><span style=\"font-weight: 400;\">Aparte<\/span><span style=\"font-weight: 400;\"> de esas zonas tan interesantes, <\/span><span style=\"font-weight: 400;\">en nuestro tour en bici por \u00c1msterdam pasar\u00e1s por Zoo Artis, Hortus Botanicus, Gooyer\u00b4s Windmill, NEMO Museum, entre otros lugares m\u00e1s.\u00a0<\/span><\/p>\n<p><span style=\"font-weight: 400;\">No est\u00e1 de m\u00e1s que completes el d\u00eda con un <\/span><i><span style=\"font-weight: 400;\"><a href=\"https:\/\/tourtravelandmore.com\/es\/tours\/paises-bajos-es\/amsterdam-es\/tour-privado-en-barco-por-los-canales-de-amsterdam\/\">Tour privado en barco por los canales de Amsterdam<\/a>, <\/span><\/i><span style=\"font-weight: 400;\">para que te relajes y te dejes llevar por todo el ensue\u00f1o de \u201cla Venecia del norte\u201d.\u00a0<\/span><\/p>\n","protected":false},"excerpt":{"rendered":"<p><span style=\"font-weight: 400;\">Explora los lugares m\u00e1s importantes de la ciudad de una manera muy holandesa con nuestro tour privado en bici por \u00c1msterdam. Ser\u00e1n m\u00e1s de dos horas recorriendo los distintos puntos de inter\u00e9s en compa\u00f1\u00eda de un gu\u00eda privado, que te llevar\u00e1 en bici por el barrio <strong>Jordaan, los museos Rijksmuseum y Van Gogh,<\/strong> el puente Magere Brug, entre otros sitios atractivos de \u00c1msterdam.<\/span><\/p>\n","protected":false},"featured_media":114548,"comment_status":"open","ping_status":"closed","template":"","meta":{"_acf_changed":false},"product_brand":[],"product_cat":[1600,975,976],"product_tag":[],"class_list":{"0":"post-114523","1":"product","2":"type-product","3":"status-publish","4":"has-post-thumbnail","6":"product_cat-paises-bajos-es","7":"product_cat-amsterdam-es","8":"product_cat-amsterdam-actividades-es","10":"first","11":"instock","12":"shipping-taxable","13":"purchasable","14":"product-type-simple"},"acf":[],"yoast_head":"<!-- This site is optimized with the Yoast SEO Premium plugin v25.3.1 (Yoast SEO v25.3.1) - https:\/\/yoast.com\/wordpress\/plugins\/seo\/ -->\n<title>\u27a1\ufe0f Tour Privado en bici por \u00c1msterdam con gu\u00eda privado incluido | Tour Travel &amp; More<\/title>\n<meta name=\"description\" content=\"Recorrer \u00c1msterdam en bici es la manera perfecta para explorarla. Con nuestro Tour privado con gu\u00eda incluido descubrir\u00e1s los sitios m\u00e1s importantes de esa hermosa ciudad \u2705\" \/>\n<meta name=\"robots\" content=\"index, follow, max-snippet:-1, max-image-preview:large, max-video-preview:-1\" \/>\n<link rel=\"canonical\" href=\"https:\/\/tourtravelandmore.com\/es\/tours\/paises-bajos-es\/amsterdam-es\/tour-privado-en-bici-por-amsterdam\/\" \/>\n<meta property=\"og:locale\" content=\"es_ES\" \/>\n<meta property=\"og:type\" content=\"article\" \/>\n<meta property=\"og:title\" content=\"Tour privado en bici por \u00c1msterdam\" \/>\n<meta property=\"og:description\" content=\"Recorrer \u00c1msterdam en bici es la manera perfecta para explorarla. Con nuestro Tour privado con gu\u00eda incluido descubrir\u00e1s los sitios m\u00e1s importantes de esa hermosa ciudad \u2705\" \/>\n<meta property=\"og:url\" content=\"https:\/\/tourtravelandmore.com\/es\/tours\/paises-bajos-es\/amsterdam-es\/tour-privado-en-bici-por-amsterdam\/\" \/>\n<meta property=\"og:site_name\" content=\"Tour Travel And More\" \/>\n<meta property=\"article:publisher\" content=\"https:\/\/www.facebook.com\/tourtravelandmore\/\" \/>\n<meta property=\"article:modified_time\" content=\"2024-01-12T10:30:02+00:00\" \/>\n<meta property=\"og:image\" content=\"https:\/\/tourtravelandmore.com\/wp-content\/uploads\/2021\/12\/image9.jpg\" \/>\n\t<meta property=\"og:image:width\" content=\"910\" \/>\n\t<meta property=\"og:image:height\" content=\"512\" \/>\n\t<meta property=\"og:image:type\" content=\"image\/jpeg\" \/>\n<meta name=\"twitter:card\" content=\"summary_large_image\" \/>\n<meta name=\"twitter:site\" content=\"@TourTravel_More\" \/>\n<meta name=\"twitter:label1\" content=\"Tiempo de lectura\" \/>\n\t<meta name=\"twitter:data1\" content=\"4 minutos\" \/>\n<script type=\"application\/ld+json\" class=\"yoast-schema-graph\">{\"@context\":\"https:\/\/schema.org\",\"@graph\":[{\"@type\":\"WebPage\",\"@id\":\"https:\/\/tourtravelandmore.com\/es\/tours\/paises-bajos-es\/amsterdam-es\/tour-privado-en-bici-por-amsterdam\/\",\"url\":\"https:\/\/tourtravelandmore.com\/es\/tours\/paises-bajos-es\/amsterdam-es\/tour-privado-en-bici-por-amsterdam\/\",\"name\":\"\u27a1\ufe0f Tour Privado en bici por \u00c1msterdam con gu\u00eda privado incluido | Tour Travel & More\",\"isPartOf\":{\"@id\":\"https:\/\/tourtravelandmore.com\/es\/#website\"},\"primaryImageOfPage\":{\"@id\":\"https:\/\/tourtravelandmore.com\/es\/tours\/paises-bajos-es\/amsterdam-es\/tour-privado-en-bici-por-amsterdam\/#primaryimage\"},\"image\":{\"@id\":\"https:\/\/tourtravelandmore.com\/es\/tours\/paises-bajos-es\/amsterdam-es\/tour-privado-en-bici-por-amsterdam\/#primaryimage\"},\"thumbnailUrl\":\"https:\/\/tourtravelandmore.com\/wp-content\/uploads\/2021\/12\/image9.jpg\",\"datePublished\":\"2021-12-01T13:47:22+00:00\",\"dateModified\":\"2024-01-12T10:30:02+00:00\",\"description\":\"Recorrer \u00c1msterdam en bici es la manera perfecta para explorarla. Con nuestro Tour privado con gu\u00eda incluido descubrir\u00e1s los sitios m\u00e1s importantes de esa hermosa ciudad \u2705\",\"breadcrumb\":{\"@id\":\"https:\/\/tourtravelandmore.com\/es\/tours\/paises-bajos-es\/amsterdam-es\/tour-privado-en-bici-por-amsterdam\/#breadcrumb\"},\"inLanguage\":\"es\",\"potentialAction\":[{\"@type\":\"ReadAction\",\"target\":[\"https:\/\/tourtravelandmore.com\/es\/tours\/paises-bajos-es\/amsterdam-es\/tour-privado-en-bici-por-amsterdam\/\"]}]},{\"@type\":\"ImageObject\",\"inLanguage\":\"es\",\"@id\":\"https:\/\/tourtravelandmore.com\/es\/tours\/paises-bajos-es\/amsterdam-es\/tour-privado-en-bici-por-amsterdam\/#primaryimage\",\"url\":\"https:\/\/tourtravelandmore.com\/wp-content\/uploads\/2021\/12\/image9.jpg\",\"contentUrl\":\"https:\/\/tourtravelandmore.com\/wp-content\/uploads\/2021\/12\/image9.jpg\",\"width\":910,\"height\":512},{\"@type\":\"BreadcrumbList\",\"@id\":\"https:\/\/tourtravelandmore.com\/es\/tours\/paises-bajos-es\/amsterdam-es\/tour-privado-en-bici-por-amsterdam\/#breadcrumb\",\"itemListElement\":[{\"@type\":\"ListItem\",\"position\":1,\"name\":\"Home\",\"item\":\"https:\/\/tourtravelandmore.com\/es\/\"},{\"@type\":\"ListItem\",\"position\":2,\"name\":\"Tours\",\"item\":\"https:\/\/tourtravelandmore.com\/es\/tours\/\"},{\"@type\":\"ListItem\",\"position\":3,\"name\":\"Tour privado en bici por \u00c1msterdam\"}]},{\"@type\":\"WebSite\",\"@id\":\"https:\/\/tourtravelandmore.com\/es\/#website\",\"url\":\"https:\/\/tourtravelandmore.com\/es\/\",\"name\":\"Tour Travel And More\",\"description\":\"Private sightseeing tours and luxury transfers in Spain\",\"publisher\":{\"@id\":\"https:\/\/tourtravelandmore.com\/es\/#organization\"},\"potentialAction\":[{\"@type\":\"SearchAction\",\"target\":{\"@type\":\"EntryPoint\",\"urlTemplate\":\"https:\/\/tourtravelandmore.com\/es\/?s={search_term_string}\"},\"query-input\":{\"@type\":\"PropertyValueSpecification\",\"valueRequired\":true,\"valueName\":\"search_term_string\"}}],\"inLanguage\":\"es\"},{\"@type\":\"Organization\",\"@id\":\"https:\/\/tourtravelandmore.com\/es\/#organization\",\"name\":\"Tour Travel And More\",\"url\":\"https:\/\/tourtravelandmore.com\/es\/\",\"logo\":{\"@type\":\"ImageObject\",\"inLanguage\":\"es\",\"@id\":\"https:\/\/tourtravelandmore.com\/es\/#\/schema\/logo\/image\/\",\"url\":\"https:\/\/tourtravelandmore.com\/wp-content\/uploads\/2022\/12\/cropped-logo-cabecera-new.png\",\"contentUrl\":\"https:\/\/tourtravelandmore.com\/wp-content\/uploads\/2022\/12\/cropped-logo-cabecera-new.png\",\"width\":430,\"height\":61,\"caption\":\"Tour Travel And More\"},\"image\":{\"@id\":\"https:\/\/tourtravelandmore.com\/es\/#\/schema\/logo\/image\/\"},\"sameAs\":[\"https:\/\/www.facebook.com\/tourtravelandmore\/\",\"https:\/\/x.com\/TourTravel_More\"]}]}<\/script>\n<!-- \/ Yoast SEO Premium plugin. -->","yoast_head_json":{"title":"\u27a1\ufe0f Tour Privado en bici por \u00c1msterdam con gu\u00eda privado incluido | Tour Travel & More","description":"Recorrer \u00c1msterdam en bici es la manera perfecta para explorarla. Con nuestro Tour privado con gu\u00eda incluido descubrir\u00e1s los sitios m\u00e1s importantes de esa hermosa ciudad \u2705","robots":{"index":"index","follow":"follow","max-snippet":"max-snippet:-1","max-image-preview":"max-image-preview:large","max-video-preview":"max-video-preview:-1"},"canonical":"https:\/\/tourtravelandmore.com\/es\/tours\/paises-bajos-es\/amsterdam-es\/tour-privado-en-bici-por-amsterdam\/","og_locale":"es_ES","og_type":"article","og_title":"Tour privado en bici por \u00c1msterdam","og_description":"Recorrer \u00c1msterdam en bici es la manera perfecta para explorarla. Con nuestro Tour privado con gu\u00eda incluido descubrir\u00e1s los sitios m\u00e1s importantes de esa hermosa ciudad \u2705","og_url":"https:\/\/tourtravelandmore.com\/es\/tours\/paises-bajos-es\/amsterdam-es\/tour-privado-en-bici-por-amsterdam\/","og_site_name":"Tour Travel And More","article_publisher":"https:\/\/www.facebook.com\/tourtravelandmore\/","article_modified_time":"2024-01-12T10:30:02+00:00","og_image":[{"width":910,"height":512,"url":"https:\/\/tourtravelandmore.com\/wp-content\/uploads\/2021\/12\/image9.jpg","type":"image\/jpeg"}],"twitter_card":"summary_large_image","twitter_site":"@TourTravel_More","twitter_misc":{"Tiempo de lectura":"4 minutos"},"schema":{"@context":"https:\/\/schema.org","@graph":[{"@type":"WebPage","@id":"https:\/\/tourtravelandmore.com\/es\/tours\/paises-bajos-es\/amsterdam-es\/tour-privado-en-bici-por-amsterdam\/","url":"https:\/\/tourtravelandmore.com\/es\/tours\/paises-bajos-es\/amsterdam-es\/tour-privado-en-bici-por-amsterdam\/","name":"\u27a1\ufe0f Tour Privado en bici por \u00c1msterdam con gu\u00eda privado incluido | Tour Travel & More","isPartOf":{"@id":"https:\/\/tourtravelandmore.com\/es\/#website"},"primaryImageOfPage":{"@id":"https:\/\/tourtravelandmore.com\/es\/tours\/paises-bajos-es\/amsterdam-es\/tour-privado-en-bici-por-amsterdam\/#primaryimage"},"image":{"@id":"https:\/\/tourtravelandmore.com\/es\/tours\/paises-bajos-es\/amsterdam-es\/tour-privado-en-bici-por-amsterdam\/#primaryimage"},"thumbnailUrl":"https:\/\/tourtravelandmore.com\/wp-content\/uploads\/2021\/12\/image9.jpg","datePublished":"2021-12-01T13:47:22+00:00","dateModified":"2024-01-12T10:30:02+00:00","description":"Recorrer \u00c1msterdam en bici es la manera perfecta para explorarla. Con nuestro Tour privado con gu\u00eda incluido descubrir\u00e1s los sitios m\u00e1s importantes de esa hermosa ciudad \u2705","breadcrumb":{"@id":"https:\/\/tourtravelandmore.com\/es\/tours\/paises-bajos-es\/amsterdam-es\/tour-privado-en-bici-por-amsterdam\/#breadcrumb"},"inLanguage":"es","potentialAction":[{"@type":"ReadAction","target":["https:\/\/tourtravelandmore.com\/es\/tours\/paises-bajos-es\/amsterdam-es\/tour-privado-en-bici-por-amsterdam\/"]}]},{"@type":"ImageObject","inLanguage":"es","@id":"https:\/\/tourtravelandmore.com\/es\/tours\/paises-bajos-es\/amsterdam-es\/tour-privado-en-bici-por-amsterdam\/#primaryimage","url":"https:\/\/tourtravelandmore.com\/wp-content\/uploads\/2021\/12\/image9.jpg","contentUrl":"https:\/\/tourtravelandmore.com\/wp-content\/uploads\/2021\/12\/image9.jpg","width":910,"height":512},{"@type":"BreadcrumbList","@id":"https:\/\/tourtravelandmore.com\/es\/tours\/paises-bajos-es\/amsterdam-es\/tour-privado-en-bici-por-amsterdam\/#breadcrumb","itemListElement":[{"@type":"ListItem","position":1,"name":"Home","item":"https:\/\/tourtravelandmore.com\/es\/"},{"@type":"ListItem","position":2,"name":"Tours","item":"https:\/\/tourtravelandmore.com\/es\/tours\/"},{"@type":"ListItem","position":3,"name":"Tour privado en bici por \u00c1msterdam"}]},{"@type":"WebSite","@id":"https:\/\/tourtravelandmore.com\/es\/#website","url":"https:\/\/tourtravelandmore.com\/es\/","name":"Tour Travel And More","description":"Private sightseeing tours and luxury transfers in Spain","publisher":{"@id":"https:\/\/tourtravelandmore.com\/es\/#organization"},"potentialAction":[{"@type":"SearchAction","target":{"@type":"EntryPoint","urlTemplate":"https:\/\/tourtravelandmore.com\/es\/?s={search_term_string}"},"query-input":{"@type":"PropertyValueSpecification","valueRequired":true,"valueName":"search_term_string"}}],"inLanguage":"es"},{"@type":"Organization","@id":"https:\/\/tourtravelandmore.com\/es\/#organization","name":"Tour Travel And More","url":"https:\/\/tourtravelandmore.com\/es\/","logo":{"@type":"ImageObject","inLanguage":"es","@id":"https:\/\/tourtravelandmore.com\/es\/#\/schema\/logo\/image\/","url":"https:\/\/tourtravelandmore.com\/wp-content\/uploads\/2022\/12\/cropped-logo-cabecera-new.png","contentUrl":"https:\/\/tourtravelandmore.com\/wp-content\/uploads\/2022\/12\/cropped-logo-cabecera-new.png","width":430,"height":61,"caption":"Tour Travel And More"},"image":{"@id":"https:\/\/tourtravelandmore.com\/es\/#\/schema\/logo\/image\/"},"sameAs":["https:\/\/www.facebook.com\/tourtravelandmore\/","https:\/\/x.com\/TourTravel_More"]}]}},"_links":{"self":[{"href":"https:\/\/tourtravelandmore.com\/es\/wp-json\/wp\/v2\/product\/114523","targetHints":{"allow":["GET"]}}],"collection":[{"href":"https:\/\/tourtravelandmore.com\/es\/wp-json\/wp\/v2\/product"}],"about":[{"href":"https:\/\/tourtravelandmore.com\/es\/wp-json\/wp\/v2\/types\/product"}],"replies":[{"embeddable":true,"href":"https:\/\/tourtravelandmore.com\/es\/wp-json\/wp\/v2\/comments?post=114523"}],"wp:featuredmedia":[{"embeddable":true,"href":"https:\/\/tourtravelandmore.com\/es\/wp-json\/wp\/v2\/media\/114548"}],"wp:attachment":[{"href":"https:\/\/tourtravelandmore.com\/es\/wp-json\/wp\/v2\/media?parent=114523"}],"wp:term":[{"taxonomy":"product_brand","embeddable":true,"href":"https:\/\/tourtravelandmore.com\/es\/wp-json\/wp\/v2\/product_brand?post=114523"},{"taxonomy":"product_cat","embeddable":true,"href":"https:\/\/tourtravelandmore.com\/es\/wp-json\/wp\/v2\/product_cat?post=114523"},{"taxonomy":"product_tag","embeddable":true,"href":"https:\/\/tourtravelandmore.com\/es\/wp-json\/wp\/v2\/product_tag?post=114523"}],"curies":[{"name":"wp","href":"https:\/\/api.w.org\/{rel}","templated":true}]}}