{"id":114482,"date":"2021-12-01T14:16:20","date_gmt":"2021-12-01T13:16:21","guid":{"rendered":"https:\/\/tourtravelandmore.com\/?post_type=product&#038;p=114482"},"modified":"2024-01-12T11:39:12","modified_gmt":"2024-01-12T10:39:12","slug":"tour-privado-en-barco-por-los-canales-de-amsterdam","status":"publish","type":"product","link":"https:\/\/tourtravelandmore.com\/es\/tours\/paises-bajos-es\/amsterdam-es\/tour-privado-en-barco-por-los-canales-de-amsterdam\/","title":{"rendered":"Tour privado en barco por los canales de \u00c1msterdam"},"content":{"rendered":"<h2><strong>Descripci\u00f3n del Tour privado en barco por los canales de \u00c1msterdam<\/strong><\/h2>\n<p><span style=\"font-weight: 400;\">\u00c1msterdam es una ciudad que debes disfrutar tanto a pie como navegando en barco por sus majestuosos canales.\u00a0<\/span><\/p>\n<p><span style=\"font-weight: 400;\">Esta urbe se desarroll\u00f3 alrededor de una represa en el r\u00edo Amstel. Y durante la Edad de Oro holandesa, se construyeron sus canales para expandir la ciudad.\u00a0<\/span><\/p>\n<p><span style=\"font-weight: 400;\">Por eso, \u00c1msterdam tiene m\u00e1s puentes que Par\u00eds y tambi\u00e9n m\u00e1s canales que la propia Venecia.\u00a0<\/span><\/p>\n<p><span style=\"font-weight: 400;\">Con este <\/span><b>Tour privado en barco por los canales de \u00c1msterdam,<\/b><span style=\"font-weight: 400;\"> ver\u00e1s los sitios m\u00e1s importantes de la ciudad desde otra perspectiva.\u00a0<\/span><\/p>\n<p><span style=\"font-weight: 400;\">Nuestra excursi\u00f3n privada est\u00e1 planificada para que conozcas los lugares m\u00e1s fascinantes de esta imponente ciudad.<\/span><\/p>\n<p><span style=\"font-weight: 400;\">De esta manera te relajar\u00e1s navegando en un barco c\u00f3modo y exclusivo que te llevar\u00e1 por m\u00e1s de 100 km de canales y puentes que caracterizan a esta majestuosa ciudad.\u00a0<\/span><\/p>\n<p><span style=\"font-weight: 400;\">Cada uno de los puentes de \u00c1msterdam sirven para separar la urbe en peque\u00f1as islas, las cuales est\u00e1n\u00a0 llenas de mucha magia y encanto.\u00a0<\/span><\/p>\n<h2><strong>Puntos de inter\u00e9s del tour privado<\/strong><\/h2>\n<p><span style=\"font-weight: 400;\">Este tour privado en barco te llevar\u00e1 a recorrer la curva de oro, en donde est\u00e1 uno de los puentes m\u00e1s rom\u00e1nticos de \u00c1msterdam.\u00a0<\/span><\/p>\n<p><span style=\"font-weight: 400;\">Debes tener la c\u00e1mara lista y preparada, ya que en todo el recorrido te encontrar\u00e1s con importantes monumentos como el famoso \u201cpuente del poema\u201d o el canal de los 7 puentes.\u00a0<\/span><\/p>\n<p><span style=\"font-weight: 400;\">Tambi\u00e9n, conocer\u00e1s las emblem\u00e1ticas casas-barco de la ciudad.<\/span><span style=\"font-weight: 400;\"> Sabemos que te sorprender\u00e1 ver toda su gracia y belleza, as\u00ed como la forma en que las familias conviven a diario en las aguas del Amstel.\u00a0<\/span><\/p>\n<p><span style=\"font-weight: 400;\">Asimismo, conocer\u00e1s las historias maravillosas que la ciudad guarda para ti. Ser\u00e1 un paseo lleno de entretenimiento y diversi\u00f3n.\u00a0<\/span><\/p>\n<p><span style=\"font-weight: 400;\">Dentro de los principales sitios por los cuales te llevar\u00e1 este tour en barco por \u00c1msterdam, est\u00e1n los siguientes:\u00a0<\/span><\/p>\n<ul>\n<li style=\"font-weight: 400;\" aria-level=\"1\"><strong>Los canales de Herengracht y el Keizersgracht.\u00a0<\/strong><\/li>\n<li style=\"font-weight: 400;\" aria-level=\"1\"><strong>El Prinsengracht.<\/strong><\/li>\n<li style=\"font-weight: 400;\" aria-level=\"1\"><strong>Singel.<\/strong><\/li>\n<li style=\"font-weight: 400;\" aria-level=\"1\"><strong>El Distrito de los canales, el cual es Patrimonio Mundial de la Unesco.\u00a0<\/strong><\/li>\n<li style=\"font-weight: 400;\" aria-level=\"1\"><strong>Distintas iglesias ubicadas a lo largo de los canales.\u00a0<\/strong><\/li>\n<li style=\"font-weight: 400;\" aria-level=\"1\"><strong>Pasar\u00e1s por el Magere Brug o \u201cpuente estrecho\u201d.\u00a0<\/strong><\/li>\n<li style=\"font-weight: 400;\" aria-level=\"1\"><strong>Entre muchos otros lugares de inter\u00e9s.\u00a0<\/strong><\/li>\n<\/ul>\n<p><span style=\"font-weight: 400;\">En el recorrido quedar\u00e1s maravillado con muchos edificios y mansiones que datan del siglo XVI y XVII, \u00e9poca que se consider\u00f3 el siglo de oro en Holanda.\u00a0<\/span><\/p>\n<p><span style=\"font-weight: 400;\">Sin duda, ninguna visita estar\u00e1 completa sin admirar a \u00c1msterdam desde el agua.\u00a0<\/span><\/p>\n<p><span style=\"font-weight: 400;\">Por eso, nuestro tour te dar\u00e1 m\u00e1s de una hora de recorrido para que no te quede ning\u00fan punto de la ciudad por conocer.\u00a0<\/span><\/p>\n<p><span style=\"font-weight: 400;\">Rel\u00e1jate para que disfrutes de esta excursi\u00f3n \u00fanica que ofrece nuestro barco a trav\u00e9s de los canales de \u00c1msterdam. Si lo deseas, es bueno que al terminar realices un <\/span><span style=\"font-weight: 400;\"><a href=\"https:\/\/tourtravelandmore.com\/es\/tours\/paises-bajos-es\/amsterdam-es\/tour-a-pie-de-anna-frank-por-el-barrio-judio\/\">tour a pie por la casa de Ana Frank<\/a>,<\/span><span style=\"font-weight: 400;\"> para que termines de conectar con la historia de la ciudad.\u00a0<\/span><\/p>\n","protected":false},"excerpt":{"rendered":"<p><span style=\"font-weight: 400;\">Disfruta de <strong>\u00c1msterdam<\/strong> desde otra perspectiva con este tour privado en barco por los canales de la ciudad. Ser\u00e1 un recorrido inolvidable por las aguas del maravilloso r\u00edo Amstel para ver de cerca los canales Herengracht y Keizersgracht, el puente Magere Brug, las casas barcos de la ciudad y otros sitios que te encantar\u00e1n.<\/span><\/p>\n","protected":false},"featured_media":114498,"comment_status":"open","ping_status":"closed","template":"","meta":{"_acf_changed":false},"product_brand":[],"product_cat":[1600,975,976],"product_tag":[],"class_list":{"0":"post-114482","1":"product","2":"type-product","3":"status-publish","4":"has-post-thumbnail","6":"product_cat-paises-bajos-es","7":"product_cat-amsterdam-es","8":"product_cat-amsterdam-actividades-es","10":"first","11":"instock","12":"shipping-taxable","13":"purchasable","14":"product-type-simple"},"acf":[],"yoast_head":"<!-- This site is optimized with the Yoast SEO Premium plugin v25.3.1 (Yoast SEO v25.3.1) - https:\/\/yoast.com\/wordpress\/plugins\/seo\/ -->\n<title>\u27a1\ufe0f Tour Privado de m\u00e1s de una hora en barco por los canales de \u00c1msterdam | Tour Travel &amp; More<\/title>\n<meta name=\"description\" content=\"ecorre y conoce la \u201cVenecia del Norte\u201d de una forma incre\u00edble en un Tour privado en barco por los canales de \u00c1msterdam \u2705\" \/>\n<meta name=\"robots\" content=\"index, follow, max-snippet:-1, max-image-preview:large, max-video-preview:-1\" \/>\n<link rel=\"canonical\" href=\"https:\/\/tourtravelandmore.com\/es\/tours\/paises-bajos-es\/amsterdam-es\/tour-privado-en-barco-por-los-canales-de-amsterdam\/\" \/>\n<meta property=\"og:locale\" content=\"es_ES\" \/>\n<meta property=\"og:type\" content=\"article\" \/>\n<meta property=\"og:title\" content=\"Tour privado en barco por los canales de \u00c1msterdam\" \/>\n<meta property=\"og:description\" content=\"ecorre y conoce la \u201cVenecia del Norte\u201d de una forma incre\u00edble en un Tour privado en barco por los canales de \u00c1msterdam \u2705\" \/>\n<meta property=\"og:url\" content=\"https:\/\/tourtravelandmore.com\/es\/tours\/paises-bajos-es\/amsterdam-es\/tour-privado-en-barco-por-los-canales-de-amsterdam\/\" \/>\n<meta property=\"og:site_name\" content=\"Tour Travel And More\" \/>\n<meta property=\"article:publisher\" content=\"https:\/\/www.facebook.com\/tourtravelandmore\/\" \/>\n<meta property=\"article:modified_time\" content=\"2024-01-12T10:39:12+00:00\" \/>\n<meta property=\"og:image\" content=\"https:\/\/tourtravelandmore.com\/wp-content\/uploads\/2021\/12\/image5.jpg\" \/>\n\t<meta property=\"og:image:width\" content=\"910\" \/>\n\t<meta property=\"og:image:height\" content=\"593\" \/>\n\t<meta property=\"og:image:type\" content=\"image\/jpeg\" \/>\n<meta name=\"twitter:card\" content=\"summary_large_image\" \/>\n<meta name=\"twitter:site\" content=\"@TourTravel_More\" \/>\n<meta name=\"twitter:label1\" content=\"Tiempo de lectura\" \/>\n\t<meta name=\"twitter:data1\" content=\"3 minutos\" \/>\n<script type=\"application\/ld+json\" class=\"yoast-schema-graph\">{\"@context\":\"https:\/\/schema.org\",\"@graph\":[{\"@type\":\"WebPage\",\"@id\":\"https:\/\/tourtravelandmore.com\/es\/tours\/paises-bajos-es\/amsterdam-es\/tour-privado-en-barco-por-los-canales-de-amsterdam\/\",\"url\":\"https:\/\/tourtravelandmore.com\/es\/tours\/paises-bajos-es\/amsterdam-es\/tour-privado-en-barco-por-los-canales-de-amsterdam\/\",\"name\":\"\u27a1\ufe0f Tour Privado de m\u00e1s de una hora en barco por los canales de \u00c1msterdam | Tour Travel & More\",\"isPartOf\":{\"@id\":\"https:\/\/tourtravelandmore.com\/es\/#website\"},\"primaryImageOfPage\":{\"@id\":\"https:\/\/tourtravelandmore.com\/es\/tours\/paises-bajos-es\/amsterdam-es\/tour-privado-en-barco-por-los-canales-de-amsterdam\/#primaryimage\"},\"image\":{\"@id\":\"https:\/\/tourtravelandmore.com\/es\/tours\/paises-bajos-es\/amsterdam-es\/tour-privado-en-barco-por-los-canales-de-amsterdam\/#primaryimage\"},\"thumbnailUrl\":\"https:\/\/tourtravelandmore.com\/wp-content\/uploads\/2021\/12\/image5.jpg\",\"datePublished\":\"2021-12-01T13:16:21+00:00\",\"dateModified\":\"2024-01-12T10:39:12+00:00\",\"description\":\"ecorre y conoce la \u201cVenecia del Norte\u201d de una forma incre\u00edble en un Tour privado en barco por los canales de \u00c1msterdam \u2705\",\"breadcrumb\":{\"@id\":\"https:\/\/tourtravelandmore.com\/es\/tours\/paises-bajos-es\/amsterdam-es\/tour-privado-en-barco-por-los-canales-de-amsterdam\/#breadcrumb\"},\"inLanguage\":\"es\",\"potentialAction\":[{\"@type\":\"ReadAction\",\"target\":[\"https:\/\/tourtravelandmore.com\/es\/tours\/paises-bajos-es\/amsterdam-es\/tour-privado-en-barco-por-los-canales-de-amsterdam\/\"]}]},{\"@type\":\"ImageObject\",\"inLanguage\":\"es\",\"@id\":\"https:\/\/tourtravelandmore.com\/es\/tours\/paises-bajos-es\/amsterdam-es\/tour-privado-en-barco-por-los-canales-de-amsterdam\/#primaryimage\",\"url\":\"https:\/\/tourtravelandmore.com\/wp-content\/uploads\/2021\/12\/image5.jpg\",\"contentUrl\":\"https:\/\/tourtravelandmore.com\/wp-content\/uploads\/2021\/12\/image5.jpg\",\"width\":910,\"height\":593},{\"@type\":\"BreadcrumbList\",\"@id\":\"https:\/\/tourtravelandmore.com\/es\/tours\/paises-bajos-es\/amsterdam-es\/tour-privado-en-barco-por-los-canales-de-amsterdam\/#breadcrumb\",\"itemListElement\":[{\"@type\":\"ListItem\",\"position\":1,\"name\":\"Home\",\"item\":\"https:\/\/tourtravelandmore.com\/es\/\"},{\"@type\":\"ListItem\",\"position\":2,\"name\":\"Tours\",\"item\":\"https:\/\/tourtravelandmore.com\/es\/tours\/\"},{\"@type\":\"ListItem\",\"position\":3,\"name\":\"Tour privado en barco por los canales de \u00c1msterdam\"}]},{\"@type\":\"WebSite\",\"@id\":\"https:\/\/tourtravelandmore.com\/es\/#website\",\"url\":\"https:\/\/tourtravelandmore.com\/es\/\",\"name\":\"Tour Travel And More\",\"description\":\"Private sightseeing tours and luxury transfers in Spain\",\"publisher\":{\"@id\":\"https:\/\/tourtravelandmore.com\/es\/#organization\"},\"potentialAction\":[{\"@type\":\"SearchAction\",\"target\":{\"@type\":\"EntryPoint\",\"urlTemplate\":\"https:\/\/tourtravelandmore.com\/es\/?s={search_term_string}\"},\"query-input\":{\"@type\":\"PropertyValueSpecification\",\"valueRequired\":true,\"valueName\":\"search_term_string\"}}],\"inLanguage\":\"es\"},{\"@type\":\"Organization\",\"@id\":\"https:\/\/tourtravelandmore.com\/es\/#organization\",\"name\":\"Tour Travel And More\",\"url\":\"https:\/\/tourtravelandmore.com\/es\/\",\"logo\":{\"@type\":\"ImageObject\",\"inLanguage\":\"es\",\"@id\":\"https:\/\/tourtravelandmore.com\/es\/#\/schema\/logo\/image\/\",\"url\":\"https:\/\/tourtravelandmore.com\/wp-content\/uploads\/2022\/12\/cropped-logo-cabecera-new.png\",\"contentUrl\":\"https:\/\/tourtravelandmore.com\/wp-content\/uploads\/2022\/12\/cropped-logo-cabecera-new.png\",\"width\":430,\"height\":61,\"caption\":\"Tour Travel And More\"},\"image\":{\"@id\":\"https:\/\/tourtravelandmore.com\/es\/#\/schema\/logo\/image\/\"},\"sameAs\":[\"https:\/\/www.facebook.com\/tourtravelandmore\/\",\"https:\/\/x.com\/TourTravel_More\"]}]}<\/script>\n<!-- \/ Yoast SEO Premium plugin. -->","yoast_head_json":{"title":"\u27a1\ufe0f Tour Privado de m\u00e1s de una hora en barco por los canales de \u00c1msterdam | Tour Travel & More","description":"ecorre y conoce la \u201cVenecia del Norte\u201d de una forma incre\u00edble en un Tour privado en barco por los canales de \u00c1msterdam \u2705","robots":{"index":"index","follow":"follow","max-snippet":"max-snippet:-1","max-image-preview":"max-image-preview:large","max-video-preview":"max-video-preview:-1"},"canonical":"https:\/\/tourtravelandmore.com\/es\/tours\/paises-bajos-es\/amsterdam-es\/tour-privado-en-barco-por-los-canales-de-amsterdam\/","og_locale":"es_ES","og_type":"article","og_title":"Tour privado en barco por los canales de \u00c1msterdam","og_description":"ecorre y conoce la \u201cVenecia del Norte\u201d de una forma incre\u00edble en un Tour privado en barco por los canales de \u00c1msterdam \u2705","og_url":"https:\/\/tourtravelandmore.com\/es\/tours\/paises-bajos-es\/amsterdam-es\/tour-privado-en-barco-por-los-canales-de-amsterdam\/","og_site_name":"Tour Travel And More","article_publisher":"https:\/\/www.facebook.com\/tourtravelandmore\/","article_modified_time":"2024-01-12T10:39:12+00:00","og_image":[{"width":910,"height":593,"url":"https:\/\/tourtravelandmore.com\/wp-content\/uploads\/2021\/12\/image5.jpg","type":"image\/jpeg"}],"twitter_card":"summary_large_image","twitter_site":"@TourTravel_More","twitter_misc":{"Tiempo de lectura":"3 minutos"},"schema":{"@context":"https:\/\/schema.org","@graph":[{"@type":"WebPage","@id":"https:\/\/tourtravelandmore.com\/es\/tours\/paises-bajos-es\/amsterdam-es\/tour-privado-en-barco-por-los-canales-de-amsterdam\/","url":"https:\/\/tourtravelandmore.com\/es\/tours\/paises-bajos-es\/amsterdam-es\/tour-privado-en-barco-por-los-canales-de-amsterdam\/","name":"\u27a1\ufe0f Tour Privado de m\u00e1s de una hora en barco por los canales de \u00c1msterdam | Tour Travel & More","isPartOf":{"@id":"https:\/\/tourtravelandmore.com\/es\/#website"},"primaryImageOfPage":{"@id":"https:\/\/tourtravelandmore.com\/es\/tours\/paises-bajos-es\/amsterdam-es\/tour-privado-en-barco-por-los-canales-de-amsterdam\/#primaryimage"},"image":{"@id":"https:\/\/tourtravelandmore.com\/es\/tours\/paises-bajos-es\/amsterdam-es\/tour-privado-en-barco-por-los-canales-de-amsterdam\/#primaryimage"},"thumbnailUrl":"https:\/\/tourtravelandmore.com\/wp-content\/uploads\/2021\/12\/image5.jpg","datePublished":"2021-12-01T13:16:21+00:00","dateModified":"2024-01-12T10:39:12+00:00","description":"ecorre y conoce la \u201cVenecia del Norte\u201d de una forma incre\u00edble en un Tour privado en barco por los canales de \u00c1msterdam \u2705","breadcrumb":{"@id":"https:\/\/tourtravelandmore.com\/es\/tours\/paises-bajos-es\/amsterdam-es\/tour-privado-en-barco-por-los-canales-de-amsterdam\/#breadcrumb"},"inLanguage":"es","potentialAction":[{"@type":"ReadAction","target":["https:\/\/tourtravelandmore.com\/es\/tours\/paises-bajos-es\/amsterdam-es\/tour-privado-en-barco-por-los-canales-de-amsterdam\/"]}]},{"@type":"ImageObject","inLanguage":"es","@id":"https:\/\/tourtravelandmore.com\/es\/tours\/paises-bajos-es\/amsterdam-es\/tour-privado-en-barco-por-los-canales-de-amsterdam\/#primaryimage","url":"https:\/\/tourtravelandmore.com\/wp-content\/uploads\/2021\/12\/image5.jpg","contentUrl":"https:\/\/tourtravelandmore.com\/wp-content\/uploads\/2021\/12\/image5.jpg","width":910,"height":593},{"@type":"BreadcrumbList","@id":"https:\/\/tourtravelandmore.com\/es\/tours\/paises-bajos-es\/amsterdam-es\/tour-privado-en-barco-por-los-canales-de-amsterdam\/#breadcrumb","itemListElement":[{"@type":"ListItem","position":1,"name":"Home","item":"https:\/\/tourtravelandmore.com\/es\/"},{"@type":"ListItem","position":2,"name":"Tours","item":"https:\/\/tourtravelandmore.com\/es\/tours\/"},{"@type":"ListItem","position":3,"name":"Tour privado en barco por los canales de \u00c1msterdam"}]},{"@type":"WebSite","@id":"https:\/\/tourtravelandmore.com\/es\/#website","url":"https:\/\/tourtravelandmore.com\/es\/","name":"Tour Travel And More","description":"Private sightseeing tours and luxury transfers in Spain","publisher":{"@id":"https:\/\/tourtravelandmore.com\/es\/#organization"},"potentialAction":[{"@type":"SearchAction","target":{"@type":"EntryPoint","urlTemplate":"https:\/\/tourtravelandmore.com\/es\/?s={search_term_string}"},"query-input":{"@type":"PropertyValueSpecification","valueRequired":true,"valueName":"search_term_string"}}],"inLanguage":"es"},{"@type":"Organization","@id":"https:\/\/tourtravelandmore.com\/es\/#organization","name":"Tour Travel And More","url":"https:\/\/tourtravelandmore.com\/es\/","logo":{"@type":"ImageObject","inLanguage":"es","@id":"https:\/\/tourtravelandmore.com\/es\/#\/schema\/logo\/image\/","url":"https:\/\/tourtravelandmore.com\/wp-content\/uploads\/2022\/12\/cropped-logo-cabecera-new.png","contentUrl":"https:\/\/tourtravelandmore.com\/wp-content\/uploads\/2022\/12\/cropped-logo-cabecera-new.png","width":430,"height":61,"caption":"Tour Travel And More"},"image":{"@id":"https:\/\/tourtravelandmore.com\/es\/#\/schema\/logo\/image\/"},"sameAs":["https:\/\/www.facebook.com\/tourtravelandmore\/","https:\/\/x.com\/TourTravel_More"]}]}},"_links":{"self":[{"href":"https:\/\/tourtravelandmore.com\/es\/wp-json\/wp\/v2\/product\/114482","targetHints":{"allow":["GET"]}}],"collection":[{"href":"https:\/\/tourtravelandmore.com\/es\/wp-json\/wp\/v2\/product"}],"about":[{"href":"https:\/\/tourtravelandmore.com\/es\/wp-json\/wp\/v2\/types\/product"}],"replies":[{"embeddable":true,"href":"https:\/\/tourtravelandmore.com\/es\/wp-json\/wp\/v2\/comments?post=114482"}],"wp:featuredmedia":[{"embeddable":true,"href":"https:\/\/tourtravelandmore.com\/es\/wp-json\/wp\/v2\/media\/114498"}],"wp:attachment":[{"href":"https:\/\/tourtravelandmore.com\/es\/wp-json\/wp\/v2\/media?parent=114482"}],"wp:term":[{"taxonomy":"product_brand","embeddable":true,"href":"https:\/\/tourtravelandmore.com\/es\/wp-json\/wp\/v2\/product_brand?post=114482"},{"taxonomy":"product_cat","embeddable":true,"href":"https:\/\/tourtravelandmore.com\/es\/wp-json\/wp\/v2\/product_cat?post=114482"},{"taxonomy":"product_tag","embeddable":true,"href":"https:\/\/tourtravelandmore.com\/es\/wp-json\/wp\/v2\/product_tag?post=114482"}],"curies":[{"name":"wp","href":"https:\/\/api.w.org\/{rel}","templated":true}]}}