{"id":114443,"date":"2021-12-01T13:37:09","date_gmt":"2021-12-01T12:37:10","guid":{"rendered":"https:\/\/tourtravelandmore.com\/?post_type=product&#038;p=114443"},"modified":"2024-01-12T11:43:45","modified_gmt":"2024-01-12T10:43:45","slug":"tour-privado-de-la-haya-delft-y-madurodam-desde-amsterdam","status":"publish","type":"product","link":"https:\/\/tourtravelandmore.com\/es\/tours\/paises-bajos-es\/amsterdam-es\/tour-privado-de-la-haya-delft-y-madurodam-desde-amsterdam\/","title":{"rendered":"Tour privado de La Haya, Delft y Madurodam desde \u00c1msterdam"},"content":{"rendered":"<h2><strong>Descripci\u00f3n del Tour privado de La Haya, Delft y Madurodam<\/strong><\/h2>\n<p><span style=\"font-weight: 400;\">Nuestro tour privado de La Haya, Delft y Madurodam desde \u00c1msterdam est\u00e1 ideado para ofrecerte <\/span><b>una aventura llena de recuerdos<\/b><span style=\"font-weight: 400;\"> por algunas de las <\/span><b>ciudades m\u00e1s llamativas<\/b><span style=\"font-weight: 400;\"> y emblem\u00e1ticas de los Pa\u00edses Bajos. <\/span><span style=\"font-weight: 400;\">Todo el recorrido se har\u00e1 en un <\/span><b>c\u00f3modo coche<\/b><span style=\"font-weight: 400;\">. Durante el viaje estar\u00e1s <\/span><b>acompa\u00f1ado por un gu\u00eda <\/b><span style=\"font-weight: 400;\">que se encargar\u00e1 de ofrecerte los datos m\u00e1s importantes de cada punto que visites.\u00a0<\/span><span style=\"font-weight: 400;\">Podr\u00e1s visitar la f\u00e1brica de cer\u00e1mica Delftse Pauw, una de las pocas que a\u00fan permanece en pie en la ciudad.\u00a0<\/span><span style=\"font-weight: 400;\">Escuchar\u00e1s por parte del gu\u00eda la historia de la cer\u00e1mica de Delft. Esta cer\u00e1mica es muy reconocida desde el siglo XVII, ya que sus hermosos colores azul y blanco, unidos a las elegantes decoraciones que tienen, la convirtieron en una poderosa competidora de la famosa porcelana China.\u00a0<\/span><\/p>\n<p><span style=\"font-weight: 400;\">Continuamos el recorrido a trav\u00e9s de <\/span><b>majestuosos paisajes naturales<\/b><span style=\"font-weight: 400;\"> para llegar a La Haya, una imponente ciudad que alberga El Palacio Internacional de la Paz, el Parlamento y muchos edificios de gran importancia en los Pa\u00edses Bajos.\u00a0<\/span><\/p>\n<p><span style=\"font-weight: 400;\">Al mismo tiempo, conocer\u00e1s los detalles que envuelve esta elegante ciudad, siempre a trav\u00e9s del relato de nuestro gu\u00eda privado.\u00a0<\/span><\/p>\n<p><span style=\"font-weight: 400;\">Adem\u00e1s, podr\u00e1s ver de cerca el hermoso<\/span><b> Scheveningen<\/b><span style=\"font-weight: 400;\">, un distrito tur\u00edstico que fue inmortalizado por <\/span><b>Vincent Van Gogh<\/b><span style=\"font-weight: 400;\"> en una de sus grandes obras.\u00a0<\/span><span style=\"font-weight: 400;\">La visita guiada se completa con una parada en el curioso y llamativo <\/span><b>Madurodam<\/b><span style=\"font-weight: 400;\">, conocida como la <\/span><b>ciudad m\u00e1s peque\u00f1a del mundo.\u00a0<\/b><\/p>\n<p><span style=\"font-weight: 400;\">Sin duda, ser\u00e1n 8 horas inolvidables en nuestro tour privado de La Haya, Delft y Madurodam desde \u00c1msterdam, con un gu\u00eda privado incluido para que no pierdas ning\u00fan detalle de este magn\u00edfico recorrido.\u00a0<\/span><\/p>\n<h2><strong>Puntos de inter\u00e9s del tour privado<\/strong><\/h2>\n<p><span style=\"font-weight: 400;\">Dejaremos atr\u00e1s \u00c1msterdam para irnos hasta algunas de las ciudades m\u00e1s hermosas de Holanda. El traslado empieza en el punto acordado para ponernos en marcha por esta gran aventura y\u00a0 visitar muchos lugares de inter\u00e9s:\u00a0<\/span><\/p>\n<h3><span style=\"font-weight: 400; color: #d3af37;\">Delft\u00a0<\/span><\/h3>\n<p><span style=\"font-weight: 400;\">Al llegar a Delft, el gu\u00eda te llevar\u00e1 a Delftse Pauw, una de las principales f\u00e1bricas de cer\u00e1mica de la zona y que a\u00fan est\u00e1 funcionando.\u00a0<\/span><span style=\"font-weight: 400;\">Podr\u00e1s ver el proceso para la elaboraci\u00f3n de las piezas\u00a0 de cer\u00e1mica, que son reconocidas en todo el mundo por su gran elegancia y buen acabado.\u00a0<\/span><\/p>\n<p><span style=\"font-weight: 400;\">Despu\u00e9s, llegar\u00e1s al centro hist\u00f3rico de la ciudad para que conozcas sus rincones y te maravilles de la belleza neerlandesa.\u00a0<\/span><\/p>\n<h3><span style=\"font-weight: 400; color: #d3af37;\">La Haya<\/span><\/h3>\n<p><span style=\"font-weight: 400;\">Otra de las paradas ser\u00e1 la ciudad de La Haya. All\u00ed, ver\u00e1s el edificio Binnenhof, el cual alberga el parlamento activo m\u00e1s antiguo de todo el mundo.\u00a0<\/span><span style=\"font-weight: 400;\">Tambi\u00e9n, conocer\u00e1s el palacio Noordeinde, que sirve como sitio de despacho para la Familia Real.\u00a0<\/span><span style=\"font-weight: 400;\">No puede faltar en este viaje una parada recomendada para tomar algunas fotograf\u00edas en frente al Palacio de la Paz, el cual es el edificio en donde funciona el Tribunal de Justicia Internacional.\u00a0<\/span><\/p>\n<h3><span style=\"font-weight: 400; color: #d3af37;\">Madurodam\u00a0<\/span><\/h3>\n<p><span style=\"font-weight: 400;\">En el tour privado tambi\u00e9n visitar\u00e1s el museo Maduroman, ubicado en Scheveninge. All\u00ed, te deleitar\u00e1s al ver de cerca los monumentos miniaturas de su curiosa exposici\u00f3n.\u00a0<\/span><\/p>\n<p><span style=\"font-weight: 400;\">Es una atracci\u00f3n \u00fanica en el mundo, en la que se exhiben versiones a escala de los edificios y monumentos m\u00e1s emblem\u00e1ticos del pa\u00eds.\u00a0<\/span><span style=\"font-weight: 400;\">Quedar\u00e1s sorprendido por el realismo en los detalles de cada una de las representaciones que ver\u00e1s en este incre\u00edble parque tem\u00e1tico.\u00a0<\/span><span style=\"font-weight: 400;\">Despu\u00e9s, te llevaremos en el coche privado de regreso a \u00c1msterdam, y te dejaremos en el lugar que sea m\u00e1s c\u00f3modo para ti.\u00a0<\/span><\/p>\n<p><span style=\"font-weight: 400;\">Luego de reponer fuerzas, puedes tomarte un rato para disfrutar de un <\/span><a href=\"https:\/\/tourtravelandmore.com\/tours\/the-netherlands\/amsterdam-en\/private-tour-to-the-van-gogh-museum-with-private-guide\/\"><i><span style=\"font-weight: 400;\">tour privado al museo Van Gogh<\/span><\/i><\/a><span style=\"font-weight: 400;\">. De esta forma, conocer\u00e1s de cerca la vida y obra de ese gran artista pl\u00e1stico.\u00a0<\/span><\/p>\n","protected":false},"excerpt":{"rendered":"<p><span style=\"font-weight: 400;\">Explora las ciudades m\u00e1s importantes de Holanda en este tour privado de La Haya, Delft y Madurodam desde \u00c1msterdam. Ser\u00e1 un paseo en coche privado con gu\u00eda exclusivo para salir desde \u00c1msterdam hasta la imponente ciudad de la Haya, para ver su parlamento y el Palacio Noordeinde. En Delft conocer\u00e1s una f\u00e1brica de cer\u00e1mica, y tambi\u00e9n tendr\u00e1s el placer de visitar la ciudad que es considerada como la m\u00e1s peque\u00f1a del mundo: Maduromam<\/span><\/p>\n","protected":false},"featured_media":115020,"comment_status":"open","ping_status":"closed","template":"","meta":{"_acf_changed":false},"product_brand":[],"product_cat":[1600,975,976],"product_tag":[],"class_list":{"0":"post-114443","1":"product","2":"type-product","3":"status-publish","4":"has-post-thumbnail","6":"product_cat-paises-bajos-es","7":"product_cat-amsterdam-es","8":"product_cat-amsterdam-actividades-es","10":"first","11":"instock","12":"shipping-taxable","13":"purchasable","14":"product-type-simple"},"acf":[],"yoast_head":"<!-- This site is optimized with the Yoast SEO Premium plugin v25.3.1 (Yoast SEO v25.3.1) - https:\/\/yoast.com\/wordpress\/plugins\/seo\/ -->\n<title>\u27a1\ufe0f Tour privado por Delft, La Haya y Madurodam saliendo desde \u00c1msterdam | Tour Travel &amp; More<\/title>\n<meta name=\"description\" content=\"T\u00f3mate 8 horas para hacer un incre\u00edble recorrido que te permitir\u00e1 admirar la cer\u00e1mica de Delft, los edificios parlamentarios de La Haya y Madurodam \u2705\" \/>\n<meta name=\"robots\" content=\"index, follow, max-snippet:-1, max-image-preview:large, max-video-preview:-1\" \/>\n<link rel=\"canonical\" href=\"https:\/\/tourtravelandmore.com\/es\/tours\/paises-bajos-es\/amsterdam-es\/tour-privado-de-la-haya-delft-y-madurodam-desde-amsterdam\/\" \/>\n<meta property=\"og:locale\" content=\"es_ES\" \/>\n<meta property=\"og:type\" content=\"article\" \/>\n<meta property=\"og:title\" content=\"Tour privado de La Haya, Delft y Madurodam desde \u00c1msterdam\" \/>\n<meta property=\"og:description\" content=\"T\u00f3mate 8 horas para hacer un incre\u00edble recorrido que te permitir\u00e1 admirar la cer\u00e1mica de Delft, los edificios parlamentarios de La Haya y Madurodam \u2705\" \/>\n<meta property=\"og:url\" content=\"https:\/\/tourtravelandmore.com\/es\/tours\/paises-bajos-es\/amsterdam-es\/tour-privado-de-la-haya-delft-y-madurodam-desde-amsterdam\/\" \/>\n<meta property=\"og:site_name\" content=\"Tour Travel And More\" \/>\n<meta property=\"article:publisher\" content=\"https:\/\/www.facebook.com\/tourtravelandmore\/\" \/>\n<meta property=\"article:modified_time\" content=\"2024-01-12T10:43:45+00:00\" \/>\n<meta property=\"og:image\" content=\"https:\/\/tourtravelandmore.com\/wp-content\/uploads\/2021\/12\/Madurodam-La-Haya-2.jpeg\" \/>\n\t<meta property=\"og:image:width\" content=\"950\" \/>\n\t<meta property=\"og:image:height\" content=\"742\" \/>\n\t<meta property=\"og:image:type\" content=\"image\/jpeg\" \/>\n<meta name=\"twitter:card\" content=\"summary_large_image\" \/>\n<meta name=\"twitter:site\" content=\"@TourTravel_More\" \/>\n<meta name=\"twitter:label1\" content=\"Tiempo de lectura\" \/>\n\t<meta name=\"twitter:data1\" content=\"3 minutos\" \/>\n<script type=\"application\/ld+json\" class=\"yoast-schema-graph\">{\"@context\":\"https:\/\/schema.org\",\"@graph\":[{\"@type\":\"WebPage\",\"@id\":\"https:\/\/tourtravelandmore.com\/es\/tours\/paises-bajos-es\/amsterdam-es\/tour-privado-de-la-haya-delft-y-madurodam-desde-amsterdam\/\",\"url\":\"https:\/\/tourtravelandmore.com\/es\/tours\/paises-bajos-es\/amsterdam-es\/tour-privado-de-la-haya-delft-y-madurodam-desde-amsterdam\/\",\"name\":\"\u27a1\ufe0f Tour privado por Delft, La Haya y Madurodam saliendo desde \u00c1msterdam | Tour Travel & More\",\"isPartOf\":{\"@id\":\"https:\/\/tourtravelandmore.com\/es\/#website\"},\"primaryImageOfPage\":{\"@id\":\"https:\/\/tourtravelandmore.com\/es\/tours\/paises-bajos-es\/amsterdam-es\/tour-privado-de-la-haya-delft-y-madurodam-desde-amsterdam\/#primaryimage\"},\"image\":{\"@id\":\"https:\/\/tourtravelandmore.com\/es\/tours\/paises-bajos-es\/amsterdam-es\/tour-privado-de-la-haya-delft-y-madurodam-desde-amsterdam\/#primaryimage\"},\"thumbnailUrl\":\"https:\/\/tourtravelandmore.com\/wp-content\/uploads\/2021\/12\/Madurodam-La-Haya-2.jpeg\",\"datePublished\":\"2021-12-01T12:37:10+00:00\",\"dateModified\":\"2024-01-12T10:43:45+00:00\",\"description\":\"T\u00f3mate 8 horas para hacer un incre\u00edble recorrido que te permitir\u00e1 admirar la cer\u00e1mica de Delft, los edificios parlamentarios de La Haya y Madurodam \u2705\",\"breadcrumb\":{\"@id\":\"https:\/\/tourtravelandmore.com\/es\/tours\/paises-bajos-es\/amsterdam-es\/tour-privado-de-la-haya-delft-y-madurodam-desde-amsterdam\/#breadcrumb\"},\"inLanguage\":\"es\",\"potentialAction\":[{\"@type\":\"ReadAction\",\"target\":[\"https:\/\/tourtravelandmore.com\/es\/tours\/paises-bajos-es\/amsterdam-es\/tour-privado-de-la-haya-delft-y-madurodam-desde-amsterdam\/\"]}]},{\"@type\":\"ImageObject\",\"inLanguage\":\"es\",\"@id\":\"https:\/\/tourtravelandmore.com\/es\/tours\/paises-bajos-es\/amsterdam-es\/tour-privado-de-la-haya-delft-y-madurodam-desde-amsterdam\/#primaryimage\",\"url\":\"https:\/\/tourtravelandmore.com\/wp-content\/uploads\/2021\/12\/Madurodam-La-Haya-2.jpeg\",\"contentUrl\":\"https:\/\/tourtravelandmore.com\/wp-content\/uploads\/2021\/12\/Madurodam-La-Haya-2.jpeg\",\"width\":950,\"height\":742},{\"@type\":\"BreadcrumbList\",\"@id\":\"https:\/\/tourtravelandmore.com\/es\/tours\/paises-bajos-es\/amsterdam-es\/tour-privado-de-la-haya-delft-y-madurodam-desde-amsterdam\/#breadcrumb\",\"itemListElement\":[{\"@type\":\"ListItem\",\"position\":1,\"name\":\"Home\",\"item\":\"https:\/\/tourtravelandmore.com\/es\/\"},{\"@type\":\"ListItem\",\"position\":2,\"name\":\"Tours\",\"item\":\"https:\/\/tourtravelandmore.com\/es\/tours\/\"},{\"@type\":\"ListItem\",\"position\":3,\"name\":\"Tour privado de La Haya, Delft y Madurodam desde \u00c1msterdam\"}]},{\"@type\":\"WebSite\",\"@id\":\"https:\/\/tourtravelandmore.com\/es\/#website\",\"url\":\"https:\/\/tourtravelandmore.com\/es\/\",\"name\":\"Tour Travel And More\",\"description\":\"Private sightseeing tours and luxury transfers in Spain\",\"publisher\":{\"@id\":\"https:\/\/tourtravelandmore.com\/es\/#organization\"},\"potentialAction\":[{\"@type\":\"SearchAction\",\"target\":{\"@type\":\"EntryPoint\",\"urlTemplate\":\"https:\/\/tourtravelandmore.com\/es\/?s={search_term_string}\"},\"query-input\":{\"@type\":\"PropertyValueSpecification\",\"valueRequired\":true,\"valueName\":\"search_term_string\"}}],\"inLanguage\":\"es\"},{\"@type\":\"Organization\",\"@id\":\"https:\/\/tourtravelandmore.com\/es\/#organization\",\"name\":\"Tour Travel And More\",\"url\":\"https:\/\/tourtravelandmore.com\/es\/\",\"logo\":{\"@type\":\"ImageObject\",\"inLanguage\":\"es\",\"@id\":\"https:\/\/tourtravelandmore.com\/es\/#\/schema\/logo\/image\/\",\"url\":\"https:\/\/tourtravelandmore.com\/wp-content\/uploads\/2022\/12\/cropped-logo-cabecera-new.png\",\"contentUrl\":\"https:\/\/tourtravelandmore.com\/wp-content\/uploads\/2022\/12\/cropped-logo-cabecera-new.png\",\"width\":430,\"height\":61,\"caption\":\"Tour Travel And More\"},\"image\":{\"@id\":\"https:\/\/tourtravelandmore.com\/es\/#\/schema\/logo\/image\/\"},\"sameAs\":[\"https:\/\/www.facebook.com\/tourtravelandmore\/\",\"https:\/\/x.com\/TourTravel_More\"]}]}<\/script>\n<!-- \/ Yoast SEO Premium plugin. -->","yoast_head_json":{"title":"\u27a1\ufe0f Tour privado por Delft, La Haya y Madurodam saliendo desde \u00c1msterdam | Tour Travel & More","description":"T\u00f3mate 8 horas para hacer un incre\u00edble recorrido que te permitir\u00e1 admirar la cer\u00e1mica de Delft, los edificios parlamentarios de La Haya y Madurodam \u2705","robots":{"index":"index","follow":"follow","max-snippet":"max-snippet:-1","max-image-preview":"max-image-preview:large","max-video-preview":"max-video-preview:-1"},"canonical":"https:\/\/tourtravelandmore.com\/es\/tours\/paises-bajos-es\/amsterdam-es\/tour-privado-de-la-haya-delft-y-madurodam-desde-amsterdam\/","og_locale":"es_ES","og_type":"article","og_title":"Tour privado de La Haya, Delft y Madurodam desde \u00c1msterdam","og_description":"T\u00f3mate 8 horas para hacer un incre\u00edble recorrido que te permitir\u00e1 admirar la cer\u00e1mica de Delft, los edificios parlamentarios de La Haya y Madurodam \u2705","og_url":"https:\/\/tourtravelandmore.com\/es\/tours\/paises-bajos-es\/amsterdam-es\/tour-privado-de-la-haya-delft-y-madurodam-desde-amsterdam\/","og_site_name":"Tour Travel And More","article_publisher":"https:\/\/www.facebook.com\/tourtravelandmore\/","article_modified_time":"2024-01-12T10:43:45+00:00","og_image":[{"width":950,"height":742,"url":"https:\/\/tourtravelandmore.com\/wp-content\/uploads\/2021\/12\/Madurodam-La-Haya-2.jpeg","type":"image\/jpeg"}],"twitter_card":"summary_large_image","twitter_site":"@TourTravel_More","twitter_misc":{"Tiempo de lectura":"3 minutos"},"schema":{"@context":"https:\/\/schema.org","@graph":[{"@type":"WebPage","@id":"https:\/\/tourtravelandmore.com\/es\/tours\/paises-bajos-es\/amsterdam-es\/tour-privado-de-la-haya-delft-y-madurodam-desde-amsterdam\/","url":"https:\/\/tourtravelandmore.com\/es\/tours\/paises-bajos-es\/amsterdam-es\/tour-privado-de-la-haya-delft-y-madurodam-desde-amsterdam\/","name":"\u27a1\ufe0f Tour privado por Delft, La Haya y Madurodam saliendo desde \u00c1msterdam | Tour Travel & More","isPartOf":{"@id":"https:\/\/tourtravelandmore.com\/es\/#website"},"primaryImageOfPage":{"@id":"https:\/\/tourtravelandmore.com\/es\/tours\/paises-bajos-es\/amsterdam-es\/tour-privado-de-la-haya-delft-y-madurodam-desde-amsterdam\/#primaryimage"},"image":{"@id":"https:\/\/tourtravelandmore.com\/es\/tours\/paises-bajos-es\/amsterdam-es\/tour-privado-de-la-haya-delft-y-madurodam-desde-amsterdam\/#primaryimage"},"thumbnailUrl":"https:\/\/tourtravelandmore.com\/wp-content\/uploads\/2021\/12\/Madurodam-La-Haya-2.jpeg","datePublished":"2021-12-01T12:37:10+00:00","dateModified":"2024-01-12T10:43:45+00:00","description":"T\u00f3mate 8 horas para hacer un incre\u00edble recorrido que te permitir\u00e1 admirar la cer\u00e1mica de Delft, los edificios parlamentarios de La Haya y Madurodam \u2705","breadcrumb":{"@id":"https:\/\/tourtravelandmore.com\/es\/tours\/paises-bajos-es\/amsterdam-es\/tour-privado-de-la-haya-delft-y-madurodam-desde-amsterdam\/#breadcrumb"},"inLanguage":"es","potentialAction":[{"@type":"ReadAction","target":["https:\/\/tourtravelandmore.com\/es\/tours\/paises-bajos-es\/amsterdam-es\/tour-privado-de-la-haya-delft-y-madurodam-desde-amsterdam\/"]}]},{"@type":"ImageObject","inLanguage":"es","@id":"https:\/\/tourtravelandmore.com\/es\/tours\/paises-bajos-es\/amsterdam-es\/tour-privado-de-la-haya-delft-y-madurodam-desde-amsterdam\/#primaryimage","url":"https:\/\/tourtravelandmore.com\/wp-content\/uploads\/2021\/12\/Madurodam-La-Haya-2.jpeg","contentUrl":"https:\/\/tourtravelandmore.com\/wp-content\/uploads\/2021\/12\/Madurodam-La-Haya-2.jpeg","width":950,"height":742},{"@type":"BreadcrumbList","@id":"https:\/\/tourtravelandmore.com\/es\/tours\/paises-bajos-es\/amsterdam-es\/tour-privado-de-la-haya-delft-y-madurodam-desde-amsterdam\/#breadcrumb","itemListElement":[{"@type":"ListItem","position":1,"name":"Home","item":"https:\/\/tourtravelandmore.com\/es\/"},{"@type":"ListItem","position":2,"name":"Tours","item":"https:\/\/tourtravelandmore.com\/es\/tours\/"},{"@type":"ListItem","position":3,"name":"Tour privado de La Haya, Delft y Madurodam desde \u00c1msterdam"}]},{"@type":"WebSite","@id":"https:\/\/tourtravelandmore.com\/es\/#website","url":"https:\/\/tourtravelandmore.com\/es\/","name":"Tour Travel And More","description":"Private sightseeing tours and luxury transfers in Spain","publisher":{"@id":"https:\/\/tourtravelandmore.com\/es\/#organization"},"potentialAction":[{"@type":"SearchAction","target":{"@type":"EntryPoint","urlTemplate":"https:\/\/tourtravelandmore.com\/es\/?s={search_term_string}"},"query-input":{"@type":"PropertyValueSpecification","valueRequired":true,"valueName":"search_term_string"}}],"inLanguage":"es"},{"@type":"Organization","@id":"https:\/\/tourtravelandmore.com\/es\/#organization","name":"Tour Travel And More","url":"https:\/\/tourtravelandmore.com\/es\/","logo":{"@type":"ImageObject","inLanguage":"es","@id":"https:\/\/tourtravelandmore.com\/es\/#\/schema\/logo\/image\/","url":"https:\/\/tourtravelandmore.com\/wp-content\/uploads\/2022\/12\/cropped-logo-cabecera-new.png","contentUrl":"https:\/\/tourtravelandmore.com\/wp-content\/uploads\/2022\/12\/cropped-logo-cabecera-new.png","width":430,"height":61,"caption":"Tour Travel And More"},"image":{"@id":"https:\/\/tourtravelandmore.com\/es\/#\/schema\/logo\/image\/"},"sameAs":["https:\/\/www.facebook.com\/tourtravelandmore\/","https:\/\/x.com\/TourTravel_More"]}]}},"_links":{"self":[{"href":"https:\/\/tourtravelandmore.com\/es\/wp-json\/wp\/v2\/product\/114443","targetHints":{"allow":["GET"]}}],"collection":[{"href":"https:\/\/tourtravelandmore.com\/es\/wp-json\/wp\/v2\/product"}],"about":[{"href":"https:\/\/tourtravelandmore.com\/es\/wp-json\/wp\/v2\/types\/product"}],"replies":[{"embeddable":true,"href":"https:\/\/tourtravelandmore.com\/es\/wp-json\/wp\/v2\/comments?post=114443"}],"wp:featuredmedia":[{"embeddable":true,"href":"https:\/\/tourtravelandmore.com\/es\/wp-json\/wp\/v2\/media\/115020"}],"wp:attachment":[{"href":"https:\/\/tourtravelandmore.com\/es\/wp-json\/wp\/v2\/media?parent=114443"}],"wp:term":[{"taxonomy":"product_brand","embeddable":true,"href":"https:\/\/tourtravelandmore.com\/es\/wp-json\/wp\/v2\/product_brand?post=114443"},{"taxonomy":"product_cat","embeddable":true,"href":"https:\/\/tourtravelandmore.com\/es\/wp-json\/wp\/v2\/product_cat?post=114443"},{"taxonomy":"product_tag","embeddable":true,"href":"https:\/\/tourtravelandmore.com\/es\/wp-json\/wp\/v2\/product_tag?post=114443"}],"curies":[{"name":"wp","href":"https:\/\/api.w.org\/{rel}","templated":true}]}}