{"id":114404,"date":"2021-12-01T13:16:48","date_gmt":"2021-12-01T12:16:52","guid":{"rendered":"https:\/\/tourtravelandmore.com\/?post_type=product&#038;p=114404"},"modified":"2024-01-12T11:26:12","modified_gmt":"2024-01-12T10:26:12","slug":"tour-privado-de-la-ciudad-de-amsterdam","status":"publish","type":"product","link":"https:\/\/tourtravelandmore.com\/es\/tours\/paises-bajos-es\/amsterdam-es\/tour-privado-de-la-ciudad-de-amsterdam\/","title":{"rendered":"Tour privado de la Ciudad de \u00c1msterdam"},"content":{"rendered":"<h2><strong>Descripci\u00f3n Tour privado de la Ciudad de \u00c1msterdam\u00a0<\/strong><\/h2>\n<p><span style=\"font-weight: 400;\">\u00bfQuieres conocer \u00c1msterdam en 4 horas, acompa\u00f1ado de un gu\u00eda experto y en la comodidad de un coche privado? Esta es la excursi\u00f3n indicada para ti.\u00a0<\/span><span style=\"font-weight: 400;\">Durante el recorrido, tendr\u00e1s la oportunidad de conocer distintos sitios de inter\u00e9s cultural y los puntos m\u00e1s hist\u00f3ricos de esta hermosa ciudad.\u00a0<\/span><\/p>\n<p><b>Descubre \u00c1msterdam a tu propio ritmo<\/b><span style=\"font-weight: 400;\">. Solo tienes que acordar con el gu\u00eda la hora y el sitio de recogida para iniciar una inigualable aventura que te llevar\u00e1 por los 4 costados de \u00c1msterdam.\u00a0<\/span><span style=\"font-weight: 400;\">Compartir\u00e1s las interesantes historias de los sitios m\u00e1s importantes, como la Casa de Ana Frank, el Distrito del Canal, el Barrio Jud\u00edo Palacio Real, la Iglesia Nueva, el Monumento Nacional, the Begijnhof Convent y muchos otros lugares de la ciudad.\u00a0<\/span><span style=\"font-weight: 400;\">Nuestro gu\u00eda privado te relatar\u00e1 los datos m\u00e1s relevantes de cada punto, en <\/span><b>una excursi\u00f3n personalizada<\/b><span style=\"font-weight: 400;\"> que te permitir\u00e1 descubrir los rincones m\u00e1s ins\u00f3litos de La Venecia del Norte.\u00a0<\/span><\/p>\n<p><span style=\"font-weight: 400;\">El paseo te llevar\u00e1 de la mano a trav\u00e9s de la historia para conocer toda la informaci\u00f3n de la urbe, desde su inicio como una antigua aldea de pescadores a orillas del r\u00edo Amstel hasta la moderna e imponente \u00c1msterdam de la actualidad.\u00a0<\/span><\/p>\n<p><span style=\"font-weight: 400;\">Adem\u00e1s, en todo momento el gu\u00eda privado estar\u00e1 atento a tus inquietudes para ajustar el recorrido a los lugares que quieras conocer.\u00a0<\/span><span style=\"font-weight: 400;\">Camina por las pintorescas calles de \u00c1msterdam y admira de cerca sus hermosos canales. Crear\u00e1s recuerdos inigualables cuando conozcas El Barrio Rojo o las Iglesias Cat\u00f3licas escondidas.\u00a0<\/span><\/p>\n<p><span style=\"font-weight: 400;\">Todo esto y mucho m\u00e1s est\u00e1 incluido en nuestro Tour privado por la Ciudad de \u00c1msterdam.\u00a0<\/span><\/p>\n<h2><strong>Puntos de inter\u00e9s en nuestro tour privado<\/strong><\/h2>\n<p><span style=\"font-weight: 400;\">Si algo destaca a \u00c1msterdam, es que est\u00e1 llena de mucha historia y cultura. Es por eso que <\/span><b>nuestro tour privado est\u00e1 dise\u00f1ado a tu medida<\/b><span style=\"font-weight: 400;\"> para que ajustes la excursi\u00f3n a tus preferencias.\u00a0<\/span><span style=\"font-weight: 400;\">La idea es que tengas un primer encuentro con la ciudad, para que luego ampl\u00edes el recorrido y explores a fondo todos los rincones de \u00c1msterdam.\u00a0<\/span><\/p>\n<p><span style=\"font-weight: 400;\">La excursi\u00f3n privada en coche incluye la visita a muchos lugares de inter\u00e9s, como por ejemplo:\u00a0<\/span><\/p>\n<h3><span style=\"font-weight: 400; color: #d3af37;\">Plaza Dam<\/span><\/h3>\n<p><span style=\"font-weight: 400;\">En la Plaza Dam est\u00e1 el punto en el que se encontraba la primera represa de \u00c1msterdam. Por eso, es una parada obligatoria\u00a0 para que puedas conocer el sitio en torno al cual se cre\u00f3 la ciudad.\u00a0<\/span><\/p>\n<p><span style=\"font-weight: 400;\">Adem\u00e1s, a su alrededor est\u00e1n ubicados algunos de los principales edificios de la urbe como el Monumento Nacional y el Palacio Real.\u00a0<\/span><\/p>\n<h3><span style=\"font-weight: 400; color: #d3af37;\">Palacio Real<\/span><\/h3>\n<p><span style=\"font-weight: 400;\">En el recorrido pasar\u00e1s por el majestuoso Palacio Real, el cual fue construido durante la Edad de Oro Holandesa.\u00a0<\/span><\/p>\n<p><span style=\"font-weight: 400;\">Este edificio ha albergado a lo largo de la historia a muchas familias reales neerlandesas, las cuales a\u00fan lo visitan y se hospedan en \u00e9l.\u00a0<\/span><span style=\"font-weight: 400;\">Se encuentra frente al monumento de la guerra. Y lo m\u00e1s llamativo del palacio Real es su imponente arquitectura clasicista,<\/span><span style=\"font-weight: 400;\"> la cual deja sorpredido a todos sus visitantes.\u00a0\u00a0<\/span><\/p>\n<h3><span style=\"font-weight: 400; color: #d3af37;\">Monumento Nacional<\/span><\/h3>\n<p><span style=\"font-weight: 400;\">En la Plaza Dam tambi\u00e9n est\u00e1 el hermoso Monumento Nacional que se erigi\u00f3 como\u00a0 homenaje a las v\u00edctimas de la Segunda Guerra Mundial. <\/span><span style=\"font-weight: 400;\">Ver\u00e1s el emblema que representa la resistencia de \u00c1msterdam ante los destrozos y la ocupaci\u00f3n de la Alemania nazi. Es una parada un poco emotiva para muchos, pero bastante significativa.\u00a0<\/span><\/p>\n<h3><span style=\"font-weight: 400; color: #d3af37;\">Mercado de las flores<\/span><\/h3>\n<p><span style=\"font-weight: 400;\">Ning\u00fan paseo por \u00c1msterdam estar\u00eda completo sin conocer el hermoso Mercado de las Flores.\u00a0<\/span><\/p>\n<p><span style=\"font-weight: 400;\">El gusto de los holandeses por las flores se refleja en este magn\u00edfico mercado, el cual te atrapar\u00e1 con la magia de sus exquisitos aromas y su espectacular colorido.\u00a0<\/span><span style=\"font-weight: 400;\">En ese hist\u00f3rico mercado flotante a orillas del Amstel, puedes comprar hermosos tulipanes que son un s\u00edmbolo de la ciudad y forman parte de la cultura holandesa. As\u00ed, tendr\u00e1s un bello recuerdo de tu paseo por la ciudad.\u00a0<\/span><\/p>\n<p><span style=\"font-weight: 400;\">Aparte de estos puntos de inter\u00e9s, durante la excursi\u00f3n vas a conocer otros sitios que son parte esencial de cualquier recorrido tur\u00edstico en \u00c1msterdam:\u00a0<\/span><\/p>\n<ul>\n<li style=\"font-weight: 400;\" aria-level=\"1\"><strong>The Begijnhof Convent.<\/strong><\/li>\n<li style=\"font-weight: 400;\" aria-level=\"1\"><strong>La Casa de Ana Frank.<\/strong><\/li>\n<li style=\"font-weight: 400;\" aria-level=\"1\"><strong>El Homomonument.<\/strong><\/li>\n<li style=\"font-weight: 400;\" aria-level=\"1\"><strong>El Barrio Rojo.<\/strong><\/li>\n<li style=\"font-weight: 400;\" aria-level=\"1\"><strong>Iglesia Nueva.<\/strong><\/li>\n<li style=\"font-weight: 400;\" aria-level=\"1\"><strong>Y muchos otros m\u00e1s.\u00a0<\/strong><\/li>\n<\/ul>\n<p><span style=\"font-weight: 400;\">Sin lugar a dudas, recorrer \u00c1msterdam con nuestro tour privado con gu\u00eda y coche incluido es la forma m\u00e1s sencilla y amena de conocer sus calles para tomar fotograf\u00edas, pasear y aprender toda la historia que envuelve la ciudad.\u00a0<\/span><\/p>\n<p><span style=\"font-weight: 400;\">Ser\u00eda perfecto que completes tu d\u00eda con un<\/span><a href=\"https:\/\/tourtravelandmore.com\/es\/tours\/paises-bajos-es\/amsterdam-es\/tour-privado-museo-rijksmuseum\/\"><i><span style=\"font-weight: 400;\"> tour privado por el <\/span><\/i><i><span style=\"font-weight: 400;\">muse<\/span><\/i><i><span style=\"font-weight: 400;\">o Rijksmuseum<\/span><\/i><\/a><span style=\"font-weight: 400;\">.\u00a0 De esa manera, ver\u00e1s parte del legado art\u00edstico y cultural de la ciudad.<\/span><\/p>\n","protected":false},"excerpt":{"rendered":"<p><span style=\"font-weight: 400;\">Conoce <strong>\u00c1msterdam<\/strong> a tu ritmo con un tour privado por los distintos puntos atractivos de la ciudad. En este recorrido, ir\u00e1s con un gu\u00eda privado para que descubras los lugares m\u00e1s exclusivos de la ciudad, como el Barrio Jud\u00edo, the Begijnhof Convent, la casa de Ana Frank y muchos otros lugares importantes. Es un tour totalmente personalizado para que no te quede nada por recorrer. <\/span><\/p>\n","protected":false},"featured_media":114429,"comment_status":"open","ping_status":"closed","template":"","meta":{"_acf_changed":false},"product_brand":[],"product_cat":[1600,975,976,977],"product_tag":[],"class_list":{"0":"post-114404","1":"product","2":"type-product","3":"status-publish","4":"has-post-thumbnail","6":"product_cat-paises-bajos-es","7":"product_cat-amsterdam-es","8":"product_cat-amsterdam-actividades-es","9":"product_cat-amsterdam-rutas-turisticas-privadas-es","11":"first","12":"instock","13":"shipping-taxable","14":"purchasable","15":"product-type-simple"},"acf":[],"yoast_head":"<!-- This site is optimized with the Yoast SEO Premium plugin v25.3.1 (Yoast SEO v25.3.1) - https:\/\/yoast.com\/wordpress\/plugins\/seo\/ -->\n<title>\u27a1\ufe0f Tour Privado por la ciudad de \u00c1msterdam con gu\u00eda y coche privado<\/title>\n<meta name=\"description\" content=\"Descubre los lugares m\u00e1s emblem\u00e1ticos y de mayor inter\u00e9s cultural de \u00c1msterdam en un tour privado con coche y gu\u00eda privado incluidos, ideal para ti, tu familia o tus amigos \u2705\" \/>\n<meta name=\"robots\" content=\"index, follow, max-snippet:-1, max-image-preview:large, max-video-preview:-1\" \/>\n<link rel=\"canonical\" href=\"https:\/\/tourtravelandmore.com\/es\/tours\/paises-bajos-es\/amsterdam-es\/tour-privado-de-la-ciudad-de-amsterdam\/\" \/>\n<meta property=\"og:locale\" content=\"es_ES\" \/>\n<meta property=\"og:type\" content=\"article\" \/>\n<meta property=\"og:title\" content=\"Tour privado de la Ciudad de \u00c1msterdam\" \/>\n<meta property=\"og:description\" content=\"Descubre los lugares m\u00e1s emblem\u00e1ticos y de mayor inter\u00e9s cultural de \u00c1msterdam en un tour privado con coche y gu\u00eda privado incluidos, ideal para ti, tu familia o tus amigos \u2705\" \/>\n<meta property=\"og:url\" content=\"https:\/\/tourtravelandmore.com\/es\/tours\/paises-bajos-es\/amsterdam-es\/tour-privado-de-la-ciudad-de-amsterdam\/\" \/>\n<meta property=\"og:site_name\" content=\"Tour Travel And More\" \/>\n<meta property=\"article:publisher\" content=\"https:\/\/www.facebook.com\/tourtravelandmore\/\" \/>\n<meta property=\"article:modified_time\" content=\"2024-01-12T10:26:12+00:00\" \/>\n<meta property=\"og:image\" content=\"https:\/\/tourtravelandmore.com\/wp-content\/uploads\/2021\/12\/image12.jpg\" \/>\n\t<meta property=\"og:image:width\" content=\"910\" \/>\n\t<meta property=\"og:image:height\" content=\"607\" \/>\n\t<meta property=\"og:image:type\" content=\"image\/jpeg\" \/>\n<meta name=\"twitter:card\" content=\"summary_large_image\" \/>\n<meta name=\"twitter:site\" content=\"@TourTravel_More\" \/>\n<meta name=\"twitter:label1\" content=\"Tiempo de lectura\" \/>\n\t<meta name=\"twitter:data1\" content=\"4 minutos\" \/>\n<script type=\"application\/ld+json\" class=\"yoast-schema-graph\">{\"@context\":\"https:\/\/schema.org\",\"@graph\":[{\"@type\":\"WebPage\",\"@id\":\"https:\/\/tourtravelandmore.com\/es\/tours\/paises-bajos-es\/amsterdam-es\/tour-privado-de-la-ciudad-de-amsterdam\/\",\"url\":\"https:\/\/tourtravelandmore.com\/es\/tours\/paises-bajos-es\/amsterdam-es\/tour-privado-de-la-ciudad-de-amsterdam\/\",\"name\":\"\u27a1\ufe0f Tour Privado por la ciudad de \u00c1msterdam con gu\u00eda y coche privado\",\"isPartOf\":{\"@id\":\"https:\/\/tourtravelandmore.com\/es\/#website\"},\"primaryImageOfPage\":{\"@id\":\"https:\/\/tourtravelandmore.com\/es\/tours\/paises-bajos-es\/amsterdam-es\/tour-privado-de-la-ciudad-de-amsterdam\/#primaryimage\"},\"image\":{\"@id\":\"https:\/\/tourtravelandmore.com\/es\/tours\/paises-bajos-es\/amsterdam-es\/tour-privado-de-la-ciudad-de-amsterdam\/#primaryimage\"},\"thumbnailUrl\":\"https:\/\/tourtravelandmore.com\/wp-content\/uploads\/2021\/12\/image12.jpg\",\"datePublished\":\"2021-12-01T12:16:52+00:00\",\"dateModified\":\"2024-01-12T10:26:12+00:00\",\"description\":\"Descubre los lugares m\u00e1s emblem\u00e1ticos y de mayor inter\u00e9s cultural de \u00c1msterdam en un tour privado con coche y gu\u00eda privado incluidos, ideal para ti, tu familia o tus amigos \u2705\",\"breadcrumb\":{\"@id\":\"https:\/\/tourtravelandmore.com\/es\/tours\/paises-bajos-es\/amsterdam-es\/tour-privado-de-la-ciudad-de-amsterdam\/#breadcrumb\"},\"inLanguage\":\"es\",\"potentialAction\":[{\"@type\":\"ReadAction\",\"target\":[\"https:\/\/tourtravelandmore.com\/es\/tours\/paises-bajos-es\/amsterdam-es\/tour-privado-de-la-ciudad-de-amsterdam\/\"]}]},{\"@type\":\"ImageObject\",\"inLanguage\":\"es\",\"@id\":\"https:\/\/tourtravelandmore.com\/es\/tours\/paises-bajos-es\/amsterdam-es\/tour-privado-de-la-ciudad-de-amsterdam\/#primaryimage\",\"url\":\"https:\/\/tourtravelandmore.com\/wp-content\/uploads\/2021\/12\/image12.jpg\",\"contentUrl\":\"https:\/\/tourtravelandmore.com\/wp-content\/uploads\/2021\/12\/image12.jpg\",\"width\":910,\"height\":607},{\"@type\":\"BreadcrumbList\",\"@id\":\"https:\/\/tourtravelandmore.com\/es\/tours\/paises-bajos-es\/amsterdam-es\/tour-privado-de-la-ciudad-de-amsterdam\/#breadcrumb\",\"itemListElement\":[{\"@type\":\"ListItem\",\"position\":1,\"name\":\"Home\",\"item\":\"https:\/\/tourtravelandmore.com\/es\/\"},{\"@type\":\"ListItem\",\"position\":2,\"name\":\"Tours\",\"item\":\"https:\/\/tourtravelandmore.com\/es\/tours\/\"},{\"@type\":\"ListItem\",\"position\":3,\"name\":\"Tour privado de la Ciudad de \u00c1msterdam\"}]},{\"@type\":\"WebSite\",\"@id\":\"https:\/\/tourtravelandmore.com\/es\/#website\",\"url\":\"https:\/\/tourtravelandmore.com\/es\/\",\"name\":\"Tour Travel And More\",\"description\":\"Private sightseeing tours and luxury transfers in Spain\",\"publisher\":{\"@id\":\"https:\/\/tourtravelandmore.com\/es\/#organization\"},\"potentialAction\":[{\"@type\":\"SearchAction\",\"target\":{\"@type\":\"EntryPoint\",\"urlTemplate\":\"https:\/\/tourtravelandmore.com\/es\/?s={search_term_string}\"},\"query-input\":{\"@type\":\"PropertyValueSpecification\",\"valueRequired\":true,\"valueName\":\"search_term_string\"}}],\"inLanguage\":\"es\"},{\"@type\":\"Organization\",\"@id\":\"https:\/\/tourtravelandmore.com\/es\/#organization\",\"name\":\"Tour Travel And More\",\"url\":\"https:\/\/tourtravelandmore.com\/es\/\",\"logo\":{\"@type\":\"ImageObject\",\"inLanguage\":\"es\",\"@id\":\"https:\/\/tourtravelandmore.com\/es\/#\/schema\/logo\/image\/\",\"url\":\"https:\/\/tourtravelandmore.com\/wp-content\/uploads\/2022\/12\/cropped-logo-cabecera-new.png\",\"contentUrl\":\"https:\/\/tourtravelandmore.com\/wp-content\/uploads\/2022\/12\/cropped-logo-cabecera-new.png\",\"width\":430,\"height\":61,\"caption\":\"Tour Travel And More\"},\"image\":{\"@id\":\"https:\/\/tourtravelandmore.com\/es\/#\/schema\/logo\/image\/\"},\"sameAs\":[\"https:\/\/www.facebook.com\/tourtravelandmore\/\",\"https:\/\/x.com\/TourTravel_More\"]}]}<\/script>\n<!-- \/ Yoast SEO Premium plugin. -->","yoast_head_json":{"title":"\u27a1\ufe0f Tour Privado por la ciudad de \u00c1msterdam con gu\u00eda y coche privado","description":"Descubre los lugares m\u00e1s emblem\u00e1ticos y de mayor inter\u00e9s cultural de \u00c1msterdam en un tour privado con coche y gu\u00eda privado incluidos, ideal para ti, tu familia o tus amigos \u2705","robots":{"index":"index","follow":"follow","max-snippet":"max-snippet:-1","max-image-preview":"max-image-preview:large","max-video-preview":"max-video-preview:-1"},"canonical":"https:\/\/tourtravelandmore.com\/es\/tours\/paises-bajos-es\/amsterdam-es\/tour-privado-de-la-ciudad-de-amsterdam\/","og_locale":"es_ES","og_type":"article","og_title":"Tour privado de la Ciudad de \u00c1msterdam","og_description":"Descubre los lugares m\u00e1s emblem\u00e1ticos y de mayor inter\u00e9s cultural de \u00c1msterdam en un tour privado con coche y gu\u00eda privado incluidos, ideal para ti, tu familia o tus amigos \u2705","og_url":"https:\/\/tourtravelandmore.com\/es\/tours\/paises-bajos-es\/amsterdam-es\/tour-privado-de-la-ciudad-de-amsterdam\/","og_site_name":"Tour Travel And More","article_publisher":"https:\/\/www.facebook.com\/tourtravelandmore\/","article_modified_time":"2024-01-12T10:26:12+00:00","og_image":[{"width":910,"height":607,"url":"https:\/\/tourtravelandmore.com\/wp-content\/uploads\/2021\/12\/image12.jpg","type":"image\/jpeg"}],"twitter_card":"summary_large_image","twitter_site":"@TourTravel_More","twitter_misc":{"Tiempo de lectura":"4 minutos"},"schema":{"@context":"https:\/\/schema.org","@graph":[{"@type":"WebPage","@id":"https:\/\/tourtravelandmore.com\/es\/tours\/paises-bajos-es\/amsterdam-es\/tour-privado-de-la-ciudad-de-amsterdam\/","url":"https:\/\/tourtravelandmore.com\/es\/tours\/paises-bajos-es\/amsterdam-es\/tour-privado-de-la-ciudad-de-amsterdam\/","name":"\u27a1\ufe0f Tour Privado por la ciudad de \u00c1msterdam con gu\u00eda y coche privado","isPartOf":{"@id":"https:\/\/tourtravelandmore.com\/es\/#website"},"primaryImageOfPage":{"@id":"https:\/\/tourtravelandmore.com\/es\/tours\/paises-bajos-es\/amsterdam-es\/tour-privado-de-la-ciudad-de-amsterdam\/#primaryimage"},"image":{"@id":"https:\/\/tourtravelandmore.com\/es\/tours\/paises-bajos-es\/amsterdam-es\/tour-privado-de-la-ciudad-de-amsterdam\/#primaryimage"},"thumbnailUrl":"https:\/\/tourtravelandmore.com\/wp-content\/uploads\/2021\/12\/image12.jpg","datePublished":"2021-12-01T12:16:52+00:00","dateModified":"2024-01-12T10:26:12+00:00","description":"Descubre los lugares m\u00e1s emblem\u00e1ticos y de mayor inter\u00e9s cultural de \u00c1msterdam en un tour privado con coche y gu\u00eda privado incluidos, ideal para ti, tu familia o tus amigos \u2705","breadcrumb":{"@id":"https:\/\/tourtravelandmore.com\/es\/tours\/paises-bajos-es\/amsterdam-es\/tour-privado-de-la-ciudad-de-amsterdam\/#breadcrumb"},"inLanguage":"es","potentialAction":[{"@type":"ReadAction","target":["https:\/\/tourtravelandmore.com\/es\/tours\/paises-bajos-es\/amsterdam-es\/tour-privado-de-la-ciudad-de-amsterdam\/"]}]},{"@type":"ImageObject","inLanguage":"es","@id":"https:\/\/tourtravelandmore.com\/es\/tours\/paises-bajos-es\/amsterdam-es\/tour-privado-de-la-ciudad-de-amsterdam\/#primaryimage","url":"https:\/\/tourtravelandmore.com\/wp-content\/uploads\/2021\/12\/image12.jpg","contentUrl":"https:\/\/tourtravelandmore.com\/wp-content\/uploads\/2021\/12\/image12.jpg","width":910,"height":607},{"@type":"BreadcrumbList","@id":"https:\/\/tourtravelandmore.com\/es\/tours\/paises-bajos-es\/amsterdam-es\/tour-privado-de-la-ciudad-de-amsterdam\/#breadcrumb","itemListElement":[{"@type":"ListItem","position":1,"name":"Home","item":"https:\/\/tourtravelandmore.com\/es\/"},{"@type":"ListItem","position":2,"name":"Tours","item":"https:\/\/tourtravelandmore.com\/es\/tours\/"},{"@type":"ListItem","position":3,"name":"Tour privado de la Ciudad de \u00c1msterdam"}]},{"@type":"WebSite","@id":"https:\/\/tourtravelandmore.com\/es\/#website","url":"https:\/\/tourtravelandmore.com\/es\/","name":"Tour Travel And More","description":"Private sightseeing tours and luxury transfers in Spain","publisher":{"@id":"https:\/\/tourtravelandmore.com\/es\/#organization"},"potentialAction":[{"@type":"SearchAction","target":{"@type":"EntryPoint","urlTemplate":"https:\/\/tourtravelandmore.com\/es\/?s={search_term_string}"},"query-input":{"@type":"PropertyValueSpecification","valueRequired":true,"valueName":"search_term_string"}}],"inLanguage":"es"},{"@type":"Organization","@id":"https:\/\/tourtravelandmore.com\/es\/#organization","name":"Tour Travel And More","url":"https:\/\/tourtravelandmore.com\/es\/","logo":{"@type":"ImageObject","inLanguage":"es","@id":"https:\/\/tourtravelandmore.com\/es\/#\/schema\/logo\/image\/","url":"https:\/\/tourtravelandmore.com\/wp-content\/uploads\/2022\/12\/cropped-logo-cabecera-new.png","contentUrl":"https:\/\/tourtravelandmore.com\/wp-content\/uploads\/2022\/12\/cropped-logo-cabecera-new.png","width":430,"height":61,"caption":"Tour Travel And More"},"image":{"@id":"https:\/\/tourtravelandmore.com\/es\/#\/schema\/logo\/image\/"},"sameAs":["https:\/\/www.facebook.com\/tourtravelandmore\/","https:\/\/x.com\/TourTravel_More"]}]}},"_links":{"self":[{"href":"https:\/\/tourtravelandmore.com\/es\/wp-json\/wp\/v2\/product\/114404","targetHints":{"allow":["GET"]}}],"collection":[{"href":"https:\/\/tourtravelandmore.com\/es\/wp-json\/wp\/v2\/product"}],"about":[{"href":"https:\/\/tourtravelandmore.com\/es\/wp-json\/wp\/v2\/types\/product"}],"replies":[{"embeddable":true,"href":"https:\/\/tourtravelandmore.com\/es\/wp-json\/wp\/v2\/comments?post=114404"}],"wp:featuredmedia":[{"embeddable":true,"href":"https:\/\/tourtravelandmore.com\/es\/wp-json\/wp\/v2\/media\/114429"}],"wp:attachment":[{"href":"https:\/\/tourtravelandmore.com\/es\/wp-json\/wp\/v2\/media?parent=114404"}],"wp:term":[{"taxonomy":"product_brand","embeddable":true,"href":"https:\/\/tourtravelandmore.com\/es\/wp-json\/wp\/v2\/product_brand?post=114404"},{"taxonomy":"product_cat","embeddable":true,"href":"https:\/\/tourtravelandmore.com\/es\/wp-json\/wp\/v2\/product_cat?post=114404"},{"taxonomy":"product_tag","embeddable":true,"href":"https:\/\/tourtravelandmore.com\/es\/wp-json\/wp\/v2\/product_tag?post=114404"}],"curies":[{"name":"wp","href":"https:\/\/api.w.org\/{rel}","templated":true}]}}