{"id":114253,"date":"2021-11-29T13:25:57","date_gmt":"2021-11-29T12:25:58","guid":{"rendered":"https:\/\/tourtravelandmore.com\/?post_type=product&#038;p=114253"},"modified":"2024-01-12T11:42:50","modified_gmt":"2024-01-12T10:42:50","slug":"tour-privado-a-la-haya-y-rotterdam","status":"publish","type":"product","link":"https:\/\/tourtravelandmore.com\/es\/tours\/paises-bajos-es\/amsterdam-es\/tour-privado-a-la-haya-y-rotterdam\/","title":{"rendered":"Tour privado a La Haya y Rotterdam"},"content":{"rendered":"<h2><strong>Descripci\u00f3n del tour privado a La Haya y Rotterdam<\/strong><\/h2>\n<p><span style=\"font-weight: 400;\">Si algo tienen de admirable los Pa\u00edses Bajos, es que est\u00e1n repletos por los cuatro costados de una belleza inigualable y de diversos sitios de inter\u00e9s.\u00a0<\/span><span style=\"font-weight: 400;\">Por eso, en este tour privado te llevaremos a descubrir 2 ciudades que tienen gran importancia en Holanda: Rotterdam y La Haya.\u00a0<\/span><\/p>\n<p><span style=\"font-weight: 400;\">Es <\/span><b>un tour completamente personalizado<\/b><span style=\"font-weight: 400;\">, en el cual puedes acordar con el gu\u00eda el sitio y la hora de recogida para que inicies una aventura que ser\u00e1 inolvidable.\u00a0<\/span><span style=\"font-weight: 400;\">Visitar La Haya y Rotterdam ser\u00e1 una combinaci\u00f3n perfecta para que aprecies c\u00f3mo se mezcla la moderna y vibrante arquitectura de Rotterdam, con las elegantes y antiguas construcciones de La Haya, las cuales te transportar\u00e1n directamente al siglo XVII.\u00a0<\/span><\/p>\n<p><b>El recorrido tiene una duraci\u00f3n de 8 horas<\/b><span style=\"font-weight: 400;\">, en las cuales estar\u00e1s acompa\u00f1ado por un gu\u00eda experto que en todo momento te dar\u00e1 informaci\u00f3n de inter\u00e9s, as\u00ed como los datos hist\u00f3ricos m\u00e1s importantes de cada punto que ver\u00e1s dentro del itinerario.\u00a0<\/span><\/p>\n<p><span style=\"font-weight: 400;\">Durante esas 8 horas ir\u00e1s a bordo de un c\u00f3modo y exclusivo coche. Asimismo, tendr\u00e1s distintos recorridos a pie para que no te quede nada sin explorar.\u00a0<\/span><\/p>\n<p><span style=\"font-weight: 400;\">Conocer\u00e1s en un mismo d\u00eda a 2 de las ciudades holandesas que tienen gran fama a nivel mundial. Y todo con la comodidad de una excursi\u00f3n privada con gu\u00eda y coche privado incluidos.\u00a0<\/span><\/p>\n<h2><strong>Puntos de inter\u00e9s del tour privado<\/strong><\/h2>\n<p><span style=\"font-weight: 400;\">Aprovecha esta gran oportunidad para <\/span><b>conectar con lo mejor del sur de Holanda,<\/b><span style=\"font-weight: 400;\"> al realizar nuestro tour privado a La Haya y Rotterdam.\u00a0<\/span><\/p>\n<p><span style=\"font-weight: 400;\">De esta manera, conocer\u00e1s la impresionante transformaci\u00f3n que ha sufrido la ciudad de Rotterdam a lo largo del tiempo y, a la vez,\u00a0 podr\u00e1s conectar con la majestuosidad de la Haya, que es conocida como la gran ciudad de la justicia y las leyes.\u00a0<\/span><\/p>\n<h3><span style=\"font-weight: 400; color: #d3af37;\">Rotterdam<\/span><\/h3>\n<p><span style=\"font-weight: 400;\">Rotterdam va a ser la primera parada en esta excursi\u00f3n privada. Tienes que saber de una vez que esta ciudad tuvo que ser reconstruida totalmente luego de la Segunda Guerra Mundial.\u00a0<\/span><span style=\"font-weight: 400;\">Por esa raz\u00f3n, su arquitectura es muy diferente a casi todas las ciudades europeas, ya que en ella destacan edificios contempor\u00e1neos y modernos, que rompen el molde de la arquitectura tradicional europea.\u00a0<\/span><span style=\"font-weight: 400;\">El gu\u00eda te llevar\u00e1 en el coche por las calles de la urbe para que admires sus magn\u00edficas construcciones vanguardistas.\u00a0<\/span><span style=\"font-weight: 400;\">En ese recorrido entender\u00e1s por qu\u00e9 a Rootterdam se le considera la cuna de la arquitectura moderna en toda Holanda.\u00a0<\/span><\/p>\n<p><span style=\"font-weight: 400;\">Tambi\u00e9n, vas a conocer los siguientes puntos emblem\u00e1ticos:\u00a0<\/span><\/p>\n<ul>\n<li style=\"font-weight: 400;\" aria-level=\"1\"><strong>Las Casas Cubo<\/strong><\/li>\n<li style=\"font-weight: 400;\" aria-level=\"1\"><strong>El puerto<\/strong><\/li>\n<li style=\"font-weight: 400;\" aria-level=\"1\"><strong>El puente de Erasmus de R\u00f3terdam<\/strong><\/li>\n<li style=\"font-weight: 400;\" aria-level=\"1\"><strong>Euromast<\/strong><\/li>\n<li style=\"font-weight: 400;\" aria-level=\"1\"><strong>El museo de Maurithuis<\/strong><\/li>\n<\/ul>\n<p><span style=\"font-weight: 400;\">Todo este recorrido se har\u00e1 en compa\u00f1\u00eda del gu\u00eda y en un confortable coche privado que estar\u00e1 enteramente a tu disposici\u00f3n.\u00a0<\/span><\/p>\n<h3><span style=\"font-weight: 400; color: #d3af37;\">La Haya\u00a0<\/span><\/h3>\n<p><span style=\"font-weight: 400;\">La Haya es conocida, entre otras cosas, por ser la capital administrativa de los Pa\u00edses Bajos. En ella se encuentra el c\u00e9lebre Tribunal Internacional de La Haya.\u00a0<\/span><\/p>\n<p><span style=\"font-weight: 400;\">En nuestra excursi\u00f3n privada conocer\u00e1s los edificios que son sede del Parlamento y que se consideran el complejo parlamentario m\u00e1s antiguo de todo el mundo.\u00a0<\/span><span style=\"font-weight: 400;\">El coche te llevar\u00e1\u00a0 en un paseo exclusivo por grandes avenidas, embajadas impresionantes y distintos edificios que deslumbran por su majestuosidad.\u00a0<\/span><span style=\"font-weight: 400;\">Junto a todas estas construcciones, tambi\u00e9n vas a apreciar un sinf\u00edn de \u00e1reas verdes de exquisita belleza que invitan al relax.\u00a0<\/span><\/p>\n<p><span style=\"font-weight: 400;\">El pasado hist\u00f3rico de La Haya es fascinante. Por eso, el gu\u00eda te dar\u00e1 un paseo por la historia de la ciudad, en donde se incluye parte de la vida de grandes artistas como el gran Vincent Van Gogh.<\/span><\/p>\n<p><span style=\"font-weight: 400;\">Tendr\u00e1s la oportunidad de conocer el Palacio Real y el Parlamento Holand\u00e9s, los cuales se encuentran en la prestigiosa zona de Binnenhof.\u00a0<\/span><\/p>\n<p><span style=\"font-weight: 400;\">Adem\u00e1s, ver\u00e1s otros sitios de inter\u00e9s como son:\u00a0<\/span><\/p>\n<ul>\n<li style=\"font-weight: 400;\" aria-level=\"1\"><strong>El Museo Escher<\/strong><\/li>\n<li style=\"font-weight: 400;\" aria-level=\"1\"><strong>Palacio Noordeinde<\/strong><\/li>\n<li style=\"font-weight: 400;\" aria-level=\"1\"><strong>Los patios escondidos<\/strong><\/li>\n<li style=\"font-weight: 400;\" aria-level=\"1\"><strong>Los establos reales<\/strong><\/li>\n<li style=\"font-weight: 400;\" aria-level=\"1\"><strong>El casco antiguo de La Haya<\/strong><\/li>\n<li style=\"font-weight: 400;\" aria-level=\"1\"><strong>Entre muchos otros.\u00a0<\/strong><\/li>\n<\/ul>\n<p><span style=\"font-weight: 400;\">Tu paso por La Haya va a culminar de una forma majestuosa, ya que te llevaremos a la sede del hermoso edificio que alberga la Corte Internacional Penal. All\u00ed, podr\u00e1s tomar unas de las fotograf\u00edas m\u00e1s llamativas de todo el viaje.\u00a0<\/span><\/p>\n<p><span style=\"font-weight: 400;\">Tambi\u00e9n ser\u00eda interesante que durante tus vacaciones contrates un <\/span><a href=\"https:\/\/tourtravelandmore.com\/es\/tours\/paises-bajos-es\/amsterdam-es\/tour-privado-a-delft-y-leiden-desde-amsterdam\/\"><span style=\"font-weight: 400;\">Tour Privado a Delft desde \u00c1msterdam<\/span><\/a><span style=\"font-weight: 400;\">, para que termines de recorrer en su totalidad las ciudades m\u00e1s importantes de los Pa\u00edses Bajos. <\/span><\/p>\n","protected":false},"excerpt":{"rendered":"<p><span style=\"font-weight: 400;\">Aprovecha tu estad\u00eda en \u00c1msterdam para conocer dos hermosas ciudades europeas con nuestro <\/span><b>tour privado a La Haya y Rotterdam<\/b><span style=\"font-weight: 400;\">. Recorre la imponente ciudad de La Haya para ver de cerca el Museo Escher, el Palacio Noordeinde, entre otros monumentos. Despu\u00e9s, visitaremos Rotterdam para conocer su puerto y sus emblem\u00e1ticas casas cubo. Todo en un tour personalizado de 8 horas con gu\u00eda y coche privado incluido.<\/span><\/p>\n","protected":false},"featured_media":114281,"comment_status":"open","ping_status":"closed","template":"","meta":{"_acf_changed":false},"product_brand":[],"product_cat":[1600,975,976,977],"product_tag":[],"class_list":{"0":"post-114253","1":"product","2":"type-product","3":"status-publish","4":"has-post-thumbnail","6":"product_cat-paises-bajos-es","7":"product_cat-amsterdam-es","8":"product_cat-amsterdam-actividades-es","9":"product_cat-amsterdam-rutas-turisticas-privadas-es","11":"first","12":"instock","13":"shipping-taxable","14":"purchasable","15":"product-type-simple"},"acf":[],"yoast_head":"<!-- This site is optimized with the Yoast SEO Premium plugin v25.3.1 (Yoast SEO v25.3.1) - https:\/\/yoast.com\/wordpress\/plugins\/seo\/ -->\n<title>\u27a1\ufe0f Tour Privado con gu\u00eda y coche privado a La Haya y Rotterdam | Tour Travel &amp; More<\/title>\n<meta name=\"description\" content=\"Conoce 2 de las ciudades m\u00e1s importantes de Holanda en un Tour privado con gu\u00eda y coche privado a La Haya y Rotterdam \u2705\" \/>\n<meta name=\"robots\" content=\"index, follow, max-snippet:-1, max-image-preview:large, max-video-preview:-1\" \/>\n<link rel=\"canonical\" href=\"https:\/\/tourtravelandmore.com\/es\/tours\/paises-bajos-es\/amsterdam-es\/tour-privado-a-la-haya-y-rotterdam\/\" \/>\n<meta property=\"og:locale\" content=\"es_ES\" \/>\n<meta property=\"og:type\" content=\"article\" \/>\n<meta property=\"og:title\" content=\"Tour privado a La Haya y Rotterdam\" \/>\n<meta property=\"og:description\" content=\"Conoce 2 de las ciudades m\u00e1s importantes de Holanda en un Tour privado con gu\u00eda y coche privado a La Haya y Rotterdam \u2705\" \/>\n<meta property=\"og:url\" content=\"https:\/\/tourtravelandmore.com\/es\/tours\/paises-bajos-es\/amsterdam-es\/tour-privado-a-la-haya-y-rotterdam\/\" \/>\n<meta property=\"og:site_name\" content=\"Tour Travel And More\" \/>\n<meta property=\"article:publisher\" content=\"https:\/\/www.facebook.com\/tourtravelandmore\/\" \/>\n<meta property=\"article:modified_time\" content=\"2024-01-12T10:42:50+00:00\" \/>\n<meta property=\"og:image\" content=\"https:\/\/tourtravelandmore.com\/wp-content\/uploads\/2021\/11\/image49.jpg\" \/>\n\t<meta property=\"og:image:width\" content=\"910\" \/>\n\t<meta property=\"og:image:height\" content=\"607\" \/>\n\t<meta property=\"og:image:type\" content=\"image\/jpeg\" \/>\n<meta name=\"twitter:card\" content=\"summary_large_image\" \/>\n<meta name=\"twitter:site\" content=\"@TourTravel_More\" \/>\n<meta name=\"twitter:label1\" content=\"Tiempo de lectura\" \/>\n\t<meta name=\"twitter:data1\" content=\"4 minutos\" \/>\n<script type=\"application\/ld+json\" class=\"yoast-schema-graph\">{\"@context\":\"https:\/\/schema.org\",\"@graph\":[{\"@type\":\"WebPage\",\"@id\":\"https:\/\/tourtravelandmore.com\/es\/tours\/paises-bajos-es\/amsterdam-es\/tour-privado-a-la-haya-y-rotterdam\/\",\"url\":\"https:\/\/tourtravelandmore.com\/es\/tours\/paises-bajos-es\/amsterdam-es\/tour-privado-a-la-haya-y-rotterdam\/\",\"name\":\"\u27a1\ufe0f Tour Privado con gu\u00eda y coche privado a La Haya y Rotterdam | Tour Travel & More\",\"isPartOf\":{\"@id\":\"https:\/\/tourtravelandmore.com\/es\/#website\"},\"primaryImageOfPage\":{\"@id\":\"https:\/\/tourtravelandmore.com\/es\/tours\/paises-bajos-es\/amsterdam-es\/tour-privado-a-la-haya-y-rotterdam\/#primaryimage\"},\"image\":{\"@id\":\"https:\/\/tourtravelandmore.com\/es\/tours\/paises-bajos-es\/amsterdam-es\/tour-privado-a-la-haya-y-rotterdam\/#primaryimage\"},\"thumbnailUrl\":\"https:\/\/tourtravelandmore.com\/wp-content\/uploads\/2021\/11\/image49.jpg\",\"datePublished\":\"2021-11-29T12:25:58+00:00\",\"dateModified\":\"2024-01-12T10:42:50+00:00\",\"description\":\"Conoce 2 de las ciudades m\u00e1s importantes de Holanda en un Tour privado con gu\u00eda y coche privado a La Haya y Rotterdam \u2705\",\"breadcrumb\":{\"@id\":\"https:\/\/tourtravelandmore.com\/es\/tours\/paises-bajos-es\/amsterdam-es\/tour-privado-a-la-haya-y-rotterdam\/#breadcrumb\"},\"inLanguage\":\"es\",\"potentialAction\":[{\"@type\":\"ReadAction\",\"target\":[\"https:\/\/tourtravelandmore.com\/es\/tours\/paises-bajos-es\/amsterdam-es\/tour-privado-a-la-haya-y-rotterdam\/\"]}]},{\"@type\":\"ImageObject\",\"inLanguage\":\"es\",\"@id\":\"https:\/\/tourtravelandmore.com\/es\/tours\/paises-bajos-es\/amsterdam-es\/tour-privado-a-la-haya-y-rotterdam\/#primaryimage\",\"url\":\"https:\/\/tourtravelandmore.com\/wp-content\/uploads\/2021\/11\/image49.jpg\",\"contentUrl\":\"https:\/\/tourtravelandmore.com\/wp-content\/uploads\/2021\/11\/image49.jpg\",\"width\":910,\"height\":607},{\"@type\":\"BreadcrumbList\",\"@id\":\"https:\/\/tourtravelandmore.com\/es\/tours\/paises-bajos-es\/amsterdam-es\/tour-privado-a-la-haya-y-rotterdam\/#breadcrumb\",\"itemListElement\":[{\"@type\":\"ListItem\",\"position\":1,\"name\":\"Home\",\"item\":\"https:\/\/tourtravelandmore.com\/es\/\"},{\"@type\":\"ListItem\",\"position\":2,\"name\":\"Tours\",\"item\":\"https:\/\/tourtravelandmore.com\/es\/tours\/\"},{\"@type\":\"ListItem\",\"position\":3,\"name\":\"Tour privado a La Haya y Rotterdam\"}]},{\"@type\":\"WebSite\",\"@id\":\"https:\/\/tourtravelandmore.com\/es\/#website\",\"url\":\"https:\/\/tourtravelandmore.com\/es\/\",\"name\":\"Tour Travel And More\",\"description\":\"Private sightseeing tours and luxury transfers in Spain\",\"publisher\":{\"@id\":\"https:\/\/tourtravelandmore.com\/es\/#organization\"},\"potentialAction\":[{\"@type\":\"SearchAction\",\"target\":{\"@type\":\"EntryPoint\",\"urlTemplate\":\"https:\/\/tourtravelandmore.com\/es\/?s={search_term_string}\"},\"query-input\":{\"@type\":\"PropertyValueSpecification\",\"valueRequired\":true,\"valueName\":\"search_term_string\"}}],\"inLanguage\":\"es\"},{\"@type\":\"Organization\",\"@id\":\"https:\/\/tourtravelandmore.com\/es\/#organization\",\"name\":\"Tour Travel And More\",\"url\":\"https:\/\/tourtravelandmore.com\/es\/\",\"logo\":{\"@type\":\"ImageObject\",\"inLanguage\":\"es\",\"@id\":\"https:\/\/tourtravelandmore.com\/es\/#\/schema\/logo\/image\/\",\"url\":\"https:\/\/tourtravelandmore.com\/wp-content\/uploads\/2022\/12\/cropped-logo-cabecera-new.png\",\"contentUrl\":\"https:\/\/tourtravelandmore.com\/wp-content\/uploads\/2022\/12\/cropped-logo-cabecera-new.png\",\"width\":430,\"height\":61,\"caption\":\"Tour Travel And More\"},\"image\":{\"@id\":\"https:\/\/tourtravelandmore.com\/es\/#\/schema\/logo\/image\/\"},\"sameAs\":[\"https:\/\/www.facebook.com\/tourtravelandmore\/\",\"https:\/\/x.com\/TourTravel_More\"]}]}<\/script>\n<!-- \/ Yoast SEO Premium plugin. -->","yoast_head_json":{"title":"\u27a1\ufe0f Tour Privado con gu\u00eda y coche privado a La Haya y Rotterdam | Tour Travel & More","description":"Conoce 2 de las ciudades m\u00e1s importantes de Holanda en un Tour privado con gu\u00eda y coche privado a La Haya y Rotterdam \u2705","robots":{"index":"index","follow":"follow","max-snippet":"max-snippet:-1","max-image-preview":"max-image-preview:large","max-video-preview":"max-video-preview:-1"},"canonical":"https:\/\/tourtravelandmore.com\/es\/tours\/paises-bajos-es\/amsterdam-es\/tour-privado-a-la-haya-y-rotterdam\/","og_locale":"es_ES","og_type":"article","og_title":"Tour privado a La Haya y Rotterdam","og_description":"Conoce 2 de las ciudades m\u00e1s importantes de Holanda en un Tour privado con gu\u00eda y coche privado a La Haya y Rotterdam \u2705","og_url":"https:\/\/tourtravelandmore.com\/es\/tours\/paises-bajos-es\/amsterdam-es\/tour-privado-a-la-haya-y-rotterdam\/","og_site_name":"Tour Travel And More","article_publisher":"https:\/\/www.facebook.com\/tourtravelandmore\/","article_modified_time":"2024-01-12T10:42:50+00:00","og_image":[{"width":910,"height":607,"url":"https:\/\/tourtravelandmore.com\/wp-content\/uploads\/2021\/11\/image49.jpg","type":"image\/jpeg"}],"twitter_card":"summary_large_image","twitter_site":"@TourTravel_More","twitter_misc":{"Tiempo de lectura":"4 minutos"},"schema":{"@context":"https:\/\/schema.org","@graph":[{"@type":"WebPage","@id":"https:\/\/tourtravelandmore.com\/es\/tours\/paises-bajos-es\/amsterdam-es\/tour-privado-a-la-haya-y-rotterdam\/","url":"https:\/\/tourtravelandmore.com\/es\/tours\/paises-bajos-es\/amsterdam-es\/tour-privado-a-la-haya-y-rotterdam\/","name":"\u27a1\ufe0f Tour Privado con gu\u00eda y coche privado a La Haya y Rotterdam | Tour Travel & More","isPartOf":{"@id":"https:\/\/tourtravelandmore.com\/es\/#website"},"primaryImageOfPage":{"@id":"https:\/\/tourtravelandmore.com\/es\/tours\/paises-bajos-es\/amsterdam-es\/tour-privado-a-la-haya-y-rotterdam\/#primaryimage"},"image":{"@id":"https:\/\/tourtravelandmore.com\/es\/tours\/paises-bajos-es\/amsterdam-es\/tour-privado-a-la-haya-y-rotterdam\/#primaryimage"},"thumbnailUrl":"https:\/\/tourtravelandmore.com\/wp-content\/uploads\/2021\/11\/image49.jpg","datePublished":"2021-11-29T12:25:58+00:00","dateModified":"2024-01-12T10:42:50+00:00","description":"Conoce 2 de las ciudades m\u00e1s importantes de Holanda en un Tour privado con gu\u00eda y coche privado a La Haya y Rotterdam \u2705","breadcrumb":{"@id":"https:\/\/tourtravelandmore.com\/es\/tours\/paises-bajos-es\/amsterdam-es\/tour-privado-a-la-haya-y-rotterdam\/#breadcrumb"},"inLanguage":"es","potentialAction":[{"@type":"ReadAction","target":["https:\/\/tourtravelandmore.com\/es\/tours\/paises-bajos-es\/amsterdam-es\/tour-privado-a-la-haya-y-rotterdam\/"]}]},{"@type":"ImageObject","inLanguage":"es","@id":"https:\/\/tourtravelandmore.com\/es\/tours\/paises-bajos-es\/amsterdam-es\/tour-privado-a-la-haya-y-rotterdam\/#primaryimage","url":"https:\/\/tourtravelandmore.com\/wp-content\/uploads\/2021\/11\/image49.jpg","contentUrl":"https:\/\/tourtravelandmore.com\/wp-content\/uploads\/2021\/11\/image49.jpg","width":910,"height":607},{"@type":"BreadcrumbList","@id":"https:\/\/tourtravelandmore.com\/es\/tours\/paises-bajos-es\/amsterdam-es\/tour-privado-a-la-haya-y-rotterdam\/#breadcrumb","itemListElement":[{"@type":"ListItem","position":1,"name":"Home","item":"https:\/\/tourtravelandmore.com\/es\/"},{"@type":"ListItem","position":2,"name":"Tours","item":"https:\/\/tourtravelandmore.com\/es\/tours\/"},{"@type":"ListItem","position":3,"name":"Tour privado a La Haya y Rotterdam"}]},{"@type":"WebSite","@id":"https:\/\/tourtravelandmore.com\/es\/#website","url":"https:\/\/tourtravelandmore.com\/es\/","name":"Tour Travel And More","description":"Private sightseeing tours and luxury transfers in Spain","publisher":{"@id":"https:\/\/tourtravelandmore.com\/es\/#organization"},"potentialAction":[{"@type":"SearchAction","target":{"@type":"EntryPoint","urlTemplate":"https:\/\/tourtravelandmore.com\/es\/?s={search_term_string}"},"query-input":{"@type":"PropertyValueSpecification","valueRequired":true,"valueName":"search_term_string"}}],"inLanguage":"es"},{"@type":"Organization","@id":"https:\/\/tourtravelandmore.com\/es\/#organization","name":"Tour Travel And More","url":"https:\/\/tourtravelandmore.com\/es\/","logo":{"@type":"ImageObject","inLanguage":"es","@id":"https:\/\/tourtravelandmore.com\/es\/#\/schema\/logo\/image\/","url":"https:\/\/tourtravelandmore.com\/wp-content\/uploads\/2022\/12\/cropped-logo-cabecera-new.png","contentUrl":"https:\/\/tourtravelandmore.com\/wp-content\/uploads\/2022\/12\/cropped-logo-cabecera-new.png","width":430,"height":61,"caption":"Tour Travel And More"},"image":{"@id":"https:\/\/tourtravelandmore.com\/es\/#\/schema\/logo\/image\/"},"sameAs":["https:\/\/www.facebook.com\/tourtravelandmore\/","https:\/\/x.com\/TourTravel_More"]}]}},"_links":{"self":[{"href":"https:\/\/tourtravelandmore.com\/es\/wp-json\/wp\/v2\/product\/114253","targetHints":{"allow":["GET"]}}],"collection":[{"href":"https:\/\/tourtravelandmore.com\/es\/wp-json\/wp\/v2\/product"}],"about":[{"href":"https:\/\/tourtravelandmore.com\/es\/wp-json\/wp\/v2\/types\/product"}],"replies":[{"embeddable":true,"href":"https:\/\/tourtravelandmore.com\/es\/wp-json\/wp\/v2\/comments?post=114253"}],"wp:featuredmedia":[{"embeddable":true,"href":"https:\/\/tourtravelandmore.com\/es\/wp-json\/wp\/v2\/media\/114281"}],"wp:attachment":[{"href":"https:\/\/tourtravelandmore.com\/es\/wp-json\/wp\/v2\/media?parent=114253"}],"wp:term":[{"taxonomy":"product_brand","embeddable":true,"href":"https:\/\/tourtravelandmore.com\/es\/wp-json\/wp\/v2\/product_brand?post=114253"},{"taxonomy":"product_cat","embeddable":true,"href":"https:\/\/tourtravelandmore.com\/es\/wp-json\/wp\/v2\/product_cat?post=114253"},{"taxonomy":"product_tag","embeddable":true,"href":"https:\/\/tourtravelandmore.com\/es\/wp-json\/wp\/v2\/product_tag?post=114253"}],"curies":[{"name":"wp","href":"https:\/\/api.w.org\/{rel}","templated":true}]}}