{"id":114063,"date":"2021-11-25T16:20:38","date_gmt":"2021-11-25T15:20:40","guid":{"rendered":"https:\/\/tourtravelandmore.com\/?post_type=product&#038;p=114063"},"modified":"2024-01-12T11:33:36","modified_gmt":"2024-01-12T10:33:36","slug":"tour-privado-de-los-museos-van-gogh-y-rijksmuseum","status":"publish","type":"product","link":"https:\/\/tourtravelandmore.com\/es\/tours\/paises-bajos-es\/amsterdam-es\/tour-privado-de-los-museos-van-gogh-y-rijksmuseum\/","title":{"rendered":"Tour privado de los museos: Van Gogh y Rijksmuseum"},"content":{"rendered":"<h2><strong>Descripci\u00f3n del Tour privado de los museos: Van Gogh y Rijksmuseum<\/strong><\/h2>\n<p><span style=\"font-weight: 400;\">Si est\u00e1s de paseo en \u00c1msterdam, <\/span><b>conocer los museoa Rijksmuseum y Van Gogh<\/b><span style=\"font-weight: 400;\"> es una parada obligatoria para conectar con el exquisito arte holand\u00e9s. <\/span><span style=\"font-weight: 400;\">Esta visita guiada est\u00e1 pensada para que aproveches al m\u00e1ximo todo el recorrido por esos emblem\u00e1ticos museos. <\/span><span style=\"font-weight: 400;\">No tendr\u00e1s que hacer cola para entrar y apreciar el arte, ya que<\/span><b> nuestro Tour<\/b> <b>incluye entradas exclusivas para cada galer\u00eda.\u00a0<\/b><span style=\"font-weight: 400;\">Asimismo, toda la visita est\u00e1 planificada en grupos peque\u00f1os. De esta forma no vas a perderte ning\u00fan detalle de las exposiciones<\/span><b>.<\/b><\/p>\n<p><span style=\"font-weight: 400;\">En todo momento ir\u00e1s acompa\u00f1ado de un gu\u00eda experto en arte, para que explores y aprendas todo sobre las obras m\u00e1s famosas que corresponden a la Edad de oro holandesa. <\/span><b>El tour dura 4 horas,<\/b><span style=\"font-weight: 400;\"> y puedes acordar con nosotros el horario de inicio. Una vez dentro de cada museo, el gu\u00eda te sumergir\u00e1 en un emocionante viaje por la historia del arte, en donde aprender\u00e1s todo sobre la cultura holandesa.\u00a0<\/span><\/p>\n<p><span style=\"font-weight: 400;\">El recorrido siempre ser\u00e1 a tu propio ritmo y acorde a tu tiempo. <\/span><span style=\"font-weight: 400;\">Podr\u00e1s admirar de cerca algunas de las obras maestras m\u00e1s importantes de la historia, detallando as\u00ed las distintas t\u00e9cnicas que utilizaron muchos de los artistas m\u00e1s famosos de la humanidad.<\/span><\/p>\n<p><span style=\"font-weight: 400;\">Durante el tour, <\/span><b>contar\u00e1s con un tiempo libre para que realices tu propio recorrido <\/b><span style=\"font-weight: 400;\">dentro de cada sala de arte.\u00a0<\/span><\/p>\n<p><span style=\"font-weight: 400;\">Te aseguramos que quedar\u00e1s maravillado con todos los detalles de estos sorprendentes museos.<\/span><\/p>\n<h2><b>Puntos de inter\u00e9s en el Tour privado de los museos: Van Gogh y Rijksmuseum<\/b><\/h2>\n<p><span style=\"font-weight: 400;\">El recorrido por los museos inicia sin necesidad de esperar por las entradas. La raz\u00f3n es que no<\/span><span style=\"font-weight: 400;\">sotros te ofrecemos entradas prioritarias para cada museo, adem\u00e1s de un gu\u00eda experto que hable sobre el arte.\u00a0<\/span><\/p>\n<p><span style=\"font-weight: 400;\">Con estas ventajas a tu lado, empieza la aventura por los museos m\u00e1s importantes de Holanda:<\/span><\/p>\n<h3><span style=\"color: #d3af37;\"><b>Museo de Van Gogh<\/b><\/span><\/h3>\n<p><span style=\"font-weight: 400;\">Vincent Van Gogh fue uno de los grandes exponentes del postimpresionismo. Durante toda su vida pint\u00f3 casi 900 cuadros y unos 1600 dibujos. De toda su producci\u00f3n art\u00edstica, m\u00e1s del 90% corresponde a los \u00faltimos 3 a\u00f1os de su vida. <\/span><span style=\"font-weight: 400;\">Se dice que esos 3 a\u00f1os en la vida de Van Gogh estuvieron llenos de obsesiones y contrariedades. Pero, a la vez, sirvieron de inspiraci\u00f3n para sus obras m\u00e1s simb\u00f3licas. <\/span><span style=\"font-weight: 400;\">Durante toda la vida, Van Gogh, solo pudo vender una sola de sus pinturas. No obstante, el pintor se convirti\u00f3 en toda una referencia art\u00edstica a nivel mundial durante el siglo XX.<\/span><\/p>\n<p><span style=\"font-weight: 400;\">Toda su historia, pasi\u00f3n y sufrimiento ser\u00e1n relatados por <\/span><b>el gu\u00eda que te acompa\u00f1ar\u00e1 en la revisi\u00f3n detallada de cada pintura.<\/b><\/p>\n<p><span style=\"font-weight: 400;\">En la excursi\u00f3n conocer\u00e1s a trav\u00e9s de un relato hist\u00f3rico toda la influencia que tuvieron los distintos personajes en la vida de este genio.\u00a0<\/span><\/p>\n<p><span style=\"font-weight: 400;\">Tambi\u00e9n, ver\u00e1s las t\u00e9cnicas empleadas por Van Gogh en cada obra, as\u00ed como sus cuadros m\u00e1s resaltantes.<\/span><\/p>\n<p><span style=\"font-weight: 400;\">Apreciar\u00e1s de cerca las grandes pinturas del artista, como por ejemplo:<\/span><\/p>\n<ul>\n<li><span style=\"font-weight: 400;\"> \u00a0 <strong>\u00a0 \u00a0 \u00a0 <\/strong><\/span><strong>Los Autorretratos de Van Gogh.<\/strong><\/li>\n<li><strong> \u00a0 \u00a0 \u00a0 \u00a0 Los girasoles.<\/strong><\/li>\n<li><strong> \u00a0 \u00a0 \u00a0 \u00a0 La habitaci\u00f3n de Arles.<\/strong><\/li>\n<li><strong> \u00a0 \u00a0 \u00a0 \u00a0 Los comedores de patatas.<\/strong><\/li>\n<\/ul>\n<p><span style=\"font-weight: 400;\">En el paseo, tendr\u00e1s la oportunidad de admirar distintas obras relacionadas con la vida de Van Gogh. Asimismo, ver\u00e1s distintos cuadros de muchos otros pintores que le brindaron su amistad a lo largo de toda su vida.<\/span><\/p>\n<h3><span style=\"color: #d3af37;\"><b>Museo Rijksmuseum<\/b><\/span><\/h3>\n<p><span style=\"font-weight: 400;\">La siguiente parada ser\u00e1 el hist\u00f3rico Rijksmuseum, el cual est\u00e1 situado en el centro de \u00c1msterdam. Este museo se considera el m\u00e1s grande e importante de toda Holanda. <\/span><span style=\"font-weight: 400;\">Cada uno de sus salones est\u00e1 lleno con las obras m\u00e1s representativas de la Edad de Oro holandesa.<\/span><\/p>\n<p><span style=\"font-weight: 400;\">Por eso, nuestro gu\u00eda privado te llevar\u00e1 hacia las exposiciones de algunos de los m\u00e1ximos exponentes del Siglo Dorado, como lo fueron:<\/span><\/p>\n<ul>\n<li><strong> \u00a0 \u00a0 \u00a0 \u00a0 Willem Claeszoon<\/strong><\/li>\n<li><strong> \u00a0 \u00a0 \u00a0 \u00a0 Jan Steen<\/strong><\/li>\n<li><strong> \u00a0 \u00a0 \u00a0 \u00a0 Jacob Ruysdael<\/strong><\/li>\n<li><strong> \u00a0 \u00a0 \u00a0 \u00a0 Frans Hals, entre muchos otros.<\/strong><\/li>\n<\/ul>\n<p><span style=\"font-weight: 400;\">Lo mejor es que te sumergir\u00e1s en la historia de cada cuadro con la ayuda del gu\u00eda, quien te explicar\u00e1 detalladamente el valor y las t\u00e9cnicas que emplearon estos maestros.<\/span><\/p>\n<p><span style=\"font-weight: 400;\">En la excursi\u00f3n, te llevaremos hacia uno de los principales atractivos del museo: las obras de Rembrandt. <\/span><span style=\"font-weight: 400;\">De esta manera, estar\u00e1s cerca de sus cuadros m\u00e1s hist\u00f3ricos, como La novia jud\u00eda, El \u00e1rbol de Jes\u00e9, La muerte de los inocentes y algunos de sus ingeniosos paisajes de los Pa\u00edses Bajos. <\/span><i><span style=\"font-weight: 400;\">\u00a1Todo un espect\u00e1culo visual! <\/span><\/i><span style=\"font-weight: 400;\">Para que completes el Tour, tambi\u00e9n podr\u00e1s apreciar una valiosa colecci\u00f3n de arte egipcio y asi\u00e1tico que se encuentra en el Rijksmuseum.<\/span><\/p>\n<p><span style=\"font-weight: 400;\">En fin, cada una de sus salas esconde distintos tesoros para admirar y deleitarse.<\/span><\/p>\n<p><span style=\"font-weight: 400;\">Si quieres terminar de pasar un d\u00eda de ensue\u00f1o, nada mejor que tomar un<\/span><a href=\"https:\/\/amsterdamguias.com\/tours-privados-amsterdam\/\"> <span style=\"font-weight: 400;\">Tour privado en barco por los canales de Amsterdam<\/span><\/a><span style=\"font-weight: 400;\">. Es considerado un paseo estimulante y que queda en la memoria de todos los que se animan a ir.\u00a0<\/span><\/p>\n","protected":false},"excerpt":{"rendered":"<p><span style=\"font-weight: 400;\">Estar en \u00c1msterdam es perfecto para conocer algunos de los museos m\u00e1s importantes del continente europeo. <strong>En el tour de los museos Van Gogh y Rijksmuseum<\/strong>, recorrer\u00e1s en un solo d\u00eda estas imponentes galer\u00edas de arte de una forma exclusiva y con un gu\u00eda privado, que te contar\u00e1 la historia que hay detr\u00e1s de cada pintura y de los artistas m\u00e1s representativos de los Pa\u00edses bajos. <\/span><\/p>\n","protected":false},"featured_media":114123,"comment_status":"open","ping_status":"closed","template":"","meta":{"_acf_changed":false},"product_brand":[],"product_cat":[1600,975,976,978],"product_tag":[],"class_list":{"0":"post-114063","1":"product","2":"type-product","3":"status-publish","4":"has-post-thumbnail","6":"product_cat-paises-bajos-es","7":"product_cat-amsterdam-es","8":"product_cat-amsterdam-actividades-es","9":"product_cat-amsterdam-tours-privados-pie-es","11":"first","12":"instock","13":"shipping-taxable","14":"purchasable","15":"product-type-simple"},"acf":[],"yoast_head":"<!-- This site is optimized with the Yoast SEO Premium plugin v25.3.1 (Yoast SEO v25.3.1) - https:\/\/yoast.com\/wordpress\/plugins\/seo\/ -->\n<title>\u27a1\ufe0f Tour privado desde \u00c1msterdam hasta Keukenhof | Tour Travel &amp; More<\/title>\n<meta name=\"description\" content=\"Visita el campo florido m\u00e1s grande de toda Europa, en un tour privado desde \u00c1msterdam con gu\u00eda privado y coche incluido para descubrir todos los rincones del colorido Keukenhof \u2705\" \/>\n<meta name=\"robots\" content=\"index, follow, max-snippet:-1, max-image-preview:large, max-video-preview:-1\" \/>\n<link rel=\"canonical\" href=\"https:\/\/tourtravelandmore.com\/es\/tours\/paises-bajos-es\/amsterdam-es\/tour-privado-de-los-museos-van-gogh-y-rijksmuseum\/\" \/>\n<meta property=\"og:locale\" content=\"es_ES\" \/>\n<meta property=\"og:type\" content=\"article\" \/>\n<meta property=\"og:title\" content=\"Tour privado de los museos: Van Gogh y Rijksmuseum\" \/>\n<meta property=\"og:description\" content=\"Visita el campo florido m\u00e1s grande de toda Europa, en un tour privado desde \u00c1msterdam con gu\u00eda privado y coche incluido para descubrir todos los rincones del colorido Keukenhof \u2705\" \/>\n<meta property=\"og:url\" content=\"https:\/\/tourtravelandmore.com\/es\/tours\/paises-bajos-es\/amsterdam-es\/tour-privado-de-los-museos-van-gogh-y-rijksmuseum\/\" \/>\n<meta property=\"og:site_name\" content=\"Tour Travel And More\" \/>\n<meta property=\"article:publisher\" content=\"https:\/\/www.facebook.com\/tourtravelandmore\/\" \/>\n<meta property=\"article:modified_time\" content=\"2024-01-12T10:33:36+00:00\" \/>\n<meta property=\"og:image\" content=\"https:\/\/tourtravelandmore.com\/wp-content\/uploads\/2021\/11\/image3.jpg\" \/>\n\t<meta property=\"og:image:width\" content=\"1280\" \/>\n\t<meta property=\"og:image:height\" content=\"803\" \/>\n\t<meta property=\"og:image:type\" content=\"image\/jpeg\" \/>\n<meta name=\"twitter:card\" content=\"summary_large_image\" \/>\n<meta name=\"twitter:site\" content=\"@TourTravel_More\" \/>\n<meta name=\"twitter:label1\" content=\"Tiempo de lectura\" \/>\n\t<meta name=\"twitter:data1\" content=\"4 minutos\" \/>\n<script type=\"application\/ld+json\" class=\"yoast-schema-graph\">{\"@context\":\"https:\/\/schema.org\",\"@graph\":[{\"@type\":\"WebPage\",\"@id\":\"https:\/\/tourtravelandmore.com\/es\/tours\/paises-bajos-es\/amsterdam-es\/tour-privado-de-los-museos-van-gogh-y-rijksmuseum\/\",\"url\":\"https:\/\/tourtravelandmore.com\/es\/tours\/paises-bajos-es\/amsterdam-es\/tour-privado-de-los-museos-van-gogh-y-rijksmuseum\/\",\"name\":\"\u27a1\ufe0f Tour privado desde \u00c1msterdam hasta Keukenhof | Tour Travel & More\",\"isPartOf\":{\"@id\":\"https:\/\/tourtravelandmore.com\/es\/#website\"},\"primaryImageOfPage\":{\"@id\":\"https:\/\/tourtravelandmore.com\/es\/tours\/paises-bajos-es\/amsterdam-es\/tour-privado-de-los-museos-van-gogh-y-rijksmuseum\/#primaryimage\"},\"image\":{\"@id\":\"https:\/\/tourtravelandmore.com\/es\/tours\/paises-bajos-es\/amsterdam-es\/tour-privado-de-los-museos-van-gogh-y-rijksmuseum\/#primaryimage\"},\"thumbnailUrl\":\"https:\/\/tourtravelandmore.com\/wp-content\/uploads\/2021\/11\/image3.jpg\",\"datePublished\":\"2021-11-25T15:20:40+00:00\",\"dateModified\":\"2024-01-12T10:33:36+00:00\",\"description\":\"Visita el campo florido m\u00e1s grande de toda Europa, en un tour privado desde \u00c1msterdam con gu\u00eda privado y coche incluido para descubrir todos los rincones del colorido Keukenhof \u2705\",\"breadcrumb\":{\"@id\":\"https:\/\/tourtravelandmore.com\/es\/tours\/paises-bajos-es\/amsterdam-es\/tour-privado-de-los-museos-van-gogh-y-rijksmuseum\/#breadcrumb\"},\"inLanguage\":\"es\",\"potentialAction\":[{\"@type\":\"ReadAction\",\"target\":[\"https:\/\/tourtravelandmore.com\/es\/tours\/paises-bajos-es\/amsterdam-es\/tour-privado-de-los-museos-van-gogh-y-rijksmuseum\/\"]}]},{\"@type\":\"ImageObject\",\"inLanguage\":\"es\",\"@id\":\"https:\/\/tourtravelandmore.com\/es\/tours\/paises-bajos-es\/amsterdam-es\/tour-privado-de-los-museos-van-gogh-y-rijksmuseum\/#primaryimage\",\"url\":\"https:\/\/tourtravelandmore.com\/wp-content\/uploads\/2021\/11\/image3.jpg\",\"contentUrl\":\"https:\/\/tourtravelandmore.com\/wp-content\/uploads\/2021\/11\/image3.jpg\",\"width\":1280,\"height\":803},{\"@type\":\"BreadcrumbList\",\"@id\":\"https:\/\/tourtravelandmore.com\/es\/tours\/paises-bajos-es\/amsterdam-es\/tour-privado-de-los-museos-van-gogh-y-rijksmuseum\/#breadcrumb\",\"itemListElement\":[{\"@type\":\"ListItem\",\"position\":1,\"name\":\"Home\",\"item\":\"https:\/\/tourtravelandmore.com\/es\/\"},{\"@type\":\"ListItem\",\"position\":2,\"name\":\"Tours\",\"item\":\"https:\/\/tourtravelandmore.com\/es\/tours\/\"},{\"@type\":\"ListItem\",\"position\":3,\"name\":\"Tour privado de los museos: Van Gogh y Rijksmuseum\"}]},{\"@type\":\"WebSite\",\"@id\":\"https:\/\/tourtravelandmore.com\/es\/#website\",\"url\":\"https:\/\/tourtravelandmore.com\/es\/\",\"name\":\"Tour Travel And More\",\"description\":\"Private sightseeing tours and luxury transfers in Spain\",\"publisher\":{\"@id\":\"https:\/\/tourtravelandmore.com\/es\/#organization\"},\"potentialAction\":[{\"@type\":\"SearchAction\",\"target\":{\"@type\":\"EntryPoint\",\"urlTemplate\":\"https:\/\/tourtravelandmore.com\/es\/?s={search_term_string}\"},\"query-input\":{\"@type\":\"PropertyValueSpecification\",\"valueRequired\":true,\"valueName\":\"search_term_string\"}}],\"inLanguage\":\"es\"},{\"@type\":\"Organization\",\"@id\":\"https:\/\/tourtravelandmore.com\/es\/#organization\",\"name\":\"Tour Travel And More\",\"url\":\"https:\/\/tourtravelandmore.com\/es\/\",\"logo\":{\"@type\":\"ImageObject\",\"inLanguage\":\"es\",\"@id\":\"https:\/\/tourtravelandmore.com\/es\/#\/schema\/logo\/image\/\",\"url\":\"https:\/\/tourtravelandmore.com\/wp-content\/uploads\/2022\/12\/cropped-logo-cabecera-new.png\",\"contentUrl\":\"https:\/\/tourtravelandmore.com\/wp-content\/uploads\/2022\/12\/cropped-logo-cabecera-new.png\",\"width\":430,\"height\":61,\"caption\":\"Tour Travel And More\"},\"image\":{\"@id\":\"https:\/\/tourtravelandmore.com\/es\/#\/schema\/logo\/image\/\"},\"sameAs\":[\"https:\/\/www.facebook.com\/tourtravelandmore\/\",\"https:\/\/x.com\/TourTravel_More\"]}]}<\/script>\n<!-- \/ Yoast SEO Premium plugin. -->","yoast_head_json":{"title":"\u27a1\ufe0f Tour privado desde \u00c1msterdam hasta Keukenhof | Tour Travel & More","description":"Visita el campo florido m\u00e1s grande de toda Europa, en un tour privado desde \u00c1msterdam con gu\u00eda privado y coche incluido para descubrir todos los rincones del colorido Keukenhof \u2705","robots":{"index":"index","follow":"follow","max-snippet":"max-snippet:-1","max-image-preview":"max-image-preview:large","max-video-preview":"max-video-preview:-1"},"canonical":"https:\/\/tourtravelandmore.com\/es\/tours\/paises-bajos-es\/amsterdam-es\/tour-privado-de-los-museos-van-gogh-y-rijksmuseum\/","og_locale":"es_ES","og_type":"article","og_title":"Tour privado de los museos: Van Gogh y Rijksmuseum","og_description":"Visita el campo florido m\u00e1s grande de toda Europa, en un tour privado desde \u00c1msterdam con gu\u00eda privado y coche incluido para descubrir todos los rincones del colorido Keukenhof \u2705","og_url":"https:\/\/tourtravelandmore.com\/es\/tours\/paises-bajos-es\/amsterdam-es\/tour-privado-de-los-museos-van-gogh-y-rijksmuseum\/","og_site_name":"Tour Travel And More","article_publisher":"https:\/\/www.facebook.com\/tourtravelandmore\/","article_modified_time":"2024-01-12T10:33:36+00:00","og_image":[{"width":1280,"height":803,"url":"https:\/\/tourtravelandmore.com\/wp-content\/uploads\/2021\/11\/image3.jpg","type":"image\/jpeg"}],"twitter_card":"summary_large_image","twitter_site":"@TourTravel_More","twitter_misc":{"Tiempo de lectura":"4 minutos"},"schema":{"@context":"https:\/\/schema.org","@graph":[{"@type":"WebPage","@id":"https:\/\/tourtravelandmore.com\/es\/tours\/paises-bajos-es\/amsterdam-es\/tour-privado-de-los-museos-van-gogh-y-rijksmuseum\/","url":"https:\/\/tourtravelandmore.com\/es\/tours\/paises-bajos-es\/amsterdam-es\/tour-privado-de-los-museos-van-gogh-y-rijksmuseum\/","name":"\u27a1\ufe0f Tour privado desde \u00c1msterdam hasta Keukenhof | Tour Travel & More","isPartOf":{"@id":"https:\/\/tourtravelandmore.com\/es\/#website"},"primaryImageOfPage":{"@id":"https:\/\/tourtravelandmore.com\/es\/tours\/paises-bajos-es\/amsterdam-es\/tour-privado-de-los-museos-van-gogh-y-rijksmuseum\/#primaryimage"},"image":{"@id":"https:\/\/tourtravelandmore.com\/es\/tours\/paises-bajos-es\/amsterdam-es\/tour-privado-de-los-museos-van-gogh-y-rijksmuseum\/#primaryimage"},"thumbnailUrl":"https:\/\/tourtravelandmore.com\/wp-content\/uploads\/2021\/11\/image3.jpg","datePublished":"2021-11-25T15:20:40+00:00","dateModified":"2024-01-12T10:33:36+00:00","description":"Visita el campo florido m\u00e1s grande de toda Europa, en un tour privado desde \u00c1msterdam con gu\u00eda privado y coche incluido para descubrir todos los rincones del colorido Keukenhof \u2705","breadcrumb":{"@id":"https:\/\/tourtravelandmore.com\/es\/tours\/paises-bajos-es\/amsterdam-es\/tour-privado-de-los-museos-van-gogh-y-rijksmuseum\/#breadcrumb"},"inLanguage":"es","potentialAction":[{"@type":"ReadAction","target":["https:\/\/tourtravelandmore.com\/es\/tours\/paises-bajos-es\/amsterdam-es\/tour-privado-de-los-museos-van-gogh-y-rijksmuseum\/"]}]},{"@type":"ImageObject","inLanguage":"es","@id":"https:\/\/tourtravelandmore.com\/es\/tours\/paises-bajos-es\/amsterdam-es\/tour-privado-de-los-museos-van-gogh-y-rijksmuseum\/#primaryimage","url":"https:\/\/tourtravelandmore.com\/wp-content\/uploads\/2021\/11\/image3.jpg","contentUrl":"https:\/\/tourtravelandmore.com\/wp-content\/uploads\/2021\/11\/image3.jpg","width":1280,"height":803},{"@type":"BreadcrumbList","@id":"https:\/\/tourtravelandmore.com\/es\/tours\/paises-bajos-es\/amsterdam-es\/tour-privado-de-los-museos-van-gogh-y-rijksmuseum\/#breadcrumb","itemListElement":[{"@type":"ListItem","position":1,"name":"Home","item":"https:\/\/tourtravelandmore.com\/es\/"},{"@type":"ListItem","position":2,"name":"Tours","item":"https:\/\/tourtravelandmore.com\/es\/tours\/"},{"@type":"ListItem","position":3,"name":"Tour privado de los museos: Van Gogh y Rijksmuseum"}]},{"@type":"WebSite","@id":"https:\/\/tourtravelandmore.com\/es\/#website","url":"https:\/\/tourtravelandmore.com\/es\/","name":"Tour Travel And More","description":"Private sightseeing tours and luxury transfers in Spain","publisher":{"@id":"https:\/\/tourtravelandmore.com\/es\/#organization"},"potentialAction":[{"@type":"SearchAction","target":{"@type":"EntryPoint","urlTemplate":"https:\/\/tourtravelandmore.com\/es\/?s={search_term_string}"},"query-input":{"@type":"PropertyValueSpecification","valueRequired":true,"valueName":"search_term_string"}}],"inLanguage":"es"},{"@type":"Organization","@id":"https:\/\/tourtravelandmore.com\/es\/#organization","name":"Tour Travel And More","url":"https:\/\/tourtravelandmore.com\/es\/","logo":{"@type":"ImageObject","inLanguage":"es","@id":"https:\/\/tourtravelandmore.com\/es\/#\/schema\/logo\/image\/","url":"https:\/\/tourtravelandmore.com\/wp-content\/uploads\/2022\/12\/cropped-logo-cabecera-new.png","contentUrl":"https:\/\/tourtravelandmore.com\/wp-content\/uploads\/2022\/12\/cropped-logo-cabecera-new.png","width":430,"height":61,"caption":"Tour Travel And More"},"image":{"@id":"https:\/\/tourtravelandmore.com\/es\/#\/schema\/logo\/image\/"},"sameAs":["https:\/\/www.facebook.com\/tourtravelandmore\/","https:\/\/x.com\/TourTravel_More"]}]}},"_links":{"self":[{"href":"https:\/\/tourtravelandmore.com\/es\/wp-json\/wp\/v2\/product\/114063","targetHints":{"allow":["GET"]}}],"collection":[{"href":"https:\/\/tourtravelandmore.com\/es\/wp-json\/wp\/v2\/product"}],"about":[{"href":"https:\/\/tourtravelandmore.com\/es\/wp-json\/wp\/v2\/types\/product"}],"replies":[{"embeddable":true,"href":"https:\/\/tourtravelandmore.com\/es\/wp-json\/wp\/v2\/comments?post=114063"}],"wp:featuredmedia":[{"embeddable":true,"href":"https:\/\/tourtravelandmore.com\/es\/wp-json\/wp\/v2\/media\/114123"}],"wp:attachment":[{"href":"https:\/\/tourtravelandmore.com\/es\/wp-json\/wp\/v2\/media?parent=114063"}],"wp:term":[{"taxonomy":"product_brand","embeddable":true,"href":"https:\/\/tourtravelandmore.com\/es\/wp-json\/wp\/v2\/product_brand?post=114063"},{"taxonomy":"product_cat","embeddable":true,"href":"https:\/\/tourtravelandmore.com\/es\/wp-json\/wp\/v2\/product_cat?post=114063"},{"taxonomy":"product_tag","embeddable":true,"href":"https:\/\/tourtravelandmore.com\/es\/wp-json\/wp\/v2\/product_tag?post=114063"}],"curies":[{"name":"wp","href":"https:\/\/api.w.org\/{rel}","templated":true}]}}