{"id":114052,"date":"2021-11-25T15:52:28","date_gmt":"2021-11-25T14:52:28","guid":{"rendered":"https:\/\/tourtravelandmore.com\/tours\/sin%20categor\u00eda\/tour-privado-a-keukenhof-desde-amsterdam\/"},"modified":"2024-01-12T11:47:14","modified_gmt":"2024-01-12T10:47:14","slug":"tour-privado-a-keukenhof-desde-amsterdam","status":"publish","type":"product","link":"https:\/\/tourtravelandmore.com\/es\/tours\/paises-bajos-es\/amsterdam-es\/tour-privado-a-keukenhof-desde-amsterdam\/","title":{"rendered":"Tour privado a Keukenhof desde \u00c1msterdam"},"content":{"rendered":"<h2><strong>Descripci\u00f3n Tour privado a Keukenhof desde \u00c1msterdam<\/strong><\/h2>\n<p><span style=\"font-weight: 400;\">Entre las localidades de Hillegom y Lisse, se encuentra <\/span><b>el majestuoso campo florido de Keukenhof<\/b><span style=\"font-weight: 400;\">, conocido como el m\u00e1s grande de toda Europa. <\/span><span style=\"font-weight: 400;\">El parque Keukenhof consta de 32 hect\u00e1reas llenas de inmensos jardines de tulipanes, narcisos, jacintos, rosas, claveles, lirios y muchas otras flores.\u00a0<\/span><span style=\"font-weight: 400;\">Pero, indudablemente, los que roban todas las miradas son los emblem\u00e1ticos tulipanes, la flor que representa a Holanda.<\/span><\/p>\n<p><span style=\"font-weight: 400;\">En nuestro tour privado a Keukenhof desde \u00c1msterdam, quedar\u00e1s maravillado con este hermoso complejo.\u00a0<\/span><\/p>\n<p><span style=\"font-weight: 400;\">Ver\u00e1s lagos, molinos antiguos y muchos corredores a trav\u00e9s de una gran variedad de campos llenos de colores y aromas que enamoran.\u00a0<\/span><span style=\"font-weight: 400;\">Saldremos en un coche privado desde el sitio y a la hora que nos indiques, para llegar al campo Keukenhof, el cual se encuentra ubicado muy cerca de \u00c1msterdam.\u00a0 <\/span><span style=\"font-weight: 400;\">En el recorrido, <\/span><b>estar\u00e1s acompa\u00f1ado por un gu\u00eda experto<\/b><span style=\"font-weight: 400;\"> para que no pierdas detalle de todos los rincones de esta fant\u00e1stico para\u00edso.\u00a0<\/span><\/p>\n<p><strong>Todo <\/strong><b>ser\u00e1 a tu ritmo y tomando en cuenta tus necesidades e intereses<\/b><span style=\"font-weight: 400;\">.\u00a0<\/span><\/p>\n<p><span style=\"font-weight: 400;\">De esta forma, conocer\u00e1s la historia de este parque que, desde 1949, alberga las m\u00e1s bellas e incre\u00edbles exposiciones tem\u00e1ticas que presentan los cultivadores y productores de la regi\u00f3n.\u00a0<\/span><span style=\"font-weight: 400;\">Esto hace que cada a\u00f1o se escoja un tema espec\u00edfico para elaborar un gran mosaico aleg\u00f3rico, y t\u00fa sabr\u00e1s cu\u00e1l ser\u00e1 la representaci\u00f3n central.\u00a0<\/span><span style=\"font-weight: 400;\">Ser\u00e1 un magn\u00edfico paseo guiado de 5 horas, en el que tambi\u00e9n tendr\u00e1s tiempo libre para recorrer los pabellones a tu gusto, si as\u00ed lo deseas.\u00a0<\/span><span style=\"font-weight: 400;\">Sabemos que quedar\u00e1s seducido por el inolvidable espect\u00e1culo de perfumes y colores que encontrar\u00e1s en cada uno de sus rincones.<\/span><\/p>\n<h2><strong>Puntos de inter\u00e9s de nuestro tour privado<\/strong><\/h2>\n<p><b>El parque Keukenhof se divide en distintos pabellones<\/b><span style=\"font-weight: 400;\"> que se corresponden con los nombres de la familia real neerlandesa. En funcion a ello, el campo se subdivide en 4 grandes zonas.\u00a0\u00a0<\/span><span style=\"font-weight: 400;\">Con nuestro tour privado a Keukenhof desde \u00c1msterdam, tendr\u00e1s la maravillosa oportunidad de conocer cada uno de ellos, para admirar de cerca las impresionantes colecciones de tulipanes y de distintas flores que adornan cada parte del terreno.\u00a0<\/span><\/p>\n<p><b>El recorrido inicia desde \u00c1msterdam<\/b><span style=\"font-weight: 400;\">. No ser\u00e1 solo un paseo m\u00e1s, sino que ir\u00e1s con un gu\u00eda experto que te hablar\u00e1 de la historia de Keukenhof, de sus imponentes colecciones anuales de tulipanes y de c\u00f3mo este sitio se convirti\u00f3 en el jard\u00edn m\u00e1s importante de Europa.\u00a0<\/span><\/p>\n<p><span style=\"font-weight: 400;\">De la misma forma, haremos un paseo por los campos de tulipanes que est\u00e1n alrededor de Keukenhof.\u00a0<\/span><\/p>\n<p><span style=\"font-weight: 400;\">Podr\u00e1s tomar todas las fotograf\u00edas que quieras, para que nunca olvides tu excursi\u00f3n por uno de los jardines m\u00e1s grandes del mundo.\u00a0\u00a0<\/span><span style=\"font-weight: 400;\">Los tulipanes son la radiante pieza central de la excursi\u00f3n guiada. De hecho, cada a\u00f1o en este parque se siembran m\u00e1s de 7.000 bulbos a mano, para mantener el colorido permanente de los campos.\u00a0<\/span><span style=\"font-weight: 400;\">Por la enorme belleza que irradia el Keukenhof, anualmente recibe la visita de millones de turistas, quienes quedan extasiados con este para\u00edso terrenal.\u00a0 No te pierdas la oportunidad de ser parte de este grupo, para conocer una de las atracciones m\u00e1s hermosas de los Pa\u00edses Bajos.\u00a0<\/span><\/p>\n<p><span style=\"font-weight: 400;\">Al regresar a \u00c1msterdam, te recomendamos que completes tu visita tur\u00edstica con el t<\/span><a href=\"https:\/\/tourtravelandmore.com\/es\/ciudad\/paises-bajos-es\/\"><span style=\"font-weight: 400;\">our privado en bici por \u00c1msterdam<\/span><\/a><span style=\"font-weight: 400;\">. De esta manera, conocer\u00e1s a fondo la ciudad de una manera divertida y entretenida.\u00a0<\/span><\/p>\n","protected":false},"excerpt":{"rendered":"<p><span style=\"font-weight: 400;\">Avent\u00farate a conocer el campo florido m\u00e1s grande de Europa en nuestro <\/span><b>tour privado a Keukenhof desde \u00c1msterdam<\/b><span style=\"font-weight: 400;\">. Aparta un d\u00eda en el calendario para descubrir la magia de la naturaleza al visitar estos imponentes paisajes de tulipanes, narcisos, rosas, claveles y muchas otras flores m\u00e1s. El recorrido se har\u00e1 en un coche privado mientras te acompa\u00f1a un gu\u00eda para ayudarte a descubrir\u00a0 todos los rincones de este para\u00edso.\u00a0 <\/span><\/p>\n","protected":false},"featured_media":114034,"comment_status":"open","ping_status":"closed","template":"","meta":{"_acf_changed":false},"product_brand":[],"product_cat":[1600,975,976,977],"product_tag":[],"class_list":{"0":"post-114052","1":"product","2":"type-product","3":"status-publish","4":"has-post-thumbnail","6":"product_cat-paises-bajos-es","7":"product_cat-amsterdam-es","8":"product_cat-amsterdam-actividades-es","9":"product_cat-amsterdam-rutas-turisticas-privadas-es","11":"first","12":"instock","13":"shipping-taxable","14":"purchasable","15":"product-type-simple"},"acf":[],"yoast_head":"<!-- This site is optimized with the Yoast SEO Premium plugin v25.3.1 (Yoast SEO v25.3.1) - https:\/\/yoast.com\/wordpress\/plugins\/seo\/ -->\n<title>\u27a1\ufe0f Tour privado desde \u00c1msterdam hasta Keukenhof con gu\u00eda privado y coche incluido | Tour Travel &amp; More<\/title>\n<meta name=\"description\" content=\"Visita el campo florido m\u00e1s grande de toda Europa, en un tour privado desde \u00c1msterdam con gu\u00eda privado y coche incluido para descubrir todos los rincones del colorido Keukenhof \u2705\" \/>\n<meta name=\"robots\" content=\"index, follow, max-snippet:-1, max-image-preview:large, max-video-preview:-1\" \/>\n<link rel=\"canonical\" href=\"https:\/\/tourtravelandmore.com\/es\/tours\/paises-bajos-es\/amsterdam-es\/tour-privado-a-keukenhof-desde-amsterdam\/\" \/>\n<meta property=\"og:locale\" content=\"es_ES\" \/>\n<meta property=\"og:type\" content=\"article\" \/>\n<meta property=\"og:title\" content=\"Tour privado a Keukenhof desde \u00c1msterdam\" \/>\n<meta property=\"og:description\" content=\"Visita el campo florido m\u00e1s grande de toda Europa, en un tour privado desde \u00c1msterdam con gu\u00eda privado y coche incluido para descubrir todos los rincones del colorido Keukenhof \u2705\" \/>\n<meta property=\"og:url\" content=\"https:\/\/tourtravelandmore.com\/es\/tours\/paises-bajos-es\/amsterdam-es\/tour-privado-a-keukenhof-desde-amsterdam\/\" \/>\n<meta property=\"og:site_name\" content=\"Tour Travel And More\" \/>\n<meta property=\"article:publisher\" content=\"https:\/\/www.facebook.com\/tourtravelandmore\/\" \/>\n<meta property=\"article:modified_time\" content=\"2024-01-12T10:47:14+00:00\" \/>\n<meta property=\"og:image\" content=\"https:\/\/tourtravelandmore.com\/wp-content\/uploads\/2021\/11\/image35.jpg\" \/>\n\t<meta property=\"og:image:width\" content=\"960\" \/>\n\t<meta property=\"og:image:height\" content=\"640\" \/>\n\t<meta property=\"og:image:type\" content=\"image\/jpeg\" \/>\n<meta name=\"twitter:card\" content=\"summary_large_image\" \/>\n<meta name=\"twitter:site\" content=\"@TourTravel_More\" \/>\n<meta name=\"twitter:label1\" content=\"Tiempo de lectura\" \/>\n\t<meta name=\"twitter:data1\" content=\"3 minutos\" \/>\n<script type=\"application\/ld+json\" class=\"yoast-schema-graph\">{\"@context\":\"https:\/\/schema.org\",\"@graph\":[{\"@type\":\"WebPage\",\"@id\":\"https:\/\/tourtravelandmore.com\/es\/tours\/paises-bajos-es\/amsterdam-es\/tour-privado-a-keukenhof-desde-amsterdam\/\",\"url\":\"https:\/\/tourtravelandmore.com\/es\/tours\/paises-bajos-es\/amsterdam-es\/tour-privado-a-keukenhof-desde-amsterdam\/\",\"name\":\"\u27a1\ufe0f Tour privado desde \u00c1msterdam hasta Keukenhof con gu\u00eda privado y coche incluido | Tour Travel & More\",\"isPartOf\":{\"@id\":\"https:\/\/tourtravelandmore.com\/es\/#website\"},\"primaryImageOfPage\":{\"@id\":\"https:\/\/tourtravelandmore.com\/es\/tours\/paises-bajos-es\/amsterdam-es\/tour-privado-a-keukenhof-desde-amsterdam\/#primaryimage\"},\"image\":{\"@id\":\"https:\/\/tourtravelandmore.com\/es\/tours\/paises-bajos-es\/amsterdam-es\/tour-privado-a-keukenhof-desde-amsterdam\/#primaryimage\"},\"thumbnailUrl\":\"https:\/\/tourtravelandmore.com\/wp-content\/uploads\/2021\/11\/image35.jpg\",\"datePublished\":\"2021-11-25T14:52:28+00:00\",\"dateModified\":\"2024-01-12T10:47:14+00:00\",\"description\":\"Visita el campo florido m\u00e1s grande de toda Europa, en un tour privado desde \u00c1msterdam con gu\u00eda privado y coche incluido para descubrir todos los rincones del colorido Keukenhof \u2705\",\"breadcrumb\":{\"@id\":\"https:\/\/tourtravelandmore.com\/es\/tours\/paises-bajos-es\/amsterdam-es\/tour-privado-a-keukenhof-desde-amsterdam\/#breadcrumb\"},\"inLanguage\":\"es\",\"potentialAction\":[{\"@type\":\"ReadAction\",\"target\":[\"https:\/\/tourtravelandmore.com\/es\/tours\/paises-bajos-es\/amsterdam-es\/tour-privado-a-keukenhof-desde-amsterdam\/\"]}]},{\"@type\":\"ImageObject\",\"inLanguage\":\"es\",\"@id\":\"https:\/\/tourtravelandmore.com\/es\/tours\/paises-bajos-es\/amsterdam-es\/tour-privado-a-keukenhof-desde-amsterdam\/#primaryimage\",\"url\":\"https:\/\/tourtravelandmore.com\/wp-content\/uploads\/2021\/11\/image35.jpg\",\"contentUrl\":\"https:\/\/tourtravelandmore.com\/wp-content\/uploads\/2021\/11\/image35.jpg\",\"width\":960,\"height\":640},{\"@type\":\"BreadcrumbList\",\"@id\":\"https:\/\/tourtravelandmore.com\/es\/tours\/paises-bajos-es\/amsterdam-es\/tour-privado-a-keukenhof-desde-amsterdam\/#breadcrumb\",\"itemListElement\":[{\"@type\":\"ListItem\",\"position\":1,\"name\":\"Home\",\"item\":\"https:\/\/tourtravelandmore.com\/es\/\"},{\"@type\":\"ListItem\",\"position\":2,\"name\":\"Tours\",\"item\":\"https:\/\/tourtravelandmore.com\/es\/tours\/\"},{\"@type\":\"ListItem\",\"position\":3,\"name\":\"Tour privado a Keukenhof desde \u00c1msterdam\"}]},{\"@type\":\"WebSite\",\"@id\":\"https:\/\/tourtravelandmore.com\/es\/#website\",\"url\":\"https:\/\/tourtravelandmore.com\/es\/\",\"name\":\"Tour Travel And More\",\"description\":\"Private sightseeing tours and luxury transfers in Spain\",\"publisher\":{\"@id\":\"https:\/\/tourtravelandmore.com\/es\/#organization\"},\"potentialAction\":[{\"@type\":\"SearchAction\",\"target\":{\"@type\":\"EntryPoint\",\"urlTemplate\":\"https:\/\/tourtravelandmore.com\/es\/?s={search_term_string}\"},\"query-input\":{\"@type\":\"PropertyValueSpecification\",\"valueRequired\":true,\"valueName\":\"search_term_string\"}}],\"inLanguage\":\"es\"},{\"@type\":\"Organization\",\"@id\":\"https:\/\/tourtravelandmore.com\/es\/#organization\",\"name\":\"Tour Travel And More\",\"url\":\"https:\/\/tourtravelandmore.com\/es\/\",\"logo\":{\"@type\":\"ImageObject\",\"inLanguage\":\"es\",\"@id\":\"https:\/\/tourtravelandmore.com\/es\/#\/schema\/logo\/image\/\",\"url\":\"https:\/\/tourtravelandmore.com\/wp-content\/uploads\/2022\/12\/cropped-logo-cabecera-new.png\",\"contentUrl\":\"https:\/\/tourtravelandmore.com\/wp-content\/uploads\/2022\/12\/cropped-logo-cabecera-new.png\",\"width\":430,\"height\":61,\"caption\":\"Tour Travel And More\"},\"image\":{\"@id\":\"https:\/\/tourtravelandmore.com\/es\/#\/schema\/logo\/image\/\"},\"sameAs\":[\"https:\/\/www.facebook.com\/tourtravelandmore\/\",\"https:\/\/x.com\/TourTravel_More\"]}]}<\/script>\n<!-- \/ Yoast SEO Premium plugin. -->","yoast_head_json":{"title":"\u27a1\ufe0f Tour privado desde \u00c1msterdam hasta Keukenhof con gu\u00eda privado y coche incluido | Tour Travel & More","description":"Visita el campo florido m\u00e1s grande de toda Europa, en un tour privado desde \u00c1msterdam con gu\u00eda privado y coche incluido para descubrir todos los rincones del colorido Keukenhof \u2705","robots":{"index":"index","follow":"follow","max-snippet":"max-snippet:-1","max-image-preview":"max-image-preview:large","max-video-preview":"max-video-preview:-1"},"canonical":"https:\/\/tourtravelandmore.com\/es\/tours\/paises-bajos-es\/amsterdam-es\/tour-privado-a-keukenhof-desde-amsterdam\/","og_locale":"es_ES","og_type":"article","og_title":"Tour privado a Keukenhof desde \u00c1msterdam","og_description":"Visita el campo florido m\u00e1s grande de toda Europa, en un tour privado desde \u00c1msterdam con gu\u00eda privado y coche incluido para descubrir todos los rincones del colorido Keukenhof \u2705","og_url":"https:\/\/tourtravelandmore.com\/es\/tours\/paises-bajos-es\/amsterdam-es\/tour-privado-a-keukenhof-desde-amsterdam\/","og_site_name":"Tour Travel And More","article_publisher":"https:\/\/www.facebook.com\/tourtravelandmore\/","article_modified_time":"2024-01-12T10:47:14+00:00","og_image":[{"width":960,"height":640,"url":"https:\/\/tourtravelandmore.com\/wp-content\/uploads\/2021\/11\/image35.jpg","type":"image\/jpeg"}],"twitter_card":"summary_large_image","twitter_site":"@TourTravel_More","twitter_misc":{"Tiempo de lectura":"3 minutos"},"schema":{"@context":"https:\/\/schema.org","@graph":[{"@type":"WebPage","@id":"https:\/\/tourtravelandmore.com\/es\/tours\/paises-bajos-es\/amsterdam-es\/tour-privado-a-keukenhof-desde-amsterdam\/","url":"https:\/\/tourtravelandmore.com\/es\/tours\/paises-bajos-es\/amsterdam-es\/tour-privado-a-keukenhof-desde-amsterdam\/","name":"\u27a1\ufe0f Tour privado desde \u00c1msterdam hasta Keukenhof con gu\u00eda privado y coche incluido | Tour Travel & More","isPartOf":{"@id":"https:\/\/tourtravelandmore.com\/es\/#website"},"primaryImageOfPage":{"@id":"https:\/\/tourtravelandmore.com\/es\/tours\/paises-bajos-es\/amsterdam-es\/tour-privado-a-keukenhof-desde-amsterdam\/#primaryimage"},"image":{"@id":"https:\/\/tourtravelandmore.com\/es\/tours\/paises-bajos-es\/amsterdam-es\/tour-privado-a-keukenhof-desde-amsterdam\/#primaryimage"},"thumbnailUrl":"https:\/\/tourtravelandmore.com\/wp-content\/uploads\/2021\/11\/image35.jpg","datePublished":"2021-11-25T14:52:28+00:00","dateModified":"2024-01-12T10:47:14+00:00","description":"Visita el campo florido m\u00e1s grande de toda Europa, en un tour privado desde \u00c1msterdam con gu\u00eda privado y coche incluido para descubrir todos los rincones del colorido Keukenhof \u2705","breadcrumb":{"@id":"https:\/\/tourtravelandmore.com\/es\/tours\/paises-bajos-es\/amsterdam-es\/tour-privado-a-keukenhof-desde-amsterdam\/#breadcrumb"},"inLanguage":"es","potentialAction":[{"@type":"ReadAction","target":["https:\/\/tourtravelandmore.com\/es\/tours\/paises-bajos-es\/amsterdam-es\/tour-privado-a-keukenhof-desde-amsterdam\/"]}]},{"@type":"ImageObject","inLanguage":"es","@id":"https:\/\/tourtravelandmore.com\/es\/tours\/paises-bajos-es\/amsterdam-es\/tour-privado-a-keukenhof-desde-amsterdam\/#primaryimage","url":"https:\/\/tourtravelandmore.com\/wp-content\/uploads\/2021\/11\/image35.jpg","contentUrl":"https:\/\/tourtravelandmore.com\/wp-content\/uploads\/2021\/11\/image35.jpg","width":960,"height":640},{"@type":"BreadcrumbList","@id":"https:\/\/tourtravelandmore.com\/es\/tours\/paises-bajos-es\/amsterdam-es\/tour-privado-a-keukenhof-desde-amsterdam\/#breadcrumb","itemListElement":[{"@type":"ListItem","position":1,"name":"Home","item":"https:\/\/tourtravelandmore.com\/es\/"},{"@type":"ListItem","position":2,"name":"Tours","item":"https:\/\/tourtravelandmore.com\/es\/tours\/"},{"@type":"ListItem","position":3,"name":"Tour privado a Keukenhof desde \u00c1msterdam"}]},{"@type":"WebSite","@id":"https:\/\/tourtravelandmore.com\/es\/#website","url":"https:\/\/tourtravelandmore.com\/es\/","name":"Tour Travel And More","description":"Private sightseeing tours and luxury transfers in Spain","publisher":{"@id":"https:\/\/tourtravelandmore.com\/es\/#organization"},"potentialAction":[{"@type":"SearchAction","target":{"@type":"EntryPoint","urlTemplate":"https:\/\/tourtravelandmore.com\/es\/?s={search_term_string}"},"query-input":{"@type":"PropertyValueSpecification","valueRequired":true,"valueName":"search_term_string"}}],"inLanguage":"es"},{"@type":"Organization","@id":"https:\/\/tourtravelandmore.com\/es\/#organization","name":"Tour Travel And More","url":"https:\/\/tourtravelandmore.com\/es\/","logo":{"@type":"ImageObject","inLanguage":"es","@id":"https:\/\/tourtravelandmore.com\/es\/#\/schema\/logo\/image\/","url":"https:\/\/tourtravelandmore.com\/wp-content\/uploads\/2022\/12\/cropped-logo-cabecera-new.png","contentUrl":"https:\/\/tourtravelandmore.com\/wp-content\/uploads\/2022\/12\/cropped-logo-cabecera-new.png","width":430,"height":61,"caption":"Tour Travel And More"},"image":{"@id":"https:\/\/tourtravelandmore.com\/es\/#\/schema\/logo\/image\/"},"sameAs":["https:\/\/www.facebook.com\/tourtravelandmore\/","https:\/\/x.com\/TourTravel_More"]}]}},"_links":{"self":[{"href":"https:\/\/tourtravelandmore.com\/es\/wp-json\/wp\/v2\/product\/114052","targetHints":{"allow":["GET"]}}],"collection":[{"href":"https:\/\/tourtravelandmore.com\/es\/wp-json\/wp\/v2\/product"}],"about":[{"href":"https:\/\/tourtravelandmore.com\/es\/wp-json\/wp\/v2\/types\/product"}],"replies":[{"embeddable":true,"href":"https:\/\/tourtravelandmore.com\/es\/wp-json\/wp\/v2\/comments?post=114052"}],"wp:featuredmedia":[{"embeddable":true,"href":"https:\/\/tourtravelandmore.com\/es\/wp-json\/wp\/v2\/media\/114034"}],"wp:attachment":[{"href":"https:\/\/tourtravelandmore.com\/es\/wp-json\/wp\/v2\/media?parent=114052"}],"wp:term":[{"taxonomy":"product_brand","embeddable":true,"href":"https:\/\/tourtravelandmore.com\/es\/wp-json\/wp\/v2\/product_brand?post=114052"},{"taxonomy":"product_cat","embeddable":true,"href":"https:\/\/tourtravelandmore.com\/es\/wp-json\/wp\/v2\/product_cat?post=114052"},{"taxonomy":"product_tag","embeddable":true,"href":"https:\/\/tourtravelandmore.com\/es\/wp-json\/wp\/v2\/product_tag?post=114052"}],"curies":[{"name":"wp","href":"https:\/\/api.w.org\/{rel}","templated":true}]}}