{"id":113970,"date":"2021-11-22T16:56:47","date_gmt":"2021-11-22T15:56:47","guid":{"rendered":"https:\/\/tourtravelandmore.com\/tours\/sin%20categor\u00eda\/tour-privado-por-el-barrio-judio-de-amsterdam\/"},"modified":"2024-01-12T11:39:52","modified_gmt":"2024-01-12T10:39:52","slug":"tour-privado-por-el-barrio-judio-de-amsterdam","status":"publish","type":"product","link":"https:\/\/tourtravelandmore.com\/es\/tours\/paises-bajos-es\/amsterdam-es\/tour-privado-por-el-barrio-judio-de-amsterdam\/","title":{"rendered":"Tour Privado por el Barrio Jud\u00edo de \u00c1msterdam"},"content":{"rendered":"<h2><strong>Descripci\u00f3n del tour privado por el Barrio Jud\u00edo<\/strong><\/h2>\n<p><span style=\"font-weight: 400;\">\u00c1msterdam es una ciudad que siempre se ha considerado como la Jerusal\u00e9n europea, ya que desde tiempos antiguos le ha permitido a sus habitantes expresar su afinidad por el culto.<\/span><\/p>\n<p><span style=\"font-weight: 400;\">Por eso, desde mediados del siglo XVI, una gran parte de la poblaci\u00f3n jud\u00eda se estableci\u00f3 en esta metr\u00f3poli, formando as\u00ed lo que hoy se conoce como el Barrio Cultural Jud\u00edo de \u00c1msterdam.<\/span><\/p>\n<p><span style=\"font-weight: 400;\">Este hist\u00f3rico barrio tambi\u00e9n sirvi\u00f3 como hogar para muchos jud\u00edos que hu\u00edan de los Nazis en la Segunda Guerra Mundial.\u00a0<\/span><\/p>\n<p><span style=\"font-weight: 400;\">As\u00ed que con nuestro <\/span><b>Tour privado<\/b><span style=\"font-weight: 400;\"> disfrutar\u00e1s de una visita guiada por el emblem\u00e1tico <\/span><b>Barrio Jud\u00edo de \u00c1msterdam<\/b><span style=\"font-weight: 400;\">. Al mismo tiempo, dispondr\u00e1s de un gu\u00eda experto (de habla ingl\u00e9s o espa\u00f1ol) que se encargar\u00e1 de mostrarte los lugares m\u00e1s representativos e hist\u00f3ricos de la zona.\u00a0<\/span><\/p>\n<p><span style=\"font-weight: 400;\">De esta manera, conocer\u00e1s toda su historia y la gran influencia que tuvo la comunidad jud\u00eda en la vida de la ciudad.<\/span><\/p>\n<p><span style=\"font-weight: 400;\">El Tour tiene una duraci\u00f3n de 2 horas. En el recorrido<\/span><b> ir\u00e1s acompa\u00f1ado por un gu\u00eda; quien se ajustar\u00e1 a tu ritmo, necesidades e intereses.<\/b><\/p>\n<p><span style=\"font-weight: 400;\">La idea es que no pierdas ning\u00fan detalle de todos los sitios hist\u00f3ricos de este barrio, el cual es una referencia hist\u00f3rica de la comunidad jud\u00eda en todo el mundo.<\/span><\/p>\n<p><span style=\"font-weight: 400;\">El gu\u00eda privado te explicar\u00e1 c\u00f3mo fue la llegada de la <\/span><b>comunidad jud\u00eda<\/b><span style=\"font-weight: 400;\">, as\u00ed como el tema de la resistencia y la deportaci\u00f3n a los campos de concentraci\u00f3n durante la <\/span><span style=\"font-weight: 400;\"><b>Segunda Guerra Mundial<\/b><\/span><span style=\"font-weight: 400;\">, entre muchos otros datos hist\u00f3ricos.<\/span><\/p>\n<p><span style=\"font-weight: 400;\">Al recorrer el antiguo barrio jud\u00edo, podr\u00e1s ver de cerca la herencia de las comunidades askenazis y sefard\u00edes.<\/span><\/p>\n<p><span style=\"font-weight: 400;\">Asimismo, en el <\/span><b>recorrido a pie<\/b><span style=\"font-weight: 400;\"> tendr\u00e1s la oportunidad de tomar todas las fotograf\u00edas que desees para obtener recuerdos de tu viaje. Ya ver\u00e1s que ser\u00e1 un tour cargado de mucha historia y de momentos inolvidables.<\/span><\/p>\n<h2><b>Puntos de inter\u00e9s en nuestro tour privado<\/b><\/h2>\n<p><span style=\"font-weight: 400;\">\u00a0<\/span><span style=\"font-weight: 400;\">En la actualidad, el Barrio Jud\u00edo de \u00c1msterdam es un punto de referencia cultural muy importante en toda Europa, al cual se puede acceder con facilidad desde distintos puntos de la ciudad, incluso usando el transporte p\u00fablico.<\/span><\/p>\n<p><span style=\"font-weight: 400;\">En nuestro Tour caminar\u00e1s por una de <\/span><b>las zonas m\u00e1s bonitas de la ciudad<\/b><span style=\"font-weight: 400;\"> y, adem\u00e1s, recorrer\u00e1s los principales atractivos tur\u00edsticos del Barrio Jud\u00edo:<\/span><\/p>\n<ul>\n<li><span style=\"font-weight: 400;\"> \u00a0 \u00a0 \u00a0 \u00a0 <\/span><b>Plaza de Waterlooplein: <\/b><span style=\"font-weight: 400;\">en esta plaza<\/span> <span style=\"font-weight: 400;\">ver\u00e1s el antiguo mercado jud\u00edo que desapareci\u00f3 en 1942 por orden de los nazis, y que se retom\u00f3 a finales del siglo XX. Adem\u00e1s, podr\u00e1s interactuar con la cotidianidad de \u00c1msterdam y, a la vez, estar\u00e1s muy cerca del r\u00edo <\/span><i><span style=\"font-weight: 400;\">Amstel<\/span><\/i><span style=\"font-weight: 400;\">, en donde podr\u00e1s capturar buenos momentos con tu c\u00e1mara.\u00a0<\/span><\/li>\n<li><span style=\"font-weight: 400;\"> \u00a0 \u00a0 \u00a0 \u00a0 <\/span><b>Monumento a Spinoza<\/b><span style=\"font-weight: 400;\">: ver\u00e1s el monumento que sirve de homenaje al gran fil\u00f3sofo jud\u00edo Baruch Spinoza, el cual est\u00e1 cerca del edificio del Ayuntamiento.<\/span><\/li>\n<li><span style=\"font-weight: 400;\"> \u00a0 \u00a0 \u00a0 \u00a0 <\/span><b>Monumento nacional del Holocausto<\/b><span style=\"font-weight: 400;\">: durante el Tour, el gu\u00eda te acompa\u00f1ar\u00e1 hasta el monumento en el cual se le rinde homenaje a los miles de jud\u00edos asesinados por los Nazis durante la Segunda Guerra Mundial.<\/span><\/li>\n<li><span style=\"font-weight: 400;\"> \u00a0 \u00a0 \u00a0 \u00a0 <\/span><b>La calle mayor jud\u00eda<\/b><span style=\"font-weight: 400;\">: es una de las calles m\u00e1s visitadas y tur\u00edsticas de \u00c1msterdam. Se ubica desde Sint Antoniesluis hasta la circunvalaci\u00f3n Mr. Visserplein. Fue habitada por muchas comunidades jud\u00edas. Y en ella est\u00e1 situada la casa en donde vivi\u00f3 el famoso artista Rembrandt durante 1631 y 1635.<\/span><\/li>\n<li><span style=\"font-weight: 400;\"> \u00a0 \u00a0 \u00a0 \u00a0 <\/span><b>La casa de Ana Frank:<\/b><span style=\"font-weight: 400;\"> en esta conocida casa vas a descubrir la impactante historia de la peque\u00f1a jud\u00eda que se escondi\u00f3 durante 2 largos a\u00f1os huyendo de la ocupaci\u00f3n Nazi. All\u00ed, bajo las ruinas de su propia casa, ella escribi\u00f3 la c\u00e9lebre obra titulada como<\/span><i><span style=\"font-weight: 400;\"> \u201cel diario de Ana Frank\u201d.\u00a0\u00a0<\/span><\/i><\/li>\n<li><span style=\"font-weight: 400;\"> \u00a0 \u00a0 \u00a0 \u00a0 <\/span><b>El barrio rojo<\/b><span style=\"font-weight: 400;\">: este barrio contiene muchos museos, entre ellos est\u00e1 el Museo Hist\u00f3rico Jud\u00edo y la Casa Museo de Rembrandt.<\/span><\/li>\n<\/ul>\n<p><span style=\"font-weight: 400;\">Adem\u00e1s de estos lugares atractivos, tendr\u00e1s la oportunidad de explorar el Canal de las Sombras, la grandiosa Sinagoga portuguesa, y <\/span><b>m\u00e1s de 45 puntos de inter\u00e9s<\/b><span style=\"font-weight: 400;\"> en donde estar\u00e1s en contacto con toda la cultura de la comunidad jud\u00eda en \u00c1msterdam.<\/span><\/p>\n<p><span style=\"font-weight: 400;\">Si dispones de un poco m\u00e1s de tiempo, te recomendamos que complementes el paseo con el <\/span><i><span style=\"font-weight: 400;\"><a href=\"https:\/\/tourtravelandmore.com\/es\/tours\/paises-bajos-es\/amsterdam-es\/tour-a-pie-de-anna-frank-por-el-barrio-judio\/\">Tour a pie de Anna Frank por el Barrio Jud\u00edo<\/a>.<\/span><\/i><span style=\"font-weight: 400;\"> De esta forma, tendr\u00e1s un recorrido completo por la vida de Ana Frank y su valiente papel en la historia de la resistencia jud\u00eda.<\/span><\/p>\n","protected":false},"excerpt":{"rendered":"<p><span style=\"font-weight: 400;\">Descubre toda la historia y la influencia que ha tenido la comunidad jud\u00eda en nuestro tour privado por el Barrio Jud\u00edo de \u00c1msterdam. El gu\u00eda privado te llevar\u00e1 por muchos lugares emblem\u00e1ticos como la Plaza de Waterlooplein, el monumento a Spinoza, la calle mayor jud\u00eda, la casa de\u00a0 Ana Frank, entre otros lugares m\u00e1s. Asimismo, conocer\u00e1s los datos hist\u00f3ricos de mayor inter\u00e9s en una excursi\u00f3n personalizada y exclusiva. <\/span><\/p>\n","protected":false},"featured_media":113931,"comment_status":"open","ping_status":"closed","template":"","meta":{"_acf_changed":false},"product_brand":[],"product_cat":[1600,975,976,978],"product_tag":[],"class_list":{"0":"post-113970","1":"product","2":"type-product","3":"status-publish","4":"has-post-thumbnail","6":"product_cat-paises-bajos-es","7":"product_cat-amsterdam-es","8":"product_cat-amsterdam-actividades-es","9":"product_cat-amsterdam-tours-privados-pie-es","11":"first","12":"instock","13":"shipping-taxable","14":"purchasable","15":"product-type-simple"},"acf":[],"yoast_head":"<!-- This site is optimized with the Yoast SEO Premium plugin v25.3.1 (Yoast SEO v25.3.1) - https:\/\/yoast.com\/wordpress\/plugins\/seo\/ -->\n<title>\u27a1\ufe0f Tour Privado por el Barrio Jud\u00edo de \u00c1msterdam con gu\u00eda privado incluido | Tour Travel &amp; More<\/title>\n<meta name=\"description\" content=\"\u00bfQuieres conocer el famoso barrio Jud\u00edo de \u00c1msterdam? T\u00f3mate 2 horas para disfrutar de un tour privado por el barrio que recibi\u00f3 a los jud\u00edos desde el siglo XVI \u2705\" \/>\n<meta name=\"robots\" content=\"index, follow, max-snippet:-1, max-image-preview:large, max-video-preview:-1\" \/>\n<link rel=\"canonical\" href=\"https:\/\/tourtravelandmore.com\/es\/tours\/paises-bajos-es\/amsterdam-es\/tour-privado-por-el-barrio-judio-de-amsterdam\/\" \/>\n<meta property=\"og:locale\" content=\"es_ES\" \/>\n<meta property=\"og:type\" content=\"article\" \/>\n<meta property=\"og:title\" content=\"Tour Privado por el Barrio Jud\u00edo de \u00c1msterdam\" \/>\n<meta property=\"og:description\" content=\"\u00bfQuieres conocer el famoso barrio Jud\u00edo de \u00c1msterdam? T\u00f3mate 2 horas para disfrutar de un tour privado por el barrio que recibi\u00f3 a los jud\u00edos desde el siglo XVI \u2705\" \/>\n<meta property=\"og:url\" content=\"https:\/\/tourtravelandmore.com\/es\/tours\/paises-bajos-es\/amsterdam-es\/tour-privado-por-el-barrio-judio-de-amsterdam\/\" \/>\n<meta property=\"og:site_name\" content=\"Tour Travel And More\" \/>\n<meta property=\"article:publisher\" content=\"https:\/\/www.facebook.com\/tourtravelandmore\/\" \/>\n<meta property=\"article:modified_time\" content=\"2024-01-12T10:39:52+00:00\" \/>\n<meta property=\"og:image\" content=\"https:\/\/tourtravelandmore.com\/wp-content\/uploads\/2021\/11\/image65.jpg\" \/>\n\t<meta property=\"og:image:width\" content=\"910\" \/>\n\t<meta property=\"og:image:height\" content=\"607\" \/>\n\t<meta property=\"og:image:type\" content=\"image\/jpeg\" \/>\n<meta name=\"twitter:card\" content=\"summary_large_image\" \/>\n<meta name=\"twitter:site\" content=\"@TourTravel_More\" \/>\n<meta name=\"twitter:label1\" content=\"Tiempo de lectura\" \/>\n\t<meta name=\"twitter:data1\" content=\"4 minutos\" \/>\n<script type=\"application\/ld+json\" class=\"yoast-schema-graph\">{\"@context\":\"https:\/\/schema.org\",\"@graph\":[{\"@type\":\"WebPage\",\"@id\":\"https:\/\/tourtravelandmore.com\/es\/tours\/paises-bajos-es\/amsterdam-es\/tour-privado-por-el-barrio-judio-de-amsterdam\/\",\"url\":\"https:\/\/tourtravelandmore.com\/es\/tours\/paises-bajos-es\/amsterdam-es\/tour-privado-por-el-barrio-judio-de-amsterdam\/\",\"name\":\"\u27a1\ufe0f Tour Privado por el Barrio Jud\u00edo de \u00c1msterdam con gu\u00eda privado incluido | Tour Travel & More\",\"isPartOf\":{\"@id\":\"https:\/\/tourtravelandmore.com\/es\/#website\"},\"primaryImageOfPage\":{\"@id\":\"https:\/\/tourtravelandmore.com\/es\/tours\/paises-bajos-es\/amsterdam-es\/tour-privado-por-el-barrio-judio-de-amsterdam\/#primaryimage\"},\"image\":{\"@id\":\"https:\/\/tourtravelandmore.com\/es\/tours\/paises-bajos-es\/amsterdam-es\/tour-privado-por-el-barrio-judio-de-amsterdam\/#primaryimage\"},\"thumbnailUrl\":\"https:\/\/tourtravelandmore.com\/wp-content\/uploads\/2021\/11\/image65.jpg\",\"datePublished\":\"2021-11-22T15:56:47+00:00\",\"dateModified\":\"2024-01-12T10:39:52+00:00\",\"description\":\"\u00bfQuieres conocer el famoso barrio Jud\u00edo de \u00c1msterdam? T\u00f3mate 2 horas para disfrutar de un tour privado por el barrio que recibi\u00f3 a los jud\u00edos desde el siglo XVI \u2705\",\"breadcrumb\":{\"@id\":\"https:\/\/tourtravelandmore.com\/es\/tours\/paises-bajos-es\/amsterdam-es\/tour-privado-por-el-barrio-judio-de-amsterdam\/#breadcrumb\"},\"inLanguage\":\"es\",\"potentialAction\":[{\"@type\":\"ReadAction\",\"target\":[\"https:\/\/tourtravelandmore.com\/es\/tours\/paises-bajos-es\/amsterdam-es\/tour-privado-por-el-barrio-judio-de-amsterdam\/\"]}]},{\"@type\":\"ImageObject\",\"inLanguage\":\"es\",\"@id\":\"https:\/\/tourtravelandmore.com\/es\/tours\/paises-bajos-es\/amsterdam-es\/tour-privado-por-el-barrio-judio-de-amsterdam\/#primaryimage\",\"url\":\"https:\/\/tourtravelandmore.com\/wp-content\/uploads\/2021\/11\/image65.jpg\",\"contentUrl\":\"https:\/\/tourtravelandmore.com\/wp-content\/uploads\/2021\/11\/image65.jpg\",\"width\":910,\"height\":607},{\"@type\":\"BreadcrumbList\",\"@id\":\"https:\/\/tourtravelandmore.com\/es\/tours\/paises-bajos-es\/amsterdam-es\/tour-privado-por-el-barrio-judio-de-amsterdam\/#breadcrumb\",\"itemListElement\":[{\"@type\":\"ListItem\",\"position\":1,\"name\":\"Home\",\"item\":\"https:\/\/tourtravelandmore.com\/es\/\"},{\"@type\":\"ListItem\",\"position\":2,\"name\":\"Tours\",\"item\":\"https:\/\/tourtravelandmore.com\/es\/tours\/\"},{\"@type\":\"ListItem\",\"position\":3,\"name\":\"Tour Privado por el Barrio Jud\u00edo de \u00c1msterdam\"}]},{\"@type\":\"WebSite\",\"@id\":\"https:\/\/tourtravelandmore.com\/es\/#website\",\"url\":\"https:\/\/tourtravelandmore.com\/es\/\",\"name\":\"Tour Travel And More\",\"description\":\"Private sightseeing tours and luxury transfers in Spain\",\"publisher\":{\"@id\":\"https:\/\/tourtravelandmore.com\/es\/#organization\"},\"potentialAction\":[{\"@type\":\"SearchAction\",\"target\":{\"@type\":\"EntryPoint\",\"urlTemplate\":\"https:\/\/tourtravelandmore.com\/es\/?s={search_term_string}\"},\"query-input\":{\"@type\":\"PropertyValueSpecification\",\"valueRequired\":true,\"valueName\":\"search_term_string\"}}],\"inLanguage\":\"es\"},{\"@type\":\"Organization\",\"@id\":\"https:\/\/tourtravelandmore.com\/es\/#organization\",\"name\":\"Tour Travel And More\",\"url\":\"https:\/\/tourtravelandmore.com\/es\/\",\"logo\":{\"@type\":\"ImageObject\",\"inLanguage\":\"es\",\"@id\":\"https:\/\/tourtravelandmore.com\/es\/#\/schema\/logo\/image\/\",\"url\":\"https:\/\/tourtravelandmore.com\/wp-content\/uploads\/2022\/12\/cropped-logo-cabecera-new.png\",\"contentUrl\":\"https:\/\/tourtravelandmore.com\/wp-content\/uploads\/2022\/12\/cropped-logo-cabecera-new.png\",\"width\":430,\"height\":61,\"caption\":\"Tour Travel And More\"},\"image\":{\"@id\":\"https:\/\/tourtravelandmore.com\/es\/#\/schema\/logo\/image\/\"},\"sameAs\":[\"https:\/\/www.facebook.com\/tourtravelandmore\/\",\"https:\/\/x.com\/TourTravel_More\"]}]}<\/script>\n<!-- \/ Yoast SEO Premium plugin. -->","yoast_head_json":{"title":"\u27a1\ufe0f Tour Privado por el Barrio Jud\u00edo de \u00c1msterdam con gu\u00eda privado incluido | Tour Travel & More","description":"\u00bfQuieres conocer el famoso barrio Jud\u00edo de \u00c1msterdam? T\u00f3mate 2 horas para disfrutar de un tour privado por el barrio que recibi\u00f3 a los jud\u00edos desde el siglo XVI \u2705","robots":{"index":"index","follow":"follow","max-snippet":"max-snippet:-1","max-image-preview":"max-image-preview:large","max-video-preview":"max-video-preview:-1"},"canonical":"https:\/\/tourtravelandmore.com\/es\/tours\/paises-bajos-es\/amsterdam-es\/tour-privado-por-el-barrio-judio-de-amsterdam\/","og_locale":"es_ES","og_type":"article","og_title":"Tour Privado por el Barrio Jud\u00edo de \u00c1msterdam","og_description":"\u00bfQuieres conocer el famoso barrio Jud\u00edo de \u00c1msterdam? T\u00f3mate 2 horas para disfrutar de un tour privado por el barrio que recibi\u00f3 a los jud\u00edos desde el siglo XVI \u2705","og_url":"https:\/\/tourtravelandmore.com\/es\/tours\/paises-bajos-es\/amsterdam-es\/tour-privado-por-el-barrio-judio-de-amsterdam\/","og_site_name":"Tour Travel And More","article_publisher":"https:\/\/www.facebook.com\/tourtravelandmore\/","article_modified_time":"2024-01-12T10:39:52+00:00","og_image":[{"width":910,"height":607,"url":"https:\/\/tourtravelandmore.com\/wp-content\/uploads\/2021\/11\/image65.jpg","type":"image\/jpeg"}],"twitter_card":"summary_large_image","twitter_site":"@TourTravel_More","twitter_misc":{"Tiempo de lectura":"4 minutos"},"schema":{"@context":"https:\/\/schema.org","@graph":[{"@type":"WebPage","@id":"https:\/\/tourtravelandmore.com\/es\/tours\/paises-bajos-es\/amsterdam-es\/tour-privado-por-el-barrio-judio-de-amsterdam\/","url":"https:\/\/tourtravelandmore.com\/es\/tours\/paises-bajos-es\/amsterdam-es\/tour-privado-por-el-barrio-judio-de-amsterdam\/","name":"\u27a1\ufe0f Tour Privado por el Barrio Jud\u00edo de \u00c1msterdam con gu\u00eda privado incluido | Tour Travel & More","isPartOf":{"@id":"https:\/\/tourtravelandmore.com\/es\/#website"},"primaryImageOfPage":{"@id":"https:\/\/tourtravelandmore.com\/es\/tours\/paises-bajos-es\/amsterdam-es\/tour-privado-por-el-barrio-judio-de-amsterdam\/#primaryimage"},"image":{"@id":"https:\/\/tourtravelandmore.com\/es\/tours\/paises-bajos-es\/amsterdam-es\/tour-privado-por-el-barrio-judio-de-amsterdam\/#primaryimage"},"thumbnailUrl":"https:\/\/tourtravelandmore.com\/wp-content\/uploads\/2021\/11\/image65.jpg","datePublished":"2021-11-22T15:56:47+00:00","dateModified":"2024-01-12T10:39:52+00:00","description":"\u00bfQuieres conocer el famoso barrio Jud\u00edo de \u00c1msterdam? T\u00f3mate 2 horas para disfrutar de un tour privado por el barrio que recibi\u00f3 a los jud\u00edos desde el siglo XVI \u2705","breadcrumb":{"@id":"https:\/\/tourtravelandmore.com\/es\/tours\/paises-bajos-es\/amsterdam-es\/tour-privado-por-el-barrio-judio-de-amsterdam\/#breadcrumb"},"inLanguage":"es","potentialAction":[{"@type":"ReadAction","target":["https:\/\/tourtravelandmore.com\/es\/tours\/paises-bajos-es\/amsterdam-es\/tour-privado-por-el-barrio-judio-de-amsterdam\/"]}]},{"@type":"ImageObject","inLanguage":"es","@id":"https:\/\/tourtravelandmore.com\/es\/tours\/paises-bajos-es\/amsterdam-es\/tour-privado-por-el-barrio-judio-de-amsterdam\/#primaryimage","url":"https:\/\/tourtravelandmore.com\/wp-content\/uploads\/2021\/11\/image65.jpg","contentUrl":"https:\/\/tourtravelandmore.com\/wp-content\/uploads\/2021\/11\/image65.jpg","width":910,"height":607},{"@type":"BreadcrumbList","@id":"https:\/\/tourtravelandmore.com\/es\/tours\/paises-bajos-es\/amsterdam-es\/tour-privado-por-el-barrio-judio-de-amsterdam\/#breadcrumb","itemListElement":[{"@type":"ListItem","position":1,"name":"Home","item":"https:\/\/tourtravelandmore.com\/es\/"},{"@type":"ListItem","position":2,"name":"Tours","item":"https:\/\/tourtravelandmore.com\/es\/tours\/"},{"@type":"ListItem","position":3,"name":"Tour Privado por el Barrio Jud\u00edo de \u00c1msterdam"}]},{"@type":"WebSite","@id":"https:\/\/tourtravelandmore.com\/es\/#website","url":"https:\/\/tourtravelandmore.com\/es\/","name":"Tour Travel And More","description":"Private sightseeing tours and luxury transfers in Spain","publisher":{"@id":"https:\/\/tourtravelandmore.com\/es\/#organization"},"potentialAction":[{"@type":"SearchAction","target":{"@type":"EntryPoint","urlTemplate":"https:\/\/tourtravelandmore.com\/es\/?s={search_term_string}"},"query-input":{"@type":"PropertyValueSpecification","valueRequired":true,"valueName":"search_term_string"}}],"inLanguage":"es"},{"@type":"Organization","@id":"https:\/\/tourtravelandmore.com\/es\/#organization","name":"Tour Travel And More","url":"https:\/\/tourtravelandmore.com\/es\/","logo":{"@type":"ImageObject","inLanguage":"es","@id":"https:\/\/tourtravelandmore.com\/es\/#\/schema\/logo\/image\/","url":"https:\/\/tourtravelandmore.com\/wp-content\/uploads\/2022\/12\/cropped-logo-cabecera-new.png","contentUrl":"https:\/\/tourtravelandmore.com\/wp-content\/uploads\/2022\/12\/cropped-logo-cabecera-new.png","width":430,"height":61,"caption":"Tour Travel And More"},"image":{"@id":"https:\/\/tourtravelandmore.com\/es\/#\/schema\/logo\/image\/"},"sameAs":["https:\/\/www.facebook.com\/tourtravelandmore\/","https:\/\/x.com\/TourTravel_More"]}]}},"_links":{"self":[{"href":"https:\/\/tourtravelandmore.com\/es\/wp-json\/wp\/v2\/product\/113970","targetHints":{"allow":["GET"]}}],"collection":[{"href":"https:\/\/tourtravelandmore.com\/es\/wp-json\/wp\/v2\/product"}],"about":[{"href":"https:\/\/tourtravelandmore.com\/es\/wp-json\/wp\/v2\/types\/product"}],"replies":[{"embeddable":true,"href":"https:\/\/tourtravelandmore.com\/es\/wp-json\/wp\/v2\/comments?post=113970"}],"wp:featuredmedia":[{"embeddable":true,"href":"https:\/\/tourtravelandmore.com\/es\/wp-json\/wp\/v2\/media\/113931"}],"wp:attachment":[{"href":"https:\/\/tourtravelandmore.com\/es\/wp-json\/wp\/v2\/media?parent=113970"}],"wp:term":[{"taxonomy":"product_brand","embeddable":true,"href":"https:\/\/tourtravelandmore.com\/es\/wp-json\/wp\/v2\/product_brand?post=113970"},{"taxonomy":"product_cat","embeddable":true,"href":"https:\/\/tourtravelandmore.com\/es\/wp-json\/wp\/v2\/product_cat?post=113970"},{"taxonomy":"product_tag","embeddable":true,"href":"https:\/\/tourtravelandmore.com\/es\/wp-json\/wp\/v2\/product_tag?post=113970"}],"curies":[{"name":"wp","href":"https:\/\/api.w.org\/{rel}","templated":true}]}}