{"id":111123,"date":"2021-09-17T11:39:52","date_gmt":"2021-09-17T09:39:55","guid":{"rendered":"https:\/\/tourtravelandmore.com\/?post_type=product&#038;p=111123"},"modified":"2021-09-17T13:47:20","modified_gmt":"2021-09-17T11:47:20","slug":"tour-privado-marthas-vineyard-island-desde-boston","status":"publish","type":"product","link":"https:\/\/tourtravelandmore.com\/es\/tours\/eeuu-es\/boston-es\/boston-rutas-turisticas-privadas-es\/tour-privado-marthas-vineyard-island-desde-boston\/","title":{"rendered":"Tour privado Martha&#8217;s Vineyard Island desde Boston"},"content":{"rendered":"<h2>Descripci\u00f3n general de nuesro tour privado por Martha\u2019s Vineyard Island<\/h2>\n<p>\u00bfDesea explorar a fondo la isla de Martha&#8217;s Vineyard? En este tour privado desde Boston, usted podr\u00e1 conocer a profundidad las cosas m\u00e1s hermosas de la localidad. Cuando sale el sol en este lugar, nada puede superar esta vivencia en el oc\u00e9ano, as\u00ed como sentir la arena en los pies.<\/p>\n<p>Usted tendr\u00e1 la oportunidad de admirar algunas de las casas m\u00e1s sobresalientes del pueblo Oak Bluffs, algunas tiendas, acantilados \u00fanicos y m\u00e1s. Todo esto, en un <b>recorrido de 3 horas directamente en Martha\u00b4s Island con su gu\u00eda local.<\/b><\/p>\n<h2>\u00bfQu\u00e9 se puede ver en el Tour privado de Martha&#8217;s Vineyard Island desde Boston?<\/h2>\n<p>En esta excursi\u00f3n desde Boston, usted podr\u00e1 experimentar la belleza de la isla sin tener que preocuparse por el <b>boleto del ferry<\/b>. Adem\u00e1s, usted podr\u00e1 trasladarse c\u00f3modamente con un chofer privado, su gu\u00eda estar\u00e1 esperando en la Isla para comenzar su tour de 3 horas. Al tratarse de un tour que proviene desde Boston, la duraci\u00f3n del tour podr\u00e1 durar unas 10 horas.<\/p>\n<p>Podr\u00e1 disfrutar desde la recogida hasta el regreso al hotel, y gozar\u00e1 de <b>boletos de ferry de ida y vuelta <\/b>incluidos. Este tour privado se ha dise\u00f1ado con la intenci\u00f3n de sacar el m\u00e1ximo provecho del tiempo disponible, con la posibilidad de explorar las ciudades que componen la isla. Entre algunos de los sitios principales de la localidad, se encuentran:<\/p>\n<h2>Las casas de pan de Jengibre en Oak Bluff<\/h2>\n<p>Podr\u00eda decirse que Oak Bluff es una zona que parece salida de un cuento de hadas. Se trata de un conjunto de casas que se encuentran pintadas de colores que dan la impresi\u00f3n como si fueran de az\u00facar. Est\u00e1n entretejidas con algunos detalles y <b>variedades de formas<\/b> que hacen de la ciudad costera una joya singular; ese es el motivo por el que se llama <i>The Gingerbread Houses <\/i>o Las Casas de pan de Jengibre.<\/p>\n<h2>El Flying Horse Carousel<\/h2>\n<p>Este es un monumento hist\u00f3rico que se construy\u00f3 en 1876, y se trata del carrusel de funcionamiento continuo m\u00e1s antiguo que existe en el pa\u00eds. Es una actividad muy entretenida para ni\u00f1os y adultos que deseen participar en una de las acciones m\u00e1s nost\u00e1lgicas dentro de <b>Martha&#8217;s Vineyard.<\/b><\/p>\n<h2>El picnic de Martha&#8217;s Vineyard<\/h2>\n<p>Si hay algo que es capaz de dejar huella en la mente de los visitantes, es contemplar la hermosa puesta de sol en la playa Menemsha mientras se disfruta de unas langostas al vapor. Tambi\u00e9n se puede comer una sopa de almejas y ponerse c\u00f3modo en las costas arenosas de la localidad.<\/p>\n<h2>Los Acantilados de Aquinnah<\/h2>\n<p>Esta es una visita que usted debe hacer al pasar por la ciudad de Aquinnah. Se trata de una serie de <b>acantilados de arcilla<\/b> que poseen distintos colores. Usted puede recorrer los senderos hasta la cima de los acantilados o visitar los senderos inferiores de la playa, perfecto para sentarse y observar la puesta del sol.<\/p>\n<h2>Conocer al Island Alpacas<\/h2>\n<p>Este es un lugar repleto de fascinantes criaturas, en el que hay m\u00e1s de 50 alpacas. The Island Alpaca Company es un lugar dedicado a la cr\u00eda de estas criaturas con la <b>lana de la mayor calidad<\/b>. Esta es una visita en la que toda la familia se puede divertir.<\/p>\n<h2>El faro del puerto Edgartown<\/h2>\n<p>Este faro es un punto que marca la entrada del puerto entre la zona de Martha&#8217;s Vineyard y Chappaquiddick. All\u00ed, se puede disfrutar de aire fresco y de hermosas vistas del agua.<\/p>\n<h2><b>\u00bfEn qu\u00e9 parte inicia el tour privado Martha&#8217;s Vineyard Island desde Boston?<\/b><\/h2>\n<p>Toda la experiencia iniciar\u00e1 desde el instante en el que el chofer lo recoja en <b>su hotel de hospedaje.\u00a0 <\/b>Entre algunas de las ubicaciones de recogidas en hoteles en Boston se encuentra:<\/p>\n<ul>\n<li aria-level=\"1\"><b>El hotel Ames<\/b><\/li>\n<\/ul>\n<ul>\n<li aria-level=\"1\"><b>Hotel Boston Common<\/b><\/li>\n<\/ul>\n<ul>\n<li aria-level=\"1\"><b>Hotel Boston Harbor<\/b><\/li>\n<\/ul>\n<ul>\n<li aria-level=\"1\"><b>Chandler Inn<\/b><\/li>\n<\/ul>\n<ul>\n<li aria-level=\"1\"><b>Colonnade<\/b><\/li>\n<\/ul>\n<ul>\n<li aria-level=\"1\"><b>Custom House<\/b><\/li>\n<\/ul>\n<ul>\n<li aria-level=\"1\"><b>DoubleTree by Hilton Boston<\/b><\/li>\n<\/ul>\n<ul>\n<li aria-level=\"1\"><b>Fairmont Copley Plaza<\/b><\/li>\n<\/ul>\n<ul>\n<li aria-level=\"1\"><b>Hotel Fifteen Beacon<\/b><\/li>\n<\/ul>\n<ul>\n<li aria-level=\"1\"><b>Hotel Four Seasons Boston<\/b><\/li>\n<\/ul>\n<ul>\n<li aria-level=\"1\"><b>Hampton Inn &amp; Suites Boston Crosstown Center<\/b><\/li>\n<\/ul>\n<p>Adem\u00e1s de estos, tambi\u00e9n hay muchos otros hoteles, solo debe ponerse en contacto con nosotros para conocer los detalles. De esta manera, cuando inicie el recorrido, usted y quienes lo acompa\u00f1en podr\u00e1n sacar el m\u00e1ximo provecho de una experiencia inolvidable con este recorrido en <b>auto de lujo.<\/b><\/p>\n<h2>\u00bfQu\u00e9 esperar en el viaje?<\/h2>\n<p>En primer lugar, usted podr\u00e1 iniciar con una recogida al hotel muy agradable durante la ma\u00f1ana. Luego de esto, habr\u00e1 que recorrer algunas horas en auto desde Boston hasta Falmouth, y al llegar al destino, usted se trasladar\u00e1 hacia <b>el muelle de Island Queen<\/b> para abordar el ferry. El boleto del mismo se encuentra incluido, por lo que no tendr\u00e1 que hacer fila en el muelle. As\u00ed, podr\u00e1 disfrutar de un peque\u00f1o crucero en un trayecto hacia Martha&#8217;s Vineyard que dura 35 minutos.<\/p>\n<p>Desde este momento en adelante, los pasajeros dispondr\u00e1n de varias horas para explorar el lugar a su gusto. Gracias a la <b>excursi\u00f3n privada de 3 horas<\/b>, se puede sacar el m\u00e1ximo provecho de la presentaci\u00f3n de la isla. Su gu\u00eda podr\u00e1 ense\u00f1arle muchos datos interesantes en cuanto a la historia local.<\/p>\n<p>Luego de la excursi\u00f3n, a\u00fan quedar\u00e1 algo de tiempo para explorar la isla por cuenta propia. Si desea obtener m\u00e1s informaci\u00f3n o algunos <b>mapas de la zona<\/b> para reservar actividades extra, puede ponerse en contacto con el conductor o el gu\u00eda del tour, quien podr\u00e1 darle m\u00e1s informaci\u00f3n al respecto.<\/p>\n<p>Finalmente, habr\u00e1 que subir a bordo del ferry para volver al puerto de Falmouth y <b>completar la experiencia vivida en la isla.<\/b> Adem\u00e1s, se le brindar\u00e1 agua y un peque\u00f1o aperitivo durante el viaje de regreso hacia Boston. Luego, el chofer podr\u00e1 dejarlo en su hotel de hospedaje en la ciudad.<\/p>\n<p>&nbsp;<\/p>\n","protected":false},"excerpt":{"rendered":"<p><i>Gracias a este Tour privado por Martha&#8217;s Vineyard Island desde Boston, tanto usted como su familia, disfrutar\u00e1n de un viaje que jam\u00e1s olvidar\u00e1n. Descubra algunas caracter\u00edsticas de este viaje tan emocionante.<\/i><\/p>\n","protected":false},"featured_media":111148,"comment_status":"open","ping_status":"closed","template":"","meta":{"_acf_changed":false},"product_brand":[],"product_cat":[1602,2062,2066,2065],"product_tag":[],"class_list":{"0":"post-111123","1":"product","2":"type-product","3":"status-publish","4":"has-post-thumbnail","6":"product_cat-eeuu-es","7":"product_cat-boston-es","8":"product_cat-boston-actividades-es","9":"product_cat-boston-rutas-turisticas-privadas-es","11":"first","12":"instock","13":"shipping-taxable","14":"purchasable","15":"product-type-simple"},"acf":[],"yoast_head":"<!-- This site is optimized with the Yoast SEO Premium plugin v25.3.1 (Yoast SEO v25.3.1) - https:\/\/yoast.com\/wordpress\/plugins\/seo\/ -->\n<title>Tour privado Martha&#039;s Vineyard Island desde Boston | Tour Travel &amp; More<\/title>\n<meta name=\"description\" content=\"\u2705 Si desea sacar el m\u00e1ximo provecho posible a su Tour privado por Martha&#039;s Vineyard Island desde Boston, descubra cu\u00e1l es la mejor manera de hacerlo.\" \/>\n<meta name=\"robots\" content=\"index, follow, max-snippet:-1, max-image-preview:large, max-video-preview:-1\" \/>\n<link rel=\"canonical\" href=\"https:\/\/tourtravelandmore.com\/es\/tours\/eeuu-es\/tour-privado-a-nueva-york-desde-boston\/\" \/>\n<meta property=\"og:locale\" content=\"es_ES\" \/>\n<meta property=\"og:type\" content=\"article\" \/>\n<meta property=\"og:title\" content=\"Tour privado Martha&#039;s Vineyard Island desde Boston\" \/>\n<meta property=\"og:description\" content=\"\u2705 Si desea sacar el m\u00e1ximo provecho posible a su Tour privado por Martha&#039;s Vineyard Island desde Boston, descubra cu\u00e1l es la mejor manera de hacerlo.\" \/>\n<meta property=\"og:url\" content=\"https:\/\/tourtravelandmore.com\/es\/tours\/eeuu-es\/tour-privado-a-nueva-york-desde-boston\/\" \/>\n<meta property=\"og:site_name\" content=\"Tour Travel And More\" \/>\n<meta property=\"article:publisher\" content=\"https:\/\/www.facebook.com\/tourtravelandmore\/\" \/>\n<meta property=\"article:modified_time\" content=\"2021-09-17T11:47:20+00:00\" \/>\n<meta property=\"og:image\" content=\"https:\/\/tourtravelandmore.com\/wp-content\/uploads\/2021\/09\/Marthas-vineyard-5-scaled.jpg\" \/>\n\t<meta property=\"og:image:width\" content=\"2560\" \/>\n\t<meta property=\"og:image:height\" content=\"1707\" \/>\n\t<meta property=\"og:image:type\" content=\"image\/jpeg\" \/>\n<meta name=\"twitter:card\" content=\"summary_large_image\" \/>\n<meta name=\"twitter:site\" content=\"@TourTravel_More\" \/>\n<meta name=\"twitter:label1\" content=\"Tiempo de lectura\" \/>\n\t<meta name=\"twitter:data1\" content=\"5 minutos\" \/>\n<script type=\"application\/ld+json\" class=\"yoast-schema-graph\">{\"@context\":\"https:\/\/schema.org\",\"@graph\":[{\"@type\":\"WebPage\",\"@id\":\"https:\/\/tourtravelandmore.com\/es\/tours\/eeuu-es\/boston-es\/boston-rutas-turisticas-privadas-es\/tour-privado-marthas-vineyard-island-desde-boston\/\",\"url\":\"https:\/\/tourtravelandmore.com\/es\/tours\/eeuu-es\/tour-privado-a-nueva-york-desde-boston\/\",\"name\":\"Tour privado Martha's Vineyard Island desde Boston | Tour Travel & More\",\"isPartOf\":{\"@id\":\"https:\/\/tourtravelandmore.com\/es\/#website\"},\"primaryImageOfPage\":{\"@id\":\"https:\/\/tourtravelandmore.com\/es\/tours\/eeuu-es\/tour-privado-a-nueva-york-desde-boston\/#primaryimage\"},\"image\":{\"@id\":\"https:\/\/tourtravelandmore.com\/es\/tours\/eeuu-es\/tour-privado-a-nueva-york-desde-boston\/#primaryimage\"},\"thumbnailUrl\":\"https:\/\/tourtravelandmore.com\/wp-content\/uploads\/2021\/09\/Marthas-vineyard-5-scaled.jpg\",\"datePublished\":\"2021-09-17T09:39:55+00:00\",\"dateModified\":\"2021-09-17T11:47:20+00:00\",\"description\":\"\u2705 Si desea sacar el m\u00e1ximo provecho posible a su Tour privado por Martha's Vineyard Island desde Boston, descubra cu\u00e1l es la mejor manera de hacerlo.\",\"breadcrumb\":{\"@id\":\"https:\/\/tourtravelandmore.com\/es\/tours\/eeuu-es\/tour-privado-a-nueva-york-desde-boston\/#breadcrumb\"},\"inLanguage\":\"es\",\"potentialAction\":[{\"@type\":\"ReadAction\",\"target\":[\"https:\/\/tourtravelandmore.com\/es\/tours\/eeuu-es\/tour-privado-a-nueva-york-desde-boston\/\"]}]},{\"@type\":\"ImageObject\",\"inLanguage\":\"es\",\"@id\":\"https:\/\/tourtravelandmore.com\/es\/tours\/eeuu-es\/tour-privado-a-nueva-york-desde-boston\/#primaryimage\",\"url\":\"https:\/\/tourtravelandmore.com\/wp-content\/uploads\/2021\/09\/Marthas-vineyard-5-scaled.jpg\",\"contentUrl\":\"https:\/\/tourtravelandmore.com\/wp-content\/uploads\/2021\/09\/Marthas-vineyard-5-scaled.jpg\",\"width\":2560,\"height\":1707},{\"@type\":\"BreadcrumbList\",\"@id\":\"https:\/\/tourtravelandmore.com\/es\/tours\/eeuu-es\/tour-privado-a-nueva-york-desde-boston\/#breadcrumb\",\"itemListElement\":[{\"@type\":\"ListItem\",\"position\":1,\"name\":\"Home\",\"item\":\"https:\/\/tourtravelandmore.com\/es\/\"},{\"@type\":\"ListItem\",\"position\":2,\"name\":\"Tours\",\"item\":\"https:\/\/tourtravelandmore.com\/es\/tours\/\"},{\"@type\":\"ListItem\",\"position\":3,\"name\":\"Tour privado Martha&#8217;s Vineyard Island desde Boston\"}]},{\"@type\":\"WebSite\",\"@id\":\"https:\/\/tourtravelandmore.com\/es\/#website\",\"url\":\"https:\/\/tourtravelandmore.com\/es\/\",\"name\":\"Tour Travel And More\",\"description\":\"Private sightseeing tours and luxury transfers in Spain\",\"publisher\":{\"@id\":\"https:\/\/tourtravelandmore.com\/es\/#organization\"},\"potentialAction\":[{\"@type\":\"SearchAction\",\"target\":{\"@type\":\"EntryPoint\",\"urlTemplate\":\"https:\/\/tourtravelandmore.com\/es\/?s={search_term_string}\"},\"query-input\":{\"@type\":\"PropertyValueSpecification\",\"valueRequired\":true,\"valueName\":\"search_term_string\"}}],\"inLanguage\":\"es\"},{\"@type\":\"Organization\",\"@id\":\"https:\/\/tourtravelandmore.com\/es\/#organization\",\"name\":\"Tour Travel And More\",\"url\":\"https:\/\/tourtravelandmore.com\/es\/\",\"logo\":{\"@type\":\"ImageObject\",\"inLanguage\":\"es\",\"@id\":\"https:\/\/tourtravelandmore.com\/es\/#\/schema\/logo\/image\/\",\"url\":\"https:\/\/tourtravelandmore.com\/wp-content\/uploads\/2022\/12\/cropped-logo-cabecera-new.png\",\"contentUrl\":\"https:\/\/tourtravelandmore.com\/wp-content\/uploads\/2022\/12\/cropped-logo-cabecera-new.png\",\"width\":430,\"height\":61,\"caption\":\"Tour Travel And More\"},\"image\":{\"@id\":\"https:\/\/tourtravelandmore.com\/es\/#\/schema\/logo\/image\/\"},\"sameAs\":[\"https:\/\/www.facebook.com\/tourtravelandmore\/\",\"https:\/\/x.com\/TourTravel_More\"]}]}<\/script>\n<!-- \/ Yoast SEO Premium plugin. -->","yoast_head_json":{"title":"Tour privado Martha's Vineyard Island desde Boston | Tour Travel & More","description":"\u2705 Si desea sacar el m\u00e1ximo provecho posible a su Tour privado por Martha's Vineyard Island desde Boston, descubra cu\u00e1l es la mejor manera de hacerlo.","robots":{"index":"index","follow":"follow","max-snippet":"max-snippet:-1","max-image-preview":"max-image-preview:large","max-video-preview":"max-video-preview:-1"},"canonical":"https:\/\/tourtravelandmore.com\/es\/tours\/eeuu-es\/tour-privado-a-nueva-york-desde-boston\/","og_locale":"es_ES","og_type":"article","og_title":"Tour privado Martha's Vineyard Island desde Boston","og_description":"\u2705 Si desea sacar el m\u00e1ximo provecho posible a su Tour privado por Martha's Vineyard Island desde Boston, descubra cu\u00e1l es la mejor manera de hacerlo.","og_url":"https:\/\/tourtravelandmore.com\/es\/tours\/eeuu-es\/tour-privado-a-nueva-york-desde-boston\/","og_site_name":"Tour Travel And More","article_publisher":"https:\/\/www.facebook.com\/tourtravelandmore\/","article_modified_time":"2021-09-17T11:47:20+00:00","og_image":[{"width":2560,"height":1707,"url":"https:\/\/tourtravelandmore.com\/wp-content\/uploads\/2021\/09\/Marthas-vineyard-5-scaled.jpg","type":"image\/jpeg"}],"twitter_card":"summary_large_image","twitter_site":"@TourTravel_More","twitter_misc":{"Tiempo de lectura":"5 minutos"},"schema":{"@context":"https:\/\/schema.org","@graph":[{"@type":"WebPage","@id":"https:\/\/tourtravelandmore.com\/es\/tours\/eeuu-es\/boston-es\/boston-rutas-turisticas-privadas-es\/tour-privado-marthas-vineyard-island-desde-boston\/","url":"https:\/\/tourtravelandmore.com\/es\/tours\/eeuu-es\/tour-privado-a-nueva-york-desde-boston\/","name":"Tour privado Martha's Vineyard Island desde Boston | Tour Travel & More","isPartOf":{"@id":"https:\/\/tourtravelandmore.com\/es\/#website"},"primaryImageOfPage":{"@id":"https:\/\/tourtravelandmore.com\/es\/tours\/eeuu-es\/tour-privado-a-nueva-york-desde-boston\/#primaryimage"},"image":{"@id":"https:\/\/tourtravelandmore.com\/es\/tours\/eeuu-es\/tour-privado-a-nueva-york-desde-boston\/#primaryimage"},"thumbnailUrl":"https:\/\/tourtravelandmore.com\/wp-content\/uploads\/2021\/09\/Marthas-vineyard-5-scaled.jpg","datePublished":"2021-09-17T09:39:55+00:00","dateModified":"2021-09-17T11:47:20+00:00","description":"\u2705 Si desea sacar el m\u00e1ximo provecho posible a su Tour privado por Martha's Vineyard Island desde Boston, descubra cu\u00e1l es la mejor manera de hacerlo.","breadcrumb":{"@id":"https:\/\/tourtravelandmore.com\/es\/tours\/eeuu-es\/tour-privado-a-nueva-york-desde-boston\/#breadcrumb"},"inLanguage":"es","potentialAction":[{"@type":"ReadAction","target":["https:\/\/tourtravelandmore.com\/es\/tours\/eeuu-es\/tour-privado-a-nueva-york-desde-boston\/"]}]},{"@type":"ImageObject","inLanguage":"es","@id":"https:\/\/tourtravelandmore.com\/es\/tours\/eeuu-es\/tour-privado-a-nueva-york-desde-boston\/#primaryimage","url":"https:\/\/tourtravelandmore.com\/wp-content\/uploads\/2021\/09\/Marthas-vineyard-5-scaled.jpg","contentUrl":"https:\/\/tourtravelandmore.com\/wp-content\/uploads\/2021\/09\/Marthas-vineyard-5-scaled.jpg","width":2560,"height":1707},{"@type":"BreadcrumbList","@id":"https:\/\/tourtravelandmore.com\/es\/tours\/eeuu-es\/tour-privado-a-nueva-york-desde-boston\/#breadcrumb","itemListElement":[{"@type":"ListItem","position":1,"name":"Home","item":"https:\/\/tourtravelandmore.com\/es\/"},{"@type":"ListItem","position":2,"name":"Tours","item":"https:\/\/tourtravelandmore.com\/es\/tours\/"},{"@type":"ListItem","position":3,"name":"Tour privado Martha&#8217;s Vineyard Island desde Boston"}]},{"@type":"WebSite","@id":"https:\/\/tourtravelandmore.com\/es\/#website","url":"https:\/\/tourtravelandmore.com\/es\/","name":"Tour Travel And More","description":"Private sightseeing tours and luxury transfers in Spain","publisher":{"@id":"https:\/\/tourtravelandmore.com\/es\/#organization"},"potentialAction":[{"@type":"SearchAction","target":{"@type":"EntryPoint","urlTemplate":"https:\/\/tourtravelandmore.com\/es\/?s={search_term_string}"},"query-input":{"@type":"PropertyValueSpecification","valueRequired":true,"valueName":"search_term_string"}}],"inLanguage":"es"},{"@type":"Organization","@id":"https:\/\/tourtravelandmore.com\/es\/#organization","name":"Tour Travel And More","url":"https:\/\/tourtravelandmore.com\/es\/","logo":{"@type":"ImageObject","inLanguage":"es","@id":"https:\/\/tourtravelandmore.com\/es\/#\/schema\/logo\/image\/","url":"https:\/\/tourtravelandmore.com\/wp-content\/uploads\/2022\/12\/cropped-logo-cabecera-new.png","contentUrl":"https:\/\/tourtravelandmore.com\/wp-content\/uploads\/2022\/12\/cropped-logo-cabecera-new.png","width":430,"height":61,"caption":"Tour Travel And More"},"image":{"@id":"https:\/\/tourtravelandmore.com\/es\/#\/schema\/logo\/image\/"},"sameAs":["https:\/\/www.facebook.com\/tourtravelandmore\/","https:\/\/x.com\/TourTravel_More"]}]}},"_links":{"self":[{"href":"https:\/\/tourtravelandmore.com\/es\/wp-json\/wp\/v2\/product\/111123","targetHints":{"allow":["GET"]}}],"collection":[{"href":"https:\/\/tourtravelandmore.com\/es\/wp-json\/wp\/v2\/product"}],"about":[{"href":"https:\/\/tourtravelandmore.com\/es\/wp-json\/wp\/v2\/types\/product"}],"replies":[{"embeddable":true,"href":"https:\/\/tourtravelandmore.com\/es\/wp-json\/wp\/v2\/comments?post=111123"}],"wp:featuredmedia":[{"embeddable":true,"href":"https:\/\/tourtravelandmore.com\/es\/wp-json\/wp\/v2\/media\/111148"}],"wp:attachment":[{"href":"https:\/\/tourtravelandmore.com\/es\/wp-json\/wp\/v2\/media?parent=111123"}],"wp:term":[{"taxonomy":"product_brand","embeddable":true,"href":"https:\/\/tourtravelandmore.com\/es\/wp-json\/wp\/v2\/product_brand?post=111123"},{"taxonomy":"product_cat","embeddable":true,"href":"https:\/\/tourtravelandmore.com\/es\/wp-json\/wp\/v2\/product_cat?post=111123"},{"taxonomy":"product_tag","embeddable":true,"href":"https:\/\/tourtravelandmore.com\/es\/wp-json\/wp\/v2\/product_tag?post=111123"}],"curies":[{"name":"wp","href":"https:\/\/api.w.org\/{rel}","templated":true}]}}