{"id":11109,"date":"2017-02-16T11:54:21","date_gmt":"2017-02-16T11:52:50","guid":{"rendered":"http:\/\/tourtravelandmore.com\/es\/?post_type=product&#038;p=11109"},"modified":"2022-04-01T12:13:09","modified_gmt":"2022-04-01T10:13:09","slug":"tour-privado-a-venecia-desde-milan","status":"publish","type":"product","link":"https:\/\/tourtravelandmore.com\/es\/tours\/italia-es\/milan-es\/tour-privado-a-venecia-desde-milan\/","title":{"rendered":"Tour privado a Venecia desde Mil\u00e1n"},"content":{"rendered":"<h2><span style=\"font-weight: 400;\">Descripci\u00f3n del Tour Privado a Venecia desde Mil\u00e1n<\/span><\/h2>\n<p><span style=\"font-weight: 400;\">Venecia est\u00e1 ubicada al noreste de Italia y es considerada en todo el mundo como una de las ciudades m\u00e1s encantadoras de Europa. Adem\u00e1s, es famosa porque est\u00e1 repartida entre 120 islas unidas por m\u00e1s de 200 puentes, cuyos canales desembocan en el mar Adri\u00e1tico. De hecho, por esto se conoce como \u201cla ciudad de los canales\u201d.<\/span><\/p>\n<p><span style=\"font-weight: 400;\">Este <\/span><b>tour privado a Venecia desde Mil\u00e1n<\/b><span style=\"font-weight: 400;\"> est\u00e1 planificado para que explores cada detalle de esta magn\u00edfica urbe, como sus calles medievales, la plaza San Marcos, sus edificios antiguos y muchas otras joyas arquitect\u00f3nicas.\u00a0<\/span><\/p>\n<p><span style=\"font-weight: 400;\">Tambi\u00e9n, podr\u00e1s fotografiarte frente al Puente de los Suspiros y al Palacio Ducal, pasar\u00e1s por la Torre del Reloj de San Marcos y ver\u00e1s la iglesia de Frari en donde se encuentra una de las obras maestras de Giovanni Bellini \u201cLa Asunci\u00f3n de Mar\u00eda\u201d.\u00a0<\/span><\/p>\n<p><span style=\"font-weight: 400;\">Puedes <\/span><b>acordar con el gu\u00eda la hora de encuentro en un lugar c\u00e9ntrico de Mil\u00e1n<\/b><span style=\"font-weight: 400;\"> para que inicies el recorrido hasta Venecia de la manera en que lo prefieras. De hecho, podr\u00e1s escoger entre el traslado en coche privado o un viaje directo en tren hasta Venecia.\u00a0<\/span><\/p>\n<p><span style=\"font-weight: 400;\">Al llegar a Venecia te encontrar\u00e1s con el gu\u00eda privado, quien te acompa\u00f1ar\u00e1 por 2 horas para darte los datos culturales e hist\u00f3ricos de mayor inter\u00e9s.\u00a0<\/span><\/p>\n<p><span style=\"font-weight: 400;\">Cuando finalices el recorrido, nuestro chofer estar\u00e1 atento para regresarte hasta Mil\u00e1n o para llevarte a la estaci\u00f3n del tren. El objetivo es que viajes lo m\u00e1s c\u00f3modo posible.\u00a0\u00a0<\/span><\/p>\n<p><span style=\"font-weight: 400;\">Igualmente, si decides conocer otra de las ciudades m\u00e1s importantes de Italia, puedes optar por nuestro <\/span><a href=\"https:\/\/tourtravelandmore.com\/es\/tours\/italia-es\/milan-es\/tour-privado-a-bolonia-desde-milan\/\"><b>tour privado desde Mil\u00e1n hasta Bolonia<\/b><\/a><span style=\"font-weight: 400;\">.\u00a0<\/span><\/p>\n<h2><strong><span style=\"color: #d3af37;\">Puntos de inter\u00e9s en el tour privado a Venecia<\/span><\/strong><\/h2>\n<p><span style=\"font-weight: 400;\">Aprovecha al m\u00e1ximo tu tiempo por Italia, en una excursi\u00f3n privada a Venecia que revela la diversa arquitectura de la ciudad, la cual es considerada como una obra maestra del renacimiento.\u00a0<\/span><\/p>\n<p><span style=\"font-weight: 400;\">Cada detalle de este <\/span><b>paseo de 12 horas<\/b><span style=\"font-weight: 400;\"> se ajusta a tus necesidades e intereses. Para empezar podemos buscarte por el punto c\u00e9ntrico de Mil\u00e1n o por tu hotel (si est\u00e1 en el centro de la ciudad) para iniciar el viaje hasta Venecia de acuerdo a la alternativa que m\u00e1s te convenga:\u00a0<\/span><\/p>\n<p><span style=\"font-weight: 400;\">Luego te trasladaremos en un coche privado de lujo o puedes ir en tren a Venecia y nosotros nos encargamos del ticket y de llevarte a la estaci\u00f3n.\u00a0<\/span><\/p>\n<p><span style=\"font-weight: 400;\">Una vez en Venecia, un gu\u00eda privado te estar\u00e1 esperando para que conozcas los siguientes puntos de inter\u00e9s:\u00a0<\/span><\/p>\n<h3><strong><span style=\"color: #d3af37;\">La Bas\u00edlica de San Marcos<\/span><\/strong><\/h3>\n<p><span style=\"font-weight: 400;\">Esta obra maestra de la arquitectura es admirada por miles de turistas cada a\u00f1o. Adem\u00e1s, la bas\u00edlica se encuentra en el coraz\u00f3n de la ciudad: la Plaza San Marcos.\u00a0<\/span><\/p>\n<p><span style=\"font-weight: 400;\">Fue una construcci\u00f3n hecha en el a\u00f1o 828 para recibir los restos del ap\u00f3stol cristiano San Marcos. Desde entonces ha sufrido muchas modificaciones, pero su belleza sigue cautivando a los turistas de todo el mundo.\u00a0<\/span><\/p>\n<p><span style=\"font-weight: 400;\">En su entrada se puede apreciar la estatua de San Marcos junto al emblema de la ciudad.\u00a0<\/span><\/p>\n<h3><span style=\"font-weight: 400;\">\u00a0<\/span><strong><span style=\"color: #d3af37;\">El Gran Canal<\/span><\/strong><\/h3>\n<p><span style=\"font-weight: 400;\">De los innumerables canales de Venecia, siempre destaca El Gran Canal. En este paseo privado conocer\u00e1s este espacio el cual divide a la ciudad en dos. Sabemos que ser\u00e1n muchas las fotograf\u00edas que querr\u00e1s tomar en este espl\u00e9ndido lugar.\u00a0<\/span><\/p>\n<h3><span style=\"color: #d3af37;\"><strong>El Palacio Ducal\u00a0<\/strong><\/span><\/h3>\n<p><span style=\"font-weight: 400;\">Este incre\u00edble edificio g\u00f3tico de piedra blanca es uno de los sitios imprescindibles para conocer en Venecia. Fue creado entre el siglo X y XI y era la residencia principal de los gobernantes de la ciudad.\u00a0<\/span><\/p>\n<p><span style=\"font-weight: 400;\">Aparte de estos lugares, tambi\u00e9n en este paseo guiado podr\u00e1s conocer:\u00a0<\/span><\/p>\n<ul>\n<li><b>El Puente Rialto.<\/b><\/li>\n<li><b>El campanario de San Marcos.\u00a0<\/b><\/li>\n<li><b>El Puente de los Suspiros.\u00a0<\/b><\/li>\n<li><b>La Iglesia San Mar\u00eda de Frari.<\/b><\/li>\n<li><b>El Guetto Jud\u00edo.\u00a0<\/b><\/li>\n<li><b>Los canales y las g\u00f3ndolas y mucho m\u00e1s.\u00a0<\/b><\/li>\n<\/ul>\n<p><span style=\"font-weight: 400;\">Lo mejor de todo es que tendr\u00e1s tiempo libre para recorrer la ciudad a tu gusto y disfrutar de su incre\u00edble gastronom\u00eda. Por \u00faltimo, el conductor privado te llevar\u00e1 de vuelta hasta el punto que nos indiques.<\/span><\/p>\n","protected":false},"excerpt":{"rendered":"<p><span style=\"font-weight: 400;\">Acomp\u00e1\u00f1anos a vivir una experiencia \u00fanica en este tour privado por Venecia desde Mil\u00e1n para conocer una de las ciudades m\u00e1s rom\u00e1nticas y hermosas del mundo. Puedes escoger entre viajar en un c\u00f3modo coche de lujo o ir en tren hasta Venecia. En cualquiera de las dos opciones tendr\u00e1s la compa\u00f1\u00eda de un gu\u00eda privado que te llevar\u00e1 a explorar los monumentos y edificios m\u00e1s emblem\u00e1ticos de esta ciudad<\/span><\/p>\n","protected":false},"featured_media":120585,"comment_status":"open","ping_status":"closed","template":"","meta":{"_acf_changed":false},"product_brand":[],"product_cat":[424,425,427,426],"product_tag":[],"class_list":{"0":"post-11109","1":"product","2":"type-product","3":"status-publish","4":"has-post-thumbnail","6":"product_cat-milan-es","7":"product_cat-milan-actividades-es","8":"product_cat-milan-rutas-turisticas-privadas-es","9":"product_cat-milan-excursiones-es","11":"first","12":"instock","13":"shipping-taxable","14":"purchasable","15":"product-type-simple"},"acf":[],"yoast_head":"<!-- This site is optimized with the Yoast SEO Premium plugin v25.3.1 (Yoast SEO v25.3.1) - https:\/\/yoast.com\/wordpress\/plugins\/seo\/ -->\n<title>Tour privado a Venecia desde Mil\u00e1n en coche de lujo o en tren, con un gu\u00eda privado incluido<\/title>\n<meta name=\"description\" content=\"Disfruta de todo lo que Venecia tiene para ofrecer en un tour privado a Venecia desde Mil\u00e1n con traslado en un coche de lujo o directo en tren y con la compa\u00f1\u00eda de un gu\u00eda oficial privado.\" \/>\n<meta name=\"robots\" content=\"index, follow, max-snippet:-1, max-image-preview:large, max-video-preview:-1\" \/>\n<link rel=\"canonical\" href=\"https:\/\/tourtravelandmore.com\/es\/tours\/italia-es\/milan-es\/tour-privado-a-venecia-desde-milan\/\" \/>\n<meta property=\"og:locale\" content=\"es_ES\" \/>\n<meta property=\"og:type\" content=\"article\" \/>\n<meta property=\"og:title\" content=\"Tour privado a Venecia desde Mil\u00e1n\" \/>\n<meta property=\"og:description\" content=\"Disfruta de todo lo que Venecia tiene para ofrecer en un tour privado a Venecia desde Mil\u00e1n con traslado en un coche de lujo o directo en tren y con la compa\u00f1\u00eda de un gu\u00eda oficial privado.\" \/>\n<meta property=\"og:url\" content=\"https:\/\/tourtravelandmore.com\/es\/tours\/italia-es\/milan-es\/tour-privado-a-venecia-desde-milan\/\" \/>\n<meta property=\"og:site_name\" content=\"Tour Travel And More\" \/>\n<meta property=\"article:publisher\" content=\"https:\/\/www.facebook.com\/tourtravelandmore\/\" \/>\n<meta property=\"article:modified_time\" content=\"2022-04-01T10:13:09+00:00\" \/>\n<meta property=\"og:image\" content=\"https:\/\/tourtravelandmore.com\/wp-content\/uploads\/2017\/02\/image2.jpg\" \/>\n\t<meta property=\"og:image:width\" content=\"917\" \/>\n\t<meta property=\"og:image:height\" content=\"615\" \/>\n\t<meta property=\"og:image:type\" content=\"image\/jpeg\" \/>\n<meta name=\"twitter:card\" content=\"summary_large_image\" \/>\n<meta name=\"twitter:site\" content=\"@TourTravel_More\" \/>\n<meta name=\"twitter:label1\" content=\"Tiempo de lectura\" \/>\n\t<meta name=\"twitter:data1\" content=\"4 minutos\" \/>\n<script type=\"application\/ld+json\" class=\"yoast-schema-graph\">{\"@context\":\"https:\/\/schema.org\",\"@graph\":[{\"@type\":\"WebPage\",\"@id\":\"https:\/\/tourtravelandmore.com\/es\/tours\/italia-es\/milan-es\/tour-privado-a-venecia-desde-milan\/\",\"url\":\"https:\/\/tourtravelandmore.com\/es\/tours\/italia-es\/milan-es\/tour-privado-a-venecia-desde-milan\/\",\"name\":\"Tour privado a Venecia desde Mil\u00e1n en coche de lujo o en tren, con un gu\u00eda privado incluido\",\"isPartOf\":{\"@id\":\"https:\/\/tourtravelandmore.com\/es\/#website\"},\"primaryImageOfPage\":{\"@id\":\"https:\/\/tourtravelandmore.com\/es\/tours\/italia-es\/milan-es\/tour-privado-a-venecia-desde-milan\/#primaryimage\"},\"image\":{\"@id\":\"https:\/\/tourtravelandmore.com\/es\/tours\/italia-es\/milan-es\/tour-privado-a-venecia-desde-milan\/#primaryimage\"},\"thumbnailUrl\":\"https:\/\/tourtravelandmore.com\/wp-content\/uploads\/2017\/02\/image2.jpg\",\"datePublished\":\"2017-02-16T11:52:50+00:00\",\"dateModified\":\"2022-04-01T10:13:09+00:00\",\"description\":\"Disfruta de todo lo que Venecia tiene para ofrecer en un tour privado a Venecia desde Mil\u00e1n con traslado en un coche de lujo o directo en tren y con la compa\u00f1\u00eda de un gu\u00eda oficial privado.\",\"breadcrumb\":{\"@id\":\"https:\/\/tourtravelandmore.com\/es\/tours\/italia-es\/milan-es\/tour-privado-a-venecia-desde-milan\/#breadcrumb\"},\"inLanguage\":\"es\",\"potentialAction\":[{\"@type\":\"ReadAction\",\"target\":[\"https:\/\/tourtravelandmore.com\/es\/tours\/italia-es\/milan-es\/tour-privado-a-venecia-desde-milan\/\"]}]},{\"@type\":\"ImageObject\",\"inLanguage\":\"es\",\"@id\":\"https:\/\/tourtravelandmore.com\/es\/tours\/italia-es\/milan-es\/tour-privado-a-venecia-desde-milan\/#primaryimage\",\"url\":\"https:\/\/tourtravelandmore.com\/wp-content\/uploads\/2017\/02\/image2.jpg\",\"contentUrl\":\"https:\/\/tourtravelandmore.com\/wp-content\/uploads\/2017\/02\/image2.jpg\",\"width\":917,\"height\":615},{\"@type\":\"BreadcrumbList\",\"@id\":\"https:\/\/tourtravelandmore.com\/es\/tours\/italia-es\/milan-es\/tour-privado-a-venecia-desde-milan\/#breadcrumb\",\"itemListElement\":[{\"@type\":\"ListItem\",\"position\":1,\"name\":\"Home\",\"item\":\"https:\/\/tourtravelandmore.com\/es\/\"},{\"@type\":\"ListItem\",\"position\":2,\"name\":\"Tours\",\"item\":\"https:\/\/tourtravelandmore.com\/es\/tours\/\"},{\"@type\":\"ListItem\",\"position\":3,\"name\":\"Tour privado a Venecia desde Mil\u00e1n\"}]},{\"@type\":\"WebSite\",\"@id\":\"https:\/\/tourtravelandmore.com\/es\/#website\",\"url\":\"https:\/\/tourtravelandmore.com\/es\/\",\"name\":\"Tour Travel And More\",\"description\":\"Private sightseeing tours and luxury transfers in Spain\",\"publisher\":{\"@id\":\"https:\/\/tourtravelandmore.com\/es\/#organization\"},\"potentialAction\":[{\"@type\":\"SearchAction\",\"target\":{\"@type\":\"EntryPoint\",\"urlTemplate\":\"https:\/\/tourtravelandmore.com\/es\/?s={search_term_string}\"},\"query-input\":{\"@type\":\"PropertyValueSpecification\",\"valueRequired\":true,\"valueName\":\"search_term_string\"}}],\"inLanguage\":\"es\"},{\"@type\":\"Organization\",\"@id\":\"https:\/\/tourtravelandmore.com\/es\/#organization\",\"name\":\"Tour Travel And More\",\"url\":\"https:\/\/tourtravelandmore.com\/es\/\",\"logo\":{\"@type\":\"ImageObject\",\"inLanguage\":\"es\",\"@id\":\"https:\/\/tourtravelandmore.com\/es\/#\/schema\/logo\/image\/\",\"url\":\"https:\/\/tourtravelandmore.com\/wp-content\/uploads\/2022\/12\/cropped-logo-cabecera-new.png\",\"contentUrl\":\"https:\/\/tourtravelandmore.com\/wp-content\/uploads\/2022\/12\/cropped-logo-cabecera-new.png\",\"width\":430,\"height\":61,\"caption\":\"Tour Travel And More\"},\"image\":{\"@id\":\"https:\/\/tourtravelandmore.com\/es\/#\/schema\/logo\/image\/\"},\"sameAs\":[\"https:\/\/www.facebook.com\/tourtravelandmore\/\",\"https:\/\/x.com\/TourTravel_More\"]}]}<\/script>\n<!-- \/ Yoast SEO Premium plugin. -->","yoast_head_json":{"title":"Tour privado a Venecia desde Mil\u00e1n en coche de lujo o en tren, con un gu\u00eda privado incluido","description":"Disfruta de todo lo que Venecia tiene para ofrecer en un tour privado a Venecia desde Mil\u00e1n con traslado en un coche de lujo o directo en tren y con la compa\u00f1\u00eda de un gu\u00eda oficial privado.","robots":{"index":"index","follow":"follow","max-snippet":"max-snippet:-1","max-image-preview":"max-image-preview:large","max-video-preview":"max-video-preview:-1"},"canonical":"https:\/\/tourtravelandmore.com\/es\/tours\/italia-es\/milan-es\/tour-privado-a-venecia-desde-milan\/","og_locale":"es_ES","og_type":"article","og_title":"Tour privado a Venecia desde Mil\u00e1n","og_description":"Disfruta de todo lo que Venecia tiene para ofrecer en un tour privado a Venecia desde Mil\u00e1n con traslado en un coche de lujo o directo en tren y con la compa\u00f1\u00eda de un gu\u00eda oficial privado.","og_url":"https:\/\/tourtravelandmore.com\/es\/tours\/italia-es\/milan-es\/tour-privado-a-venecia-desde-milan\/","og_site_name":"Tour Travel And More","article_publisher":"https:\/\/www.facebook.com\/tourtravelandmore\/","article_modified_time":"2022-04-01T10:13:09+00:00","og_image":[{"width":917,"height":615,"url":"https:\/\/tourtravelandmore.com\/wp-content\/uploads\/2017\/02\/image2.jpg","type":"image\/jpeg"}],"twitter_card":"summary_large_image","twitter_site":"@TourTravel_More","twitter_misc":{"Tiempo de lectura":"4 minutos"},"schema":{"@context":"https:\/\/schema.org","@graph":[{"@type":"WebPage","@id":"https:\/\/tourtravelandmore.com\/es\/tours\/italia-es\/milan-es\/tour-privado-a-venecia-desde-milan\/","url":"https:\/\/tourtravelandmore.com\/es\/tours\/italia-es\/milan-es\/tour-privado-a-venecia-desde-milan\/","name":"Tour privado a Venecia desde Mil\u00e1n en coche de lujo o en tren, con un gu\u00eda privado incluido","isPartOf":{"@id":"https:\/\/tourtravelandmore.com\/es\/#website"},"primaryImageOfPage":{"@id":"https:\/\/tourtravelandmore.com\/es\/tours\/italia-es\/milan-es\/tour-privado-a-venecia-desde-milan\/#primaryimage"},"image":{"@id":"https:\/\/tourtravelandmore.com\/es\/tours\/italia-es\/milan-es\/tour-privado-a-venecia-desde-milan\/#primaryimage"},"thumbnailUrl":"https:\/\/tourtravelandmore.com\/wp-content\/uploads\/2017\/02\/image2.jpg","datePublished":"2017-02-16T11:52:50+00:00","dateModified":"2022-04-01T10:13:09+00:00","description":"Disfruta de todo lo que Venecia tiene para ofrecer en un tour privado a Venecia desde Mil\u00e1n con traslado en un coche de lujo o directo en tren y con la compa\u00f1\u00eda de un gu\u00eda oficial privado.","breadcrumb":{"@id":"https:\/\/tourtravelandmore.com\/es\/tours\/italia-es\/milan-es\/tour-privado-a-venecia-desde-milan\/#breadcrumb"},"inLanguage":"es","potentialAction":[{"@type":"ReadAction","target":["https:\/\/tourtravelandmore.com\/es\/tours\/italia-es\/milan-es\/tour-privado-a-venecia-desde-milan\/"]}]},{"@type":"ImageObject","inLanguage":"es","@id":"https:\/\/tourtravelandmore.com\/es\/tours\/italia-es\/milan-es\/tour-privado-a-venecia-desde-milan\/#primaryimage","url":"https:\/\/tourtravelandmore.com\/wp-content\/uploads\/2017\/02\/image2.jpg","contentUrl":"https:\/\/tourtravelandmore.com\/wp-content\/uploads\/2017\/02\/image2.jpg","width":917,"height":615},{"@type":"BreadcrumbList","@id":"https:\/\/tourtravelandmore.com\/es\/tours\/italia-es\/milan-es\/tour-privado-a-venecia-desde-milan\/#breadcrumb","itemListElement":[{"@type":"ListItem","position":1,"name":"Home","item":"https:\/\/tourtravelandmore.com\/es\/"},{"@type":"ListItem","position":2,"name":"Tours","item":"https:\/\/tourtravelandmore.com\/es\/tours\/"},{"@type":"ListItem","position":3,"name":"Tour privado a Venecia desde Mil\u00e1n"}]},{"@type":"WebSite","@id":"https:\/\/tourtravelandmore.com\/es\/#website","url":"https:\/\/tourtravelandmore.com\/es\/","name":"Tour Travel And More","description":"Private sightseeing tours and luxury transfers in Spain","publisher":{"@id":"https:\/\/tourtravelandmore.com\/es\/#organization"},"potentialAction":[{"@type":"SearchAction","target":{"@type":"EntryPoint","urlTemplate":"https:\/\/tourtravelandmore.com\/es\/?s={search_term_string}"},"query-input":{"@type":"PropertyValueSpecification","valueRequired":true,"valueName":"search_term_string"}}],"inLanguage":"es"},{"@type":"Organization","@id":"https:\/\/tourtravelandmore.com\/es\/#organization","name":"Tour Travel And More","url":"https:\/\/tourtravelandmore.com\/es\/","logo":{"@type":"ImageObject","inLanguage":"es","@id":"https:\/\/tourtravelandmore.com\/es\/#\/schema\/logo\/image\/","url":"https:\/\/tourtravelandmore.com\/wp-content\/uploads\/2022\/12\/cropped-logo-cabecera-new.png","contentUrl":"https:\/\/tourtravelandmore.com\/wp-content\/uploads\/2022\/12\/cropped-logo-cabecera-new.png","width":430,"height":61,"caption":"Tour Travel And More"},"image":{"@id":"https:\/\/tourtravelandmore.com\/es\/#\/schema\/logo\/image\/"},"sameAs":["https:\/\/www.facebook.com\/tourtravelandmore\/","https:\/\/x.com\/TourTravel_More"]}]}},"_links":{"self":[{"href":"https:\/\/tourtravelandmore.com\/es\/wp-json\/wp\/v2\/product\/11109","targetHints":{"allow":["GET"]}}],"collection":[{"href":"https:\/\/tourtravelandmore.com\/es\/wp-json\/wp\/v2\/product"}],"about":[{"href":"https:\/\/tourtravelandmore.com\/es\/wp-json\/wp\/v2\/types\/product"}],"replies":[{"embeddable":true,"href":"https:\/\/tourtravelandmore.com\/es\/wp-json\/wp\/v2\/comments?post=11109"}],"wp:featuredmedia":[{"embeddable":true,"href":"https:\/\/tourtravelandmore.com\/es\/wp-json\/wp\/v2\/media\/120585"}],"wp:attachment":[{"href":"https:\/\/tourtravelandmore.com\/es\/wp-json\/wp\/v2\/media?parent=11109"}],"wp:term":[{"taxonomy":"product_brand","embeddable":true,"href":"https:\/\/tourtravelandmore.com\/es\/wp-json\/wp\/v2\/product_brand?post=11109"},{"taxonomy":"product_cat","embeddable":true,"href":"https:\/\/tourtravelandmore.com\/es\/wp-json\/wp\/v2\/product_cat?post=11109"},{"taxonomy":"product_tag","embeddable":true,"href":"https:\/\/tourtravelandmore.com\/es\/wp-json\/wp\/v2\/product_tag?post=11109"}],"curies":[{"name":"wp","href":"https:\/\/api.w.org\/{rel}","templated":true}]}}