{"id":11104,"date":"2017-02-16T11:41:00","date_gmt":"2017-02-16T11:46:12","guid":{"rendered":"http:\/\/tourtravelandmore.com\/es\/?post_type=product&#038;p=11104"},"modified":"2022-04-01T12:16:40","modified_gmt":"2022-04-01T10:16:40","slug":"tour-privado-al-museo-leonardo-da-vinci-museo-nacional-de-ciencia-y-tecnologia-leonardo-da-vinci","status":"publish","type":"product","link":"https:\/\/tourtravelandmore.com\/es\/tours\/italia-es\/milan-es\/tour-privado-al-museo-leonardo-da-vinci-museo-nacional-de-ciencia-y-tecnologia-leonardo-da-vinci\/","title":{"rendered":"Tour Privado al Museo Leonardo Da Vinci &#8211; Museo Nacional de Ciencia y Tecnolog\u00eda Leonardo da Vinci"},"content":{"rendered":"<h2><b>Descripci\u00f3n del Tour Privado al Museo Leonardo Da Vinci &#8211; Museo Nacional de Ciencia y Tecnolog\u00eda Leonardo da Vinci<\/b><\/h2>\n<p><span style=\"font-weight: 400;\">\u00bfVas a viajar a Mil\u00e1n? Entonces no puedes perderte una visita al Museo Nacional de Ciencia y Tecnolog\u00eda Leonardo Da Vinci.\u00a0<\/span><\/p>\n<p><span style=\"font-weight: 400;\">Este es un <\/span><b>museo dedicado a la vida y la obra de Leonardo da Vinci<\/b><span style=\"font-weight: 400;\">, en el cual tambi\u00e9n se exponen muchos instrumentos cient\u00edficos del siglo XIX, los cuales se construyeron a partir de sus dise\u00f1os.<\/span><\/p>\n<p><span style=\"font-weight: 400;\">En nuestro <\/span><b>tour privado de 2 horas ir\u00e1s con un gu\u00eda oficial experto en historia<\/b><span style=\"font-weight: 400;\"> para que descubras, entre otras cosas, la primera locomotora italiana, un trozo de la luna y hasta un enorme submarino.\u00a0<\/span><\/p>\n<p><span style=\"font-weight: 400;\">La visita tambi\u00e9n incluye un itinerario hacia las Galer\u00edas Hist\u00f3ricas, compuestas por una colecci\u00f3n de pinturas y esculturas de diferentes \u00e9pocas.\u00a0<\/span><\/p>\n<p><span style=\"font-weight: 400;\">Tambi\u00e9n, ver\u00e1s de cerca algunas de las maquetas que representan los grandes inventos de Da Vinci, quien es considerado uno de los m\u00e1s grandes genios de todos los tiempos.\u00a0<\/span><\/p>\n<p><span style=\"font-weight: 400;\">Adem\u00e1s, puedes acordar con el gu\u00eda privado el encuentro en la entrada del museo o en un punto cercano. Lo mejor de todo es que <\/span><b>en este tour personalizado tendr\u00e1s las entradas exclusivas al museo<\/b><span style=\"font-weight: 400;\"> para que no hagas filas ni pierdas tiempo para entrar.\u00a0<\/span><\/p>\n<p><span style=\"font-weight: 400;\">No solo ser\u00e1 una visita informativa al museo, sino que tendr\u00e1s la oportunidad de aprender e interactuar con algunos de los numerosos inventos.<\/span><\/p>\n<p><span style=\"font-weight: 400;\">Al finalizar el recorrido, el gu\u00eda te llevar\u00e1 de vuelta hasta la entrada del museo o al sitio acordado.\u00a0<\/span><\/p>\n<h2><span style=\"color: #d3af37;\"><b>Puntos de inter\u00e9s del <\/b><b>Tour Privado al Museo Leonardo Da Vinci &#8211; Museo Nacional de Ciencia y Tecnolog\u00eda Leonardo da Vinci<\/b><\/span><\/h2>\n<p><span style=\"font-weight: 400;\">En el antiguo monasterio de San Vittore al Corpo en Mil\u00e1n se encuentra el Museo Nazionale della Scienza e Tecnologia Leonardo Da Vinci. Este <\/span><b>tour privado<\/b><span style=\"font-weight: 400;\"> te llevar\u00e1 a descubrir esta joya oculta y, por lo tanto, ser\u00e1 un viaje que nunca olvidar\u00e1s.\u00a0<\/span><\/p>\n<p><span style=\"font-weight: 400;\">En la entrada de la galer\u00eda te esperar\u00e1 un gu\u00eda oficial para que conozcas cada detalle de este impresionante museo que fue fundado en 1947.\u00a0<\/span><\/p>\n<p><span style=\"font-weight: 400;\">El recinto se organiza en 4 secciones diferenciadas. Algunos de los inventos y exposiciones m\u00e1s interesantes que ver\u00e1s ser\u00e1n los siguientes:\u00a0<\/span><\/p>\n<ul>\n<li aria-level=\"1\"><b>El primer tren a vapor de Italia.<\/b><\/li>\n<\/ul>\n<ul>\n<li aria-level=\"1\"><b>El interior del submarino italiano Enrico Toti.\u00a0<\/b><\/li>\n<\/ul>\n<ul>\n<li aria-level=\"1\"><b>Un lanzador espacial.\u00a0<\/b><\/li>\n<\/ul>\n<ul>\n<li aria-level=\"1\"><b>170 maquetas hist\u00f3ricas.\u00a0<\/b><\/li>\n<\/ul>\n<ul>\n<li aria-level=\"1\"><b>Un aut\u00e9ntico trozo de la luna.\u00a0<\/b><\/li>\n<\/ul>\n<ul>\n<li aria-level=\"1\"><b>El puente de mando de un barco transatl\u00e1ntico.\u00a0<\/b><\/li>\n<\/ul>\n<ul>\n<li aria-level=\"1\"><b>M\u00e1s de 15.000 objetos cient\u00edficos y tecnol\u00f3gicos antiguos y modernos.\u00a0<\/b><\/li>\n<\/ul>\n<ul>\n<li aria-level=\"1\"><b>Una biblioteca con m\u00e1s de 40.000 art\u00edculos cient\u00edficos y de invenci\u00f3n tecnol\u00f3gica.\u00a0<\/b><\/li>\n<\/ul>\n<p><span style=\"font-weight: 400;\">Pero, sin dudas, la secci\u00f3n m\u00e1s interesante del recorrido es visitar la galer\u00eda dedicada a los inventos de Leonardo Da Vinci. Adem\u00e1s, este tour es ideal para que las familias y los amigos interact\u00faen de manera entretenida con la evoluci\u00f3n que ha tenido la ciencia y la tecnolog\u00eda a nivel mundial.\u00a0<\/span><\/p>\n<p><span style=\"font-weight: 400;\">Finalmente, el gu\u00eda privado te llevar\u00e1 hasta el punto acordado en la entrada del museo.\u00a0<\/span><\/p>\n<p><span style=\"font-weight: 400;\">Te recomendamos que aproveches al m\u00e1ximo tu tiempo por Mil\u00e1n y disfrutes de nuestro <\/span><a href=\"https:\/\/tourtravelandmore.com\/es\/tours\/italia-es\/milan-es\/tour-privado-a-pie-de-milan-completo\/\"><b>tour privado a pie de Mil\u00e1n 4 Horas: Experiencia completa<\/b><\/a><span style=\"font-weight: 400;\">, ya que ser\u00e1 una espl\u00e9ndida manera de conectar por completo con esta incre\u00edble ciudad. <\/span><\/p>\n","protected":false},"excerpt":{"rendered":"<p><span style=\"font-weight: 400;\">Explora las obras y las teor\u00edas de Leonardo Da Vinci en el Museo Nacional de Ciencia y Tecnolog\u00eda Leonardo Da Vinci de Mil\u00e1n. Aprende m\u00e1s sobre sus invenciones \u00fanicas, as\u00ed como de los aportes de otros inventores italianos, mientras descubres m\u00e1s de medio mill\u00f3n de artefactos que muestran la innovaci\u00f3n italiana a lo largo del tiempo. Lo mejor es que estar\u00e1s con un gu\u00eda privado experto en historia.<\/span><\/p>\n","protected":false},"featured_media":120864,"comment_status":"open","ping_status":"closed","template":"","meta":{"_acf_changed":false},"product_brand":[],"product_cat":[424,425,428],"product_tag":[],"class_list":{"0":"post-11104","1":"product","2":"type-product","3":"status-publish","4":"has-post-thumbnail","6":"product_cat-milan-es","7":"product_cat-milan-actividades-es","8":"product_cat-milan-tours-privados-pie-es","10":"first","11":"instock","12":"shipping-taxable","13":"purchasable","14":"product-type-simple"},"acf":[],"yoast_head":"<!-- This site is optimized with the Yoast SEO Premium plugin v25.3.1 (Yoast SEO v25.3.1) - https:\/\/yoast.com\/wordpress\/plugins\/seo\/ -->\n<title>Tour Privado al Museo Leonardo Da Vinci en compa\u00f1\u00eda de un gu\u00eda privado<\/title>\n<meta name=\"description\" content=\"Visita uno de los museos m\u00e1s importantes de ciencia y tecnolog\u00eda del mundo en un tour privado al Museo Nacional de Ciencia y Tecnolog\u00eda Leonardo da Vinci. Ir\u00e1s en compa\u00f1\u00eda de un gu\u00eda privado para que vivas un viaje al pasado, al presente y al futuro de la ciencia italiana y mundial.\" \/>\n<meta name=\"robots\" content=\"index, follow, max-snippet:-1, max-image-preview:large, max-video-preview:-1\" \/>\n<link rel=\"canonical\" href=\"https:\/\/tourtravelandmore.com\/es\/tours\/italia-es\/milan-es\/tour-privado-al-museo-leonardo-da-vinci-museo-nacional-de-ciencia-y-tecnologia-leonardo-da-vinci\/\" \/>\n<meta property=\"og:locale\" content=\"es_ES\" \/>\n<meta property=\"og:type\" content=\"article\" \/>\n<meta property=\"og:title\" content=\"Tour Privado al Museo Leonardo Da Vinci - Museo Nacional de Ciencia y Tecnolog\u00eda Leonardo da Vinci\" \/>\n<meta property=\"og:description\" content=\"Visita uno de los museos m\u00e1s importantes de ciencia y tecnolog\u00eda del mundo en un tour privado al Museo Nacional de Ciencia y Tecnolog\u00eda Leonardo da Vinci. Ir\u00e1s en compa\u00f1\u00eda de un gu\u00eda privado para que vivas un viaje al pasado, al presente y al futuro de la ciencia italiana y mundial.\" \/>\n<meta property=\"og:url\" content=\"https:\/\/tourtravelandmore.com\/es\/tours\/italia-es\/milan-es\/tour-privado-al-museo-leonardo-da-vinci-museo-nacional-de-ciencia-y-tecnologia-leonardo-da-vinci\/\" \/>\n<meta property=\"og:site_name\" content=\"Tour Travel And More\" \/>\n<meta property=\"article:publisher\" content=\"https:\/\/www.facebook.com\/tourtravelandmore\/\" \/>\n<meta property=\"article:modified_time\" content=\"2022-04-01T10:16:40+00:00\" \/>\n<meta property=\"og:image\" content=\"https:\/\/tourtravelandmore.com\/wp-content\/uploads\/2017\/02\/image1-3.jpg\" \/>\n\t<meta property=\"og:image:width\" content=\"900\" \/>\n\t<meta property=\"og:image:height\" content=\"680\" \/>\n\t<meta property=\"og:image:type\" content=\"image\/jpeg\" \/>\n<meta name=\"twitter:card\" content=\"summary_large_image\" \/>\n<meta name=\"twitter:site\" content=\"@TourTravel_More\" \/>\n<meta name=\"twitter:label1\" content=\"Tiempo de lectura\" \/>\n\t<meta name=\"twitter:data1\" content=\"3 minutos\" \/>\n<script type=\"application\/ld+json\" class=\"yoast-schema-graph\">{\"@context\":\"https:\/\/schema.org\",\"@graph\":[{\"@type\":\"WebPage\",\"@id\":\"https:\/\/tourtravelandmore.com\/es\/tours\/italia-es\/milan-es\/tour-privado-al-museo-leonardo-da-vinci-museo-nacional-de-ciencia-y-tecnologia-leonardo-da-vinci\/\",\"url\":\"https:\/\/tourtravelandmore.com\/es\/tours\/italia-es\/milan-es\/tour-privado-al-museo-leonardo-da-vinci-museo-nacional-de-ciencia-y-tecnologia-leonardo-da-vinci\/\",\"name\":\"Tour Privado al Museo Leonardo Da Vinci en compa\u00f1\u00eda de un gu\u00eda privado\",\"isPartOf\":{\"@id\":\"https:\/\/tourtravelandmore.com\/es\/#website\"},\"primaryImageOfPage\":{\"@id\":\"https:\/\/tourtravelandmore.com\/es\/tours\/italia-es\/milan-es\/tour-privado-al-museo-leonardo-da-vinci-museo-nacional-de-ciencia-y-tecnologia-leonardo-da-vinci\/#primaryimage\"},\"image\":{\"@id\":\"https:\/\/tourtravelandmore.com\/es\/tours\/italia-es\/milan-es\/tour-privado-al-museo-leonardo-da-vinci-museo-nacional-de-ciencia-y-tecnologia-leonardo-da-vinci\/#primaryimage\"},\"thumbnailUrl\":\"https:\/\/tourtravelandmore.com\/wp-content\/uploads\/2017\/02\/image1-3.jpg\",\"datePublished\":\"2017-02-16T11:46:12+00:00\",\"dateModified\":\"2022-04-01T10:16:40+00:00\",\"description\":\"Visita uno de los museos m\u00e1s importantes de ciencia y tecnolog\u00eda del mundo en un tour privado al Museo Nacional de Ciencia y Tecnolog\u00eda Leonardo da Vinci. Ir\u00e1s en compa\u00f1\u00eda de un gu\u00eda privado para que vivas un viaje al pasado, al presente y al futuro de la ciencia italiana y mundial.\",\"breadcrumb\":{\"@id\":\"https:\/\/tourtravelandmore.com\/es\/tours\/italia-es\/milan-es\/tour-privado-al-museo-leonardo-da-vinci-museo-nacional-de-ciencia-y-tecnologia-leonardo-da-vinci\/#breadcrumb\"},\"inLanguage\":\"es\",\"potentialAction\":[{\"@type\":\"ReadAction\",\"target\":[\"https:\/\/tourtravelandmore.com\/es\/tours\/italia-es\/milan-es\/tour-privado-al-museo-leonardo-da-vinci-museo-nacional-de-ciencia-y-tecnologia-leonardo-da-vinci\/\"]}]},{\"@type\":\"ImageObject\",\"inLanguage\":\"es\",\"@id\":\"https:\/\/tourtravelandmore.com\/es\/tours\/italia-es\/milan-es\/tour-privado-al-museo-leonardo-da-vinci-museo-nacional-de-ciencia-y-tecnologia-leonardo-da-vinci\/#primaryimage\",\"url\":\"https:\/\/tourtravelandmore.com\/wp-content\/uploads\/2017\/02\/image1-3.jpg\",\"contentUrl\":\"https:\/\/tourtravelandmore.com\/wp-content\/uploads\/2017\/02\/image1-3.jpg\",\"width\":900,\"height\":680},{\"@type\":\"BreadcrumbList\",\"@id\":\"https:\/\/tourtravelandmore.com\/es\/tours\/italia-es\/milan-es\/tour-privado-al-museo-leonardo-da-vinci-museo-nacional-de-ciencia-y-tecnologia-leonardo-da-vinci\/#breadcrumb\",\"itemListElement\":[{\"@type\":\"ListItem\",\"position\":1,\"name\":\"Home\",\"item\":\"https:\/\/tourtravelandmore.com\/es\/\"},{\"@type\":\"ListItem\",\"position\":2,\"name\":\"Tours\",\"item\":\"https:\/\/tourtravelandmore.com\/es\/tours\/\"},{\"@type\":\"ListItem\",\"position\":3,\"name\":\"Tour Privado al Museo Leonardo Da Vinci &#8211; Museo Nacional de Ciencia y Tecnolog\u00eda Leonardo da Vinci\"}]},{\"@type\":\"WebSite\",\"@id\":\"https:\/\/tourtravelandmore.com\/es\/#website\",\"url\":\"https:\/\/tourtravelandmore.com\/es\/\",\"name\":\"Tour Travel And More\",\"description\":\"Private sightseeing tours and luxury transfers in Spain\",\"publisher\":{\"@id\":\"https:\/\/tourtravelandmore.com\/es\/#organization\"},\"potentialAction\":[{\"@type\":\"SearchAction\",\"target\":{\"@type\":\"EntryPoint\",\"urlTemplate\":\"https:\/\/tourtravelandmore.com\/es\/?s={search_term_string}\"},\"query-input\":{\"@type\":\"PropertyValueSpecification\",\"valueRequired\":true,\"valueName\":\"search_term_string\"}}],\"inLanguage\":\"es\"},{\"@type\":\"Organization\",\"@id\":\"https:\/\/tourtravelandmore.com\/es\/#organization\",\"name\":\"Tour Travel And More\",\"url\":\"https:\/\/tourtravelandmore.com\/es\/\",\"logo\":{\"@type\":\"ImageObject\",\"inLanguage\":\"es\",\"@id\":\"https:\/\/tourtravelandmore.com\/es\/#\/schema\/logo\/image\/\",\"url\":\"https:\/\/tourtravelandmore.com\/wp-content\/uploads\/2022\/12\/cropped-logo-cabecera-new.png\",\"contentUrl\":\"https:\/\/tourtravelandmore.com\/wp-content\/uploads\/2022\/12\/cropped-logo-cabecera-new.png\",\"width\":430,\"height\":61,\"caption\":\"Tour Travel And More\"},\"image\":{\"@id\":\"https:\/\/tourtravelandmore.com\/es\/#\/schema\/logo\/image\/\"},\"sameAs\":[\"https:\/\/www.facebook.com\/tourtravelandmore\/\",\"https:\/\/x.com\/TourTravel_More\"]}]}<\/script>\n<!-- \/ Yoast SEO Premium plugin. -->","yoast_head_json":{"title":"Tour Privado al Museo Leonardo Da Vinci en compa\u00f1\u00eda de un gu\u00eda privado","description":"Visita uno de los museos m\u00e1s importantes de ciencia y tecnolog\u00eda del mundo en un tour privado al Museo Nacional de Ciencia y Tecnolog\u00eda Leonardo da Vinci. Ir\u00e1s en compa\u00f1\u00eda de un gu\u00eda privado para que vivas un viaje al pasado, al presente y al futuro de la ciencia italiana y mundial.","robots":{"index":"index","follow":"follow","max-snippet":"max-snippet:-1","max-image-preview":"max-image-preview:large","max-video-preview":"max-video-preview:-1"},"canonical":"https:\/\/tourtravelandmore.com\/es\/tours\/italia-es\/milan-es\/tour-privado-al-museo-leonardo-da-vinci-museo-nacional-de-ciencia-y-tecnologia-leonardo-da-vinci\/","og_locale":"es_ES","og_type":"article","og_title":"Tour Privado al Museo Leonardo Da Vinci - Museo Nacional de Ciencia y Tecnolog\u00eda Leonardo da Vinci","og_description":"Visita uno de los museos m\u00e1s importantes de ciencia y tecnolog\u00eda del mundo en un tour privado al Museo Nacional de Ciencia y Tecnolog\u00eda Leonardo da Vinci. Ir\u00e1s en compa\u00f1\u00eda de un gu\u00eda privado para que vivas un viaje al pasado, al presente y al futuro de la ciencia italiana y mundial.","og_url":"https:\/\/tourtravelandmore.com\/es\/tours\/italia-es\/milan-es\/tour-privado-al-museo-leonardo-da-vinci-museo-nacional-de-ciencia-y-tecnologia-leonardo-da-vinci\/","og_site_name":"Tour Travel And More","article_publisher":"https:\/\/www.facebook.com\/tourtravelandmore\/","article_modified_time":"2022-04-01T10:16:40+00:00","og_image":[{"width":900,"height":680,"url":"https:\/\/tourtravelandmore.com\/wp-content\/uploads\/2017\/02\/image1-3.jpg","type":"image\/jpeg"}],"twitter_card":"summary_large_image","twitter_site":"@TourTravel_More","twitter_misc":{"Tiempo de lectura":"3 minutos"},"schema":{"@context":"https:\/\/schema.org","@graph":[{"@type":"WebPage","@id":"https:\/\/tourtravelandmore.com\/es\/tours\/italia-es\/milan-es\/tour-privado-al-museo-leonardo-da-vinci-museo-nacional-de-ciencia-y-tecnologia-leonardo-da-vinci\/","url":"https:\/\/tourtravelandmore.com\/es\/tours\/italia-es\/milan-es\/tour-privado-al-museo-leonardo-da-vinci-museo-nacional-de-ciencia-y-tecnologia-leonardo-da-vinci\/","name":"Tour Privado al Museo Leonardo Da Vinci en compa\u00f1\u00eda de un gu\u00eda privado","isPartOf":{"@id":"https:\/\/tourtravelandmore.com\/es\/#website"},"primaryImageOfPage":{"@id":"https:\/\/tourtravelandmore.com\/es\/tours\/italia-es\/milan-es\/tour-privado-al-museo-leonardo-da-vinci-museo-nacional-de-ciencia-y-tecnologia-leonardo-da-vinci\/#primaryimage"},"image":{"@id":"https:\/\/tourtravelandmore.com\/es\/tours\/italia-es\/milan-es\/tour-privado-al-museo-leonardo-da-vinci-museo-nacional-de-ciencia-y-tecnologia-leonardo-da-vinci\/#primaryimage"},"thumbnailUrl":"https:\/\/tourtravelandmore.com\/wp-content\/uploads\/2017\/02\/image1-3.jpg","datePublished":"2017-02-16T11:46:12+00:00","dateModified":"2022-04-01T10:16:40+00:00","description":"Visita uno de los museos m\u00e1s importantes de ciencia y tecnolog\u00eda del mundo en un tour privado al Museo Nacional de Ciencia y Tecnolog\u00eda Leonardo da Vinci. Ir\u00e1s en compa\u00f1\u00eda de un gu\u00eda privado para que vivas un viaje al pasado, al presente y al futuro de la ciencia italiana y mundial.","breadcrumb":{"@id":"https:\/\/tourtravelandmore.com\/es\/tours\/italia-es\/milan-es\/tour-privado-al-museo-leonardo-da-vinci-museo-nacional-de-ciencia-y-tecnologia-leonardo-da-vinci\/#breadcrumb"},"inLanguage":"es","potentialAction":[{"@type":"ReadAction","target":["https:\/\/tourtravelandmore.com\/es\/tours\/italia-es\/milan-es\/tour-privado-al-museo-leonardo-da-vinci-museo-nacional-de-ciencia-y-tecnologia-leonardo-da-vinci\/"]}]},{"@type":"ImageObject","inLanguage":"es","@id":"https:\/\/tourtravelandmore.com\/es\/tours\/italia-es\/milan-es\/tour-privado-al-museo-leonardo-da-vinci-museo-nacional-de-ciencia-y-tecnologia-leonardo-da-vinci\/#primaryimage","url":"https:\/\/tourtravelandmore.com\/wp-content\/uploads\/2017\/02\/image1-3.jpg","contentUrl":"https:\/\/tourtravelandmore.com\/wp-content\/uploads\/2017\/02\/image1-3.jpg","width":900,"height":680},{"@type":"BreadcrumbList","@id":"https:\/\/tourtravelandmore.com\/es\/tours\/italia-es\/milan-es\/tour-privado-al-museo-leonardo-da-vinci-museo-nacional-de-ciencia-y-tecnologia-leonardo-da-vinci\/#breadcrumb","itemListElement":[{"@type":"ListItem","position":1,"name":"Home","item":"https:\/\/tourtravelandmore.com\/es\/"},{"@type":"ListItem","position":2,"name":"Tours","item":"https:\/\/tourtravelandmore.com\/es\/tours\/"},{"@type":"ListItem","position":3,"name":"Tour Privado al Museo Leonardo Da Vinci &#8211; Museo Nacional de Ciencia y Tecnolog\u00eda Leonardo da Vinci"}]},{"@type":"WebSite","@id":"https:\/\/tourtravelandmore.com\/es\/#website","url":"https:\/\/tourtravelandmore.com\/es\/","name":"Tour Travel And More","description":"Private sightseeing tours and luxury transfers in Spain","publisher":{"@id":"https:\/\/tourtravelandmore.com\/es\/#organization"},"potentialAction":[{"@type":"SearchAction","target":{"@type":"EntryPoint","urlTemplate":"https:\/\/tourtravelandmore.com\/es\/?s={search_term_string}"},"query-input":{"@type":"PropertyValueSpecification","valueRequired":true,"valueName":"search_term_string"}}],"inLanguage":"es"},{"@type":"Organization","@id":"https:\/\/tourtravelandmore.com\/es\/#organization","name":"Tour Travel And More","url":"https:\/\/tourtravelandmore.com\/es\/","logo":{"@type":"ImageObject","inLanguage":"es","@id":"https:\/\/tourtravelandmore.com\/es\/#\/schema\/logo\/image\/","url":"https:\/\/tourtravelandmore.com\/wp-content\/uploads\/2022\/12\/cropped-logo-cabecera-new.png","contentUrl":"https:\/\/tourtravelandmore.com\/wp-content\/uploads\/2022\/12\/cropped-logo-cabecera-new.png","width":430,"height":61,"caption":"Tour Travel And More"},"image":{"@id":"https:\/\/tourtravelandmore.com\/es\/#\/schema\/logo\/image\/"},"sameAs":["https:\/\/www.facebook.com\/tourtravelandmore\/","https:\/\/x.com\/TourTravel_More"]}]}},"_links":{"self":[{"href":"https:\/\/tourtravelandmore.com\/es\/wp-json\/wp\/v2\/product\/11104","targetHints":{"allow":["GET"]}}],"collection":[{"href":"https:\/\/tourtravelandmore.com\/es\/wp-json\/wp\/v2\/product"}],"about":[{"href":"https:\/\/tourtravelandmore.com\/es\/wp-json\/wp\/v2\/types\/product"}],"replies":[{"embeddable":true,"href":"https:\/\/tourtravelandmore.com\/es\/wp-json\/wp\/v2\/comments?post=11104"}],"wp:featuredmedia":[{"embeddable":true,"href":"https:\/\/tourtravelandmore.com\/es\/wp-json\/wp\/v2\/media\/120864"}],"wp:attachment":[{"href":"https:\/\/tourtravelandmore.com\/es\/wp-json\/wp\/v2\/media?parent=11104"}],"wp:term":[{"taxonomy":"product_brand","embeddable":true,"href":"https:\/\/tourtravelandmore.com\/es\/wp-json\/wp\/v2\/product_brand?post=11104"},{"taxonomy":"product_cat","embeddable":true,"href":"https:\/\/tourtravelandmore.com\/es\/wp-json\/wp\/v2\/product_cat?post=11104"},{"taxonomy":"product_tag","embeddable":true,"href":"https:\/\/tourtravelandmore.com\/es\/wp-json\/wp\/v2\/product_tag?post=11104"}],"curies":[{"name":"wp","href":"https:\/\/api.w.org\/{rel}","templated":true}]}}