{"id":11099,"date":"2017-02-16T11:31:05","date_gmt":"2017-02-16T11:36:52","guid":{"rendered":"http:\/\/tourtravelandmore.com\/es\/?post_type=product&#038;p=11099"},"modified":"2024-02-07T16:12:51","modified_gmt":"2024-02-07T15:12:51","slug":"tour-privado-al-lago-di-como-desde-milan","status":"publish","type":"product","link":"https:\/\/tourtravelandmore.com\/es\/tours\/italia-es\/milan-es\/tour-privado-al-lago-di-como-desde-milan\/","title":{"rendered":"Tour Privado al lago di Como y Bellagio desde Mil\u00e1n"},"content":{"rendered":"<h2><strong>Descripci\u00f3n Tour Privado al Lago di Como desde Mil\u00e1n<\/strong><\/h2>\n<p><span style=\"font-weight: 400;\">A\u00f1o tras a\u00f1o miles de turistas escogen a Italia como su destino de viaje.\u00a0 Y <\/span><b>visitar el Lago di Como<\/b><span style=\"font-weight: 400;\"> siempre est\u00e1 dentro de su itinerario porque es uno de los paisajes naturales m\u00e1s atractivos de Europa.\u00a0<\/span><\/p>\n<p><span style=\"font-weight: 400;\">Adem\u00e1s, el lago est\u00e1 a solo 1 hora de Mil\u00e1n, lo que ofrece la incre\u00edble oportunidad de explorar un entorno relajante cerca de la metr\u00f3polis.\u00a0<\/span><\/p>\n<p><span style=\"font-weight: 400;\">Este <\/span><b>tour privado por el Lago di Como desde Mil\u00e1n<\/b><span style=\"font-weight: 400;\"> es ideal para que descubras el tercer lago m\u00e1s grande de Italia, cuya forma de \u201cY\u201d invertida se asemeja a dos brazos esperando para abrazar a los viajeros.\u00a0<\/span><\/p>\n<p><span style=\"font-weight: 400;\">Esta <\/span><b>excursi\u00f3n de 8 horas<\/b><span style=\"font-weight: 400;\"> est\u00e1 hecha a tu medida. De hecho, <\/span><b>puedes escoger entre las distintas alternativas de paseo disponibles<\/b><span style=\"font-weight: 400;\"> la que m\u00e1s se ajuste a tu tiempo y necesidades.\u00a0<\/span><\/p>\n<p><span style=\"font-weight: 400;\">En primer lugar, ofrecemos una visita al Lago di Como directo desde Mil\u00e1n en un coche privado para que conozcas tranquilamente y a tu ritmo el lago y sus alrededores.\u00a0<\/span><\/p>\n<p><span style=\"font-weight: 400;\">Ahora bien, si deseas la compa\u00f1\u00eda de un gu\u00eda oficial, no hay ning\u00fan inconveniente, puesto que podemos ofrecerte el traslado en coche privado y la orientaci\u00f3n durante 2 horas de un gu\u00eda experto en la zona.\u00a0<\/span><\/p>\n<p><span style=\"font-weight: 400;\">Adem\u00e1s, puedes hacer tu viaje a\u00fan m\u00e1s placentero incluyendo en el paquete un paseo personalizado en bote por el Lago di Como. De esta manera, ver\u00e1s de cerca las mansiones que adornan su orilla, los pueblos m\u00e1s encantadores de Italia y las imponentes monta\u00f1as que rodean este encantador paisaje.\u00a0<\/span><\/p>\n<p><b>Cualquiera de las opciones del tour que elijas incluye el traslado de vuelta a Mil\u00e1n<\/b><span style=\"font-weight: 400;\"> para que contin\u00faes con tu itinerario.\u00a0<\/span><\/p>\n<h2>Puntos de inter\u00e9s de la excursi\u00f3n privada<\/h2>\n<p><span style=\"font-weight: 400;\">El Lago di Como se ubica muy cerca de Mil\u00e1n. Esto, junto a sus maravillosos paisajes y su atm\u00f3sfera tranquila y relajante, han convertido a este lugar en uno de los sitios predilectos de los ricos y famosos.\u00a0<\/span><\/p>\n<p><span style=\"font-weight: 400;\">En nuestro tour privado por el Lago di Como desde Mil\u00e1n podr\u00e1s admirar las inmensas villas y mansiones que hay en sus alrededores, as\u00ed como tambi\u00e9n algunos de los pueblos m\u00e1s encantadores de Italia.\u00a0<\/span><\/p>\n<p><span style=\"font-weight: 400;\">Adem\u00e1s, puedes escoger entre las 3 alternativas de itinerario que ofrecemos:\u00a0<\/span><\/p>\n<h3>Opci\u00f3n 1: Visitar el lago di Como con traslado en coche privado<\/h3>\n<p><span style=\"font-weight: 400;\">El tour inicia al momento de buscarte por tu hotel en Mil\u00e1n a la hora que nos indiques. Desde all\u00ed, vas a recorrer en un coche privado de lujo un m\u00e1gico paisaje rodeado por imponentes monta\u00f1as hasta <\/span><b>llegar a la ciudad de Como.\u00a0<\/b><\/p>\n<p><span style=\"font-weight: 400;\">En esta localidad puedes conocer la Cattedrale di S. Maria Assunta, el Faro Voltiano, la Piazza del Duomo y otros puntos de inter\u00e9s.\u00a0<\/span><\/p>\n<p><span style=\"font-weight: 400;\">Muy cerca se encuentra el espl\u00e9ndido <\/span><b>pueblo de Bellagio<\/b><span style=\"font-weight: 400;\">, al cual se le conoce mejor como \u201cla joya del Lago di Como\u201d.\u00a0<\/span><\/p>\n<p><span style=\"font-weight: 400;\">Esta peque\u00f1a ciudad est\u00e1 en la punta de la pen\u00ednsula, justo en donde empieza la formaci\u00f3n\u00a0 de la \u201cY\u201d que caracteriza al lago. Sus calles tienen mucho colorido, ya que est\u00e1n adornadas por innumerables jardines.\u00a0\u00a0<\/span><\/p>\n<p><span style=\"font-weight: 400;\">Luego, en <\/span><b>Tremezzo<\/b><span style=\"font-weight: 400;\"> ver\u00e1s algunas de las villas m\u00e1s elegantes del lago, puesto que es una zona de mucho prestigio. Te aseguramos que est\u00e9 ser\u00e1 un lugar espl\u00e9ndido para tomar las fotograf\u00edas m\u00e1s espectaculares.\u00a0<\/span><\/p>\n<p><span style=\"font-weight: 400;\">Tambi\u00e9n, puedes visitar <\/span><b>la hermosa Varenna<\/b><span style=\"font-weight: 400;\"> en donde podr\u00e1s conocer el Castello di Vezio o la Iglesia de San Jorge.\u00a0<\/span><\/p>\n<h3>Opci\u00f3n 2: Lago di Como con traslado en coche privado, acompa\u00f1ado de un gu\u00eda oficial<\/h3>\n<p><span style=\"font-weight: 400;\">Si deseas hacer el recorrido con la ayuda de un gu\u00eda experto, tambi\u00e9n contamos con el servicio de acompa\u00f1amiento de un gu\u00eda privado, quien estar\u00e1 disponible durante 2 horas para que conozcas los puntos de inter\u00e9s que ya te mencionamos.\u00a0<\/span><\/p>\n<p><span style=\"font-weight: 400;\">La idea es que no pierdas tiempo en tu paseo y que conozcas cada uno de los atractivos rincones del Lago di Como.\u00a0<\/span><\/p>\n<h3>Opci\u00f3n 3: Lago di Como con traslado en coche privado, acompa\u00f1ado de un gu\u00eda oficial y con paseo en bote<\/h3>\n<p><span style=\"font-weight: 400;\">Dentro de las opciones del tour privado al lago di Como desde Mil\u00e1n, tambi\u00e9n ofrecemos un <\/span><b>paseo exclusivo en bote por las aguas del lago. <\/b><span style=\"font-weight: 400;\">Ser\u00e1 una oportunidad perfecta para que te relajes por completo y disfrutes del majestuoso paisaje desde otra perspectiva.\u00a0<\/span><\/p>\n<p><span style=\"font-weight: 400;\">Es decir, podr\u00e1s conocer todos los puntos de inter\u00e9s mencionados, como la ciudad de Como y Bellagio y, adem\u00e1s, navegar\u00e1s en un bote por el lago.\u00a0<\/span><\/p>\n<p><span style=\"font-weight: 400;\">Al finalizar el recorrido te devolveremos a Mil\u00e1n hasta el lugar que nos indiques.\u00a0<\/span><\/p>\n<p><span style=\"font-weight: 400;\">Si cuentas con un poco m\u00e1s de tiempo por Italia, te recomendamos que incluyas en tu itinerario de viaje nuestro <\/span><a href=\"https:\/\/tourtravelandmore.com\/es\/tours\/italia-es\/milan-es\/tour-privado-a-bergamo-desde-milan\/\"><b>tour privado a B\u00e9rgamo desde Mil\u00e1n<\/b><\/a><span style=\"font-weight: 400;\"> para que explores una de las ciudades m\u00e1s emblem\u00e1ticas de Lombard\u00eda.\u00a0<\/span><\/p>\n","protected":false},"excerpt":{"rendered":"<p><span style=\"font-weight: 400;\">Aprovecha tu tiempo en Mil\u00e1n y vive una m\u00e1gica aventura en un tour privado al Lago di Como desde Mil\u00e1n para que conozcas el tercer lago m\u00e1s grande de Italia y una de las joyas m\u00e1s preciadas de Lombard\u00eda. Adem\u00e1s, puedes optar por alguna de nuestras 3\u00a0 opciones personalizadas de la excursi\u00f3n y hasta podr\u00e1s navegar el lago en un bote privado.<\/span><\/p>\n","protected":false},"featured_media":11040,"comment_status":"open","ping_status":"closed","template":"","meta":{"_acf_changed":false},"product_brand":[],"product_cat":[4909,424,425,427,426],"product_tag":[],"class_list":{"0":"post-11099","1":"product","2":"type-product","3":"status-publish","4":"has-post-thumbnail","6":"product_cat-lago-como","7":"product_cat-milan-es","8":"product_cat-milan-actividades-es","9":"product_cat-milan-rutas-turisticas-privadas-es","10":"product_cat-milan-excursiones-es","12":"first","13":"instock","14":"shipping-taxable","15":"purchasable","16":"product-type-simple"},"acf":[],"yoast_head":"<!-- This site is optimized with the Yoast SEO Premium plugin v25.3.1 (Yoast SEO v25.3.1) - https:\/\/yoast.com\/wordpress\/plugins\/seo\/ -->\n<title>Tour Privado al Lago di Como desde Mil\u00e1n en un coche privado y con la opci\u00f3n de gu\u00eda y paseo en bote<\/title>\n<meta name=\"description\" content=\"Conoce el Lago di Como de una manera personalizada, en un tour privado con traslado en un coche de lujo. Tambi\u00e9n, puedes solicitar un gu\u00eda privado y, si lo deseas, incluye un relajante paseo en bote por el lago.\" \/>\n<meta name=\"robots\" content=\"index, follow, max-snippet:-1, max-image-preview:large, max-video-preview:-1\" \/>\n<link rel=\"canonical\" href=\"https:\/\/tourtravelandmore.com\/es\/tours\/italia-es\/milan-es\/tour-privado-al-lago-di-como-desde-milan\/\" \/>\n<meta property=\"og:locale\" content=\"es_ES\" \/>\n<meta property=\"og:type\" content=\"article\" \/>\n<meta property=\"og:title\" content=\"Tour Privado al lago di Como y Bellagio desde Mil\u00e1n\" \/>\n<meta property=\"og:description\" content=\"Conoce el Lago di Como de una manera personalizada, en un tour privado con traslado en un coche de lujo. Tambi\u00e9n, puedes solicitar un gu\u00eda privado y, si lo deseas, incluye un relajante paseo en bote por el lago.\" \/>\n<meta property=\"og:url\" content=\"https:\/\/tourtravelandmore.com\/es\/tours\/italia-es\/milan-es\/tour-privado-al-lago-di-como-desde-milan\/\" \/>\n<meta property=\"og:site_name\" content=\"Tour Travel And More\" \/>\n<meta property=\"article:publisher\" content=\"https:\/\/www.facebook.com\/tourtravelandmore\/\" \/>\n<meta property=\"article:modified_time\" content=\"2024-02-07T15:12:51+00:00\" \/>\n<meta property=\"og:image\" content=\"https:\/\/tourtravelandmore.com\/wp-content\/uploads\/2017\/02\/gallery92.jpg\" \/>\n\t<meta property=\"og:image:width\" content=\"600\" \/>\n\t<meta property=\"og:image:height\" content=\"375\" \/>\n\t<meta property=\"og:image:type\" content=\"image\/jpeg\" \/>\n<meta name=\"twitter:card\" content=\"summary_large_image\" \/>\n<meta name=\"twitter:site\" content=\"@TourTravel_More\" \/>\n<meta name=\"twitter:label1\" content=\"Tiempo de lectura\" \/>\n\t<meta name=\"twitter:data1\" content=\"4 minutos\" \/>\n<script type=\"application\/ld+json\" class=\"yoast-schema-graph\">{\"@context\":\"https:\/\/schema.org\",\"@graph\":[{\"@type\":\"WebPage\",\"@id\":\"https:\/\/tourtravelandmore.com\/es\/tours\/italia-es\/milan-es\/tour-privado-al-lago-di-como-desde-milan\/\",\"url\":\"https:\/\/tourtravelandmore.com\/es\/tours\/italia-es\/milan-es\/tour-privado-al-lago-di-como-desde-milan\/\",\"name\":\"Tour Privado al Lago di Como desde Mil\u00e1n en un coche privado y con la opci\u00f3n de gu\u00eda y paseo en bote\",\"isPartOf\":{\"@id\":\"https:\/\/tourtravelandmore.com\/es\/#website\"},\"primaryImageOfPage\":{\"@id\":\"https:\/\/tourtravelandmore.com\/es\/tours\/italia-es\/milan-es\/tour-privado-al-lago-di-como-desde-milan\/#primaryimage\"},\"image\":{\"@id\":\"https:\/\/tourtravelandmore.com\/es\/tours\/italia-es\/milan-es\/tour-privado-al-lago-di-como-desde-milan\/#primaryimage\"},\"thumbnailUrl\":\"https:\/\/tourtravelandmore.com\/wp-content\/uploads\/2017\/02\/gallery92.jpg\",\"datePublished\":\"2017-02-16T11:36:52+00:00\",\"dateModified\":\"2024-02-07T15:12:51+00:00\",\"description\":\"Conoce el Lago di Como de una manera personalizada, en un tour privado con traslado en un coche de lujo. Tambi\u00e9n, puedes solicitar un gu\u00eda privado y, si lo deseas, incluye un relajante paseo en bote por el lago.\",\"breadcrumb\":{\"@id\":\"https:\/\/tourtravelandmore.com\/es\/tours\/italia-es\/milan-es\/tour-privado-al-lago-di-como-desde-milan\/#breadcrumb\"},\"inLanguage\":\"es\",\"potentialAction\":[{\"@type\":\"ReadAction\",\"target\":[\"https:\/\/tourtravelandmore.com\/es\/tours\/italia-es\/milan-es\/tour-privado-al-lago-di-como-desde-milan\/\"]}]},{\"@type\":\"ImageObject\",\"inLanguage\":\"es\",\"@id\":\"https:\/\/tourtravelandmore.com\/es\/tours\/italia-es\/milan-es\/tour-privado-al-lago-di-como-desde-milan\/#primaryimage\",\"url\":\"https:\/\/tourtravelandmore.com\/wp-content\/uploads\/2017\/02\/gallery92.jpg\",\"contentUrl\":\"https:\/\/tourtravelandmore.com\/wp-content\/uploads\/2017\/02\/gallery92.jpg\",\"width\":600,\"height\":375},{\"@type\":\"BreadcrumbList\",\"@id\":\"https:\/\/tourtravelandmore.com\/es\/tours\/italia-es\/milan-es\/tour-privado-al-lago-di-como-desde-milan\/#breadcrumb\",\"itemListElement\":[{\"@type\":\"ListItem\",\"position\":1,\"name\":\"Home\",\"item\":\"https:\/\/tourtravelandmore.com\/es\/\"},{\"@type\":\"ListItem\",\"position\":2,\"name\":\"Tours\",\"item\":\"https:\/\/tourtravelandmore.com\/es\/tours\/\"},{\"@type\":\"ListItem\",\"position\":3,\"name\":\"Tour Privado al lago di Como y Bellagio desde Mil\u00e1n\"}]},{\"@type\":\"WebSite\",\"@id\":\"https:\/\/tourtravelandmore.com\/es\/#website\",\"url\":\"https:\/\/tourtravelandmore.com\/es\/\",\"name\":\"Tour Travel And More\",\"description\":\"Private sightseeing tours and luxury transfers in Spain\",\"publisher\":{\"@id\":\"https:\/\/tourtravelandmore.com\/es\/#organization\"},\"potentialAction\":[{\"@type\":\"SearchAction\",\"target\":{\"@type\":\"EntryPoint\",\"urlTemplate\":\"https:\/\/tourtravelandmore.com\/es\/?s={search_term_string}\"},\"query-input\":{\"@type\":\"PropertyValueSpecification\",\"valueRequired\":true,\"valueName\":\"search_term_string\"}}],\"inLanguage\":\"es\"},{\"@type\":\"Organization\",\"@id\":\"https:\/\/tourtravelandmore.com\/es\/#organization\",\"name\":\"Tour Travel And More\",\"url\":\"https:\/\/tourtravelandmore.com\/es\/\",\"logo\":{\"@type\":\"ImageObject\",\"inLanguage\":\"es\",\"@id\":\"https:\/\/tourtravelandmore.com\/es\/#\/schema\/logo\/image\/\",\"url\":\"https:\/\/tourtravelandmore.com\/wp-content\/uploads\/2022\/12\/cropped-logo-cabecera-new.png\",\"contentUrl\":\"https:\/\/tourtravelandmore.com\/wp-content\/uploads\/2022\/12\/cropped-logo-cabecera-new.png\",\"width\":430,\"height\":61,\"caption\":\"Tour Travel And More\"},\"image\":{\"@id\":\"https:\/\/tourtravelandmore.com\/es\/#\/schema\/logo\/image\/\"},\"sameAs\":[\"https:\/\/www.facebook.com\/tourtravelandmore\/\",\"https:\/\/x.com\/TourTravel_More\"]}]}<\/script>\n<!-- \/ Yoast SEO Premium plugin. -->","yoast_head_json":{"title":"Tour Privado al Lago di Como desde Mil\u00e1n en un coche privado y con la opci\u00f3n de gu\u00eda y paseo en bote","description":"Conoce el Lago di Como de una manera personalizada, en un tour privado con traslado en un coche de lujo. Tambi\u00e9n, puedes solicitar un gu\u00eda privado y, si lo deseas, incluye un relajante paseo en bote por el lago.","robots":{"index":"index","follow":"follow","max-snippet":"max-snippet:-1","max-image-preview":"max-image-preview:large","max-video-preview":"max-video-preview:-1"},"canonical":"https:\/\/tourtravelandmore.com\/es\/tours\/italia-es\/milan-es\/tour-privado-al-lago-di-como-desde-milan\/","og_locale":"es_ES","og_type":"article","og_title":"Tour Privado al lago di Como y Bellagio desde Mil\u00e1n","og_description":"Conoce el Lago di Como de una manera personalizada, en un tour privado con traslado en un coche de lujo. Tambi\u00e9n, puedes solicitar un gu\u00eda privado y, si lo deseas, incluye un relajante paseo en bote por el lago.","og_url":"https:\/\/tourtravelandmore.com\/es\/tours\/italia-es\/milan-es\/tour-privado-al-lago-di-como-desde-milan\/","og_site_name":"Tour Travel And More","article_publisher":"https:\/\/www.facebook.com\/tourtravelandmore\/","article_modified_time":"2024-02-07T15:12:51+00:00","og_image":[{"width":600,"height":375,"url":"https:\/\/tourtravelandmore.com\/wp-content\/uploads\/2017\/02\/gallery92.jpg","type":"image\/jpeg"}],"twitter_card":"summary_large_image","twitter_site":"@TourTravel_More","twitter_misc":{"Tiempo de lectura":"4 minutos"},"schema":{"@context":"https:\/\/schema.org","@graph":[{"@type":"WebPage","@id":"https:\/\/tourtravelandmore.com\/es\/tours\/italia-es\/milan-es\/tour-privado-al-lago-di-como-desde-milan\/","url":"https:\/\/tourtravelandmore.com\/es\/tours\/italia-es\/milan-es\/tour-privado-al-lago-di-como-desde-milan\/","name":"Tour Privado al Lago di Como desde Mil\u00e1n en un coche privado y con la opci\u00f3n de gu\u00eda y paseo en bote","isPartOf":{"@id":"https:\/\/tourtravelandmore.com\/es\/#website"},"primaryImageOfPage":{"@id":"https:\/\/tourtravelandmore.com\/es\/tours\/italia-es\/milan-es\/tour-privado-al-lago-di-como-desde-milan\/#primaryimage"},"image":{"@id":"https:\/\/tourtravelandmore.com\/es\/tours\/italia-es\/milan-es\/tour-privado-al-lago-di-como-desde-milan\/#primaryimage"},"thumbnailUrl":"https:\/\/tourtravelandmore.com\/wp-content\/uploads\/2017\/02\/gallery92.jpg","datePublished":"2017-02-16T11:36:52+00:00","dateModified":"2024-02-07T15:12:51+00:00","description":"Conoce el Lago di Como de una manera personalizada, en un tour privado con traslado en un coche de lujo. Tambi\u00e9n, puedes solicitar un gu\u00eda privado y, si lo deseas, incluye un relajante paseo en bote por el lago.","breadcrumb":{"@id":"https:\/\/tourtravelandmore.com\/es\/tours\/italia-es\/milan-es\/tour-privado-al-lago-di-como-desde-milan\/#breadcrumb"},"inLanguage":"es","potentialAction":[{"@type":"ReadAction","target":["https:\/\/tourtravelandmore.com\/es\/tours\/italia-es\/milan-es\/tour-privado-al-lago-di-como-desde-milan\/"]}]},{"@type":"ImageObject","inLanguage":"es","@id":"https:\/\/tourtravelandmore.com\/es\/tours\/italia-es\/milan-es\/tour-privado-al-lago-di-como-desde-milan\/#primaryimage","url":"https:\/\/tourtravelandmore.com\/wp-content\/uploads\/2017\/02\/gallery92.jpg","contentUrl":"https:\/\/tourtravelandmore.com\/wp-content\/uploads\/2017\/02\/gallery92.jpg","width":600,"height":375},{"@type":"BreadcrumbList","@id":"https:\/\/tourtravelandmore.com\/es\/tours\/italia-es\/milan-es\/tour-privado-al-lago-di-como-desde-milan\/#breadcrumb","itemListElement":[{"@type":"ListItem","position":1,"name":"Home","item":"https:\/\/tourtravelandmore.com\/es\/"},{"@type":"ListItem","position":2,"name":"Tours","item":"https:\/\/tourtravelandmore.com\/es\/tours\/"},{"@type":"ListItem","position":3,"name":"Tour Privado al lago di Como y Bellagio desde Mil\u00e1n"}]},{"@type":"WebSite","@id":"https:\/\/tourtravelandmore.com\/es\/#website","url":"https:\/\/tourtravelandmore.com\/es\/","name":"Tour Travel And More","description":"Private sightseeing tours and luxury transfers in Spain","publisher":{"@id":"https:\/\/tourtravelandmore.com\/es\/#organization"},"potentialAction":[{"@type":"SearchAction","target":{"@type":"EntryPoint","urlTemplate":"https:\/\/tourtravelandmore.com\/es\/?s={search_term_string}"},"query-input":{"@type":"PropertyValueSpecification","valueRequired":true,"valueName":"search_term_string"}}],"inLanguage":"es"},{"@type":"Organization","@id":"https:\/\/tourtravelandmore.com\/es\/#organization","name":"Tour Travel And More","url":"https:\/\/tourtravelandmore.com\/es\/","logo":{"@type":"ImageObject","inLanguage":"es","@id":"https:\/\/tourtravelandmore.com\/es\/#\/schema\/logo\/image\/","url":"https:\/\/tourtravelandmore.com\/wp-content\/uploads\/2022\/12\/cropped-logo-cabecera-new.png","contentUrl":"https:\/\/tourtravelandmore.com\/wp-content\/uploads\/2022\/12\/cropped-logo-cabecera-new.png","width":430,"height":61,"caption":"Tour Travel And More"},"image":{"@id":"https:\/\/tourtravelandmore.com\/es\/#\/schema\/logo\/image\/"},"sameAs":["https:\/\/www.facebook.com\/tourtravelandmore\/","https:\/\/x.com\/TourTravel_More"]}]}},"_links":{"self":[{"href":"https:\/\/tourtravelandmore.com\/es\/wp-json\/wp\/v2\/product\/11099","targetHints":{"allow":["GET"]}}],"collection":[{"href":"https:\/\/tourtravelandmore.com\/es\/wp-json\/wp\/v2\/product"}],"about":[{"href":"https:\/\/tourtravelandmore.com\/es\/wp-json\/wp\/v2\/types\/product"}],"replies":[{"embeddable":true,"href":"https:\/\/tourtravelandmore.com\/es\/wp-json\/wp\/v2\/comments?post=11099"}],"wp:featuredmedia":[{"embeddable":true,"href":"https:\/\/tourtravelandmore.com\/es\/wp-json\/wp\/v2\/media\/11040"}],"wp:attachment":[{"href":"https:\/\/tourtravelandmore.com\/es\/wp-json\/wp\/v2\/media?parent=11099"}],"wp:term":[{"taxonomy":"product_brand","embeddable":true,"href":"https:\/\/tourtravelandmore.com\/es\/wp-json\/wp\/v2\/product_brand?post=11099"},{"taxonomy":"product_cat","embeddable":true,"href":"https:\/\/tourtravelandmore.com\/es\/wp-json\/wp\/v2\/product_cat?post=11099"},{"taxonomy":"product_tag","embeddable":true,"href":"https:\/\/tourtravelandmore.com\/es\/wp-json\/wp\/v2\/product_tag?post=11099"}],"curies":[{"name":"wp","href":"https:\/\/api.w.org\/{rel}","templated":true}]}}