{"id":11089,"date":"2017-02-16T10:35:04","date_gmt":"2017-02-16T11:22:42","guid":{"rendered":"http:\/\/tourtravelandmore.com\/es\/?post_type=product&#038;p=11089"},"modified":"2022-04-01T12:12:41","modified_gmt":"2022-04-01T10:12:41","slug":"tour-privado-por-milan","status":"publish","type":"product","link":"https:\/\/tourtravelandmore.com\/es\/tours\/italia-es\/milan-es\/tour-privado-por-milan\/","title":{"rendered":"Tour Privado por La Ciudad de Mil\u00e1n"},"content":{"rendered":"<h2><strong>Descripci\u00f3n del City tour Privado por Mil\u00e1n<\/strong><\/h2>\n<p><span style=\"font-weight: 400;\">Mil\u00e1n es una de las ciudades m\u00e1s importantes del mundo desde el punto de vista arquitect\u00f3nico e hist\u00f3rico. Adem\u00e1s, la elegancia de sus monumentos y edificios la convierten en uno de los lugares favoritos de los turistas a nivel mundial.\u00a0<\/span><\/p>\n<p><span style=\"font-weight: 400;\">Vive una experiencia \u00fanica en este <\/span><b>city tour privado por Mil\u00e1n <\/b><span style=\"font-weight: 400;\">en el cual vas a descubrir los sitios m\u00e1s atractivos y reconocidos, as\u00ed como las construcciones modernas que encierra esta urbe tan din\u00e1mica, de la mano de un gu\u00eda local experto que te acompa\u00f1ar\u00e1 durante todo el recorrido.<\/span><\/p>\n<p><span style=\"font-weight: 400;\">El paseo guiado inicia en el punto de encuentro que nos indiques. Desde all\u00ed, ir\u00e1s en un c\u00f3modo coche de lujo hasta la imponente Catedral del Duomo, en donde tendr\u00e1s la oportunidad de visitar este recinto sin hacer filas para entrar, puesto que nuestro <\/span><b>tour privado incluye entradas exclusivas al Duomo.\u00a0<\/b><\/p>\n<p><span style=\"font-weight: 400;\">A continuaci\u00f3n, seguimos el paseo por el centro de la ciudad para que conozcas la Piazza del Duomo, la resplandeciente Galer\u00eda Vittorio Emanuele II, el Teatro La Scala, el Castello Sforzesco y muchos otros sitios interesantes.\u00a0<\/span><\/p>\n<p><span style=\"font-weight: 400;\">Como parte del tour privado tambi\u00e9n <\/span><b>ver\u00e1s la parte moderna de Mil\u00e1n<\/b><span style=\"font-weight: 400;\">, como CityLife, La Piazza Gae Aulenti, entre otros lugares que te maravillar\u00e1n por completo.\u00a0<\/span><\/p>\n<p><span style=\"font-weight: 400;\">Como ves, es m\u00e1s que una simple visita tur\u00edstica, ya que el gu\u00eda privado estar\u00e1 atento para darte la informaci\u00f3n que necesites y para llevarte hasta los lugares que desees conocer.\u00a0<\/span><\/p>\n<p><span style=\"font-weight: 400;\">Al finalizar la excursi\u00f3n guiada de 4 horas, te dejaremos en el punto c\u00e9ntrico de la ciudad que nos indiques.\u00a0<\/span><\/p>\n<h2><span style=\"font-weight: 400;\">\u00a0<\/span><strong>Puntos de inter\u00e9s del City tour Privado por Mil\u00e1n<\/strong><\/h2>\n<p><span style=\"font-weight: 400;\">En esta visita privada a la ciudad de Mil\u00e1n, un gu\u00eda experto te llevar\u00e1 lejos de las multitudes de turistas para mostrarte algunos de los secretos mejores guardados de la ciudad.<\/span><\/p>\n<p><span style=\"font-weight: 400;\">Para empezar, <\/span><b>el encuentro con el gu\u00eda privado ser\u00e1 en el sitio c\u00e9ntrico que nos indiques y a la hora m\u00e1s conveniente para ti.<\/b><span style=\"font-weight: 400;\"> Luego, iniciamos el recorrido en un coche de lujo con un gu\u00eda oficial privado para conocer los siguientes puntos de inter\u00e9s:\u00a0<\/span><\/p>\n<h3><strong>El gran Duomo de Mil\u00e1n<\/strong><\/h3>\n<p><span style=\"font-weight: 400;\">Este es un sitio imprescindible que visitar en Mil\u00e1n, y por eso las entradas a la que es la tercera mayor catedral del mundo est\u00e1n incluidas.<\/span><\/p>\n<p><span style=\"font-weight: 400;\">En su interior ver\u00e1s innumerables esculturas, galer\u00edas y detalles que son toda una obra maestra de la arquitectura. Adem\u00e1s, su fachada interior de m\u00e1rmol blanco es digna de muchas fotograf\u00edas de postales.\u00a0<\/span><\/p>\n<p><span style=\"font-weight: 400;\">Esta enorme catedral g\u00f3tica est\u00e1 en pleno centro de la ciudad y encierra muchos tesoros hist\u00f3ricos como la Madonnina, la cual es una escultura ubicada en el punto m\u00e1s alto del Duomo y que se considera uno de los principales s\u00edmbolos de la ciudad.\u00a0<\/span><\/p>\n<h3><strong>El centro hist\u00f3rico de Mil\u00e1n<\/strong><\/h3>\n<p><span style=\"font-weight: 400;\">El casco central de Mil\u00e1n es un lugar impresionante que tiene muchas cosas para ver y conocer.\u00a0<\/span><\/p>\n<p><span style=\"font-weight: 400;\">Obviamente, la joya de la corona es la Catedral del Duomo. No obstante, en los alrededores del centro hist\u00f3rico se encuentran algunos de los edificios m\u00e1s llamativos de la ciudad, como por ejemplo:\u00a0<\/span><\/p>\n<ul>\n<li style=\"font-weight: 400;\" aria-level=\"1\"><strong>Galer\u00eda Vittorio Emanuele II.<\/strong><\/li>\n<li style=\"font-weight: 400;\" aria-level=\"1\"><strong>Teatro alla Scala.<\/strong><\/li>\n<li style=\"font-weight: 400;\" aria-level=\"1\"><strong>Pinacoteca Ambrosiana.<\/strong><\/li>\n<li style=\"font-weight: 400;\" aria-level=\"1\"><strong>Piazza Mercanti.<\/strong><\/li>\n<li style=\"font-weight: 400;\" aria-level=\"1\"><strong>El Palacio Real, entre otros.\u00a0<\/strong><\/li>\n<\/ul>\n<h3><strong>La Mil\u00e1n m\u00e1s moderna<\/strong><\/h3>\n<p><span style=\"font-weight: 400;\">Aunque Mil\u00e1n es una ciudad milenaria, en la actualidad cuenta con una zona muy moderna y que est\u00e1 en constante expansi\u00f3n. Dentro de los puntos que m\u00e1s destacan se encuentran:\u00a0<\/span><\/p>\n<ul>\n<li aria-level=\"1\"><b>Porta Nueva.<\/b><\/li>\n<\/ul>\n<ul>\n<li aria-level=\"1\"><b>CityLife.<\/b><\/li>\n<\/ul>\n<ul>\n<li aria-level=\"1\"><b>La Piazza Alvar Aalto.<\/b><\/li>\n<\/ul>\n<ul>\n<li aria-level=\"1\"><b>La Piazza Gae Aulenti y mucho m\u00e1s.\u00a0<\/b><\/li>\n<\/ul>\n<p><span style=\"font-weight: 400;\">Solamente debes tomar tu c\u00e1mara fotogr\u00e1fica y relajarte, que nosotros te llevamos a los mejores lugares de Mil\u00e1n, la ciudad capital de la moda.\u00a0<\/span><\/p>\n<p><span style=\"font-weight: 400;\">No est\u00e1 de m\u00e1s que dentro de tus d\u00edas de viaje por Italia, incluyas un <\/span><b>tour privado de Mil\u00e1n a Bolonia <\/b><span style=\"font-weight: 400;\">para que explores otra de las ciudades m\u00e1s importantes de ese pa\u00eds.\u00a0<\/span><\/p>\n<p>&nbsp;<\/p>\n","protected":false},"excerpt":{"rendered":"<p><span style=\"font-weight: 400;\">Realiza un recorrido totalmente personalizado por la incre\u00edble ciudad de Mil\u00e1n, en un tour privado para conocer los principales puntos de la capital de Lombard\u00eda, como la emblem\u00e1tica Catedral del Duomo y el centro de la ciudad. Adem\u00e1s, ver\u00e1s la parte moderna de Mil\u00e1n y sus imponentes rascacielos. Lo mejor es que todo el paseo ser\u00e1 en un coche de lujo y con la compa\u00f1\u00eda de un gu\u00eda privado.\u00a0<\/span><\/p>\n","protected":false},"featured_media":19739,"comment_status":"open","ping_status":"closed","template":"","meta":{"_acf_changed":false},"product_brand":[],"product_cat":[424,425,427],"product_tag":[],"class_list":{"0":"post-11089","1":"product","2":"type-product","3":"status-publish","4":"has-post-thumbnail","6":"product_cat-milan-es","7":"product_cat-milan-actividades-es","8":"product_cat-milan-rutas-turisticas-privadas-es","10":"first","11":"instock","12":"shipping-taxable","13":"purchasable","14":"product-type-simple"},"acf":[],"yoast_head":"<!-- This site is optimized with the Yoast SEO Premium plugin v25.3.1 (Yoast SEO v25.3.1) - https:\/\/yoast.com\/wordpress\/plugins\/seo\/ -->\n<title>City tour privado por Mil\u00e1n con coche de lujo y gu\u00eda privado incluido | TTM<\/title>\n<meta name=\"description\" content=\"\u00bfQuieres explorar la ciudad de Mil\u00e1n desde otra perspectiva? Aprovecha este city tour privado por Mil\u00e1n para conocer el centro de la ciudad, la Catedral del Duomo y la parte moderna de Mil\u00e1n en un c\u00f3modo coche de lujo y con un gu\u00eda privado.\" \/>\n<meta name=\"robots\" content=\"index, follow, max-snippet:-1, max-image-preview:large, max-video-preview:-1\" \/>\n<link rel=\"canonical\" href=\"https:\/\/tourtravelandmore.com\/es\/tours\/italia-es\/milan-es\/tour-privado-por-milan\/\" \/>\n<meta property=\"og:locale\" content=\"es_ES\" \/>\n<meta property=\"og:type\" content=\"article\" \/>\n<meta property=\"og:title\" content=\"Tour Privado por La Ciudad de Mil\u00e1n\" \/>\n<meta property=\"og:description\" content=\"\u00bfQuieres explorar la ciudad de Mil\u00e1n desde otra perspectiva? Aprovecha este city tour privado por Mil\u00e1n para conocer el centro de la ciudad, la Catedral del Duomo y la parte moderna de Mil\u00e1n en un c\u00f3modo coche de lujo y con un gu\u00eda privado.\" \/>\n<meta property=\"og:url\" content=\"https:\/\/tourtravelandmore.com\/es\/tours\/italia-es\/milan-es\/tour-privado-por-milan\/\" \/>\n<meta property=\"og:site_name\" content=\"Tour Travel And More\" \/>\n<meta property=\"article:publisher\" content=\"https:\/\/www.facebook.com\/tourtravelandmore\/\" \/>\n<meta property=\"article:modified_time\" content=\"2022-04-01T10:12:41+00:00\" \/>\n<meta property=\"og:image\" content=\"https:\/\/tourtravelandmore.com\/wp-content\/uploads\/2017\/02\/duomo-milan.jpg\" \/>\n\t<meta property=\"og:image:width\" content=\"960\" \/>\n\t<meta property=\"og:image:height\" content=\"639\" \/>\n\t<meta property=\"og:image:type\" content=\"image\/jpeg\" \/>\n<meta name=\"twitter:card\" content=\"summary_large_image\" \/>\n<meta name=\"twitter:site\" content=\"@TourTravel_More\" \/>\n<meta name=\"twitter:label1\" content=\"Tiempo de lectura\" \/>\n\t<meta name=\"twitter:data1\" content=\"3 minutos\" \/>\n<script type=\"application\/ld+json\" class=\"yoast-schema-graph\">{\"@context\":\"https:\/\/schema.org\",\"@graph\":[{\"@type\":\"WebPage\",\"@id\":\"https:\/\/tourtravelandmore.com\/es\/tours\/italia-es\/milan-es\/tour-privado-por-milan\/\",\"url\":\"https:\/\/tourtravelandmore.com\/es\/tours\/italia-es\/milan-es\/tour-privado-por-milan\/\",\"name\":\"City tour privado por Mil\u00e1n con coche de lujo y gu\u00eda privado incluido | TTM\",\"isPartOf\":{\"@id\":\"https:\/\/tourtravelandmore.com\/es\/#website\"},\"primaryImageOfPage\":{\"@id\":\"https:\/\/tourtravelandmore.com\/es\/tours\/italia-es\/milan-es\/tour-privado-por-milan\/#primaryimage\"},\"image\":{\"@id\":\"https:\/\/tourtravelandmore.com\/es\/tours\/italia-es\/milan-es\/tour-privado-por-milan\/#primaryimage\"},\"thumbnailUrl\":\"https:\/\/tourtravelandmore.com\/wp-content\/uploads\/2017\/02\/duomo-milan.jpg\",\"datePublished\":\"2017-02-16T11:22:42+00:00\",\"dateModified\":\"2022-04-01T10:12:41+00:00\",\"description\":\"\u00bfQuieres explorar la ciudad de Mil\u00e1n desde otra perspectiva? Aprovecha este city tour privado por Mil\u00e1n para conocer el centro de la ciudad, la Catedral del Duomo y la parte moderna de Mil\u00e1n en un c\u00f3modo coche de lujo y con un gu\u00eda privado.\",\"breadcrumb\":{\"@id\":\"https:\/\/tourtravelandmore.com\/es\/tours\/italia-es\/milan-es\/tour-privado-por-milan\/#breadcrumb\"},\"inLanguage\":\"es\",\"potentialAction\":[{\"@type\":\"ReadAction\",\"target\":[\"https:\/\/tourtravelandmore.com\/es\/tours\/italia-es\/milan-es\/tour-privado-por-milan\/\"]}]},{\"@type\":\"ImageObject\",\"inLanguage\":\"es\",\"@id\":\"https:\/\/tourtravelandmore.com\/es\/tours\/italia-es\/milan-es\/tour-privado-por-milan\/#primaryimage\",\"url\":\"https:\/\/tourtravelandmore.com\/wp-content\/uploads\/2017\/02\/duomo-milan.jpg\",\"contentUrl\":\"https:\/\/tourtravelandmore.com\/wp-content\/uploads\/2017\/02\/duomo-milan.jpg\",\"width\":960,\"height\":639},{\"@type\":\"BreadcrumbList\",\"@id\":\"https:\/\/tourtravelandmore.com\/es\/tours\/italia-es\/milan-es\/tour-privado-por-milan\/#breadcrumb\",\"itemListElement\":[{\"@type\":\"ListItem\",\"position\":1,\"name\":\"Home\",\"item\":\"https:\/\/tourtravelandmore.com\/es\/\"},{\"@type\":\"ListItem\",\"position\":2,\"name\":\"Tours\",\"item\":\"https:\/\/tourtravelandmore.com\/es\/tours\/\"},{\"@type\":\"ListItem\",\"position\":3,\"name\":\"Tour Privado por La Ciudad de Mil\u00e1n\"}]},{\"@type\":\"WebSite\",\"@id\":\"https:\/\/tourtravelandmore.com\/es\/#website\",\"url\":\"https:\/\/tourtravelandmore.com\/es\/\",\"name\":\"Tour Travel And More\",\"description\":\"Private sightseeing tours and luxury transfers in Spain\",\"publisher\":{\"@id\":\"https:\/\/tourtravelandmore.com\/es\/#organization\"},\"potentialAction\":[{\"@type\":\"SearchAction\",\"target\":{\"@type\":\"EntryPoint\",\"urlTemplate\":\"https:\/\/tourtravelandmore.com\/es\/?s={search_term_string}\"},\"query-input\":{\"@type\":\"PropertyValueSpecification\",\"valueRequired\":true,\"valueName\":\"search_term_string\"}}],\"inLanguage\":\"es\"},{\"@type\":\"Organization\",\"@id\":\"https:\/\/tourtravelandmore.com\/es\/#organization\",\"name\":\"Tour Travel And More\",\"url\":\"https:\/\/tourtravelandmore.com\/es\/\",\"logo\":{\"@type\":\"ImageObject\",\"inLanguage\":\"es\",\"@id\":\"https:\/\/tourtravelandmore.com\/es\/#\/schema\/logo\/image\/\",\"url\":\"https:\/\/tourtravelandmore.com\/wp-content\/uploads\/2022\/12\/cropped-logo-cabecera-new.png\",\"contentUrl\":\"https:\/\/tourtravelandmore.com\/wp-content\/uploads\/2022\/12\/cropped-logo-cabecera-new.png\",\"width\":430,\"height\":61,\"caption\":\"Tour Travel And More\"},\"image\":{\"@id\":\"https:\/\/tourtravelandmore.com\/es\/#\/schema\/logo\/image\/\"},\"sameAs\":[\"https:\/\/www.facebook.com\/tourtravelandmore\/\",\"https:\/\/x.com\/TourTravel_More\"]}]}<\/script>\n<!-- \/ Yoast SEO Premium plugin. -->","yoast_head_json":{"title":"City tour privado por Mil\u00e1n con coche de lujo y gu\u00eda privado incluido | TTM","description":"\u00bfQuieres explorar la ciudad de Mil\u00e1n desde otra perspectiva? Aprovecha este city tour privado por Mil\u00e1n para conocer el centro de la ciudad, la Catedral del Duomo y la parte moderna de Mil\u00e1n en un c\u00f3modo coche de lujo y con un gu\u00eda privado.","robots":{"index":"index","follow":"follow","max-snippet":"max-snippet:-1","max-image-preview":"max-image-preview:large","max-video-preview":"max-video-preview:-1"},"canonical":"https:\/\/tourtravelandmore.com\/es\/tours\/italia-es\/milan-es\/tour-privado-por-milan\/","og_locale":"es_ES","og_type":"article","og_title":"Tour Privado por La Ciudad de Mil\u00e1n","og_description":"\u00bfQuieres explorar la ciudad de Mil\u00e1n desde otra perspectiva? Aprovecha este city tour privado por Mil\u00e1n para conocer el centro de la ciudad, la Catedral del Duomo y la parte moderna de Mil\u00e1n en un c\u00f3modo coche de lujo y con un gu\u00eda privado.","og_url":"https:\/\/tourtravelandmore.com\/es\/tours\/italia-es\/milan-es\/tour-privado-por-milan\/","og_site_name":"Tour Travel And More","article_publisher":"https:\/\/www.facebook.com\/tourtravelandmore\/","article_modified_time":"2022-04-01T10:12:41+00:00","og_image":[{"width":960,"height":639,"url":"https:\/\/tourtravelandmore.com\/wp-content\/uploads\/2017\/02\/duomo-milan.jpg","type":"image\/jpeg"}],"twitter_card":"summary_large_image","twitter_site":"@TourTravel_More","twitter_misc":{"Tiempo de lectura":"3 minutos"},"schema":{"@context":"https:\/\/schema.org","@graph":[{"@type":"WebPage","@id":"https:\/\/tourtravelandmore.com\/es\/tours\/italia-es\/milan-es\/tour-privado-por-milan\/","url":"https:\/\/tourtravelandmore.com\/es\/tours\/italia-es\/milan-es\/tour-privado-por-milan\/","name":"City tour privado por Mil\u00e1n con coche de lujo y gu\u00eda privado incluido | TTM","isPartOf":{"@id":"https:\/\/tourtravelandmore.com\/es\/#website"},"primaryImageOfPage":{"@id":"https:\/\/tourtravelandmore.com\/es\/tours\/italia-es\/milan-es\/tour-privado-por-milan\/#primaryimage"},"image":{"@id":"https:\/\/tourtravelandmore.com\/es\/tours\/italia-es\/milan-es\/tour-privado-por-milan\/#primaryimage"},"thumbnailUrl":"https:\/\/tourtravelandmore.com\/wp-content\/uploads\/2017\/02\/duomo-milan.jpg","datePublished":"2017-02-16T11:22:42+00:00","dateModified":"2022-04-01T10:12:41+00:00","description":"\u00bfQuieres explorar la ciudad de Mil\u00e1n desde otra perspectiva? Aprovecha este city tour privado por Mil\u00e1n para conocer el centro de la ciudad, la Catedral del Duomo y la parte moderna de Mil\u00e1n en un c\u00f3modo coche de lujo y con un gu\u00eda privado.","breadcrumb":{"@id":"https:\/\/tourtravelandmore.com\/es\/tours\/italia-es\/milan-es\/tour-privado-por-milan\/#breadcrumb"},"inLanguage":"es","potentialAction":[{"@type":"ReadAction","target":["https:\/\/tourtravelandmore.com\/es\/tours\/italia-es\/milan-es\/tour-privado-por-milan\/"]}]},{"@type":"ImageObject","inLanguage":"es","@id":"https:\/\/tourtravelandmore.com\/es\/tours\/italia-es\/milan-es\/tour-privado-por-milan\/#primaryimage","url":"https:\/\/tourtravelandmore.com\/wp-content\/uploads\/2017\/02\/duomo-milan.jpg","contentUrl":"https:\/\/tourtravelandmore.com\/wp-content\/uploads\/2017\/02\/duomo-milan.jpg","width":960,"height":639},{"@type":"BreadcrumbList","@id":"https:\/\/tourtravelandmore.com\/es\/tours\/italia-es\/milan-es\/tour-privado-por-milan\/#breadcrumb","itemListElement":[{"@type":"ListItem","position":1,"name":"Home","item":"https:\/\/tourtravelandmore.com\/es\/"},{"@type":"ListItem","position":2,"name":"Tours","item":"https:\/\/tourtravelandmore.com\/es\/tours\/"},{"@type":"ListItem","position":3,"name":"Tour Privado por La Ciudad de Mil\u00e1n"}]},{"@type":"WebSite","@id":"https:\/\/tourtravelandmore.com\/es\/#website","url":"https:\/\/tourtravelandmore.com\/es\/","name":"Tour Travel And More","description":"Private sightseeing tours and luxury transfers in Spain","publisher":{"@id":"https:\/\/tourtravelandmore.com\/es\/#organization"},"potentialAction":[{"@type":"SearchAction","target":{"@type":"EntryPoint","urlTemplate":"https:\/\/tourtravelandmore.com\/es\/?s={search_term_string}"},"query-input":{"@type":"PropertyValueSpecification","valueRequired":true,"valueName":"search_term_string"}}],"inLanguage":"es"},{"@type":"Organization","@id":"https:\/\/tourtravelandmore.com\/es\/#organization","name":"Tour Travel And More","url":"https:\/\/tourtravelandmore.com\/es\/","logo":{"@type":"ImageObject","inLanguage":"es","@id":"https:\/\/tourtravelandmore.com\/es\/#\/schema\/logo\/image\/","url":"https:\/\/tourtravelandmore.com\/wp-content\/uploads\/2022\/12\/cropped-logo-cabecera-new.png","contentUrl":"https:\/\/tourtravelandmore.com\/wp-content\/uploads\/2022\/12\/cropped-logo-cabecera-new.png","width":430,"height":61,"caption":"Tour Travel And More"},"image":{"@id":"https:\/\/tourtravelandmore.com\/es\/#\/schema\/logo\/image\/"},"sameAs":["https:\/\/www.facebook.com\/tourtravelandmore\/","https:\/\/x.com\/TourTravel_More"]}]}},"_links":{"self":[{"href":"https:\/\/tourtravelandmore.com\/es\/wp-json\/wp\/v2\/product\/11089","targetHints":{"allow":["GET"]}}],"collection":[{"href":"https:\/\/tourtravelandmore.com\/es\/wp-json\/wp\/v2\/product"}],"about":[{"href":"https:\/\/tourtravelandmore.com\/es\/wp-json\/wp\/v2\/types\/product"}],"replies":[{"embeddable":true,"href":"https:\/\/tourtravelandmore.com\/es\/wp-json\/wp\/v2\/comments?post=11089"}],"wp:featuredmedia":[{"embeddable":true,"href":"https:\/\/tourtravelandmore.com\/es\/wp-json\/wp\/v2\/media\/19739"}],"wp:attachment":[{"href":"https:\/\/tourtravelandmore.com\/es\/wp-json\/wp\/v2\/media?parent=11089"}],"wp:term":[{"taxonomy":"product_brand","embeddable":true,"href":"https:\/\/tourtravelandmore.com\/es\/wp-json\/wp\/v2\/product_brand?post=11089"},{"taxonomy":"product_cat","embeddable":true,"href":"https:\/\/tourtravelandmore.com\/es\/wp-json\/wp\/v2\/product_cat?post=11089"},{"taxonomy":"product_tag","embeddable":true,"href":"https:\/\/tourtravelandmore.com\/es\/wp-json\/wp\/v2\/product_tag?post=11089"}],"curies":[{"name":"wp","href":"https:\/\/api.w.org\/{rel}","templated":true}]}}