{"id":110251,"date":"2021-08-20T13:18:55","date_gmt":"2021-08-20T11:18:57","guid":{"rendered":"https:\/\/tourtravelandmore.com\/?post_type=product&#038;p=110251"},"modified":"2023-09-08T13:31:49","modified_gmt":"2023-09-08T11:31:49","slug":"tour-privado-de-santorini-full-day","status":"publish","type":"product","link":"https:\/\/tourtravelandmore.com\/es\/tours\/grecia-es\/santorini-es\/santorini-actividades-es\/tour-privado-de-santorini-full-day\/","title":{"rendered":"Tour Privado de Santorini 8 horas: Akrotiri, Caldera, Perissa y m\u00e1s"},"content":{"rendered":"<h2><strong>Descripci\u00f3n del Tour Privado de Santorini 8 horas: Akrotiri, Caldera, Perissa y m\u00e1s<\/strong><\/h2>\n<p>Si usted visita la isla de Santorini por varios d\u00edas, o por el d\u00eda con su crucero, le recomendamos nuestro <em>tour privado de Santorini<\/em>. Ubicado en la zona de sur de las maravillosas islas C\u00edcladas, Santorini es una de las islas m\u00e1s bonitas y visitadas de Grecia.<\/p>\n<p>Originalmente, una isla grande, la actual composici\u00f3n de Santorini es fruto de la erupci\u00f3n del volc\u00e1n que esta alberga. Santorini es hogar de una naturaleza y pueblos maravillosos. Explore con nosotros sus sitios m\u00e1s emblem\u00e1ticos y especiales.<\/p>\n<p>La duraci\u00f3n de nuestra propuesta es de 8 horas, pero es tambi\u00e9n posible coordinar un tour de menor duraci\u00f3n. El itinerario final es absolutamente adaptable a su deseo personal. Con nuestro tour privado podr\u00e1 usted descubrir la isla junto a un gu\u00eda oficial privado, en un veh\u00edculo privado a disposici\u00f3n. Descubrir\u00e1 los sitios m\u00e1s bonitos de Santorini, su naturaleza, pueblos y degustar\u00e1 su magn\u00edfica gastronom\u00eda.<\/p>\n<h2><strong>Puntos de inter\u00e9s en el Tour Privado de Santorini 8 horas: Akrotiri, Caldera, Perissa y m\u00e1s<\/strong><\/h2>\n<p>Para dar comienzo a su tour privado, su chofer y gu\u00eda oficial le recoger\u00e1n en su sitio deseado en la isla. En caso de visitar Santorini en crucero, le esperar\u00e1n en la terminal de cruceros.<\/p>\n<p>Durante su tour privado visitar\u00e1 usted los sitios m\u00e1s bonitos y emblem\u00e1ticos de Santorini, como tambi\u00e9n aquellos sitios desconocidos por el turismo. El itinerario de su tour privado es ajustable a su deseo personal. Su gu\u00eda y chofer estar\u00e1n a su entera disposici\u00f3n durante su tour privado en Santorini.<\/p>\n<p>Entre otros sitios que podr\u00e1 visitar durante su tour privado:<\/p>\n<ul>\n<li><strong>Excavaciones de Akrotiri<\/strong>: Este es uno de los sitios arqueol\u00f3gico m\u00e1s importantes de Grecia. Conocida como la Pompeya del Egeo, este pueblo hist\u00f3rico fue edificado en el a\u00f1o 2000 AC y fue cubierto por las cenizas del volc\u00e1n al momento de la erupci\u00f3n.<\/li>\n<li><strong>Vistas panor\u00e1micas desde Caldera:<\/strong> Maravillosas vistas panor\u00e1micas de Santorini, Thirassia y las islas Aspronisi.<\/li>\n<li><b>Playa Perissa: <\/b>Tiempo libre para nadar y comer en esta maravillosa playa de arena negra.<\/li>\n<li>\n<div><b>Profeta El\u00edas: <\/b>Disfrute la maravillosa vista panor\u00e1mica desde lo alto de la isla (565m. sobre el nivel del mar)<\/div>\n<\/li>\n<li>Visita al museo del vino de <b>Koutsoyannopoulos (1660-1970)<\/b>, uno de los mejores del mundo.<\/li>\n<li><strong>Oia<\/strong>: Visite el pueblo m\u00e1s reconocido de la isla y disfrute el inolvidable atardecer desde su mirador.<\/li>\n<li>Mucho m\u00e1s!<\/li>\n<\/ul>\n<p>Durante su tour privado de Santorini tendr\u00e1 tiempo de degustar la magn\u00edfica gastronom\u00eda local. Su gu\u00eda le recomendar\u00e1 los mejores sitios.<\/p>\n<p>Al finalizar su tour privado, su chofer y gu\u00eda le llevar\u00e1n a su sitio deseado en la isla. El itinerario y duraci\u00f3n del tour son ajustables a su deseo personal, cont\u00e1ctenos para una propuesta personalizada.<\/p>\n<p>Tambi\u00e9n ofrecemos tours privados a pie y disposici\u00f3n de bote privado en Santorini. Puede ver nuestras opciones en nuestra <a href=\"https:\/\/tourtravelandmore.com\/es\/ciudad\/grecia-es\/santorini-es\/santorini-actividades-es\/\">lista de tours privados<\/a>.<\/p>\n","protected":false},"excerpt":{"rendered":"<p>Explore la maravillosa isla de Santorini junto a un gu\u00eda local experto.<\/p>\n","protected":false},"featured_media":110279,"comment_status":"open","ping_status":"closed","template":"","meta":{"_acf_changed":false},"product_brand":[],"product_cat":[2518,2520,2522],"product_tag":[],"class_list":{"0":"post-110251","1":"product","2":"type-product","3":"status-publish","4":"has-post-thumbnail","6":"product_cat-santorini-es","7":"product_cat-santorini-actividades-es","8":"product_cat-santorini-excursiones-es","10":"first","11":"instock","12":"shipping-taxable","13":"purchasable","14":"product-type-simple"},"acf":[],"yoast_head":"<!-- This site is optimized with the Yoast SEO Premium plugin v25.3.1 (Yoast SEO v25.3.1) - https:\/\/yoast.com\/wordpress\/plugins\/seo\/ -->\n<title>\u27a1\ufe0f Tour privado de Santorini con chofer y gu\u00eda oficial privado | Tour Travel &amp; More<\/title>\n<meta name=\"description\" content=\"Explore la maravillosa isla de Santorini con nuestro tour privado de Santorini. Descubra sus pueblos, naturaleza, vistas panor\u00e1micas y m\u00e1s! \u2705\" \/>\n<meta name=\"robots\" content=\"index, follow, max-snippet:-1, max-image-preview:large, max-video-preview:-1\" \/>\n<link rel=\"canonical\" href=\"https:\/\/tourtravelandmore.com\/es\/tours\/grecia-es\/santorini-es\/santorini-actividades-es\/tour-privado-de-santorini-full-day\/\" \/>\n<meta property=\"og:locale\" content=\"es_ES\" \/>\n<meta property=\"og:type\" content=\"article\" \/>\n<meta property=\"og:title\" content=\"Tour Privado de Santorini 8 horas: Akrotiri, Caldera, Perissa y m\u00e1s\" \/>\n<meta property=\"og:description\" content=\"Explore la maravillosa isla de Santorini con nuestro tour privado de Santorini. Descubra sus pueblos, naturaleza, vistas panor\u00e1micas y m\u00e1s! \u2705\" \/>\n<meta property=\"og:url\" content=\"https:\/\/tourtravelandmore.com\/es\/tours\/grecia-es\/santorini-es\/santorini-actividades-es\/tour-privado-de-santorini-full-day\/\" \/>\n<meta property=\"og:site_name\" content=\"Tour Travel And More\" \/>\n<meta property=\"article:publisher\" content=\"https:\/\/www.facebook.com\/tourtravelandmore\/\" \/>\n<meta property=\"article:modified_time\" content=\"2023-09-08T11:31:49+00:00\" \/>\n<meta property=\"og:image\" content=\"https:\/\/tourtravelandmore.com\/wp-content\/uploads\/2021\/08\/SAntorni-3.jpeg\" \/>\n\t<meta property=\"og:image:width\" content=\"667\" \/>\n\t<meta property=\"og:image:height\" content=\"500\" \/>\n\t<meta property=\"og:image:type\" content=\"image\/jpeg\" \/>\n<meta name=\"twitter:card\" content=\"summary_large_image\" \/>\n<meta name=\"twitter:site\" content=\"@TourTravel_More\" \/>\n<meta name=\"twitter:label1\" content=\"Tiempo de lectura\" \/>\n\t<meta name=\"twitter:data1\" content=\"3 minutos\" \/>\n<script type=\"application\/ld+json\" class=\"yoast-schema-graph\">{\"@context\":\"https:\/\/schema.org\",\"@graph\":[{\"@type\":\"WebPage\",\"@id\":\"https:\/\/tourtravelandmore.com\/es\/tours\/grecia-es\/santorini-es\/santorini-actividades-es\/tour-privado-de-santorini-full-day\/\",\"url\":\"https:\/\/tourtravelandmore.com\/es\/tours\/grecia-es\/santorini-es\/santorini-actividades-es\/tour-privado-de-santorini-full-day\/\",\"name\":\"\u27a1\ufe0f Tour privado de Santorini con chofer y gu\u00eda oficial privado | Tour Travel & More\",\"isPartOf\":{\"@id\":\"https:\/\/tourtravelandmore.com\/es\/#website\"},\"primaryImageOfPage\":{\"@id\":\"https:\/\/tourtravelandmore.com\/es\/tours\/grecia-es\/santorini-es\/santorini-actividades-es\/tour-privado-de-santorini-full-day\/#primaryimage\"},\"image\":{\"@id\":\"https:\/\/tourtravelandmore.com\/es\/tours\/grecia-es\/santorini-es\/santorini-actividades-es\/tour-privado-de-santorini-full-day\/#primaryimage\"},\"thumbnailUrl\":\"https:\/\/tourtravelandmore.com\/wp-content\/uploads\/2021\/08\/SAntorni-3.jpeg\",\"datePublished\":\"2021-08-20T11:18:57+00:00\",\"dateModified\":\"2023-09-08T11:31:49+00:00\",\"description\":\"Explore la maravillosa isla de Santorini con nuestro tour privado de Santorini. Descubra sus pueblos, naturaleza, vistas panor\u00e1micas y m\u00e1s! \u2705\",\"breadcrumb\":{\"@id\":\"https:\/\/tourtravelandmore.com\/es\/tours\/grecia-es\/santorini-es\/santorini-actividades-es\/tour-privado-de-santorini-full-day\/#breadcrumb\"},\"inLanguage\":\"es\",\"potentialAction\":[{\"@type\":\"ReadAction\",\"target\":[\"https:\/\/tourtravelandmore.com\/es\/tours\/grecia-es\/santorini-es\/santorini-actividades-es\/tour-privado-de-santorini-full-day\/\"]}]},{\"@type\":\"ImageObject\",\"inLanguage\":\"es\",\"@id\":\"https:\/\/tourtravelandmore.com\/es\/tours\/grecia-es\/santorini-es\/santorini-actividades-es\/tour-privado-de-santorini-full-day\/#primaryimage\",\"url\":\"https:\/\/tourtravelandmore.com\/wp-content\/uploads\/2021\/08\/SAntorni-3.jpeg\",\"contentUrl\":\"https:\/\/tourtravelandmore.com\/wp-content\/uploads\/2021\/08\/SAntorni-3.jpeg\",\"width\":667,\"height\":500},{\"@type\":\"BreadcrumbList\",\"@id\":\"https:\/\/tourtravelandmore.com\/es\/tours\/grecia-es\/santorini-es\/santorini-actividades-es\/tour-privado-de-santorini-full-day\/#breadcrumb\",\"itemListElement\":[{\"@type\":\"ListItem\",\"position\":1,\"name\":\"Home\",\"item\":\"https:\/\/tourtravelandmore.com\/es\/\"},{\"@type\":\"ListItem\",\"position\":2,\"name\":\"Tours\",\"item\":\"https:\/\/tourtravelandmore.com\/es\/tours\/\"},{\"@type\":\"ListItem\",\"position\":3,\"name\":\"Tour Privado de Santorini 8 horas: Akrotiri, Caldera, Perissa y m\u00e1s\"}]},{\"@type\":\"WebSite\",\"@id\":\"https:\/\/tourtravelandmore.com\/es\/#website\",\"url\":\"https:\/\/tourtravelandmore.com\/es\/\",\"name\":\"Tour Travel And More\",\"description\":\"Private sightseeing tours and luxury transfers in Spain\",\"publisher\":{\"@id\":\"https:\/\/tourtravelandmore.com\/es\/#organization\"},\"potentialAction\":[{\"@type\":\"SearchAction\",\"target\":{\"@type\":\"EntryPoint\",\"urlTemplate\":\"https:\/\/tourtravelandmore.com\/es\/?s={search_term_string}\"},\"query-input\":{\"@type\":\"PropertyValueSpecification\",\"valueRequired\":true,\"valueName\":\"search_term_string\"}}],\"inLanguage\":\"es\"},{\"@type\":\"Organization\",\"@id\":\"https:\/\/tourtravelandmore.com\/es\/#organization\",\"name\":\"Tour Travel And More\",\"url\":\"https:\/\/tourtravelandmore.com\/es\/\",\"logo\":{\"@type\":\"ImageObject\",\"inLanguage\":\"es\",\"@id\":\"https:\/\/tourtravelandmore.com\/es\/#\/schema\/logo\/image\/\",\"url\":\"https:\/\/tourtravelandmore.com\/wp-content\/uploads\/2022\/12\/cropped-logo-cabecera-new.png\",\"contentUrl\":\"https:\/\/tourtravelandmore.com\/wp-content\/uploads\/2022\/12\/cropped-logo-cabecera-new.png\",\"width\":430,\"height\":61,\"caption\":\"Tour Travel And More\"},\"image\":{\"@id\":\"https:\/\/tourtravelandmore.com\/es\/#\/schema\/logo\/image\/\"},\"sameAs\":[\"https:\/\/www.facebook.com\/tourtravelandmore\/\",\"https:\/\/x.com\/TourTravel_More\"]}]}<\/script>\n<!-- \/ Yoast SEO Premium plugin. -->","yoast_head_json":{"title":"\u27a1\ufe0f Tour privado de Santorini con chofer y gu\u00eda oficial privado | Tour Travel & More","description":"Explore la maravillosa isla de Santorini con nuestro tour privado de Santorini. Descubra sus pueblos, naturaleza, vistas panor\u00e1micas y m\u00e1s! \u2705","robots":{"index":"index","follow":"follow","max-snippet":"max-snippet:-1","max-image-preview":"max-image-preview:large","max-video-preview":"max-video-preview:-1"},"canonical":"https:\/\/tourtravelandmore.com\/es\/tours\/grecia-es\/santorini-es\/santorini-actividades-es\/tour-privado-de-santorini-full-day\/","og_locale":"es_ES","og_type":"article","og_title":"Tour Privado de Santorini 8 horas: Akrotiri, Caldera, Perissa y m\u00e1s","og_description":"Explore la maravillosa isla de Santorini con nuestro tour privado de Santorini. Descubra sus pueblos, naturaleza, vistas panor\u00e1micas y m\u00e1s! \u2705","og_url":"https:\/\/tourtravelandmore.com\/es\/tours\/grecia-es\/santorini-es\/santorini-actividades-es\/tour-privado-de-santorini-full-day\/","og_site_name":"Tour Travel And More","article_publisher":"https:\/\/www.facebook.com\/tourtravelandmore\/","article_modified_time":"2023-09-08T11:31:49+00:00","og_image":[{"width":667,"height":500,"url":"https:\/\/tourtravelandmore.com\/wp-content\/uploads\/2021\/08\/SAntorni-3.jpeg","type":"image\/jpeg"}],"twitter_card":"summary_large_image","twitter_site":"@TourTravel_More","twitter_misc":{"Tiempo de lectura":"3 minutos"},"schema":{"@context":"https:\/\/schema.org","@graph":[{"@type":"WebPage","@id":"https:\/\/tourtravelandmore.com\/es\/tours\/grecia-es\/santorini-es\/santorini-actividades-es\/tour-privado-de-santorini-full-day\/","url":"https:\/\/tourtravelandmore.com\/es\/tours\/grecia-es\/santorini-es\/santorini-actividades-es\/tour-privado-de-santorini-full-day\/","name":"\u27a1\ufe0f Tour privado de Santorini con chofer y gu\u00eda oficial privado | Tour Travel & More","isPartOf":{"@id":"https:\/\/tourtravelandmore.com\/es\/#website"},"primaryImageOfPage":{"@id":"https:\/\/tourtravelandmore.com\/es\/tours\/grecia-es\/santorini-es\/santorini-actividades-es\/tour-privado-de-santorini-full-day\/#primaryimage"},"image":{"@id":"https:\/\/tourtravelandmore.com\/es\/tours\/grecia-es\/santorini-es\/santorini-actividades-es\/tour-privado-de-santorini-full-day\/#primaryimage"},"thumbnailUrl":"https:\/\/tourtravelandmore.com\/wp-content\/uploads\/2021\/08\/SAntorni-3.jpeg","datePublished":"2021-08-20T11:18:57+00:00","dateModified":"2023-09-08T11:31:49+00:00","description":"Explore la maravillosa isla de Santorini con nuestro tour privado de Santorini. Descubra sus pueblos, naturaleza, vistas panor\u00e1micas y m\u00e1s! \u2705","breadcrumb":{"@id":"https:\/\/tourtravelandmore.com\/es\/tours\/grecia-es\/santorini-es\/santorini-actividades-es\/tour-privado-de-santorini-full-day\/#breadcrumb"},"inLanguage":"es","potentialAction":[{"@type":"ReadAction","target":["https:\/\/tourtravelandmore.com\/es\/tours\/grecia-es\/santorini-es\/santorini-actividades-es\/tour-privado-de-santorini-full-day\/"]}]},{"@type":"ImageObject","inLanguage":"es","@id":"https:\/\/tourtravelandmore.com\/es\/tours\/grecia-es\/santorini-es\/santorini-actividades-es\/tour-privado-de-santorini-full-day\/#primaryimage","url":"https:\/\/tourtravelandmore.com\/wp-content\/uploads\/2021\/08\/SAntorni-3.jpeg","contentUrl":"https:\/\/tourtravelandmore.com\/wp-content\/uploads\/2021\/08\/SAntorni-3.jpeg","width":667,"height":500},{"@type":"BreadcrumbList","@id":"https:\/\/tourtravelandmore.com\/es\/tours\/grecia-es\/santorini-es\/santorini-actividades-es\/tour-privado-de-santorini-full-day\/#breadcrumb","itemListElement":[{"@type":"ListItem","position":1,"name":"Home","item":"https:\/\/tourtravelandmore.com\/es\/"},{"@type":"ListItem","position":2,"name":"Tours","item":"https:\/\/tourtravelandmore.com\/es\/tours\/"},{"@type":"ListItem","position":3,"name":"Tour Privado de Santorini 8 horas: Akrotiri, Caldera, Perissa y m\u00e1s"}]},{"@type":"WebSite","@id":"https:\/\/tourtravelandmore.com\/es\/#website","url":"https:\/\/tourtravelandmore.com\/es\/","name":"Tour Travel And More","description":"Private sightseeing tours and luxury transfers in Spain","publisher":{"@id":"https:\/\/tourtravelandmore.com\/es\/#organization"},"potentialAction":[{"@type":"SearchAction","target":{"@type":"EntryPoint","urlTemplate":"https:\/\/tourtravelandmore.com\/es\/?s={search_term_string}"},"query-input":{"@type":"PropertyValueSpecification","valueRequired":true,"valueName":"search_term_string"}}],"inLanguage":"es"},{"@type":"Organization","@id":"https:\/\/tourtravelandmore.com\/es\/#organization","name":"Tour Travel And More","url":"https:\/\/tourtravelandmore.com\/es\/","logo":{"@type":"ImageObject","inLanguage":"es","@id":"https:\/\/tourtravelandmore.com\/es\/#\/schema\/logo\/image\/","url":"https:\/\/tourtravelandmore.com\/wp-content\/uploads\/2022\/12\/cropped-logo-cabecera-new.png","contentUrl":"https:\/\/tourtravelandmore.com\/wp-content\/uploads\/2022\/12\/cropped-logo-cabecera-new.png","width":430,"height":61,"caption":"Tour Travel And More"},"image":{"@id":"https:\/\/tourtravelandmore.com\/es\/#\/schema\/logo\/image\/"},"sameAs":["https:\/\/www.facebook.com\/tourtravelandmore\/","https:\/\/x.com\/TourTravel_More"]}]}},"_links":{"self":[{"href":"https:\/\/tourtravelandmore.com\/es\/wp-json\/wp\/v2\/product\/110251","targetHints":{"allow":["GET"]}}],"collection":[{"href":"https:\/\/tourtravelandmore.com\/es\/wp-json\/wp\/v2\/product"}],"about":[{"href":"https:\/\/tourtravelandmore.com\/es\/wp-json\/wp\/v2\/types\/product"}],"replies":[{"embeddable":true,"href":"https:\/\/tourtravelandmore.com\/es\/wp-json\/wp\/v2\/comments?post=110251"}],"wp:featuredmedia":[{"embeddable":true,"href":"https:\/\/tourtravelandmore.com\/es\/wp-json\/wp\/v2\/media\/110279"}],"wp:attachment":[{"href":"https:\/\/tourtravelandmore.com\/es\/wp-json\/wp\/v2\/media?parent=110251"}],"wp:term":[{"taxonomy":"product_brand","embeddable":true,"href":"https:\/\/tourtravelandmore.com\/es\/wp-json\/wp\/v2\/product_brand?post=110251"},{"taxonomy":"product_cat","embeddable":true,"href":"https:\/\/tourtravelandmore.com\/es\/wp-json\/wp\/v2\/product_cat?post=110251"},{"taxonomy":"product_tag","embeddable":true,"href":"https:\/\/tourtravelandmore.com\/es\/wp-json\/wp\/v2\/product_tag?post=110251"}],"curies":[{"name":"wp","href":"https:\/\/api.w.org\/{rel}","templated":true}]}}