{"id":110061,"date":"2021-08-13T11:04:32","date_gmt":"2021-08-13T09:04:33","guid":{"rendered":"https:\/\/tourtravelandmore.com\/?post_type=product&#038;p=110061"},"modified":"2022-04-01T12:16:25","modified_gmt":"2022-04-01T10:16:25","slug":"visita-privada-barrio-de-brera-y-galeria-de-imagenes-de-brera","status":"publish","type":"product","link":"https:\/\/tourtravelandmore.com\/es\/tours\/italia-es\/milan-es\/visita-privada-barrio-de-brera-y-galeria-de-imagenes-de-brera\/","title":{"rendered":"Visita privada Barrio de Brera y Galer\u00eda de im\u00e1genes de Brera"},"content":{"rendered":"<h2><b>Descripci\u00f3n del Visita privada Barrio de Brera y Galer\u00eda de im\u00e1genes de Brera\u00a0<\/b><\/h2>\n<p><span style=\"font-weight: 400;\">El barrio milan\u00e9s de Brera, situado junto a la elegante V\u00eda Montenapoleone en pleno coraz\u00f3n de la ciudad, es un enclave art\u00edstico de gran importancia en Europa desde hace m\u00e1s de 250 a\u00f1os.<\/span><\/p>\n<p><span style=\"font-weight: 400;\">Adem\u00e1s de sus caracter\u00edsticas boutiques y tiendas de dise\u00f1o, la zona de Brera alberga una de las galer\u00edas de arte m\u00e1s importantes de la ciudad: la magn\u00edfica Pinacoteca di Brera.<\/span><\/p>\n<p><span style=\"font-weight: 400;\">Nuestra <\/span><b>visita privada al Barrio de Brera<\/b><span style=\"font-weight: 400;\"> es la oportunidad perfecta para que explores una de las zonas m\u00e1s encantadoras y elegantes de Mil\u00e1n.<\/span><\/p>\n<p><span style=\"font-weight: 400;\">Ser\u00e1 un <\/span><b>paseo guiado de 3 horas<\/b><span style=\"font-weight: 400;\"> junto a un gu\u00eda privado para que conozcas con calma este distrito tan bohemio y elegante que atrae a millones de turistas cada a\u00f1o.\u00a0<\/span><\/p>\n<p><span style=\"font-weight: 400;\">Adem\u00e1s, te llevaremos hasta la Galer\u00eda de arte de Brera, mejor conocida como la Pinacoteca de Brera. All\u00ed, tendr\u00e1s la oportunidad de ver de cerca muchas de las obras maestras de Raphael, Caravaggio, Correggio, entre otros artistas de fama mundial.\u00a0<\/span><\/p>\n<p><b>La visita guiada incluye tickets de entrada a la Pinacoteca y la compa\u00f1\u00eda exclusiva de un gu\u00eda privado,<\/b><span style=\"font-weight: 400;\"> para que descubras todos los detalles de cada uno de los rincones de este emblem\u00e1tico barrio.\u00a0<\/span><\/p>\n<p><span style=\"font-weight: 400;\">Al finalizar la excursi\u00f3n, te llevaremos hasta un punto c\u00e9ntrico de Mil\u00e1n para que contin\u00faes con tu itinerario de viaje por la ciudad.\u00a0<\/span><\/p>\n<h2><span style=\"color: #d3af37;\"><b>Puntos de inter\u00e9s del <\/b><b>Visita privada Barrio de Brera y Galer\u00eda de im\u00e1genes de Brera\u00a0<\/b><\/span><\/h2>\n<p><span style=\"font-weight: 400;\">En pleno coraz\u00f3n de Mil\u00e1n se encuentra Brera, un barrio considerado como el &#8220;Montmartre milan\u00e9s&#8221;, debido a la riqueza cultural y art\u00edstica que encierra.<\/span><\/p>\n<p><span style=\"font-weight: 400;\">Nuestra visita guiada al Barrio de Brera se inicia al encontrarse con su gu\u00eda privado en un lugar c\u00e9ntrico de Mil\u00e1n o en tu hotel (si est\u00e1 ubicado en el centro de la ciudad). Desde all\u00ed, ir\u00e1s a explorar los siguientes puntos de inter\u00e9s:\u00a0<\/span><\/p>\n<h3><span style=\"color: #d3af37;\"><b>Recorrer el m\u00e1gico Barrio de Brera\u00a0<\/b><\/span><\/h3>\n<p><span style=\"font-weight: 400;\">En este barrio milan\u00e9s se respira <\/span><b>arte, moda y elegancia<\/b><span style=\"font-weight: 400;\">. Por eso, en este tour a pie vas a conocer sus famosos caf\u00e9s literarios y algunas de las tiendas de los dise\u00f1adores m\u00e1s famosos, como Versace, Dior y Gucci.<\/span><\/p>\n<p><span style=\"font-weight: 400;\">Tambi\u00e9n, podr\u00e1s admirar sus calles llenas de un gran valor arquitect\u00f3nico, en el cual se mezclan distintos estilos como el renacentista, el g\u00f3tico y el barroco.\u00a0<\/span><\/p>\n<h3><span style=\"color: #d3af37;\"><b>La pinacoteca o Galer\u00eda de im\u00e1genes de Brera<\/b><\/span><\/h3>\n<p><span style=\"font-weight: 400;\">Uno de los puntos m\u00e1s atractivos de Brera es su Pinacoteca de Arte. Se trata de una galer\u00eda inaugurada en 1803 que contiene algunas de las colecciones de arte m\u00e1s destacadas de Europa. De hecho, esta galer\u00eda es comparable con los grandes museos europeos.\u00a0<\/span><\/p>\n<p><span style=\"font-weight: 400;\">Esta visita guiada <\/span><b>incluye tickets para entrar a la Pinacoteca de Brera<\/b><span style=\"font-weight: 400;\">. De esta manera, podr\u00e1s ver las obras m\u00e1s emblem\u00e1ticas de los siguientes artistas:\u00a0<\/span><\/p>\n<ul>\n<li><b>Rafael<\/b><\/li>\n<li><b>Caravaggio<\/b><\/li>\n<li><b>Francesco del Cossa<\/b><\/li>\n<li><b>Luca Signorelli<\/b><\/li>\n<li><b>Tiziano<\/b><\/li>\n<li><b>Andrea Mantegna<\/b><\/li>\n<li><b>Gentile Bellini\u00a0<\/b><\/li>\n<li><b>Giovanni Bellini<\/b><\/li>\n<li><b>Bramante, entre muchos otros artistas.\u00a0<\/b><\/li>\n<\/ul>\n<p><span style=\"font-weight: 400;\">Durante todo el recorrido, nuestro gu\u00eda privado te hablar\u00e1 de la historia y la cultura del barrio Brera y la raz\u00f3n por la cual se ha convertido en una zona art\u00edstica de referencia a nivel mundial.\u00a0<\/span><\/p>\n<p><span style=\"font-weight: 400;\">Cuando termine la visita privada, el gu\u00eda te acompa\u00f1ar\u00e1 hasta un punto c\u00e9ntrico de Mil\u00e1n.\u00a0<\/span><\/p>\n<p><span style=\"font-weight: 400;\">Puedes aprovechar al m\u00e1ximo tu paseo por Italia con nuestro <\/span><a href=\"https:\/\/tourtravelandmore.com\/es\/tours\/italia-es\/milan-es\/tour-privado-a-venecia-desde-milan\/\"><b>tour privado a Venecia desde Mil\u00e1n<\/b><\/a><span style=\"font-weight: 400;\"> para que descubras una de las ciudades m\u00e1s atractivas de Europa. <\/span><\/p>\n","protected":false},"excerpt":{"rendered":"<p><span style=\"font-weight: 400;\">Descubre los tesoros arquitect\u00f3nicos, art\u00edsticos y culturales que esconde el Barrio de Brera en Mil\u00e1n. Explora sus magn\u00edficas calles y visita la Galer\u00eda de im\u00e1genes de Brera para admirar algunas de las obras de arte m\u00e1s famosas del mundo. Adem\u00e1s, estar\u00e1s con un gu\u00eda privado para conocer todos los detalles que necesites<\/span><\/p>\n","protected":false},"featured_media":120770,"comment_status":"open","ping_status":"closed","template":"","meta":{"_acf_changed":false},"product_brand":[],"product_cat":[424,425,428],"product_tag":[],"class_list":{"0":"post-110061","1":"product","2":"type-product","3":"status-publish","4":"has-post-thumbnail","6":"product_cat-milan-es","7":"product_cat-milan-actividades-es","8":"product_cat-milan-tours-privados-pie-es","10":"first","11":"instock","12":"shipping-taxable","13":"purchasable","14":"product-type-simple"},"acf":[],"yoast_head":"<!-- This site is optimized with the Yoast SEO Premium plugin v25.3.1 (Yoast SEO v25.3.1) - https:\/\/yoast.com\/wordpress\/plugins\/seo\/ -->\n<title>Visita privada Barrio de Brera y Galer\u00eda de im\u00e1genes de Brera en compa\u00f1\u00eda de un gu\u00eda oficial privado<\/title>\n<meta name=\"description\" content=\"Explora el Barrio de Brera en Mil\u00e1n y su Pinacoteca de arte, la cual alberga m\u00e1s de 400 obras art\u00edsticas, en un tour privado de 3 horas en compa\u00f1\u00eda de un gu\u00eda oficial experto en arte e historia.\" \/>\n<meta name=\"robots\" content=\"index, follow, max-snippet:-1, max-image-preview:large, max-video-preview:-1\" \/>\n<link rel=\"canonical\" href=\"https:\/\/tourtravelandmore.com\/es\/tours\/italia-es\/milan-es\/visita-privada-barrio-de-brera-y-galeria-de-imagenes-de-brera\/\" \/>\n<meta property=\"og:locale\" content=\"es_ES\" \/>\n<meta property=\"og:type\" content=\"article\" \/>\n<meta property=\"og:title\" content=\"Visita privada Barrio de Brera y Galer\u00eda de im\u00e1genes de Brera\" \/>\n<meta property=\"og:description\" content=\"Explora el Barrio de Brera en Mil\u00e1n y su Pinacoteca de arte, la cual alberga m\u00e1s de 400 obras art\u00edsticas, en un tour privado de 3 horas en compa\u00f1\u00eda de un gu\u00eda oficial experto en arte e historia.\" \/>\n<meta property=\"og:url\" content=\"https:\/\/tourtravelandmore.com\/es\/tours\/italia-es\/milan-es\/visita-privada-barrio-de-brera-y-galeria-de-imagenes-de-brera\/\" \/>\n<meta property=\"og:site_name\" content=\"Tour Travel And More\" \/>\n<meta property=\"article:publisher\" content=\"https:\/\/www.facebook.com\/tourtravelandmore\/\" \/>\n<meta property=\"article:modified_time\" content=\"2022-04-01T10:16:25+00:00\" \/>\n<meta property=\"og:image\" content=\"https:\/\/tourtravelandmore.com\/wp-content\/uploads\/2021\/08\/image2-1.jpg\" \/>\n\t<meta property=\"og:image:width\" content=\"900\" \/>\n\t<meta property=\"og:image:height\" content=\"680\" \/>\n\t<meta property=\"og:image:type\" content=\"image\/jpeg\" \/>\n<meta name=\"twitter:card\" content=\"summary_large_image\" \/>\n<meta name=\"twitter:site\" content=\"@TourTravel_More\" \/>\n<meta name=\"twitter:label1\" content=\"Tiempo de lectura\" \/>\n\t<meta name=\"twitter:data1\" content=\"3 minutos\" \/>\n<script type=\"application\/ld+json\" class=\"yoast-schema-graph\">{\"@context\":\"https:\/\/schema.org\",\"@graph\":[{\"@type\":\"WebPage\",\"@id\":\"https:\/\/tourtravelandmore.com\/es\/tours\/italia-es\/milan-es\/visita-privada-barrio-de-brera-y-galeria-de-imagenes-de-brera\/\",\"url\":\"https:\/\/tourtravelandmore.com\/es\/tours\/italia-es\/milan-es\/visita-privada-barrio-de-brera-y-galeria-de-imagenes-de-brera\/\",\"name\":\"Visita privada Barrio de Brera y Galer\u00eda de im\u00e1genes de Brera en compa\u00f1\u00eda de un gu\u00eda oficial privado\",\"isPartOf\":{\"@id\":\"https:\/\/tourtravelandmore.com\/es\/#website\"},\"primaryImageOfPage\":{\"@id\":\"https:\/\/tourtravelandmore.com\/es\/tours\/italia-es\/milan-es\/visita-privada-barrio-de-brera-y-galeria-de-imagenes-de-brera\/#primaryimage\"},\"image\":{\"@id\":\"https:\/\/tourtravelandmore.com\/es\/tours\/italia-es\/milan-es\/visita-privada-barrio-de-brera-y-galeria-de-imagenes-de-brera\/#primaryimage\"},\"thumbnailUrl\":\"https:\/\/tourtravelandmore.com\/wp-content\/uploads\/2021\/08\/image2-1.jpg\",\"datePublished\":\"2021-08-13T09:04:33+00:00\",\"dateModified\":\"2022-04-01T10:16:25+00:00\",\"description\":\"Explora el Barrio de Brera en Mil\u00e1n y su Pinacoteca de arte, la cual alberga m\u00e1s de 400 obras art\u00edsticas, en un tour privado de 3 horas en compa\u00f1\u00eda de un gu\u00eda oficial experto en arte e historia.\",\"breadcrumb\":{\"@id\":\"https:\/\/tourtravelandmore.com\/es\/tours\/italia-es\/milan-es\/visita-privada-barrio-de-brera-y-galeria-de-imagenes-de-brera\/#breadcrumb\"},\"inLanguage\":\"es\",\"potentialAction\":[{\"@type\":\"ReadAction\",\"target\":[\"https:\/\/tourtravelandmore.com\/es\/tours\/italia-es\/milan-es\/visita-privada-barrio-de-brera-y-galeria-de-imagenes-de-brera\/\"]}]},{\"@type\":\"ImageObject\",\"inLanguage\":\"es\",\"@id\":\"https:\/\/tourtravelandmore.com\/es\/tours\/italia-es\/milan-es\/visita-privada-barrio-de-brera-y-galeria-de-imagenes-de-brera\/#primaryimage\",\"url\":\"https:\/\/tourtravelandmore.com\/wp-content\/uploads\/2021\/08\/image2-1.jpg\",\"contentUrl\":\"https:\/\/tourtravelandmore.com\/wp-content\/uploads\/2021\/08\/image2-1.jpg\",\"width\":900,\"height\":680},{\"@type\":\"BreadcrumbList\",\"@id\":\"https:\/\/tourtravelandmore.com\/es\/tours\/italia-es\/milan-es\/visita-privada-barrio-de-brera-y-galeria-de-imagenes-de-brera\/#breadcrumb\",\"itemListElement\":[{\"@type\":\"ListItem\",\"position\":1,\"name\":\"Home\",\"item\":\"https:\/\/tourtravelandmore.com\/es\/\"},{\"@type\":\"ListItem\",\"position\":2,\"name\":\"Tours\",\"item\":\"https:\/\/tourtravelandmore.com\/es\/tours\/\"},{\"@type\":\"ListItem\",\"position\":3,\"name\":\"Visita privada Barrio de Brera y Galer\u00eda de im\u00e1genes de Brera\"}]},{\"@type\":\"WebSite\",\"@id\":\"https:\/\/tourtravelandmore.com\/es\/#website\",\"url\":\"https:\/\/tourtravelandmore.com\/es\/\",\"name\":\"Tour Travel And More\",\"description\":\"Private sightseeing tours and luxury transfers in Spain\",\"publisher\":{\"@id\":\"https:\/\/tourtravelandmore.com\/es\/#organization\"},\"potentialAction\":[{\"@type\":\"SearchAction\",\"target\":{\"@type\":\"EntryPoint\",\"urlTemplate\":\"https:\/\/tourtravelandmore.com\/es\/?s={search_term_string}\"},\"query-input\":{\"@type\":\"PropertyValueSpecification\",\"valueRequired\":true,\"valueName\":\"search_term_string\"}}],\"inLanguage\":\"es\"},{\"@type\":\"Organization\",\"@id\":\"https:\/\/tourtravelandmore.com\/es\/#organization\",\"name\":\"Tour Travel And More\",\"url\":\"https:\/\/tourtravelandmore.com\/es\/\",\"logo\":{\"@type\":\"ImageObject\",\"inLanguage\":\"es\",\"@id\":\"https:\/\/tourtravelandmore.com\/es\/#\/schema\/logo\/image\/\",\"url\":\"https:\/\/tourtravelandmore.com\/wp-content\/uploads\/2022\/12\/cropped-logo-cabecera-new.png\",\"contentUrl\":\"https:\/\/tourtravelandmore.com\/wp-content\/uploads\/2022\/12\/cropped-logo-cabecera-new.png\",\"width\":430,\"height\":61,\"caption\":\"Tour Travel And More\"},\"image\":{\"@id\":\"https:\/\/tourtravelandmore.com\/es\/#\/schema\/logo\/image\/\"},\"sameAs\":[\"https:\/\/www.facebook.com\/tourtravelandmore\/\",\"https:\/\/x.com\/TourTravel_More\"]}]}<\/script>\n<!-- \/ Yoast SEO Premium plugin. -->","yoast_head_json":{"title":"Visita privada Barrio de Brera y Galer\u00eda de im\u00e1genes de Brera en compa\u00f1\u00eda de un gu\u00eda oficial privado","description":"Explora el Barrio de Brera en Mil\u00e1n y su Pinacoteca de arte, la cual alberga m\u00e1s de 400 obras art\u00edsticas, en un tour privado de 3 horas en compa\u00f1\u00eda de un gu\u00eda oficial experto en arte e historia.","robots":{"index":"index","follow":"follow","max-snippet":"max-snippet:-1","max-image-preview":"max-image-preview:large","max-video-preview":"max-video-preview:-1"},"canonical":"https:\/\/tourtravelandmore.com\/es\/tours\/italia-es\/milan-es\/visita-privada-barrio-de-brera-y-galeria-de-imagenes-de-brera\/","og_locale":"es_ES","og_type":"article","og_title":"Visita privada Barrio de Brera y Galer\u00eda de im\u00e1genes de Brera","og_description":"Explora el Barrio de Brera en Mil\u00e1n y su Pinacoteca de arte, la cual alberga m\u00e1s de 400 obras art\u00edsticas, en un tour privado de 3 horas en compa\u00f1\u00eda de un gu\u00eda oficial experto en arte e historia.","og_url":"https:\/\/tourtravelandmore.com\/es\/tours\/italia-es\/milan-es\/visita-privada-barrio-de-brera-y-galeria-de-imagenes-de-brera\/","og_site_name":"Tour Travel And More","article_publisher":"https:\/\/www.facebook.com\/tourtravelandmore\/","article_modified_time":"2022-04-01T10:16:25+00:00","og_image":[{"width":900,"height":680,"url":"https:\/\/tourtravelandmore.com\/wp-content\/uploads\/2021\/08\/image2-1.jpg","type":"image\/jpeg"}],"twitter_card":"summary_large_image","twitter_site":"@TourTravel_More","twitter_misc":{"Tiempo de lectura":"3 minutos"},"schema":{"@context":"https:\/\/schema.org","@graph":[{"@type":"WebPage","@id":"https:\/\/tourtravelandmore.com\/es\/tours\/italia-es\/milan-es\/visita-privada-barrio-de-brera-y-galeria-de-imagenes-de-brera\/","url":"https:\/\/tourtravelandmore.com\/es\/tours\/italia-es\/milan-es\/visita-privada-barrio-de-brera-y-galeria-de-imagenes-de-brera\/","name":"Visita privada Barrio de Brera y Galer\u00eda de im\u00e1genes de Brera en compa\u00f1\u00eda de un gu\u00eda oficial privado","isPartOf":{"@id":"https:\/\/tourtravelandmore.com\/es\/#website"},"primaryImageOfPage":{"@id":"https:\/\/tourtravelandmore.com\/es\/tours\/italia-es\/milan-es\/visita-privada-barrio-de-brera-y-galeria-de-imagenes-de-brera\/#primaryimage"},"image":{"@id":"https:\/\/tourtravelandmore.com\/es\/tours\/italia-es\/milan-es\/visita-privada-barrio-de-brera-y-galeria-de-imagenes-de-brera\/#primaryimage"},"thumbnailUrl":"https:\/\/tourtravelandmore.com\/wp-content\/uploads\/2021\/08\/image2-1.jpg","datePublished":"2021-08-13T09:04:33+00:00","dateModified":"2022-04-01T10:16:25+00:00","description":"Explora el Barrio de Brera en Mil\u00e1n y su Pinacoteca de arte, la cual alberga m\u00e1s de 400 obras art\u00edsticas, en un tour privado de 3 horas en compa\u00f1\u00eda de un gu\u00eda oficial experto en arte e historia.","breadcrumb":{"@id":"https:\/\/tourtravelandmore.com\/es\/tours\/italia-es\/milan-es\/visita-privada-barrio-de-brera-y-galeria-de-imagenes-de-brera\/#breadcrumb"},"inLanguage":"es","potentialAction":[{"@type":"ReadAction","target":["https:\/\/tourtravelandmore.com\/es\/tours\/italia-es\/milan-es\/visita-privada-barrio-de-brera-y-galeria-de-imagenes-de-brera\/"]}]},{"@type":"ImageObject","inLanguage":"es","@id":"https:\/\/tourtravelandmore.com\/es\/tours\/italia-es\/milan-es\/visita-privada-barrio-de-brera-y-galeria-de-imagenes-de-brera\/#primaryimage","url":"https:\/\/tourtravelandmore.com\/wp-content\/uploads\/2021\/08\/image2-1.jpg","contentUrl":"https:\/\/tourtravelandmore.com\/wp-content\/uploads\/2021\/08\/image2-1.jpg","width":900,"height":680},{"@type":"BreadcrumbList","@id":"https:\/\/tourtravelandmore.com\/es\/tours\/italia-es\/milan-es\/visita-privada-barrio-de-brera-y-galeria-de-imagenes-de-brera\/#breadcrumb","itemListElement":[{"@type":"ListItem","position":1,"name":"Home","item":"https:\/\/tourtravelandmore.com\/es\/"},{"@type":"ListItem","position":2,"name":"Tours","item":"https:\/\/tourtravelandmore.com\/es\/tours\/"},{"@type":"ListItem","position":3,"name":"Visita privada Barrio de Brera y Galer\u00eda de im\u00e1genes de Brera"}]},{"@type":"WebSite","@id":"https:\/\/tourtravelandmore.com\/es\/#website","url":"https:\/\/tourtravelandmore.com\/es\/","name":"Tour Travel And More","description":"Private sightseeing tours and luxury transfers in Spain","publisher":{"@id":"https:\/\/tourtravelandmore.com\/es\/#organization"},"potentialAction":[{"@type":"SearchAction","target":{"@type":"EntryPoint","urlTemplate":"https:\/\/tourtravelandmore.com\/es\/?s={search_term_string}"},"query-input":{"@type":"PropertyValueSpecification","valueRequired":true,"valueName":"search_term_string"}}],"inLanguage":"es"},{"@type":"Organization","@id":"https:\/\/tourtravelandmore.com\/es\/#organization","name":"Tour Travel And More","url":"https:\/\/tourtravelandmore.com\/es\/","logo":{"@type":"ImageObject","inLanguage":"es","@id":"https:\/\/tourtravelandmore.com\/es\/#\/schema\/logo\/image\/","url":"https:\/\/tourtravelandmore.com\/wp-content\/uploads\/2022\/12\/cropped-logo-cabecera-new.png","contentUrl":"https:\/\/tourtravelandmore.com\/wp-content\/uploads\/2022\/12\/cropped-logo-cabecera-new.png","width":430,"height":61,"caption":"Tour Travel And More"},"image":{"@id":"https:\/\/tourtravelandmore.com\/es\/#\/schema\/logo\/image\/"},"sameAs":["https:\/\/www.facebook.com\/tourtravelandmore\/","https:\/\/x.com\/TourTravel_More"]}]}},"_links":{"self":[{"href":"https:\/\/tourtravelandmore.com\/es\/wp-json\/wp\/v2\/product\/110061","targetHints":{"allow":["GET"]}}],"collection":[{"href":"https:\/\/tourtravelandmore.com\/es\/wp-json\/wp\/v2\/product"}],"about":[{"href":"https:\/\/tourtravelandmore.com\/es\/wp-json\/wp\/v2\/types\/product"}],"replies":[{"embeddable":true,"href":"https:\/\/tourtravelandmore.com\/es\/wp-json\/wp\/v2\/comments?post=110061"}],"wp:featuredmedia":[{"embeddable":true,"href":"https:\/\/tourtravelandmore.com\/es\/wp-json\/wp\/v2\/media\/120770"}],"wp:attachment":[{"href":"https:\/\/tourtravelandmore.com\/es\/wp-json\/wp\/v2\/media?parent=110061"}],"wp:term":[{"taxonomy":"product_brand","embeddable":true,"href":"https:\/\/tourtravelandmore.com\/es\/wp-json\/wp\/v2\/product_brand?post=110061"},{"taxonomy":"product_cat","embeddable":true,"href":"https:\/\/tourtravelandmore.com\/es\/wp-json\/wp\/v2\/product_cat?post=110061"},{"taxonomy":"product_tag","embeddable":true,"href":"https:\/\/tourtravelandmore.com\/es\/wp-json\/wp\/v2\/product_tag?post=110061"}],"curies":[{"name":"wp","href":"https:\/\/api.w.org\/{rel}","templated":true}]}}