{"id":110021,"date":"2021-08-12T13:23:01","date_gmt":"2021-08-12T11:23:05","guid":{"rendered":"https:\/\/tourtravelandmore.com\/?post_type=product&#038;p=110021"},"modified":"2022-04-01T12:12:25","modified_gmt":"2022-04-01T10:12:25","slug":"tour-privado-a-pie-de-milan-los-sitios-mas-importantes","status":"publish","type":"product","link":"https:\/\/tourtravelandmore.com\/es\/tours\/italia-es\/milan-es\/tour-privado-a-pie-de-milan-los-sitios-mas-importantes\/","title":{"rendered":"Tour Privado a pie de Mil\u00e1n \u201cLos Sitios M\u00e1s Importantes\u201d"},"content":{"rendered":"<h2><span style=\"font-weight: 400;\">Descripci\u00f3n del Tour privado a pie de Mil\u00e1n 3 horas \u201clos sitios m\u00e1s importantes\u201d<\/span><\/h2>\n<p><span style=\"font-weight: 400;\">Explora la ciudad de la moda y el mayor centro financiero de Italia en nuestro <\/span><b>tour privado a pie por Mil\u00e1n<\/b><span style=\"font-weight: 400;\"> para que conozcas los monumentos m\u00e1s emblem\u00e1ticos e hist\u00f3ricos de la capital de Lombard\u00eda.\u00a0<\/span><\/p>\n<p><span style=\"font-weight: 400;\">Descubre la <\/span><b>imponente arquitectura<\/b><span style=\"font-weight: 400;\"> de esta ciudad, la cual es considerada como el centro de la moda y el dise\u00f1o a nivel mundial.\u00a0<\/span><\/p>\n<p><span style=\"font-weight: 400;\">Ser\u00e1 un <\/span><b>paseo de 3 horas<\/b><span style=\"font-weight: 400;\"> para recorrer a pie y de manera personalizada los puntos m\u00e1s atractivos, como la Duomo Piazza, la Galleria Vittorio Emanuele, el monumento a Leonardo da Vinci, el Teatro de la Scala, entre muchos otros lugares interesantes.\u00a0<\/span><\/p>\n<p><span style=\"font-weight: 400;\">Tambi\u00e9n, <\/span><b>tendr\u00e1s entradas exclusivas a la Catedral del Duomo<\/b><span style=\"font-weight: 400;\">, una impresionante construcci\u00f3n g\u00f3tica considerada como uno de los s\u00edmbolos de Mil\u00e1n, y cuya belleza arquitect\u00f3nica te dejar\u00e1 sin palabras.\u00a0<\/span><\/p>\n<p><span style=\"font-weight: 400;\">Durante el recorrido <\/span><b>ir\u00e1s con un gu\u00eda oficial privado<\/b><span style=\"font-weight: 400;\">, quien te dar\u00e1 los detalles m\u00e1s interesantes de los principales sitios tur\u00edsticos de la ciudad y tambi\u00e9n te llevar\u00e1 a conocer las joyas ocultas de Mil\u00e1n.\u00a0<\/span><\/p>\n<p><span style=\"font-weight: 400;\">Puedes acordar con el gu\u00eda el punto de encuentro para que todo el paseo sea lo m\u00e1s c\u00f3modo posible para ti.\u00a0<\/span><\/p>\n<h2><span style=\"font-weight: 400;\">Puntos de inter\u00e9s del <\/span><span style=\"font-weight: 400;\">Tour privado a pie de Mil\u00e1n 3 horas \u201clos sitios m\u00e1s importantes\u201d<\/span><\/h2>\n<p><span style=\"font-weight: 400;\">Mil\u00e1n es <\/span><b>la capital financiera de Italia<\/b><span style=\"font-weight: 400;\"> y una ciudad en la cual se mezclan varios estilos arquitect\u00f3nicos, como el moderno, el renacentista, el g\u00f3tico, entre muchos otros. Esto la convierte en el destino favorito de millones de turistas a\u00f1o tras a\u00f1o.\u00a0<\/span><\/p>\n<p><span style=\"font-weight: 400;\">En este tour privado a pie por Mil\u00e1n\u00a0 de 3 horas puedes acordar con el gu\u00eda el encuentro en tu hotel (si est\u00e1 en el centro), o en un punto c\u00e9ntrico de la ciudad.\u00a0<\/span><\/p>\n<p><span style=\"font-weight: 400;\">Desde all\u00ed, empieza esta excursi\u00f3n privada, que te ayudar\u00e1 a experimentar todo lo que esta incre\u00edble ciudad tiene para ofrecer:<\/span><\/p>\n<h3><span style=\"color: #d3af37;\"><strong>La Piazza del Duomo<\/strong><\/span><\/h3>\n<p><span style=\"font-weight: 400;\">Este es uno de los lugares m\u00e1s impresionantes de Mil\u00e1n. De hecho, es <\/span><b>el centro geogr\u00e1fico<\/b><span style=\"font-weight: 400;\">, cultural e hist\u00f3rico de la ciudad.\u00a0<\/span><\/p>\n<p><span style=\"font-weight: 400;\">A su alrededor se encuentran los edificios m\u00e1s importantes de la ciudad. Por eso, cuando est\u00e9s en la Piazza del Duomo vas a tomar las fotograf\u00edas m\u00e1s incre\u00edbles de tu viaje por Italia.\u00a0<\/span><\/p>\n<h3><strong><span style=\"color: #d3af37;\">Catedral de Mil\u00e1n o El Duomo<\/span><\/strong><\/h3>\n<p><span style=\"font-weight: 400;\">Se trata de un monumento de visita obligada en este tour privado. Adem\u00e1s, <\/span><b>tendr\u00e1s entradas exclusivas para visitar las instalaciones de la catedral.\u00a0<\/b><\/p>\n<p><span style=\"font-weight: 400;\">Este es un edificio que impresiona desde su fachada principal hasta cada uno de sus elementos internos.\u00a0<\/span><\/p>\n<p><span style=\"font-weight: 400;\">Su construcci\u00f3n tard\u00f3 casi 500 a\u00f1os en completarse y los detalles que encierra esta edificaci\u00f3n son simplemente maravillosos. Por ejemplo, contiene m\u00e1s de 2.000 estatuas de m\u00e1rmol y unas 52 columnas en total.\u00a0<\/span><\/p>\n<p><span style=\"font-weight: 400;\">Asimismo, es <\/span><b>una de las catedrales m\u00e1s grandes de Europa<\/b><span style=\"font-weight: 400;\"> y la tercera m\u00e1s grande a nivel mundial, en cuyo interior se guarda uno de los clavos con los que crucificaron a Jesucristo.\u00a0<\/span><\/p>\n<h3><strong><span style=\"color: #d3af37;\">Galleria Vittorio Emanuele<\/span><\/strong><\/h3>\n<p><span style=\"font-weight: 400;\">Muy cerca de la Catedral de Mil\u00e1n est\u00e1 ubicada la Galer\u00eda V\u00edctor Manuel II. Este lugar es magn\u00edfico para recorrer sus fachadas y pasillos. Su c\u00fapula de cristal es uno de los detalles m\u00e1s representativos de esta obra arquitect\u00f3nica.\u00a0<\/span><\/p>\n<p><span style=\"font-weight: 400;\">Adem\u00e1s, dentro de este edificio est\u00e1n algunas de las tiendas de los dise\u00f1adores m\u00e1s famosos del mundo, como Prada y Louis Vuitton.<\/span><\/p>\n<p><span style=\"font-weight: 400;\">Aparte de los lugares que te mencionamos, en esta excursi\u00f3n guiada podr\u00e1s descubrir otros puntos de inter\u00e9s, como por ejemplo:\u00a0\u00a0<\/span><\/p>\n<ul>\n<li><b>\u00d3pera de La Scala.<\/b><\/li>\n<li><b>Cordusio y via Dante.<\/b><\/li>\n<li><b>Castillo Sforza.<\/b><\/li>\n<\/ul>\n<p><span style=\"font-weight: 400;\">Lo mejor es que todo el tour ser\u00e1 en compa\u00f1\u00eda del gu\u00eda privado para que no te quede nada sin conocer y explorar.<\/span><\/p>\n<p><span style=\"font-weight: 400;\">En caso de que quieras descubrir otras ciudades importantes de Italia, puedes contratar nuestro <\/span><a href=\"https:\/\/tourtravelandmore.com\/es\/tours\/italia-es\/milan-es\/tour-privado-a-venecia-desde-milan\/\"><b>tour privado a Venecia desde Mil\u00e1n<\/b><\/a><span style=\"font-weight: 400;\"> para que disfrutes de una de las ciudades m\u00e1s tur\u00edsticas y atractivas del mundo.\u00a0<\/span><\/p>\n","protected":false},"excerpt":{"rendered":"<p><span style=\"font-weight: 400;\">Recorre a tu ritmo la maravillosa ciudad de Mil\u00e1n, en un tour privado a pie en el que tendr\u00e1s la oportunidad de visitar la Catedral del Duomo y tambi\u00e9n puedes conocer la \u00d3pera de La Scala, La Piazza del Duomo, entre otros lugares de gran inter\u00e9s hist\u00f3rico. Adem\u00e1s, estar\u00e1s en compa\u00f1\u00eda de un gu\u00eda oficial privado.<\/span><\/p>\n","protected":false},"featured_media":119922,"comment_status":"open","ping_status":"closed","template":"","meta":{"_acf_changed":false},"product_brand":[],"product_cat":[424,425,428],"product_tag":[],"class_list":{"0":"post-110021","1":"product","2":"type-product","3":"status-publish","4":"has-post-thumbnail","6":"product_cat-milan-es","7":"product_cat-milan-actividades-es","8":"product_cat-milan-tours-privados-pie-es","10":"first","11":"instock","12":"shipping-taxable","13":"purchasable","14":"product-type-simple"},"acf":[],"yoast_head":"<!-- This site is optimized with the Yoast SEO Premium plugin v25.3.1 (Yoast SEO v25.3.1) - https:\/\/yoast.com\/wordpress\/plugins\/seo\/ -->\n<title>Tour privado a pie de Mil\u00e1n (3 Horas) con gu\u00eda privado incluido<\/title>\n<meta name=\"description\" content=\"Realiza un recorrido personalizado por los principales monumentos y edificios de la ciudad de Mil\u00e1n en un tour privado a pie de 3 horas, en el cual ir\u00e1s con un gu\u00eda privado y tendr\u00e1s entradas exclusivas a la Catedral del Duomo.\" \/>\n<meta name=\"robots\" content=\"index, follow, max-snippet:-1, max-image-preview:large, max-video-preview:-1\" \/>\n<link rel=\"canonical\" href=\"https:\/\/tourtravelandmore.com\/es\/tours\/italia-es\/milan-es\/tour-privado-a-pie-de-milan-los-sitios-mas-importantes\/\" \/>\n<meta property=\"og:locale\" content=\"es_ES\" \/>\n<meta property=\"og:type\" content=\"article\" \/>\n<meta property=\"og:title\" content=\"Tour Privado a pie de Mil\u00e1n \u201cLos Sitios M\u00e1s Importantes\u201d\" \/>\n<meta property=\"og:description\" content=\"Realiza un recorrido personalizado por los principales monumentos y edificios de la ciudad de Mil\u00e1n en un tour privado a pie de 3 horas, en el cual ir\u00e1s con un gu\u00eda privado y tendr\u00e1s entradas exclusivas a la Catedral del Duomo.\" \/>\n<meta property=\"og:url\" content=\"https:\/\/tourtravelandmore.com\/es\/tours\/italia-es\/milan-es\/tour-privado-a-pie-de-milan-los-sitios-mas-importantes\/\" \/>\n<meta property=\"og:site_name\" content=\"Tour Travel And More\" \/>\n<meta property=\"article:publisher\" content=\"https:\/\/www.facebook.com\/tourtravelandmore\/\" \/>\n<meta property=\"article:modified_time\" content=\"2022-04-01T10:12:25+00:00\" \/>\n<meta property=\"og:image\" content=\"https:\/\/tourtravelandmore.com\/wp-content\/uploads\/2021\/08\/image7.jpg\" \/>\n\t<meta property=\"og:image:width\" content=\"822\" \/>\n\t<meta property=\"og:image:height\" content=\"545\" \/>\n\t<meta property=\"og:image:type\" content=\"image\/jpeg\" \/>\n<meta name=\"twitter:card\" content=\"summary_large_image\" \/>\n<meta name=\"twitter:site\" content=\"@TourTravel_More\" \/>\n<meta name=\"twitter:label1\" content=\"Tiempo de lectura\" \/>\n\t<meta name=\"twitter:data1\" content=\"4 minutos\" \/>\n<script type=\"application\/ld+json\" class=\"yoast-schema-graph\">{\"@context\":\"https:\/\/schema.org\",\"@graph\":[{\"@type\":\"WebPage\",\"@id\":\"https:\/\/tourtravelandmore.com\/es\/tours\/italia-es\/milan-es\/tour-privado-a-pie-de-milan-los-sitios-mas-importantes\/\",\"url\":\"https:\/\/tourtravelandmore.com\/es\/tours\/italia-es\/milan-es\/tour-privado-a-pie-de-milan-los-sitios-mas-importantes\/\",\"name\":\"Tour privado a pie de Mil\u00e1n (3 Horas) con gu\u00eda privado incluido\",\"isPartOf\":{\"@id\":\"https:\/\/tourtravelandmore.com\/es\/#website\"},\"primaryImageOfPage\":{\"@id\":\"https:\/\/tourtravelandmore.com\/es\/tours\/italia-es\/milan-es\/tour-privado-a-pie-de-milan-los-sitios-mas-importantes\/#primaryimage\"},\"image\":{\"@id\":\"https:\/\/tourtravelandmore.com\/es\/tours\/italia-es\/milan-es\/tour-privado-a-pie-de-milan-los-sitios-mas-importantes\/#primaryimage\"},\"thumbnailUrl\":\"https:\/\/tourtravelandmore.com\/wp-content\/uploads\/2021\/08\/image7.jpg\",\"datePublished\":\"2021-08-12T11:23:05+00:00\",\"dateModified\":\"2022-04-01T10:12:25+00:00\",\"description\":\"Realiza un recorrido personalizado por los principales monumentos y edificios de la ciudad de Mil\u00e1n en un tour privado a pie de 3 horas, en el cual ir\u00e1s con un gu\u00eda privado y tendr\u00e1s entradas exclusivas a la Catedral del Duomo.\",\"breadcrumb\":{\"@id\":\"https:\/\/tourtravelandmore.com\/es\/tours\/italia-es\/milan-es\/tour-privado-a-pie-de-milan-los-sitios-mas-importantes\/#breadcrumb\"},\"inLanguage\":\"es\",\"potentialAction\":[{\"@type\":\"ReadAction\",\"target\":[\"https:\/\/tourtravelandmore.com\/es\/tours\/italia-es\/milan-es\/tour-privado-a-pie-de-milan-los-sitios-mas-importantes\/\"]}]},{\"@type\":\"ImageObject\",\"inLanguage\":\"es\",\"@id\":\"https:\/\/tourtravelandmore.com\/es\/tours\/italia-es\/milan-es\/tour-privado-a-pie-de-milan-los-sitios-mas-importantes\/#primaryimage\",\"url\":\"https:\/\/tourtravelandmore.com\/wp-content\/uploads\/2021\/08\/image7.jpg\",\"contentUrl\":\"https:\/\/tourtravelandmore.com\/wp-content\/uploads\/2021\/08\/image7.jpg\",\"width\":822,\"height\":545},{\"@type\":\"BreadcrumbList\",\"@id\":\"https:\/\/tourtravelandmore.com\/es\/tours\/italia-es\/milan-es\/tour-privado-a-pie-de-milan-los-sitios-mas-importantes\/#breadcrumb\",\"itemListElement\":[{\"@type\":\"ListItem\",\"position\":1,\"name\":\"Home\",\"item\":\"https:\/\/tourtravelandmore.com\/es\/\"},{\"@type\":\"ListItem\",\"position\":2,\"name\":\"Tours\",\"item\":\"https:\/\/tourtravelandmore.com\/es\/tours\/\"},{\"@type\":\"ListItem\",\"position\":3,\"name\":\"Tour Privado a pie de Mil\u00e1n \u201cLos Sitios M\u00e1s Importantes\u201d\"}]},{\"@type\":\"WebSite\",\"@id\":\"https:\/\/tourtravelandmore.com\/es\/#website\",\"url\":\"https:\/\/tourtravelandmore.com\/es\/\",\"name\":\"Tour Travel And More\",\"description\":\"Private sightseeing tours and luxury transfers in Spain\",\"publisher\":{\"@id\":\"https:\/\/tourtravelandmore.com\/es\/#organization\"},\"potentialAction\":[{\"@type\":\"SearchAction\",\"target\":{\"@type\":\"EntryPoint\",\"urlTemplate\":\"https:\/\/tourtravelandmore.com\/es\/?s={search_term_string}\"},\"query-input\":{\"@type\":\"PropertyValueSpecification\",\"valueRequired\":true,\"valueName\":\"search_term_string\"}}],\"inLanguage\":\"es\"},{\"@type\":\"Organization\",\"@id\":\"https:\/\/tourtravelandmore.com\/es\/#organization\",\"name\":\"Tour Travel And More\",\"url\":\"https:\/\/tourtravelandmore.com\/es\/\",\"logo\":{\"@type\":\"ImageObject\",\"inLanguage\":\"es\",\"@id\":\"https:\/\/tourtravelandmore.com\/es\/#\/schema\/logo\/image\/\",\"url\":\"https:\/\/tourtravelandmore.com\/wp-content\/uploads\/2022\/12\/cropped-logo-cabecera-new.png\",\"contentUrl\":\"https:\/\/tourtravelandmore.com\/wp-content\/uploads\/2022\/12\/cropped-logo-cabecera-new.png\",\"width\":430,\"height\":61,\"caption\":\"Tour Travel And More\"},\"image\":{\"@id\":\"https:\/\/tourtravelandmore.com\/es\/#\/schema\/logo\/image\/\"},\"sameAs\":[\"https:\/\/www.facebook.com\/tourtravelandmore\/\",\"https:\/\/x.com\/TourTravel_More\"]}]}<\/script>\n<!-- \/ Yoast SEO Premium plugin. -->","yoast_head_json":{"title":"Tour privado a pie de Mil\u00e1n (3 Horas) con gu\u00eda privado incluido","description":"Realiza un recorrido personalizado por los principales monumentos y edificios de la ciudad de Mil\u00e1n en un tour privado a pie de 3 horas, en el cual ir\u00e1s con un gu\u00eda privado y tendr\u00e1s entradas exclusivas a la Catedral del Duomo.","robots":{"index":"index","follow":"follow","max-snippet":"max-snippet:-1","max-image-preview":"max-image-preview:large","max-video-preview":"max-video-preview:-1"},"canonical":"https:\/\/tourtravelandmore.com\/es\/tours\/italia-es\/milan-es\/tour-privado-a-pie-de-milan-los-sitios-mas-importantes\/","og_locale":"es_ES","og_type":"article","og_title":"Tour Privado a pie de Mil\u00e1n \u201cLos Sitios M\u00e1s Importantes\u201d","og_description":"Realiza un recorrido personalizado por los principales monumentos y edificios de la ciudad de Mil\u00e1n en un tour privado a pie de 3 horas, en el cual ir\u00e1s con un gu\u00eda privado y tendr\u00e1s entradas exclusivas a la Catedral del Duomo.","og_url":"https:\/\/tourtravelandmore.com\/es\/tours\/italia-es\/milan-es\/tour-privado-a-pie-de-milan-los-sitios-mas-importantes\/","og_site_name":"Tour Travel And More","article_publisher":"https:\/\/www.facebook.com\/tourtravelandmore\/","article_modified_time":"2022-04-01T10:12:25+00:00","og_image":[{"width":822,"height":545,"url":"https:\/\/tourtravelandmore.com\/wp-content\/uploads\/2021\/08\/image7.jpg","type":"image\/jpeg"}],"twitter_card":"summary_large_image","twitter_site":"@TourTravel_More","twitter_misc":{"Tiempo de lectura":"4 minutos"},"schema":{"@context":"https:\/\/schema.org","@graph":[{"@type":"WebPage","@id":"https:\/\/tourtravelandmore.com\/es\/tours\/italia-es\/milan-es\/tour-privado-a-pie-de-milan-los-sitios-mas-importantes\/","url":"https:\/\/tourtravelandmore.com\/es\/tours\/italia-es\/milan-es\/tour-privado-a-pie-de-milan-los-sitios-mas-importantes\/","name":"Tour privado a pie de Mil\u00e1n (3 Horas) con gu\u00eda privado incluido","isPartOf":{"@id":"https:\/\/tourtravelandmore.com\/es\/#website"},"primaryImageOfPage":{"@id":"https:\/\/tourtravelandmore.com\/es\/tours\/italia-es\/milan-es\/tour-privado-a-pie-de-milan-los-sitios-mas-importantes\/#primaryimage"},"image":{"@id":"https:\/\/tourtravelandmore.com\/es\/tours\/italia-es\/milan-es\/tour-privado-a-pie-de-milan-los-sitios-mas-importantes\/#primaryimage"},"thumbnailUrl":"https:\/\/tourtravelandmore.com\/wp-content\/uploads\/2021\/08\/image7.jpg","datePublished":"2021-08-12T11:23:05+00:00","dateModified":"2022-04-01T10:12:25+00:00","description":"Realiza un recorrido personalizado por los principales monumentos y edificios de la ciudad de Mil\u00e1n en un tour privado a pie de 3 horas, en el cual ir\u00e1s con un gu\u00eda privado y tendr\u00e1s entradas exclusivas a la Catedral del Duomo.","breadcrumb":{"@id":"https:\/\/tourtravelandmore.com\/es\/tours\/italia-es\/milan-es\/tour-privado-a-pie-de-milan-los-sitios-mas-importantes\/#breadcrumb"},"inLanguage":"es","potentialAction":[{"@type":"ReadAction","target":["https:\/\/tourtravelandmore.com\/es\/tours\/italia-es\/milan-es\/tour-privado-a-pie-de-milan-los-sitios-mas-importantes\/"]}]},{"@type":"ImageObject","inLanguage":"es","@id":"https:\/\/tourtravelandmore.com\/es\/tours\/italia-es\/milan-es\/tour-privado-a-pie-de-milan-los-sitios-mas-importantes\/#primaryimage","url":"https:\/\/tourtravelandmore.com\/wp-content\/uploads\/2021\/08\/image7.jpg","contentUrl":"https:\/\/tourtravelandmore.com\/wp-content\/uploads\/2021\/08\/image7.jpg","width":822,"height":545},{"@type":"BreadcrumbList","@id":"https:\/\/tourtravelandmore.com\/es\/tours\/italia-es\/milan-es\/tour-privado-a-pie-de-milan-los-sitios-mas-importantes\/#breadcrumb","itemListElement":[{"@type":"ListItem","position":1,"name":"Home","item":"https:\/\/tourtravelandmore.com\/es\/"},{"@type":"ListItem","position":2,"name":"Tours","item":"https:\/\/tourtravelandmore.com\/es\/tours\/"},{"@type":"ListItem","position":3,"name":"Tour Privado a pie de Mil\u00e1n \u201cLos Sitios M\u00e1s Importantes\u201d"}]},{"@type":"WebSite","@id":"https:\/\/tourtravelandmore.com\/es\/#website","url":"https:\/\/tourtravelandmore.com\/es\/","name":"Tour Travel And More","description":"Private sightseeing tours and luxury transfers in Spain","publisher":{"@id":"https:\/\/tourtravelandmore.com\/es\/#organization"},"potentialAction":[{"@type":"SearchAction","target":{"@type":"EntryPoint","urlTemplate":"https:\/\/tourtravelandmore.com\/es\/?s={search_term_string}"},"query-input":{"@type":"PropertyValueSpecification","valueRequired":true,"valueName":"search_term_string"}}],"inLanguage":"es"},{"@type":"Organization","@id":"https:\/\/tourtravelandmore.com\/es\/#organization","name":"Tour Travel And More","url":"https:\/\/tourtravelandmore.com\/es\/","logo":{"@type":"ImageObject","inLanguage":"es","@id":"https:\/\/tourtravelandmore.com\/es\/#\/schema\/logo\/image\/","url":"https:\/\/tourtravelandmore.com\/wp-content\/uploads\/2022\/12\/cropped-logo-cabecera-new.png","contentUrl":"https:\/\/tourtravelandmore.com\/wp-content\/uploads\/2022\/12\/cropped-logo-cabecera-new.png","width":430,"height":61,"caption":"Tour Travel And More"},"image":{"@id":"https:\/\/tourtravelandmore.com\/es\/#\/schema\/logo\/image\/"},"sameAs":["https:\/\/www.facebook.com\/tourtravelandmore\/","https:\/\/x.com\/TourTravel_More"]}]}},"_links":{"self":[{"href":"https:\/\/tourtravelandmore.com\/es\/wp-json\/wp\/v2\/product\/110021","targetHints":{"allow":["GET"]}}],"collection":[{"href":"https:\/\/tourtravelandmore.com\/es\/wp-json\/wp\/v2\/product"}],"about":[{"href":"https:\/\/tourtravelandmore.com\/es\/wp-json\/wp\/v2\/types\/product"}],"replies":[{"embeddable":true,"href":"https:\/\/tourtravelandmore.com\/es\/wp-json\/wp\/v2\/comments?post=110021"}],"wp:featuredmedia":[{"embeddable":true,"href":"https:\/\/tourtravelandmore.com\/es\/wp-json\/wp\/v2\/media\/119922"}],"wp:attachment":[{"href":"https:\/\/tourtravelandmore.com\/es\/wp-json\/wp\/v2\/media?parent=110021"}],"wp:term":[{"taxonomy":"product_brand","embeddable":true,"href":"https:\/\/tourtravelandmore.com\/es\/wp-json\/wp\/v2\/product_brand?post=110021"},{"taxonomy":"product_cat","embeddable":true,"href":"https:\/\/tourtravelandmore.com\/es\/wp-json\/wp\/v2\/product_cat?post=110021"},{"taxonomy":"product_tag","embeddable":true,"href":"https:\/\/tourtravelandmore.com\/es\/wp-json\/wp\/v2\/product_tag?post=110021"}],"curies":[{"name":"wp","href":"https:\/\/api.w.org\/{rel}","templated":true}]}}