{"id":109687,"date":"2021-08-03T12:45:14","date_gmt":"2021-08-03T10:45:17","guid":{"rendered":"https:\/\/tourtravelandmore.com\/?post_type=product&#038;p=109687"},"modified":"2022-03-11T09:25:20","modified_gmt":"2022-03-11T08:25:20","slug":"tour-privado-a-pie-de-milan-completo","status":"publish","type":"product","link":"https:\/\/tourtravelandmore.com\/es\/tours\/italia-es\/milan-es\/tour-privado-a-pie-de-milan-completo\/","title":{"rendered":"Tour Privado a pie de Mil\u00e1n: Experiencia completa"},"content":{"rendered":"<h2><span style=\"font-weight: 400;\">Descripci\u00f3n del Tour privado a pie de Mil\u00e1n 4 Horas \u201cExperiencia completa\u201d<\/span><\/h2>\n<p><span style=\"font-weight: 400;\">Mil\u00e1n es la capital de Lombard\u00eda, la regi\u00f3n m\u00e1s pr\u00f3spera de Italia. No es de extra\u00f1ar que sea uno de los mayores atractivos tur\u00edsticos del pa\u00eds.<\/span><\/p>\n<p><span style=\"font-weight: 400;\">En este <\/span><b>tour a pie de Mil\u00e1n 4 Horas<\/b><span style=\"font-weight: 400;\"> vivir\u00e1s una experiencia completa en la que vas a conocer cada punto de inter\u00e9s de esta incre\u00edble ciudad.\u00a0<\/span><\/p>\n<p><span style=\"font-weight: 400;\">Iniciaremos en un punto c\u00e9ntrico de Mil\u00e1n o podemos buscarte por tu hotel, siempre que se encuentre en el centro de la ciudad.\u00a0<\/span><\/p>\n<p><span style=\"font-weight: 400;\">Luego, vas a conocer a tu ritmo la Piazza del Duomo, la imponente Catedral de Mil\u00e1n, el Museo Scala, el Castle Sforza, entre otros distintos puntos interesantes de la ciudad.\u00a0<\/span><\/p>\n<p><span style=\"font-weight: 400;\">Este es un recorrido a pie junto a un gu\u00eda privado, quien te dar\u00e1 cada dato hist\u00f3rico y cultural de los distintos edificios y monumentos que visitar\u00e1s.\u00a0<\/span><\/p>\n<p><span style=\"font-weight: 400;\">Al finalizar la excursi\u00f3n te dejaremos en el lugar que nos indiques y que sea m\u00e1s conveniente para ti.\u00a0<\/span><\/p>\n<p><span style=\"font-weight: 400;\">Ser\u00e1 un <\/span><b>tour personalizado<\/b><span style=\"font-weight: 400;\"> para descubrir de una manera exclusiva una de las ciudades industriales y comerciales m\u00e1s importantes de Italia.<\/span><\/p>\n<h2><span style=\"font-weight: 400;\">Puntos de inter\u00e9s del tour privado<\/span><\/h2>\n<p><span style=\"font-weight: 400;\">Mil\u00e1n es conocida en todo el mundo por ser la capital de la moda y por tener una arquitectura impresionante.\u00a0<\/span><\/p>\n<p><span style=\"font-weight: 400;\">En este tour a pie te mostraremos los mejores sitios y las cosas m\u00e1s interesantes para hacer en Mil\u00e1n. Es un <\/span><b>paseo de 4 horas<\/b><span style=\"font-weight: 400;\"> por la segunda \u00e1rea metropolitana m\u00e1s grande de Italia para que descubras los siguientes puntos de inter\u00e9s:\u00a0<\/span><\/p>\n<h3><strong><span style=\"color: #d3af37;\">Duomo di Milano o Catedral de Mil\u00e1n<\/span><\/strong><\/h3>\n<p><span style=\"font-weight: 400;\">Esta espl\u00e9ndida construcci\u00f3n g\u00f3tica es <\/span><b>la tercera catedral m\u00e1s grande del mundo<\/b><span style=\"font-weight: 400;\">, despu\u00e9s de la catedral de San Pedro y la de Sevilla.\u00a0<\/span><\/p>\n<p><span style=\"font-weight: 400;\">Con nuestro tour privado a pie tendr\u00e1s la oportunidad de recorrer sus instalaciones y ver su magn\u00edfica fachada tallada en m\u00e1rmol, la cual est\u00e1 reconocida en todo el mundo por sus impresionantes detalles.\u00a0<\/span><\/p>\n<p><span style=\"font-weight: 400;\">Adem\u00e1s, es una edificaci\u00f3n que cuenta con mucha historia, puesto que en su interior est\u00e1n varias reliquias cristianas, como uno de los clavos con los que crucificaron a Jes\u00fas de Nazaret y los sarc\u00f3fagos de los arzobispos Giovanni y Ottone Visconti.\u00a0<\/span><\/p>\n<h3><strong><span style=\"color: #d3af37;\">Museo de la Scala<\/span><\/strong><\/h3>\n<p><span style=\"font-weight: 400;\">Nuestro tour privado contin\u00faa con un paseo por el Museo de la Scala para que admires su incre\u00edble fachada principal.\u00a0<\/span><\/p>\n<p><span style=\"font-weight: 400;\">Junto al museo se encuentra el\u00a0 teatro donde funciona la reconocida \u00d3pera de Mil\u00e1n, la cual es una de las m\u00e1s prestigiosas de Italia.\u00a0<\/span><\/p>\n<p><span style=\"font-weight: 400;\">Este ha sido el escenario de innumerables conciertos de fama internacional, en donde cantantes como Pavarotti y Mar\u00eda Callas han actuado en su sala.\u00a0<\/span><\/p>\n<p><span style=\"font-weight: 400;\">Dentro del museo tambi\u00e9n est\u00e1 una grandiosa colecci\u00f3n de trajes de \u00f3pera, documentos e instrumentos musicales que tienen un gran valor hist\u00f3rico.\u00a0<\/span><\/p>\n<h3><strong><span style=\"color: #d3af37;\">El Castillo Sforza<\/span><\/strong><\/h3>\n<p><span style=\"font-weight: 400;\">Seguiremos con el recorrido hasta el Castillo de Sforza, otro de los monumentos m\u00e1s emblem\u00e1ticos de Mil\u00e1n.\u00a0<\/span><\/p>\n<p><span style=\"font-weight: 400;\">Esta fortaleza fue construida en el a\u00f1o 1368 por la familia Visconti, pero luego los Sforza ordenaron su reconstrucci\u00f3n. Adem\u00e1s, el castillo ha sufrido varias transformaciones.<\/span><\/p>\n<p><span style=\"font-weight: 400;\">En la actualidad alberga algunos de los museos m\u00e1s emblem\u00e1ticos de Italia, dentro de los que se encuentran: El Museo de Arte Antiguo, el Museo de instrumentos musicales, el Museo de Artes Decorativas, el Museo Egipcio, la Pinacoteca del Castello Sforzesco y el Museo de Muebles Antiguos.\u00a0<\/span><\/p>\n<p><span style=\"font-weight: 400;\">Adem\u00e1s, sus patios y galer\u00edas son, de por s\u00ed, un paisaje digno de admirar.\u00a0<\/span><\/p>\n<h3><strong><span style=\"color: #d3af37;\">Gallery of Vittorio Emanuele II<\/span><\/strong><\/h3>\n<p><span style=\"font-weight: 400;\">En esta galer\u00eda construida en el siglo XIX se encuentran las tiendas m\u00e1s famosas de Mil\u00e1n, como las de Gucci o Prada.\u00a0<\/span><\/p>\n<p><span style=\"font-weight: 400;\">Tambi\u00e9n, el edificio tiene algunos de los restaurantes m\u00e1s antiguos y prestigiosos de la ciudad. Pero su mayor atractivo es la c\u00fapula central que est\u00e1 dise\u00f1ada con distintos mosaicos, los cuales representan a los mapas de los continentes del mundo.\u00a0<\/span><\/p>\n<h3><strong><span style=\"color: #d3af37;\">Parque Sempione<\/span><\/strong><\/h3>\n<p><span style=\"font-weight: 400;\">El Sempione se encuentra justo detr\u00e1s del Castillo Sforza y es el parque p\u00fablico m\u00e1s grande de la ciudad.\u00a0<\/span><\/p>\n<p><span style=\"font-weight: 400;\">Asimismo, este es un sitio en el cual los turistas suelen descansar\u00a0 y aprovechan para tomar algunas fotograf\u00edas de los edificios que est\u00e1n a su alrededor, como el Arco della Pace, la Trienal, entre otros.\u00a0\u00a0<\/span><\/p>\n<p><span style=\"font-weight: 400;\">El tour privado es totalmente personalizado, por lo que tambi\u00e9n tienes la opci\u00f3n de conocer:\u00a0<\/span><\/p>\n<ul>\n<li><b>Iglesia Santa Maria della Grazie<\/b><\/li>\n<li><b>La Pinacoteca de Brera<\/b><\/li>\n<li><b>La Bas\u00edlica de San Ambrosio y mucho m\u00e1s.\u00a0<\/b><\/li>\n<\/ul>\n<p><span style=\"font-weight: 400;\">Al terminar el paseo, nuestro gu\u00eda te puede acompa\u00f1ar hasta un punto c\u00e9ntrico para que sigas con tu recorrido por la espl\u00e9ndida ciudad de Mil\u00e1n.\u00a0<\/span><\/p>\n<p><span style=\"font-weight: 400;\">Si cuentas con un poco m\u00e1s de tiempo en tu visita a Italia, puedes aprovechar nuestro <\/span><b><a href=\"https:\/\/tourtravelandmore.com\/es\/tours\/italia-es\/milan-es\/tour-privado-a-bolonia-desde-milan\/\">tour privado de Mil\u00e1n a Bolonia<\/a> <\/b><span style=\"font-weight: 400;\">para que explores una de las ciudades m\u00e1s hist\u00f3ricas del norte de Italia.<\/span><\/p>\n","protected":false},"excerpt":{"rendered":"<p><span style=\"font-weight: 400;\">Avent\u00farate a conocer la segunda ciudad m\u00e1s grande de Italia en nuestro tour a pie de Mil\u00e1n. En este recorrido personalizado podr\u00e1s explorar la famosa Catedral del Duomo, el Castillo Sforza, el Museo Scala y muchos otros lugares de inter\u00e9s tur\u00edstico. Y todo en compa\u00f1\u00eda de un gu\u00eda privado experto en historia y en la cultura local.\u00a0<\/span><\/p>\n","protected":false},"featured_media":120063,"comment_status":"open","ping_status":"closed","template":"","meta":{"_acf_changed":false},"product_brand":[],"product_cat":[424,425,428],"product_tag":[],"class_list":{"0":"post-109687","1":"product","2":"type-product","3":"status-publish","4":"has-post-thumbnail","6":"product_cat-milan-es","7":"product_cat-milan-actividades-es","8":"product_cat-milan-tours-privados-pie-es","10":"first","11":"instock","12":"shipping-taxable","13":"purchasable","14":"product-type-simple"},"acf":[],"yoast_head":"<!-- This site is optimized with the Yoast SEO Premium plugin v25.3.1 (Yoast SEO v25.3.1) - https:\/\/yoast.com\/wordpress\/plugins\/seo\/ -->\n<title>Tour privado a pie de Mil\u00e1n 4 Horas \u201cExperiencia completa\u201d con gu\u00eda oficial incluido<\/title>\n<meta name=\"description\" content=\"Conoce la ciudad de Mil\u00e1n en un tour privado a pie junto a un gu\u00eda oficial para que descubras todo el encanto de la capital de Lombard\u00eda.\" \/>\n<meta name=\"robots\" content=\"index, follow, max-snippet:-1, max-image-preview:large, max-video-preview:-1\" \/>\n<link rel=\"canonical\" href=\"https:\/\/tourtravelandmore.com\/es\/tours\/italia-es\/milan-es\/tour-privado-a-pie-de-milan-completo\/\" \/>\n<meta property=\"og:locale\" content=\"es_ES\" \/>\n<meta property=\"og:type\" content=\"article\" \/>\n<meta property=\"og:title\" content=\"Tour Privado a pie de Mil\u00e1n: Experiencia completa\" \/>\n<meta property=\"og:description\" content=\"Conoce la ciudad de Mil\u00e1n en un tour privado a pie junto a un gu\u00eda oficial para que descubras todo el encanto de la capital de Lombard\u00eda.\" \/>\n<meta property=\"og:url\" content=\"https:\/\/tourtravelandmore.com\/es\/tours\/italia-es\/milan-es\/tour-privado-a-pie-de-milan-completo\/\" \/>\n<meta property=\"og:site_name\" content=\"Tour Travel And More\" \/>\n<meta property=\"article:publisher\" content=\"https:\/\/www.facebook.com\/tourtravelandmore\/\" \/>\n<meta property=\"article:modified_time\" content=\"2022-03-11T08:25:20+00:00\" \/>\n<meta property=\"og:image\" content=\"https:\/\/tourtravelandmore.com\/wp-content\/uploads\/2021\/08\/image8.jpg\" \/>\n\t<meta property=\"og:image:width\" content=\"789\" \/>\n\t<meta property=\"og:image:height\" content=\"526\" \/>\n\t<meta property=\"og:image:type\" content=\"image\/jpeg\" \/>\n<meta name=\"twitter:card\" content=\"summary_large_image\" \/>\n<meta name=\"twitter:site\" content=\"@TourTravel_More\" \/>\n<meta name=\"twitter:label1\" content=\"Tiempo de lectura\" \/>\n\t<meta name=\"twitter:data1\" content=\"4 minutos\" \/>\n<script type=\"application\/ld+json\" class=\"yoast-schema-graph\">{\"@context\":\"https:\/\/schema.org\",\"@graph\":[{\"@type\":\"WebPage\",\"@id\":\"https:\/\/tourtravelandmore.com\/es\/tours\/italia-es\/milan-es\/tour-privado-a-pie-de-milan-completo\/\",\"url\":\"https:\/\/tourtravelandmore.com\/es\/tours\/italia-es\/milan-es\/tour-privado-a-pie-de-milan-completo\/\",\"name\":\"Tour privado a pie de Mil\u00e1n 4 Horas \u201cExperiencia completa\u201d con gu\u00eda oficial incluido\",\"isPartOf\":{\"@id\":\"https:\/\/tourtravelandmore.com\/es\/#website\"},\"primaryImageOfPage\":{\"@id\":\"https:\/\/tourtravelandmore.com\/es\/tours\/italia-es\/milan-es\/tour-privado-a-pie-de-milan-completo\/#primaryimage\"},\"image\":{\"@id\":\"https:\/\/tourtravelandmore.com\/es\/tours\/italia-es\/milan-es\/tour-privado-a-pie-de-milan-completo\/#primaryimage\"},\"thumbnailUrl\":\"https:\/\/tourtravelandmore.com\/wp-content\/uploads\/2021\/08\/image8.jpg\",\"datePublished\":\"2021-08-03T10:45:17+00:00\",\"dateModified\":\"2022-03-11T08:25:20+00:00\",\"description\":\"Conoce la ciudad de Mil\u00e1n en un tour privado a pie junto a un gu\u00eda oficial para que descubras todo el encanto de la capital de Lombard\u00eda.\",\"breadcrumb\":{\"@id\":\"https:\/\/tourtravelandmore.com\/es\/tours\/italia-es\/milan-es\/tour-privado-a-pie-de-milan-completo\/#breadcrumb\"},\"inLanguage\":\"es\",\"potentialAction\":[{\"@type\":\"ReadAction\",\"target\":[\"https:\/\/tourtravelandmore.com\/es\/tours\/italia-es\/milan-es\/tour-privado-a-pie-de-milan-completo\/\"]}]},{\"@type\":\"ImageObject\",\"inLanguage\":\"es\",\"@id\":\"https:\/\/tourtravelandmore.com\/es\/tours\/italia-es\/milan-es\/tour-privado-a-pie-de-milan-completo\/#primaryimage\",\"url\":\"https:\/\/tourtravelandmore.com\/wp-content\/uploads\/2021\/08\/image8.jpg\",\"contentUrl\":\"https:\/\/tourtravelandmore.com\/wp-content\/uploads\/2021\/08\/image8.jpg\",\"width\":789,\"height\":526},{\"@type\":\"BreadcrumbList\",\"@id\":\"https:\/\/tourtravelandmore.com\/es\/tours\/italia-es\/milan-es\/tour-privado-a-pie-de-milan-completo\/#breadcrumb\",\"itemListElement\":[{\"@type\":\"ListItem\",\"position\":1,\"name\":\"Home\",\"item\":\"https:\/\/tourtravelandmore.com\/es\/\"},{\"@type\":\"ListItem\",\"position\":2,\"name\":\"Tours\",\"item\":\"https:\/\/tourtravelandmore.com\/es\/tours\/\"},{\"@type\":\"ListItem\",\"position\":3,\"name\":\"Tour Privado a pie de Mil\u00e1n: Experiencia completa\"}]},{\"@type\":\"WebSite\",\"@id\":\"https:\/\/tourtravelandmore.com\/es\/#website\",\"url\":\"https:\/\/tourtravelandmore.com\/es\/\",\"name\":\"Tour Travel And More\",\"description\":\"Private sightseeing tours and luxury transfers in Spain\",\"publisher\":{\"@id\":\"https:\/\/tourtravelandmore.com\/es\/#organization\"},\"potentialAction\":[{\"@type\":\"SearchAction\",\"target\":{\"@type\":\"EntryPoint\",\"urlTemplate\":\"https:\/\/tourtravelandmore.com\/es\/?s={search_term_string}\"},\"query-input\":{\"@type\":\"PropertyValueSpecification\",\"valueRequired\":true,\"valueName\":\"search_term_string\"}}],\"inLanguage\":\"es\"},{\"@type\":\"Organization\",\"@id\":\"https:\/\/tourtravelandmore.com\/es\/#organization\",\"name\":\"Tour Travel And More\",\"url\":\"https:\/\/tourtravelandmore.com\/es\/\",\"logo\":{\"@type\":\"ImageObject\",\"inLanguage\":\"es\",\"@id\":\"https:\/\/tourtravelandmore.com\/es\/#\/schema\/logo\/image\/\",\"url\":\"https:\/\/tourtravelandmore.com\/wp-content\/uploads\/2022\/12\/cropped-logo-cabecera-new.png\",\"contentUrl\":\"https:\/\/tourtravelandmore.com\/wp-content\/uploads\/2022\/12\/cropped-logo-cabecera-new.png\",\"width\":430,\"height\":61,\"caption\":\"Tour Travel And More\"},\"image\":{\"@id\":\"https:\/\/tourtravelandmore.com\/es\/#\/schema\/logo\/image\/\"},\"sameAs\":[\"https:\/\/www.facebook.com\/tourtravelandmore\/\",\"https:\/\/x.com\/TourTravel_More\"]}]}<\/script>\n<!-- \/ Yoast SEO Premium plugin. -->","yoast_head_json":{"title":"Tour privado a pie de Mil\u00e1n 4 Horas \u201cExperiencia completa\u201d con gu\u00eda oficial incluido","description":"Conoce la ciudad de Mil\u00e1n en un tour privado a pie junto a un gu\u00eda oficial para que descubras todo el encanto de la capital de Lombard\u00eda.","robots":{"index":"index","follow":"follow","max-snippet":"max-snippet:-1","max-image-preview":"max-image-preview:large","max-video-preview":"max-video-preview:-1"},"canonical":"https:\/\/tourtravelandmore.com\/es\/tours\/italia-es\/milan-es\/tour-privado-a-pie-de-milan-completo\/","og_locale":"es_ES","og_type":"article","og_title":"Tour Privado a pie de Mil\u00e1n: Experiencia completa","og_description":"Conoce la ciudad de Mil\u00e1n en un tour privado a pie junto a un gu\u00eda oficial para que descubras todo el encanto de la capital de Lombard\u00eda.","og_url":"https:\/\/tourtravelandmore.com\/es\/tours\/italia-es\/milan-es\/tour-privado-a-pie-de-milan-completo\/","og_site_name":"Tour Travel And More","article_publisher":"https:\/\/www.facebook.com\/tourtravelandmore\/","article_modified_time":"2022-03-11T08:25:20+00:00","og_image":[{"width":789,"height":526,"url":"https:\/\/tourtravelandmore.com\/wp-content\/uploads\/2021\/08\/image8.jpg","type":"image\/jpeg"}],"twitter_card":"summary_large_image","twitter_site":"@TourTravel_More","twitter_misc":{"Tiempo de lectura":"4 minutos"},"schema":{"@context":"https:\/\/schema.org","@graph":[{"@type":"WebPage","@id":"https:\/\/tourtravelandmore.com\/es\/tours\/italia-es\/milan-es\/tour-privado-a-pie-de-milan-completo\/","url":"https:\/\/tourtravelandmore.com\/es\/tours\/italia-es\/milan-es\/tour-privado-a-pie-de-milan-completo\/","name":"Tour privado a pie de Mil\u00e1n 4 Horas \u201cExperiencia completa\u201d con gu\u00eda oficial incluido","isPartOf":{"@id":"https:\/\/tourtravelandmore.com\/es\/#website"},"primaryImageOfPage":{"@id":"https:\/\/tourtravelandmore.com\/es\/tours\/italia-es\/milan-es\/tour-privado-a-pie-de-milan-completo\/#primaryimage"},"image":{"@id":"https:\/\/tourtravelandmore.com\/es\/tours\/italia-es\/milan-es\/tour-privado-a-pie-de-milan-completo\/#primaryimage"},"thumbnailUrl":"https:\/\/tourtravelandmore.com\/wp-content\/uploads\/2021\/08\/image8.jpg","datePublished":"2021-08-03T10:45:17+00:00","dateModified":"2022-03-11T08:25:20+00:00","description":"Conoce la ciudad de Mil\u00e1n en un tour privado a pie junto a un gu\u00eda oficial para que descubras todo el encanto de la capital de Lombard\u00eda.","breadcrumb":{"@id":"https:\/\/tourtravelandmore.com\/es\/tours\/italia-es\/milan-es\/tour-privado-a-pie-de-milan-completo\/#breadcrumb"},"inLanguage":"es","potentialAction":[{"@type":"ReadAction","target":["https:\/\/tourtravelandmore.com\/es\/tours\/italia-es\/milan-es\/tour-privado-a-pie-de-milan-completo\/"]}]},{"@type":"ImageObject","inLanguage":"es","@id":"https:\/\/tourtravelandmore.com\/es\/tours\/italia-es\/milan-es\/tour-privado-a-pie-de-milan-completo\/#primaryimage","url":"https:\/\/tourtravelandmore.com\/wp-content\/uploads\/2021\/08\/image8.jpg","contentUrl":"https:\/\/tourtravelandmore.com\/wp-content\/uploads\/2021\/08\/image8.jpg","width":789,"height":526},{"@type":"BreadcrumbList","@id":"https:\/\/tourtravelandmore.com\/es\/tours\/italia-es\/milan-es\/tour-privado-a-pie-de-milan-completo\/#breadcrumb","itemListElement":[{"@type":"ListItem","position":1,"name":"Home","item":"https:\/\/tourtravelandmore.com\/es\/"},{"@type":"ListItem","position":2,"name":"Tours","item":"https:\/\/tourtravelandmore.com\/es\/tours\/"},{"@type":"ListItem","position":3,"name":"Tour Privado a pie de Mil\u00e1n: Experiencia completa"}]},{"@type":"WebSite","@id":"https:\/\/tourtravelandmore.com\/es\/#website","url":"https:\/\/tourtravelandmore.com\/es\/","name":"Tour Travel And More","description":"Private sightseeing tours and luxury transfers in Spain","publisher":{"@id":"https:\/\/tourtravelandmore.com\/es\/#organization"},"potentialAction":[{"@type":"SearchAction","target":{"@type":"EntryPoint","urlTemplate":"https:\/\/tourtravelandmore.com\/es\/?s={search_term_string}"},"query-input":{"@type":"PropertyValueSpecification","valueRequired":true,"valueName":"search_term_string"}}],"inLanguage":"es"},{"@type":"Organization","@id":"https:\/\/tourtravelandmore.com\/es\/#organization","name":"Tour Travel And More","url":"https:\/\/tourtravelandmore.com\/es\/","logo":{"@type":"ImageObject","inLanguage":"es","@id":"https:\/\/tourtravelandmore.com\/es\/#\/schema\/logo\/image\/","url":"https:\/\/tourtravelandmore.com\/wp-content\/uploads\/2022\/12\/cropped-logo-cabecera-new.png","contentUrl":"https:\/\/tourtravelandmore.com\/wp-content\/uploads\/2022\/12\/cropped-logo-cabecera-new.png","width":430,"height":61,"caption":"Tour Travel And More"},"image":{"@id":"https:\/\/tourtravelandmore.com\/es\/#\/schema\/logo\/image\/"},"sameAs":["https:\/\/www.facebook.com\/tourtravelandmore\/","https:\/\/x.com\/TourTravel_More"]}]}},"_links":{"self":[{"href":"https:\/\/tourtravelandmore.com\/es\/wp-json\/wp\/v2\/product\/109687","targetHints":{"allow":["GET"]}}],"collection":[{"href":"https:\/\/tourtravelandmore.com\/es\/wp-json\/wp\/v2\/product"}],"about":[{"href":"https:\/\/tourtravelandmore.com\/es\/wp-json\/wp\/v2\/types\/product"}],"replies":[{"embeddable":true,"href":"https:\/\/tourtravelandmore.com\/es\/wp-json\/wp\/v2\/comments?post=109687"}],"wp:featuredmedia":[{"embeddable":true,"href":"https:\/\/tourtravelandmore.com\/es\/wp-json\/wp\/v2\/media\/120063"}],"wp:attachment":[{"href":"https:\/\/tourtravelandmore.com\/es\/wp-json\/wp\/v2\/media?parent=109687"}],"wp:term":[{"taxonomy":"product_brand","embeddable":true,"href":"https:\/\/tourtravelandmore.com\/es\/wp-json\/wp\/v2\/product_brand?post=109687"},{"taxonomy":"product_cat","embeddable":true,"href":"https:\/\/tourtravelandmore.com\/es\/wp-json\/wp\/v2\/product_cat?post=109687"},{"taxonomy":"product_tag","embeddable":true,"href":"https:\/\/tourtravelandmore.com\/es\/wp-json\/wp\/v2\/product_tag?post=109687"}],"curies":[{"name":"wp","href":"https:\/\/api.w.org\/{rel}","templated":true}]}}