{"id":10930,"date":"2017-02-14T17:26:44","date_gmt":"2017-02-15T12:14:21","guid":{"rendered":"http:\/\/tourtravelandmore.com\/es\/?post_type=product&#038;p=10930"},"modified":"2023-11-24T15:05:44","modified_gmt":"2023-11-24T14:05:44","slug":"tour-privado-pie-por-florencia","status":"publish","type":"product","link":"https:\/\/tourtravelandmore.com\/es\/tours\/italia-es\/florencia-es\/tour-privado-pie-por-florencia\/","title":{"rendered":"Tour Privado a pie por Florencia"},"content":{"rendered":"<h2><b>Descripci\u00f3n del Tour Privado a pie por Florencia<\/b><\/h2>\n<p><span style=\"font-weight: 400;\">Aproveche la oportunidad de conocer Florencia con este Tour Privado a pie por Florencia con su gu\u00eda oficial.\u00a0<\/span><span style=\"font-weight: 400;\">Florencia es la capital de la regi\u00f3n de Toscana, y ha sido el punto principal para cada nueva etapa del arte en Italia. El arte y la creatividad est\u00e1n presentes en cada calle y esquina, as\u00ed como en la gran cantidad de iglesias, museos y monumentos. Caminar\u00e1s junto a un gu\u00eda privado oficial, que te iluminar\u00e1 con los secretos y la historia de esta incre\u00edble ciudad.<\/span><\/p>\n<p><span style=\"font-weight: 400;\">Al ser un recorrido a pie, recomendamos comenzar el recorrido en un punto de encuentro c\u00e9ntrico en Florencia. Ah\u00ed es donde su gu\u00eda oficial se reunir\u00e1 con usted para comenzar el recorrido a la hora seleccionada por usted.<\/span><\/p>\n<p><span style=\"font-weight: 400;\">La duraci\u00f3n exacta del recorrido es completamente flexible. A continuaci\u00f3n se muestra nuestro recorrido privado por la ciudad de Florencia durante 3 horas, pero podemos organizar la duraci\u00f3n del recorrido exactamente como lo desee.<\/span><\/p>\n<p><span style=\"font-weight: 400;\">El recorrido est\u00e1 dirigido por un gu\u00eda experimentado, informado y con licencia que le mostrar\u00e1 todas las gemas ocultas y los parajes menos conocidos que la mayor\u00eda de los turistas nunca llegan a ver. Podr\u00e1 detenerse en cualquier punto para tomar fotograf\u00edas o tomar un refrigerio mientras explora a su propio ritmo.<\/span><\/p>\n<p><span style=\"font-weight: 400;\">\u00a0Si es un gran admirador del arte, por favor, eche un vistazo a nuestro <\/span><a href=\"https:\/\/tourtravelandmore.com\/es\/tours\/italia-es\/florencia-es\/tour-privado-2-horas-en-florencia-galleria-accademia-con-guia-oficial\/\"><span style=\"font-weight: 400;\">tour privado a pie de 2 horas por la Galer\u00eda Academia.<\/span><\/a><span style=\"font-weight: 400;\"> (Entradas incluidas en el precio).<\/span><\/p>\n<h2><b>Puntos de inter\u00e9s en el Tour Privado a pie por Florencia<\/b><\/h2>\n<p><span style=\"font-weight: 400;\">Su tour privado a pie por Florencia comenzar\u00e1 en su hotel ubicado en el centro o punto c\u00e9ntrico de la ciudad. Admirar\u00e1s los monumentos y lugares m\u00e1s emblem\u00e1ticos de Florencia con tu gu\u00eda tur\u00edstico oficial.<\/span><\/p>\n<p>Le gustar\u00eda conocer m\u00e1s sobre los puntos de inter\u00e9s que visitara en esta experiencia privada? Le explicamos por qu\u00e9 son sitios \u00fanicos y llenos de historia:<\/p>\n<p><span style=\"font-weight: 400;\">El Duomo de Florencia es famoso porque es una catedral de una belleza impresionante que tiene la fachada de m\u00e1rmol m\u00e1s hermosa del mundo. El dise\u00f1o de esta catedral se inspir\u00f3 en el del Pante\u00f3n de Roma y alberga muchas obras importantes de artistas como Miguel \u00c1ngel y Giotto.<\/span><\/p>\n<p><span style=\"font-weight: 400;\">La Catedral de Santa Maria del Fiore es uno de los edificios m\u00e1s famosos de Italia y un s\u00edmbolo de Florencia. Tambi\u00e9n es la iglesia m\u00e1s grande del mundo y uno de los ejemplos m\u00e1s significativos de la arquitectura g\u00f3tica.<\/span><\/p>\n<p><span style=\"font-weight: 400;\">Fue construida a lo largo de dos siglos, a partir de 1296. La catedral se conoci\u00f3 primero como &#8220;Santa Maria della Spina&#8221; porque ten\u00eda una aguja en la parte superior que parec\u00eda una espina o espina. Esta torre finalmente se derrib\u00f3 porque se consider\u00f3 insegura, pero no antes de que sirviera como punto de referencia para los barcos que llegaban al puerto cercano de Pisa.<\/span><\/p>\n<p><span style=\"font-weight: 400;\">La catedral se hizo conocida como &#8220;Santa Maria del Fiore&#8221; cuando finalmente recibi\u00f3 su nombre oficial en 1367.<\/span><\/p>\n<p><span style=\"font-weight: 400;\">La Plaza de la Rep\u00fablica, tambi\u00e9n conocida como Piazza della Repubblica. Es un hito importante y un popular destino tur\u00edstico para personas de todo el mundo. La plaza ha sido testigo de algunos de los eventos m\u00e1s relevantes de la historia florentina, como la procesi\u00f3n de la Peste Negra en 1348, y ha sido escenario de numerosas ceremonias religiosas. La Piazza della Repubblica fue construida por Michelozzo para dar vida a un Foro Romano que exist\u00eda desde la Antig\u00fceda y est\u00e1 bordeada a ambos lados por seis columnas monumentales de los antiguos templos romanos.<\/span><\/p>\n<p><span style=\"font-weight: 400;\">La Plaza de la Signoria es la segunda plaza m\u00e1s grande de Florencia y tambi\u00e9n se la conoce como Piazza della Signoria. La plaza lleva el nombre del Palazzo della Signoria, que se encuentra en el lado este de la plaza.<\/span><\/p>\n<p><span style=\"font-weight: 400;\">El Palazzo alberga muchos museos, galer\u00edas y otras instituciones culturales. Es uno de los edificios m\u00e1s importantes de Florencia porque alberg\u00f3 al gobierno de Florencia durante mucho tiempo.<\/span><\/p>\n<p><span style=\"font-weight: 400;\">El Palazzo Vecchio es un palacio en Florencia, Italia. Originalmente, se llamaba Palazzo della Signoria y actualmente es el ayuntamiento de Florencia.<\/span><\/p>\n<p><span style=\"font-weight: 400;\">Fue construido por Arnolfo di Cambio en 1298. El edificio ha sido modificado muchas veces desde entonces, pero a\u00fan conserva su estilo original. Se ha utilizado como sede principal de la Rep\u00fablica Florentina y, m\u00e1s tarde, del Gran Ducado de Toscana.<\/span><\/p>\n<p><span style=\"font-weight: 400;\">El Ponte Vecchio es uno de los puentes m\u00e1s famosos del mundo. Fue construido en 1335, pero ha sido destruido y reconstruido muchas veces. El puente actual est\u00e1 formado por tres filas de tiendas que venden joyas, arte y souvenirs. . Tambi\u00e9n tiene un papel muy conocido y relevante en <\/span><b>la leyenda de Romeo y Julieta.<\/b><span style=\"font-weight: 400;\"> Las atracciones cercanas incluyen la Galer\u00eda de la Academia y la Galer\u00eda de los Uffizi.\u00a0<\/span><\/p>\n<p><span style=\"font-weight: 400;\">Como puede ver, este tour privado a pie incluye la visita a<\/span><b> lugares ic\u00f3nicos de la historia italiana y desarrollo art\u00edstico europeo<\/b><span style=\"font-weight: 400;\">, no se puede perder est\u00e1 inimaginable experiencia.<\/span><\/p>\n<p><span style=\"font-weight: 400;\">Por otra parte, si quiere descubrir m\u00e1s de Florencia y toda la historia que le abraza, le recomendamos visitar nuestros <\/span><a href=\"https:\/\/tourtravelandmore.com\/es\/ciudad\/italia-es\/florencia-es\/\"><span style=\"font-weight: 400;\">tours privados de este hermoso destino.<\/span><\/a><\/p>\n","protected":false},"excerpt":{"rendered":"<p><span style=\"font-weight: 400;\">Este tour privado a pie por Florencia es la forma perfecta de explorar la ciudad a su manera. Podr\u00e1 ver todos los principales lugares de inter\u00e9s y atracciones de Florencia, y no tendr\u00e1 que preocuparse por esperar en filas o multitudes.<\/span><\/p>\n","protected":false},"featured_media":81512,"comment_status":"open","ping_status":"closed","template":"","meta":{"_acf_changed":false},"product_brand":[],"product_cat":[412,413,416],"product_tag":[],"class_list":{"0":"post-10930","1":"product","2":"type-product","3":"status-publish","4":"has-post-thumbnail","6":"product_cat-florencia-es","7":"product_cat-florencia-actividades-es","8":"product_cat-florencia-tours-privados-pie-es","10":"first","11":"instock","12":"shipping-taxable","13":"purchasable","14":"product-type-simple"},"acf":[],"yoast_head":"<!-- This site is optimized with the Yoast SEO Premium plugin v25.3.1 (Yoast SEO v25.3.1) - https:\/\/yoast.com\/wordpress\/plugins\/seo\/ -->\n<title>\u27a1\ufe0f Tour Privado a pie por Florencia | Tour Travel &amp; More<\/title>\n<meta name=\"description\" content=\"Reserve ya este tour privado a pie por Florencia, no deje escapar esta oportunidad, ser\u00e1 una experiencia privada y lujosa que jam\u00e1s olvidara! \u2705\" \/>\n<meta name=\"robots\" content=\"index, follow, max-snippet:-1, max-image-preview:large, max-video-preview:-1\" \/>\n<link rel=\"canonical\" href=\"https:\/\/tourtravelandmore.com\/es\/tours\/italia-es\/florencia-es\/tour-privado-pie-por-florencia\/\" \/>\n<meta property=\"og:locale\" content=\"es_ES\" \/>\n<meta property=\"og:type\" content=\"article\" \/>\n<meta property=\"og:title\" content=\"Tour Privado a pie por Florencia\" \/>\n<meta property=\"og:description\" content=\"Reserve ya este tour privado a pie por Florencia, no deje escapar esta oportunidad, ser\u00e1 una experiencia privada y lujosa que jam\u00e1s olvidara! \u2705\" \/>\n<meta property=\"og:url\" content=\"https:\/\/tourtravelandmore.com\/es\/tours\/italia-es\/florencia-es\/tour-privado-pie-por-florencia\/\" \/>\n<meta property=\"og:site_name\" content=\"Tour Travel And More\" \/>\n<meta property=\"article:publisher\" content=\"https:\/\/www.facebook.com\/tourtravelandmore\/\" \/>\n<meta property=\"article:modified_time\" content=\"2023-11-24T14:05:44+00:00\" \/>\n<meta property=\"og:image\" content=\"https:\/\/tourtravelandmore.com\/wp-content\/uploads\/2017\/02\/florence-1.1.jpg\" \/>\n\t<meta property=\"og:image:width\" content=\"960\" \/>\n\t<meta property=\"og:image:height\" content=\"638\" \/>\n\t<meta property=\"og:image:type\" content=\"image\/jpeg\" \/>\n<meta name=\"twitter:card\" content=\"summary_large_image\" \/>\n<meta name=\"twitter:site\" content=\"@TourTravel_More\" \/>\n<meta name=\"twitter:label1\" content=\"Tiempo de lectura\" \/>\n\t<meta name=\"twitter:data1\" content=\"4 minutos\" \/>\n<script type=\"application\/ld+json\" class=\"yoast-schema-graph\">{\"@context\":\"https:\/\/schema.org\",\"@graph\":[{\"@type\":\"WebPage\",\"@id\":\"https:\/\/tourtravelandmore.com\/es\/tours\/italia-es\/florencia-es\/tour-privado-pie-por-florencia\/\",\"url\":\"https:\/\/tourtravelandmore.com\/es\/tours\/italia-es\/florencia-es\/tour-privado-pie-por-florencia\/\",\"name\":\"\u27a1\ufe0f Tour Privado a pie por Florencia | Tour Travel & More\",\"isPartOf\":{\"@id\":\"https:\/\/tourtravelandmore.com\/es\/#website\"},\"primaryImageOfPage\":{\"@id\":\"https:\/\/tourtravelandmore.com\/es\/tours\/italia-es\/florencia-es\/tour-privado-pie-por-florencia\/#primaryimage\"},\"image\":{\"@id\":\"https:\/\/tourtravelandmore.com\/es\/tours\/italia-es\/florencia-es\/tour-privado-pie-por-florencia\/#primaryimage\"},\"thumbnailUrl\":\"https:\/\/tourtravelandmore.com\/wp-content\/uploads\/2017\/02\/florence-1.1.jpg\",\"datePublished\":\"2017-02-15T12:14:21+00:00\",\"dateModified\":\"2023-11-24T14:05:44+00:00\",\"description\":\"Reserve ya este tour privado a pie por Florencia, no deje escapar esta oportunidad, ser\u00e1 una experiencia privada y lujosa que jam\u00e1s olvidara! \u2705\",\"breadcrumb\":{\"@id\":\"https:\/\/tourtravelandmore.com\/es\/tours\/italia-es\/florencia-es\/tour-privado-pie-por-florencia\/#breadcrumb\"},\"inLanguage\":\"es\",\"potentialAction\":[{\"@type\":\"ReadAction\",\"target\":[\"https:\/\/tourtravelandmore.com\/es\/tours\/italia-es\/florencia-es\/tour-privado-pie-por-florencia\/\"]}]},{\"@type\":\"ImageObject\",\"inLanguage\":\"es\",\"@id\":\"https:\/\/tourtravelandmore.com\/es\/tours\/italia-es\/florencia-es\/tour-privado-pie-por-florencia\/#primaryimage\",\"url\":\"https:\/\/tourtravelandmore.com\/wp-content\/uploads\/2017\/02\/florence-1.1.jpg\",\"contentUrl\":\"https:\/\/tourtravelandmore.com\/wp-content\/uploads\/2017\/02\/florence-1.1.jpg\",\"width\":960,\"height\":638},{\"@type\":\"BreadcrumbList\",\"@id\":\"https:\/\/tourtravelandmore.com\/es\/tours\/italia-es\/florencia-es\/tour-privado-pie-por-florencia\/#breadcrumb\",\"itemListElement\":[{\"@type\":\"ListItem\",\"position\":1,\"name\":\"Home\",\"item\":\"https:\/\/tourtravelandmore.com\/es\/\"},{\"@type\":\"ListItem\",\"position\":2,\"name\":\"Tours\",\"item\":\"https:\/\/tourtravelandmore.com\/es\/tours\/\"},{\"@type\":\"ListItem\",\"position\":3,\"name\":\"Tour Privado a pie por Florencia\"}]},{\"@type\":\"WebSite\",\"@id\":\"https:\/\/tourtravelandmore.com\/es\/#website\",\"url\":\"https:\/\/tourtravelandmore.com\/es\/\",\"name\":\"Tour Travel And More\",\"description\":\"Private sightseeing tours and luxury transfers in Spain\",\"publisher\":{\"@id\":\"https:\/\/tourtravelandmore.com\/es\/#organization\"},\"potentialAction\":[{\"@type\":\"SearchAction\",\"target\":{\"@type\":\"EntryPoint\",\"urlTemplate\":\"https:\/\/tourtravelandmore.com\/es\/?s={search_term_string}\"},\"query-input\":{\"@type\":\"PropertyValueSpecification\",\"valueRequired\":true,\"valueName\":\"search_term_string\"}}],\"inLanguage\":\"es\"},{\"@type\":\"Organization\",\"@id\":\"https:\/\/tourtravelandmore.com\/es\/#organization\",\"name\":\"Tour Travel And More\",\"url\":\"https:\/\/tourtravelandmore.com\/es\/\",\"logo\":{\"@type\":\"ImageObject\",\"inLanguage\":\"es\",\"@id\":\"https:\/\/tourtravelandmore.com\/es\/#\/schema\/logo\/image\/\",\"url\":\"https:\/\/tourtravelandmore.com\/wp-content\/uploads\/2022\/12\/cropped-logo-cabecera-new.png\",\"contentUrl\":\"https:\/\/tourtravelandmore.com\/wp-content\/uploads\/2022\/12\/cropped-logo-cabecera-new.png\",\"width\":430,\"height\":61,\"caption\":\"Tour Travel And More\"},\"image\":{\"@id\":\"https:\/\/tourtravelandmore.com\/es\/#\/schema\/logo\/image\/\"},\"sameAs\":[\"https:\/\/www.facebook.com\/tourtravelandmore\/\",\"https:\/\/x.com\/TourTravel_More\"]}]}<\/script>\n<!-- \/ Yoast SEO Premium plugin. -->","yoast_head_json":{"title":"\u27a1\ufe0f Tour Privado a pie por Florencia | Tour Travel & More","description":"Reserve ya este tour privado a pie por Florencia, no deje escapar esta oportunidad, ser\u00e1 una experiencia privada y lujosa que jam\u00e1s olvidara! \u2705","robots":{"index":"index","follow":"follow","max-snippet":"max-snippet:-1","max-image-preview":"max-image-preview:large","max-video-preview":"max-video-preview:-1"},"canonical":"https:\/\/tourtravelandmore.com\/es\/tours\/italia-es\/florencia-es\/tour-privado-pie-por-florencia\/","og_locale":"es_ES","og_type":"article","og_title":"Tour Privado a pie por Florencia","og_description":"Reserve ya este tour privado a pie por Florencia, no deje escapar esta oportunidad, ser\u00e1 una experiencia privada y lujosa que jam\u00e1s olvidara! \u2705","og_url":"https:\/\/tourtravelandmore.com\/es\/tours\/italia-es\/florencia-es\/tour-privado-pie-por-florencia\/","og_site_name":"Tour Travel And More","article_publisher":"https:\/\/www.facebook.com\/tourtravelandmore\/","article_modified_time":"2023-11-24T14:05:44+00:00","og_image":[{"width":960,"height":638,"url":"https:\/\/tourtravelandmore.com\/wp-content\/uploads\/2017\/02\/florence-1.1.jpg","type":"image\/jpeg"}],"twitter_card":"summary_large_image","twitter_site":"@TourTravel_More","twitter_misc":{"Tiempo de lectura":"4 minutos"},"schema":{"@context":"https:\/\/schema.org","@graph":[{"@type":"WebPage","@id":"https:\/\/tourtravelandmore.com\/es\/tours\/italia-es\/florencia-es\/tour-privado-pie-por-florencia\/","url":"https:\/\/tourtravelandmore.com\/es\/tours\/italia-es\/florencia-es\/tour-privado-pie-por-florencia\/","name":"\u27a1\ufe0f Tour Privado a pie por Florencia | Tour Travel & More","isPartOf":{"@id":"https:\/\/tourtravelandmore.com\/es\/#website"},"primaryImageOfPage":{"@id":"https:\/\/tourtravelandmore.com\/es\/tours\/italia-es\/florencia-es\/tour-privado-pie-por-florencia\/#primaryimage"},"image":{"@id":"https:\/\/tourtravelandmore.com\/es\/tours\/italia-es\/florencia-es\/tour-privado-pie-por-florencia\/#primaryimage"},"thumbnailUrl":"https:\/\/tourtravelandmore.com\/wp-content\/uploads\/2017\/02\/florence-1.1.jpg","datePublished":"2017-02-15T12:14:21+00:00","dateModified":"2023-11-24T14:05:44+00:00","description":"Reserve ya este tour privado a pie por Florencia, no deje escapar esta oportunidad, ser\u00e1 una experiencia privada y lujosa que jam\u00e1s olvidara! \u2705","breadcrumb":{"@id":"https:\/\/tourtravelandmore.com\/es\/tours\/italia-es\/florencia-es\/tour-privado-pie-por-florencia\/#breadcrumb"},"inLanguage":"es","potentialAction":[{"@type":"ReadAction","target":["https:\/\/tourtravelandmore.com\/es\/tours\/italia-es\/florencia-es\/tour-privado-pie-por-florencia\/"]}]},{"@type":"ImageObject","inLanguage":"es","@id":"https:\/\/tourtravelandmore.com\/es\/tours\/italia-es\/florencia-es\/tour-privado-pie-por-florencia\/#primaryimage","url":"https:\/\/tourtravelandmore.com\/wp-content\/uploads\/2017\/02\/florence-1.1.jpg","contentUrl":"https:\/\/tourtravelandmore.com\/wp-content\/uploads\/2017\/02\/florence-1.1.jpg","width":960,"height":638},{"@type":"BreadcrumbList","@id":"https:\/\/tourtravelandmore.com\/es\/tours\/italia-es\/florencia-es\/tour-privado-pie-por-florencia\/#breadcrumb","itemListElement":[{"@type":"ListItem","position":1,"name":"Home","item":"https:\/\/tourtravelandmore.com\/es\/"},{"@type":"ListItem","position":2,"name":"Tours","item":"https:\/\/tourtravelandmore.com\/es\/tours\/"},{"@type":"ListItem","position":3,"name":"Tour Privado a pie por Florencia"}]},{"@type":"WebSite","@id":"https:\/\/tourtravelandmore.com\/es\/#website","url":"https:\/\/tourtravelandmore.com\/es\/","name":"Tour Travel And More","description":"Private sightseeing tours and luxury transfers in Spain","publisher":{"@id":"https:\/\/tourtravelandmore.com\/es\/#organization"},"potentialAction":[{"@type":"SearchAction","target":{"@type":"EntryPoint","urlTemplate":"https:\/\/tourtravelandmore.com\/es\/?s={search_term_string}"},"query-input":{"@type":"PropertyValueSpecification","valueRequired":true,"valueName":"search_term_string"}}],"inLanguage":"es"},{"@type":"Organization","@id":"https:\/\/tourtravelandmore.com\/es\/#organization","name":"Tour Travel And More","url":"https:\/\/tourtravelandmore.com\/es\/","logo":{"@type":"ImageObject","inLanguage":"es","@id":"https:\/\/tourtravelandmore.com\/es\/#\/schema\/logo\/image\/","url":"https:\/\/tourtravelandmore.com\/wp-content\/uploads\/2022\/12\/cropped-logo-cabecera-new.png","contentUrl":"https:\/\/tourtravelandmore.com\/wp-content\/uploads\/2022\/12\/cropped-logo-cabecera-new.png","width":430,"height":61,"caption":"Tour Travel And More"},"image":{"@id":"https:\/\/tourtravelandmore.com\/es\/#\/schema\/logo\/image\/"},"sameAs":["https:\/\/www.facebook.com\/tourtravelandmore\/","https:\/\/x.com\/TourTravel_More"]}]}},"_links":{"self":[{"href":"https:\/\/tourtravelandmore.com\/es\/wp-json\/wp\/v2\/product\/10930","targetHints":{"allow":["GET"]}}],"collection":[{"href":"https:\/\/tourtravelandmore.com\/es\/wp-json\/wp\/v2\/product"}],"about":[{"href":"https:\/\/tourtravelandmore.com\/es\/wp-json\/wp\/v2\/types\/product"}],"replies":[{"embeddable":true,"href":"https:\/\/tourtravelandmore.com\/es\/wp-json\/wp\/v2\/comments?post=10930"}],"wp:featuredmedia":[{"embeddable":true,"href":"https:\/\/tourtravelandmore.com\/es\/wp-json\/wp\/v2\/media\/81512"}],"wp:attachment":[{"href":"https:\/\/tourtravelandmore.com\/es\/wp-json\/wp\/v2\/media?parent=10930"}],"wp:term":[{"taxonomy":"product_brand","embeddable":true,"href":"https:\/\/tourtravelandmore.com\/es\/wp-json\/wp\/v2\/product_brand?post=10930"},{"taxonomy":"product_cat","embeddable":true,"href":"https:\/\/tourtravelandmore.com\/es\/wp-json\/wp\/v2\/product_cat?post=10930"},{"taxonomy":"product_tag","embeddable":true,"href":"https:\/\/tourtravelandmore.com\/es\/wp-json\/wp\/v2\/product_tag?post=10930"}],"curies":[{"name":"wp","href":"https:\/\/api.w.org\/{rel}","templated":true}]}}